{"id":59633,"date":"2025-11-25T13:46:34","date_gmt":"2025-11-25T13:46:34","guid":{"rendered":"https:\/\/ljcreate.com\/?post_type=product&#038;p=59633"},"modified":"2025-11-25T13:51:36","modified_gmt":"2025-11-25T13:51:36","slug":"panel-de-capacitacion-sobre-estaciones-de-carga-para-vehiculos-pesados-proximamente","status":"publish","type":"product","link":"https:\/\/ljcreate.com\/es\/automotive-technology-es\/panel-de-capacitacion-sobre-estaciones-de-carga-para-vehiculos-pesados-proximamente\/","title":{"rendered":"Panel de capacitaci\u00f3n sobre estaciones de carga para veh\u00edculos pesados &#8211; \u00a1pr\u00f3ximamente!"},"content":{"rendered":"<h4 id=\"tw-target-text\" class=\"tw-data-text tw-text-large tw-ta\" dir=\"ltr\" tabindex=\"-1\" role=\"text\" data-placeholder=\"Translation\" data-ved=\"2ahUKEwjKpuiqs42RAxVXXEEAHWpNNs4Q3ewLegQIDBAV\" aria-label=\"Translated text: \u00a1PR\u00d3XIMAMENTE! El Entrenador de Panel para Estaciones de Carga de Veh\u00edculos Pesados \u200b\u200b(746-01) brindar\u00e1 a estudiantes e instructores la oportunidad de demostrar, investigar y detectar fallas en los circuitos y el funcionamiento de los sistemas de carga de autobuses y camiones. El entrenador opera con voltajes escalados que son completamente seguros para los usuarios y utiliza plazos de carga de bater\u00edas convenientemente escalados. Tambi\u00e9n incorpora una serie de fallas conmutables para ejercicios de diagn\u00f3stico de fallas. \u00bfEncontr\u00f3 lo que buscaba? Consulte nuestra gama completa de recursos de capacitaci\u00f3n automotriz.\"><span class=\"Y2IQFc\" lang=\"es\">\u00a1PR\u00d3XIMAMENTE!<\/span><\/h4>\n<p id=\"tw-target-text\" class=\"tw-data-text tw-text-large tw-ta\" dir=\"ltr\" tabindex=\"-1\" role=\"text\" data-placeholder=\"Translation\" data-ved=\"2ahUKEwjKpuiqs42RAxVXXEEAHWpNNs4Q3ewLegQIDBAV\" aria-label=\"Translated text: \u00a1PR\u00d3XIMAMENTE! El Entrenador de Panel para Estaciones de Carga de Veh\u00edculos Pesados \u200b\u200b(746-01) brindar\u00e1 a estudiantes e instructores la oportunidad de demostrar, investigar y detectar fallas en los circuitos y el funcionamiento de los sistemas de carga de autobuses y camiones. El entrenador opera con voltajes escalados que son completamente seguros para los usuarios y utiliza plazos de carga de bater\u00edas convenientemente escalados. Tambi\u00e9n incorpora una serie de fallas conmutables para ejercicios de diagn\u00f3stico de fallas. \u00bfEncontr\u00f3 lo que buscaba? Consulte nuestra gama completa de recursos de capacitaci\u00f3n automotriz.\"><span class=\"Y2IQFc\" lang=\"es\">El Entrenador de Panel para Estaciones de Carga de Veh\u00edculos Pesados \u200b\u200b(746-01) brindar\u00e1 a estudiantes e instructores la oportunidad de <strong>demostrar, investigar y detectar<\/strong> fallas en los circuitos y el funcionamiento de los sistemas de carga de autobuses y camiones.<\/span><\/p>\n<p id=\"tw-target-text\" class=\"tw-data-text tw-text-large tw-ta\" dir=\"ltr\" tabindex=\"-1\" role=\"text\" data-placeholder=\"Translation\" data-ved=\"2ahUKEwjKpuiqs42RAxVXXEEAHWpNNs4Q3ewLegQIDBAV\" aria-label=\"Translated text: \u00a1PR\u00d3XIMAMENTE! El Entrenador de Panel para Estaciones de Carga de Veh\u00edculos Pesados \u200b\u200b(746-01) brindar\u00e1 a estudiantes e instructores la oportunidad de demostrar, investigar y detectar fallas en los circuitos y el funcionamiento de los sistemas de carga de autobuses y camiones. El entrenador opera con voltajes escalados que son completamente seguros para los usuarios y utiliza plazos de carga de bater\u00edas convenientemente escalados. Tambi\u00e9n incorpora una serie de fallas conmutables para ejercicios de diagn\u00f3stico de fallas. \u00bfEncontr\u00f3 lo que buscaba? Consulte nuestra gama completa de recursos de capacitaci\u00f3n automotriz.\"><span class=\"Y2IQFc\" lang=\"es\">El entrenador opera con <strong>voltajes escalados que son completamente seguros<\/strong> para los usuarios y utiliza plazos de carga de bater\u00edas convenientemente escalados. Tambi\u00e9n incorpora una serie de fallas conmutables para ejercicios de diagn\u00f3stico de fallas.<\/span><\/p>\n<hr \/>\n<p id=\"tw-target-text\" class=\"tw-data-text tw-text-large tw-ta\" dir=\"ltr\" tabindex=\"-1\" role=\"text\" data-placeholder=\"Translation\" data-ved=\"2ahUKEwjKpuiqs42RAxVXXEEAHWpNNs4Q3ewLegQIDBAV\" aria-label=\"Translated text: \u00a1PR\u00d3XIMAMENTE! El Entrenador de Panel para Estaciones de Carga de Veh\u00edculos Pesados \u200b\u200b(746-01) brindar\u00e1 a estudiantes e instructores la oportunidad de demostrar, investigar y detectar fallas en los circuitos y el funcionamiento de los sistemas de carga de autobuses y camiones. El entrenador opera con voltajes escalados que son completamente seguros para los usuarios y utiliza plazos de carga de bater\u00edas convenientemente escalados. Tambi\u00e9n incorpora una serie de fallas conmutables para ejercicios de diagn\u00f3stico de fallas. \u00bfEncontr\u00f3 lo que buscaba? Consulte nuestra gama completa de recursos de capacitaci\u00f3n automotriz.\"><strong><span class=\"Y2IQFc\" lang=\"es\">\u00bfEncontr\u00f3 lo que buscaba?<\/span><\/strong><\/p>\n<p id=\"tw-target-text\" class=\"tw-data-text tw-text-large tw-ta\" dir=\"ltr\" tabindex=\"-1\" role=\"text\" data-placeholder=\"Translation\" data-ved=\"2ahUKEwjKpuiqs42RAxVXXEEAHWpNNs4Q3ewLegQIDBAV\" aria-label=\"Translated text: \u00a1PR\u00d3XIMAMENTE! El Entrenador de Panel para Estaciones de Carga de Veh\u00edculos Pesados \u200b\u200b(746-01) brindar\u00e1 a estudiantes e instructores la oportunidad de demostrar, investigar y detectar fallas en los circuitos y el funcionamiento de los sistemas de carga de autobuses y camiones. El entrenador opera con voltajes escalados que son completamente seguros para los usuarios y utiliza plazos de carga de bater\u00edas convenientemente escalados. Tambi\u00e9n incorpora una serie de fallas conmutables para ejercicios de diagn\u00f3stico de fallas. \u00bfEncontr\u00f3 lo que buscaba? Consulte nuestra gama completa de recursos de capacitaci\u00f3n automotriz.\"><span class=\"Y2IQFc\" lang=\"es\">Consulte nuestra gama completa de <a href=\"https:\/\/ljcreate.com\/es\/tecnologia-automotriz\/recursos-de-formacion\/\" target=\"_blank\" rel=\"noopener\">recursos de capacitaci\u00f3n automotriz<\/a><\/span><\/p>\n<p>&nbsp;<\/p>\n","protected":false},"excerpt":{"rendered":"<p>\u00a1PR\u00d3XIMAMENTE! El Entrenador de Panel para Estaciones de Carga de Veh\u00edculos Pesados \u200b\u200b(746-01) brindar\u00e1 a estudiantes e instructores la oportunidad de demostrar, investigar y detectar fallas en los circuitos y el funcionamiento de los sistemas de carga de autobuses y camiones. El entrenador opera con voltajes escalados que son completamente seguros para los usuarios y&hellip;<\/p>\n","protected":false},"featured_media":59622,"template":"","meta":{"_acf_changed":false,"inline_featured_image":false},"product_brand":[],"product_cat":[166,132,133],"product_tag":[],"class_list":{"0":"post-59633","1":"product","2":"type-product","3":"status-publish","4":"has-post-thumbnail","6":"product_cat-entrenadores-de-vehiculos-hibridos-y-electricos","7":"product_cat-automotive-technology-es","8":"product_cat-automotive-autotronics-boards-and-panels-es","10":"first","11":"instock","12":"shipping-taxable","13":"product-type-simple"},"acf":[],"yoast_head":"<!-- This site is optimized with the Yoast SEO plugin v27.3 - https:\/\/yoast.com\/product\/yoast-seo-wordpress\/ -->\n<title>Panel de capacitaci\u00f3n sobre estaciones de carga para veh\u00edculos pesados - \u00a1pr\u00f3ximamente! | LJ Create<\/title>\n<meta name=\"robots\" content=\"index, follow, max-snippet:-1, max-image-preview:large, max-video-preview:-1\" \/>\n<link rel=\"canonical\" href=\"https:\/\/ljcreate.com\/es\/automotive-technology-es\/panel-de-capacitacion-sobre-estaciones-de-carga-para-vehiculos-pesados-proximamente\/\" \/>\n<meta property=\"og:locale\" content=\"es_ES\" \/>\n<meta property=\"og:type\" content=\"article\" \/>\n<meta property=\"og:title\" content=\"Panel de capacitaci\u00f3n sobre estaciones de carga para veh\u00edculos pesados - \u00a1pr\u00f3ximamente! | LJ Create\" \/>\n<meta property=\"og:description\" content=\"\u00a1PR\u00d3XIMAMENTE! El Entrenador de Panel para Estaciones de Carga de Veh\u00edculos Pesados \u200b\u200b(746-01) brindar\u00e1 a estudiantes e instructores la oportunidad de demostrar, investigar y detectar fallas en los circuitos y el funcionamiento de los sistemas de carga de autobuses y camiones. El entrenador opera con voltajes escalados que son completamente seguros para los usuarios y&hellip;\" \/>\n<meta property=\"og:url\" content=\"https:\/\/ljcreate.com\/es\/automotive-technology-es\/panel-de-capacitacion-sobre-estaciones-de-carga-para-vehiculos-pesados-proximamente\/\" \/>\n<meta property=\"og:site_name\" content=\"LJ Create\" \/>\n<meta property=\"article:modified_time\" content=\"2025-11-25T13:51:36+00:00\" \/>\n<meta property=\"og:image\" content=\"https:\/\/ljcreate.com\/wp-content\/uploads\/2025\/11\/heavyVehicleChargingStationsTrainer.webp\" \/>\n\t<meta property=\"og:image:width\" content=\"1080\" \/>\n\t<meta property=\"og:image:height\" content=\"529\" \/>\n\t<meta property=\"og:image:type\" content=\"image\/webp\" \/>\n<meta name=\"twitter:card\" content=\"summary_large_image\" \/>\n<meta name=\"twitter:label1\" content=\"Tiempo de lectura\" \/>\n\t<meta name=\"twitter:data1\" content=\"1 minuto\" \/>\n<script type=\"application\/ld+json\" class=\"yoast-schema-graph\">{\"@context\":\"https:\\\/\\\/schema.org\",\"@graph\":[{\"@type\":\"WebPage\",\"@id\":\"https:\\\/\\\/ljcreate.com\\\/es\\\/automotive-technology-es\\\/panel-de-capacitacion-sobre-estaciones-de-carga-para-vehiculos-pesados-proximamente\\\/\",\"url\":\"https:\\\/\\\/ljcreate.com\\\/es\\\/automotive-technology-es\\\/panel-de-capacitacion-sobre-estaciones-de-carga-para-vehiculos-pesados-proximamente\\\/\",\"name\":\"Panel de capacitaci\u00f3n sobre estaciones de carga para veh\u00edculos pesados - \u00a1pr\u00f3ximamente! | LJ Create\",\"isPartOf\":{\"@id\":\"https:\\\/\\\/ljcreate.com\\\/es\\\/#website\"},\"primaryImageOfPage\":{\"@id\":\"https:\\\/\\\/ljcreate.com\\\/es\\\/automotive-technology-es\\\/panel-de-capacitacion-sobre-estaciones-de-carga-para-vehiculos-pesados-proximamente\\\/#primaryimage\"},\"image\":{\"@id\":\"https:\\\/\\\/ljcreate.com\\\/es\\\/automotive-technology-es\\\/panel-de-capacitacion-sobre-estaciones-de-carga-para-vehiculos-pesados-proximamente\\\/#primaryimage\"},\"thumbnailUrl\":\"https:\\\/\\\/ljcreate.com\\\/wp-content\\\/uploads\\\/2025\\\/11\\\/heavyVehicleChargingStationsTrainer.webp\",\"datePublished\":\"2025-11-25T13:46:34+00:00\",\"dateModified\":\"2025-11-25T13:51:36+00:00\",\"breadcrumb\":{\"@id\":\"https:\\\/\\\/ljcreate.com\\\/es\\\/automotive-technology-es\\\/panel-de-capacitacion-sobre-estaciones-de-carga-para-vehiculos-pesados-proximamente\\\/#breadcrumb\"},\"inLanguage\":\"es\",\"potentialAction\":[{\"@type\":\"ReadAction\",\"target\":[\"https:\\\/\\\/ljcreate.com\\\/es\\\/automotive-technology-es\\\/panel-de-capacitacion-sobre-estaciones-de-carga-para-vehiculos-pesados-proximamente\\\/\"]}]},{\"@type\":\"ImageObject\",\"inLanguage\":\"es\",\"@id\":\"https:\\\/\\\/ljcreate.com\\\/es\\\/automotive-technology-es\\\/panel-de-capacitacion-sobre-estaciones-de-carga-para-vehiculos-pesados-proximamente\\\/#primaryimage\",\"url\":\"https:\\\/\\\/ljcreate.com\\\/wp-content\\\/uploads\\\/2025\\\/11\\\/heavyVehicleChargingStationsTrainer.webp\",\"contentUrl\":\"https:\\\/\\\/ljcreate.com\\\/wp-content\\\/uploads\\\/2025\\\/11\\\/heavyVehicleChargingStationsTrainer.webp\",\"width\":1080,\"height\":529,\"caption\":\"Heavy Vehicle Charging Stations Trainer\"},{\"@type\":\"BreadcrumbList\",\"@id\":\"https:\\\/\\\/ljcreate.com\\\/es\\\/automotive-technology-es\\\/panel-de-capacitacion-sobre-estaciones-de-carga-para-vehiculos-pesados-proximamente\\\/#breadcrumb\",\"itemListElement\":[{\"@type\":\"ListItem\",\"position\":1,\"name\":\"Home\",\"item\":\"https:\\\/\\\/ljcreate.com\\\/es\\\/\"},{\"@type\":\"ListItem\",\"position\":2,\"name\":\"Productos\",\"item\":\"https:\\\/\\\/ljcreate.com\\\/es\\\/shop\\\/\"},{\"@type\":\"ListItem\",\"position\":3,\"name\":\"Automotive Technology\",\"item\":\"https:\\\/\\\/ljcreate.com\\\/uk\\\/product-category\\\/automotive-technology\\\/\"},{\"@type\":\"ListItem\",\"position\":4,\"name\":\"Panel de capacitaci\u00f3n sobre estaciones de carga para veh\u00edculos pesados - \u00a1pr\u00f3ximamente!\"}]},{\"@type\":\"WebSite\",\"@id\":\"https:\\\/\\\/ljcreate.com\\\/es\\\/#website\",\"url\":\"https:\\\/\\\/ljcreate.com\\\/es\\\/\",\"name\":\"LJ Create\",\"description\":\"Innovate, Inspire, and Engage\",\"publisher\":{\"@id\":\"https:\\\/\\\/ljcreate.com\\\/es\\\/#organization\"},\"alternateName\":\"Creative Learning (Norwich) Limited\",\"potentialAction\":[{\"@type\":\"SearchAction\",\"target\":{\"@type\":\"EntryPoint\",\"urlTemplate\":\"https:\\\/\\\/ljcreate.com\\\/es\\\/?s={search_term_string}\"},\"query-input\":{\"@type\":\"PropertyValueSpecification\",\"valueRequired\":true,\"valueName\":\"search_term_string\"}}],\"inLanguage\":\"es\"},{\"@type\":\"Organization\",\"@id\":\"https:\\\/\\\/ljcreate.com\\\/es\\\/#organization\",\"name\":\"LJ Create\",\"url\":\"https:\\\/\\\/ljcreate.com\\\/es\\\/\",\"logo\":{\"@type\":\"ImageObject\",\"inLanguage\":\"es\",\"@id\":\"https:\\\/\\\/ljcreate.com\\\/es\\\/#\\\/schema\\\/logo\\\/image\\\/\",\"url\":\"https:\\\/\\\/ljcreate.com\\\/wp-content\\\/uploads\\\/2021\\\/07\\\/logo.svg\",\"contentUrl\":\"https:\\\/\\\/ljcreate.com\\\/wp-content\\\/uploads\\\/2021\\\/07\\\/logo.svg\",\"width\":\"1024\",\"height\":\"1024\",\"caption\":\"LJ Create\"},\"image\":{\"@id\":\"https:\\\/\\\/ljcreate.com\\\/es\\\/#\\\/schema\\\/logo\\\/image\\\/\"}}]}<\/script>\n<!-- \/ Yoast SEO plugin. -->","yoast_head_json":{"title":"Panel de capacitaci\u00f3n sobre estaciones de carga para veh\u00edculos pesados - \u00a1pr\u00f3ximamente! | LJ Create","robots":{"index":"index","follow":"follow","max-snippet":"max-snippet:-1","max-image-preview":"max-image-preview:large","max-video-preview":"max-video-preview:-1"},"canonical":"https:\/\/ljcreate.com\/es\/automotive-technology-es\/panel-de-capacitacion-sobre-estaciones-de-carga-para-vehiculos-pesados-proximamente\/","og_locale":"es_ES","og_type":"article","og_title":"Panel de capacitaci\u00f3n sobre estaciones de carga para veh\u00edculos pesados - \u00a1pr\u00f3ximamente! | LJ Create","og_description":"\u00a1PR\u00d3XIMAMENTE! El Entrenador de Panel para Estaciones de Carga de Veh\u00edculos Pesados \u200b\u200b(746-01) brindar\u00e1 a estudiantes e instructores la oportunidad de demostrar, investigar y detectar fallas en los circuitos y el funcionamiento de los sistemas de carga de autobuses y camiones. El entrenador opera con voltajes escalados que son completamente seguros para los usuarios y&hellip;","og_url":"https:\/\/ljcreate.com\/es\/automotive-technology-es\/panel-de-capacitacion-sobre-estaciones-de-carga-para-vehiculos-pesados-proximamente\/","og_site_name":"LJ Create","article_modified_time":"2025-11-25T13:51:36+00:00","og_image":[{"width":1080,"height":529,"url":"https:\/\/ljcreate.com\/wp-content\/uploads\/2025\/11\/heavyVehicleChargingStationsTrainer.webp","type":"image\/webp"}],"twitter_card":"summary_large_image","twitter_misc":{"Tiempo de lectura":"1 minuto"},"schema":{"@context":"https:\/\/schema.org","@graph":[{"@type":"WebPage","@id":"https:\/\/ljcreate.com\/es\/automotive-technology-es\/panel-de-capacitacion-sobre-estaciones-de-carga-para-vehiculos-pesados-proximamente\/","url":"https:\/\/ljcreate.com\/es\/automotive-technology-es\/panel-de-capacitacion-sobre-estaciones-de-carga-para-vehiculos-pesados-proximamente\/","name":"Panel de capacitaci\u00f3n sobre estaciones de carga para veh\u00edculos pesados - \u00a1pr\u00f3ximamente! | LJ Create","isPartOf":{"@id":"https:\/\/ljcreate.com\/es\/#website"},"primaryImageOfPage":{"@id":"https:\/\/ljcreate.com\/es\/automotive-technology-es\/panel-de-capacitacion-sobre-estaciones-de-carga-para-vehiculos-pesados-proximamente\/#primaryimage"},"image":{"@id":"https:\/\/ljcreate.com\/es\/automotive-technology-es\/panel-de-capacitacion-sobre-estaciones-de-carga-para-vehiculos-pesados-proximamente\/#primaryimage"},"thumbnailUrl":"https:\/\/ljcreate.com\/wp-content\/uploads\/2025\/11\/heavyVehicleChargingStationsTrainer.webp","datePublished":"2025-11-25T13:46:34+00:00","dateModified":"2025-11-25T13:51:36+00:00","breadcrumb":{"@id":"https:\/\/ljcreate.com\/es\/automotive-technology-es\/panel-de-capacitacion-sobre-estaciones-de-carga-para-vehiculos-pesados-proximamente\/#breadcrumb"},"inLanguage":"es","potentialAction":[{"@type":"ReadAction","target":["https:\/\/ljcreate.com\/es\/automotive-technology-es\/panel-de-capacitacion-sobre-estaciones-de-carga-para-vehiculos-pesados-proximamente\/"]}]},{"@type":"ImageObject","inLanguage":"es","@id":"https:\/\/ljcreate.com\/es\/automotive-technology-es\/panel-de-capacitacion-sobre-estaciones-de-carga-para-vehiculos-pesados-proximamente\/#primaryimage","url":"https:\/\/ljcreate.com\/wp-content\/uploads\/2025\/11\/heavyVehicleChargingStationsTrainer.webp","contentUrl":"https:\/\/ljcreate.com\/wp-content\/uploads\/2025\/11\/heavyVehicleChargingStationsTrainer.webp","width":1080,"height":529,"caption":"Heavy Vehicle Charging Stations Trainer"},{"@type":"BreadcrumbList","@id":"https:\/\/ljcreate.com\/es\/automotive-technology-es\/panel-de-capacitacion-sobre-estaciones-de-carga-para-vehiculos-pesados-proximamente\/#breadcrumb","itemListElement":[{"@type":"ListItem","position":1,"name":"Home","item":"https:\/\/ljcreate.com\/es\/"},{"@type":"ListItem","position":2,"name":"Productos","item":"https:\/\/ljcreate.com\/es\/shop\/"},{"@type":"ListItem","position":3,"name":"Automotive Technology","item":"https:\/\/ljcreate.com\/uk\/product-category\/automotive-technology\/"},{"@type":"ListItem","position":4,"name":"Panel de capacitaci\u00f3n sobre estaciones de carga para veh\u00edculos pesados - \u00a1pr\u00f3ximamente!"}]},{"@type":"WebSite","@id":"https:\/\/ljcreate.com\/es\/#website","url":"https:\/\/ljcreate.com\/es\/","name":"LJ Create","description":"Innovate, Inspire, and Engage","publisher":{"@id":"https:\/\/ljcreate.com\/es\/#organization"},"alternateName":"Creative Learning (Norwich) Limited","potentialAction":[{"@type":"SearchAction","target":{"@type":"EntryPoint","urlTemplate":"https:\/\/ljcreate.com\/es\/?s={search_term_string}"},"query-input":{"@type":"PropertyValueSpecification","valueRequired":true,"valueName":"search_term_string"}}],"inLanguage":"es"},{"@type":"Organization","@id":"https:\/\/ljcreate.com\/es\/#organization","name":"LJ Create","url":"https:\/\/ljcreate.com\/es\/","logo":{"@type":"ImageObject","inLanguage":"es","@id":"https:\/\/ljcreate.com\/es\/#\/schema\/logo\/image\/","url":"https:\/\/ljcreate.com\/wp-content\/uploads\/2021\/07\/logo.svg","contentUrl":"https:\/\/ljcreate.com\/wp-content\/uploads\/2021\/07\/logo.svg","width":"1024","height":"1024","caption":"LJ Create"},"image":{"@id":"https:\/\/ljcreate.com\/es\/#\/schema\/logo\/image\/"}}]}},"_links":{"self":[{"href":"https:\/\/ljcreate.com\/es\/wp-json\/wp\/v2\/product\/59633","targetHints":{"allow":["GET"]}}],"collection":[{"href":"https:\/\/ljcreate.com\/es\/wp-json\/wp\/v2\/product"}],"about":[{"href":"https:\/\/ljcreate.com\/es\/wp-json\/wp\/v2\/types\/product"}],"wp:featuredmedia":[{"embeddable":true,"href":"https:\/\/ljcreate.com\/es\/wp-json\/wp\/v2\/media\/59622"}],"wp:attachment":[{"href":"https:\/\/ljcreate.com\/es\/wp-json\/wp\/v2\/media?parent=59633"}],"wp:term":[{"taxonomy":"product_brand","embeddable":true,"href":"https:\/\/ljcreate.com\/es\/wp-json\/wp\/v2\/product_brand?post=59633"},{"taxonomy":"product_cat","embeddable":true,"href":"https:\/\/ljcreate.com\/es\/wp-json\/wp\/v2\/product_cat?post=59633"},{"taxonomy":"product_tag","embeddable":true,"href":"https:\/\/ljcreate.com\/es\/wp-json\/wp\/v2\/product_tag?post=59633"}],"curies":[{"name":"wp","href":"https:\/\/api.w.org\/{rel}","templated":true}]}}