{"id":59355,"date":"2025-11-25T13:45:20","date_gmt":"2025-11-25T13:45:20","guid":{"rendered":"https:\/\/ljcreate.com\/?post_type=product&#038;p=59355"},"modified":"2025-11-25T13:52:47","modified_gmt":"2025-11-25T13:52:47","slug":"autobus-electrico-panel-entrenador","status":"publish","type":"product","link":"https:\/\/ljcreate.com\/es\/automocion-tecnologia\/autobus-electrico-panel-entrenador\/","title":{"rendered":"Autobus Electrico Panel Entrenador"},"content":{"rendered":"<h5>\u00a1PR\u00d3XIMAMENTE! El Autobus Electrico Panel Entrenador (745-01)<\/h5>\n<p>Este nuevo panel es la \u00faltima incorporaci\u00f3n a nuestra gama de productos de Veh\u00edculos H\u00edbridos y El\u00e9ctricos. Dise\u00f1ado para complementar la gama existente, proporciona a los estudiantes las habilidades y conocimientos necesarios para mantener y reparar Autobuses El\u00e9ctricos.<\/p>\n<p>Un imitador del flujo de potencia permite a los estudiantes investigar los efectos del frenado regenerativo, y los diagn\u00f3sticos de a bordo pueden explorarse a trav\u00e9s de la pantalla inteligente.<\/p>\n<p id=\"tw-target-text\" class=\"tw-data-text tw-text-large tw-ta\" dir=\"ltr\" tabindex=\"-1\" role=\"text\" data-placeholder=\"Translation\" data-ved=\"2ahUKEwjKpuiqs42RAxVXXEEAHWpNNs4Q3ewLegQIDBAV\" aria-label=\"Translated text: \u00a1PR\u00d3XIMAMENTE! El Entrenador de Panel para Estaciones de Carga de Veh\u00edculos Pesados \u200b\u200b(746-01) brindar\u00e1 a estudiantes e instructores la oportunidad de demostrar, investigar y detectar fallas en los circuitos y el funcionamiento de los sistemas de carga de autobuses y camiones. El entrenador opera con voltajes escalados que son completamente seguros para los usuarios y utiliza plazos de carga de bater\u00edas convenientemente escalados. Tambi\u00e9n incorpora una serie de fallas conmutables para ejercicios de diagn\u00f3stico de fallas. \u00bfEncontr\u00f3 lo que buscaba? Consulte nuestra gama completa de recursos de capacitaci\u00f3n automotriz.\"><strong><span class=\"Y2IQFc\" lang=\"es\">\u00bfEncontr\u00f3 lo que buscaba?<\/span><\/strong><\/p>\n<hr \/>\n<p>\u00bfEncontr\u00f3 lo que buscaba? Consulte nuestra gama completa de recursos de capacitaci\u00f3n automotriz.\u00bb&gt;<span class=\"Y2IQFc\" lang=\"es\">Consulte nuestra gama completa de\u00a0<a href=\"https:\/\/ljcreate.com\/es\/tecnologia-automotriz\/recursos-de-formacion\/\" target=\"_blank\" rel=\"noopener\">recursos de capacitaci\u00f3n automotriz<\/a><\/span><\/p>\n","protected":false},"excerpt":{"rendered":"<p>\u00a1PR\u00d3XIMAMENTE! El Autobus Electrico Panel Entrenador (745-01) Este nuevo panel es la \u00faltima incorporaci\u00f3n a nuestra gama de productos de Veh\u00edculos H\u00edbridos y El\u00e9ctricos. Dise\u00f1ado para complementar la gama existente, proporciona a los estudiantes las habilidades y conocimientos necesarios para mantener y reparar Autobuses El\u00e9ctricos. Un imitador del flujo de potencia permite a los estudiantes&hellip;<\/p>\n","protected":false},"featured_media":59386,"template":"","meta":{"_acf_changed":false,"inline_featured_image":false},"product_brand":[],"product_cat":[166,132,133],"product_tag":[],"class_list":{"0":"post-59355","1":"product","2":"type-product","3":"status-publish","4":"has-post-thumbnail","6":"product_cat-entrenadores-de-vehiculos-hibridos-y-electricos","7":"product_cat-automotive-technology-es","8":"product_cat-automotive-autotronics-boards-and-panels-es","10":"first","11":"instock","12":"shipping-taxable","13":"product-type-simple"},"acf":[],"yoast_head":"<!-- This site is optimized with the Yoast SEO plugin v27.3 - https:\/\/yoast.com\/product\/yoast-seo-wordpress\/ -->\n<title>Autobus Electrico Panel Entrenador | LJ Create<\/title>\n<meta name=\"description\" content=\"El Entrenador de Panel de Bus El\u00e9ctrico permite a los alumnos demostrar, investigar y localizar fallos en una simulaci\u00f3n del sistema el\u00e9ctrico de un Bus El\u00e9ctrico t\u00edpico.\" \/>\n<meta name=\"robots\" content=\"index, follow, max-snippet:-1, max-image-preview:large, max-video-preview:-1\" \/>\n<link rel=\"canonical\" href=\"https:\/\/ljcreate.com\/es\/automocion-tecnologia\/autobus-electrico-panel-entrenador\/\" \/>\n<meta property=\"og:locale\" content=\"es_ES\" \/>\n<meta property=\"og:type\" content=\"article\" \/>\n<meta property=\"og:title\" content=\"Autobus Electrico Panel Entrenador | LJ Create\" \/>\n<meta property=\"og:description\" content=\"El Entrenador de Panel de Bus El\u00e9ctrico permite a los alumnos demostrar, investigar y localizar fallos en una simulaci\u00f3n del sistema el\u00e9ctrico de un Bus El\u00e9ctrico t\u00edpico.\" \/>\n<meta property=\"og:url\" content=\"https:\/\/ljcreate.com\/es\/automocion-tecnologia\/autobus-electrico-panel-entrenador\/\" \/>\n<meta property=\"og:site_name\" content=\"LJ Create\" \/>\n<meta property=\"article:modified_time\" content=\"2025-11-25T13:52:47+00:00\" \/>\n<meta property=\"og:image\" content=\"https:\/\/ljcreate.com\/wp-content\/uploads\/2025\/08\/electricBusPanelTrainer.webp\" \/>\n\t<meta property=\"og:image:width\" content=\"1080\" \/>\n\t<meta property=\"og:image:height\" content=\"529\" \/>\n\t<meta property=\"og:image:type\" content=\"image\/webp\" \/>\n<meta name=\"twitter:card\" content=\"summary_large_image\" \/>\n<meta name=\"twitter:label1\" content=\"Tiempo de lectura\" \/>\n\t<meta name=\"twitter:data1\" content=\"1 minuto\" \/>\n<script type=\"application\/ld+json\" class=\"yoast-schema-graph\">{\"@context\":\"https:\\\/\\\/schema.org\",\"@graph\":[{\"@type\":\"WebPage\",\"@id\":\"https:\\\/\\\/ljcreate.com\\\/es\\\/automocion-tecnologia\\\/autobus-electrico-panel-entrenador\\\/\",\"url\":\"https:\\\/\\\/ljcreate.com\\\/es\\\/automocion-tecnologia\\\/autobus-electrico-panel-entrenador\\\/\",\"name\":\"Autobus Electrico Panel Entrenador | LJ Create\",\"isPartOf\":{\"@id\":\"https:\\\/\\\/ljcreate.com\\\/es\\\/#website\"},\"primaryImageOfPage\":{\"@id\":\"https:\\\/\\\/ljcreate.com\\\/es\\\/automocion-tecnologia\\\/autobus-electrico-panel-entrenador\\\/#primaryimage\"},\"image\":{\"@id\":\"https:\\\/\\\/ljcreate.com\\\/es\\\/automocion-tecnologia\\\/autobus-electrico-panel-entrenador\\\/#primaryimage\"},\"thumbnailUrl\":\"https:\\\/\\\/ljcreate.com\\\/wp-content\\\/uploads\\\/2025\\\/08\\\/electricBusPanelTrainer.webp\",\"datePublished\":\"2025-11-25T13:45:20+00:00\",\"dateModified\":\"2025-11-25T13:52:47+00:00\",\"description\":\"El Entrenador de Panel de Bus El\u00e9ctrico permite a los alumnos demostrar, investigar y localizar fallos en una simulaci\u00f3n del sistema el\u00e9ctrico de un Bus El\u00e9ctrico t\u00edpico.\",\"breadcrumb\":{\"@id\":\"https:\\\/\\\/ljcreate.com\\\/es\\\/automocion-tecnologia\\\/autobus-electrico-panel-entrenador\\\/#breadcrumb\"},\"inLanguage\":\"es\",\"potentialAction\":[{\"@type\":\"ReadAction\",\"target\":[\"https:\\\/\\\/ljcreate.com\\\/es\\\/automocion-tecnologia\\\/autobus-electrico-panel-entrenador\\\/\"]}]},{\"@type\":\"ImageObject\",\"inLanguage\":\"es\",\"@id\":\"https:\\\/\\\/ljcreate.com\\\/es\\\/automocion-tecnologia\\\/autobus-electrico-panel-entrenador\\\/#primaryimage\",\"url\":\"https:\\\/\\\/ljcreate.com\\\/wp-content\\\/uploads\\\/2025\\\/08\\\/electricBusPanelTrainer.webp\",\"contentUrl\":\"https:\\\/\\\/ljcreate.com\\\/wp-content\\\/uploads\\\/2025\\\/08\\\/electricBusPanelTrainer.webp\",\"width\":1080,\"height\":529,\"caption\":\"Electric Bus Panel Trainer\"},{\"@type\":\"BreadcrumbList\",\"@id\":\"https:\\\/\\\/ljcreate.com\\\/es\\\/automocion-tecnologia\\\/autobus-electrico-panel-entrenador\\\/#breadcrumb\",\"itemListElement\":[{\"@type\":\"ListItem\",\"position\":1,\"name\":\"Home\",\"item\":\"https:\\\/\\\/ljcreate.com\\\/es\\\/\"},{\"@type\":\"ListItem\",\"position\":2,\"name\":\"Productos\",\"item\":\"https:\\\/\\\/ljcreate.com\\\/es\\\/shop\\\/\"},{\"@type\":\"ListItem\",\"position\":3,\"name\":\"Tecnolog\u00eda automotriz\",\"item\":\"https:\\\/\\\/ljcreate.com\\\/es\\\/product-category\\\/automotive-technology-es\\\/\"},{\"@type\":\"ListItem\",\"position\":4,\"name\":\"Autobus Electrico Panel Entrenador\"}]},{\"@type\":\"WebSite\",\"@id\":\"https:\\\/\\\/ljcreate.com\\\/es\\\/#website\",\"url\":\"https:\\\/\\\/ljcreate.com\\\/es\\\/\",\"name\":\"LJ Create\",\"description\":\"Innovate, Inspire, and Engage\",\"publisher\":{\"@id\":\"https:\\\/\\\/ljcreate.com\\\/es\\\/#organization\"},\"alternateName\":\"Creative Learning (Norwich) Limited\",\"potentialAction\":[{\"@type\":\"SearchAction\",\"target\":{\"@type\":\"EntryPoint\",\"urlTemplate\":\"https:\\\/\\\/ljcreate.com\\\/es\\\/?s={search_term_string}\"},\"query-input\":{\"@type\":\"PropertyValueSpecification\",\"valueRequired\":true,\"valueName\":\"search_term_string\"}}],\"inLanguage\":\"es\"},{\"@type\":\"Organization\",\"@id\":\"https:\\\/\\\/ljcreate.com\\\/es\\\/#organization\",\"name\":\"LJ Create\",\"url\":\"https:\\\/\\\/ljcreate.com\\\/es\\\/\",\"logo\":{\"@type\":\"ImageObject\",\"inLanguage\":\"es\",\"@id\":\"https:\\\/\\\/ljcreate.com\\\/es\\\/#\\\/schema\\\/logo\\\/image\\\/\",\"url\":\"https:\\\/\\\/ljcreate.com\\\/wp-content\\\/uploads\\\/2021\\\/07\\\/logo.svg\",\"contentUrl\":\"https:\\\/\\\/ljcreate.com\\\/wp-content\\\/uploads\\\/2021\\\/07\\\/logo.svg\",\"width\":\"1024\",\"height\":\"1024\",\"caption\":\"LJ Create\"},\"image\":{\"@id\":\"https:\\\/\\\/ljcreate.com\\\/es\\\/#\\\/schema\\\/logo\\\/image\\\/\"}}]}<\/script>\n<!-- \/ Yoast SEO plugin. -->","yoast_head_json":{"title":"Autobus Electrico Panel Entrenador | LJ Create","description":"El Entrenador de Panel de Bus El\u00e9ctrico permite a los alumnos demostrar, investigar y localizar fallos en una simulaci\u00f3n del sistema el\u00e9ctrico de un Bus El\u00e9ctrico t\u00edpico.","robots":{"index":"index","follow":"follow","max-snippet":"max-snippet:-1","max-image-preview":"max-image-preview:large","max-video-preview":"max-video-preview:-1"},"canonical":"https:\/\/ljcreate.com\/es\/automocion-tecnologia\/autobus-electrico-panel-entrenador\/","og_locale":"es_ES","og_type":"article","og_title":"Autobus Electrico Panel Entrenador | LJ Create","og_description":"El Entrenador de Panel de Bus El\u00e9ctrico permite a los alumnos demostrar, investigar y localizar fallos en una simulaci\u00f3n del sistema el\u00e9ctrico de un Bus El\u00e9ctrico t\u00edpico.","og_url":"https:\/\/ljcreate.com\/es\/automocion-tecnologia\/autobus-electrico-panel-entrenador\/","og_site_name":"LJ Create","article_modified_time":"2025-11-25T13:52:47+00:00","og_image":[{"width":1080,"height":529,"url":"https:\/\/ljcreate.com\/wp-content\/uploads\/2025\/08\/electricBusPanelTrainer.webp","type":"image\/webp"}],"twitter_card":"summary_large_image","twitter_misc":{"Tiempo de lectura":"1 minuto"},"schema":{"@context":"https:\/\/schema.org","@graph":[{"@type":"WebPage","@id":"https:\/\/ljcreate.com\/es\/automocion-tecnologia\/autobus-electrico-panel-entrenador\/","url":"https:\/\/ljcreate.com\/es\/automocion-tecnologia\/autobus-electrico-panel-entrenador\/","name":"Autobus Electrico Panel Entrenador | LJ Create","isPartOf":{"@id":"https:\/\/ljcreate.com\/es\/#website"},"primaryImageOfPage":{"@id":"https:\/\/ljcreate.com\/es\/automocion-tecnologia\/autobus-electrico-panel-entrenador\/#primaryimage"},"image":{"@id":"https:\/\/ljcreate.com\/es\/automocion-tecnologia\/autobus-electrico-panel-entrenador\/#primaryimage"},"thumbnailUrl":"https:\/\/ljcreate.com\/wp-content\/uploads\/2025\/08\/electricBusPanelTrainer.webp","datePublished":"2025-11-25T13:45:20+00:00","dateModified":"2025-11-25T13:52:47+00:00","description":"El Entrenador de Panel de Bus El\u00e9ctrico permite a los alumnos demostrar, investigar y localizar fallos en una simulaci\u00f3n del sistema el\u00e9ctrico de un Bus El\u00e9ctrico t\u00edpico.","breadcrumb":{"@id":"https:\/\/ljcreate.com\/es\/automocion-tecnologia\/autobus-electrico-panel-entrenador\/#breadcrumb"},"inLanguage":"es","potentialAction":[{"@type":"ReadAction","target":["https:\/\/ljcreate.com\/es\/automocion-tecnologia\/autobus-electrico-panel-entrenador\/"]}]},{"@type":"ImageObject","inLanguage":"es","@id":"https:\/\/ljcreate.com\/es\/automocion-tecnologia\/autobus-electrico-panel-entrenador\/#primaryimage","url":"https:\/\/ljcreate.com\/wp-content\/uploads\/2025\/08\/electricBusPanelTrainer.webp","contentUrl":"https:\/\/ljcreate.com\/wp-content\/uploads\/2025\/08\/electricBusPanelTrainer.webp","width":1080,"height":529,"caption":"Electric Bus Panel Trainer"},{"@type":"BreadcrumbList","@id":"https:\/\/ljcreate.com\/es\/automocion-tecnologia\/autobus-electrico-panel-entrenador\/#breadcrumb","itemListElement":[{"@type":"ListItem","position":1,"name":"Home","item":"https:\/\/ljcreate.com\/es\/"},{"@type":"ListItem","position":2,"name":"Productos","item":"https:\/\/ljcreate.com\/es\/shop\/"},{"@type":"ListItem","position":3,"name":"Tecnolog\u00eda automotriz","item":"https:\/\/ljcreate.com\/es\/product-category\/automotive-technology-es\/"},{"@type":"ListItem","position":4,"name":"Autobus Electrico Panel Entrenador"}]},{"@type":"WebSite","@id":"https:\/\/ljcreate.com\/es\/#website","url":"https:\/\/ljcreate.com\/es\/","name":"LJ Create","description":"Innovate, Inspire, and Engage","publisher":{"@id":"https:\/\/ljcreate.com\/es\/#organization"},"alternateName":"Creative Learning (Norwich) Limited","potentialAction":[{"@type":"SearchAction","target":{"@type":"EntryPoint","urlTemplate":"https:\/\/ljcreate.com\/es\/?s={search_term_string}"},"query-input":{"@type":"PropertyValueSpecification","valueRequired":true,"valueName":"search_term_string"}}],"inLanguage":"es"},{"@type":"Organization","@id":"https:\/\/ljcreate.com\/es\/#organization","name":"LJ Create","url":"https:\/\/ljcreate.com\/es\/","logo":{"@type":"ImageObject","inLanguage":"es","@id":"https:\/\/ljcreate.com\/es\/#\/schema\/logo\/image\/","url":"https:\/\/ljcreate.com\/wp-content\/uploads\/2021\/07\/logo.svg","contentUrl":"https:\/\/ljcreate.com\/wp-content\/uploads\/2021\/07\/logo.svg","width":"1024","height":"1024","caption":"LJ Create"},"image":{"@id":"https:\/\/ljcreate.com\/es\/#\/schema\/logo\/image\/"}}]}},"_links":{"self":[{"href":"https:\/\/ljcreate.com\/es\/wp-json\/wp\/v2\/product\/59355","targetHints":{"allow":["GET"]}}],"collection":[{"href":"https:\/\/ljcreate.com\/es\/wp-json\/wp\/v2\/product"}],"about":[{"href":"https:\/\/ljcreate.com\/es\/wp-json\/wp\/v2\/types\/product"}],"wp:featuredmedia":[{"embeddable":true,"href":"https:\/\/ljcreate.com\/es\/wp-json\/wp\/v2\/media\/59386"}],"wp:attachment":[{"href":"https:\/\/ljcreate.com\/es\/wp-json\/wp\/v2\/media?parent=59355"}],"wp:term":[{"taxonomy":"product_brand","embeddable":true,"href":"https:\/\/ljcreate.com\/es\/wp-json\/wp\/v2\/product_brand?post=59355"},{"taxonomy":"product_cat","embeddable":true,"href":"https:\/\/ljcreate.com\/es\/wp-json\/wp\/v2\/product_cat?post=59355"},{"taxonomy":"product_tag","embeddable":true,"href":"https:\/\/ljcreate.com\/es\/wp-json\/wp\/v2\/product_tag?post=59355"}],"curies":[{"name":"wp","href":"https:\/\/api.w.org\/{rel}","templated":true}]}}