{"id":58616,"date":"2024-06-12T17:25:17","date_gmt":"2024-06-12T16:25:17","guid":{"rendered":"https:\/\/ljcreate.com\/product\/sin%20categor\u00eda\/tarjeta-de-transductores-de-entrada\/"},"modified":"2024-06-13T08:51:38","modified_gmt":"2024-06-13T07:51:38","slug":"tarjeta-de-transductores-de-entrada","status":"publish","type":"product","link":"https:\/\/ljcreate.com\/es\/engineering\/core-electronics-systems\/tarjeta-de-transductores-de-entrada\/","title":{"rendered":"Tarjeta de Transductores de Entrada"},"content":{"rendered":"<p>Las actividades pr\u00e1cticas basadas en la Tarjeta de Transductores de Entrada (320-15) est\u00e1n disponibles dentro de los materiales curriculares digitales proporcionados con nuestro Entrenador de Estudios de Electr\u00f3nica.<\/p>\n<h5>Las tareas pr\u00e1cticas incluyen las siguientes:<\/h5>\n<ul>\n<li>Fotoc\u00e9lulas &#8211; circuito de faros autom\u00e1ticos<\/li>\n<li>Sensor de temperatura &#8211; Termistor NTC<\/li>\n<li>Funcionamiento del sensor de temperatura PTC<\/li>\n<li>Circuito de control de temperatura de bucle cerrado<\/li>\n<li>Circuito de bucle cerrado &#8211; hist\u00e9resis<\/li>\n<li>Funcionamiento de un sensor de humedad y temperatura<\/li>\n<li>Funcionamiento de un sensor de corriente<\/li>\n<li>Funcionamiento de un sensor de presi\u00f3n<\/li>\n<li>Sensor digital de efecto Hall<\/li>\n<li>Sensor anal\u00f3gico de efecto Hall<\/li>\n<li>Funcionamiento de un sensor inductivo<\/li>\n<li>Aplicaci\u00f3n del filtro paso bajo<\/li>\n<li>Circuitos sensores de detecci\u00f3n de fallos<\/li>\n<\/ul>\n<p><strong>Nota:<\/strong> Esta tarjeta requiere acceso a un <a href=\"https:\/\/ljcreate.com\/engineering\/electronics-study-trainer\/\" target=\"_blank\" rel=\"noopener\">Entrenador de Estudio de Electr\u00f3nica (320-00)<\/a>.<\/p>\n","protected":false},"excerpt":{"rendered":"<p>Las actividades pr\u00e1cticas basadas en la Tarjeta de Transductores de Entrada (320-15) est\u00e1n disponibles dentro de los materiales curriculares digitales proporcionados con nuestro Entrenador de Estudios de Electr\u00f3nica. Las tareas pr\u00e1cticas incluyen las siguientes: Fotoc\u00e9lulas &#8211; circuito de faros autom\u00e1ticos Sensor de temperatura &#8211; Termistor NTC Funcionamiento del sensor de temperatura PTC Circuito de control&hellip;<\/p>\n","protected":false},"featured_media":58788,"template":"","meta":{"_acf_changed":false,"inline_featured_image":false},"product_brand":[],"product_cat":[138,141],"product_tag":[],"class_list":{"0":"post-58616","1":"product","2":"type-product","3":"status-publish","4":"has-post-thumbnail","6":"product_cat-engineering-es","7":"product_cat-core-electronics-system-es","9":"first","10":"instock","11":"shipping-taxable","12":"product-type-simple"},"acf":[],"yoast_head":"<!-- This site is optimized with the Yoast SEO plugin v27.3 - https:\/\/yoast.com\/product\/yoast-seo-wordpress\/ -->\n<title>Tarjeta de Transductores de Entrada | LJ Create<\/title>\n<meta name=\"description\" content=\"La de Transductores de Entrada, utilizada junto con un Entrenador de Estudio de Electr\u00f3nica, permite realizar una serie de investigaciones y actividades pr\u00e1cticas.\" \/>\n<meta name=\"robots\" content=\"index, follow, max-snippet:-1, max-image-preview:large, max-video-preview:-1\" \/>\n<link rel=\"canonical\" href=\"https:\/\/ljcreate.com\/es\/engineering\/core-electronics-systems\/tarjeta-de-transductores-de-entrada\/\" \/>\n<meta property=\"og:locale\" content=\"es_ES\" \/>\n<meta property=\"og:type\" content=\"article\" \/>\n<meta property=\"og:title\" content=\"Tarjeta de Transductores de Entrada | LJ Create\" \/>\n<meta property=\"og:description\" content=\"La de Transductores de Entrada, utilizada junto con un Entrenador de Estudio de Electr\u00f3nica, permite realizar una serie de investigaciones y actividades pr\u00e1cticas.\" \/>\n<meta property=\"og:url\" content=\"https:\/\/ljcreate.com\/es\/engineering\/core-electronics-systems\/tarjeta-de-transductores-de-entrada\/\" \/>\n<meta property=\"og:site_name\" content=\"LJ Create\" \/>\n<meta property=\"article:modified_time\" content=\"2024-06-13T07:51:38+00:00\" \/>\n<meta property=\"og:image\" content=\"https:\/\/ljcreate.com\/wp-content\/uploads\/2024\/06\/pulseWidthModulationSignalsCard-1.webp\" \/>\n\t<meta property=\"og:image:width\" content=\"1080\" \/>\n\t<meta property=\"og:image:height\" content=\"529\" \/>\n\t<meta property=\"og:image:type\" content=\"image\/webp\" \/>\n<meta name=\"twitter:card\" content=\"summary_large_image\" \/>\n<meta name=\"twitter:label1\" content=\"Tiempo de lectura\" \/>\n\t<meta name=\"twitter:data1\" content=\"1 minuto\" \/>\n<script type=\"application\/ld+json\" class=\"yoast-schema-graph\">{\"@context\":\"https:\\\/\\\/schema.org\",\"@graph\":[{\"@type\":\"WebPage\",\"@id\":\"https:\\\/\\\/ljcreate.com\\\/es\\\/engineering\\\/core-electronics-systems\\\/tarjeta-de-transductores-de-entrada\\\/\",\"url\":\"https:\\\/\\\/ljcreate.com\\\/es\\\/engineering\\\/core-electronics-systems\\\/tarjeta-de-transductores-de-entrada\\\/\",\"name\":\"Tarjeta de Transductores de Entrada | LJ Create\",\"isPartOf\":{\"@id\":\"https:\\\/\\\/ljcreate.com\\\/es\\\/#website\"},\"primaryImageOfPage\":{\"@id\":\"https:\\\/\\\/ljcreate.com\\\/es\\\/engineering\\\/core-electronics-systems\\\/tarjeta-de-transductores-de-entrada\\\/#primaryimage\"},\"image\":{\"@id\":\"https:\\\/\\\/ljcreate.com\\\/es\\\/engineering\\\/core-electronics-systems\\\/tarjeta-de-transductores-de-entrada\\\/#primaryimage\"},\"thumbnailUrl\":\"https:\\\/\\\/ljcreate.com\\\/wp-content\\\/uploads\\\/2024\\\/06\\\/pulseWidthModulationSignalsCard-1.webp\",\"datePublished\":\"2024-06-12T16:25:17+00:00\",\"dateModified\":\"2024-06-13T07:51:38+00:00\",\"description\":\"La de Transductores de Entrada, utilizada junto con un Entrenador de Estudio de Electr\u00f3nica, permite realizar una serie de investigaciones y actividades pr\u00e1cticas.\",\"breadcrumb\":{\"@id\":\"https:\\\/\\\/ljcreate.com\\\/es\\\/engineering\\\/core-electronics-systems\\\/tarjeta-de-transductores-de-entrada\\\/#breadcrumb\"},\"inLanguage\":\"es\",\"potentialAction\":[{\"@type\":\"ReadAction\",\"target\":[\"https:\\\/\\\/ljcreate.com\\\/es\\\/engineering\\\/core-electronics-systems\\\/tarjeta-de-transductores-de-entrada\\\/\"]}]},{\"@type\":\"ImageObject\",\"inLanguage\":\"es\",\"@id\":\"https:\\\/\\\/ljcreate.com\\\/es\\\/engineering\\\/core-electronics-systems\\\/tarjeta-de-transductores-de-entrada\\\/#primaryimage\",\"url\":\"https:\\\/\\\/ljcreate.com\\\/wp-content\\\/uploads\\\/2024\\\/06\\\/pulseWidthModulationSignalsCard-1.webp\",\"contentUrl\":\"https:\\\/\\\/ljcreate.com\\\/wp-content\\\/uploads\\\/2024\\\/06\\\/pulseWidthModulationSignalsCard-1.webp\",\"width\":1080,\"height\":529,\"caption\":\"Pulse Width Modulation Signals Card\"},{\"@type\":\"BreadcrumbList\",\"@id\":\"https:\\\/\\\/ljcreate.com\\\/es\\\/engineering\\\/core-electronics-systems\\\/tarjeta-de-transductores-de-entrada\\\/#breadcrumb\",\"itemListElement\":[{\"@type\":\"ListItem\",\"position\":1,\"name\":\"Home\",\"item\":\"https:\\\/\\\/ljcreate.com\\\/es\\\/\"},{\"@type\":\"ListItem\",\"position\":2,\"name\":\"Productos\",\"item\":\"https:\\\/\\\/ljcreate.com\\\/es\\\/shop\\\/\"},{\"@type\":\"ListItem\",\"position\":3,\"name\":\"Engineering\",\"item\":\"https:\\\/\\\/ljcreate.com\\\/uk\\\/product-category\\\/engineering\\\/\"},{\"@type\":\"ListItem\",\"position\":4,\"name\":\"Tarjeta de Transductores de Entrada\"}]},{\"@type\":\"WebSite\",\"@id\":\"https:\\\/\\\/ljcreate.com\\\/es\\\/#website\",\"url\":\"https:\\\/\\\/ljcreate.com\\\/es\\\/\",\"name\":\"LJ Create\",\"description\":\"Innovate, Inspire, and Engage\",\"publisher\":{\"@id\":\"https:\\\/\\\/ljcreate.com\\\/es\\\/#organization\"},\"alternateName\":\"Creative Learning (Norwich) Limited\",\"potentialAction\":[{\"@type\":\"SearchAction\",\"target\":{\"@type\":\"EntryPoint\",\"urlTemplate\":\"https:\\\/\\\/ljcreate.com\\\/es\\\/?s={search_term_string}\"},\"query-input\":{\"@type\":\"PropertyValueSpecification\",\"valueRequired\":true,\"valueName\":\"search_term_string\"}}],\"inLanguage\":\"es\"},{\"@type\":\"Organization\",\"@id\":\"https:\\\/\\\/ljcreate.com\\\/es\\\/#organization\",\"name\":\"LJ Create\",\"url\":\"https:\\\/\\\/ljcreate.com\\\/es\\\/\",\"logo\":{\"@type\":\"ImageObject\",\"inLanguage\":\"es\",\"@id\":\"https:\\\/\\\/ljcreate.com\\\/es\\\/#\\\/schema\\\/logo\\\/image\\\/\",\"url\":\"https:\\\/\\\/ljcreate.com\\\/wp-content\\\/uploads\\\/2021\\\/07\\\/logo.svg\",\"contentUrl\":\"https:\\\/\\\/ljcreate.com\\\/wp-content\\\/uploads\\\/2021\\\/07\\\/logo.svg\",\"width\":\"1024\",\"height\":\"1024\",\"caption\":\"LJ Create\"},\"image\":{\"@id\":\"https:\\\/\\\/ljcreate.com\\\/es\\\/#\\\/schema\\\/logo\\\/image\\\/\"}}]}<\/script>\n<!-- \/ Yoast SEO plugin. -->","yoast_head_json":{"title":"Tarjeta de Transductores de Entrada | LJ Create","description":"La de Transductores de Entrada, utilizada junto con un Entrenador de Estudio de Electr\u00f3nica, permite realizar una serie de investigaciones y actividades pr\u00e1cticas.","robots":{"index":"index","follow":"follow","max-snippet":"max-snippet:-1","max-image-preview":"max-image-preview:large","max-video-preview":"max-video-preview:-1"},"canonical":"https:\/\/ljcreate.com\/es\/engineering\/core-electronics-systems\/tarjeta-de-transductores-de-entrada\/","og_locale":"es_ES","og_type":"article","og_title":"Tarjeta de Transductores de Entrada | LJ Create","og_description":"La de Transductores de Entrada, utilizada junto con un Entrenador de Estudio de Electr\u00f3nica, permite realizar una serie de investigaciones y actividades pr\u00e1cticas.","og_url":"https:\/\/ljcreate.com\/es\/engineering\/core-electronics-systems\/tarjeta-de-transductores-de-entrada\/","og_site_name":"LJ Create","article_modified_time":"2024-06-13T07:51:38+00:00","og_image":[{"width":1080,"height":529,"url":"https:\/\/ljcreate.com\/wp-content\/uploads\/2024\/06\/pulseWidthModulationSignalsCard-1.webp","type":"image\/webp"}],"twitter_card":"summary_large_image","twitter_misc":{"Tiempo de lectura":"1 minuto"},"schema":{"@context":"https:\/\/schema.org","@graph":[{"@type":"WebPage","@id":"https:\/\/ljcreate.com\/es\/engineering\/core-electronics-systems\/tarjeta-de-transductores-de-entrada\/","url":"https:\/\/ljcreate.com\/es\/engineering\/core-electronics-systems\/tarjeta-de-transductores-de-entrada\/","name":"Tarjeta de Transductores de Entrada | LJ Create","isPartOf":{"@id":"https:\/\/ljcreate.com\/es\/#website"},"primaryImageOfPage":{"@id":"https:\/\/ljcreate.com\/es\/engineering\/core-electronics-systems\/tarjeta-de-transductores-de-entrada\/#primaryimage"},"image":{"@id":"https:\/\/ljcreate.com\/es\/engineering\/core-electronics-systems\/tarjeta-de-transductores-de-entrada\/#primaryimage"},"thumbnailUrl":"https:\/\/ljcreate.com\/wp-content\/uploads\/2024\/06\/pulseWidthModulationSignalsCard-1.webp","datePublished":"2024-06-12T16:25:17+00:00","dateModified":"2024-06-13T07:51:38+00:00","description":"La de Transductores de Entrada, utilizada junto con un Entrenador de Estudio de Electr\u00f3nica, permite realizar una serie de investigaciones y actividades pr\u00e1cticas.","breadcrumb":{"@id":"https:\/\/ljcreate.com\/es\/engineering\/core-electronics-systems\/tarjeta-de-transductores-de-entrada\/#breadcrumb"},"inLanguage":"es","potentialAction":[{"@type":"ReadAction","target":["https:\/\/ljcreate.com\/es\/engineering\/core-electronics-systems\/tarjeta-de-transductores-de-entrada\/"]}]},{"@type":"ImageObject","inLanguage":"es","@id":"https:\/\/ljcreate.com\/es\/engineering\/core-electronics-systems\/tarjeta-de-transductores-de-entrada\/#primaryimage","url":"https:\/\/ljcreate.com\/wp-content\/uploads\/2024\/06\/pulseWidthModulationSignalsCard-1.webp","contentUrl":"https:\/\/ljcreate.com\/wp-content\/uploads\/2024\/06\/pulseWidthModulationSignalsCard-1.webp","width":1080,"height":529,"caption":"Pulse Width Modulation Signals Card"},{"@type":"BreadcrumbList","@id":"https:\/\/ljcreate.com\/es\/engineering\/core-electronics-systems\/tarjeta-de-transductores-de-entrada\/#breadcrumb","itemListElement":[{"@type":"ListItem","position":1,"name":"Home","item":"https:\/\/ljcreate.com\/es\/"},{"@type":"ListItem","position":2,"name":"Productos","item":"https:\/\/ljcreate.com\/es\/shop\/"},{"@type":"ListItem","position":3,"name":"Engineering","item":"https:\/\/ljcreate.com\/uk\/product-category\/engineering\/"},{"@type":"ListItem","position":4,"name":"Tarjeta de Transductores de Entrada"}]},{"@type":"WebSite","@id":"https:\/\/ljcreate.com\/es\/#website","url":"https:\/\/ljcreate.com\/es\/","name":"LJ Create","description":"Innovate, Inspire, and Engage","publisher":{"@id":"https:\/\/ljcreate.com\/es\/#organization"},"alternateName":"Creative Learning (Norwich) Limited","potentialAction":[{"@type":"SearchAction","target":{"@type":"EntryPoint","urlTemplate":"https:\/\/ljcreate.com\/es\/?s={search_term_string}"},"query-input":{"@type":"PropertyValueSpecification","valueRequired":true,"valueName":"search_term_string"}}],"inLanguage":"es"},{"@type":"Organization","@id":"https:\/\/ljcreate.com\/es\/#organization","name":"LJ Create","url":"https:\/\/ljcreate.com\/es\/","logo":{"@type":"ImageObject","inLanguage":"es","@id":"https:\/\/ljcreate.com\/es\/#\/schema\/logo\/image\/","url":"https:\/\/ljcreate.com\/wp-content\/uploads\/2021\/07\/logo.svg","contentUrl":"https:\/\/ljcreate.com\/wp-content\/uploads\/2021\/07\/logo.svg","width":"1024","height":"1024","caption":"LJ Create"},"image":{"@id":"https:\/\/ljcreate.com\/es\/#\/schema\/logo\/image\/"}}]}},"_links":{"self":[{"href":"https:\/\/ljcreate.com\/es\/wp-json\/wp\/v2\/product\/58616","targetHints":{"allow":["GET"]}}],"collection":[{"href":"https:\/\/ljcreate.com\/es\/wp-json\/wp\/v2\/product"}],"about":[{"href":"https:\/\/ljcreate.com\/es\/wp-json\/wp\/v2\/types\/product"}],"wp:featuredmedia":[{"embeddable":true,"href":"https:\/\/ljcreate.com\/es\/wp-json\/wp\/v2\/media\/58788"}],"wp:attachment":[{"href":"https:\/\/ljcreate.com\/es\/wp-json\/wp\/v2\/media?parent=58616"}],"wp:term":[{"taxonomy":"product_brand","embeddable":true,"href":"https:\/\/ljcreate.com\/es\/wp-json\/wp\/v2\/product_brand?post=58616"},{"taxonomy":"product_cat","embeddable":true,"href":"https:\/\/ljcreate.com\/es\/wp-json\/wp\/v2\/product_cat?post=58616"},{"taxonomy":"product_tag","embeddable":true,"href":"https:\/\/ljcreate.com\/es\/wp-json\/wp\/v2\/product_tag?post=58616"}],"curies":[{"name":"wp","href":"https:\/\/api.w.org\/{rel}","templated":true}]}}