{"id":53518,"date":"2023-07-20T12:54:22","date_gmt":"2023-07-20T11:54:22","guid":{"rendered":"https:\/\/ljcreate.com\/product\/sin%20categor\u00eda\/kit-de-movimiento-recurso-de-nivel-t\/"},"modified":"2023-10-23T14:25:14","modified_gmt":"2023-10-23T13:25:14","slug":"kit-de-movimiento-recurso-de-nivel-t","status":"publish","type":"product","link":"https:\/\/ljcreate.com\/es\/engineering-uk\/t-level-resources-uk\/kit-de-movimiento\/","title":{"rendered":"Kit de movimiento"},"content":{"rendered":"<p>El Motion Kit (511-03) es una pista din\u00e1mica especializada que se puede utilizar para demostrar e investigar las leyes del movimiento. Algunas tareas requieren acceso a sensores inteligentes de puerta de luz inal\u00e1mbrica.<\/p>\n<h5>Las tareas pr\u00e1cticas t\u00edpicas incluyen:<\/h5>\n<ul>\n<li>Velocidad<\/li>\n<li>Velocidad<\/li>\n<li>Aceleraci\u00f3n<\/li>\n<li>Fuerza y momento<\/li>\n<li>Las leyes del movimiento de Newton<\/li>\n<\/ul>\n","protected":false},"excerpt":{"rendered":"<p>El Motion Kit (511-03) es una pista din\u00e1mica especializada que se puede utilizar para demostrar e investigar las leyes del movimiento. Algunas tareas requieren acceso a sensores inteligentes de puerta de luz inal\u00e1mbrica. Las tareas pr\u00e1cticas t\u00edpicas incluyen: Velocidad Velocidad Aceleraci\u00f3n Fuerza y momento Las leyes del movimiento de Newton<\/p>\n","protected":false},"featured_media":55745,"template":"","meta":{"_acf_changed":false,"inline_featured_image":false},"product_brand":[],"product_cat":[168,138],"product_tag":[],"class_list":{"0":"post-53518","1":"product","2":"type-product","3":"status-publish","4":"has-post-thumbnail","6":"product_cat-equipo-de-ciencia-de-ingenieria","7":"product_cat-engineering-es","9":"first","10":"instock","11":"shipping-taxable","12":"product-type-simple"},"acf":[],"yoast_head":"<!-- This site is optimized with the Yoast SEO plugin v27.3 - https:\/\/yoast.com\/product\/yoast-seo-wordpress\/ -->\n<title>Kit de movimiento | LJ Create<\/title>\n<meta name=\"robots\" content=\"index, follow, max-snippet:-1, max-image-preview:large, max-video-preview:-1\" \/>\n<link rel=\"canonical\" href=\"https:\/\/ljcreate.com\/es\/engineering-uk\/t-level-resources-uk\/kit-de-movimiento\/\" \/>\n<meta property=\"og:locale\" content=\"es_ES\" \/>\n<meta property=\"og:type\" content=\"article\" \/>\n<meta property=\"og:title\" content=\"Kit de movimiento | LJ Create\" \/>\n<meta property=\"og:description\" content=\"El Motion Kit (511-03) es una pista din\u00e1mica especializada que se puede utilizar para demostrar e investigar las leyes del movimiento. Algunas tareas requieren acceso a sensores inteligentes de puerta de luz inal\u00e1mbrica. Las tareas pr\u00e1cticas t\u00edpicas incluyen: Velocidad Velocidad Aceleraci\u00f3n Fuerza y momento Las leyes del movimiento de Newton\" \/>\n<meta property=\"og:url\" content=\"https:\/\/ljcreate.com\/es\/engineering-uk\/t-level-resources-uk\/kit-de-movimiento\/\" \/>\n<meta property=\"og:site_name\" content=\"LJ Create\" \/>\n<meta property=\"article:modified_time\" content=\"2023-10-23T13:25:14+00:00\" \/>\n<meta property=\"og:image\" content=\"https:\/\/ljcreate.com\/wp-content\/uploads\/2021\/08\/motionKit.png\" \/>\n\t<meta property=\"og:image:width\" content=\"1080\" \/>\n\t<meta property=\"og:image:height\" content=\"529\" \/>\n\t<meta property=\"og:image:type\" content=\"image\/png\" \/>\n<meta name=\"twitter:card\" content=\"summary_large_image\" \/>\n<meta name=\"twitter:label1\" content=\"Tiempo de lectura\" \/>\n\t<meta name=\"twitter:data1\" content=\"1 minuto\" \/>\n<script type=\"application\/ld+json\" class=\"yoast-schema-graph\">{\"@context\":\"https:\\\/\\\/schema.org\",\"@graph\":[{\"@type\":\"WebPage\",\"@id\":\"https:\\\/\\\/ljcreate.com\\\/es\\\/engineering-uk\\\/t-level-resources-uk\\\/kit-de-movimiento\\\/\",\"url\":\"https:\\\/\\\/ljcreate.com\\\/es\\\/engineering-uk\\\/t-level-resources-uk\\\/kit-de-movimiento\\\/\",\"name\":\"Kit de movimiento | LJ Create\",\"isPartOf\":{\"@id\":\"https:\\\/\\\/ljcreate.com\\\/es\\\/#website\"},\"primaryImageOfPage\":{\"@id\":\"https:\\\/\\\/ljcreate.com\\\/es\\\/engineering-uk\\\/t-level-resources-uk\\\/kit-de-movimiento\\\/#primaryimage\"},\"image\":{\"@id\":\"https:\\\/\\\/ljcreate.com\\\/es\\\/engineering-uk\\\/t-level-resources-uk\\\/kit-de-movimiento\\\/#primaryimage\"},\"thumbnailUrl\":\"https:\\\/\\\/ljcreate.com\\\/wp-content\\\/uploads\\\/2021\\\/08\\\/motionKit.png\",\"datePublished\":\"2023-07-20T11:54:22+00:00\",\"dateModified\":\"2023-10-23T13:25:14+00:00\",\"breadcrumb\":{\"@id\":\"https:\\\/\\\/ljcreate.com\\\/es\\\/engineering-uk\\\/t-level-resources-uk\\\/kit-de-movimiento\\\/#breadcrumb\"},\"inLanguage\":\"es\",\"potentialAction\":[{\"@type\":\"ReadAction\",\"target\":[\"https:\\\/\\\/ljcreate.com\\\/es\\\/engineering-uk\\\/t-level-resources-uk\\\/kit-de-movimiento\\\/\"]}]},{\"@type\":\"ImageObject\",\"inLanguage\":\"es\",\"@id\":\"https:\\\/\\\/ljcreate.com\\\/es\\\/engineering-uk\\\/t-level-resources-uk\\\/kit-de-movimiento\\\/#primaryimage\",\"url\":\"https:\\\/\\\/ljcreate.com\\\/wp-content\\\/uploads\\\/2021\\\/08\\\/motionKit.png\",\"contentUrl\":\"https:\\\/\\\/ljcreate.com\\\/wp-content\\\/uploads\\\/2021\\\/08\\\/motionKit.png\",\"width\":1080,\"height\":529,\"caption\":\"Motion Kit\"},{\"@type\":\"BreadcrumbList\",\"@id\":\"https:\\\/\\\/ljcreate.com\\\/es\\\/engineering-uk\\\/t-level-resources-uk\\\/kit-de-movimiento\\\/#breadcrumb\",\"itemListElement\":[{\"@type\":\"ListItem\",\"position\":1,\"name\":\"Home\",\"item\":\"https:\\\/\\\/ljcreate.com\\\/es\\\/\"},{\"@type\":\"ListItem\",\"position\":2,\"name\":\"Productos\",\"item\":\"https:\\\/\\\/ljcreate.com\\\/es\\\/shop\\\/\"},{\"@type\":\"ListItem\",\"position\":3,\"name\":\"Ingenier\u00eda\",\"item\":\"https:\\\/\\\/ljcreate.com\\\/es\\\/product-category\\\/engineering-es\\\/\"},{\"@type\":\"ListItem\",\"position\":4,\"name\":\"Kit de movimiento\"}]},{\"@type\":\"WebSite\",\"@id\":\"https:\\\/\\\/ljcreate.com\\\/es\\\/#website\",\"url\":\"https:\\\/\\\/ljcreate.com\\\/es\\\/\",\"name\":\"LJ Create\",\"description\":\"Innovate, Inspire, and Engage\",\"publisher\":{\"@id\":\"https:\\\/\\\/ljcreate.com\\\/es\\\/#organization\"},\"alternateName\":\"Creative Learning (Norwich) Limited\",\"potentialAction\":[{\"@type\":\"SearchAction\",\"target\":{\"@type\":\"EntryPoint\",\"urlTemplate\":\"https:\\\/\\\/ljcreate.com\\\/es\\\/?s={search_term_string}\"},\"query-input\":{\"@type\":\"PropertyValueSpecification\",\"valueRequired\":true,\"valueName\":\"search_term_string\"}}],\"inLanguage\":\"es\"},{\"@type\":\"Organization\",\"@id\":\"https:\\\/\\\/ljcreate.com\\\/es\\\/#organization\",\"name\":\"LJ Create\",\"url\":\"https:\\\/\\\/ljcreate.com\\\/es\\\/\",\"logo\":{\"@type\":\"ImageObject\",\"inLanguage\":\"es\",\"@id\":\"https:\\\/\\\/ljcreate.com\\\/es\\\/#\\\/schema\\\/logo\\\/image\\\/\",\"url\":\"https:\\\/\\\/ljcreate.com\\\/wp-content\\\/uploads\\\/2021\\\/07\\\/logo.svg\",\"contentUrl\":\"https:\\\/\\\/ljcreate.com\\\/wp-content\\\/uploads\\\/2021\\\/07\\\/logo.svg\",\"width\":\"1024\",\"height\":\"1024\",\"caption\":\"LJ Create\"},\"image\":{\"@id\":\"https:\\\/\\\/ljcreate.com\\\/es\\\/#\\\/schema\\\/logo\\\/image\\\/\"}}]}<\/script>\n<!-- \/ Yoast SEO plugin. -->","yoast_head_json":{"title":"Kit de movimiento | LJ Create","robots":{"index":"index","follow":"follow","max-snippet":"max-snippet:-1","max-image-preview":"max-image-preview:large","max-video-preview":"max-video-preview:-1"},"canonical":"https:\/\/ljcreate.com\/es\/engineering-uk\/t-level-resources-uk\/kit-de-movimiento\/","og_locale":"es_ES","og_type":"article","og_title":"Kit de movimiento | LJ Create","og_description":"El Motion Kit (511-03) es una pista din\u00e1mica especializada que se puede utilizar para demostrar e investigar las leyes del movimiento. Algunas tareas requieren acceso a sensores inteligentes de puerta de luz inal\u00e1mbrica. Las tareas pr\u00e1cticas t\u00edpicas incluyen: Velocidad Velocidad Aceleraci\u00f3n Fuerza y momento Las leyes del movimiento de Newton","og_url":"https:\/\/ljcreate.com\/es\/engineering-uk\/t-level-resources-uk\/kit-de-movimiento\/","og_site_name":"LJ Create","article_modified_time":"2023-10-23T13:25:14+00:00","og_image":[{"width":1080,"height":529,"url":"https:\/\/ljcreate.com\/wp-content\/uploads\/2021\/08\/motionKit.png","type":"image\/png"}],"twitter_card":"summary_large_image","twitter_misc":{"Tiempo de lectura":"1 minuto"},"schema":{"@context":"https:\/\/schema.org","@graph":[{"@type":"WebPage","@id":"https:\/\/ljcreate.com\/es\/engineering-uk\/t-level-resources-uk\/kit-de-movimiento\/","url":"https:\/\/ljcreate.com\/es\/engineering-uk\/t-level-resources-uk\/kit-de-movimiento\/","name":"Kit de movimiento | LJ Create","isPartOf":{"@id":"https:\/\/ljcreate.com\/es\/#website"},"primaryImageOfPage":{"@id":"https:\/\/ljcreate.com\/es\/engineering-uk\/t-level-resources-uk\/kit-de-movimiento\/#primaryimage"},"image":{"@id":"https:\/\/ljcreate.com\/es\/engineering-uk\/t-level-resources-uk\/kit-de-movimiento\/#primaryimage"},"thumbnailUrl":"https:\/\/ljcreate.com\/wp-content\/uploads\/2021\/08\/motionKit.png","datePublished":"2023-07-20T11:54:22+00:00","dateModified":"2023-10-23T13:25:14+00:00","breadcrumb":{"@id":"https:\/\/ljcreate.com\/es\/engineering-uk\/t-level-resources-uk\/kit-de-movimiento\/#breadcrumb"},"inLanguage":"es","potentialAction":[{"@type":"ReadAction","target":["https:\/\/ljcreate.com\/es\/engineering-uk\/t-level-resources-uk\/kit-de-movimiento\/"]}]},{"@type":"ImageObject","inLanguage":"es","@id":"https:\/\/ljcreate.com\/es\/engineering-uk\/t-level-resources-uk\/kit-de-movimiento\/#primaryimage","url":"https:\/\/ljcreate.com\/wp-content\/uploads\/2021\/08\/motionKit.png","contentUrl":"https:\/\/ljcreate.com\/wp-content\/uploads\/2021\/08\/motionKit.png","width":1080,"height":529,"caption":"Motion Kit"},{"@type":"BreadcrumbList","@id":"https:\/\/ljcreate.com\/es\/engineering-uk\/t-level-resources-uk\/kit-de-movimiento\/#breadcrumb","itemListElement":[{"@type":"ListItem","position":1,"name":"Home","item":"https:\/\/ljcreate.com\/es\/"},{"@type":"ListItem","position":2,"name":"Productos","item":"https:\/\/ljcreate.com\/es\/shop\/"},{"@type":"ListItem","position":3,"name":"Ingenier\u00eda","item":"https:\/\/ljcreate.com\/es\/product-category\/engineering-es\/"},{"@type":"ListItem","position":4,"name":"Kit de movimiento"}]},{"@type":"WebSite","@id":"https:\/\/ljcreate.com\/es\/#website","url":"https:\/\/ljcreate.com\/es\/","name":"LJ Create","description":"Innovate, Inspire, and Engage","publisher":{"@id":"https:\/\/ljcreate.com\/es\/#organization"},"alternateName":"Creative Learning (Norwich) Limited","potentialAction":[{"@type":"SearchAction","target":{"@type":"EntryPoint","urlTemplate":"https:\/\/ljcreate.com\/es\/?s={search_term_string}"},"query-input":{"@type":"PropertyValueSpecification","valueRequired":true,"valueName":"search_term_string"}}],"inLanguage":"es"},{"@type":"Organization","@id":"https:\/\/ljcreate.com\/es\/#organization","name":"LJ Create","url":"https:\/\/ljcreate.com\/es\/","logo":{"@type":"ImageObject","inLanguage":"es","@id":"https:\/\/ljcreate.com\/es\/#\/schema\/logo\/image\/","url":"https:\/\/ljcreate.com\/wp-content\/uploads\/2021\/07\/logo.svg","contentUrl":"https:\/\/ljcreate.com\/wp-content\/uploads\/2021\/07\/logo.svg","width":"1024","height":"1024","caption":"LJ Create"},"image":{"@id":"https:\/\/ljcreate.com\/es\/#\/schema\/logo\/image\/"}}]}},"_links":{"self":[{"href":"https:\/\/ljcreate.com\/es\/wp-json\/wp\/v2\/product\/53518","targetHints":{"allow":["GET"]}}],"collection":[{"href":"https:\/\/ljcreate.com\/es\/wp-json\/wp\/v2\/product"}],"about":[{"href":"https:\/\/ljcreate.com\/es\/wp-json\/wp\/v2\/types\/product"}],"wp:featuredmedia":[{"embeddable":true,"href":"https:\/\/ljcreate.com\/es\/wp-json\/wp\/v2\/media\/55745"}],"wp:attachment":[{"href":"https:\/\/ljcreate.com\/es\/wp-json\/wp\/v2\/media?parent=53518"}],"wp:term":[{"taxonomy":"product_brand","embeddable":true,"href":"https:\/\/ljcreate.com\/es\/wp-json\/wp\/v2\/product_brand?post=53518"},{"taxonomy":"product_cat","embeddable":true,"href":"https:\/\/ljcreate.com\/es\/wp-json\/wp\/v2\/product_cat?post=53518"},{"taxonomy":"product_tag","embeddable":true,"href":"https:\/\/ljcreate.com\/es\/wp-json\/wp\/v2\/product_tag?post=53518"}],"curies":[{"name":"wp","href":"https:\/\/api.w.org\/{rel}","templated":true}]}}