{"id":53516,"date":"2023-07-20T12:51:40","date_gmt":"2023-07-20T11:51:40","guid":{"rendered":"https:\/\/ljcreate.com\/product\/sin%20categor\u00eda\/kit-de-aparatos-de-fisica-recurso-de-nivel-t\/"},"modified":"2023-07-20T13:07:39","modified_gmt":"2023-07-20T12:07:39","slug":"kit-de-aparatos-de-fisica-recurso-de-nivel-t","status":"publish","type":"product","link":"https:\/\/ljcreate.com\/es\/engineering-uk\/t-level-resources-uk\/kit-de-aparatos-de-fisica\/","title":{"rendered":"Kit de aparatos de f\u00edsica"},"content":{"rendered":"<h5>Entre las tareas pr\u00e1cticas t\u00edpicas que pueden realizarse con el kit de aparatos de f\u00edsica (511-01) se incluyen:<\/h5>\n<ul>\n<li>Fuerza<\/li>\n<li>Energ\u00eda<\/li>\n<li>Olas<\/li>\n<li>Magnetismo<\/li>\n<li>Momentos y palancas<\/li>\n<li>Leyes de Newton<\/li>\n<\/ul>\n","protected":false},"excerpt":{"rendered":"<p>Entre las tareas pr\u00e1cticas t\u00edpicas que pueden realizarse con el kit de aparatos de f\u00edsica (511-01) se incluyen: Fuerza Energ\u00eda Olas Magnetismo Momentos y palancas Leyes de Newton<\/p>\n","protected":false},"featured_media":19458,"template":"","meta":{"_acf_changed":false,"inline_featured_image":false},"product_brand":[],"product_cat":[168,138],"product_tag":[],"class_list":{"0":"post-53516","1":"product","2":"type-product","3":"status-publish","4":"has-post-thumbnail","6":"product_cat-equipo-de-ciencia-de-ingenieria","7":"product_cat-engineering-es","9":"first","10":"instock","11":"shipping-taxable","12":"product-type-simple"},"acf":[],"yoast_head":"<!-- This site is optimized with the Yoast SEO plugin v27.3 - https:\/\/yoast.com\/product\/yoast-seo-wordpress\/ -->\n<title>Kit de aparatos de f\u00edsica | LJ Create<\/title>\n<meta name=\"robots\" content=\"index, follow, max-snippet:-1, max-image-preview:large, max-video-preview:-1\" \/>\n<link rel=\"canonical\" href=\"https:\/\/ljcreate.com\/es\/engineering-uk\/t-level-resources-uk\/kit-de-aparatos-de-fisica\/\" \/>\n<meta property=\"og:locale\" content=\"es_ES\" \/>\n<meta property=\"og:type\" content=\"article\" \/>\n<meta property=\"og:title\" content=\"Kit de aparatos de f\u00edsica | LJ Create\" \/>\n<meta property=\"og:description\" content=\"Entre las tareas pr\u00e1cticas t\u00edpicas que pueden realizarse con el kit de aparatos de f\u00edsica (511-01) se incluyen: Fuerza Energ\u00eda Olas Magnetismo Momentos y palancas Leyes de Newton\" \/>\n<meta property=\"og:url\" content=\"https:\/\/ljcreate.com\/es\/engineering-uk\/t-level-resources-uk\/kit-de-aparatos-de-fisica\/\" \/>\n<meta property=\"og:site_name\" content=\"LJ Create\" \/>\n<meta property=\"article:modified_time\" content=\"2023-07-20T12:07:39+00:00\" \/>\n<meta property=\"og:image\" content=\"https:\/\/ljcreate.com\/wp-content\/uploads\/2021\/08\/511-01_Main.jpg\" \/>\n\t<meta property=\"og:image:width\" content=\"1800\" \/>\n\t<meta property=\"og:image:height\" content=\"881\" \/>\n\t<meta property=\"og:image:type\" content=\"image\/jpeg\" \/>\n<meta name=\"twitter:card\" content=\"summary_large_image\" \/>\n<meta name=\"twitter:label1\" content=\"Tiempo de lectura\" \/>\n\t<meta name=\"twitter:data1\" content=\"1 minuto\" \/>\n<script type=\"application\/ld+json\" class=\"yoast-schema-graph\">{\"@context\":\"https:\\\/\\\/schema.org\",\"@graph\":[{\"@type\":\"WebPage\",\"@id\":\"https:\\\/\\\/ljcreate.com\\\/es\\\/engineering-uk\\\/t-level-resources-uk\\\/kit-de-aparatos-de-fisica\\\/\",\"url\":\"https:\\\/\\\/ljcreate.com\\\/es\\\/engineering-uk\\\/t-level-resources-uk\\\/kit-de-aparatos-de-fisica\\\/\",\"name\":\"Kit de aparatos de f\u00edsica | LJ Create\",\"isPartOf\":{\"@id\":\"https:\\\/\\\/ljcreate.com\\\/es\\\/#website\"},\"primaryImageOfPage\":{\"@id\":\"https:\\\/\\\/ljcreate.com\\\/es\\\/engineering-uk\\\/t-level-resources-uk\\\/kit-de-aparatos-de-fisica\\\/#primaryimage\"},\"image\":{\"@id\":\"https:\\\/\\\/ljcreate.com\\\/es\\\/engineering-uk\\\/t-level-resources-uk\\\/kit-de-aparatos-de-fisica\\\/#primaryimage\"},\"thumbnailUrl\":\"https:\\\/\\\/ljcreate.com\\\/wp-content\\\/uploads\\\/2021\\\/08\\\/511-01_Main.jpg\",\"datePublished\":\"2023-07-20T11:51:40+00:00\",\"dateModified\":\"2023-07-20T12:07:39+00:00\",\"breadcrumb\":{\"@id\":\"https:\\\/\\\/ljcreate.com\\\/es\\\/engineering-uk\\\/t-level-resources-uk\\\/kit-de-aparatos-de-fisica\\\/#breadcrumb\"},\"inLanguage\":\"es\",\"potentialAction\":[{\"@type\":\"ReadAction\",\"target\":[\"https:\\\/\\\/ljcreate.com\\\/es\\\/engineering-uk\\\/t-level-resources-uk\\\/kit-de-aparatos-de-fisica\\\/\"]}]},{\"@type\":\"ImageObject\",\"inLanguage\":\"es\",\"@id\":\"https:\\\/\\\/ljcreate.com\\\/es\\\/engineering-uk\\\/t-level-resources-uk\\\/kit-de-aparatos-de-fisica\\\/#primaryimage\",\"url\":\"https:\\\/\\\/ljcreate.com\\\/wp-content\\\/uploads\\\/2021\\\/08\\\/511-01_Main.jpg\",\"contentUrl\":\"https:\\\/\\\/ljcreate.com\\\/wp-content\\\/uploads\\\/2021\\\/08\\\/511-01_Main.jpg\",\"width\":1800,\"height\":881,\"caption\":\"Physics Apparatus Kit\"},{\"@type\":\"BreadcrumbList\",\"@id\":\"https:\\\/\\\/ljcreate.com\\\/es\\\/engineering-uk\\\/t-level-resources-uk\\\/kit-de-aparatos-de-fisica\\\/#breadcrumb\",\"itemListElement\":[{\"@type\":\"ListItem\",\"position\":1,\"name\":\"Home\",\"item\":\"https:\\\/\\\/ljcreate.com\\\/es\\\/\"},{\"@type\":\"ListItem\",\"position\":2,\"name\":\"Productos\",\"item\":\"https:\\\/\\\/ljcreate.com\\\/es\\\/shop\\\/\"},{\"@type\":\"ListItem\",\"position\":3,\"name\":\"STEM\\\/Career Exploration\",\"item\":\"https:\\\/\\\/ljcreate.com\\\/product-category\\\/stem-career-exploration\\\/\"},{\"@type\":\"ListItem\",\"position\":4,\"name\":\"Kit de aparatos de f\u00edsica\"}]},{\"@type\":\"WebSite\",\"@id\":\"https:\\\/\\\/ljcreate.com\\\/es\\\/#website\",\"url\":\"https:\\\/\\\/ljcreate.com\\\/es\\\/\",\"name\":\"LJ Create\",\"description\":\"Innovate, Inspire, and Engage\",\"publisher\":{\"@id\":\"https:\\\/\\\/ljcreate.com\\\/es\\\/#organization\"},\"alternateName\":\"Creative Learning (Norwich) Limited\",\"potentialAction\":[{\"@type\":\"SearchAction\",\"target\":{\"@type\":\"EntryPoint\",\"urlTemplate\":\"https:\\\/\\\/ljcreate.com\\\/es\\\/?s={search_term_string}\"},\"query-input\":{\"@type\":\"PropertyValueSpecification\",\"valueRequired\":true,\"valueName\":\"search_term_string\"}}],\"inLanguage\":\"es\"},{\"@type\":\"Organization\",\"@id\":\"https:\\\/\\\/ljcreate.com\\\/es\\\/#organization\",\"name\":\"LJ Create\",\"url\":\"https:\\\/\\\/ljcreate.com\\\/es\\\/\",\"logo\":{\"@type\":\"ImageObject\",\"inLanguage\":\"es\",\"@id\":\"https:\\\/\\\/ljcreate.com\\\/es\\\/#\\\/schema\\\/logo\\\/image\\\/\",\"url\":\"https:\\\/\\\/ljcreate.com\\\/wp-content\\\/uploads\\\/2021\\\/07\\\/logo.svg\",\"contentUrl\":\"https:\\\/\\\/ljcreate.com\\\/wp-content\\\/uploads\\\/2021\\\/07\\\/logo.svg\",\"width\":\"1024\",\"height\":\"1024\",\"caption\":\"LJ Create\"},\"image\":{\"@id\":\"https:\\\/\\\/ljcreate.com\\\/es\\\/#\\\/schema\\\/logo\\\/image\\\/\"}}]}<\/script>\n<!-- \/ Yoast SEO plugin. -->","yoast_head_json":{"title":"Kit de aparatos de f\u00edsica | LJ Create","robots":{"index":"index","follow":"follow","max-snippet":"max-snippet:-1","max-image-preview":"max-image-preview:large","max-video-preview":"max-video-preview:-1"},"canonical":"https:\/\/ljcreate.com\/es\/engineering-uk\/t-level-resources-uk\/kit-de-aparatos-de-fisica\/","og_locale":"es_ES","og_type":"article","og_title":"Kit de aparatos de f\u00edsica | LJ Create","og_description":"Entre las tareas pr\u00e1cticas t\u00edpicas que pueden realizarse con el kit de aparatos de f\u00edsica (511-01) se incluyen: Fuerza Energ\u00eda Olas Magnetismo Momentos y palancas Leyes de Newton","og_url":"https:\/\/ljcreate.com\/es\/engineering-uk\/t-level-resources-uk\/kit-de-aparatos-de-fisica\/","og_site_name":"LJ Create","article_modified_time":"2023-07-20T12:07:39+00:00","og_image":[{"width":1800,"height":881,"url":"https:\/\/ljcreate.com\/wp-content\/uploads\/2021\/08\/511-01_Main.jpg","type":"image\/jpeg"}],"twitter_card":"summary_large_image","twitter_misc":{"Tiempo de lectura":"1 minuto"},"schema":{"@context":"https:\/\/schema.org","@graph":[{"@type":"WebPage","@id":"https:\/\/ljcreate.com\/es\/engineering-uk\/t-level-resources-uk\/kit-de-aparatos-de-fisica\/","url":"https:\/\/ljcreate.com\/es\/engineering-uk\/t-level-resources-uk\/kit-de-aparatos-de-fisica\/","name":"Kit de aparatos de f\u00edsica | LJ Create","isPartOf":{"@id":"https:\/\/ljcreate.com\/es\/#website"},"primaryImageOfPage":{"@id":"https:\/\/ljcreate.com\/es\/engineering-uk\/t-level-resources-uk\/kit-de-aparatos-de-fisica\/#primaryimage"},"image":{"@id":"https:\/\/ljcreate.com\/es\/engineering-uk\/t-level-resources-uk\/kit-de-aparatos-de-fisica\/#primaryimage"},"thumbnailUrl":"https:\/\/ljcreate.com\/wp-content\/uploads\/2021\/08\/511-01_Main.jpg","datePublished":"2023-07-20T11:51:40+00:00","dateModified":"2023-07-20T12:07:39+00:00","breadcrumb":{"@id":"https:\/\/ljcreate.com\/es\/engineering-uk\/t-level-resources-uk\/kit-de-aparatos-de-fisica\/#breadcrumb"},"inLanguage":"es","potentialAction":[{"@type":"ReadAction","target":["https:\/\/ljcreate.com\/es\/engineering-uk\/t-level-resources-uk\/kit-de-aparatos-de-fisica\/"]}]},{"@type":"ImageObject","inLanguage":"es","@id":"https:\/\/ljcreate.com\/es\/engineering-uk\/t-level-resources-uk\/kit-de-aparatos-de-fisica\/#primaryimage","url":"https:\/\/ljcreate.com\/wp-content\/uploads\/2021\/08\/511-01_Main.jpg","contentUrl":"https:\/\/ljcreate.com\/wp-content\/uploads\/2021\/08\/511-01_Main.jpg","width":1800,"height":881,"caption":"Physics Apparatus Kit"},{"@type":"BreadcrumbList","@id":"https:\/\/ljcreate.com\/es\/engineering-uk\/t-level-resources-uk\/kit-de-aparatos-de-fisica\/#breadcrumb","itemListElement":[{"@type":"ListItem","position":1,"name":"Home","item":"https:\/\/ljcreate.com\/es\/"},{"@type":"ListItem","position":2,"name":"Productos","item":"https:\/\/ljcreate.com\/es\/shop\/"},{"@type":"ListItem","position":3,"name":"STEM\/Career Exploration","item":"https:\/\/ljcreate.com\/product-category\/stem-career-exploration\/"},{"@type":"ListItem","position":4,"name":"Kit de aparatos de f\u00edsica"}]},{"@type":"WebSite","@id":"https:\/\/ljcreate.com\/es\/#website","url":"https:\/\/ljcreate.com\/es\/","name":"LJ Create","description":"Innovate, Inspire, and Engage","publisher":{"@id":"https:\/\/ljcreate.com\/es\/#organization"},"alternateName":"Creative Learning (Norwich) Limited","potentialAction":[{"@type":"SearchAction","target":{"@type":"EntryPoint","urlTemplate":"https:\/\/ljcreate.com\/es\/?s={search_term_string}"},"query-input":{"@type":"PropertyValueSpecification","valueRequired":true,"valueName":"search_term_string"}}],"inLanguage":"es"},{"@type":"Organization","@id":"https:\/\/ljcreate.com\/es\/#organization","name":"LJ Create","url":"https:\/\/ljcreate.com\/es\/","logo":{"@type":"ImageObject","inLanguage":"es","@id":"https:\/\/ljcreate.com\/es\/#\/schema\/logo\/image\/","url":"https:\/\/ljcreate.com\/wp-content\/uploads\/2021\/07\/logo.svg","contentUrl":"https:\/\/ljcreate.com\/wp-content\/uploads\/2021\/07\/logo.svg","width":"1024","height":"1024","caption":"LJ Create"},"image":{"@id":"https:\/\/ljcreate.com\/es\/#\/schema\/logo\/image\/"}}]}},"_links":{"self":[{"href":"https:\/\/ljcreate.com\/es\/wp-json\/wp\/v2\/product\/53516","targetHints":{"allow":["GET"]}}],"collection":[{"href":"https:\/\/ljcreate.com\/es\/wp-json\/wp\/v2\/product"}],"about":[{"href":"https:\/\/ljcreate.com\/es\/wp-json\/wp\/v2\/types\/product"}],"wp:featuredmedia":[{"embeddable":true,"href":"https:\/\/ljcreate.com\/es\/wp-json\/wp\/v2\/media\/19458"}],"wp:attachment":[{"href":"https:\/\/ljcreate.com\/es\/wp-json\/wp\/v2\/media?parent=53516"}],"wp:term":[{"taxonomy":"product_brand","embeddable":true,"href":"https:\/\/ljcreate.com\/es\/wp-json\/wp\/v2\/product_brand?post=53516"},{"taxonomy":"product_cat","embeddable":true,"href":"https:\/\/ljcreate.com\/es\/wp-json\/wp\/v2\/product_cat?post=53516"},{"taxonomy":"product_tag","embeddable":true,"href":"https:\/\/ljcreate.com\/es\/wp-json\/wp\/v2\/product_tag?post=53516"}],"curies":[{"name":"wp","href":"https:\/\/api.w.org\/{rel}","templated":true}]}}