{"id":53282,"date":"2023-07-12T12:54:13","date_gmt":"2023-07-12T11:54:13","guid":{"rendered":"https:\/\/ljcreate.com\/product\/sin%20categor\u00eda\/sensor-inteligente-de-fuerza-inalambrico\/"},"modified":"2023-07-12T12:55:15","modified_gmt":"2023-07-12T11:55:15","slug":"sensor-inteligente-de-fuerza-inalambrico","status":"publish","type":"product","link":"https:\/\/ljcreate.com\/es\/stem-career-exploration\/design-and-technology-equipment\/sensor-inteligente-de-fuerza-inalambrico\/","title":{"rendered":"Sensor inteligente de fuerza inal\u00e1mbrico"},"content":{"rendered":"<p>El sensor inteligente de fuerza inal\u00e1mbrico (521-02) es una combinaci\u00f3n de sensor de fuerza y aceler\u00f3metro de 3 ejes. El rango de fuerza mide las fuerzas de compresi\u00f3n y extensi\u00f3n aplicadas y se suministra con un tornillo de sujeci\u00f3n para fijarlo a un soporte, un gancho para investigaciones de movimientos arm\u00f3nicos simples y puenting, topes para investigar la colisi\u00f3n de un carro con el sensor.<\/p>\n<p>Los dedos forman parte del sensor, perfecto para realizar pruebas de fatiga muscular. El sensor incluye un aceler\u00f3metro de 3 ejes que mide la fuerza de aceleraci\u00f3n, tanto est\u00e1tica como din\u00e1mica, y un giroscopio de 3 ejes para aplicaciones en las que se necesita un sensor de movimiento angular de alto rendimiento.<\/p>\n<h5>Caracter\u00edsticas:<\/h5>\n<ul>\n<li class=\"rvps2\"><span class=\"rvts6\">Un sensor de fuerza que puede medir en el rango de -100 a + 100 N<\/span><\/li>\n<li class=\"rvps2\"><span class=\"rvts6\">Un sensor de aceleraci\u00f3n que puede medir aceleraciones en el rango de 0 a 150m\/s2 a lo largo de tres ejes (a la vez)<\/span><\/li>\n<li class=\"rvps2\"><span class=\"rvts6\">Un sensor girosc\u00f3pico que puede medir la rotaci\u00f3n sobre tres ejes (uno a la vez) en el rango de 0 a 8 m\/s.<\/span><\/li>\n<\/ul>\n","protected":false},"excerpt":{"rendered":"<p>El sensor inteligente de fuerza inal\u00e1mbrico (521-02) es una combinaci\u00f3n de sensor de fuerza y aceler\u00f3metro de 3 ejes. El rango de fuerza mide las fuerzas de compresi\u00f3n y extensi\u00f3n aplicadas y se suministra con un tornillo de sujeci\u00f3n para fijarlo a un soporte, un gancho para investigaciones de movimientos arm\u00f3nicos simples y puenting, topes&hellip;<\/p>\n","protected":false},"featured_media":53226,"template":"","meta":{"_acf_changed":false,"inline_featured_image":false},"product_brand":[],"product_cat":[138,142],"product_tag":[],"class_list":{"0":"post-53282","1":"product","2":"type-product","3":"status-publish","4":"has-post-thumbnail","6":"product_cat-engineering-es","7":"product_cat-equipo-de-ingenieria-central","9":"first","10":"instock","11":"shipping-taxable","12":"product-type-simple"},"acf":[],"yoast_head":"<!-- This site is optimized with the Yoast SEO plugin v27.3 - https:\/\/yoast.com\/product\/yoast-seo-wordpress\/ -->\n<title>Sensor inteligente de fuerza inal\u00e1mbrico | LJ Create<\/title>\n<meta name=\"robots\" content=\"index, follow, max-snippet:-1, max-image-preview:large, max-video-preview:-1\" \/>\n<link rel=\"canonical\" href=\"https:\/\/ljcreate.com\/es\/stem-career-exploration\/design-and-technology-equipment\/sensor-inteligente-de-fuerza-inalambrico\/\" \/>\n<meta property=\"og:locale\" content=\"es_ES\" \/>\n<meta property=\"og:type\" content=\"article\" \/>\n<meta property=\"og:title\" content=\"Sensor inteligente de fuerza inal\u00e1mbrico | LJ Create\" \/>\n<meta property=\"og:description\" content=\"El sensor inteligente de fuerza inal\u00e1mbrico (521-02) es una combinaci\u00f3n de sensor de fuerza y aceler\u00f3metro de 3 ejes. El rango de fuerza mide las fuerzas de compresi\u00f3n y extensi\u00f3n aplicadas y se suministra con un tornillo de sujeci\u00f3n para fijarlo a un soporte, un gancho para investigaciones de movimientos arm\u00f3nicos simples y puenting, topes&hellip;\" \/>\n<meta property=\"og:url\" content=\"https:\/\/ljcreate.com\/es\/stem-career-exploration\/design-and-technology-equipment\/sensor-inteligente-de-fuerza-inalambrico\/\" \/>\n<meta property=\"og:site_name\" content=\"LJ Create\" \/>\n<meta property=\"article:modified_time\" content=\"2023-07-12T11:55:15+00:00\" \/>\n<meta property=\"og:image\" content=\"https:\/\/ljcreate.com\/wp-content\/uploads\/2023\/07\/wirelessForceSmartSensor.webp\" \/>\n\t<meta property=\"og:image:width\" content=\"1080\" \/>\n\t<meta property=\"og:image:height\" content=\"529\" \/>\n\t<meta property=\"og:image:type\" content=\"image\/webp\" \/>\n<meta name=\"twitter:card\" content=\"summary_large_image\" \/>\n<meta name=\"twitter:label1\" content=\"Tiempo de lectura\" \/>\n\t<meta name=\"twitter:data1\" content=\"1 minuto\" \/>\n<script type=\"application\/ld+json\" class=\"yoast-schema-graph\">{\"@context\":\"https:\\\/\\\/schema.org\",\"@graph\":[{\"@type\":\"WebPage\",\"@id\":\"https:\\\/\\\/ljcreate.com\\\/es\\\/stem-career-exploration\\\/design-and-technology-equipment\\\/sensor-inteligente-de-fuerza-inalambrico\\\/\",\"url\":\"https:\\\/\\\/ljcreate.com\\\/es\\\/stem-career-exploration\\\/design-and-technology-equipment\\\/sensor-inteligente-de-fuerza-inalambrico\\\/\",\"name\":\"Sensor inteligente de fuerza inal\u00e1mbrico | LJ Create\",\"isPartOf\":{\"@id\":\"https:\\\/\\\/ljcreate.com\\\/es\\\/#website\"},\"primaryImageOfPage\":{\"@id\":\"https:\\\/\\\/ljcreate.com\\\/es\\\/stem-career-exploration\\\/design-and-technology-equipment\\\/sensor-inteligente-de-fuerza-inalambrico\\\/#primaryimage\"},\"image\":{\"@id\":\"https:\\\/\\\/ljcreate.com\\\/es\\\/stem-career-exploration\\\/design-and-technology-equipment\\\/sensor-inteligente-de-fuerza-inalambrico\\\/#primaryimage\"},\"thumbnailUrl\":\"https:\\\/\\\/ljcreate.com\\\/wp-content\\\/uploads\\\/2023\\\/07\\\/wirelessForceSmartSensor.webp\",\"datePublished\":\"2023-07-12T11:54:13+00:00\",\"dateModified\":\"2023-07-12T11:55:15+00:00\",\"breadcrumb\":{\"@id\":\"https:\\\/\\\/ljcreate.com\\\/es\\\/stem-career-exploration\\\/design-and-technology-equipment\\\/sensor-inteligente-de-fuerza-inalambrico\\\/#breadcrumb\"},\"inLanguage\":\"es\",\"potentialAction\":[{\"@type\":\"ReadAction\",\"target\":[\"https:\\\/\\\/ljcreate.com\\\/es\\\/stem-career-exploration\\\/design-and-technology-equipment\\\/sensor-inteligente-de-fuerza-inalambrico\\\/\"]}]},{\"@type\":\"ImageObject\",\"inLanguage\":\"es\",\"@id\":\"https:\\\/\\\/ljcreate.com\\\/es\\\/stem-career-exploration\\\/design-and-technology-equipment\\\/sensor-inteligente-de-fuerza-inalambrico\\\/#primaryimage\",\"url\":\"https:\\\/\\\/ljcreate.com\\\/wp-content\\\/uploads\\\/2023\\\/07\\\/wirelessForceSmartSensor.webp\",\"contentUrl\":\"https:\\\/\\\/ljcreate.com\\\/wp-content\\\/uploads\\\/2023\\\/07\\\/wirelessForceSmartSensor.webp\",\"width\":1080,\"height\":529,\"caption\":\"Wireless Force Smart Sensor\"},{\"@type\":\"BreadcrumbList\",\"@id\":\"https:\\\/\\\/ljcreate.com\\\/es\\\/stem-career-exploration\\\/design-and-technology-equipment\\\/sensor-inteligente-de-fuerza-inalambrico\\\/#breadcrumb\",\"itemListElement\":[{\"@type\":\"ListItem\",\"position\":1,\"name\":\"Home\",\"item\":\"https:\\\/\\\/ljcreate.com\\\/es\\\/\"},{\"@type\":\"ListItem\",\"position\":2,\"name\":\"Productos\",\"item\":\"https:\\\/\\\/ljcreate.com\\\/es\\\/shop\\\/\"},{\"@type\":\"ListItem\",\"position\":3,\"name\":\"Ingenier\u00eda\",\"item\":\"https:\\\/\\\/ljcreate.com\\\/es\\\/product-category\\\/engineering-es\\\/\"},{\"@type\":\"ListItem\",\"position\":4,\"name\":\"Sensor inteligente de fuerza inal\u00e1mbrico\"}]},{\"@type\":\"WebSite\",\"@id\":\"https:\\\/\\\/ljcreate.com\\\/es\\\/#website\",\"url\":\"https:\\\/\\\/ljcreate.com\\\/es\\\/\",\"name\":\"LJ Create\",\"description\":\"Innovate, Inspire, and Engage\",\"publisher\":{\"@id\":\"https:\\\/\\\/ljcreate.com\\\/es\\\/#organization\"},\"alternateName\":\"Creative Learning (Norwich) Limited\",\"potentialAction\":[{\"@type\":\"SearchAction\",\"target\":{\"@type\":\"EntryPoint\",\"urlTemplate\":\"https:\\\/\\\/ljcreate.com\\\/es\\\/?s={search_term_string}\"},\"query-input\":{\"@type\":\"PropertyValueSpecification\",\"valueRequired\":true,\"valueName\":\"search_term_string\"}}],\"inLanguage\":\"es\"},{\"@type\":\"Organization\",\"@id\":\"https:\\\/\\\/ljcreate.com\\\/es\\\/#organization\",\"name\":\"LJ Create\",\"url\":\"https:\\\/\\\/ljcreate.com\\\/es\\\/\",\"logo\":{\"@type\":\"ImageObject\",\"inLanguage\":\"es\",\"@id\":\"https:\\\/\\\/ljcreate.com\\\/es\\\/#\\\/schema\\\/logo\\\/image\\\/\",\"url\":\"https:\\\/\\\/ljcreate.com\\\/wp-content\\\/uploads\\\/2021\\\/07\\\/logo.svg\",\"contentUrl\":\"https:\\\/\\\/ljcreate.com\\\/wp-content\\\/uploads\\\/2021\\\/07\\\/logo.svg\",\"width\":\"1024\",\"height\":\"1024\",\"caption\":\"LJ Create\"},\"image\":{\"@id\":\"https:\\\/\\\/ljcreate.com\\\/es\\\/#\\\/schema\\\/logo\\\/image\\\/\"}}]}<\/script>\n<!-- \/ Yoast SEO plugin. -->","yoast_head_json":{"title":"Sensor inteligente de fuerza inal\u00e1mbrico | LJ Create","robots":{"index":"index","follow":"follow","max-snippet":"max-snippet:-1","max-image-preview":"max-image-preview:large","max-video-preview":"max-video-preview:-1"},"canonical":"https:\/\/ljcreate.com\/es\/stem-career-exploration\/design-and-technology-equipment\/sensor-inteligente-de-fuerza-inalambrico\/","og_locale":"es_ES","og_type":"article","og_title":"Sensor inteligente de fuerza inal\u00e1mbrico | LJ Create","og_description":"El sensor inteligente de fuerza inal\u00e1mbrico (521-02) es una combinaci\u00f3n de sensor de fuerza y aceler\u00f3metro de 3 ejes. El rango de fuerza mide las fuerzas de compresi\u00f3n y extensi\u00f3n aplicadas y se suministra con un tornillo de sujeci\u00f3n para fijarlo a un soporte, un gancho para investigaciones de movimientos arm\u00f3nicos simples y puenting, topes&hellip;","og_url":"https:\/\/ljcreate.com\/es\/stem-career-exploration\/design-and-technology-equipment\/sensor-inteligente-de-fuerza-inalambrico\/","og_site_name":"LJ Create","article_modified_time":"2023-07-12T11:55:15+00:00","og_image":[{"width":1080,"height":529,"url":"https:\/\/ljcreate.com\/wp-content\/uploads\/2023\/07\/wirelessForceSmartSensor.webp","type":"image\/webp"}],"twitter_card":"summary_large_image","twitter_misc":{"Tiempo de lectura":"1 minuto"},"schema":{"@context":"https:\/\/schema.org","@graph":[{"@type":"WebPage","@id":"https:\/\/ljcreate.com\/es\/stem-career-exploration\/design-and-technology-equipment\/sensor-inteligente-de-fuerza-inalambrico\/","url":"https:\/\/ljcreate.com\/es\/stem-career-exploration\/design-and-technology-equipment\/sensor-inteligente-de-fuerza-inalambrico\/","name":"Sensor inteligente de fuerza inal\u00e1mbrico | LJ Create","isPartOf":{"@id":"https:\/\/ljcreate.com\/es\/#website"},"primaryImageOfPage":{"@id":"https:\/\/ljcreate.com\/es\/stem-career-exploration\/design-and-technology-equipment\/sensor-inteligente-de-fuerza-inalambrico\/#primaryimage"},"image":{"@id":"https:\/\/ljcreate.com\/es\/stem-career-exploration\/design-and-technology-equipment\/sensor-inteligente-de-fuerza-inalambrico\/#primaryimage"},"thumbnailUrl":"https:\/\/ljcreate.com\/wp-content\/uploads\/2023\/07\/wirelessForceSmartSensor.webp","datePublished":"2023-07-12T11:54:13+00:00","dateModified":"2023-07-12T11:55:15+00:00","breadcrumb":{"@id":"https:\/\/ljcreate.com\/es\/stem-career-exploration\/design-and-technology-equipment\/sensor-inteligente-de-fuerza-inalambrico\/#breadcrumb"},"inLanguage":"es","potentialAction":[{"@type":"ReadAction","target":["https:\/\/ljcreate.com\/es\/stem-career-exploration\/design-and-technology-equipment\/sensor-inteligente-de-fuerza-inalambrico\/"]}]},{"@type":"ImageObject","inLanguage":"es","@id":"https:\/\/ljcreate.com\/es\/stem-career-exploration\/design-and-technology-equipment\/sensor-inteligente-de-fuerza-inalambrico\/#primaryimage","url":"https:\/\/ljcreate.com\/wp-content\/uploads\/2023\/07\/wirelessForceSmartSensor.webp","contentUrl":"https:\/\/ljcreate.com\/wp-content\/uploads\/2023\/07\/wirelessForceSmartSensor.webp","width":1080,"height":529,"caption":"Wireless Force Smart Sensor"},{"@type":"BreadcrumbList","@id":"https:\/\/ljcreate.com\/es\/stem-career-exploration\/design-and-technology-equipment\/sensor-inteligente-de-fuerza-inalambrico\/#breadcrumb","itemListElement":[{"@type":"ListItem","position":1,"name":"Home","item":"https:\/\/ljcreate.com\/es\/"},{"@type":"ListItem","position":2,"name":"Productos","item":"https:\/\/ljcreate.com\/es\/shop\/"},{"@type":"ListItem","position":3,"name":"Ingenier\u00eda","item":"https:\/\/ljcreate.com\/es\/product-category\/engineering-es\/"},{"@type":"ListItem","position":4,"name":"Sensor inteligente de fuerza inal\u00e1mbrico"}]},{"@type":"WebSite","@id":"https:\/\/ljcreate.com\/es\/#website","url":"https:\/\/ljcreate.com\/es\/","name":"LJ Create","description":"Innovate, Inspire, and Engage","publisher":{"@id":"https:\/\/ljcreate.com\/es\/#organization"},"alternateName":"Creative Learning (Norwich) Limited","potentialAction":[{"@type":"SearchAction","target":{"@type":"EntryPoint","urlTemplate":"https:\/\/ljcreate.com\/es\/?s={search_term_string}"},"query-input":{"@type":"PropertyValueSpecification","valueRequired":true,"valueName":"search_term_string"}}],"inLanguage":"es"},{"@type":"Organization","@id":"https:\/\/ljcreate.com\/es\/#organization","name":"LJ Create","url":"https:\/\/ljcreate.com\/es\/","logo":{"@type":"ImageObject","inLanguage":"es","@id":"https:\/\/ljcreate.com\/es\/#\/schema\/logo\/image\/","url":"https:\/\/ljcreate.com\/wp-content\/uploads\/2021\/07\/logo.svg","contentUrl":"https:\/\/ljcreate.com\/wp-content\/uploads\/2021\/07\/logo.svg","width":"1024","height":"1024","caption":"LJ Create"},"image":{"@id":"https:\/\/ljcreate.com\/es\/#\/schema\/logo\/image\/"}}]}},"_links":{"self":[{"href":"https:\/\/ljcreate.com\/es\/wp-json\/wp\/v2\/product\/53282","targetHints":{"allow":["GET"]}}],"collection":[{"href":"https:\/\/ljcreate.com\/es\/wp-json\/wp\/v2\/product"}],"about":[{"href":"https:\/\/ljcreate.com\/es\/wp-json\/wp\/v2\/types\/product"}],"wp:featuredmedia":[{"embeddable":true,"href":"https:\/\/ljcreate.com\/es\/wp-json\/wp\/v2\/media\/53226"}],"wp:attachment":[{"href":"https:\/\/ljcreate.com\/es\/wp-json\/wp\/v2\/media?parent=53282"}],"wp:term":[{"taxonomy":"product_brand","embeddable":true,"href":"https:\/\/ljcreate.com\/es\/wp-json\/wp\/v2\/product_brand?post=53282"},{"taxonomy":"product_cat","embeddable":true,"href":"https:\/\/ljcreate.com\/es\/wp-json\/wp\/v2\/product_cat?post=53282"},{"taxonomy":"product_tag","embeddable":true,"href":"https:\/\/ljcreate.com\/es\/wp-json\/wp\/v2\/product_tag?post=53282"}],"curies":[{"name":"wp","href":"https:\/\/api.w.org\/{rel}","templated":true}]}}