{"id":53280,"date":"2023-07-12T12:52:17","date_gmt":"2023-07-12T11:52:17","guid":{"rendered":"https:\/\/ljcreate.com\/product\/sin%20categor\u00eda\/sensor-inteligente-de-puerta-de-luz-inalambrico-doble\/"},"modified":"2023-07-12T12:53:37","modified_gmt":"2023-07-12T11:53:37","slug":"sensor-inteligente-de-puerta-de-luz-inalambrico-doble","status":"publish","type":"product","link":"https:\/\/ljcreate.com\/es\/stem-career-exploration\/design-and-technology-equipment\/sensor-inteligente-de-puerta-de-luz-inalambrico-doble\/","title":{"rendered":"Sensor inteligente de puerta de luz inal\u00e1mbrico (doble)"},"content":{"rendered":"<p>El Sensor Inteligente Inal\u00e1mbrico de Puerta de Luz &#8211; Doble (521-04) es en realidad una puerta de luz doble; puede utilizar estas puertas de luz individualmente o en pares (con un cable de conexi\u00f3n de puerta de luz) para calcular la velocidad y aceleraci\u00f3n medias, la aceleraci\u00f3n debida a la gravedad, las leyes de Newton, el impulso y la energ\u00eda cin\u00e9tica.<\/p>\n<p class=\"paragraph\">Como alternativa, los alumnos pueden obtener los datos brutos y hacer ellos mismos todos los c\u00e1lculos. Adem\u00e1s, al ser inal\u00e1mbrico, puedes montar una demostraci\u00f3n en cualquier lugar de la sala y enviar los datos directamente a tu pantalla y tambi\u00e9n a los dispositivos de los alumnos de forma simult\u00e1nea utilizando la funci\u00f3n de compartir del software.<\/p>\n","protected":false},"excerpt":{"rendered":"<p>El Sensor Inteligente Inal\u00e1mbrico de Puerta de Luz &#8211; Doble (521-04) es en realidad una puerta de luz doble; puede utilizar estas puertas de luz individualmente o en pares (con un cable de conexi\u00f3n de puerta de luz) para calcular la velocidad y aceleraci\u00f3n medias, la aceleraci\u00f3n debida a la gravedad, las leyes de Newton,&hellip;<\/p>\n","protected":false},"featured_media":53241,"template":"","meta":{"_acf_changed":false,"inline_featured_image":false},"product_brand":[],"product_cat":[138,142],"product_tag":[],"class_list":{"0":"post-53280","1":"product","2":"type-product","3":"status-publish","4":"has-post-thumbnail","6":"product_cat-engineering-es","7":"product_cat-equipo-de-ingenieria-central","9":"first","10":"instock","11":"shipping-taxable","12":"product-type-simple"},"acf":[],"yoast_head":"<!-- This site is optimized with the Yoast SEO plugin v27.3 - https:\/\/yoast.com\/product\/yoast-seo-wordpress\/ -->\n<title>Sensor inteligente de puerta de luz inal\u00e1mbrico (doble) | LJ Create<\/title>\n<meta name=\"robots\" content=\"index, follow, max-snippet:-1, max-image-preview:large, max-video-preview:-1\" \/>\n<link rel=\"canonical\" href=\"https:\/\/ljcreate.com\/es\/stem-career-exploration\/design-and-technology-equipment\/sensor-inteligente-de-puerta-de-luz-inalambrico-doble\/\" \/>\n<meta property=\"og:locale\" content=\"es_ES\" \/>\n<meta property=\"og:type\" content=\"article\" \/>\n<meta property=\"og:title\" content=\"Sensor inteligente de puerta de luz inal\u00e1mbrico (doble) | LJ Create\" \/>\n<meta property=\"og:description\" content=\"El Sensor Inteligente Inal\u00e1mbrico de Puerta de Luz &#8211; Doble (521-04) es en realidad una puerta de luz doble; puede utilizar estas puertas de luz individualmente o en pares (con un cable de conexi\u00f3n de puerta de luz) para calcular la velocidad y aceleraci\u00f3n medias, la aceleraci\u00f3n debida a la gravedad, las leyes de Newton,&hellip;\" \/>\n<meta property=\"og:url\" content=\"https:\/\/ljcreate.com\/es\/stem-career-exploration\/design-and-technology-equipment\/sensor-inteligente-de-puerta-de-luz-inalambrico-doble\/\" \/>\n<meta property=\"og:site_name\" content=\"LJ Create\" \/>\n<meta property=\"article:modified_time\" content=\"2023-07-12T11:53:37+00:00\" \/>\n<meta property=\"og:image\" content=\"https:\/\/ljcreate.com\/wp-content\/uploads\/2023\/07\/wirelessLightGateSmartSensorDouble.webp\" \/>\n\t<meta property=\"og:image:width\" content=\"1080\" \/>\n\t<meta property=\"og:image:height\" content=\"529\" \/>\n\t<meta property=\"og:image:type\" content=\"image\/webp\" \/>\n<meta name=\"twitter:card\" content=\"summary_large_image\" \/>\n<meta name=\"twitter:label1\" content=\"Tiempo de lectura\" \/>\n\t<meta name=\"twitter:data1\" content=\"1 minuto\" \/>\n<script type=\"application\/ld+json\" class=\"yoast-schema-graph\">{\"@context\":\"https:\\\/\\\/schema.org\",\"@graph\":[{\"@type\":\"WebPage\",\"@id\":\"https:\\\/\\\/ljcreate.com\\\/es\\\/stem-career-exploration\\\/design-and-technology-equipment\\\/sensor-inteligente-de-puerta-de-luz-inalambrico-doble\\\/\",\"url\":\"https:\\\/\\\/ljcreate.com\\\/es\\\/stem-career-exploration\\\/design-and-technology-equipment\\\/sensor-inteligente-de-puerta-de-luz-inalambrico-doble\\\/\",\"name\":\"Sensor inteligente de puerta de luz inal\u00e1mbrico (doble) | LJ Create\",\"isPartOf\":{\"@id\":\"https:\\\/\\\/ljcreate.com\\\/es\\\/#website\"},\"primaryImageOfPage\":{\"@id\":\"https:\\\/\\\/ljcreate.com\\\/es\\\/stem-career-exploration\\\/design-and-technology-equipment\\\/sensor-inteligente-de-puerta-de-luz-inalambrico-doble\\\/#primaryimage\"},\"image\":{\"@id\":\"https:\\\/\\\/ljcreate.com\\\/es\\\/stem-career-exploration\\\/design-and-technology-equipment\\\/sensor-inteligente-de-puerta-de-luz-inalambrico-doble\\\/#primaryimage\"},\"thumbnailUrl\":\"https:\\\/\\\/ljcreate.com\\\/wp-content\\\/uploads\\\/2023\\\/07\\\/wirelessLightGateSmartSensorDouble.webp\",\"datePublished\":\"2023-07-12T11:52:17+00:00\",\"dateModified\":\"2023-07-12T11:53:37+00:00\",\"breadcrumb\":{\"@id\":\"https:\\\/\\\/ljcreate.com\\\/es\\\/stem-career-exploration\\\/design-and-technology-equipment\\\/sensor-inteligente-de-puerta-de-luz-inalambrico-doble\\\/#breadcrumb\"},\"inLanguage\":\"es\",\"potentialAction\":[{\"@type\":\"ReadAction\",\"target\":[\"https:\\\/\\\/ljcreate.com\\\/es\\\/stem-career-exploration\\\/design-and-technology-equipment\\\/sensor-inteligente-de-puerta-de-luz-inalambrico-doble\\\/\"]}]},{\"@type\":\"ImageObject\",\"inLanguage\":\"es\",\"@id\":\"https:\\\/\\\/ljcreate.com\\\/es\\\/stem-career-exploration\\\/design-and-technology-equipment\\\/sensor-inteligente-de-puerta-de-luz-inalambrico-doble\\\/#primaryimage\",\"url\":\"https:\\\/\\\/ljcreate.com\\\/wp-content\\\/uploads\\\/2023\\\/07\\\/wirelessLightGateSmartSensorDouble.webp\",\"contentUrl\":\"https:\\\/\\\/ljcreate.com\\\/wp-content\\\/uploads\\\/2023\\\/07\\\/wirelessLightGateSmartSensorDouble.webp\",\"width\":1080,\"height\":529,\"caption\":\"Wireless Light Gate Smart Sensor Double\"},{\"@type\":\"BreadcrumbList\",\"@id\":\"https:\\\/\\\/ljcreate.com\\\/es\\\/stem-career-exploration\\\/design-and-technology-equipment\\\/sensor-inteligente-de-puerta-de-luz-inalambrico-doble\\\/#breadcrumb\",\"itemListElement\":[{\"@type\":\"ListItem\",\"position\":1,\"name\":\"Home\",\"item\":\"https:\\\/\\\/ljcreate.com\\\/es\\\/\"},{\"@type\":\"ListItem\",\"position\":2,\"name\":\"Productos\",\"item\":\"https:\\\/\\\/ljcreate.com\\\/es\\\/shop\\\/\"},{\"@type\":\"ListItem\",\"position\":3,\"name\":\"Ingenier\u00eda\",\"item\":\"https:\\\/\\\/ljcreate.com\\\/es\\\/product-category\\\/engineering-es\\\/\"},{\"@type\":\"ListItem\",\"position\":4,\"name\":\"Sensor inteligente de puerta de luz inal\u00e1mbrico (doble)\"}]},{\"@type\":\"WebSite\",\"@id\":\"https:\\\/\\\/ljcreate.com\\\/es\\\/#website\",\"url\":\"https:\\\/\\\/ljcreate.com\\\/es\\\/\",\"name\":\"LJ Create\",\"description\":\"Innovate, Inspire, and Engage\",\"publisher\":{\"@id\":\"https:\\\/\\\/ljcreate.com\\\/es\\\/#organization\"},\"alternateName\":\"Creative Learning (Norwich) Limited\",\"potentialAction\":[{\"@type\":\"SearchAction\",\"target\":{\"@type\":\"EntryPoint\",\"urlTemplate\":\"https:\\\/\\\/ljcreate.com\\\/es\\\/?s={search_term_string}\"},\"query-input\":{\"@type\":\"PropertyValueSpecification\",\"valueRequired\":true,\"valueName\":\"search_term_string\"}}],\"inLanguage\":\"es\"},{\"@type\":\"Organization\",\"@id\":\"https:\\\/\\\/ljcreate.com\\\/es\\\/#organization\",\"name\":\"LJ Create\",\"url\":\"https:\\\/\\\/ljcreate.com\\\/es\\\/\",\"logo\":{\"@type\":\"ImageObject\",\"inLanguage\":\"es\",\"@id\":\"https:\\\/\\\/ljcreate.com\\\/es\\\/#\\\/schema\\\/logo\\\/image\\\/\",\"url\":\"https:\\\/\\\/ljcreate.com\\\/wp-content\\\/uploads\\\/2021\\\/07\\\/logo.svg\",\"contentUrl\":\"https:\\\/\\\/ljcreate.com\\\/wp-content\\\/uploads\\\/2021\\\/07\\\/logo.svg\",\"width\":\"1024\",\"height\":\"1024\",\"caption\":\"LJ Create\"},\"image\":{\"@id\":\"https:\\\/\\\/ljcreate.com\\\/es\\\/#\\\/schema\\\/logo\\\/image\\\/\"}}]}<\/script>\n<!-- \/ Yoast SEO plugin. -->","yoast_head_json":{"title":"Sensor inteligente de puerta de luz inal\u00e1mbrico (doble) | LJ Create","robots":{"index":"index","follow":"follow","max-snippet":"max-snippet:-1","max-image-preview":"max-image-preview:large","max-video-preview":"max-video-preview:-1"},"canonical":"https:\/\/ljcreate.com\/es\/stem-career-exploration\/design-and-technology-equipment\/sensor-inteligente-de-puerta-de-luz-inalambrico-doble\/","og_locale":"es_ES","og_type":"article","og_title":"Sensor inteligente de puerta de luz inal\u00e1mbrico (doble) | LJ Create","og_description":"El Sensor Inteligente Inal\u00e1mbrico de Puerta de Luz &#8211; Doble (521-04) es en realidad una puerta de luz doble; puede utilizar estas puertas de luz individualmente o en pares (con un cable de conexi\u00f3n de puerta de luz) para calcular la velocidad y aceleraci\u00f3n medias, la aceleraci\u00f3n debida a la gravedad, las leyes de Newton,&hellip;","og_url":"https:\/\/ljcreate.com\/es\/stem-career-exploration\/design-and-technology-equipment\/sensor-inteligente-de-puerta-de-luz-inalambrico-doble\/","og_site_name":"LJ Create","article_modified_time":"2023-07-12T11:53:37+00:00","og_image":[{"width":1080,"height":529,"url":"https:\/\/ljcreate.com\/wp-content\/uploads\/2023\/07\/wirelessLightGateSmartSensorDouble.webp","type":"image\/webp"}],"twitter_card":"summary_large_image","twitter_misc":{"Tiempo de lectura":"1 minuto"},"schema":{"@context":"https:\/\/schema.org","@graph":[{"@type":"WebPage","@id":"https:\/\/ljcreate.com\/es\/stem-career-exploration\/design-and-technology-equipment\/sensor-inteligente-de-puerta-de-luz-inalambrico-doble\/","url":"https:\/\/ljcreate.com\/es\/stem-career-exploration\/design-and-technology-equipment\/sensor-inteligente-de-puerta-de-luz-inalambrico-doble\/","name":"Sensor inteligente de puerta de luz inal\u00e1mbrico (doble) | LJ Create","isPartOf":{"@id":"https:\/\/ljcreate.com\/es\/#website"},"primaryImageOfPage":{"@id":"https:\/\/ljcreate.com\/es\/stem-career-exploration\/design-and-technology-equipment\/sensor-inteligente-de-puerta-de-luz-inalambrico-doble\/#primaryimage"},"image":{"@id":"https:\/\/ljcreate.com\/es\/stem-career-exploration\/design-and-technology-equipment\/sensor-inteligente-de-puerta-de-luz-inalambrico-doble\/#primaryimage"},"thumbnailUrl":"https:\/\/ljcreate.com\/wp-content\/uploads\/2023\/07\/wirelessLightGateSmartSensorDouble.webp","datePublished":"2023-07-12T11:52:17+00:00","dateModified":"2023-07-12T11:53:37+00:00","breadcrumb":{"@id":"https:\/\/ljcreate.com\/es\/stem-career-exploration\/design-and-technology-equipment\/sensor-inteligente-de-puerta-de-luz-inalambrico-doble\/#breadcrumb"},"inLanguage":"es","potentialAction":[{"@type":"ReadAction","target":["https:\/\/ljcreate.com\/es\/stem-career-exploration\/design-and-technology-equipment\/sensor-inteligente-de-puerta-de-luz-inalambrico-doble\/"]}]},{"@type":"ImageObject","inLanguage":"es","@id":"https:\/\/ljcreate.com\/es\/stem-career-exploration\/design-and-technology-equipment\/sensor-inteligente-de-puerta-de-luz-inalambrico-doble\/#primaryimage","url":"https:\/\/ljcreate.com\/wp-content\/uploads\/2023\/07\/wirelessLightGateSmartSensorDouble.webp","contentUrl":"https:\/\/ljcreate.com\/wp-content\/uploads\/2023\/07\/wirelessLightGateSmartSensorDouble.webp","width":1080,"height":529,"caption":"Wireless Light Gate Smart Sensor Double"},{"@type":"BreadcrumbList","@id":"https:\/\/ljcreate.com\/es\/stem-career-exploration\/design-and-technology-equipment\/sensor-inteligente-de-puerta-de-luz-inalambrico-doble\/#breadcrumb","itemListElement":[{"@type":"ListItem","position":1,"name":"Home","item":"https:\/\/ljcreate.com\/es\/"},{"@type":"ListItem","position":2,"name":"Productos","item":"https:\/\/ljcreate.com\/es\/shop\/"},{"@type":"ListItem","position":3,"name":"Ingenier\u00eda","item":"https:\/\/ljcreate.com\/es\/product-category\/engineering-es\/"},{"@type":"ListItem","position":4,"name":"Sensor inteligente de puerta de luz inal\u00e1mbrico (doble)"}]},{"@type":"WebSite","@id":"https:\/\/ljcreate.com\/es\/#website","url":"https:\/\/ljcreate.com\/es\/","name":"LJ Create","description":"Innovate, Inspire, and Engage","publisher":{"@id":"https:\/\/ljcreate.com\/es\/#organization"},"alternateName":"Creative Learning (Norwich) Limited","potentialAction":[{"@type":"SearchAction","target":{"@type":"EntryPoint","urlTemplate":"https:\/\/ljcreate.com\/es\/?s={search_term_string}"},"query-input":{"@type":"PropertyValueSpecification","valueRequired":true,"valueName":"search_term_string"}}],"inLanguage":"es"},{"@type":"Organization","@id":"https:\/\/ljcreate.com\/es\/#organization","name":"LJ Create","url":"https:\/\/ljcreate.com\/es\/","logo":{"@type":"ImageObject","inLanguage":"es","@id":"https:\/\/ljcreate.com\/es\/#\/schema\/logo\/image\/","url":"https:\/\/ljcreate.com\/wp-content\/uploads\/2021\/07\/logo.svg","contentUrl":"https:\/\/ljcreate.com\/wp-content\/uploads\/2021\/07\/logo.svg","width":"1024","height":"1024","caption":"LJ Create"},"image":{"@id":"https:\/\/ljcreate.com\/es\/#\/schema\/logo\/image\/"}}]}},"_links":{"self":[{"href":"https:\/\/ljcreate.com\/es\/wp-json\/wp\/v2\/product\/53280","targetHints":{"allow":["GET"]}}],"collection":[{"href":"https:\/\/ljcreate.com\/es\/wp-json\/wp\/v2\/product"}],"about":[{"href":"https:\/\/ljcreate.com\/es\/wp-json\/wp\/v2\/types\/product"}],"wp:featuredmedia":[{"embeddable":true,"href":"https:\/\/ljcreate.com\/es\/wp-json\/wp\/v2\/media\/53241"}],"wp:attachment":[{"href":"https:\/\/ljcreate.com\/es\/wp-json\/wp\/v2\/media?parent=53280"}],"wp:term":[{"taxonomy":"product_brand","embeddable":true,"href":"https:\/\/ljcreate.com\/es\/wp-json\/wp\/v2\/product_brand?post=53280"},{"taxonomy":"product_cat","embeddable":true,"href":"https:\/\/ljcreate.com\/es\/wp-json\/wp\/v2\/product_cat?post=53280"},{"taxonomy":"product_tag","embeddable":true,"href":"https:\/\/ljcreate.com\/es\/wp-json\/wp\/v2\/product_tag?post=53280"}],"curies":[{"name":"wp","href":"https:\/\/api.w.org\/{rel}","templated":true}]}}