{"id":53278,"date":"2023-07-12T09:23:50","date_gmt":"2023-07-12T08:23:50","guid":{"rendered":"https:\/\/ljcreate.com\/product\/sin%20categor\u00eda\/sensor-de-movimiento-inalambrico-inteligente\/"},"modified":"2023-07-12T09:26:29","modified_gmt":"2023-07-12T08:26:29","slug":"sensor-de-movimiento-inalambrico-inteligente","status":"publish","type":"product","link":"https:\/\/ljcreate.com\/es\/stem-career-exploration\/design-and-technology-equipment\/sensor-de-movimiento-inalambrico-inteligente\/","title":{"rendered":"Sensor de movimiento inal\u00e1mbrico inteligente"},"content":{"rendered":"<p>El sensor inteligente de movimiento inal\u00e1mbrico (521-07) es un dispositivo sonar que emite impulsos ultras\u00f3nicos que se reflejan hacia y desde un objeto para determinar su distancia al sensor. Esta informaci\u00f3n puede utilizarse para calcular la velocidad o la aceleraci\u00f3n del objeto.<\/p>\n<p>Captar\u00e1 el movimiento de estudiantes corriendo, balones de baloncesto cayendo y carros en planos inclinados.<\/p>\n","protected":false},"excerpt":{"rendered":"<p>El sensor inteligente de movimiento inal\u00e1mbrico (521-07) es un dispositivo sonar que emite impulsos ultras\u00f3nicos que se reflejan hacia y desde un objeto para determinar su distancia al sensor. Esta informaci\u00f3n puede utilizarse para calcular la velocidad o la aceleraci\u00f3n del objeto. Captar\u00e1 el movimiento de estudiantes corriendo, balones de baloncesto cayendo y carros en&hellip;<\/p>\n","protected":false},"featured_media":53253,"template":"","meta":{"_acf_changed":false,"inline_featured_image":false},"product_brand":[],"product_cat":[138,142],"product_tag":[],"class_list":{"0":"post-53278","1":"product","2":"type-product","3":"status-publish","4":"has-post-thumbnail","6":"product_cat-engineering-es","7":"product_cat-equipo-de-ingenieria-central","9":"first","10":"instock","11":"shipping-taxable","12":"product-type-simple"},"acf":[],"yoast_head":"<!-- This site is optimized with the Yoast SEO Premium plugin v27.5 (Yoast SEO v27.5) - https:\/\/yoast.com\/product\/yoast-seo-premium-wordpress\/ -->\n<title>Sensor de movimiento inal\u00e1mbrico inteligente | LJ Create<\/title>\n<meta name=\"robots\" content=\"index, follow, max-snippet:-1, max-image-preview:large, max-video-preview:-1\" \/>\n<link rel=\"canonical\" href=\"https:\/\/ljcreate.com\/es\/stem-career-exploration\/design-and-technology-equipment\/sensor-de-movimiento-inalambrico-inteligente\/\" \/>\n<meta property=\"og:locale\" content=\"es_ES\" \/>\n<meta property=\"og:type\" content=\"article\" \/>\n<meta property=\"og:title\" content=\"Sensor de movimiento inal\u00e1mbrico inteligente\" \/>\n<meta property=\"og:description\" content=\"El sensor inteligente de movimiento inal\u00e1mbrico (521-07) es un dispositivo sonar que emite impulsos ultras\u00f3nicos que se reflejan hacia y desde un objeto para determinar su distancia al sensor. Esta informaci\u00f3n puede utilizarse para calcular la velocidad o la aceleraci\u00f3n del objeto. Captar\u00e1 el movimiento de estudiantes corriendo, balones de baloncesto cayendo y carros en&hellip;\" \/>\n<meta property=\"og:url\" content=\"https:\/\/ljcreate.com\/es\/stem-career-exploration\/design-and-technology-equipment\/sensor-de-movimiento-inalambrico-inteligente\/\" \/>\n<meta property=\"og:site_name\" content=\"LJ Create\" \/>\n<meta property=\"article:modified_time\" content=\"2023-07-12T08:26:29+00:00\" \/>\n<meta property=\"og:image\" content=\"https:\/\/ljcreate.com\/wp-content\/uploads\/2023\/07\/wirelessMotionSmartSensor.webp\" \/>\n\t<meta property=\"og:image:width\" content=\"1080\" \/>\n\t<meta property=\"og:image:height\" content=\"529\" \/>\n\t<meta property=\"og:image:type\" content=\"image\/webp\" \/>\n<meta name=\"twitter:card\" content=\"summary_large_image\" \/>\n<meta name=\"twitter:label1\" content=\"Tiempo de lectura\" \/>\n\t<meta name=\"twitter:data1\" content=\"1 minuto\" \/>\n<script type=\"application\/ld+json\" class=\"yoast-schema-graph\">{\"@context\":\"https:\\\/\\\/schema.org\",\"@graph\":[{\"@type\":\"WebPage\",\"@id\":\"https:\\\/\\\/ljcreate.com\\\/es\\\/stem-career-exploration\\\/design-and-technology-equipment\\\/sensor-de-movimiento-inalambrico-inteligente\\\/\",\"url\":\"https:\\\/\\\/ljcreate.com\\\/es\\\/stem-career-exploration\\\/design-and-technology-equipment\\\/sensor-de-movimiento-inalambrico-inteligente\\\/\",\"name\":\"Sensor de movimiento inal\u00e1mbrico inteligente | LJ Create\",\"isPartOf\":{\"@id\":\"https:\\\/\\\/ljcreate.com\\\/es\\\/#website\"},\"primaryImageOfPage\":{\"@id\":\"https:\\\/\\\/ljcreate.com\\\/es\\\/stem-career-exploration\\\/design-and-technology-equipment\\\/sensor-de-movimiento-inalambrico-inteligente\\\/#primaryimage\"},\"image\":{\"@id\":\"https:\\\/\\\/ljcreate.com\\\/es\\\/stem-career-exploration\\\/design-and-technology-equipment\\\/sensor-de-movimiento-inalambrico-inteligente\\\/#primaryimage\"},\"thumbnailUrl\":\"https:\\\/\\\/ljcreate.com\\\/wp-content\\\/uploads\\\/2023\\\/07\\\/wirelessMotionSmartSensor.webp\",\"datePublished\":\"2023-07-12T08:23:50+00:00\",\"dateModified\":\"2023-07-12T08:26:29+00:00\",\"breadcrumb\":{\"@id\":\"https:\\\/\\\/ljcreate.com\\\/es\\\/stem-career-exploration\\\/design-and-technology-equipment\\\/sensor-de-movimiento-inalambrico-inteligente\\\/#breadcrumb\"},\"inLanguage\":\"es\",\"potentialAction\":[{\"@type\":\"ReadAction\",\"target\":[\"https:\\\/\\\/ljcreate.com\\\/es\\\/stem-career-exploration\\\/design-and-technology-equipment\\\/sensor-de-movimiento-inalambrico-inteligente\\\/\"]}]},{\"@type\":\"ImageObject\",\"inLanguage\":\"es\",\"@id\":\"https:\\\/\\\/ljcreate.com\\\/es\\\/stem-career-exploration\\\/design-and-technology-equipment\\\/sensor-de-movimiento-inalambrico-inteligente\\\/#primaryimage\",\"url\":\"https:\\\/\\\/ljcreate.com\\\/wp-content\\\/uploads\\\/2023\\\/07\\\/wirelessMotionSmartSensor.webp\",\"contentUrl\":\"https:\\\/\\\/ljcreate.com\\\/wp-content\\\/uploads\\\/2023\\\/07\\\/wirelessMotionSmartSensor.webp\",\"width\":1080,\"height\":529,\"caption\":\"Wireless Motion Smart Sensor\"},{\"@type\":\"BreadcrumbList\",\"@id\":\"https:\\\/\\\/ljcreate.com\\\/es\\\/stem-career-exploration\\\/design-and-technology-equipment\\\/sensor-de-movimiento-inalambrico-inteligente\\\/#breadcrumb\",\"itemListElement\":[{\"@type\":\"ListItem\",\"position\":1,\"name\":\"Home\",\"item\":\"https:\\\/\\\/ljcreate.com\\\/es\\\/\"},{\"@type\":\"ListItem\",\"position\":2,\"name\":\"Productos\",\"item\":\"https:\\\/\\\/ljcreate.com\\\/es\\\/shop\\\/\"},{\"@type\":\"ListItem\",\"position\":3,\"name\":\"Ingenier\u00eda\",\"item\":\"https:\\\/\\\/ljcreate.com\\\/es\\\/product-category\\\/engineering-es\\\/\"},{\"@type\":\"ListItem\",\"position\":4,\"name\":\"Sensor de movimiento inal\u00e1mbrico inteligente\"}]},{\"@type\":\"WebSite\",\"@id\":\"https:\\\/\\\/ljcreate.com\\\/es\\\/#website\",\"url\":\"https:\\\/\\\/ljcreate.com\\\/es\\\/\",\"name\":\"LJ Create\",\"description\":\"Innovate, Inspire, and Engage\",\"publisher\":{\"@id\":\"https:\\\/\\\/ljcreate.com\\\/es\\\/#organization\"},\"alternateName\":\"Creative Learning (Norwich) Limited\",\"potentialAction\":[{\"@type\":\"SearchAction\",\"target\":{\"@type\":\"EntryPoint\",\"urlTemplate\":\"https:\\\/\\\/ljcreate.com\\\/es\\\/?s={search_term_string}\"},\"query-input\":{\"@type\":\"PropertyValueSpecification\",\"valueRequired\":true,\"valueName\":\"search_term_string\"}}],\"inLanguage\":\"es\"},{\"@type\":\"Organization\",\"@id\":\"https:\\\/\\\/ljcreate.com\\\/es\\\/#organization\",\"name\":\"LJ Create\",\"url\":\"https:\\\/\\\/ljcreate.com\\\/es\\\/\",\"logo\":{\"@type\":\"ImageObject\",\"inLanguage\":\"es\",\"@id\":\"https:\\\/\\\/ljcreate.com\\\/es\\\/#\\\/schema\\\/logo\\\/image\\\/\",\"url\":\"https:\\\/\\\/ljcreate.com\\\/wp-content\\\/uploads\\\/2021\\\/07\\\/logo.svg\",\"contentUrl\":\"https:\\\/\\\/ljcreate.com\\\/wp-content\\\/uploads\\\/2021\\\/07\\\/logo.svg\",\"width\":\"1024\",\"height\":\"1024\",\"caption\":\"LJ Create\"},\"image\":{\"@id\":\"https:\\\/\\\/ljcreate.com\\\/es\\\/#\\\/schema\\\/logo\\\/image\\\/\"}}]}<\/script>\n<!-- \/ Yoast SEO Premium plugin. -->","yoast_head_json":{"title":"Sensor de movimiento inal\u00e1mbrico inteligente | LJ Create","robots":{"index":"index","follow":"follow","max-snippet":"max-snippet:-1","max-image-preview":"max-image-preview:large","max-video-preview":"max-video-preview:-1"},"canonical":"https:\/\/ljcreate.com\/es\/stem-career-exploration\/design-and-technology-equipment\/sensor-de-movimiento-inalambrico-inteligente\/","og_locale":"es_ES","og_type":"article","og_title":"Sensor de movimiento inal\u00e1mbrico inteligente","og_description":"El sensor inteligente de movimiento inal\u00e1mbrico (521-07) es un dispositivo sonar que emite impulsos ultras\u00f3nicos que se reflejan hacia y desde un objeto para determinar su distancia al sensor. Esta informaci\u00f3n puede utilizarse para calcular la velocidad o la aceleraci\u00f3n del objeto. Captar\u00e1 el movimiento de estudiantes corriendo, balones de baloncesto cayendo y carros en&hellip;","og_url":"https:\/\/ljcreate.com\/es\/stem-career-exploration\/design-and-technology-equipment\/sensor-de-movimiento-inalambrico-inteligente\/","og_site_name":"LJ Create","article_modified_time":"2023-07-12T08:26:29+00:00","og_image":[{"width":1080,"height":529,"url":"https:\/\/ljcreate.com\/wp-content\/uploads\/2023\/07\/wirelessMotionSmartSensor.webp","type":"image\/webp"}],"twitter_card":"summary_large_image","twitter_misc":{"Tiempo de lectura":"1 minuto"},"schema":{"@context":"https:\/\/schema.org","@graph":[{"@type":"WebPage","@id":"https:\/\/ljcreate.com\/es\/stem-career-exploration\/design-and-technology-equipment\/sensor-de-movimiento-inalambrico-inteligente\/","url":"https:\/\/ljcreate.com\/es\/stem-career-exploration\/design-and-technology-equipment\/sensor-de-movimiento-inalambrico-inteligente\/","name":"Sensor de movimiento inal\u00e1mbrico inteligente | LJ Create","isPartOf":{"@id":"https:\/\/ljcreate.com\/es\/#website"},"primaryImageOfPage":{"@id":"https:\/\/ljcreate.com\/es\/stem-career-exploration\/design-and-technology-equipment\/sensor-de-movimiento-inalambrico-inteligente\/#primaryimage"},"image":{"@id":"https:\/\/ljcreate.com\/es\/stem-career-exploration\/design-and-technology-equipment\/sensor-de-movimiento-inalambrico-inteligente\/#primaryimage"},"thumbnailUrl":"https:\/\/ljcreate.com\/wp-content\/uploads\/2023\/07\/wirelessMotionSmartSensor.webp","datePublished":"2023-07-12T08:23:50+00:00","dateModified":"2023-07-12T08:26:29+00:00","breadcrumb":{"@id":"https:\/\/ljcreate.com\/es\/stem-career-exploration\/design-and-technology-equipment\/sensor-de-movimiento-inalambrico-inteligente\/#breadcrumb"},"inLanguage":"es","potentialAction":[{"@type":"ReadAction","target":["https:\/\/ljcreate.com\/es\/stem-career-exploration\/design-and-technology-equipment\/sensor-de-movimiento-inalambrico-inteligente\/"]}]},{"@type":"ImageObject","inLanguage":"es","@id":"https:\/\/ljcreate.com\/es\/stem-career-exploration\/design-and-technology-equipment\/sensor-de-movimiento-inalambrico-inteligente\/#primaryimage","url":"https:\/\/ljcreate.com\/wp-content\/uploads\/2023\/07\/wirelessMotionSmartSensor.webp","contentUrl":"https:\/\/ljcreate.com\/wp-content\/uploads\/2023\/07\/wirelessMotionSmartSensor.webp","width":1080,"height":529,"caption":"Wireless Motion Smart Sensor"},{"@type":"BreadcrumbList","@id":"https:\/\/ljcreate.com\/es\/stem-career-exploration\/design-and-technology-equipment\/sensor-de-movimiento-inalambrico-inteligente\/#breadcrumb","itemListElement":[{"@type":"ListItem","position":1,"name":"Home","item":"https:\/\/ljcreate.com\/es\/"},{"@type":"ListItem","position":2,"name":"Productos","item":"https:\/\/ljcreate.com\/es\/shop\/"},{"@type":"ListItem","position":3,"name":"Ingenier\u00eda","item":"https:\/\/ljcreate.com\/es\/product-category\/engineering-es\/"},{"@type":"ListItem","position":4,"name":"Sensor de movimiento inal\u00e1mbrico inteligente"}]},{"@type":"WebSite","@id":"https:\/\/ljcreate.com\/es\/#website","url":"https:\/\/ljcreate.com\/es\/","name":"LJ Create","description":"Innovate, Inspire, and Engage","publisher":{"@id":"https:\/\/ljcreate.com\/es\/#organization"},"alternateName":"Creative Learning (Norwich) Limited","potentialAction":[{"@type":"SearchAction","target":{"@type":"EntryPoint","urlTemplate":"https:\/\/ljcreate.com\/es\/?s={search_term_string}"},"query-input":{"@type":"PropertyValueSpecification","valueRequired":true,"valueName":"search_term_string"}}],"inLanguage":"es"},{"@type":"Organization","@id":"https:\/\/ljcreate.com\/es\/#organization","name":"LJ Create","url":"https:\/\/ljcreate.com\/es\/","logo":{"@type":"ImageObject","inLanguage":"es","@id":"https:\/\/ljcreate.com\/es\/#\/schema\/logo\/image\/","url":"https:\/\/ljcreate.com\/wp-content\/uploads\/2021\/07\/logo.svg","contentUrl":"https:\/\/ljcreate.com\/wp-content\/uploads\/2021\/07\/logo.svg","width":"1024","height":"1024","caption":"LJ Create"},"image":{"@id":"https:\/\/ljcreate.com\/es\/#\/schema\/logo\/image\/"}}]}},"_links":{"self":[{"href":"https:\/\/ljcreate.com\/es\/wp-json\/wp\/v2\/product\/53278","targetHints":{"allow":["GET"]}}],"collection":[{"href":"https:\/\/ljcreate.com\/es\/wp-json\/wp\/v2\/product"}],"about":[{"href":"https:\/\/ljcreate.com\/es\/wp-json\/wp\/v2\/types\/product"}],"wp:featuredmedia":[{"embeddable":true,"href":"https:\/\/ljcreate.com\/es\/wp-json\/wp\/v2\/media\/53253"}],"wp:attachment":[{"href":"https:\/\/ljcreate.com\/es\/wp-json\/wp\/v2\/media?parent=53278"}],"wp:term":[{"taxonomy":"product_brand","embeddable":true,"href":"https:\/\/ljcreate.com\/es\/wp-json\/wp\/v2\/product_brand?post=53278"},{"taxonomy":"product_cat","embeddable":true,"href":"https:\/\/ljcreate.com\/es\/wp-json\/wp\/v2\/product_cat?post=53278"},{"taxonomy":"product_tag","embeddable":true,"href":"https:\/\/ljcreate.com\/es\/wp-json\/wp\/v2\/product_tag?post=53278"}],"curies":[{"name":"wp","href":"https:\/\/api.w.org\/{rel}","templated":true}]}}