{"id":38179,"date":"2022-11-24T14:35:21","date_gmt":"2022-11-24T14:35:21","guid":{"rendered":"https:\/\/ljcreate.com\/product\/sin%20categor\u00eda\/kit-de-invencion-de-robotica-educativa\/"},"modified":"2023-07-03T17:01:44","modified_gmt":"2023-07-03T16:01:44","slug":"kit-de-invencion-de-robotica-educativa","status":"publish","type":"product","link":"https:\/\/ljcreate.com\/es\/ingenieria\/kit-de-invencion-de-robotica-educativa\/","title":{"rendered":"Kit de invenci\u00f3n de rob\u00f3tica educativa"},"content":{"rendered":"<p>El Kit de Invenci\u00f3n de Rob\u00f3tica Educativa (250-02) combina ingenier\u00eda y programaci\u00f3n para crear un entorno din\u00e1mico que ayuda a los estudiantes a desarrollar habilidades de resoluci\u00f3n de problemas y programaci\u00f3n que implican matem\u00e1ticas, ingenier\u00eda, ciencia y l\u00f3gica.<\/p>\n<p>El Kit de Invenci\u00f3n de Rob\u00f3tica Educativa proporciona una amplia gama de proyectos y tambi\u00e9n tiene un potencial de expansi\u00f3n ilimitado &#8211; ya que permite la fijaci\u00f3n de la electr\u00f3nica y el hardware de<sup>terceros<\/sup> como Raspberry Pi, y Arduino.<\/p>\n<h5>Las actividades t\u00edpicas del proyecto incluyen:<\/h5>\n<ul>\n<li>Idiomas, m\u00e1quinas y computaci\u00f3n<\/li>\n<li>Algoritmos y abstracci\u00f3n<\/li>\n<li>Entradas y salidas<\/li>\n<li>Datos, variables y constantes<\/li>\n<li>Estructuras de Control<\/li>\n<li>Prueba y depuraci\u00f3n<\/li>\n<li>Una serie de proyectos de dise\u00f1o abiertos para permitir a los estudiantes ser creativos<\/li>\n<\/ul>\n","protected":false},"excerpt":{"rendered":"<p>El Kit de Invenci\u00f3n de Rob\u00f3tica Educativa (250-02) combina ingenier\u00eda y programaci\u00f3n para crear un entorno din\u00e1mico que ayuda a los estudiantes a desarrollar habilidades de resoluci\u00f3n de problemas y programaci\u00f3n que implican matem\u00e1ticas, ingenier\u00eda, ciencia y l\u00f3gica. El Kit de Invenci\u00f3n de Rob\u00f3tica Educativa proporciona una amplia gama de proyectos y tambi\u00e9n tiene un&hellip;<\/p>\n","protected":false},"featured_media":37695,"template":"","meta":{"_acf_changed":false,"inline_featured_image":false},"product_brand":[],"product_cat":[138,142],"product_tag":[],"class_list":{"0":"post-38179","1":"product","2":"type-product","3":"status-publish","4":"has-post-thumbnail","6":"product_cat-engineering-es","7":"product_cat-equipo-de-ingenieria-central","9":"first","10":"instock","11":"shipping-taxable","12":"product-type-simple"},"acf":[],"yoast_head":"<!-- This site is optimized with the Yoast SEO plugin v27.3 - https:\/\/yoast.com\/product\/yoast-seo-wordpress\/ -->\n<title>Kit de invenci\u00f3n de rob\u00f3tica educativa | LJ Create<\/title>\n<meta name=\"description\" content=\"El Kit de Invenci\u00f3n de Rob\u00f3tica Educativa es un robot ampliable &quot;plug-and-play&quot; que ense\u00f1a a los estudiantes las disciplinas STEM, el pensamiento computacional y la alfabetizaci\u00f3n digital mediante experiencias pr\u00e1cticas.\" \/>\n<meta name=\"robots\" content=\"index, follow, max-snippet:-1, max-image-preview:large, max-video-preview:-1\" \/>\n<link rel=\"canonical\" href=\"https:\/\/ljcreate.com\/es\/ingenieria\/kit-de-invencion-de-robotica-educativa\/\" \/>\n<meta property=\"og:locale\" content=\"es_ES\" \/>\n<meta property=\"og:type\" content=\"article\" \/>\n<meta property=\"og:title\" content=\"Kit de invenci\u00f3n de rob\u00f3tica educativa | LJ Create\" \/>\n<meta property=\"og:description\" content=\"El Kit de Invenci\u00f3n de Rob\u00f3tica Educativa es un robot ampliable &quot;plug-and-play&quot; que ense\u00f1a a los estudiantes las disciplinas STEM, el pensamiento computacional y la alfabetizaci\u00f3n digital mediante experiencias pr\u00e1cticas.\" \/>\n<meta property=\"og:url\" content=\"https:\/\/ljcreate.com\/es\/ingenieria\/kit-de-invencion-de-robotica-educativa\/\" \/>\n<meta property=\"og:site_name\" content=\"LJ Create\" \/>\n<meta property=\"article:modified_time\" content=\"2023-07-03T16:01:44+00:00\" \/>\n<meta property=\"og:image\" content=\"https:\/\/ljcreate.com\/wp-content\/uploads\/2022\/11\/roboticsInventionKit.jpg\" \/>\n\t<meta property=\"og:image:width\" content=\"1080\" \/>\n\t<meta property=\"og:image:height\" content=\"529\" \/>\n\t<meta property=\"og:image:type\" content=\"image\/jpeg\" \/>\n<meta name=\"twitter:card\" content=\"summary_large_image\" \/>\n<meta name=\"twitter:label1\" content=\"Tiempo de lectura\" \/>\n\t<meta name=\"twitter:data1\" content=\"1 minuto\" \/>\n<script type=\"application\/ld+json\" class=\"yoast-schema-graph\">{\"@context\":\"https:\\\/\\\/schema.org\",\"@graph\":[{\"@type\":\"WebPage\",\"@id\":\"https:\\\/\\\/ljcreate.com\\\/es\\\/ingenieria\\\/kit-de-invencion-de-robotica-educativa\\\/\",\"url\":\"https:\\\/\\\/ljcreate.com\\\/es\\\/ingenieria\\\/kit-de-invencion-de-robotica-educativa\\\/\",\"name\":\"Kit de invenci\u00f3n de rob\u00f3tica educativa | LJ Create\",\"isPartOf\":{\"@id\":\"https:\\\/\\\/ljcreate.com\\\/es\\\/#website\"},\"primaryImageOfPage\":{\"@id\":\"https:\\\/\\\/ljcreate.com\\\/es\\\/ingenieria\\\/kit-de-invencion-de-robotica-educativa\\\/#primaryimage\"},\"image\":{\"@id\":\"https:\\\/\\\/ljcreate.com\\\/es\\\/ingenieria\\\/kit-de-invencion-de-robotica-educativa\\\/#primaryimage\"},\"thumbnailUrl\":\"https:\\\/\\\/ljcreate.com\\\/wp-content\\\/uploads\\\/2022\\\/11\\\/roboticsInventionKit.jpg\",\"datePublished\":\"2022-11-24T14:35:21+00:00\",\"dateModified\":\"2023-07-03T16:01:44+00:00\",\"description\":\"El Kit de Invenci\u00f3n de Rob\u00f3tica Educativa es un robot ampliable \\\"plug-and-play\\\" que ense\u00f1a a los estudiantes las disciplinas STEM, el pensamiento computacional y la alfabetizaci\u00f3n digital mediante experiencias pr\u00e1cticas.\",\"breadcrumb\":{\"@id\":\"https:\\\/\\\/ljcreate.com\\\/es\\\/ingenieria\\\/kit-de-invencion-de-robotica-educativa\\\/#breadcrumb\"},\"inLanguage\":\"es\",\"potentialAction\":[{\"@type\":\"ReadAction\",\"target\":[\"https:\\\/\\\/ljcreate.com\\\/es\\\/ingenieria\\\/kit-de-invencion-de-robotica-educativa\\\/\"]}]},{\"@type\":\"ImageObject\",\"inLanguage\":\"es\",\"@id\":\"https:\\\/\\\/ljcreate.com\\\/es\\\/ingenieria\\\/kit-de-invencion-de-robotica-educativa\\\/#primaryimage\",\"url\":\"https:\\\/\\\/ljcreate.com\\\/wp-content\\\/uploads\\\/2022\\\/11\\\/roboticsInventionKit.jpg\",\"contentUrl\":\"https:\\\/\\\/ljcreate.com\\\/wp-content\\\/uploads\\\/2022\\\/11\\\/roboticsInventionKit.jpg\",\"width\":1080,\"height\":529,\"caption\":\"Educational Robotics Invention Kit\"},{\"@type\":\"BreadcrumbList\",\"@id\":\"https:\\\/\\\/ljcreate.com\\\/es\\\/ingenieria\\\/kit-de-invencion-de-robotica-educativa\\\/#breadcrumb\",\"itemListElement\":[{\"@type\":\"ListItem\",\"position\":1,\"name\":\"Home\",\"item\":\"https:\\\/\\\/ljcreate.com\\\/es\\\/\"},{\"@type\":\"ListItem\",\"position\":2,\"name\":\"Productos\",\"item\":\"https:\\\/\\\/ljcreate.com\\\/es\\\/shop\\\/\"},{\"@type\":\"ListItem\",\"position\":3,\"name\":\"Engineering\",\"item\":\"https:\\\/\\\/ljcreate.com\\\/uk\\\/product-category\\\/engineering\\\/\"},{\"@type\":\"ListItem\",\"position\":4,\"name\":\"Kit de invenci\u00f3n de rob\u00f3tica educativa\"}]},{\"@type\":\"WebSite\",\"@id\":\"https:\\\/\\\/ljcreate.com\\\/es\\\/#website\",\"url\":\"https:\\\/\\\/ljcreate.com\\\/es\\\/\",\"name\":\"LJ Create\",\"description\":\"Innovate, Inspire, and Engage\",\"publisher\":{\"@id\":\"https:\\\/\\\/ljcreate.com\\\/es\\\/#organization\"},\"alternateName\":\"Creative Learning (Norwich) Limited\",\"potentialAction\":[{\"@type\":\"SearchAction\",\"target\":{\"@type\":\"EntryPoint\",\"urlTemplate\":\"https:\\\/\\\/ljcreate.com\\\/es\\\/?s={search_term_string}\"},\"query-input\":{\"@type\":\"PropertyValueSpecification\",\"valueRequired\":true,\"valueName\":\"search_term_string\"}}],\"inLanguage\":\"es\"},{\"@type\":\"Organization\",\"@id\":\"https:\\\/\\\/ljcreate.com\\\/es\\\/#organization\",\"name\":\"LJ Create\",\"url\":\"https:\\\/\\\/ljcreate.com\\\/es\\\/\",\"logo\":{\"@type\":\"ImageObject\",\"inLanguage\":\"es\",\"@id\":\"https:\\\/\\\/ljcreate.com\\\/es\\\/#\\\/schema\\\/logo\\\/image\\\/\",\"url\":\"https:\\\/\\\/ljcreate.com\\\/wp-content\\\/uploads\\\/2021\\\/07\\\/logo.svg\",\"contentUrl\":\"https:\\\/\\\/ljcreate.com\\\/wp-content\\\/uploads\\\/2021\\\/07\\\/logo.svg\",\"width\":\"1024\",\"height\":\"1024\",\"caption\":\"LJ Create\"},\"image\":{\"@id\":\"https:\\\/\\\/ljcreate.com\\\/es\\\/#\\\/schema\\\/logo\\\/image\\\/\"}}]}<\/script>\n<!-- \/ Yoast SEO plugin. -->","yoast_head_json":{"title":"Kit de invenci\u00f3n de rob\u00f3tica educativa | LJ Create","description":"El Kit de Invenci\u00f3n de Rob\u00f3tica Educativa es un robot ampliable \"plug-and-play\" que ense\u00f1a a los estudiantes las disciplinas STEM, el pensamiento computacional y la alfabetizaci\u00f3n digital mediante experiencias pr\u00e1cticas.","robots":{"index":"index","follow":"follow","max-snippet":"max-snippet:-1","max-image-preview":"max-image-preview:large","max-video-preview":"max-video-preview:-1"},"canonical":"https:\/\/ljcreate.com\/es\/ingenieria\/kit-de-invencion-de-robotica-educativa\/","og_locale":"es_ES","og_type":"article","og_title":"Kit de invenci\u00f3n de rob\u00f3tica educativa | LJ Create","og_description":"El Kit de Invenci\u00f3n de Rob\u00f3tica Educativa es un robot ampliable \"plug-and-play\" que ense\u00f1a a los estudiantes las disciplinas STEM, el pensamiento computacional y la alfabetizaci\u00f3n digital mediante experiencias pr\u00e1cticas.","og_url":"https:\/\/ljcreate.com\/es\/ingenieria\/kit-de-invencion-de-robotica-educativa\/","og_site_name":"LJ Create","article_modified_time":"2023-07-03T16:01:44+00:00","og_image":[{"width":1080,"height":529,"url":"https:\/\/ljcreate.com\/wp-content\/uploads\/2022\/11\/roboticsInventionKit.jpg","type":"image\/jpeg"}],"twitter_card":"summary_large_image","twitter_misc":{"Tiempo de lectura":"1 minuto"},"schema":{"@context":"https:\/\/schema.org","@graph":[{"@type":"WebPage","@id":"https:\/\/ljcreate.com\/es\/ingenieria\/kit-de-invencion-de-robotica-educativa\/","url":"https:\/\/ljcreate.com\/es\/ingenieria\/kit-de-invencion-de-robotica-educativa\/","name":"Kit de invenci\u00f3n de rob\u00f3tica educativa | LJ Create","isPartOf":{"@id":"https:\/\/ljcreate.com\/es\/#website"},"primaryImageOfPage":{"@id":"https:\/\/ljcreate.com\/es\/ingenieria\/kit-de-invencion-de-robotica-educativa\/#primaryimage"},"image":{"@id":"https:\/\/ljcreate.com\/es\/ingenieria\/kit-de-invencion-de-robotica-educativa\/#primaryimage"},"thumbnailUrl":"https:\/\/ljcreate.com\/wp-content\/uploads\/2022\/11\/roboticsInventionKit.jpg","datePublished":"2022-11-24T14:35:21+00:00","dateModified":"2023-07-03T16:01:44+00:00","description":"El Kit de Invenci\u00f3n de Rob\u00f3tica Educativa es un robot ampliable \"plug-and-play\" que ense\u00f1a a los estudiantes las disciplinas STEM, el pensamiento computacional y la alfabetizaci\u00f3n digital mediante experiencias pr\u00e1cticas.","breadcrumb":{"@id":"https:\/\/ljcreate.com\/es\/ingenieria\/kit-de-invencion-de-robotica-educativa\/#breadcrumb"},"inLanguage":"es","potentialAction":[{"@type":"ReadAction","target":["https:\/\/ljcreate.com\/es\/ingenieria\/kit-de-invencion-de-robotica-educativa\/"]}]},{"@type":"ImageObject","inLanguage":"es","@id":"https:\/\/ljcreate.com\/es\/ingenieria\/kit-de-invencion-de-robotica-educativa\/#primaryimage","url":"https:\/\/ljcreate.com\/wp-content\/uploads\/2022\/11\/roboticsInventionKit.jpg","contentUrl":"https:\/\/ljcreate.com\/wp-content\/uploads\/2022\/11\/roboticsInventionKit.jpg","width":1080,"height":529,"caption":"Educational Robotics Invention Kit"},{"@type":"BreadcrumbList","@id":"https:\/\/ljcreate.com\/es\/ingenieria\/kit-de-invencion-de-robotica-educativa\/#breadcrumb","itemListElement":[{"@type":"ListItem","position":1,"name":"Home","item":"https:\/\/ljcreate.com\/es\/"},{"@type":"ListItem","position":2,"name":"Productos","item":"https:\/\/ljcreate.com\/es\/shop\/"},{"@type":"ListItem","position":3,"name":"Engineering","item":"https:\/\/ljcreate.com\/uk\/product-category\/engineering\/"},{"@type":"ListItem","position":4,"name":"Kit de invenci\u00f3n de rob\u00f3tica educativa"}]},{"@type":"WebSite","@id":"https:\/\/ljcreate.com\/es\/#website","url":"https:\/\/ljcreate.com\/es\/","name":"LJ Create","description":"Innovate, Inspire, and Engage","publisher":{"@id":"https:\/\/ljcreate.com\/es\/#organization"},"alternateName":"Creative Learning (Norwich) Limited","potentialAction":[{"@type":"SearchAction","target":{"@type":"EntryPoint","urlTemplate":"https:\/\/ljcreate.com\/es\/?s={search_term_string}"},"query-input":{"@type":"PropertyValueSpecification","valueRequired":true,"valueName":"search_term_string"}}],"inLanguage":"es"},{"@type":"Organization","@id":"https:\/\/ljcreate.com\/es\/#organization","name":"LJ Create","url":"https:\/\/ljcreate.com\/es\/","logo":{"@type":"ImageObject","inLanguage":"es","@id":"https:\/\/ljcreate.com\/es\/#\/schema\/logo\/image\/","url":"https:\/\/ljcreate.com\/wp-content\/uploads\/2021\/07\/logo.svg","contentUrl":"https:\/\/ljcreate.com\/wp-content\/uploads\/2021\/07\/logo.svg","width":"1024","height":"1024","caption":"LJ Create"},"image":{"@id":"https:\/\/ljcreate.com\/es\/#\/schema\/logo\/image\/"}}]}},"_links":{"self":[{"href":"https:\/\/ljcreate.com\/es\/wp-json\/wp\/v2\/product\/38179","targetHints":{"allow":["GET"]}}],"collection":[{"href":"https:\/\/ljcreate.com\/es\/wp-json\/wp\/v2\/product"}],"about":[{"href":"https:\/\/ljcreate.com\/es\/wp-json\/wp\/v2\/types\/product"}],"wp:featuredmedia":[{"embeddable":true,"href":"https:\/\/ljcreate.com\/es\/wp-json\/wp\/v2\/media\/37695"}],"wp:attachment":[{"href":"https:\/\/ljcreate.com\/es\/wp-json\/wp\/v2\/media?parent=38179"}],"wp:term":[{"taxonomy":"product_brand","embeddable":true,"href":"https:\/\/ljcreate.com\/es\/wp-json\/wp\/v2\/product_brand?post=38179"},{"taxonomy":"product_cat","embeddable":true,"href":"https:\/\/ljcreate.com\/es\/wp-json\/wp\/v2\/product_cat?post=38179"},{"taxonomy":"product_tag","embeddable":true,"href":"https:\/\/ljcreate.com\/es\/wp-json\/wp\/v2\/product_tag?post=38179"}],"curies":[{"name":"wp","href":"https:\/\/api.w.org\/{rel}","templated":true}]}}