{"id":38177,"date":"2022-11-24T14:31:32","date_gmt":"2022-11-24T14:31:32","guid":{"rendered":"https:\/\/ljcreate.com\/product\/sin%20categor\u00eda\/kit-de-construccion-de-ingenieria\/"},"modified":"2023-06-30T13:20:48","modified_gmt":"2023-06-30T12:20:48","slug":"kit-de-construccion-de-ingenieria","status":"publish","type":"product","link":"https:\/\/ljcreate.com\/es\/ingenieria\/kit-de-construccion-de-ingenieria\/","title":{"rendered":"Kit de construcci\u00f3n de ingenier\u00eda"},"content":{"rendered":"<p>El kit de construcci\u00f3n de ingenier\u00eda (220-02) se utiliza dentro de nuestro programa de dise\u00f1o y tecnolog\u00eda para ayudar a los estudiantes a desarrollar soluciones a una serie de tareas y actividades pr\u00e1cticas de resoluci\u00f3n de problemas del mundo real dentro de un entorno de aula o laboratorio.<\/p>\n<p>El kit de construcci\u00f3n de ingenier\u00eda incluye un sencillo pero sofisticado software de programaci\u00f3n de arrastrar y soltar que permite a los estudiantes dise\u00f1ar programas de diagramas de flujo para dar vida a sus modelos.<\/p>\n<h5>Las actividades t\u00edpicas del proyecto incluyen:<\/h5>\n<ul>\n<li>Dise\u00f1ar un sistema de control de cruce de ferrocarril<\/li>\n<li>Dise\u00f1ar un sistema de escaneo m\u00e9dico<\/li>\n<li>Dise\u00f1a una atracci\u00f3n de feria<\/li>\n<li>Dise\u00f1o de m\u00e1quinas agr\u00edcolas automatizadas<\/li>\n<li>Dise\u00f1ar una gr\u00faa para contenedores<\/li>\n<li>Dise\u00f1o de veh\u00edculos semiautomatizados<\/li>\n<li>Dise\u00f1ar robots m\u00f3viles<\/li>\n<li>Dise\u00f1o de m\u00e1quinas industriales y sistemas rob\u00f3ticos<\/li>\n<\/ul>\n<p>&nbsp;<\/p>\n","protected":false},"excerpt":{"rendered":"<p>El kit de construcci\u00f3n de ingenier\u00eda (220-02) se utiliza dentro de nuestro programa de dise\u00f1o y tecnolog\u00eda para ayudar a los estudiantes a desarrollar soluciones a una serie de tareas y actividades pr\u00e1cticas de resoluci\u00f3n de problemas del mundo real dentro de un entorno de aula o laboratorio. El kit de construcci\u00f3n de ingenier\u00eda incluye&hellip;<\/p>\n","protected":false},"featured_media":37689,"template":"","meta":{"_acf_changed":false,"inline_featured_image":false},"product_brand":[],"product_cat":[138,142],"product_tag":[],"class_list":{"0":"post-38177","1":"product","2":"type-product","3":"status-publish","4":"has-post-thumbnail","6":"product_cat-engineering-es","7":"product_cat-equipo-de-ingenieria-central","9":"first","10":"instock","11":"shipping-taxable","12":"product-type-simple"},"acf":[],"yoast_head":"<!-- This site is optimized with the Yoast SEO plugin v27.3 - https:\/\/yoast.com\/product\/yoast-seo-wordpress\/ -->\n<title>Kit de construcci\u00f3n de ingenier\u00eda | LJ Create<\/title>\n<meta name=\"description\" content=\"El kit de construcci\u00f3n de ingenier\u00eda es un recurso en el aula para investigar el dise\u00f1o, la construcci\u00f3n y la programaci\u00f3n de maquinaria rob\u00f3tica y automatizada en una variedad de \u00e1reas de tecnolog\u00eda.\" \/>\n<meta name=\"robots\" content=\"index, follow, max-snippet:-1, max-image-preview:large, max-video-preview:-1\" \/>\n<link rel=\"canonical\" href=\"https:\/\/ljcreate.com\/es\/ingenieria\/kit-de-construccion-de-ingenieria\/\" \/>\n<meta property=\"og:locale\" content=\"es_ES\" \/>\n<meta property=\"og:type\" content=\"article\" \/>\n<meta property=\"og:title\" content=\"Kit de construcci\u00f3n de ingenier\u00eda | LJ Create\" \/>\n<meta property=\"og:description\" content=\"El kit de construcci\u00f3n de ingenier\u00eda es un recurso en el aula para investigar el dise\u00f1o, la construcci\u00f3n y la programaci\u00f3n de maquinaria rob\u00f3tica y automatizada en una variedad de \u00e1reas de tecnolog\u00eda.\" \/>\n<meta property=\"og:url\" content=\"https:\/\/ljcreate.com\/es\/ingenieria\/kit-de-construccion-de-ingenieria\/\" \/>\n<meta property=\"og:site_name\" content=\"LJ Create\" \/>\n<meta property=\"article:modified_time\" content=\"2023-06-30T12:20:48+00:00\" \/>\n<meta property=\"og:image\" content=\"https:\/\/ljcreate.com\/wp-content\/uploads\/2022\/11\/engineeringConstructionKit.jpg\" \/>\n\t<meta property=\"og:image:width\" content=\"1080\" \/>\n\t<meta property=\"og:image:height\" content=\"529\" \/>\n\t<meta property=\"og:image:type\" content=\"image\/jpeg\" \/>\n<meta name=\"twitter:card\" content=\"summary_large_image\" \/>\n<meta name=\"twitter:label1\" content=\"Tiempo de lectura\" \/>\n\t<meta name=\"twitter:data1\" content=\"1 minuto\" \/>\n<script type=\"application\/ld+json\" class=\"yoast-schema-graph\">{\"@context\":\"https:\\\/\\\/schema.org\",\"@graph\":[{\"@type\":\"WebPage\",\"@id\":\"https:\\\/\\\/ljcreate.com\\\/es\\\/ingenieria\\\/kit-de-construccion-de-ingenieria\\\/\",\"url\":\"https:\\\/\\\/ljcreate.com\\\/es\\\/ingenieria\\\/kit-de-construccion-de-ingenieria\\\/\",\"name\":\"Kit de construcci\u00f3n de ingenier\u00eda | LJ Create\",\"isPartOf\":{\"@id\":\"https:\\\/\\\/ljcreate.com\\\/es\\\/#website\"},\"primaryImageOfPage\":{\"@id\":\"https:\\\/\\\/ljcreate.com\\\/es\\\/ingenieria\\\/kit-de-construccion-de-ingenieria\\\/#primaryimage\"},\"image\":{\"@id\":\"https:\\\/\\\/ljcreate.com\\\/es\\\/ingenieria\\\/kit-de-construccion-de-ingenieria\\\/#primaryimage\"},\"thumbnailUrl\":\"https:\\\/\\\/ljcreate.com\\\/wp-content\\\/uploads\\\/2022\\\/11\\\/engineeringConstructionKit.jpg\",\"datePublished\":\"2022-11-24T14:31:32+00:00\",\"dateModified\":\"2023-06-30T12:20:48+00:00\",\"description\":\"El kit de construcci\u00f3n de ingenier\u00eda es un recurso en el aula para investigar el dise\u00f1o, la construcci\u00f3n y la programaci\u00f3n de maquinaria rob\u00f3tica y automatizada en una variedad de \u00e1reas de tecnolog\u00eda.\",\"breadcrumb\":{\"@id\":\"https:\\\/\\\/ljcreate.com\\\/es\\\/ingenieria\\\/kit-de-construccion-de-ingenieria\\\/#breadcrumb\"},\"inLanguage\":\"es\",\"potentialAction\":[{\"@type\":\"ReadAction\",\"target\":[\"https:\\\/\\\/ljcreate.com\\\/es\\\/ingenieria\\\/kit-de-construccion-de-ingenieria\\\/\"]}]},{\"@type\":\"ImageObject\",\"inLanguage\":\"es\",\"@id\":\"https:\\\/\\\/ljcreate.com\\\/es\\\/ingenieria\\\/kit-de-construccion-de-ingenieria\\\/#primaryimage\",\"url\":\"https:\\\/\\\/ljcreate.com\\\/wp-content\\\/uploads\\\/2022\\\/11\\\/engineeringConstructionKit.jpg\",\"contentUrl\":\"https:\\\/\\\/ljcreate.com\\\/wp-content\\\/uploads\\\/2022\\\/11\\\/engineeringConstructionKit.jpg\",\"width\":1080,\"height\":529,\"caption\":\"Enginere\"},{\"@type\":\"BreadcrumbList\",\"@id\":\"https:\\\/\\\/ljcreate.com\\\/es\\\/ingenieria\\\/kit-de-construccion-de-ingenieria\\\/#breadcrumb\",\"itemListElement\":[{\"@type\":\"ListItem\",\"position\":1,\"name\":\"Home\",\"item\":\"https:\\\/\\\/ljcreate.com\\\/es\\\/\"},{\"@type\":\"ListItem\",\"position\":2,\"name\":\"Productos\",\"item\":\"https:\\\/\\\/ljcreate.com\\\/es\\\/shop\\\/\"},{\"@type\":\"ListItem\",\"position\":3,\"name\":\"STEM\\\/Career Exploration\",\"item\":\"https:\\\/\\\/ljcreate.com\\\/product-category\\\/stem-career-exploration\\\/\"},{\"@type\":\"ListItem\",\"position\":4,\"name\":\"Kit de construcci\u00f3n de ingenier\u00eda\"}]},{\"@type\":\"WebSite\",\"@id\":\"https:\\\/\\\/ljcreate.com\\\/es\\\/#website\",\"url\":\"https:\\\/\\\/ljcreate.com\\\/es\\\/\",\"name\":\"LJ Create\",\"description\":\"Innovate, Inspire, and Engage\",\"publisher\":{\"@id\":\"https:\\\/\\\/ljcreate.com\\\/es\\\/#organization\"},\"alternateName\":\"Creative Learning (Norwich) Limited\",\"potentialAction\":[{\"@type\":\"SearchAction\",\"target\":{\"@type\":\"EntryPoint\",\"urlTemplate\":\"https:\\\/\\\/ljcreate.com\\\/es\\\/?s={search_term_string}\"},\"query-input\":{\"@type\":\"PropertyValueSpecification\",\"valueRequired\":true,\"valueName\":\"search_term_string\"}}],\"inLanguage\":\"es\"},{\"@type\":\"Organization\",\"@id\":\"https:\\\/\\\/ljcreate.com\\\/es\\\/#organization\",\"name\":\"LJ Create\",\"url\":\"https:\\\/\\\/ljcreate.com\\\/es\\\/\",\"logo\":{\"@type\":\"ImageObject\",\"inLanguage\":\"es\",\"@id\":\"https:\\\/\\\/ljcreate.com\\\/es\\\/#\\\/schema\\\/logo\\\/image\\\/\",\"url\":\"https:\\\/\\\/ljcreate.com\\\/wp-content\\\/uploads\\\/2021\\\/07\\\/logo.svg\",\"contentUrl\":\"https:\\\/\\\/ljcreate.com\\\/wp-content\\\/uploads\\\/2021\\\/07\\\/logo.svg\",\"width\":\"1024\",\"height\":\"1024\",\"caption\":\"LJ Create\"},\"image\":{\"@id\":\"https:\\\/\\\/ljcreate.com\\\/es\\\/#\\\/schema\\\/logo\\\/image\\\/\"}}]}<\/script>\n<!-- \/ Yoast SEO plugin. -->","yoast_head_json":{"title":"Kit de construcci\u00f3n de ingenier\u00eda | LJ Create","description":"El kit de construcci\u00f3n de ingenier\u00eda es un recurso en el aula para investigar el dise\u00f1o, la construcci\u00f3n y la programaci\u00f3n de maquinaria rob\u00f3tica y automatizada en una variedad de \u00e1reas de tecnolog\u00eda.","robots":{"index":"index","follow":"follow","max-snippet":"max-snippet:-1","max-image-preview":"max-image-preview:large","max-video-preview":"max-video-preview:-1"},"canonical":"https:\/\/ljcreate.com\/es\/ingenieria\/kit-de-construccion-de-ingenieria\/","og_locale":"es_ES","og_type":"article","og_title":"Kit de construcci\u00f3n de ingenier\u00eda | LJ Create","og_description":"El kit de construcci\u00f3n de ingenier\u00eda es un recurso en el aula para investigar el dise\u00f1o, la construcci\u00f3n y la programaci\u00f3n de maquinaria rob\u00f3tica y automatizada en una variedad de \u00e1reas de tecnolog\u00eda.","og_url":"https:\/\/ljcreate.com\/es\/ingenieria\/kit-de-construccion-de-ingenieria\/","og_site_name":"LJ Create","article_modified_time":"2023-06-30T12:20:48+00:00","og_image":[{"width":1080,"height":529,"url":"https:\/\/ljcreate.com\/wp-content\/uploads\/2022\/11\/engineeringConstructionKit.jpg","type":"image\/jpeg"}],"twitter_card":"summary_large_image","twitter_misc":{"Tiempo de lectura":"1 minuto"},"schema":{"@context":"https:\/\/schema.org","@graph":[{"@type":"WebPage","@id":"https:\/\/ljcreate.com\/es\/ingenieria\/kit-de-construccion-de-ingenieria\/","url":"https:\/\/ljcreate.com\/es\/ingenieria\/kit-de-construccion-de-ingenieria\/","name":"Kit de construcci\u00f3n de ingenier\u00eda | LJ Create","isPartOf":{"@id":"https:\/\/ljcreate.com\/es\/#website"},"primaryImageOfPage":{"@id":"https:\/\/ljcreate.com\/es\/ingenieria\/kit-de-construccion-de-ingenieria\/#primaryimage"},"image":{"@id":"https:\/\/ljcreate.com\/es\/ingenieria\/kit-de-construccion-de-ingenieria\/#primaryimage"},"thumbnailUrl":"https:\/\/ljcreate.com\/wp-content\/uploads\/2022\/11\/engineeringConstructionKit.jpg","datePublished":"2022-11-24T14:31:32+00:00","dateModified":"2023-06-30T12:20:48+00:00","description":"El kit de construcci\u00f3n de ingenier\u00eda es un recurso en el aula para investigar el dise\u00f1o, la construcci\u00f3n y la programaci\u00f3n de maquinaria rob\u00f3tica y automatizada en una variedad de \u00e1reas de tecnolog\u00eda.","breadcrumb":{"@id":"https:\/\/ljcreate.com\/es\/ingenieria\/kit-de-construccion-de-ingenieria\/#breadcrumb"},"inLanguage":"es","potentialAction":[{"@type":"ReadAction","target":["https:\/\/ljcreate.com\/es\/ingenieria\/kit-de-construccion-de-ingenieria\/"]}]},{"@type":"ImageObject","inLanguage":"es","@id":"https:\/\/ljcreate.com\/es\/ingenieria\/kit-de-construccion-de-ingenieria\/#primaryimage","url":"https:\/\/ljcreate.com\/wp-content\/uploads\/2022\/11\/engineeringConstructionKit.jpg","contentUrl":"https:\/\/ljcreate.com\/wp-content\/uploads\/2022\/11\/engineeringConstructionKit.jpg","width":1080,"height":529,"caption":"Enginere"},{"@type":"BreadcrumbList","@id":"https:\/\/ljcreate.com\/es\/ingenieria\/kit-de-construccion-de-ingenieria\/#breadcrumb","itemListElement":[{"@type":"ListItem","position":1,"name":"Home","item":"https:\/\/ljcreate.com\/es\/"},{"@type":"ListItem","position":2,"name":"Productos","item":"https:\/\/ljcreate.com\/es\/shop\/"},{"@type":"ListItem","position":3,"name":"STEM\/Career Exploration","item":"https:\/\/ljcreate.com\/product-category\/stem-career-exploration\/"},{"@type":"ListItem","position":4,"name":"Kit de construcci\u00f3n de ingenier\u00eda"}]},{"@type":"WebSite","@id":"https:\/\/ljcreate.com\/es\/#website","url":"https:\/\/ljcreate.com\/es\/","name":"LJ Create","description":"Innovate, Inspire, and Engage","publisher":{"@id":"https:\/\/ljcreate.com\/es\/#organization"},"alternateName":"Creative Learning (Norwich) Limited","potentialAction":[{"@type":"SearchAction","target":{"@type":"EntryPoint","urlTemplate":"https:\/\/ljcreate.com\/es\/?s={search_term_string}"},"query-input":{"@type":"PropertyValueSpecification","valueRequired":true,"valueName":"search_term_string"}}],"inLanguage":"es"},{"@type":"Organization","@id":"https:\/\/ljcreate.com\/es\/#organization","name":"LJ Create","url":"https:\/\/ljcreate.com\/es\/","logo":{"@type":"ImageObject","inLanguage":"es","@id":"https:\/\/ljcreate.com\/es\/#\/schema\/logo\/image\/","url":"https:\/\/ljcreate.com\/wp-content\/uploads\/2021\/07\/logo.svg","contentUrl":"https:\/\/ljcreate.com\/wp-content\/uploads\/2021\/07\/logo.svg","width":"1024","height":"1024","caption":"LJ Create"},"image":{"@id":"https:\/\/ljcreate.com\/es\/#\/schema\/logo\/image\/"}}]}},"_links":{"self":[{"href":"https:\/\/ljcreate.com\/es\/wp-json\/wp\/v2\/product\/38177","targetHints":{"allow":["GET"]}}],"collection":[{"href":"https:\/\/ljcreate.com\/es\/wp-json\/wp\/v2\/product"}],"about":[{"href":"https:\/\/ljcreate.com\/es\/wp-json\/wp\/v2\/types\/product"}],"wp:featuredmedia":[{"embeddable":true,"href":"https:\/\/ljcreate.com\/es\/wp-json\/wp\/v2\/media\/37689"}],"wp:attachment":[{"href":"https:\/\/ljcreate.com\/es\/wp-json\/wp\/v2\/media?parent=38177"}],"wp:term":[{"taxonomy":"product_brand","embeddable":true,"href":"https:\/\/ljcreate.com\/es\/wp-json\/wp\/v2\/product_brand?post=38177"},{"taxonomy":"product_cat","embeddable":true,"href":"https:\/\/ljcreate.com\/es\/wp-json\/wp\/v2\/product_cat?post=38177"},{"taxonomy":"product_tag","embeddable":true,"href":"https:\/\/ljcreate.com\/es\/wp-json\/wp\/v2\/product_tag?post=38177"}],"curies":[{"name":"wp","href":"https:\/\/api.w.org\/{rel}","templated":true}]}}