{"id":38130,"date":"2022-12-01T16:00:28","date_gmt":"2022-12-01T16:00:28","guid":{"rendered":"https:\/\/ljcreate.com\/?post_type=product&#038;p=38130"},"modified":"2024-07-30T16:14:14","modified_gmt":"2024-07-30T15:14:14","slug":"estacion-de-trabajo-de-electronica-para-vehiculos-electricos","status":"publish","type":"product","link":"https:\/\/ljcreate.com\/es\/tecnologia-automotriz\/estacion-de-trabajo-de-electronica-para-vehiculos-electricos\/","title":{"rendered":"Estaci\u00f3n de trabajo de electr\u00f3nica para veh\u00edculos el\u00e9ctricos"},"content":{"rendered":"<p>La Estaci\u00f3n de Trabajo de Electr\u00f3nica de Veh\u00edculos El\u00e9ctricos (730-00) permite el estudio pr\u00e1ctico de una serie de circuitos y conceptos avanzados de veh\u00edculos el\u00e9ctricos.<\/p>\n<h5>La estaci\u00f3n de trabajo incluye:<\/h5>\n<ul>\n<li>Entrenador de escritorio<\/li>\n<li>Conjunto de componentes<\/li>\n<li>Las siguientes tarjetas del experimento:\n<ul>\n<li>Sistemas Electr\u00f3nicos<\/li>\n<li>Electromagnetismo<\/li>\n<li>Transductores de entrada<\/li>\n<li>Circuitos Integrados Anal\u00f3gicos<\/li>\n<li>Se\u00f1ales de modulaci\u00f3n de ancho de pulso<\/li>\n<\/ul>\n<\/li>\n<\/ul>\n<hr \/>\n<h4>DESCUBRA M\u00c1S<\/h4>\n<p>Descargue una copia de nuestro <a href=\"\/wp-content\/uploads\/2023\/10\/electricVehicleBrochureES.pdf\" target=\"_blank\" rel=\"noopener\">folleto de reparaci\u00f3n de autom\u00f3viles EV<\/a> para ver nuestra gama completa de productos disponibles para veh\u00edculos h\u00edbridos y el\u00e9ctricos:<\/p>\n<p><a href=\"\/wp-content\/uploads\/2023\/10\/electricVehicleBrochureES.pdf\" target=\"_blank\" rel=\"noopener\"><img decoding=\"async\" class=\"alignnone wp-image-37990 lazyload\" data-src=\"https:\/\/ljcreate.com\/wp-content\/uploads\/2024\/07\/evBrochureEsThumbnail.jpg\" alt=\"Descargue nuestro folleto sobre el veh\u00edculo el\u00e9ctrico\" width=\"346\" height=\"398\" src=\"data:image\/svg+xml;base64,PHN2ZyB3aWR0aD0iMSIgaGVpZ2h0PSIxIiB4bWxucz0iaHR0cDovL3d3dy53My5vcmcvMjAwMC9zdmciPjwvc3ZnPg==\" style=\"--smush-placeholder-width: 346px; --smush-placeholder-aspect-ratio: 346\/398;\" \/><\/a><\/p>\n<hr \/>\n<p><strong>\u00bfEncontraste lo que buscabas?<\/strong><br \/>\nEche un vistazo a nuestra gama completa de <a href=\"https:\/\/ljcreate.com\/automotive-technology\/training-resource\/\" target=\"_blank\" rel=\"noopener\">recursos de capacitaci\u00f3n automotriz<\/a><\/p>\n","protected":false},"excerpt":{"rendered":"<p>La Estaci\u00f3n de Trabajo de Electr\u00f3nica de Veh\u00edculos El\u00e9ctricos (730-00) permite el estudio pr\u00e1ctico de una serie de circuitos y conceptos avanzados de veh\u00edculos el\u00e9ctricos. La estaci\u00f3n de trabajo incluye: Entrenador de escritorio Conjunto de componentes Las siguientes tarjetas del experimento: Sistemas Electr\u00f3nicos Electromagnetismo Transductores de entrada Circuitos Integrados Anal\u00f3gicos Se\u00f1ales de modulaci\u00f3n de ancho&hellip;<\/p>\n","protected":false},"featured_media":55798,"template":"","meta":{"_acf_changed":false,"inline_featured_image":false},"product_brand":[],"product_cat":[166,132,133],"product_tag":[],"class_list":{"0":"post-38130","1":"product","2":"type-product","3":"status-publish","4":"has-post-thumbnail","6":"product_cat-entrenadores-de-vehiculos-hibridos-y-electricos","7":"product_cat-automotive-technology-es","8":"product_cat-automotive-autotronics-boards-and-panels-es","10":"first","11":"instock","12":"shipping-taxable","13":"product-type-simple"},"acf":[],"yoast_head":"<!-- This site is optimized with the Yoast SEO plugin v27.3 - https:\/\/yoast.com\/product\/yoast-seo-wordpress\/ -->\n<title>Estaci\u00f3n de trabajo de electr\u00f3nica para veh\u00edculos el\u00e9ctricos | LJ Create<\/title>\n<meta name=\"description\" content=\"La estaci\u00f3n de trabajo de electr\u00f3nica de veh\u00edculos el\u00e9ctricos permite el estudio pr\u00e1ctico de una serie de circuitos y conceptos avanzados de veh\u00edculos el\u00e9ctricos.\" \/>\n<meta name=\"robots\" content=\"index, follow, max-snippet:-1, max-image-preview:large, max-video-preview:-1\" \/>\n<link rel=\"canonical\" href=\"https:\/\/ljcreate.com\/es\/tecnologia-automotriz\/estacion-de-trabajo-de-electronica-para-vehiculos-electricos\/\" \/>\n<meta property=\"og:locale\" content=\"es_ES\" \/>\n<meta property=\"og:type\" content=\"article\" \/>\n<meta property=\"og:title\" content=\"Estaci\u00f3n de trabajo de electr\u00f3nica para veh\u00edculos el\u00e9ctricos | LJ Create\" \/>\n<meta property=\"og:description\" content=\"La estaci\u00f3n de trabajo de electr\u00f3nica de veh\u00edculos el\u00e9ctricos permite el estudio pr\u00e1ctico de una serie de circuitos y conceptos avanzados de veh\u00edculos el\u00e9ctricos.\" \/>\n<meta property=\"og:url\" content=\"https:\/\/ljcreate.com\/es\/tecnologia-automotriz\/estacion-de-trabajo-de-electronica-para-vehiculos-electricos\/\" \/>\n<meta property=\"og:site_name\" content=\"LJ Create\" \/>\n<meta property=\"article:modified_time\" content=\"2024-07-30T15:14:14+00:00\" \/>\n<meta property=\"og:image\" content=\"https:\/\/ljcreate.com\/wp-content\/uploads\/2022\/12\/electricVehicleElectronicsWorkstation-2.webp\" \/>\n\t<meta property=\"og:image:width\" content=\"1080\" \/>\n\t<meta property=\"og:image:height\" content=\"529\" \/>\n\t<meta property=\"og:image:type\" content=\"image\/webp\" \/>\n<meta name=\"twitter:card\" content=\"summary_large_image\" \/>\n<meta name=\"twitter:label1\" content=\"Tiempo de lectura\" \/>\n\t<meta name=\"twitter:data1\" content=\"1 minuto\" \/>\n<script type=\"application\/ld+json\" class=\"yoast-schema-graph\">{\"@context\":\"https:\\\/\\\/schema.org\",\"@graph\":[{\"@type\":\"WebPage\",\"@id\":\"https:\\\/\\\/ljcreate.com\\\/es\\\/tecnologia-automotriz\\\/estacion-de-trabajo-de-electronica-para-vehiculos-electricos\\\/\",\"url\":\"https:\\\/\\\/ljcreate.com\\\/es\\\/tecnologia-automotriz\\\/estacion-de-trabajo-de-electronica-para-vehiculos-electricos\\\/\",\"name\":\"Estaci\u00f3n de trabajo de electr\u00f3nica para veh\u00edculos el\u00e9ctricos | LJ Create\",\"isPartOf\":{\"@id\":\"https:\\\/\\\/ljcreate.com\\\/es\\\/#website\"},\"primaryImageOfPage\":{\"@id\":\"https:\\\/\\\/ljcreate.com\\\/es\\\/tecnologia-automotriz\\\/estacion-de-trabajo-de-electronica-para-vehiculos-electricos\\\/#primaryimage\"},\"image\":{\"@id\":\"https:\\\/\\\/ljcreate.com\\\/es\\\/tecnologia-automotriz\\\/estacion-de-trabajo-de-electronica-para-vehiculos-electricos\\\/#primaryimage\"},\"thumbnailUrl\":\"https:\\\/\\\/ljcreate.com\\\/wp-content\\\/uploads\\\/2022\\\/12\\\/electricVehicleElectronicsWorkstation-2.webp\",\"datePublished\":\"2022-12-01T16:00:28+00:00\",\"dateModified\":\"2024-07-30T15:14:14+00:00\",\"description\":\"La estaci\u00f3n de trabajo de electr\u00f3nica de veh\u00edculos el\u00e9ctricos permite el estudio pr\u00e1ctico de una serie de circuitos y conceptos avanzados de veh\u00edculos el\u00e9ctricos.\",\"breadcrumb\":{\"@id\":\"https:\\\/\\\/ljcreate.com\\\/es\\\/tecnologia-automotriz\\\/estacion-de-trabajo-de-electronica-para-vehiculos-electricos\\\/#breadcrumb\"},\"inLanguage\":\"es\",\"potentialAction\":[{\"@type\":\"ReadAction\",\"target\":[\"https:\\\/\\\/ljcreate.com\\\/es\\\/tecnologia-automotriz\\\/estacion-de-trabajo-de-electronica-para-vehiculos-electricos\\\/\"]}]},{\"@type\":\"ImageObject\",\"inLanguage\":\"es\",\"@id\":\"https:\\\/\\\/ljcreate.com\\\/es\\\/tecnologia-automotriz\\\/estacion-de-trabajo-de-electronica-para-vehiculos-electricos\\\/#primaryimage\",\"url\":\"https:\\\/\\\/ljcreate.com\\\/wp-content\\\/uploads\\\/2022\\\/12\\\/electricVehicleElectronicsWorkstation-2.webp\",\"contentUrl\":\"https:\\\/\\\/ljcreate.com\\\/wp-content\\\/uploads\\\/2022\\\/12\\\/electricVehicleElectronicsWorkstation-2.webp\",\"width\":1080,\"height\":529,\"caption\":\"Electric Vehicle Electronics Workstation\"},{\"@type\":\"BreadcrumbList\",\"@id\":\"https:\\\/\\\/ljcreate.com\\\/es\\\/tecnologia-automotriz\\\/estacion-de-trabajo-de-electronica-para-vehiculos-electricos\\\/#breadcrumb\",\"itemListElement\":[{\"@type\":\"ListItem\",\"position\":1,\"name\":\"Home\",\"item\":\"https:\\\/\\\/ljcreate.com\\\/es\\\/\"},{\"@type\":\"ListItem\",\"position\":2,\"name\":\"Productos\",\"item\":\"https:\\\/\\\/ljcreate.com\\\/es\\\/shop\\\/\"},{\"@type\":\"ListItem\",\"position\":3,\"name\":\"Automotive Technology\",\"item\":\"https:\\\/\\\/ljcreate.com\\\/uk\\\/product-category\\\/automotive-technology\\\/\"},{\"@type\":\"ListItem\",\"position\":4,\"name\":\"Estaci\u00f3n de trabajo de electr\u00f3nica para veh\u00edculos el\u00e9ctricos\"}]},{\"@type\":\"WebSite\",\"@id\":\"https:\\\/\\\/ljcreate.com\\\/es\\\/#website\",\"url\":\"https:\\\/\\\/ljcreate.com\\\/es\\\/\",\"name\":\"LJ Create\",\"description\":\"Innovate, Inspire, and Engage\",\"publisher\":{\"@id\":\"https:\\\/\\\/ljcreate.com\\\/es\\\/#organization\"},\"alternateName\":\"Creative Learning (Norwich) Limited\",\"potentialAction\":[{\"@type\":\"SearchAction\",\"target\":{\"@type\":\"EntryPoint\",\"urlTemplate\":\"https:\\\/\\\/ljcreate.com\\\/es\\\/?s={search_term_string}\"},\"query-input\":{\"@type\":\"PropertyValueSpecification\",\"valueRequired\":true,\"valueName\":\"search_term_string\"}}],\"inLanguage\":\"es\"},{\"@type\":\"Organization\",\"@id\":\"https:\\\/\\\/ljcreate.com\\\/es\\\/#organization\",\"name\":\"LJ Create\",\"url\":\"https:\\\/\\\/ljcreate.com\\\/es\\\/\",\"logo\":{\"@type\":\"ImageObject\",\"inLanguage\":\"es\",\"@id\":\"https:\\\/\\\/ljcreate.com\\\/es\\\/#\\\/schema\\\/logo\\\/image\\\/\",\"url\":\"https:\\\/\\\/ljcreate.com\\\/wp-content\\\/uploads\\\/2021\\\/07\\\/logo.svg\",\"contentUrl\":\"https:\\\/\\\/ljcreate.com\\\/wp-content\\\/uploads\\\/2021\\\/07\\\/logo.svg\",\"width\":\"1024\",\"height\":\"1024\",\"caption\":\"LJ Create\"},\"image\":{\"@id\":\"https:\\\/\\\/ljcreate.com\\\/es\\\/#\\\/schema\\\/logo\\\/image\\\/\"}}]}<\/script>\n<!-- \/ Yoast SEO plugin. -->","yoast_head_json":{"title":"Estaci\u00f3n de trabajo de electr\u00f3nica para veh\u00edculos el\u00e9ctricos | LJ Create","description":"La estaci\u00f3n de trabajo de electr\u00f3nica de veh\u00edculos el\u00e9ctricos permite el estudio pr\u00e1ctico de una serie de circuitos y conceptos avanzados de veh\u00edculos el\u00e9ctricos.","robots":{"index":"index","follow":"follow","max-snippet":"max-snippet:-1","max-image-preview":"max-image-preview:large","max-video-preview":"max-video-preview:-1"},"canonical":"https:\/\/ljcreate.com\/es\/tecnologia-automotriz\/estacion-de-trabajo-de-electronica-para-vehiculos-electricos\/","og_locale":"es_ES","og_type":"article","og_title":"Estaci\u00f3n de trabajo de electr\u00f3nica para veh\u00edculos el\u00e9ctricos | LJ Create","og_description":"La estaci\u00f3n de trabajo de electr\u00f3nica de veh\u00edculos el\u00e9ctricos permite el estudio pr\u00e1ctico de una serie de circuitos y conceptos avanzados de veh\u00edculos el\u00e9ctricos.","og_url":"https:\/\/ljcreate.com\/es\/tecnologia-automotriz\/estacion-de-trabajo-de-electronica-para-vehiculos-electricos\/","og_site_name":"LJ Create","article_modified_time":"2024-07-30T15:14:14+00:00","og_image":[{"width":1080,"height":529,"url":"https:\/\/ljcreate.com\/wp-content\/uploads\/2022\/12\/electricVehicleElectronicsWorkstation-2.webp","type":"image\/webp"}],"twitter_card":"summary_large_image","twitter_misc":{"Tiempo de lectura":"1 minuto"},"schema":{"@context":"https:\/\/schema.org","@graph":[{"@type":"WebPage","@id":"https:\/\/ljcreate.com\/es\/tecnologia-automotriz\/estacion-de-trabajo-de-electronica-para-vehiculos-electricos\/","url":"https:\/\/ljcreate.com\/es\/tecnologia-automotriz\/estacion-de-trabajo-de-electronica-para-vehiculos-electricos\/","name":"Estaci\u00f3n de trabajo de electr\u00f3nica para veh\u00edculos el\u00e9ctricos | LJ Create","isPartOf":{"@id":"https:\/\/ljcreate.com\/es\/#website"},"primaryImageOfPage":{"@id":"https:\/\/ljcreate.com\/es\/tecnologia-automotriz\/estacion-de-trabajo-de-electronica-para-vehiculos-electricos\/#primaryimage"},"image":{"@id":"https:\/\/ljcreate.com\/es\/tecnologia-automotriz\/estacion-de-trabajo-de-electronica-para-vehiculos-electricos\/#primaryimage"},"thumbnailUrl":"https:\/\/ljcreate.com\/wp-content\/uploads\/2022\/12\/electricVehicleElectronicsWorkstation-2.webp","datePublished":"2022-12-01T16:00:28+00:00","dateModified":"2024-07-30T15:14:14+00:00","description":"La estaci\u00f3n de trabajo de electr\u00f3nica de veh\u00edculos el\u00e9ctricos permite el estudio pr\u00e1ctico de una serie de circuitos y conceptos avanzados de veh\u00edculos el\u00e9ctricos.","breadcrumb":{"@id":"https:\/\/ljcreate.com\/es\/tecnologia-automotriz\/estacion-de-trabajo-de-electronica-para-vehiculos-electricos\/#breadcrumb"},"inLanguage":"es","potentialAction":[{"@type":"ReadAction","target":["https:\/\/ljcreate.com\/es\/tecnologia-automotriz\/estacion-de-trabajo-de-electronica-para-vehiculos-electricos\/"]}]},{"@type":"ImageObject","inLanguage":"es","@id":"https:\/\/ljcreate.com\/es\/tecnologia-automotriz\/estacion-de-trabajo-de-electronica-para-vehiculos-electricos\/#primaryimage","url":"https:\/\/ljcreate.com\/wp-content\/uploads\/2022\/12\/electricVehicleElectronicsWorkstation-2.webp","contentUrl":"https:\/\/ljcreate.com\/wp-content\/uploads\/2022\/12\/electricVehicleElectronicsWorkstation-2.webp","width":1080,"height":529,"caption":"Electric Vehicle Electronics Workstation"},{"@type":"BreadcrumbList","@id":"https:\/\/ljcreate.com\/es\/tecnologia-automotriz\/estacion-de-trabajo-de-electronica-para-vehiculos-electricos\/#breadcrumb","itemListElement":[{"@type":"ListItem","position":1,"name":"Home","item":"https:\/\/ljcreate.com\/es\/"},{"@type":"ListItem","position":2,"name":"Productos","item":"https:\/\/ljcreate.com\/es\/shop\/"},{"@type":"ListItem","position":3,"name":"Automotive Technology","item":"https:\/\/ljcreate.com\/uk\/product-category\/automotive-technology\/"},{"@type":"ListItem","position":4,"name":"Estaci\u00f3n de trabajo de electr\u00f3nica para veh\u00edculos el\u00e9ctricos"}]},{"@type":"WebSite","@id":"https:\/\/ljcreate.com\/es\/#website","url":"https:\/\/ljcreate.com\/es\/","name":"LJ Create","description":"Innovate, Inspire, and Engage","publisher":{"@id":"https:\/\/ljcreate.com\/es\/#organization"},"alternateName":"Creative Learning (Norwich) Limited","potentialAction":[{"@type":"SearchAction","target":{"@type":"EntryPoint","urlTemplate":"https:\/\/ljcreate.com\/es\/?s={search_term_string}"},"query-input":{"@type":"PropertyValueSpecification","valueRequired":true,"valueName":"search_term_string"}}],"inLanguage":"es"},{"@type":"Organization","@id":"https:\/\/ljcreate.com\/es\/#organization","name":"LJ Create","url":"https:\/\/ljcreate.com\/es\/","logo":{"@type":"ImageObject","inLanguage":"es","@id":"https:\/\/ljcreate.com\/es\/#\/schema\/logo\/image\/","url":"https:\/\/ljcreate.com\/wp-content\/uploads\/2021\/07\/logo.svg","contentUrl":"https:\/\/ljcreate.com\/wp-content\/uploads\/2021\/07\/logo.svg","width":"1024","height":"1024","caption":"LJ Create"},"image":{"@id":"https:\/\/ljcreate.com\/es\/#\/schema\/logo\/image\/"}}]}},"_links":{"self":[{"href":"https:\/\/ljcreate.com\/es\/wp-json\/wp\/v2\/product\/38130","targetHints":{"allow":["GET"]}}],"collection":[{"href":"https:\/\/ljcreate.com\/es\/wp-json\/wp\/v2\/product"}],"about":[{"href":"https:\/\/ljcreate.com\/es\/wp-json\/wp\/v2\/types\/product"}],"wp:featuredmedia":[{"embeddable":true,"href":"https:\/\/ljcreate.com\/es\/wp-json\/wp\/v2\/media\/55798"}],"wp:attachment":[{"href":"https:\/\/ljcreate.com\/es\/wp-json\/wp\/v2\/media?parent=38130"}],"wp:term":[{"taxonomy":"product_brand","embeddable":true,"href":"https:\/\/ljcreate.com\/es\/wp-json\/wp\/v2\/product_brand?post=38130"},{"taxonomy":"product_cat","embeddable":true,"href":"https:\/\/ljcreate.com\/es\/wp-json\/wp\/v2\/product_cat?post=38130"},{"taxonomy":"product_tag","embeddable":true,"href":"https:\/\/ljcreate.com\/es\/wp-json\/wp\/v2\/product_tag?post=38130"}],"curies":[{"name":"wp","href":"https:\/\/api.w.org\/{rel}","templated":true}]}}