{"id":38126,"date":"2022-12-01T16:00:35","date_gmt":"2022-12-01T16:00:35","guid":{"rendered":"https:\/\/ljcreate.com\/?post_type=product&#038;p=38126"},"modified":"2024-09-18T09:24:16","modified_gmt":"2024-09-18T08:24:16","slug":"entrenador-de-paneles-de-motores-y-generadores-ev","status":"publish","type":"product","link":"https:\/\/ljcreate.com\/es\/tecnologia-automotriz\/entrenador-de-paneles-de-motores-y-generadores-ev\/","title":{"rendered":"Entrenador de paneles de motores y generadores EV"},"content":{"rendered":"<p>El panel de entrenamiento de motores y generadores EV (742-01) se centra en el control de la velocidad del motor y utiliza una variedad de sensores para retroalimentar la <strong>posici\u00f3n y la velocidad del motor<\/strong>. El funcionamiento del circuito el\u00e9ctrico se ilustra en diferentes condiciones: aceleraci\u00f3n, freno y <span class=\"Y2IQFc\" lang=\"es\">direcci\u00f3n de viaje<\/span>.<\/p>\n<p>El entrenador incluye una <strong>variedad de puntos de prueba<\/strong> para componentes el\u00e9ctricos del veh\u00edculo, incluida la instalaci\u00f3n para probar cada fase de un motor trif\u00e1sico. Se incluye una serie de escenarios preestablecidos, que se utilizan para configurar varios par\u00e1metros del veh\u00edculo para reflejar diferentes condiciones de funcionamiento. Adem\u00e1s de estos escenarios, se incorpora una <strong>serie de fallas conmutables para ejercicios de diagn\u00f3stico de fallas<\/strong> con una herramienta de escaneo incorporada que tambi\u00e9n se incluye para leer c\u00f3digos de falla.<\/p>\n<p>El entrenador de panel de motores y generadores EV funciona a <strong>voltajes escalados que son completamente seguros<\/strong> para los usuarios; el entrenador tambi\u00e9n utiliza plazos convenientemente escalados para la distancia de conducci\u00f3n y el consumo de carga de la bater\u00eda.<\/p>\n<h5>Las tareas pr\u00e1cticas t\u00edpicas incluyen:<\/h5>\n<ul>\n<li>Procedimientos de inicio del sistema<\/li>\n<li>Desactivaci\u00f3n del sistema<\/li>\n<li>HV Operaci\u00f3n del circuito inversor<\/li>\n<li>Control de modulaci\u00f3n de ancho de pulso<\/li>\n<li>El motor de tracci\u00f3n trif\u00e1sico<\/li>\n<li>Operaci\u00f3n del generador<\/li>\n<li>Soluci\u00f3n de problemas:\n<ul>\n<li>Fallas de la transmisi\u00f3n<\/li>\n<li>Componentes IGBT y PEM<\/li>\n<li>Sensores<\/li>\n<li>El circuito de puesta en marcha<\/li>\n<\/ul>\n<\/li>\n<\/ul>\n<hr \/>\n<h4>DESCUBRA M\u00c1S<\/h4>\n<p>Descargue una copia de nuestro <a href=\"\/wp-content\/uploads\/2023\/10\/electricVehicleBrochureES.pdf\" target=\"_blank\" rel=\"noopener\">folleto de reparaci\u00f3n de autom\u00f3viles EV<\/a> para ver nuestra gama completa de productos disponibles para veh\u00edculos h\u00edbridos y el\u00e9ctricos:<\/p>\n<p><a href=\"\/wp-content\/uploads\/2023\/10\/electricVehicleBrochureES.pdf\" target=\"_blank\" rel=\"noopener\"><img decoding=\"async\" class=\"alignnone wp-image-37990 lazyload\" data-src=\"https:\/\/ljcreate.com\/wp-content\/uploads\/2024\/07\/evBrochureEsThumbnail.jpg\" alt=\"Descargue nuestro folleto sobre el veh\u00edculo el\u00e9ctrico\" width=\"346\" height=\"398\" src=\"data:image\/svg+xml;base64,PHN2ZyB3aWR0aD0iMSIgaGVpZ2h0PSIxIiB4bWxucz0iaHR0cDovL3d3dy53My5vcmcvMjAwMC9zdmciPjwvc3ZnPg==\" style=\"--smush-placeholder-width: 346px; --smush-placeholder-aspect-ratio: 346\/398;\" \/><\/a><\/p>\n<hr \/>\n<p><strong>\u00bfEncontraste lo que buscabas?<\/strong><br \/>\nEche un vistazo a nuestra gama completa de <a href=\"https:\/\/ljcreate.com\/es\/tecnologia-automotriz\/recursos-de-formacion\/\" target=\"_blank\" rel=\"noopener\">recursos de capacitaci\u00f3n automotriz<\/a><\/p>\n","protected":false},"excerpt":{"rendered":"<p>El panel de entrenamiento de motores y generadores EV (742-01) se centra en el control de la velocidad del motor y utiliza una variedad de sensores para retroalimentar la posici\u00f3n y la velocidad del motor. El funcionamiento del circuito el\u00e9ctrico se ilustra en diferentes condiciones: aceleraci\u00f3n, freno y direcci\u00f3n de viaje. El entrenador incluye una&hellip;<\/p>\n","protected":false},"featured_media":58259,"template":"","meta":{"_acf_changed":false,"inline_featured_image":false},"product_brand":[],"product_cat":[166,132,133],"product_tag":[],"class_list":{"0":"post-38126","1":"product","2":"type-product","3":"status-publish","4":"has-post-thumbnail","6":"product_cat-entrenadores-de-vehiculos-hibridos-y-electricos","7":"product_cat-automotive-technology-es","8":"product_cat-automotive-autotronics-boards-and-panels-es","10":"first","11":"instock","12":"shipping-taxable","13":"product-type-simple"},"acf":[],"yoast_head":"<!-- This site is optimized with the Yoast SEO plugin v27.3 - https:\/\/yoast.com\/product\/yoast-seo-wordpress\/ -->\n<title>Entrenador de paneles de motores y generadores EV | LJ Create<\/title>\n<meta name=\"description\" content=\"El Entrenador de paneles de motores y generadores EV se centra en el control de la velocidad del motor, y utiliza una variedad de sensores para retroalimentar la posici\u00f3n y la velocidad del motor.\" \/>\n<meta name=\"robots\" content=\"index, follow, max-snippet:-1, max-image-preview:large, max-video-preview:-1\" \/>\n<link rel=\"canonical\" href=\"https:\/\/ljcreate.com\/es\/tecnologia-automotriz\/entrenador-de-paneles-de-motores-y-generadores-ev\/\" \/>\n<meta property=\"og:locale\" content=\"es_ES\" \/>\n<meta property=\"og:type\" content=\"article\" \/>\n<meta property=\"og:title\" content=\"Entrenador de paneles de motores y generadores EV | LJ Create\" \/>\n<meta property=\"og:description\" content=\"El Entrenador de paneles de motores y generadores EV se centra en el control de la velocidad del motor, y utiliza una variedad de sensores para retroalimentar la posici\u00f3n y la velocidad del motor.\" \/>\n<meta property=\"og:url\" content=\"https:\/\/ljcreate.com\/es\/tecnologia-automotriz\/entrenador-de-paneles-de-motores-y-generadores-ev\/\" \/>\n<meta property=\"og:site_name\" content=\"LJ Create\" \/>\n<meta property=\"article:modified_time\" content=\"2024-09-18T08:24:16+00:00\" \/>\n<meta property=\"og:image\" content=\"https:\/\/ljcreate.com\/wp-content\/uploads\/2022\/12\/evMotorsAndGeneratorsPanelTrainer-5.webp\" \/>\n\t<meta property=\"og:image:width\" content=\"1080\" \/>\n\t<meta property=\"og:image:height\" content=\"529\" \/>\n\t<meta property=\"og:image:type\" content=\"image\/webp\" \/>\n<meta name=\"twitter:card\" content=\"summary_large_image\" \/>\n<meta name=\"twitter:label1\" content=\"Tiempo de lectura\" \/>\n\t<meta name=\"twitter:data1\" content=\"2 minutos\" \/>\n<script type=\"application\/ld+json\" class=\"yoast-schema-graph\">{\"@context\":\"https:\\\/\\\/schema.org\",\"@graph\":[{\"@type\":\"WebPage\",\"@id\":\"https:\\\/\\\/ljcreate.com\\\/es\\\/tecnologia-automotriz\\\/entrenador-de-paneles-de-motores-y-generadores-ev\\\/\",\"url\":\"https:\\\/\\\/ljcreate.com\\\/es\\\/tecnologia-automotriz\\\/entrenador-de-paneles-de-motores-y-generadores-ev\\\/\",\"name\":\"Entrenador de paneles de motores y generadores EV | LJ Create\",\"isPartOf\":{\"@id\":\"https:\\\/\\\/ljcreate.com\\\/es\\\/#website\"},\"primaryImageOfPage\":{\"@id\":\"https:\\\/\\\/ljcreate.com\\\/es\\\/tecnologia-automotriz\\\/entrenador-de-paneles-de-motores-y-generadores-ev\\\/#primaryimage\"},\"image\":{\"@id\":\"https:\\\/\\\/ljcreate.com\\\/es\\\/tecnologia-automotriz\\\/entrenador-de-paneles-de-motores-y-generadores-ev\\\/#primaryimage\"},\"thumbnailUrl\":\"https:\\\/\\\/ljcreate.com\\\/wp-content\\\/uploads\\\/2022\\\/12\\\/evMotorsAndGeneratorsPanelTrainer-5.webp\",\"datePublished\":\"2022-12-01T16:00:35+00:00\",\"dateModified\":\"2024-09-18T08:24:16+00:00\",\"description\":\"El Entrenador de paneles de motores y generadores EV se centra en el control de la velocidad del motor, y utiliza una variedad de sensores para retroalimentar la posici\u00f3n y la velocidad del motor.\",\"breadcrumb\":{\"@id\":\"https:\\\/\\\/ljcreate.com\\\/es\\\/tecnologia-automotriz\\\/entrenador-de-paneles-de-motores-y-generadores-ev\\\/#breadcrumb\"},\"inLanguage\":\"es\",\"potentialAction\":[{\"@type\":\"ReadAction\",\"target\":[\"https:\\\/\\\/ljcreate.com\\\/es\\\/tecnologia-automotriz\\\/entrenador-de-paneles-de-motores-y-generadores-ev\\\/\"]}]},{\"@type\":\"ImageObject\",\"inLanguage\":\"es\",\"@id\":\"https:\\\/\\\/ljcreate.com\\\/es\\\/tecnologia-automotriz\\\/entrenador-de-paneles-de-motores-y-generadores-ev\\\/#primaryimage\",\"url\":\"https:\\\/\\\/ljcreate.com\\\/wp-content\\\/uploads\\\/2022\\\/12\\\/evMotorsAndGeneratorsPanelTrainer-5.webp\",\"contentUrl\":\"https:\\\/\\\/ljcreate.com\\\/wp-content\\\/uploads\\\/2022\\\/12\\\/evMotorsAndGeneratorsPanelTrainer-5.webp\",\"width\":1080,\"height\":529,\"caption\":\"EV Batteries and Charging Systems Panel Trainer\"},{\"@type\":\"BreadcrumbList\",\"@id\":\"https:\\\/\\\/ljcreate.com\\\/es\\\/tecnologia-automotriz\\\/entrenador-de-paneles-de-motores-y-generadores-ev\\\/#breadcrumb\",\"itemListElement\":[{\"@type\":\"ListItem\",\"position\":1,\"name\":\"Home\",\"item\":\"https:\\\/\\\/ljcreate.com\\\/es\\\/\"},{\"@type\":\"ListItem\",\"position\":2,\"name\":\"Productos\",\"item\":\"https:\\\/\\\/ljcreate.com\\\/es\\\/shop\\\/\"},{\"@type\":\"ListItem\",\"position\":3,\"name\":\"Automotive Technology\",\"item\":\"https:\\\/\\\/ljcreate.com\\\/uk\\\/product-category\\\/automotive-technology\\\/\"},{\"@type\":\"ListItem\",\"position\":4,\"name\":\"Entrenador de paneles de motores y generadores EV\"}]},{\"@type\":\"WebSite\",\"@id\":\"https:\\\/\\\/ljcreate.com\\\/es\\\/#website\",\"url\":\"https:\\\/\\\/ljcreate.com\\\/es\\\/\",\"name\":\"LJ Create\",\"description\":\"Innovate, Inspire, and Engage\",\"publisher\":{\"@id\":\"https:\\\/\\\/ljcreate.com\\\/es\\\/#organization\"},\"alternateName\":\"Creative Learning (Norwich) Limited\",\"potentialAction\":[{\"@type\":\"SearchAction\",\"target\":{\"@type\":\"EntryPoint\",\"urlTemplate\":\"https:\\\/\\\/ljcreate.com\\\/es\\\/?s={search_term_string}\"},\"query-input\":{\"@type\":\"PropertyValueSpecification\",\"valueRequired\":true,\"valueName\":\"search_term_string\"}}],\"inLanguage\":\"es\"},{\"@type\":\"Organization\",\"@id\":\"https:\\\/\\\/ljcreate.com\\\/es\\\/#organization\",\"name\":\"LJ Create\",\"url\":\"https:\\\/\\\/ljcreate.com\\\/es\\\/\",\"logo\":{\"@type\":\"ImageObject\",\"inLanguage\":\"es\",\"@id\":\"https:\\\/\\\/ljcreate.com\\\/es\\\/#\\\/schema\\\/logo\\\/image\\\/\",\"url\":\"https:\\\/\\\/ljcreate.com\\\/wp-content\\\/uploads\\\/2021\\\/07\\\/logo.svg\",\"contentUrl\":\"https:\\\/\\\/ljcreate.com\\\/wp-content\\\/uploads\\\/2021\\\/07\\\/logo.svg\",\"width\":\"1024\",\"height\":\"1024\",\"caption\":\"LJ Create\"},\"image\":{\"@id\":\"https:\\\/\\\/ljcreate.com\\\/es\\\/#\\\/schema\\\/logo\\\/image\\\/\"}}]}<\/script>\n<!-- \/ Yoast SEO plugin. -->","yoast_head_json":{"title":"Entrenador de paneles de motores y generadores EV | LJ Create","description":"El Entrenador de paneles de motores y generadores EV se centra en el control de la velocidad del motor, y utiliza una variedad de sensores para retroalimentar la posici\u00f3n y la velocidad del motor.","robots":{"index":"index","follow":"follow","max-snippet":"max-snippet:-1","max-image-preview":"max-image-preview:large","max-video-preview":"max-video-preview:-1"},"canonical":"https:\/\/ljcreate.com\/es\/tecnologia-automotriz\/entrenador-de-paneles-de-motores-y-generadores-ev\/","og_locale":"es_ES","og_type":"article","og_title":"Entrenador de paneles de motores y generadores EV | LJ Create","og_description":"El Entrenador de paneles de motores y generadores EV se centra en el control de la velocidad del motor, y utiliza una variedad de sensores para retroalimentar la posici\u00f3n y la velocidad del motor.","og_url":"https:\/\/ljcreate.com\/es\/tecnologia-automotriz\/entrenador-de-paneles-de-motores-y-generadores-ev\/","og_site_name":"LJ Create","article_modified_time":"2024-09-18T08:24:16+00:00","og_image":[{"width":1080,"height":529,"url":"https:\/\/ljcreate.com\/wp-content\/uploads\/2022\/12\/evMotorsAndGeneratorsPanelTrainer-5.webp","type":"image\/webp"}],"twitter_card":"summary_large_image","twitter_misc":{"Tiempo de lectura":"2 minutos"},"schema":{"@context":"https:\/\/schema.org","@graph":[{"@type":"WebPage","@id":"https:\/\/ljcreate.com\/es\/tecnologia-automotriz\/entrenador-de-paneles-de-motores-y-generadores-ev\/","url":"https:\/\/ljcreate.com\/es\/tecnologia-automotriz\/entrenador-de-paneles-de-motores-y-generadores-ev\/","name":"Entrenador de paneles de motores y generadores EV | LJ Create","isPartOf":{"@id":"https:\/\/ljcreate.com\/es\/#website"},"primaryImageOfPage":{"@id":"https:\/\/ljcreate.com\/es\/tecnologia-automotriz\/entrenador-de-paneles-de-motores-y-generadores-ev\/#primaryimage"},"image":{"@id":"https:\/\/ljcreate.com\/es\/tecnologia-automotriz\/entrenador-de-paneles-de-motores-y-generadores-ev\/#primaryimage"},"thumbnailUrl":"https:\/\/ljcreate.com\/wp-content\/uploads\/2022\/12\/evMotorsAndGeneratorsPanelTrainer-5.webp","datePublished":"2022-12-01T16:00:35+00:00","dateModified":"2024-09-18T08:24:16+00:00","description":"El Entrenador de paneles de motores y generadores EV se centra en el control de la velocidad del motor, y utiliza una variedad de sensores para retroalimentar la posici\u00f3n y la velocidad del motor.","breadcrumb":{"@id":"https:\/\/ljcreate.com\/es\/tecnologia-automotriz\/entrenador-de-paneles-de-motores-y-generadores-ev\/#breadcrumb"},"inLanguage":"es","potentialAction":[{"@type":"ReadAction","target":["https:\/\/ljcreate.com\/es\/tecnologia-automotriz\/entrenador-de-paneles-de-motores-y-generadores-ev\/"]}]},{"@type":"ImageObject","inLanguage":"es","@id":"https:\/\/ljcreate.com\/es\/tecnologia-automotriz\/entrenador-de-paneles-de-motores-y-generadores-ev\/#primaryimage","url":"https:\/\/ljcreate.com\/wp-content\/uploads\/2022\/12\/evMotorsAndGeneratorsPanelTrainer-5.webp","contentUrl":"https:\/\/ljcreate.com\/wp-content\/uploads\/2022\/12\/evMotorsAndGeneratorsPanelTrainer-5.webp","width":1080,"height":529,"caption":"EV Batteries and Charging Systems Panel Trainer"},{"@type":"BreadcrumbList","@id":"https:\/\/ljcreate.com\/es\/tecnologia-automotriz\/entrenador-de-paneles-de-motores-y-generadores-ev\/#breadcrumb","itemListElement":[{"@type":"ListItem","position":1,"name":"Home","item":"https:\/\/ljcreate.com\/es\/"},{"@type":"ListItem","position":2,"name":"Productos","item":"https:\/\/ljcreate.com\/es\/shop\/"},{"@type":"ListItem","position":3,"name":"Automotive Technology","item":"https:\/\/ljcreate.com\/uk\/product-category\/automotive-technology\/"},{"@type":"ListItem","position":4,"name":"Entrenador de paneles de motores y generadores EV"}]},{"@type":"WebSite","@id":"https:\/\/ljcreate.com\/es\/#website","url":"https:\/\/ljcreate.com\/es\/","name":"LJ Create","description":"Innovate, Inspire, and Engage","publisher":{"@id":"https:\/\/ljcreate.com\/es\/#organization"},"alternateName":"Creative Learning (Norwich) Limited","potentialAction":[{"@type":"SearchAction","target":{"@type":"EntryPoint","urlTemplate":"https:\/\/ljcreate.com\/es\/?s={search_term_string}"},"query-input":{"@type":"PropertyValueSpecification","valueRequired":true,"valueName":"search_term_string"}}],"inLanguage":"es"},{"@type":"Organization","@id":"https:\/\/ljcreate.com\/es\/#organization","name":"LJ Create","url":"https:\/\/ljcreate.com\/es\/","logo":{"@type":"ImageObject","inLanguage":"es","@id":"https:\/\/ljcreate.com\/es\/#\/schema\/logo\/image\/","url":"https:\/\/ljcreate.com\/wp-content\/uploads\/2021\/07\/logo.svg","contentUrl":"https:\/\/ljcreate.com\/wp-content\/uploads\/2021\/07\/logo.svg","width":"1024","height":"1024","caption":"LJ Create"},"image":{"@id":"https:\/\/ljcreate.com\/es\/#\/schema\/logo\/image\/"}}]}},"_links":{"self":[{"href":"https:\/\/ljcreate.com\/es\/wp-json\/wp\/v2\/product\/38126","targetHints":{"allow":["GET"]}}],"collection":[{"href":"https:\/\/ljcreate.com\/es\/wp-json\/wp\/v2\/product"}],"about":[{"href":"https:\/\/ljcreate.com\/es\/wp-json\/wp\/v2\/types\/product"}],"wp:featuredmedia":[{"embeddable":true,"href":"https:\/\/ljcreate.com\/es\/wp-json\/wp\/v2\/media\/58259"}],"wp:attachment":[{"href":"https:\/\/ljcreate.com\/es\/wp-json\/wp\/v2\/media?parent=38126"}],"wp:term":[{"taxonomy":"product_brand","embeddable":true,"href":"https:\/\/ljcreate.com\/es\/wp-json\/wp\/v2\/product_brand?post=38126"},{"taxonomy":"product_cat","embeddable":true,"href":"https:\/\/ljcreate.com\/es\/wp-json\/wp\/v2\/product_cat?post=38126"},{"taxonomy":"product_tag","embeddable":true,"href":"https:\/\/ljcreate.com\/es\/wp-json\/wp\/v2\/product_tag?post=38126"}],"curies":[{"name":"wp","href":"https:\/\/api.w.org\/{rel}","templated":true}]}}