{"id":38122,"date":"2022-12-01T16:00:25","date_gmt":"2022-12-01T16:00:25","guid":{"rendered":"https:\/\/ljcreate.com\/?post_type=product&#038;p=38122"},"modified":"2024-07-30T15:59:30","modified_gmt":"2024-07-30T14:59:30","slug":"entrenador-de-sistemas-de-vehiculos-electricos","status":"publish","type":"product","link":"https:\/\/ljcreate.com\/es\/tecnologia-automotriz\/entrenador-del-panel-de-sistemas-de-vehiculos-electricos\/","title":{"rendered":"Entrenador del panel de sistemas de veh\u00edculos el\u00e9ctricos"},"content":{"rendered":"<p>El Entrenador de Sistemas de Veh\u00edculos El\u00e9ctricos (740-01)<span class=\"Y2IQFc\" lang=\"es\"> brinda a estudiantes e instructores la oportunidad de <strong>demostrar, investigar y encontrar<\/strong> fallas en una simulaci\u00f3n del sistema el\u00e9ctrico de un veh\u00edculo el\u00e9ctrico t\u00edpico. <\/span><\/p>\n<p><span class=\"Y2IQFc\" lang=\"es\">El entrenador brinda acceso a una simulaci\u00f3n del funcionamiento mec\u00e1nico, as\u00ed como una <strong>imitaci\u00f3n del flujo de energ\u00eda el\u00e9ctrica<\/strong>, e incluye<strong> puntos de prueba a un nivel de voltaje seguro<\/strong> para la investigaci\u00f3n de circuitos el\u00e9ctricos. <\/span><\/p>\n<p><span class=\"Y2IQFc\" lang=\"es\">Para facilitar el desarrollo de t\u00e9cnicas de diagn\u00f3stico y habilidades de b\u00fasqueda de fallas, el panel incluye una variedad de <strong>opciones de inserci\u00f3n de fallas<\/strong> para simular fallas t\u00edpicas del sistema en el mundo real. <\/span><\/p>\n<p><span class=\"Y2IQFc\" lang=\"es\">Una imitaci\u00f3n del flujo de potencia permite a los estudiantes investigar los efectos del <strong>frenado regenerativo<\/strong> y los diagn\u00f3sticos a bordo se pueden explorar a trav\u00e9s del panel de visualizaci\u00f3n inteligente. <\/span><\/p>\n<h5><span class=\"Y2IQFc\" lang=\"es\">Las tareas pr\u00e1cticas t\u00edpicas incluyen: <\/span><\/h5>\n<ul>\n<li><span class=\"Y2IQFc\" lang=\"es\">Sistemas y componentes de veh\u00edculos el\u00e9ctricos <\/span><\/li>\n<li><span class=\"Y2IQFc\" lang=\"es\">Sistemas EV pr\u00e1cticos <\/span><\/li>\n<li><span class=\"Y2IQFc\" lang=\"es\">El sistema de alta y baja tensi\u00f3n <\/span><\/li>\n<li><span class=\"Y2IQFc\" lang=\"es\">Bucle de primeros auxilios y desconexi\u00f3n del servicio <\/span><\/li>\n<li><span class=\"Y2IQFc\" lang=\"es\">Soluci\u00f3n de problemas de: <\/span>\n<ul>\n<li><span class=\"Y2IQFc\" lang=\"es\">Puesta en marcha del sistema <\/span><\/li>\n<li>CAN Bus<\/li>\n<li><span class=\"Y2IQFc\" lang=\"es\">Sistema de climatizaci\u00f3n<\/span><\/li>\n<li><span class=\"Y2IQFc\" lang=\"es\">Circuitos de carga<\/span><\/li>\n<\/ul>\n<\/li>\n<\/ul>\n<hr \/>\n<h4>DESCUBRA M\u00c1S<\/h4>\n<p>Descargue una copia de nuestro <a href=\"\/wp-content\/uploads\/2023\/10\/electricVehicleBrochureES.pdf\" target=\"_blank\" rel=\"noopener\">folleto de reparaci\u00f3n de autom\u00f3viles EV<\/a> para ver nuestra gama completa de productos disponibles para veh\u00edculos h\u00edbridos y el\u00e9ctricos:<\/p>\n<p><a href=\"\/wp-content\/uploads\/2023\/10\/electricVehicleBrochureES.pdf\" target=\"_blank\" rel=\"noopener\"><img decoding=\"async\" class=\"alignnone wp-image-37990 lazyload\" data-src=\"https:\/\/ljcreate.com\/wp-content\/uploads\/2024\/07\/evBrochureEsThumbnail.jpg\" alt=\"Descargue nuestro folleto sobre el veh\u00edculo el\u00e9ctrico\" width=\"346\" height=\"398\" src=\"data:image\/svg+xml;base64,PHN2ZyB3aWR0aD0iMSIgaGVpZ2h0PSIxIiB4bWxucz0iaHR0cDovL3d3dy53My5vcmcvMjAwMC9zdmciPjwvc3ZnPg==\" style=\"--smush-placeholder-width: 346px; --smush-placeholder-aspect-ratio: 346\/398;\" \/><\/a><\/p>\n<hr \/>\n<p><strong>\u00bfEncontraste lo que buscabas?<\/strong><br \/>\nEche un vistazo a nuestra gama completa de <a href=\"https:\/\/ljcreate.com\/automotive-technology\/training-resource\/\" target=\"_blank\" rel=\"noopener\">recursos de capacitaci\u00f3n automotriz<\/a><\/p>\n","protected":false},"excerpt":{"rendered":"<p>El Entrenador de Sistemas de Veh\u00edculos El\u00e9ctricos (740-01) brinda a estudiantes e instructores la oportunidad de demostrar, investigar y encontrar fallas en una simulaci\u00f3n del sistema el\u00e9ctrico de un veh\u00edculo el\u00e9ctrico t\u00edpico. El entrenador brinda acceso a una simulaci\u00f3n del funcionamiento mec\u00e1nico, as\u00ed como una imitaci\u00f3n del flujo de energ\u00eda el\u00e9ctrica, e incluye puntos de&hellip;<\/p>\n","protected":false},"featured_media":58253,"template":"","meta":{"_acf_changed":false,"inline_featured_image":false},"product_brand":[],"product_cat":[166,132,133],"product_tag":[],"class_list":{"0":"post-38122","1":"product","2":"type-product","3":"status-publish","4":"has-post-thumbnail","6":"product_cat-entrenadores-de-vehiculos-hibridos-y-electricos","7":"product_cat-automotive-technology-es","8":"product_cat-automotive-autotronics-boards-and-panels-es","10":"first","11":"instock","12":"shipping-taxable","13":"product-type-simple"},"acf":[],"yoast_head":"<!-- This site is optimized with the Yoast SEO plugin v27.3 - https:\/\/yoast.com\/product\/yoast-seo-wordpress\/ -->\n<title>Entrenador del panel de sistemas de veh\u00edculos el\u00e9ctricos | LJ Create<\/title>\n<meta name=\"description\" content=\"El Entrenador de Sistemas de Veh\u00edculos El\u00e9ctricos permite a los estudiantes realizar una simulaci\u00f3n del sistema el\u00e9ctrico de un veh\u00edculo el\u00e9ctrico t\u00edpico.\" \/>\n<meta name=\"robots\" content=\"index, follow, max-snippet:-1, max-image-preview:large, max-video-preview:-1\" \/>\n<link rel=\"canonical\" href=\"https:\/\/ljcreate.com\/es\/tecnologia-automotriz\/entrenador-del-panel-de-sistemas-de-vehiculos-electricos\/\" \/>\n<meta property=\"og:locale\" content=\"es_ES\" \/>\n<meta property=\"og:type\" content=\"article\" \/>\n<meta property=\"og:title\" content=\"Entrenador del panel de sistemas de veh\u00edculos el\u00e9ctricos | LJ Create\" \/>\n<meta property=\"og:description\" content=\"El Entrenador de Sistemas de Veh\u00edculos El\u00e9ctricos permite a los estudiantes realizar una simulaci\u00f3n del sistema el\u00e9ctrico de un veh\u00edculo el\u00e9ctrico t\u00edpico.\" \/>\n<meta property=\"og:url\" content=\"https:\/\/ljcreate.com\/es\/tecnologia-automotriz\/entrenador-del-panel-de-sistemas-de-vehiculos-electricos\/\" \/>\n<meta property=\"og:site_name\" content=\"LJ Create\" \/>\n<meta property=\"article:modified_time\" content=\"2024-07-30T14:59:30+00:00\" \/>\n<meta property=\"og:image\" content=\"https:\/\/ljcreate.com\/wp-content\/uploads\/2022\/12\/electricVehicleSystemsPanelTrainer-3.webp\" \/>\n\t<meta property=\"og:image:width\" content=\"1080\" \/>\n\t<meta property=\"og:image:height\" content=\"529\" \/>\n\t<meta property=\"og:image:type\" content=\"image\/webp\" \/>\n<meta name=\"twitter:card\" content=\"summary_large_image\" \/>\n<meta name=\"twitter:label1\" content=\"Tiempo de lectura\" \/>\n\t<meta name=\"twitter:data1\" content=\"2 minutos\" \/>\n<script type=\"application\/ld+json\" class=\"yoast-schema-graph\">{\"@context\":\"https:\\\/\\\/schema.org\",\"@graph\":[{\"@type\":\"WebPage\",\"@id\":\"https:\\\/\\\/ljcreate.com\\\/es\\\/tecnologia-automotriz\\\/entrenador-del-panel-de-sistemas-de-vehiculos-electricos\\\/\",\"url\":\"https:\\\/\\\/ljcreate.com\\\/es\\\/tecnologia-automotriz\\\/entrenador-del-panel-de-sistemas-de-vehiculos-electricos\\\/\",\"name\":\"Entrenador del panel de sistemas de veh\u00edculos el\u00e9ctricos | LJ Create\",\"isPartOf\":{\"@id\":\"https:\\\/\\\/ljcreate.com\\\/es\\\/#website\"},\"primaryImageOfPage\":{\"@id\":\"https:\\\/\\\/ljcreate.com\\\/es\\\/tecnologia-automotriz\\\/entrenador-del-panel-de-sistemas-de-vehiculos-electricos\\\/#primaryimage\"},\"image\":{\"@id\":\"https:\\\/\\\/ljcreate.com\\\/es\\\/tecnologia-automotriz\\\/entrenador-del-panel-de-sistemas-de-vehiculos-electricos\\\/#primaryimage\"},\"thumbnailUrl\":\"https:\\\/\\\/ljcreate.com\\\/wp-content\\\/uploads\\\/2022\\\/12\\\/electricVehicleSystemsPanelTrainer-3.webp\",\"datePublished\":\"2022-12-01T16:00:25+00:00\",\"dateModified\":\"2024-07-30T14:59:30+00:00\",\"description\":\"El Entrenador de Sistemas de Veh\u00edculos El\u00e9ctricos permite a los estudiantes realizar una simulaci\u00f3n del sistema el\u00e9ctrico de un veh\u00edculo el\u00e9ctrico t\u00edpico.\",\"breadcrumb\":{\"@id\":\"https:\\\/\\\/ljcreate.com\\\/es\\\/tecnologia-automotriz\\\/entrenador-del-panel-de-sistemas-de-vehiculos-electricos\\\/#breadcrumb\"},\"inLanguage\":\"es\",\"potentialAction\":[{\"@type\":\"ReadAction\",\"target\":[\"https:\\\/\\\/ljcreate.com\\\/es\\\/tecnologia-automotriz\\\/entrenador-del-panel-de-sistemas-de-vehiculos-electricos\\\/\"]}]},{\"@type\":\"ImageObject\",\"inLanguage\":\"es\",\"@id\":\"https:\\\/\\\/ljcreate.com\\\/es\\\/tecnologia-automotriz\\\/entrenador-del-panel-de-sistemas-de-vehiculos-electricos\\\/#primaryimage\",\"url\":\"https:\\\/\\\/ljcreate.com\\\/wp-content\\\/uploads\\\/2022\\\/12\\\/electricVehicleSystemsPanelTrainer-3.webp\",\"contentUrl\":\"https:\\\/\\\/ljcreate.com\\\/wp-content\\\/uploads\\\/2022\\\/12\\\/electricVehicleSystemsPanelTrainer-3.webp\",\"width\":1080,\"height\":529,\"caption\":\"Electric Vehicle Systems Panel Trainer\"},{\"@type\":\"BreadcrumbList\",\"@id\":\"https:\\\/\\\/ljcreate.com\\\/es\\\/tecnologia-automotriz\\\/entrenador-del-panel-de-sistemas-de-vehiculos-electricos\\\/#breadcrumb\",\"itemListElement\":[{\"@type\":\"ListItem\",\"position\":1,\"name\":\"Home\",\"item\":\"https:\\\/\\\/ljcreate.com\\\/es\\\/\"},{\"@type\":\"ListItem\",\"position\":2,\"name\":\"Productos\",\"item\":\"https:\\\/\\\/ljcreate.com\\\/es\\\/shop\\\/\"},{\"@type\":\"ListItem\",\"position\":3,\"name\":\"Automotive Technology\",\"item\":\"https:\\\/\\\/ljcreate.com\\\/uk\\\/product-category\\\/automotive-technology\\\/\"},{\"@type\":\"ListItem\",\"position\":4,\"name\":\"Entrenador del panel de sistemas de veh\u00edculos el\u00e9ctricos\"}]},{\"@type\":\"WebSite\",\"@id\":\"https:\\\/\\\/ljcreate.com\\\/es\\\/#website\",\"url\":\"https:\\\/\\\/ljcreate.com\\\/es\\\/\",\"name\":\"LJ Create\",\"description\":\"Innovate, Inspire, and Engage\",\"publisher\":{\"@id\":\"https:\\\/\\\/ljcreate.com\\\/es\\\/#organization\"},\"alternateName\":\"Creative Learning (Norwich) Limited\",\"potentialAction\":[{\"@type\":\"SearchAction\",\"target\":{\"@type\":\"EntryPoint\",\"urlTemplate\":\"https:\\\/\\\/ljcreate.com\\\/es\\\/?s={search_term_string}\"},\"query-input\":{\"@type\":\"PropertyValueSpecification\",\"valueRequired\":true,\"valueName\":\"search_term_string\"}}],\"inLanguage\":\"es\"},{\"@type\":\"Organization\",\"@id\":\"https:\\\/\\\/ljcreate.com\\\/es\\\/#organization\",\"name\":\"LJ Create\",\"url\":\"https:\\\/\\\/ljcreate.com\\\/es\\\/\",\"logo\":{\"@type\":\"ImageObject\",\"inLanguage\":\"es\",\"@id\":\"https:\\\/\\\/ljcreate.com\\\/es\\\/#\\\/schema\\\/logo\\\/image\\\/\",\"url\":\"https:\\\/\\\/ljcreate.com\\\/wp-content\\\/uploads\\\/2021\\\/07\\\/logo.svg\",\"contentUrl\":\"https:\\\/\\\/ljcreate.com\\\/wp-content\\\/uploads\\\/2021\\\/07\\\/logo.svg\",\"width\":\"1024\",\"height\":\"1024\",\"caption\":\"LJ Create\"},\"image\":{\"@id\":\"https:\\\/\\\/ljcreate.com\\\/es\\\/#\\\/schema\\\/logo\\\/image\\\/\"}}]}<\/script>\n<!-- \/ Yoast SEO plugin. -->","yoast_head_json":{"title":"Entrenador del panel de sistemas de veh\u00edculos el\u00e9ctricos | LJ Create","description":"El Entrenador de Sistemas de Veh\u00edculos El\u00e9ctricos permite a los estudiantes realizar una simulaci\u00f3n del sistema el\u00e9ctrico de un veh\u00edculo el\u00e9ctrico t\u00edpico.","robots":{"index":"index","follow":"follow","max-snippet":"max-snippet:-1","max-image-preview":"max-image-preview:large","max-video-preview":"max-video-preview:-1"},"canonical":"https:\/\/ljcreate.com\/es\/tecnologia-automotriz\/entrenador-del-panel-de-sistemas-de-vehiculos-electricos\/","og_locale":"es_ES","og_type":"article","og_title":"Entrenador del panel de sistemas de veh\u00edculos el\u00e9ctricos | LJ Create","og_description":"El Entrenador de Sistemas de Veh\u00edculos El\u00e9ctricos permite a los estudiantes realizar una simulaci\u00f3n del sistema el\u00e9ctrico de un veh\u00edculo el\u00e9ctrico t\u00edpico.","og_url":"https:\/\/ljcreate.com\/es\/tecnologia-automotriz\/entrenador-del-panel-de-sistemas-de-vehiculos-electricos\/","og_site_name":"LJ Create","article_modified_time":"2024-07-30T14:59:30+00:00","og_image":[{"width":1080,"height":529,"url":"https:\/\/ljcreate.com\/wp-content\/uploads\/2022\/12\/electricVehicleSystemsPanelTrainer-3.webp","type":"image\/webp"}],"twitter_card":"summary_large_image","twitter_misc":{"Tiempo de lectura":"2 minutos"},"schema":{"@context":"https:\/\/schema.org","@graph":[{"@type":"WebPage","@id":"https:\/\/ljcreate.com\/es\/tecnologia-automotriz\/entrenador-del-panel-de-sistemas-de-vehiculos-electricos\/","url":"https:\/\/ljcreate.com\/es\/tecnologia-automotriz\/entrenador-del-panel-de-sistemas-de-vehiculos-electricos\/","name":"Entrenador del panel de sistemas de veh\u00edculos el\u00e9ctricos | LJ Create","isPartOf":{"@id":"https:\/\/ljcreate.com\/es\/#website"},"primaryImageOfPage":{"@id":"https:\/\/ljcreate.com\/es\/tecnologia-automotriz\/entrenador-del-panel-de-sistemas-de-vehiculos-electricos\/#primaryimage"},"image":{"@id":"https:\/\/ljcreate.com\/es\/tecnologia-automotriz\/entrenador-del-panel-de-sistemas-de-vehiculos-electricos\/#primaryimage"},"thumbnailUrl":"https:\/\/ljcreate.com\/wp-content\/uploads\/2022\/12\/electricVehicleSystemsPanelTrainer-3.webp","datePublished":"2022-12-01T16:00:25+00:00","dateModified":"2024-07-30T14:59:30+00:00","description":"El Entrenador de Sistemas de Veh\u00edculos El\u00e9ctricos permite a los estudiantes realizar una simulaci\u00f3n del sistema el\u00e9ctrico de un veh\u00edculo el\u00e9ctrico t\u00edpico.","breadcrumb":{"@id":"https:\/\/ljcreate.com\/es\/tecnologia-automotriz\/entrenador-del-panel-de-sistemas-de-vehiculos-electricos\/#breadcrumb"},"inLanguage":"es","potentialAction":[{"@type":"ReadAction","target":["https:\/\/ljcreate.com\/es\/tecnologia-automotriz\/entrenador-del-panel-de-sistemas-de-vehiculos-electricos\/"]}]},{"@type":"ImageObject","inLanguage":"es","@id":"https:\/\/ljcreate.com\/es\/tecnologia-automotriz\/entrenador-del-panel-de-sistemas-de-vehiculos-electricos\/#primaryimage","url":"https:\/\/ljcreate.com\/wp-content\/uploads\/2022\/12\/electricVehicleSystemsPanelTrainer-3.webp","contentUrl":"https:\/\/ljcreate.com\/wp-content\/uploads\/2022\/12\/electricVehicleSystemsPanelTrainer-3.webp","width":1080,"height":529,"caption":"Electric Vehicle Systems Panel Trainer"},{"@type":"BreadcrumbList","@id":"https:\/\/ljcreate.com\/es\/tecnologia-automotriz\/entrenador-del-panel-de-sistemas-de-vehiculos-electricos\/#breadcrumb","itemListElement":[{"@type":"ListItem","position":1,"name":"Home","item":"https:\/\/ljcreate.com\/es\/"},{"@type":"ListItem","position":2,"name":"Productos","item":"https:\/\/ljcreate.com\/es\/shop\/"},{"@type":"ListItem","position":3,"name":"Automotive Technology","item":"https:\/\/ljcreate.com\/uk\/product-category\/automotive-technology\/"},{"@type":"ListItem","position":4,"name":"Entrenador del panel de sistemas de veh\u00edculos el\u00e9ctricos"}]},{"@type":"WebSite","@id":"https:\/\/ljcreate.com\/es\/#website","url":"https:\/\/ljcreate.com\/es\/","name":"LJ Create","description":"Innovate, Inspire, and Engage","publisher":{"@id":"https:\/\/ljcreate.com\/es\/#organization"},"alternateName":"Creative Learning (Norwich) Limited","potentialAction":[{"@type":"SearchAction","target":{"@type":"EntryPoint","urlTemplate":"https:\/\/ljcreate.com\/es\/?s={search_term_string}"},"query-input":{"@type":"PropertyValueSpecification","valueRequired":true,"valueName":"search_term_string"}}],"inLanguage":"es"},{"@type":"Organization","@id":"https:\/\/ljcreate.com\/es\/#organization","name":"LJ Create","url":"https:\/\/ljcreate.com\/es\/","logo":{"@type":"ImageObject","inLanguage":"es","@id":"https:\/\/ljcreate.com\/es\/#\/schema\/logo\/image\/","url":"https:\/\/ljcreate.com\/wp-content\/uploads\/2021\/07\/logo.svg","contentUrl":"https:\/\/ljcreate.com\/wp-content\/uploads\/2021\/07\/logo.svg","width":"1024","height":"1024","caption":"LJ Create"},"image":{"@id":"https:\/\/ljcreate.com\/es\/#\/schema\/logo\/image\/"}}]}},"_links":{"self":[{"href":"https:\/\/ljcreate.com\/es\/wp-json\/wp\/v2\/product\/38122","targetHints":{"allow":["GET"]}}],"collection":[{"href":"https:\/\/ljcreate.com\/es\/wp-json\/wp\/v2\/product"}],"about":[{"href":"https:\/\/ljcreate.com\/es\/wp-json\/wp\/v2\/types\/product"}],"wp:featuredmedia":[{"embeddable":true,"href":"https:\/\/ljcreate.com\/es\/wp-json\/wp\/v2\/media\/58253"}],"wp:attachment":[{"href":"https:\/\/ljcreate.com\/es\/wp-json\/wp\/v2\/media?parent=38122"}],"wp:term":[{"taxonomy":"product_brand","embeddable":true,"href":"https:\/\/ljcreate.com\/es\/wp-json\/wp\/v2\/product_brand?post=38122"},{"taxonomy":"product_cat","embeddable":true,"href":"https:\/\/ljcreate.com\/es\/wp-json\/wp\/v2\/product_cat?post=38122"},{"taxonomy":"product_tag","embeddable":true,"href":"https:\/\/ljcreate.com\/es\/wp-json\/wp\/v2\/product_tag?post=38122"}],"curies":[{"name":"wp","href":"https:\/\/api.w.org\/{rel}","templated":true}]}}