{"id":34101,"date":"2022-06-10T16:02:35","date_gmt":"2022-06-10T15:02:35","guid":{"rendered":"https:\/\/ljcreate.com\/product\/sin%20categor\u00eda\/entrenador-de-motor-alimentacion-de-ca-trifasico\/"},"modified":"2023-07-20T10:05:41","modified_gmt":"2023-07-20T09:05:41","slug":"entrenador-de-motor-alimentacion-de-ca-trifasico","status":"publish","type":"product","link":"https:\/\/ljcreate.com\/es\/engineering\/entrenador-de-sistemas-de-control-trifasico\/","title":{"rendered":"Entrenador de motor\/alimentaci\u00f3n de CA trif\u00e1sico"},"content":{"rendered":"<p>La Entrenador de motor\/alimentaci\u00f3n de CA trif\u00e1sico (325-17) tambi\u00e9n incorpora tres transformadores de suministro. El m\u00f3dulo de estudio est\u00e1 dise\u00f1ado para presentar a los estudiantes los principios de la alimentaci\u00f3n de CA, los circuitos de CA trif\u00e1sicos y los motores de CA, incluidas las m\u00e1quinas s\u00edncronas, a trav\u00e9s de una amplia gama de actividades pr\u00e1cticas.<\/p>\n<p>Todos los voltajes a bordo se mantienen a un nivel que garantiza que el entrenador pueda usarse en un entorno completamente seguro. El motor se puede configurar para funcionar como un sistema de motor de CA monof\u00e1sico y trif\u00e1sico para permitir que los estudiantes demuestren la diferencia.<\/p>\n<p>Las lecciones digitales acompa\u00f1an al entrenador y se pueden usar para cubrir los temas de distribuci\u00f3n trif\u00e1sica y operaci\u00f3n de motores de CA.<\/p>\n<h5>Los temas incluyen lo siguiente:<\/h5>\n<ul>\n<li>Principios del motor de CA y motor s\u00edncrono trif\u00e1sico<\/li>\n<li>Motor s\u00edncrono monof\u00e1sico<\/li>\n<li>El suministro trif\u00e1sico<\/li>\n<li>Inversores de CA<\/li>\n<li>Conexiones de 6, 3 y 4 hilos<\/li>\n<li>Conexiones combinadas en tri\u00e1ngulo y estrella<\/li>\n<li>Correcci\u00f3n del factor de poder<\/li>\n<li>Otros motores de CA<\/li>\n<li>Rectificadores trif\u00e1sicos<\/li>\n<li>Protecci\u00f3n contra sobrecorriente trif\u00e1sica<\/li>\n<\/ul>\n","protected":false},"excerpt":{"rendered":"<p>La Entrenador de motor\/alimentaci\u00f3n de CA trif\u00e1sico (325-17) tambi\u00e9n incorpora tres transformadores de suministro. El m\u00f3dulo de estudio est\u00e1 dise\u00f1ado para presentar a los estudiantes los principios de la alimentaci\u00f3n de CA, los circuitos de CA trif\u00e1sicos y los motores de CA, incluidas las m\u00e1quinas s\u00edncronas, a trav\u00e9s de una amplia gama de actividades pr\u00e1cticas.&hellip;<\/p>\n","protected":false},"featured_media":34095,"template":"","meta":{"_acf_changed":false,"inline_featured_image":false},"product_brand":[],"product_cat":[138,140],"product_tag":[],"class_list":{"0":"post-34101","1":"product","2":"type-product","3":"status-publish","4":"has-post-thumbnail","6":"product_cat-engineering-es","7":"product_cat-control-and-instrumentation-trainers-es","9":"first","10":"instock","11":"shipping-taxable","12":"product-type-simple"},"acf":[],"yoast_head":"<!-- This site is optimized with the Yoast SEO plugin v27.3 - https:\/\/yoast.com\/product\/yoast-seo-wordpress\/ -->\n<title>Entrenador de motor\/alimentaci\u00f3n de CA trif\u00e1sico | LJ Create<\/title>\n<meta name=\"robots\" content=\"index, follow, max-snippet:-1, max-image-preview:large, max-video-preview:-1\" \/>\n<link rel=\"canonical\" href=\"https:\/\/ljcreate.com\/es\/engineering\/entrenador-de-sistemas-de-control-trifasico\/\" \/>\n<meta property=\"og:locale\" content=\"es_ES\" \/>\n<meta property=\"og:type\" content=\"article\" \/>\n<meta property=\"og:title\" content=\"Entrenador de motor\/alimentaci\u00f3n de CA trif\u00e1sico | LJ Create\" \/>\n<meta property=\"og:description\" content=\"La Entrenador de motor\/alimentaci\u00f3n de CA trif\u00e1sico (325-17) tambi\u00e9n incorpora tres transformadores de suministro. El m\u00f3dulo de estudio est\u00e1 dise\u00f1ado para presentar a los estudiantes los principios de la alimentaci\u00f3n de CA, los circuitos de CA trif\u00e1sicos y los motores de CA, incluidas las m\u00e1quinas s\u00edncronas, a trav\u00e9s de una amplia gama de actividades pr\u00e1cticas.&hellip;\" \/>\n<meta property=\"og:url\" content=\"https:\/\/ljcreate.com\/es\/engineering\/entrenador-de-sistemas-de-control-trifasico\/\" \/>\n<meta property=\"og:site_name\" content=\"LJ Create\" \/>\n<meta property=\"article:modified_time\" content=\"2023-07-20T09:05:41+00:00\" \/>\n<meta property=\"og:image\" content=\"https:\/\/ljcreate.com\/wp-content\/uploads\/2022\/06\/325-17-1.webp\" \/>\n\t<meta property=\"og:image:width\" content=\"1080\" \/>\n\t<meta property=\"og:image:height\" content=\"529\" \/>\n\t<meta property=\"og:image:type\" content=\"image\/webp\" \/>\n<meta name=\"twitter:card\" content=\"summary_large_image\" \/>\n<meta name=\"twitter:label1\" content=\"Tiempo de lectura\" \/>\n\t<meta name=\"twitter:data1\" content=\"1 minuto\" \/>\n<script type=\"application\/ld+json\" class=\"yoast-schema-graph\">{\"@context\":\"https:\\\/\\\/schema.org\",\"@graph\":[{\"@type\":\"WebPage\",\"@id\":\"https:\\\/\\\/ljcreate.com\\\/es\\\/engineering\\\/entrenador-de-sistemas-de-control-trifasico\\\/\",\"url\":\"https:\\\/\\\/ljcreate.com\\\/es\\\/engineering\\\/entrenador-de-sistemas-de-control-trifasico\\\/\",\"name\":\"Entrenador de motor\\\/alimentaci\u00f3n de CA trif\u00e1sico | LJ Create\",\"isPartOf\":{\"@id\":\"https:\\\/\\\/ljcreate.com\\\/es\\\/#website\"},\"primaryImageOfPage\":{\"@id\":\"https:\\\/\\\/ljcreate.com\\\/es\\\/engineering\\\/entrenador-de-sistemas-de-control-trifasico\\\/#primaryimage\"},\"image\":{\"@id\":\"https:\\\/\\\/ljcreate.com\\\/es\\\/engineering\\\/entrenador-de-sistemas-de-control-trifasico\\\/#primaryimage\"},\"thumbnailUrl\":\"https:\\\/\\\/ljcreate.com\\\/wp-content\\\/uploads\\\/2022\\\/06\\\/325-17-1.webp\",\"datePublished\":\"2022-06-10T15:02:35+00:00\",\"dateModified\":\"2023-07-20T09:05:41+00:00\",\"breadcrumb\":{\"@id\":\"https:\\\/\\\/ljcreate.com\\\/es\\\/engineering\\\/entrenador-de-sistemas-de-control-trifasico\\\/#breadcrumb\"},\"inLanguage\":\"es\",\"potentialAction\":[{\"@type\":\"ReadAction\",\"target\":[\"https:\\\/\\\/ljcreate.com\\\/es\\\/engineering\\\/entrenador-de-sistemas-de-control-trifasico\\\/\"]}]},{\"@type\":\"ImageObject\",\"inLanguage\":\"es\",\"@id\":\"https:\\\/\\\/ljcreate.com\\\/es\\\/engineering\\\/entrenador-de-sistemas-de-control-trifasico\\\/#primaryimage\",\"url\":\"https:\\\/\\\/ljcreate.com\\\/wp-content\\\/uploads\\\/2022\\\/06\\\/325-17-1.webp\",\"contentUrl\":\"https:\\\/\\\/ljcreate.com\\\/wp-content\\\/uploads\\\/2022\\\/06\\\/325-17-1.webp\",\"width\":1080,\"height\":529,\"caption\":\"Entrenador de motor\\\/alimentaci\u00f3n de CA trif\u00e1sico\"},{\"@type\":\"BreadcrumbList\",\"@id\":\"https:\\\/\\\/ljcreate.com\\\/es\\\/engineering\\\/entrenador-de-sistemas-de-control-trifasico\\\/#breadcrumb\",\"itemListElement\":[{\"@type\":\"ListItem\",\"position\":1,\"name\":\"Home\",\"item\":\"https:\\\/\\\/ljcreate.com\\\/es\\\/\"},{\"@type\":\"ListItem\",\"position\":2,\"name\":\"Productos\",\"item\":\"https:\\\/\\\/ljcreate.com\\\/es\\\/shop\\\/\"},{\"@type\":\"ListItem\",\"position\":3,\"name\":\"Ingenier\u00eda\",\"item\":\"https:\\\/\\\/ljcreate.com\\\/es\\\/product-category\\\/engineering-es\\\/\"},{\"@type\":\"ListItem\",\"position\":4,\"name\":\"Entrenador de motor\\\/alimentaci\u00f3n de CA trif\u00e1sico\"}]},{\"@type\":\"WebSite\",\"@id\":\"https:\\\/\\\/ljcreate.com\\\/es\\\/#website\",\"url\":\"https:\\\/\\\/ljcreate.com\\\/es\\\/\",\"name\":\"LJ Create\",\"description\":\"Innovate, Inspire, and Engage\",\"publisher\":{\"@id\":\"https:\\\/\\\/ljcreate.com\\\/es\\\/#organization\"},\"alternateName\":\"Creative Learning (Norwich) Limited\",\"potentialAction\":[{\"@type\":\"SearchAction\",\"target\":{\"@type\":\"EntryPoint\",\"urlTemplate\":\"https:\\\/\\\/ljcreate.com\\\/es\\\/?s={search_term_string}\"},\"query-input\":{\"@type\":\"PropertyValueSpecification\",\"valueRequired\":true,\"valueName\":\"search_term_string\"}}],\"inLanguage\":\"es\"},{\"@type\":\"Organization\",\"@id\":\"https:\\\/\\\/ljcreate.com\\\/es\\\/#organization\",\"name\":\"LJ Create\",\"url\":\"https:\\\/\\\/ljcreate.com\\\/es\\\/\",\"logo\":{\"@type\":\"ImageObject\",\"inLanguage\":\"es\",\"@id\":\"https:\\\/\\\/ljcreate.com\\\/es\\\/#\\\/schema\\\/logo\\\/image\\\/\",\"url\":\"https:\\\/\\\/ljcreate.com\\\/wp-content\\\/uploads\\\/2021\\\/07\\\/logo.svg\",\"contentUrl\":\"https:\\\/\\\/ljcreate.com\\\/wp-content\\\/uploads\\\/2021\\\/07\\\/logo.svg\",\"width\":\"1024\",\"height\":\"1024\",\"caption\":\"LJ Create\"},\"image\":{\"@id\":\"https:\\\/\\\/ljcreate.com\\\/es\\\/#\\\/schema\\\/logo\\\/image\\\/\"}}]}<\/script>\n<!-- \/ Yoast SEO plugin. -->","yoast_head_json":{"title":"Entrenador de motor\/alimentaci\u00f3n de CA trif\u00e1sico | LJ Create","robots":{"index":"index","follow":"follow","max-snippet":"max-snippet:-1","max-image-preview":"max-image-preview:large","max-video-preview":"max-video-preview:-1"},"canonical":"https:\/\/ljcreate.com\/es\/engineering\/entrenador-de-sistemas-de-control-trifasico\/","og_locale":"es_ES","og_type":"article","og_title":"Entrenador de motor\/alimentaci\u00f3n de CA trif\u00e1sico | LJ Create","og_description":"La Entrenador de motor\/alimentaci\u00f3n de CA trif\u00e1sico (325-17) tambi\u00e9n incorpora tres transformadores de suministro. El m\u00f3dulo de estudio est\u00e1 dise\u00f1ado para presentar a los estudiantes los principios de la alimentaci\u00f3n de CA, los circuitos de CA trif\u00e1sicos y los motores de CA, incluidas las m\u00e1quinas s\u00edncronas, a trav\u00e9s de una amplia gama de actividades pr\u00e1cticas.&hellip;","og_url":"https:\/\/ljcreate.com\/es\/engineering\/entrenador-de-sistemas-de-control-trifasico\/","og_site_name":"LJ Create","article_modified_time":"2023-07-20T09:05:41+00:00","og_image":[{"width":1080,"height":529,"url":"https:\/\/ljcreate.com\/wp-content\/uploads\/2022\/06\/325-17-1.webp","type":"image\/webp"}],"twitter_card":"summary_large_image","twitter_misc":{"Tiempo de lectura":"1 minuto"},"schema":{"@context":"https:\/\/schema.org","@graph":[{"@type":"WebPage","@id":"https:\/\/ljcreate.com\/es\/engineering\/entrenador-de-sistemas-de-control-trifasico\/","url":"https:\/\/ljcreate.com\/es\/engineering\/entrenador-de-sistemas-de-control-trifasico\/","name":"Entrenador de motor\/alimentaci\u00f3n de CA trif\u00e1sico | LJ Create","isPartOf":{"@id":"https:\/\/ljcreate.com\/es\/#website"},"primaryImageOfPage":{"@id":"https:\/\/ljcreate.com\/es\/engineering\/entrenador-de-sistemas-de-control-trifasico\/#primaryimage"},"image":{"@id":"https:\/\/ljcreate.com\/es\/engineering\/entrenador-de-sistemas-de-control-trifasico\/#primaryimage"},"thumbnailUrl":"https:\/\/ljcreate.com\/wp-content\/uploads\/2022\/06\/325-17-1.webp","datePublished":"2022-06-10T15:02:35+00:00","dateModified":"2023-07-20T09:05:41+00:00","breadcrumb":{"@id":"https:\/\/ljcreate.com\/es\/engineering\/entrenador-de-sistemas-de-control-trifasico\/#breadcrumb"},"inLanguage":"es","potentialAction":[{"@type":"ReadAction","target":["https:\/\/ljcreate.com\/es\/engineering\/entrenador-de-sistemas-de-control-trifasico\/"]}]},{"@type":"ImageObject","inLanguage":"es","@id":"https:\/\/ljcreate.com\/es\/engineering\/entrenador-de-sistemas-de-control-trifasico\/#primaryimage","url":"https:\/\/ljcreate.com\/wp-content\/uploads\/2022\/06\/325-17-1.webp","contentUrl":"https:\/\/ljcreate.com\/wp-content\/uploads\/2022\/06\/325-17-1.webp","width":1080,"height":529,"caption":"Entrenador de motor\/alimentaci\u00f3n de CA trif\u00e1sico"},{"@type":"BreadcrumbList","@id":"https:\/\/ljcreate.com\/es\/engineering\/entrenador-de-sistemas-de-control-trifasico\/#breadcrumb","itemListElement":[{"@type":"ListItem","position":1,"name":"Home","item":"https:\/\/ljcreate.com\/es\/"},{"@type":"ListItem","position":2,"name":"Productos","item":"https:\/\/ljcreate.com\/es\/shop\/"},{"@type":"ListItem","position":3,"name":"Ingenier\u00eda","item":"https:\/\/ljcreate.com\/es\/product-category\/engineering-es\/"},{"@type":"ListItem","position":4,"name":"Entrenador de motor\/alimentaci\u00f3n de CA trif\u00e1sico"}]},{"@type":"WebSite","@id":"https:\/\/ljcreate.com\/es\/#website","url":"https:\/\/ljcreate.com\/es\/","name":"LJ Create","description":"Innovate, Inspire, and Engage","publisher":{"@id":"https:\/\/ljcreate.com\/es\/#organization"},"alternateName":"Creative Learning (Norwich) Limited","potentialAction":[{"@type":"SearchAction","target":{"@type":"EntryPoint","urlTemplate":"https:\/\/ljcreate.com\/es\/?s={search_term_string}"},"query-input":{"@type":"PropertyValueSpecification","valueRequired":true,"valueName":"search_term_string"}}],"inLanguage":"es"},{"@type":"Organization","@id":"https:\/\/ljcreate.com\/es\/#organization","name":"LJ Create","url":"https:\/\/ljcreate.com\/es\/","logo":{"@type":"ImageObject","inLanguage":"es","@id":"https:\/\/ljcreate.com\/es\/#\/schema\/logo\/image\/","url":"https:\/\/ljcreate.com\/wp-content\/uploads\/2021\/07\/logo.svg","contentUrl":"https:\/\/ljcreate.com\/wp-content\/uploads\/2021\/07\/logo.svg","width":"1024","height":"1024","caption":"LJ Create"},"image":{"@id":"https:\/\/ljcreate.com\/es\/#\/schema\/logo\/image\/"}}]}},"_links":{"self":[{"href":"https:\/\/ljcreate.com\/es\/wp-json\/wp\/v2\/product\/34101","targetHints":{"allow":["GET"]}}],"collection":[{"href":"https:\/\/ljcreate.com\/es\/wp-json\/wp\/v2\/product"}],"about":[{"href":"https:\/\/ljcreate.com\/es\/wp-json\/wp\/v2\/types\/product"}],"wp:featuredmedia":[{"embeddable":true,"href":"https:\/\/ljcreate.com\/es\/wp-json\/wp\/v2\/media\/34095"}],"wp:attachment":[{"href":"https:\/\/ljcreate.com\/es\/wp-json\/wp\/v2\/media?parent=34101"}],"wp:term":[{"taxonomy":"product_brand","embeddable":true,"href":"https:\/\/ljcreate.com\/es\/wp-json\/wp\/v2\/product_brand?post=34101"},{"taxonomy":"product_cat","embeddable":true,"href":"https:\/\/ljcreate.com\/es\/wp-json\/wp\/v2\/product_cat?post=34101"},{"taxonomy":"product_tag","embeddable":true,"href":"https:\/\/ljcreate.com\/es\/wp-json\/wp\/v2\/product_tag?post=34101"}],"curies":[{"name":"wp","href":"https:\/\/api.w.org\/{rel}","templated":true}]}}