{"id":29783,"date":"2022-01-21T10:11:49","date_gmt":"2022-01-21T10:11:49","guid":{"rendered":"https:\/\/ljcreate.com\/product\/sin%20categor\u00eda\/kit-de-montaje-de-moldeador-paquete-de-recambio\/"},"modified":"2023-07-03T15:51:34","modified_gmt":"2023-07-03T14:51:34","slug":"kit-de-montaje-de-moldeador-paquete-de-recambio","status":"publish","type":"product","link":"https:\/\/ljcreate.com\/es\/ingenieria\/kit-de-montaje-de-moldeador-paquete-de-recambio\/","title":{"rendered":"Kit de montaje de moldeador &#8211; Paquete de recambio"},"content":{"rendered":"<p>El kit de ensamblaje de la moldurera &#8211; Paquete de recambio (350-10\/C6) proporciona consumibles de reemplazo para el <a href=\"https:\/\/ljcreate.com\/engineering\/mechanical-maintenance-molder-assembly-kit\/\" target=\"_blank\" rel=\"noopener\">kit de ensamblaje de la moldurera &#8211; mantenimiento mec\u00e1nico<\/a> . El paquete proporciona suficientes <strong>consumibles<\/strong> para que los estudiantes ensamblen el moldeador por inyecci\u00f3n un total de 6 veces.<\/p>\n<h5>Los consumibles incluyen (pero no se limitan a):<\/h5>\n<ul>\n<li>Limitador de temperatura y tapa<\/li>\n<li>Termostato y tapa<\/li>\n<li>Calentador de cartucho<\/li>\n<li>Lubricante de alta temperatura<\/li>\n<li>Interruptor de red<\/li>\n<li>Placas de pr\u00e1ctica<\/li>\n<li>Gr\u00e1nulos de inyecci\u00f3n de pl\u00e1stico<\/li>\n<li>Tornillos, arandelas, pernos, espigas, alambres para equipos, fusibles, manguitos<\/li>\n<\/ul>\n","protected":false},"excerpt":{"rendered":"<p>El kit de ensamblaje de la moldurera &#8211; Paquete de recambio (350-10\/C6) proporciona consumibles de reemplazo para el kit de ensamblaje de la moldurera &#8211; mantenimiento mec\u00e1nico . El paquete proporciona suficientes consumibles para que los estudiantes ensamblen el moldeador por inyecci\u00f3n un total de 6 veces. Los consumibles incluyen (pero no se limitan a):&hellip;<\/p>\n","protected":false},"featured_media":29777,"template":"","meta":{"_acf_changed":false,"inline_featured_image":false},"product_brand":[],"product_cat":[138,146],"product_tag":[],"class_list":{"0":"post-29783","1":"product","2":"type-product","3":"status-publish","4":"has-post-thumbnail","6":"product_cat-engineering-es","7":"product_cat-mechanical-maintenance-and-repair-trainers-es","9":"first","10":"instock","11":"shipping-taxable","12":"product-type-simple"},"acf":[],"yoast_head":"<!-- This site is optimized with the Yoast SEO plugin v27.3 - https:\/\/yoast.com\/product\/yoast-seo-wordpress\/ -->\n<title>Kit de montaje de moldeador - Paquete de recambio | LJ Create<\/title>\n<meta name=\"robots\" content=\"index, follow, max-snippet:-1, max-image-preview:large, max-video-preview:-1\" \/>\n<link rel=\"canonical\" href=\"https:\/\/ljcreate.com\/es\/ingenieria\/kit-de-montaje-de-moldeador-paquete-de-recambio\/\" \/>\n<meta property=\"og:locale\" content=\"es_ES\" \/>\n<meta property=\"og:type\" content=\"article\" \/>\n<meta property=\"og:title\" content=\"Kit de montaje de moldeador - Paquete de recambio | LJ Create\" \/>\n<meta property=\"og:description\" content=\"El kit de ensamblaje de la moldurera &#8211; Paquete de recambio (350-10\/C6) proporciona consumibles de reemplazo para el kit de ensamblaje de la moldurera &#8211; mantenimiento mec\u00e1nico . El paquete proporciona suficientes consumibles para que los estudiantes ensamblen el moldeador por inyecci\u00f3n un total de 6 veces. Los consumibles incluyen (pero no se limitan a):&hellip;\" \/>\n<meta property=\"og:url\" content=\"https:\/\/ljcreate.com\/es\/ingenieria\/kit-de-montaje-de-moldeador-paquete-de-recambio\/\" \/>\n<meta property=\"og:site_name\" content=\"LJ Create\" \/>\n<meta property=\"article:modified_time\" content=\"2023-07-03T14:51:34+00:00\" \/>\n<meta property=\"og:image\" content=\"https:\/\/ljcreate.com\/wp-content\/uploads\/2022\/01\/350-10-C6-1.jpg\" \/>\n\t<meta property=\"og:image:width\" content=\"1080\" \/>\n\t<meta property=\"og:image:height\" content=\"529\" \/>\n\t<meta property=\"og:image:type\" content=\"image\/jpeg\" \/>\n<meta name=\"twitter:card\" content=\"summary_large_image\" \/>\n<meta name=\"twitter:label1\" content=\"Tiempo de lectura\" \/>\n\t<meta name=\"twitter:data1\" content=\"1 minuto\" \/>\n<script type=\"application\/ld+json\" class=\"yoast-schema-graph\">{\"@context\":\"https:\\\/\\\/schema.org\",\"@graph\":[{\"@type\":\"WebPage\",\"@id\":\"https:\\\/\\\/ljcreate.com\\\/es\\\/ingenieria\\\/kit-de-montaje-de-moldeador-paquete-de-recambio\\\/\",\"url\":\"https:\\\/\\\/ljcreate.com\\\/es\\\/ingenieria\\\/kit-de-montaje-de-moldeador-paquete-de-recambio\\\/\",\"name\":\"Kit de montaje de moldeador - Paquete de recambio | LJ Create\",\"isPartOf\":{\"@id\":\"https:\\\/\\\/ljcreate.com\\\/es\\\/#website\"},\"primaryImageOfPage\":{\"@id\":\"https:\\\/\\\/ljcreate.com\\\/es\\\/ingenieria\\\/kit-de-montaje-de-moldeador-paquete-de-recambio\\\/#primaryimage\"},\"image\":{\"@id\":\"https:\\\/\\\/ljcreate.com\\\/es\\\/ingenieria\\\/kit-de-montaje-de-moldeador-paquete-de-recambio\\\/#primaryimage\"},\"thumbnailUrl\":\"https:\\\/\\\/ljcreate.com\\\/wp-content\\\/uploads\\\/2022\\\/01\\\/350-10-C6-1.jpg\",\"datePublished\":\"2022-01-21T10:11:49+00:00\",\"dateModified\":\"2023-07-03T14:51:34+00:00\",\"breadcrumb\":{\"@id\":\"https:\\\/\\\/ljcreate.com\\\/es\\\/ingenieria\\\/kit-de-montaje-de-moldeador-paquete-de-recambio\\\/#breadcrumb\"},\"inLanguage\":\"es\",\"potentialAction\":[{\"@type\":\"ReadAction\",\"target\":[\"https:\\\/\\\/ljcreate.com\\\/es\\\/ingenieria\\\/kit-de-montaje-de-moldeador-paquete-de-recambio\\\/\"]}]},{\"@type\":\"ImageObject\",\"inLanguage\":\"es\",\"@id\":\"https:\\\/\\\/ljcreate.com\\\/es\\\/ingenieria\\\/kit-de-montaje-de-moldeador-paquete-de-recambio\\\/#primaryimage\",\"url\":\"https:\\\/\\\/ljcreate.com\\\/wp-content\\\/uploads\\\/2022\\\/01\\\/350-10-C6-1.jpg\",\"contentUrl\":\"https:\\\/\\\/ljcreate.com\\\/wp-content\\\/uploads\\\/2022\\\/01\\\/350-10-C6-1.jpg\",\"width\":1080,\"height\":529,\"caption\":\"Kit de montaje de moldeador - Paquete de recambio\"},{\"@type\":\"BreadcrumbList\",\"@id\":\"https:\\\/\\\/ljcreate.com\\\/es\\\/ingenieria\\\/kit-de-montaje-de-moldeador-paquete-de-recambio\\\/#breadcrumb\",\"itemListElement\":[{\"@type\":\"ListItem\",\"position\":1,\"name\":\"Home\",\"item\":\"https:\\\/\\\/ljcreate.com\\\/es\\\/\"},{\"@type\":\"ListItem\",\"position\":2,\"name\":\"Productos\",\"item\":\"https:\\\/\\\/ljcreate.com\\\/es\\\/shop\\\/\"},{\"@type\":\"ListItem\",\"position\":3,\"name\":\"Engineering\",\"item\":\"https:\\\/\\\/ljcreate.com\\\/uk\\\/product-category\\\/engineering\\\/\"},{\"@type\":\"ListItem\",\"position\":4,\"name\":\"Kit de montaje de moldeador - Paquete de recambio\"}]},{\"@type\":\"WebSite\",\"@id\":\"https:\\\/\\\/ljcreate.com\\\/es\\\/#website\",\"url\":\"https:\\\/\\\/ljcreate.com\\\/es\\\/\",\"name\":\"LJ Create\",\"description\":\"Innovate, Inspire, and Engage\",\"publisher\":{\"@id\":\"https:\\\/\\\/ljcreate.com\\\/es\\\/#organization\"},\"alternateName\":\"Creative Learning (Norwich) Limited\",\"potentialAction\":[{\"@type\":\"SearchAction\",\"target\":{\"@type\":\"EntryPoint\",\"urlTemplate\":\"https:\\\/\\\/ljcreate.com\\\/es\\\/?s={search_term_string}\"},\"query-input\":{\"@type\":\"PropertyValueSpecification\",\"valueRequired\":true,\"valueName\":\"search_term_string\"}}],\"inLanguage\":\"es\"},{\"@type\":\"Organization\",\"@id\":\"https:\\\/\\\/ljcreate.com\\\/es\\\/#organization\",\"name\":\"LJ Create\",\"url\":\"https:\\\/\\\/ljcreate.com\\\/es\\\/\",\"logo\":{\"@type\":\"ImageObject\",\"inLanguage\":\"es\",\"@id\":\"https:\\\/\\\/ljcreate.com\\\/es\\\/#\\\/schema\\\/logo\\\/image\\\/\",\"url\":\"https:\\\/\\\/ljcreate.com\\\/wp-content\\\/uploads\\\/2021\\\/07\\\/logo.svg\",\"contentUrl\":\"https:\\\/\\\/ljcreate.com\\\/wp-content\\\/uploads\\\/2021\\\/07\\\/logo.svg\",\"width\":\"1024\",\"height\":\"1024\",\"caption\":\"LJ Create\"},\"image\":{\"@id\":\"https:\\\/\\\/ljcreate.com\\\/es\\\/#\\\/schema\\\/logo\\\/image\\\/\"}}]}<\/script>\n<!-- \/ Yoast SEO plugin. -->","yoast_head_json":{"title":"Kit de montaje de moldeador - Paquete de recambio | LJ Create","robots":{"index":"index","follow":"follow","max-snippet":"max-snippet:-1","max-image-preview":"max-image-preview:large","max-video-preview":"max-video-preview:-1"},"canonical":"https:\/\/ljcreate.com\/es\/ingenieria\/kit-de-montaje-de-moldeador-paquete-de-recambio\/","og_locale":"es_ES","og_type":"article","og_title":"Kit de montaje de moldeador - Paquete de recambio | LJ Create","og_description":"El kit de ensamblaje de la moldurera &#8211; Paquete de recambio (350-10\/C6) proporciona consumibles de reemplazo para el kit de ensamblaje de la moldurera &#8211; mantenimiento mec\u00e1nico . El paquete proporciona suficientes consumibles para que los estudiantes ensamblen el moldeador por inyecci\u00f3n un total de 6 veces. Los consumibles incluyen (pero no se limitan a):&hellip;","og_url":"https:\/\/ljcreate.com\/es\/ingenieria\/kit-de-montaje-de-moldeador-paquete-de-recambio\/","og_site_name":"LJ Create","article_modified_time":"2023-07-03T14:51:34+00:00","og_image":[{"width":1080,"height":529,"url":"https:\/\/ljcreate.com\/wp-content\/uploads\/2022\/01\/350-10-C6-1.jpg","type":"image\/jpeg"}],"twitter_card":"summary_large_image","twitter_misc":{"Tiempo de lectura":"1 minuto"},"schema":{"@context":"https:\/\/schema.org","@graph":[{"@type":"WebPage","@id":"https:\/\/ljcreate.com\/es\/ingenieria\/kit-de-montaje-de-moldeador-paquete-de-recambio\/","url":"https:\/\/ljcreate.com\/es\/ingenieria\/kit-de-montaje-de-moldeador-paquete-de-recambio\/","name":"Kit de montaje de moldeador - Paquete de recambio | LJ Create","isPartOf":{"@id":"https:\/\/ljcreate.com\/es\/#website"},"primaryImageOfPage":{"@id":"https:\/\/ljcreate.com\/es\/ingenieria\/kit-de-montaje-de-moldeador-paquete-de-recambio\/#primaryimage"},"image":{"@id":"https:\/\/ljcreate.com\/es\/ingenieria\/kit-de-montaje-de-moldeador-paquete-de-recambio\/#primaryimage"},"thumbnailUrl":"https:\/\/ljcreate.com\/wp-content\/uploads\/2022\/01\/350-10-C6-1.jpg","datePublished":"2022-01-21T10:11:49+00:00","dateModified":"2023-07-03T14:51:34+00:00","breadcrumb":{"@id":"https:\/\/ljcreate.com\/es\/ingenieria\/kit-de-montaje-de-moldeador-paquete-de-recambio\/#breadcrumb"},"inLanguage":"es","potentialAction":[{"@type":"ReadAction","target":["https:\/\/ljcreate.com\/es\/ingenieria\/kit-de-montaje-de-moldeador-paquete-de-recambio\/"]}]},{"@type":"ImageObject","inLanguage":"es","@id":"https:\/\/ljcreate.com\/es\/ingenieria\/kit-de-montaje-de-moldeador-paquete-de-recambio\/#primaryimage","url":"https:\/\/ljcreate.com\/wp-content\/uploads\/2022\/01\/350-10-C6-1.jpg","contentUrl":"https:\/\/ljcreate.com\/wp-content\/uploads\/2022\/01\/350-10-C6-1.jpg","width":1080,"height":529,"caption":"Kit de montaje de moldeador - Paquete de recambio"},{"@type":"BreadcrumbList","@id":"https:\/\/ljcreate.com\/es\/ingenieria\/kit-de-montaje-de-moldeador-paquete-de-recambio\/#breadcrumb","itemListElement":[{"@type":"ListItem","position":1,"name":"Home","item":"https:\/\/ljcreate.com\/es\/"},{"@type":"ListItem","position":2,"name":"Productos","item":"https:\/\/ljcreate.com\/es\/shop\/"},{"@type":"ListItem","position":3,"name":"Engineering","item":"https:\/\/ljcreate.com\/uk\/product-category\/engineering\/"},{"@type":"ListItem","position":4,"name":"Kit de montaje de moldeador - Paquete de recambio"}]},{"@type":"WebSite","@id":"https:\/\/ljcreate.com\/es\/#website","url":"https:\/\/ljcreate.com\/es\/","name":"LJ Create","description":"Innovate, Inspire, and Engage","publisher":{"@id":"https:\/\/ljcreate.com\/es\/#organization"},"alternateName":"Creative Learning (Norwich) Limited","potentialAction":[{"@type":"SearchAction","target":{"@type":"EntryPoint","urlTemplate":"https:\/\/ljcreate.com\/es\/?s={search_term_string}"},"query-input":{"@type":"PropertyValueSpecification","valueRequired":true,"valueName":"search_term_string"}}],"inLanguage":"es"},{"@type":"Organization","@id":"https:\/\/ljcreate.com\/es\/#organization","name":"LJ Create","url":"https:\/\/ljcreate.com\/es\/","logo":{"@type":"ImageObject","inLanguage":"es","@id":"https:\/\/ljcreate.com\/es\/#\/schema\/logo\/image\/","url":"https:\/\/ljcreate.com\/wp-content\/uploads\/2021\/07\/logo.svg","contentUrl":"https:\/\/ljcreate.com\/wp-content\/uploads\/2021\/07\/logo.svg","width":"1024","height":"1024","caption":"LJ Create"},"image":{"@id":"https:\/\/ljcreate.com\/es\/#\/schema\/logo\/image\/"}}]}},"_links":{"self":[{"href":"https:\/\/ljcreate.com\/es\/wp-json\/wp\/v2\/product\/29783","targetHints":{"allow":["GET"]}}],"collection":[{"href":"https:\/\/ljcreate.com\/es\/wp-json\/wp\/v2\/product"}],"about":[{"href":"https:\/\/ljcreate.com\/es\/wp-json\/wp\/v2\/types\/product"}],"wp:featuredmedia":[{"embeddable":true,"href":"https:\/\/ljcreate.com\/es\/wp-json\/wp\/v2\/media\/29777"}],"wp:attachment":[{"href":"https:\/\/ljcreate.com\/es\/wp-json\/wp\/v2\/media?parent=29783"}],"wp:term":[{"taxonomy":"product_brand","embeddable":true,"href":"https:\/\/ljcreate.com\/es\/wp-json\/wp\/v2\/product_brand?post=29783"},{"taxonomy":"product_cat","embeddable":true,"href":"https:\/\/ljcreate.com\/es\/wp-json\/wp\/v2\/product_cat?post=29783"},{"taxonomy":"product_tag","embeddable":true,"href":"https:\/\/ljcreate.com\/es\/wp-json\/wp\/v2\/product_tag?post=29783"}],"curies":[{"name":"wp","href":"https:\/\/api.w.org\/{rel}","templated":true}]}}