{"id":29703,"date":"2022-01-19T16:34:49","date_gmt":"2022-01-19T16:34:49","guid":{"rendered":"https:\/\/ljcreate.com\/product\/sin%20categor\u00eda\/kit-de-soldadura-profesional\/"},"modified":"2023-07-03T16:55:53","modified_gmt":"2023-07-03T15:55:53","slug":"kit-de-soldadura-profesional","status":"publish","type":"product","link":"https:\/\/ljcreate.com\/es\/ingenieria\/kit-de-soldadura-profesional\/","title":{"rendered":"Kit de soldadura profesional"},"content":{"rendered":"<p>El Kit de soldadura profesional (SLD-01) es utilizado para el montaje y reparaci\u00f3n de los kits de proyectos de Circuitos Electr\u00f3nicos, el kit de soldadura tiene las siguientes caracter\u00edsticas:<\/p>\n<h5>Caracter\u00edsticas del soldador:<\/h5>\n<ul>\n<li>Clasificaci\u00f3n de potencia de 60W<\/li>\n<li>Rango de temperatura de 480 \u00b0C (EE. UU.: 896 \u00b0F)<\/li>\n<li>Cable de caucho de silicona a prueba de calor<\/li>\n<li>Voltaje de suministro de 230 V (EE. UU.: 110 V)<\/li>\n<\/ul>\n<hr \/>\n<p>El extractor de humo utiliza un ventilador sin escobillas para eliminar el humo y los vapores nocivos creados por la soldadura.<\/p>\n<h5>Caracter\u00edsticas de la unidad de extracci\u00f3n de humos:<\/h5>\n<ul>\n<li>Ventilador de alta eficiencia y bajo nivel de ruido<\/li>\n<li>Filtro de carb\u00f3n f\u00e1cil de reemplazar<\/li>\n<li>Elimina r\u00e1pidamente el humo y los vapores.<\/li>\n<li>La campana reflectora desv\u00eda el aire del \u00e1rea de trabajo<\/li>\n<\/ul>\n<hr \/>\n<h5>El kit de soldadura incluye:<\/h5>\n<ul>\n<li>Estaci\u00f3n de soldadura<\/li>\n<li>Extractor de humo<\/li>\n<li>Filtro de repuesto<\/li>\n<li>Removedor de soldadura<\/li>\n<li>mecha de soldadura<\/li>\n<li>Soldar<\/li>\n<li>Alfombrilla de soldadura antiest\u00e1tica y correa para la mu\u00f1eca<\/li>\n<\/ul>\n","protected":false},"excerpt":{"rendered":"<p>El Kit de soldadura profesional (SLD-01) es utilizado para el montaje y reparaci\u00f3n de los kits de proyectos de Circuitos Electr\u00f3nicos, el kit de soldadura tiene las siguientes caracter\u00edsticas: Caracter\u00edsticas del soldador: Clasificaci\u00f3n de potencia de 60W Rango de temperatura de 480 \u00b0C (EE. UU.: 896 \u00b0F) Cable de caucho de silicona a prueba de&hellip;<\/p>\n","protected":false},"featured_media":29699,"template":"","meta":{"_acf_changed":false,"inline_featured_image":false},"product_brand":[],"product_cat":[154,138],"product_tag":[],"class_list":{"0":"post-29703","1":"product","2":"type-product","3":"status-publish","4":"has-post-thumbnail","6":"product_cat-electronics-instrumentation-es","7":"product_cat-engineering-es","9":"first","10":"instock","11":"shipping-taxable","12":"product-type-simple"},"acf":[],"yoast_head":"<!-- This site is optimized with the Yoast SEO plugin v27.3 - https:\/\/yoast.com\/product\/yoast-seo-wordpress\/ -->\n<title>Kit de soldadura profesional | LJ Create<\/title>\n<meta name=\"robots\" content=\"index, follow, max-snippet:-1, max-image-preview:large, max-video-preview:-1\" \/>\n<link rel=\"canonical\" href=\"https:\/\/ljcreate.com\/es\/ingenieria\/kit-de-soldadura-profesional\/\" \/>\n<meta property=\"og:locale\" content=\"es_ES\" \/>\n<meta property=\"og:type\" content=\"article\" \/>\n<meta property=\"og:title\" content=\"Kit de soldadura profesional | LJ Create\" \/>\n<meta property=\"og:description\" content=\"El Kit de soldadura profesional (SLD-01) es utilizado para el montaje y reparaci\u00f3n de los kits de proyectos de Circuitos Electr\u00f3nicos, el kit de soldadura tiene las siguientes caracter\u00edsticas: Caracter\u00edsticas del soldador: Clasificaci\u00f3n de potencia de 60W Rango de temperatura de 480 \u00b0C (EE. UU.: 896 \u00b0F) Cable de caucho de silicona a prueba de&hellip;\" \/>\n<meta property=\"og:url\" content=\"https:\/\/ljcreate.com\/es\/ingenieria\/kit-de-soldadura-profesional\/\" \/>\n<meta property=\"og:site_name\" content=\"LJ Create\" \/>\n<meta property=\"article:modified_time\" content=\"2023-07-03T15:55:53+00:00\" \/>\n<meta property=\"og:image\" content=\"https:\/\/ljcreate.com\/wp-content\/uploads\/2022\/01\/SLD-01.jpg\" \/>\n\t<meta property=\"og:image:width\" content=\"1080\" \/>\n\t<meta property=\"og:image:height\" content=\"529\" \/>\n\t<meta property=\"og:image:type\" content=\"image\/jpeg\" \/>\n<meta name=\"twitter:card\" content=\"summary_large_image\" \/>\n<meta name=\"twitter:label1\" content=\"Tiempo de lectura\" \/>\n\t<meta name=\"twitter:data1\" content=\"1 minuto\" \/>\n<script type=\"application\/ld+json\" class=\"yoast-schema-graph\">{\"@context\":\"https:\\\/\\\/schema.org\",\"@graph\":[{\"@type\":\"WebPage\",\"@id\":\"https:\\\/\\\/ljcreate.com\\\/es\\\/ingenieria\\\/kit-de-soldadura-profesional\\\/\",\"url\":\"https:\\\/\\\/ljcreate.com\\\/es\\\/ingenieria\\\/kit-de-soldadura-profesional\\\/\",\"name\":\"Kit de soldadura profesional | LJ Create\",\"isPartOf\":{\"@id\":\"https:\\\/\\\/ljcreate.com\\\/es\\\/#website\"},\"primaryImageOfPage\":{\"@id\":\"https:\\\/\\\/ljcreate.com\\\/es\\\/ingenieria\\\/kit-de-soldadura-profesional\\\/#primaryimage\"},\"image\":{\"@id\":\"https:\\\/\\\/ljcreate.com\\\/es\\\/ingenieria\\\/kit-de-soldadura-profesional\\\/#primaryimage\"},\"thumbnailUrl\":\"https:\\\/\\\/ljcreate.com\\\/wp-content\\\/uploads\\\/2022\\\/01\\\/SLD-01.jpg\",\"datePublished\":\"2022-01-19T16:34:49+00:00\",\"dateModified\":\"2023-07-03T15:55:53+00:00\",\"breadcrumb\":{\"@id\":\"https:\\\/\\\/ljcreate.com\\\/es\\\/ingenieria\\\/kit-de-soldadura-profesional\\\/#breadcrumb\"},\"inLanguage\":\"es\",\"potentialAction\":[{\"@type\":\"ReadAction\",\"target\":[\"https:\\\/\\\/ljcreate.com\\\/es\\\/ingenieria\\\/kit-de-soldadura-profesional\\\/\"]}]},{\"@type\":\"ImageObject\",\"inLanguage\":\"es\",\"@id\":\"https:\\\/\\\/ljcreate.com\\\/es\\\/ingenieria\\\/kit-de-soldadura-profesional\\\/#primaryimage\",\"url\":\"https:\\\/\\\/ljcreate.com\\\/wp-content\\\/uploads\\\/2022\\\/01\\\/SLD-01.jpg\",\"contentUrl\":\"https:\\\/\\\/ljcreate.com\\\/wp-content\\\/uploads\\\/2022\\\/01\\\/SLD-01.jpg\",\"width\":1080,\"height\":529,\"caption\":\"Kit de soldadura profesional\"},{\"@type\":\"BreadcrumbList\",\"@id\":\"https:\\\/\\\/ljcreate.com\\\/es\\\/ingenieria\\\/kit-de-soldadura-profesional\\\/#breadcrumb\",\"itemListElement\":[{\"@type\":\"ListItem\",\"position\":1,\"name\":\"Home\",\"item\":\"https:\\\/\\\/ljcreate.com\\\/es\\\/\"},{\"@type\":\"ListItem\",\"position\":2,\"name\":\"Productos\",\"item\":\"https:\\\/\\\/ljcreate.com\\\/es\\\/shop\\\/\"},{\"@type\":\"ListItem\",\"position\":3,\"name\":\"Ingenier\u00eda\",\"item\":\"https:\\\/\\\/ljcreate.com\\\/es\\\/product-category\\\/engineering-es\\\/\"},{\"@type\":\"ListItem\",\"position\":4,\"name\":\"Kit de soldadura profesional\"}]},{\"@type\":\"WebSite\",\"@id\":\"https:\\\/\\\/ljcreate.com\\\/es\\\/#website\",\"url\":\"https:\\\/\\\/ljcreate.com\\\/es\\\/\",\"name\":\"LJ Create\",\"description\":\"Innovate, Inspire, and Engage\",\"publisher\":{\"@id\":\"https:\\\/\\\/ljcreate.com\\\/es\\\/#organization\"},\"alternateName\":\"Creative Learning (Norwich) Limited\",\"potentialAction\":[{\"@type\":\"SearchAction\",\"target\":{\"@type\":\"EntryPoint\",\"urlTemplate\":\"https:\\\/\\\/ljcreate.com\\\/es\\\/?s={search_term_string}\"},\"query-input\":{\"@type\":\"PropertyValueSpecification\",\"valueRequired\":true,\"valueName\":\"search_term_string\"}}],\"inLanguage\":\"es\"},{\"@type\":\"Organization\",\"@id\":\"https:\\\/\\\/ljcreate.com\\\/es\\\/#organization\",\"name\":\"LJ Create\",\"url\":\"https:\\\/\\\/ljcreate.com\\\/es\\\/\",\"logo\":{\"@type\":\"ImageObject\",\"inLanguage\":\"es\",\"@id\":\"https:\\\/\\\/ljcreate.com\\\/es\\\/#\\\/schema\\\/logo\\\/image\\\/\",\"url\":\"https:\\\/\\\/ljcreate.com\\\/wp-content\\\/uploads\\\/2021\\\/07\\\/logo.svg\",\"contentUrl\":\"https:\\\/\\\/ljcreate.com\\\/wp-content\\\/uploads\\\/2021\\\/07\\\/logo.svg\",\"width\":\"1024\",\"height\":\"1024\",\"caption\":\"LJ Create\"},\"image\":{\"@id\":\"https:\\\/\\\/ljcreate.com\\\/es\\\/#\\\/schema\\\/logo\\\/image\\\/\"}}]}<\/script>\n<!-- \/ Yoast SEO plugin. -->","yoast_head_json":{"title":"Kit de soldadura profesional | LJ Create","robots":{"index":"index","follow":"follow","max-snippet":"max-snippet:-1","max-image-preview":"max-image-preview:large","max-video-preview":"max-video-preview:-1"},"canonical":"https:\/\/ljcreate.com\/es\/ingenieria\/kit-de-soldadura-profesional\/","og_locale":"es_ES","og_type":"article","og_title":"Kit de soldadura profesional | LJ Create","og_description":"El Kit de soldadura profesional (SLD-01) es utilizado para el montaje y reparaci\u00f3n de los kits de proyectos de Circuitos Electr\u00f3nicos, el kit de soldadura tiene las siguientes caracter\u00edsticas: Caracter\u00edsticas del soldador: Clasificaci\u00f3n de potencia de 60W Rango de temperatura de 480 \u00b0C (EE. UU.: 896 \u00b0F) Cable de caucho de silicona a prueba de&hellip;","og_url":"https:\/\/ljcreate.com\/es\/ingenieria\/kit-de-soldadura-profesional\/","og_site_name":"LJ Create","article_modified_time":"2023-07-03T15:55:53+00:00","og_image":[{"width":1080,"height":529,"url":"https:\/\/ljcreate.com\/wp-content\/uploads\/2022\/01\/SLD-01.jpg","type":"image\/jpeg"}],"twitter_card":"summary_large_image","twitter_misc":{"Tiempo de lectura":"1 minuto"},"schema":{"@context":"https:\/\/schema.org","@graph":[{"@type":"WebPage","@id":"https:\/\/ljcreate.com\/es\/ingenieria\/kit-de-soldadura-profesional\/","url":"https:\/\/ljcreate.com\/es\/ingenieria\/kit-de-soldadura-profesional\/","name":"Kit de soldadura profesional | LJ Create","isPartOf":{"@id":"https:\/\/ljcreate.com\/es\/#website"},"primaryImageOfPage":{"@id":"https:\/\/ljcreate.com\/es\/ingenieria\/kit-de-soldadura-profesional\/#primaryimage"},"image":{"@id":"https:\/\/ljcreate.com\/es\/ingenieria\/kit-de-soldadura-profesional\/#primaryimage"},"thumbnailUrl":"https:\/\/ljcreate.com\/wp-content\/uploads\/2022\/01\/SLD-01.jpg","datePublished":"2022-01-19T16:34:49+00:00","dateModified":"2023-07-03T15:55:53+00:00","breadcrumb":{"@id":"https:\/\/ljcreate.com\/es\/ingenieria\/kit-de-soldadura-profesional\/#breadcrumb"},"inLanguage":"es","potentialAction":[{"@type":"ReadAction","target":["https:\/\/ljcreate.com\/es\/ingenieria\/kit-de-soldadura-profesional\/"]}]},{"@type":"ImageObject","inLanguage":"es","@id":"https:\/\/ljcreate.com\/es\/ingenieria\/kit-de-soldadura-profesional\/#primaryimage","url":"https:\/\/ljcreate.com\/wp-content\/uploads\/2022\/01\/SLD-01.jpg","contentUrl":"https:\/\/ljcreate.com\/wp-content\/uploads\/2022\/01\/SLD-01.jpg","width":1080,"height":529,"caption":"Kit de soldadura profesional"},{"@type":"BreadcrumbList","@id":"https:\/\/ljcreate.com\/es\/ingenieria\/kit-de-soldadura-profesional\/#breadcrumb","itemListElement":[{"@type":"ListItem","position":1,"name":"Home","item":"https:\/\/ljcreate.com\/es\/"},{"@type":"ListItem","position":2,"name":"Productos","item":"https:\/\/ljcreate.com\/es\/shop\/"},{"@type":"ListItem","position":3,"name":"Ingenier\u00eda","item":"https:\/\/ljcreate.com\/es\/product-category\/engineering-es\/"},{"@type":"ListItem","position":4,"name":"Kit de soldadura profesional"}]},{"@type":"WebSite","@id":"https:\/\/ljcreate.com\/es\/#website","url":"https:\/\/ljcreate.com\/es\/","name":"LJ Create","description":"Innovate, Inspire, and Engage","publisher":{"@id":"https:\/\/ljcreate.com\/es\/#organization"},"alternateName":"Creative Learning (Norwich) Limited","potentialAction":[{"@type":"SearchAction","target":{"@type":"EntryPoint","urlTemplate":"https:\/\/ljcreate.com\/es\/?s={search_term_string}"},"query-input":{"@type":"PropertyValueSpecification","valueRequired":true,"valueName":"search_term_string"}}],"inLanguage":"es"},{"@type":"Organization","@id":"https:\/\/ljcreate.com\/es\/#organization","name":"LJ Create","url":"https:\/\/ljcreate.com\/es\/","logo":{"@type":"ImageObject","inLanguage":"es","@id":"https:\/\/ljcreate.com\/es\/#\/schema\/logo\/image\/","url":"https:\/\/ljcreate.com\/wp-content\/uploads\/2021\/07\/logo.svg","contentUrl":"https:\/\/ljcreate.com\/wp-content\/uploads\/2021\/07\/logo.svg","width":"1024","height":"1024","caption":"LJ Create"},"image":{"@id":"https:\/\/ljcreate.com\/es\/#\/schema\/logo\/image\/"}}]}},"_links":{"self":[{"href":"https:\/\/ljcreate.com\/es\/wp-json\/wp\/v2\/product\/29703","targetHints":{"allow":["GET"]}}],"collection":[{"href":"https:\/\/ljcreate.com\/es\/wp-json\/wp\/v2\/product"}],"about":[{"href":"https:\/\/ljcreate.com\/es\/wp-json\/wp\/v2\/types\/product"}],"wp:featuredmedia":[{"embeddable":true,"href":"https:\/\/ljcreate.com\/es\/wp-json\/wp\/v2\/media\/29699"}],"wp:attachment":[{"href":"https:\/\/ljcreate.com\/es\/wp-json\/wp\/v2\/media?parent=29703"}],"wp:term":[{"taxonomy":"product_brand","embeddable":true,"href":"https:\/\/ljcreate.com\/es\/wp-json\/wp\/v2\/product_brand?post=29703"},{"taxonomy":"product_cat","embeddable":true,"href":"https:\/\/ljcreate.com\/es\/wp-json\/wp\/v2\/product_cat?post=29703"},{"taxonomy":"product_tag","embeddable":true,"href":"https:\/\/ljcreate.com\/es\/wp-json\/wp\/v2\/product_tag?post=29703"}],"curies":[{"name":"wp","href":"https:\/\/api.w.org\/{rel}","templated":true}]}}