{"id":29693,"date":"2022-01-19T14:59:20","date_gmt":"2022-01-19T14:59:20","guid":{"rendered":"https:\/\/ljcreate.com\/product\/sin%20categor\u00eda\/juego-de-herramientas-manuales-para-electronica\/"},"modified":"2023-07-03T16:56:24","modified_gmt":"2023-07-03T15:56:24","slug":"juego-de-herramientas-manuales-para-electronica","status":"publish","type":"product","link":"https:\/\/ljcreate.com\/es\/ingenieria\/juego-de-herramientas-manuales-para-electronica\/","title":{"rendered":"Juego de herramientas manuales para electr\u00f3nica"},"content":{"rendered":"<h5>Juego de herramientas manuales para electr\u00f3nica (BHT-01) incluye:<\/h5>\n<ul>\n<li>Alicates de punta fina<\/li>\n<li>Pelacables autom\u00e1ticos<\/li>\n<li>Cortadores laterales<\/li>\n<li>Cortador de tablero de tiras (traza)<\/li>\n<li>destornillador peque\u00f1o<\/li>\n<li>Herramienta de extracci\u00f3n de circuitos integrados<\/li>\n<li>Lentes de seguridad<\/li>\n<li>Pulsera antiestatica<\/li>\n<\/ul>\n<p class=\"tw-data-text tw-text-large tw-ta\" dir=\"ltr\" data-placeholder=\"Translation\"><span class=\"Y2IQFc\" lang=\"es\">El conjunto de herramientas de mano para electr\u00f3nica est\u00e1 dise\u00f1ado para usarse con el conjunto de <\/span><a href=\"https:\/\/ljcreate.com\/es\/engineering\/electronic-circuits-trainer-teaching-set\/\" target=\"_blank\" rel=\"noopener\"><span class=\"fl-heading-text\">Equipo did\u00e1ctico del entrenador de circuitos electr\u00f3nicos <\/span><\/a><span class=\"Y2IQFc\" lang=\"es\">y el <a href=\"https:\/\/ljcreate.com\/es\/engineering\/electronic-circuits-consumable-pack\/\" target=\"_blank\" rel=\"noopener\">paquete de consumibles de circuitos electr\u00f3nicos<\/a>.<\/span><\/p>\n","protected":false},"excerpt":{"rendered":"<p>Juego de herramientas manuales para electr\u00f3nica (BHT-01) incluye: Alicates de punta fina Pelacables autom\u00e1ticos Cortadores laterales Cortador de tablero de tiras (traza) destornillador peque\u00f1o Herramienta de extracci\u00f3n de circuitos integrados Lentes de seguridad Pulsera antiestatica El conjunto de herramientas de mano para electr\u00f3nica est\u00e1 dise\u00f1ado para usarse con el conjunto de Equipo did\u00e1ctico del entrenador&hellip;<\/p>\n","protected":false},"featured_media":29689,"template":"","meta":{"_acf_changed":false,"inline_featured_image":false},"product_brand":[],"product_cat":[154,138],"product_tag":[],"class_list":{"0":"post-29693","1":"product","2":"type-product","3":"status-publish","4":"has-post-thumbnail","6":"product_cat-electronics-instrumentation-es","7":"product_cat-engineering-es","9":"first","10":"instock","11":"shipping-taxable","12":"product-type-simple"},"acf":[],"yoast_head":"<!-- This site is optimized with the Yoast SEO plugin v27.3 - https:\/\/yoast.com\/product\/yoast-seo-wordpress\/ -->\n<title>Juego de herramientas manuales para electr\u00f3nica | LJ Create<\/title>\n<meta name=\"robots\" content=\"index, follow, max-snippet:-1, max-image-preview:large, max-video-preview:-1\" \/>\n<link rel=\"canonical\" href=\"https:\/\/ljcreate.com\/es\/ingenieria\/juego-de-herramientas-manuales-para-electronica\/\" \/>\n<meta property=\"og:locale\" content=\"es_ES\" \/>\n<meta property=\"og:type\" content=\"article\" \/>\n<meta property=\"og:title\" content=\"Juego de herramientas manuales para electr\u00f3nica | LJ Create\" \/>\n<meta property=\"og:description\" content=\"Juego de herramientas manuales para electr\u00f3nica (BHT-01) incluye: Alicates de punta fina Pelacables autom\u00e1ticos Cortadores laterales Cortador de tablero de tiras (traza) destornillador peque\u00f1o Herramienta de extracci\u00f3n de circuitos integrados Lentes de seguridad Pulsera antiestatica El conjunto de herramientas de mano para electr\u00f3nica est\u00e1 dise\u00f1ado para usarse con el conjunto de Equipo did\u00e1ctico del entrenador&hellip;\" \/>\n<meta property=\"og:url\" content=\"https:\/\/ljcreate.com\/es\/ingenieria\/juego-de-herramientas-manuales-para-electronica\/\" \/>\n<meta property=\"og:site_name\" content=\"LJ Create\" \/>\n<meta property=\"article:modified_time\" content=\"2023-07-03T15:56:24+00:00\" \/>\n<meta property=\"og:image\" content=\"https:\/\/ljcreate.com\/wp-content\/uploads\/2022\/01\/bht-01.jpg\" \/>\n\t<meta property=\"og:image:width\" content=\"1080\" \/>\n\t<meta property=\"og:image:height\" content=\"529\" \/>\n\t<meta property=\"og:image:type\" content=\"image\/jpeg\" \/>\n<meta name=\"twitter:card\" content=\"summary_large_image\" \/>\n<meta name=\"twitter:label1\" content=\"Tiempo de lectura\" \/>\n\t<meta name=\"twitter:data1\" content=\"1 minuto\" \/>\n<script type=\"application\/ld+json\" class=\"yoast-schema-graph\">{\"@context\":\"https:\\\/\\\/schema.org\",\"@graph\":[{\"@type\":\"WebPage\",\"@id\":\"https:\\\/\\\/ljcreate.com\\\/es\\\/ingenieria\\\/juego-de-herramientas-manuales-para-electronica\\\/\",\"url\":\"https:\\\/\\\/ljcreate.com\\\/es\\\/ingenieria\\\/juego-de-herramientas-manuales-para-electronica\\\/\",\"name\":\"Juego de herramientas manuales para electr\u00f3nica | LJ Create\",\"isPartOf\":{\"@id\":\"https:\\\/\\\/ljcreate.com\\\/es\\\/#website\"},\"primaryImageOfPage\":{\"@id\":\"https:\\\/\\\/ljcreate.com\\\/es\\\/ingenieria\\\/juego-de-herramientas-manuales-para-electronica\\\/#primaryimage\"},\"image\":{\"@id\":\"https:\\\/\\\/ljcreate.com\\\/es\\\/ingenieria\\\/juego-de-herramientas-manuales-para-electronica\\\/#primaryimage\"},\"thumbnailUrl\":\"https:\\\/\\\/ljcreate.com\\\/wp-content\\\/uploads\\\/2022\\\/01\\\/bht-01.jpg\",\"datePublished\":\"2022-01-19T14:59:20+00:00\",\"dateModified\":\"2023-07-03T15:56:24+00:00\",\"breadcrumb\":{\"@id\":\"https:\\\/\\\/ljcreate.com\\\/es\\\/ingenieria\\\/juego-de-herramientas-manuales-para-electronica\\\/#breadcrumb\"},\"inLanguage\":\"es\",\"potentialAction\":[{\"@type\":\"ReadAction\",\"target\":[\"https:\\\/\\\/ljcreate.com\\\/es\\\/ingenieria\\\/juego-de-herramientas-manuales-para-electronica\\\/\"]}]},{\"@type\":\"ImageObject\",\"inLanguage\":\"es\",\"@id\":\"https:\\\/\\\/ljcreate.com\\\/es\\\/ingenieria\\\/juego-de-herramientas-manuales-para-electronica\\\/#primaryimage\",\"url\":\"https:\\\/\\\/ljcreate.com\\\/wp-content\\\/uploads\\\/2022\\\/01\\\/bht-01.jpg\",\"contentUrl\":\"https:\\\/\\\/ljcreate.com\\\/wp-content\\\/uploads\\\/2022\\\/01\\\/bht-01.jpg\",\"width\":1080,\"height\":529,\"caption\":\"Juego de herramientas manuales para electr\u00f3nica\"},{\"@type\":\"BreadcrumbList\",\"@id\":\"https:\\\/\\\/ljcreate.com\\\/es\\\/ingenieria\\\/juego-de-herramientas-manuales-para-electronica\\\/#breadcrumb\",\"itemListElement\":[{\"@type\":\"ListItem\",\"position\":1,\"name\":\"Home\",\"item\":\"https:\\\/\\\/ljcreate.com\\\/es\\\/\"},{\"@type\":\"ListItem\",\"position\":2,\"name\":\"Productos\",\"item\":\"https:\\\/\\\/ljcreate.com\\\/es\\\/shop\\\/\"},{\"@type\":\"ListItem\",\"position\":3,\"name\":\"Ingenier\u00eda\",\"item\":\"https:\\\/\\\/ljcreate.com\\\/es\\\/product-category\\\/engineering-es\\\/\"},{\"@type\":\"ListItem\",\"position\":4,\"name\":\"Juego de herramientas manuales para electr\u00f3nica\"}]},{\"@type\":\"WebSite\",\"@id\":\"https:\\\/\\\/ljcreate.com\\\/es\\\/#website\",\"url\":\"https:\\\/\\\/ljcreate.com\\\/es\\\/\",\"name\":\"LJ Create\",\"description\":\"Innovate, Inspire, and Engage\",\"publisher\":{\"@id\":\"https:\\\/\\\/ljcreate.com\\\/es\\\/#organization\"},\"alternateName\":\"Creative Learning (Norwich) Limited\",\"potentialAction\":[{\"@type\":\"SearchAction\",\"target\":{\"@type\":\"EntryPoint\",\"urlTemplate\":\"https:\\\/\\\/ljcreate.com\\\/es\\\/?s={search_term_string}\"},\"query-input\":{\"@type\":\"PropertyValueSpecification\",\"valueRequired\":true,\"valueName\":\"search_term_string\"}}],\"inLanguage\":\"es\"},{\"@type\":\"Organization\",\"@id\":\"https:\\\/\\\/ljcreate.com\\\/es\\\/#organization\",\"name\":\"LJ Create\",\"url\":\"https:\\\/\\\/ljcreate.com\\\/es\\\/\",\"logo\":{\"@type\":\"ImageObject\",\"inLanguage\":\"es\",\"@id\":\"https:\\\/\\\/ljcreate.com\\\/es\\\/#\\\/schema\\\/logo\\\/image\\\/\",\"url\":\"https:\\\/\\\/ljcreate.com\\\/wp-content\\\/uploads\\\/2021\\\/07\\\/logo.svg\",\"contentUrl\":\"https:\\\/\\\/ljcreate.com\\\/wp-content\\\/uploads\\\/2021\\\/07\\\/logo.svg\",\"width\":\"1024\",\"height\":\"1024\",\"caption\":\"LJ Create\"},\"image\":{\"@id\":\"https:\\\/\\\/ljcreate.com\\\/es\\\/#\\\/schema\\\/logo\\\/image\\\/\"}}]}<\/script>\n<!-- \/ Yoast SEO plugin. -->","yoast_head_json":{"title":"Juego de herramientas manuales para electr\u00f3nica | LJ Create","robots":{"index":"index","follow":"follow","max-snippet":"max-snippet:-1","max-image-preview":"max-image-preview:large","max-video-preview":"max-video-preview:-1"},"canonical":"https:\/\/ljcreate.com\/es\/ingenieria\/juego-de-herramientas-manuales-para-electronica\/","og_locale":"es_ES","og_type":"article","og_title":"Juego de herramientas manuales para electr\u00f3nica | LJ Create","og_description":"Juego de herramientas manuales para electr\u00f3nica (BHT-01) incluye: Alicates de punta fina Pelacables autom\u00e1ticos Cortadores laterales Cortador de tablero de tiras (traza) destornillador peque\u00f1o Herramienta de extracci\u00f3n de circuitos integrados Lentes de seguridad Pulsera antiestatica El conjunto de herramientas de mano para electr\u00f3nica est\u00e1 dise\u00f1ado para usarse con el conjunto de Equipo did\u00e1ctico del entrenador&hellip;","og_url":"https:\/\/ljcreate.com\/es\/ingenieria\/juego-de-herramientas-manuales-para-electronica\/","og_site_name":"LJ Create","article_modified_time":"2023-07-03T15:56:24+00:00","og_image":[{"width":1080,"height":529,"url":"https:\/\/ljcreate.com\/wp-content\/uploads\/2022\/01\/bht-01.jpg","type":"image\/jpeg"}],"twitter_card":"summary_large_image","twitter_misc":{"Tiempo de lectura":"1 minuto"},"schema":{"@context":"https:\/\/schema.org","@graph":[{"@type":"WebPage","@id":"https:\/\/ljcreate.com\/es\/ingenieria\/juego-de-herramientas-manuales-para-electronica\/","url":"https:\/\/ljcreate.com\/es\/ingenieria\/juego-de-herramientas-manuales-para-electronica\/","name":"Juego de herramientas manuales para electr\u00f3nica | LJ Create","isPartOf":{"@id":"https:\/\/ljcreate.com\/es\/#website"},"primaryImageOfPage":{"@id":"https:\/\/ljcreate.com\/es\/ingenieria\/juego-de-herramientas-manuales-para-electronica\/#primaryimage"},"image":{"@id":"https:\/\/ljcreate.com\/es\/ingenieria\/juego-de-herramientas-manuales-para-electronica\/#primaryimage"},"thumbnailUrl":"https:\/\/ljcreate.com\/wp-content\/uploads\/2022\/01\/bht-01.jpg","datePublished":"2022-01-19T14:59:20+00:00","dateModified":"2023-07-03T15:56:24+00:00","breadcrumb":{"@id":"https:\/\/ljcreate.com\/es\/ingenieria\/juego-de-herramientas-manuales-para-electronica\/#breadcrumb"},"inLanguage":"es","potentialAction":[{"@type":"ReadAction","target":["https:\/\/ljcreate.com\/es\/ingenieria\/juego-de-herramientas-manuales-para-electronica\/"]}]},{"@type":"ImageObject","inLanguage":"es","@id":"https:\/\/ljcreate.com\/es\/ingenieria\/juego-de-herramientas-manuales-para-electronica\/#primaryimage","url":"https:\/\/ljcreate.com\/wp-content\/uploads\/2022\/01\/bht-01.jpg","contentUrl":"https:\/\/ljcreate.com\/wp-content\/uploads\/2022\/01\/bht-01.jpg","width":1080,"height":529,"caption":"Juego de herramientas manuales para electr\u00f3nica"},{"@type":"BreadcrumbList","@id":"https:\/\/ljcreate.com\/es\/ingenieria\/juego-de-herramientas-manuales-para-electronica\/#breadcrumb","itemListElement":[{"@type":"ListItem","position":1,"name":"Home","item":"https:\/\/ljcreate.com\/es\/"},{"@type":"ListItem","position":2,"name":"Productos","item":"https:\/\/ljcreate.com\/es\/shop\/"},{"@type":"ListItem","position":3,"name":"Ingenier\u00eda","item":"https:\/\/ljcreate.com\/es\/product-category\/engineering-es\/"},{"@type":"ListItem","position":4,"name":"Juego de herramientas manuales para electr\u00f3nica"}]},{"@type":"WebSite","@id":"https:\/\/ljcreate.com\/es\/#website","url":"https:\/\/ljcreate.com\/es\/","name":"LJ Create","description":"Innovate, Inspire, and Engage","publisher":{"@id":"https:\/\/ljcreate.com\/es\/#organization"},"alternateName":"Creative Learning (Norwich) Limited","potentialAction":[{"@type":"SearchAction","target":{"@type":"EntryPoint","urlTemplate":"https:\/\/ljcreate.com\/es\/?s={search_term_string}"},"query-input":{"@type":"PropertyValueSpecification","valueRequired":true,"valueName":"search_term_string"}}],"inLanguage":"es"},{"@type":"Organization","@id":"https:\/\/ljcreate.com\/es\/#organization","name":"LJ Create","url":"https:\/\/ljcreate.com\/es\/","logo":{"@type":"ImageObject","inLanguage":"es","@id":"https:\/\/ljcreate.com\/es\/#\/schema\/logo\/image\/","url":"https:\/\/ljcreate.com\/wp-content\/uploads\/2021\/07\/logo.svg","contentUrl":"https:\/\/ljcreate.com\/wp-content\/uploads\/2021\/07\/logo.svg","width":"1024","height":"1024","caption":"LJ Create"},"image":{"@id":"https:\/\/ljcreate.com\/es\/#\/schema\/logo\/image\/"}}]}},"_links":{"self":[{"href":"https:\/\/ljcreate.com\/es\/wp-json\/wp\/v2\/product\/29693","targetHints":{"allow":["GET"]}}],"collection":[{"href":"https:\/\/ljcreate.com\/es\/wp-json\/wp\/v2\/product"}],"about":[{"href":"https:\/\/ljcreate.com\/es\/wp-json\/wp\/v2\/types\/product"}],"wp:featuredmedia":[{"embeddable":true,"href":"https:\/\/ljcreate.com\/es\/wp-json\/wp\/v2\/media\/29689"}],"wp:attachment":[{"href":"https:\/\/ljcreate.com\/es\/wp-json\/wp\/v2\/media?parent=29693"}],"wp:term":[{"taxonomy":"product_brand","embeddable":true,"href":"https:\/\/ljcreate.com\/es\/wp-json\/wp\/v2\/product_brand?post=29693"},{"taxonomy":"product_cat","embeddable":true,"href":"https:\/\/ljcreate.com\/es\/wp-json\/wp\/v2\/product_cat?post=29693"},{"taxonomy":"product_tag","embeddable":true,"href":"https:\/\/ljcreate.com\/es\/wp-json\/wp\/v2\/product_tag?post=29693"}],"curies":[{"name":"wp","href":"https:\/\/api.w.org\/{rel}","templated":true}]}}