{"id":29673,"date":"2022-01-19T09:17:05","date_gmt":"2022-01-19T09:17:05","guid":{"rendered":"https:\/\/ljcreate.com\/product\/sin%20categor\u00eda\/paquete-de-instrumentacion\/"},"modified":"2023-07-20T10:06:57","modified_gmt":"2023-07-20T09:06:57","slug":"paquete-de-instrumentacion","status":"publish","type":"product","link":"https:\/\/ljcreate.com\/es\/ingenieria\/paquete-de-instrumentacion\/","title":{"rendered":"Paquete de instrumentaci\u00f3n"},"content":{"rendered":"<h5>El Paquete de instrumentaci\u00f3n (300-19) incluye:<\/h5>\n<h4>Osciloscopio de almacenamiento digital<\/h4>\n<p>Este osciloscopio de doble canal que cumple con todos los requisitos de medici\u00f3n de la gama LJ Create de sistemas de formaci\u00f3n en electr\u00f3nica.<\/p>\n<ul>\n<li>Kit completo de sonda de osciloscopio<\/li>\n<li>2 canales anal\u00f3gicos<\/li>\n<li>Ancho de banda de 40MHz, 250MSPS<\/li>\n<li>pantalla LCD a color<\/li>\n<li>Puerto USB para conexi\u00f3n a computadora y dispositivos de almacenamiento<\/li>\n<li>Almacenamiento de formas de onda<\/li>\n<\/ul>\n<p><strong>(Pedir por separado como 300-13)<\/strong><\/p>\n<hr \/>\n<h4>Mult\u00edmetro digital de sobremesa<\/h4>\n<p>Este mult\u00edmetro digital de sobremesa bien dise\u00f1ado cumple con todos los requisitos de medici\u00f3n de tensi\u00f3n, corriente y resistencia de la gama LJ Create de formaci\u00f3n en electr\u00f3nica.<br \/>\nsistemas<\/p>\n<ul>\n<li>Tama\u00f1o de mesa<\/li>\n<li>Rangos de tensi\u00f3n CC, tensi\u00f3n CA, corriente CC y corriente CA<\/li>\n<li>Rangos de resistencia<\/li>\n<li>Prueba de diodo<\/li>\n<li>Probador de continuidad<\/li>\n<li>De pilas<\/li>\n<\/ul>\n<p><strong>(Pedir por separado como 300-18)<\/strong><\/p>\n<hr \/>\n<h4>Generador de funciones<\/h4>\n<p>El generador de funciones proporciona una calidad de forma de onda muy alta. Eso significa baja distorsi\u00f3n de onda sinusoidal, ondas triangulares de baja aberraci\u00f3n y ondas cuadradas de bordes r\u00e1pidos con sobreimpulso bajo.<\/p>\n<ul>\n<li>Salidas de onda senoidal, triangular y cuadrada<\/li>\n<li>Rango de frecuencia de 0,2 Hz a 3 MHz<\/li>\n<li>2mV a 18V pico a pico<\/li>\n<li>fuente de 50 \u03a9<\/li>\n<li>Compensaci\u00f3n de CC<\/li>\n<li>Alta calidad de forma de onda en todas las frecuencias y niveles<\/li>\n<li>Pantalla digital de frecuencia<\/li>\n<\/ul>\n<p><strong>(Pedir por separado como 300-15)<\/strong><\/p>\n","protected":false},"excerpt":{"rendered":"<p>El Paquete de instrumentaci\u00f3n (300-19) incluye: Osciloscopio de almacenamiento digital Este osciloscopio de doble canal que cumple con todos los requisitos de medici\u00f3n de la gama LJ Create de sistemas de formaci\u00f3n en electr\u00f3nica. Kit completo de sonda de osciloscopio 2 canales anal\u00f3gicos Ancho de banda de 40MHz, 250MSPS pantalla LCD a color Puerto USB&hellip;<\/p>\n","protected":false},"featured_media":29669,"template":"","meta":{"_acf_changed":false,"inline_featured_image":false},"product_brand":[],"product_cat":[154,138],"product_tag":[],"class_list":{"0":"post-29673","1":"product","2":"type-product","3":"status-publish","4":"has-post-thumbnail","6":"product_cat-electronics-instrumentation-es","7":"product_cat-engineering-es","9":"first","10":"instock","11":"shipping-taxable","12":"product-type-simple"},"acf":[],"yoast_head":"<!-- This site is optimized with the Yoast SEO plugin v27.3 - https:\/\/yoast.com\/product\/yoast-seo-wordpress\/ -->\n<title>Paquete de instrumentaci\u00f3n | LJ Create<\/title>\n<meta name=\"robots\" content=\"index, follow, max-snippet:-1, max-image-preview:large, max-video-preview:-1\" \/>\n<link rel=\"canonical\" href=\"https:\/\/ljcreate.com\/es\/ingenieria\/paquete-de-instrumentacion\/\" \/>\n<meta property=\"og:locale\" content=\"es_ES\" \/>\n<meta property=\"og:type\" content=\"article\" \/>\n<meta property=\"og:title\" content=\"Paquete de instrumentaci\u00f3n | LJ Create\" \/>\n<meta property=\"og:description\" content=\"El Paquete de instrumentaci\u00f3n (300-19) incluye: Osciloscopio de almacenamiento digital Este osciloscopio de doble canal que cumple con todos los requisitos de medici\u00f3n de la gama LJ Create de sistemas de formaci\u00f3n en electr\u00f3nica. Kit completo de sonda de osciloscopio 2 canales anal\u00f3gicos Ancho de banda de 40MHz, 250MSPS pantalla LCD a color Puerto USB&hellip;\" \/>\n<meta property=\"og:url\" content=\"https:\/\/ljcreate.com\/es\/ingenieria\/paquete-de-instrumentacion\/\" \/>\n<meta property=\"og:site_name\" content=\"LJ Create\" \/>\n<meta property=\"article:modified_time\" content=\"2023-07-20T09:06:57+00:00\" \/>\n<meta property=\"og:image\" content=\"https:\/\/ljcreate.com\/wp-content\/uploads\/2022\/01\/300-19.jpg\" \/>\n\t<meta property=\"og:image:width\" content=\"1080\" \/>\n\t<meta property=\"og:image:height\" content=\"529\" \/>\n\t<meta property=\"og:image:type\" content=\"image\/jpeg\" \/>\n<meta name=\"twitter:card\" content=\"summary_large_image\" \/>\n<meta name=\"twitter:label1\" content=\"Tiempo de lectura\" \/>\n\t<meta name=\"twitter:data1\" content=\"1 minuto\" \/>\n<script type=\"application\/ld+json\" class=\"yoast-schema-graph\">{\"@context\":\"https:\\\/\\\/schema.org\",\"@graph\":[{\"@type\":\"WebPage\",\"@id\":\"https:\\\/\\\/ljcreate.com\\\/es\\\/ingenieria\\\/paquete-de-instrumentacion\\\/\",\"url\":\"https:\\\/\\\/ljcreate.com\\\/es\\\/ingenieria\\\/paquete-de-instrumentacion\\\/\",\"name\":\"Paquete de instrumentaci\u00f3n | LJ Create\",\"isPartOf\":{\"@id\":\"https:\\\/\\\/ljcreate.com\\\/es\\\/#website\"},\"primaryImageOfPage\":{\"@id\":\"https:\\\/\\\/ljcreate.com\\\/es\\\/ingenieria\\\/paquete-de-instrumentacion\\\/#primaryimage\"},\"image\":{\"@id\":\"https:\\\/\\\/ljcreate.com\\\/es\\\/ingenieria\\\/paquete-de-instrumentacion\\\/#primaryimage\"},\"thumbnailUrl\":\"https:\\\/\\\/ljcreate.com\\\/wp-content\\\/uploads\\\/2022\\\/01\\\/300-19.jpg\",\"datePublished\":\"2022-01-19T09:17:05+00:00\",\"dateModified\":\"2023-07-20T09:06:57+00:00\",\"breadcrumb\":{\"@id\":\"https:\\\/\\\/ljcreate.com\\\/es\\\/ingenieria\\\/paquete-de-instrumentacion\\\/#breadcrumb\"},\"inLanguage\":\"es\",\"potentialAction\":[{\"@type\":\"ReadAction\",\"target\":[\"https:\\\/\\\/ljcreate.com\\\/es\\\/ingenieria\\\/paquete-de-instrumentacion\\\/\"]}]},{\"@type\":\"ImageObject\",\"inLanguage\":\"es\",\"@id\":\"https:\\\/\\\/ljcreate.com\\\/es\\\/ingenieria\\\/paquete-de-instrumentacion\\\/#primaryimage\",\"url\":\"https:\\\/\\\/ljcreate.com\\\/wp-content\\\/uploads\\\/2022\\\/01\\\/300-19.jpg\",\"contentUrl\":\"https:\\\/\\\/ljcreate.com\\\/wp-content\\\/uploads\\\/2022\\\/01\\\/300-19.jpg\",\"width\":1080,\"height\":529,\"caption\":\"Paquete de instrumentaci\u00f3n electr\u00f3nica\"},{\"@type\":\"BreadcrumbList\",\"@id\":\"https:\\\/\\\/ljcreate.com\\\/es\\\/ingenieria\\\/paquete-de-instrumentacion\\\/#breadcrumb\",\"itemListElement\":[{\"@type\":\"ListItem\",\"position\":1,\"name\":\"Home\",\"item\":\"https:\\\/\\\/ljcreate.com\\\/es\\\/\"},{\"@type\":\"ListItem\",\"position\":2,\"name\":\"Productos\",\"item\":\"https:\\\/\\\/ljcreate.com\\\/es\\\/shop\\\/\"},{\"@type\":\"ListItem\",\"position\":3,\"name\":\"Ingenier\u00eda\",\"item\":\"https:\\\/\\\/ljcreate.com\\\/es\\\/product-category\\\/engineering-es\\\/\"},{\"@type\":\"ListItem\",\"position\":4,\"name\":\"Paquete de instrumentaci\u00f3n\"}]},{\"@type\":\"WebSite\",\"@id\":\"https:\\\/\\\/ljcreate.com\\\/es\\\/#website\",\"url\":\"https:\\\/\\\/ljcreate.com\\\/es\\\/\",\"name\":\"LJ Create\",\"description\":\"Innovate, Inspire, and Engage\",\"publisher\":{\"@id\":\"https:\\\/\\\/ljcreate.com\\\/es\\\/#organization\"},\"alternateName\":\"Creative Learning (Norwich) Limited\",\"potentialAction\":[{\"@type\":\"SearchAction\",\"target\":{\"@type\":\"EntryPoint\",\"urlTemplate\":\"https:\\\/\\\/ljcreate.com\\\/es\\\/?s={search_term_string}\"},\"query-input\":{\"@type\":\"PropertyValueSpecification\",\"valueRequired\":true,\"valueName\":\"search_term_string\"}}],\"inLanguage\":\"es\"},{\"@type\":\"Organization\",\"@id\":\"https:\\\/\\\/ljcreate.com\\\/es\\\/#organization\",\"name\":\"LJ Create\",\"url\":\"https:\\\/\\\/ljcreate.com\\\/es\\\/\",\"logo\":{\"@type\":\"ImageObject\",\"inLanguage\":\"es\",\"@id\":\"https:\\\/\\\/ljcreate.com\\\/es\\\/#\\\/schema\\\/logo\\\/image\\\/\",\"url\":\"https:\\\/\\\/ljcreate.com\\\/wp-content\\\/uploads\\\/2021\\\/07\\\/logo.svg\",\"contentUrl\":\"https:\\\/\\\/ljcreate.com\\\/wp-content\\\/uploads\\\/2021\\\/07\\\/logo.svg\",\"width\":\"1024\",\"height\":\"1024\",\"caption\":\"LJ Create\"},\"image\":{\"@id\":\"https:\\\/\\\/ljcreate.com\\\/es\\\/#\\\/schema\\\/logo\\\/image\\\/\"}}]}<\/script>\n<!-- \/ Yoast SEO plugin. -->","yoast_head_json":{"title":"Paquete de instrumentaci\u00f3n | LJ Create","robots":{"index":"index","follow":"follow","max-snippet":"max-snippet:-1","max-image-preview":"max-image-preview:large","max-video-preview":"max-video-preview:-1"},"canonical":"https:\/\/ljcreate.com\/es\/ingenieria\/paquete-de-instrumentacion\/","og_locale":"es_ES","og_type":"article","og_title":"Paquete de instrumentaci\u00f3n | LJ Create","og_description":"El Paquete de instrumentaci\u00f3n (300-19) incluye: Osciloscopio de almacenamiento digital Este osciloscopio de doble canal que cumple con todos los requisitos de medici\u00f3n de la gama LJ Create de sistemas de formaci\u00f3n en electr\u00f3nica. Kit completo de sonda de osciloscopio 2 canales anal\u00f3gicos Ancho de banda de 40MHz, 250MSPS pantalla LCD a color Puerto USB&hellip;","og_url":"https:\/\/ljcreate.com\/es\/ingenieria\/paquete-de-instrumentacion\/","og_site_name":"LJ Create","article_modified_time":"2023-07-20T09:06:57+00:00","og_image":[{"width":1080,"height":529,"url":"https:\/\/ljcreate.com\/wp-content\/uploads\/2022\/01\/300-19.jpg","type":"image\/jpeg"}],"twitter_card":"summary_large_image","twitter_misc":{"Tiempo de lectura":"1 minuto"},"schema":{"@context":"https:\/\/schema.org","@graph":[{"@type":"WebPage","@id":"https:\/\/ljcreate.com\/es\/ingenieria\/paquete-de-instrumentacion\/","url":"https:\/\/ljcreate.com\/es\/ingenieria\/paquete-de-instrumentacion\/","name":"Paquete de instrumentaci\u00f3n | LJ Create","isPartOf":{"@id":"https:\/\/ljcreate.com\/es\/#website"},"primaryImageOfPage":{"@id":"https:\/\/ljcreate.com\/es\/ingenieria\/paquete-de-instrumentacion\/#primaryimage"},"image":{"@id":"https:\/\/ljcreate.com\/es\/ingenieria\/paquete-de-instrumentacion\/#primaryimage"},"thumbnailUrl":"https:\/\/ljcreate.com\/wp-content\/uploads\/2022\/01\/300-19.jpg","datePublished":"2022-01-19T09:17:05+00:00","dateModified":"2023-07-20T09:06:57+00:00","breadcrumb":{"@id":"https:\/\/ljcreate.com\/es\/ingenieria\/paquete-de-instrumentacion\/#breadcrumb"},"inLanguage":"es","potentialAction":[{"@type":"ReadAction","target":["https:\/\/ljcreate.com\/es\/ingenieria\/paquete-de-instrumentacion\/"]}]},{"@type":"ImageObject","inLanguage":"es","@id":"https:\/\/ljcreate.com\/es\/ingenieria\/paquete-de-instrumentacion\/#primaryimage","url":"https:\/\/ljcreate.com\/wp-content\/uploads\/2022\/01\/300-19.jpg","contentUrl":"https:\/\/ljcreate.com\/wp-content\/uploads\/2022\/01\/300-19.jpg","width":1080,"height":529,"caption":"Paquete de instrumentaci\u00f3n electr\u00f3nica"},{"@type":"BreadcrumbList","@id":"https:\/\/ljcreate.com\/es\/ingenieria\/paquete-de-instrumentacion\/#breadcrumb","itemListElement":[{"@type":"ListItem","position":1,"name":"Home","item":"https:\/\/ljcreate.com\/es\/"},{"@type":"ListItem","position":2,"name":"Productos","item":"https:\/\/ljcreate.com\/es\/shop\/"},{"@type":"ListItem","position":3,"name":"Ingenier\u00eda","item":"https:\/\/ljcreate.com\/es\/product-category\/engineering-es\/"},{"@type":"ListItem","position":4,"name":"Paquete de instrumentaci\u00f3n"}]},{"@type":"WebSite","@id":"https:\/\/ljcreate.com\/es\/#website","url":"https:\/\/ljcreate.com\/es\/","name":"LJ Create","description":"Innovate, Inspire, and Engage","publisher":{"@id":"https:\/\/ljcreate.com\/es\/#organization"},"alternateName":"Creative Learning (Norwich) Limited","potentialAction":[{"@type":"SearchAction","target":{"@type":"EntryPoint","urlTemplate":"https:\/\/ljcreate.com\/es\/?s={search_term_string}"},"query-input":{"@type":"PropertyValueSpecification","valueRequired":true,"valueName":"search_term_string"}}],"inLanguage":"es"},{"@type":"Organization","@id":"https:\/\/ljcreate.com\/es\/#organization","name":"LJ Create","url":"https:\/\/ljcreate.com\/es\/","logo":{"@type":"ImageObject","inLanguage":"es","@id":"https:\/\/ljcreate.com\/es\/#\/schema\/logo\/image\/","url":"https:\/\/ljcreate.com\/wp-content\/uploads\/2021\/07\/logo.svg","contentUrl":"https:\/\/ljcreate.com\/wp-content\/uploads\/2021\/07\/logo.svg","width":"1024","height":"1024","caption":"LJ Create"},"image":{"@id":"https:\/\/ljcreate.com\/es\/#\/schema\/logo\/image\/"}}]}},"_links":{"self":[{"href":"https:\/\/ljcreate.com\/es\/wp-json\/wp\/v2\/product\/29673","targetHints":{"allow":["GET"]}}],"collection":[{"href":"https:\/\/ljcreate.com\/es\/wp-json\/wp\/v2\/product"}],"about":[{"href":"https:\/\/ljcreate.com\/es\/wp-json\/wp\/v2\/types\/product"}],"wp:featuredmedia":[{"embeddable":true,"href":"https:\/\/ljcreate.com\/es\/wp-json\/wp\/v2\/media\/29669"}],"wp:attachment":[{"href":"https:\/\/ljcreate.com\/es\/wp-json\/wp\/v2\/media?parent=29673"}],"wp:term":[{"taxonomy":"product_brand","embeddable":true,"href":"https:\/\/ljcreate.com\/es\/wp-json\/wp\/v2\/product_brand?post=29673"},{"taxonomy":"product_cat","embeddable":true,"href":"https:\/\/ljcreate.com\/es\/wp-json\/wp\/v2\/product_cat?post=29673"},{"taxonomy":"product_tag","embeddable":true,"href":"https:\/\/ljcreate.com\/es\/wp-json\/wp\/v2\/product_tag?post=29673"}],"curies":[{"name":"wp","href":"https:\/\/api.w.org\/{rel}","templated":true}]}}