{"id":29440,"date":"2022-01-13T16:18:59","date_gmt":"2022-01-13T16:18:59","guid":{"rendered":"https:\/\/ljcreate.com\/product\/sin%20categor\u00eda\/entrenador-de-plc-movil\/"},"modified":"2023-06-30T15:45:49","modified_gmt":"2023-06-30T14:45:49","slug":"entrenador-de-plc-movil","status":"publish","type":"product","link":"https:\/\/ljcreate.com\/es\/entrenador-de-plc-movil\/","title":{"rendered":"Entrenador de PLC m\u00f3vil"},"content":{"rendered":"<p>La Entrenador de PLC m\u00f3vil (291-04) est\u00e1 dise\u00f1ada para clasificar discos de metal de uno en uno, verific\u00e1ndolos en busca de un orificio mecanizado y distribuy\u00e9ndolos en uno de los dos contenedores seg\u00fan la l\u00f3gica de programaci\u00f3n.<\/p>\n<p>La velocidad del disco de clasificaci\u00f3n se controla mediante una se\u00f1al de entrada anal\u00f3gica. La posici\u00f3n del disco de clasificaci\u00f3n se puede determinar utilizando el codificador rotatorio incorporado.<\/p>\n<p>Los estudiantes desarrollan su comprensi\u00f3n de la programaci\u00f3n de PLC utilizando nuestro exclusivo software de simulaci\u00f3n de una celda de trabajo industrial. El entrenador est\u00e1 alojado en un estuche impermeable de especificaciones militares para facilitar su transporte y env\u00edo.<\/p>\n<p>Los materiales de aprendizaje STEM suministrados han sido dise\u00f1ados para proporcionar tareas y actividades pr\u00e1cticas de resoluci\u00f3n de problemas del mundo real dentro del aula o en el entorno del laboratorio.<\/p>\n<h5>Las \u00e1reas tem\u00e1ticas t\u00edpicas incluyen:<\/h5>\n<ul>\n<li>Controladores industriales<\/li>\n<li>L\u00f3gica (Y, O y NO), tablas de verdad y actuadores de enclavamiento de l\u00f3gica de pasos<\/li>\n<li>Conteo de piezas y eventos de temporizaci\u00f3n que controlan la velocidad y la posici\u00f3n del motor<\/li>\n<li>Clasificaci\u00f3n de piezas<\/li>\n<\/ul>\n<h5>Componentes de la aplicaci\u00f3n de control industrial:<\/h5>\n<ul>\n<li>Interruptor de anulaci\u00f3n manual<\/li>\n<li>4 x interruptores de control manual<\/li>\n<li>7 x indicadores LED de entrada \/ salida<\/li>\n<li>2 x pulsadores (rojo \/ verde)<\/li>\n<li>2 x indicadores de l\u00e1mpara (rojo \/ verde)<\/li>\n<li>2 x contenedores de piezas<\/li>\n<li>Dial de control de velocidad anal\u00f3gico<\/li>\n<li>Disco de clasificaci\u00f3n controlado por motor de CC de velocidad variable<\/li>\n<li>Sensor de detecci\u00f3n de agujeros por infrarrojos<\/li>\n<li>Codificador rotatorio de dos canales con posici\u00f3n de \u00edndice<\/li>\n<li>Bloque de conexi\u00f3n y barra de rack para extensi\u00f3n de PLC<\/li>\n<\/ul>\n<p><strong>Tenga en cuenta:<\/strong> PLC no suministrado<\/p>\n","protected":false},"excerpt":{"rendered":"<p>La Entrenador de PLC m\u00f3vil (291-04) est\u00e1 dise\u00f1ada para clasificar discos de metal de uno en uno, verific\u00e1ndolos en busca de un orificio mecanizado y distribuy\u00e9ndolos en uno de los dos contenedores seg\u00fan la l\u00f3gica de programaci\u00f3n. La velocidad del disco de clasificaci\u00f3n se controla mediante una se\u00f1al de entrada anal\u00f3gica. La posici\u00f3n del disco&hellip;<\/p>\n","protected":false},"featured_media":29431,"template":"","meta":{"_acf_changed":false,"inline_featured_image":false},"product_brand":[],"product_cat":[138,145],"product_tag":[],"class_list":{"0":"post-29440","1":"product","2":"type-product","3":"status-publish","4":"has-post-thumbnail","6":"product_cat-engineering-es","7":"product_cat-industrial-control-systems-trainers-es","9":"first","10":"instock","11":"shipping-taxable","12":"product-type-simple"},"acf":[],"yoast_head":"<!-- This site is optimized with the Yoast SEO plugin v27.3 - https:\/\/yoast.com\/product\/yoast-seo-wordpress\/ -->\n<title>Entrenador de PLC m\u00f3vil | LJ Create<\/title>\n<meta name=\"robots\" content=\"index, follow, max-snippet:-1, max-image-preview:large, max-video-preview:-1\" \/>\n<link rel=\"canonical\" href=\"https:\/\/ljcreate.com\/es\/entrenador-de-plc-movil\/\" \/>\n<meta property=\"og:locale\" content=\"es_ES\" \/>\n<meta property=\"og:type\" content=\"article\" \/>\n<meta property=\"og:title\" content=\"Entrenador de PLC m\u00f3vil | LJ Create\" \/>\n<meta property=\"og:description\" content=\"La Entrenador de PLC m\u00f3vil (291-04) est\u00e1 dise\u00f1ada para clasificar discos de metal de uno en uno, verific\u00e1ndolos en busca de un orificio mecanizado y distribuy\u00e9ndolos en uno de los dos contenedores seg\u00fan la l\u00f3gica de programaci\u00f3n. La velocidad del disco de clasificaci\u00f3n se controla mediante una se\u00f1al de entrada anal\u00f3gica. La posici\u00f3n del disco&hellip;\" \/>\n<meta property=\"og:url\" content=\"https:\/\/ljcreate.com\/es\/entrenador-de-plc-movil\/\" \/>\n<meta property=\"og:site_name\" content=\"LJ Create\" \/>\n<meta property=\"article:modified_time\" content=\"2023-06-30T14:45:49+00:00\" \/>\n<meta property=\"og:image\" content=\"https:\/\/ljcreate.com\/wp-content\/uploads\/2022\/01\/291-04.jpg\" \/>\n\t<meta property=\"og:image:width\" content=\"1080\" \/>\n\t<meta property=\"og:image:height\" content=\"529\" \/>\n\t<meta property=\"og:image:type\" content=\"image\/jpeg\" \/>\n<meta name=\"twitter:card\" content=\"summary_large_image\" \/>\n<meta name=\"twitter:label1\" content=\"Tiempo de lectura\" \/>\n\t<meta name=\"twitter:data1\" content=\"2 minutos\" \/>\n<script type=\"application\/ld+json\" class=\"yoast-schema-graph\">{\"@context\":\"https:\\\/\\\/schema.org\",\"@graph\":[{\"@type\":\"WebPage\",\"@id\":\"https:\\\/\\\/ljcreate.com\\\/es\\\/entrenador-de-plc-movil\\\/\",\"url\":\"https:\\\/\\\/ljcreate.com\\\/es\\\/entrenador-de-plc-movil\\\/\",\"name\":\"Entrenador de PLC m\u00f3vil | LJ Create\",\"isPartOf\":{\"@id\":\"https:\\\/\\\/ljcreate.com\\\/es\\\/#website\"},\"primaryImageOfPage\":{\"@id\":\"https:\\\/\\\/ljcreate.com\\\/es\\\/entrenador-de-plc-movil\\\/#primaryimage\"},\"image\":{\"@id\":\"https:\\\/\\\/ljcreate.com\\\/es\\\/entrenador-de-plc-movil\\\/#primaryimage\"},\"thumbnailUrl\":\"https:\\\/\\\/ljcreate.com\\\/wp-content\\\/uploads\\\/2022\\\/01\\\/291-04.jpg\",\"datePublished\":\"2022-01-13T16:18:59+00:00\",\"dateModified\":\"2023-06-30T14:45:49+00:00\",\"breadcrumb\":{\"@id\":\"https:\\\/\\\/ljcreate.com\\\/es\\\/entrenador-de-plc-movil\\\/#breadcrumb\"},\"inLanguage\":\"es\",\"potentialAction\":[{\"@type\":\"ReadAction\",\"target\":[\"https:\\\/\\\/ljcreate.com\\\/es\\\/entrenador-de-plc-movil\\\/\"]}]},{\"@type\":\"ImageObject\",\"inLanguage\":\"es\",\"@id\":\"https:\\\/\\\/ljcreate.com\\\/es\\\/entrenador-de-plc-movil\\\/#primaryimage\",\"url\":\"https:\\\/\\\/ljcreate.com\\\/wp-content\\\/uploads\\\/2022\\\/01\\\/291-04.jpg\",\"contentUrl\":\"https:\\\/\\\/ljcreate.com\\\/wp-content\\\/uploads\\\/2022\\\/01\\\/291-04.jpg\",\"width\":1080,\"height\":529,\"caption\":\"Entrenador de PLC m\u00f3vil\"},{\"@type\":\"BreadcrumbList\",\"@id\":\"https:\\\/\\\/ljcreate.com\\\/es\\\/entrenador-de-plc-movil\\\/#breadcrumb\",\"itemListElement\":[{\"@type\":\"ListItem\",\"position\":1,\"name\":\"Home\",\"item\":\"https:\\\/\\\/ljcreate.com\\\/es\\\/\"},{\"@type\":\"ListItem\",\"position\":2,\"name\":\"Productos\",\"item\":\"https:\\\/\\\/ljcreate.com\\\/es\\\/shop\\\/\"},{\"@type\":\"ListItem\",\"position\":3,\"name\":\"Ingenier\u00eda\",\"item\":\"https:\\\/\\\/ljcreate.com\\\/es\\\/product-category\\\/engineering-es\\\/\"},{\"@type\":\"ListItem\",\"position\":4,\"name\":\"Entrenador de PLC m\u00f3vil\"}]},{\"@type\":\"WebSite\",\"@id\":\"https:\\\/\\\/ljcreate.com\\\/es\\\/#website\",\"url\":\"https:\\\/\\\/ljcreate.com\\\/es\\\/\",\"name\":\"LJ Create\",\"description\":\"Innovate, Inspire, and Engage\",\"publisher\":{\"@id\":\"https:\\\/\\\/ljcreate.com\\\/es\\\/#organization\"},\"alternateName\":\"Creative Learning (Norwich) Limited\",\"potentialAction\":[{\"@type\":\"SearchAction\",\"target\":{\"@type\":\"EntryPoint\",\"urlTemplate\":\"https:\\\/\\\/ljcreate.com\\\/es\\\/?s={search_term_string}\"},\"query-input\":{\"@type\":\"PropertyValueSpecification\",\"valueRequired\":true,\"valueName\":\"search_term_string\"}}],\"inLanguage\":\"es\"},{\"@type\":\"Organization\",\"@id\":\"https:\\\/\\\/ljcreate.com\\\/es\\\/#organization\",\"name\":\"LJ Create\",\"url\":\"https:\\\/\\\/ljcreate.com\\\/es\\\/\",\"logo\":{\"@type\":\"ImageObject\",\"inLanguage\":\"es\",\"@id\":\"https:\\\/\\\/ljcreate.com\\\/es\\\/#\\\/schema\\\/logo\\\/image\\\/\",\"url\":\"https:\\\/\\\/ljcreate.com\\\/wp-content\\\/uploads\\\/2021\\\/07\\\/logo.svg\",\"contentUrl\":\"https:\\\/\\\/ljcreate.com\\\/wp-content\\\/uploads\\\/2021\\\/07\\\/logo.svg\",\"width\":\"1024\",\"height\":\"1024\",\"caption\":\"LJ Create\"},\"image\":{\"@id\":\"https:\\\/\\\/ljcreate.com\\\/es\\\/#\\\/schema\\\/logo\\\/image\\\/\"}}]}<\/script>\n<!-- \/ Yoast SEO plugin. -->","yoast_head_json":{"title":"Entrenador de PLC m\u00f3vil | LJ Create","robots":{"index":"index","follow":"follow","max-snippet":"max-snippet:-1","max-image-preview":"max-image-preview:large","max-video-preview":"max-video-preview:-1"},"canonical":"https:\/\/ljcreate.com\/es\/entrenador-de-plc-movil\/","og_locale":"es_ES","og_type":"article","og_title":"Entrenador de PLC m\u00f3vil | LJ Create","og_description":"La Entrenador de PLC m\u00f3vil (291-04) est\u00e1 dise\u00f1ada para clasificar discos de metal de uno en uno, verific\u00e1ndolos en busca de un orificio mecanizado y distribuy\u00e9ndolos en uno de los dos contenedores seg\u00fan la l\u00f3gica de programaci\u00f3n. La velocidad del disco de clasificaci\u00f3n se controla mediante una se\u00f1al de entrada anal\u00f3gica. La posici\u00f3n del disco&hellip;","og_url":"https:\/\/ljcreate.com\/es\/entrenador-de-plc-movil\/","og_site_name":"LJ Create","article_modified_time":"2023-06-30T14:45:49+00:00","og_image":[{"width":1080,"height":529,"url":"https:\/\/ljcreate.com\/wp-content\/uploads\/2022\/01\/291-04.jpg","type":"image\/jpeg"}],"twitter_card":"summary_large_image","twitter_misc":{"Tiempo de lectura":"2 minutos"},"schema":{"@context":"https:\/\/schema.org","@graph":[{"@type":"WebPage","@id":"https:\/\/ljcreate.com\/es\/entrenador-de-plc-movil\/","url":"https:\/\/ljcreate.com\/es\/entrenador-de-plc-movil\/","name":"Entrenador de PLC m\u00f3vil | LJ Create","isPartOf":{"@id":"https:\/\/ljcreate.com\/es\/#website"},"primaryImageOfPage":{"@id":"https:\/\/ljcreate.com\/es\/entrenador-de-plc-movil\/#primaryimage"},"image":{"@id":"https:\/\/ljcreate.com\/es\/entrenador-de-plc-movil\/#primaryimage"},"thumbnailUrl":"https:\/\/ljcreate.com\/wp-content\/uploads\/2022\/01\/291-04.jpg","datePublished":"2022-01-13T16:18:59+00:00","dateModified":"2023-06-30T14:45:49+00:00","breadcrumb":{"@id":"https:\/\/ljcreate.com\/es\/entrenador-de-plc-movil\/#breadcrumb"},"inLanguage":"es","potentialAction":[{"@type":"ReadAction","target":["https:\/\/ljcreate.com\/es\/entrenador-de-plc-movil\/"]}]},{"@type":"ImageObject","inLanguage":"es","@id":"https:\/\/ljcreate.com\/es\/entrenador-de-plc-movil\/#primaryimage","url":"https:\/\/ljcreate.com\/wp-content\/uploads\/2022\/01\/291-04.jpg","contentUrl":"https:\/\/ljcreate.com\/wp-content\/uploads\/2022\/01\/291-04.jpg","width":1080,"height":529,"caption":"Entrenador de PLC m\u00f3vil"},{"@type":"BreadcrumbList","@id":"https:\/\/ljcreate.com\/es\/entrenador-de-plc-movil\/#breadcrumb","itemListElement":[{"@type":"ListItem","position":1,"name":"Home","item":"https:\/\/ljcreate.com\/es\/"},{"@type":"ListItem","position":2,"name":"Productos","item":"https:\/\/ljcreate.com\/es\/shop\/"},{"@type":"ListItem","position":3,"name":"Ingenier\u00eda","item":"https:\/\/ljcreate.com\/es\/product-category\/engineering-es\/"},{"@type":"ListItem","position":4,"name":"Entrenador de PLC m\u00f3vil"}]},{"@type":"WebSite","@id":"https:\/\/ljcreate.com\/es\/#website","url":"https:\/\/ljcreate.com\/es\/","name":"LJ Create","description":"Innovate, Inspire, and Engage","publisher":{"@id":"https:\/\/ljcreate.com\/es\/#organization"},"alternateName":"Creative Learning (Norwich) Limited","potentialAction":[{"@type":"SearchAction","target":{"@type":"EntryPoint","urlTemplate":"https:\/\/ljcreate.com\/es\/?s={search_term_string}"},"query-input":{"@type":"PropertyValueSpecification","valueRequired":true,"valueName":"search_term_string"}}],"inLanguage":"es"},{"@type":"Organization","@id":"https:\/\/ljcreate.com\/es\/#organization","name":"LJ Create","url":"https:\/\/ljcreate.com\/es\/","logo":{"@type":"ImageObject","inLanguage":"es","@id":"https:\/\/ljcreate.com\/es\/#\/schema\/logo\/image\/","url":"https:\/\/ljcreate.com\/wp-content\/uploads\/2021\/07\/logo.svg","contentUrl":"https:\/\/ljcreate.com\/wp-content\/uploads\/2021\/07\/logo.svg","width":"1024","height":"1024","caption":"LJ Create"},"image":{"@id":"https:\/\/ljcreate.com\/es\/#\/schema\/logo\/image\/"}}]}},"_links":{"self":[{"href":"https:\/\/ljcreate.com\/es\/wp-json\/wp\/v2\/product\/29440","targetHints":{"allow":["GET"]}}],"collection":[{"href":"https:\/\/ljcreate.com\/es\/wp-json\/wp\/v2\/product"}],"about":[{"href":"https:\/\/ljcreate.com\/es\/wp-json\/wp\/v2\/types\/product"}],"wp:featuredmedia":[{"embeddable":true,"href":"https:\/\/ljcreate.com\/es\/wp-json\/wp\/v2\/media\/29431"}],"wp:attachment":[{"href":"https:\/\/ljcreate.com\/es\/wp-json\/wp\/v2\/media?parent=29440"}],"wp:term":[{"taxonomy":"product_brand","embeddable":true,"href":"https:\/\/ljcreate.com\/es\/wp-json\/wp\/v2\/product_brand?post=29440"},{"taxonomy":"product_cat","embeddable":true,"href":"https:\/\/ljcreate.com\/es\/wp-json\/wp\/v2\/product_cat?post=29440"},{"taxonomy":"product_tag","embeddable":true,"href":"https:\/\/ljcreate.com\/es\/wp-json\/wp\/v2\/product_tag?post=29440"}],"curies":[{"name":"wp","href":"https:\/\/api.w.org\/{rel}","templated":true}]}}