{"id":29429,"date":"2022-01-13T15:26:30","date_gmt":"2022-01-13T15:26:30","guid":{"rendered":"https:\/\/ljcreate.com\/?post_type=product&#038;p=29429"},"modified":"2023-07-03T16:51:27","modified_gmt":"2023-07-03T15:51:27","slug":"multimetro-digital-de-rango-automatico","status":"publish","type":"product","link":"https:\/\/ljcreate.com\/es\/engineering\/multimetro-digital-de-rango-automatico\/","title":{"rendered":"Mult\u00edmetro digital de rango autom\u00e1tico"},"content":{"rendered":"<p>Seleccionada para acompa\u00f1ar la gama LJ Create de sistemas de formaci\u00f3n en electr\u00f3nica, esta unidad se utiliza para la investigaci\u00f3n pr\u00e1ctica de teor\u00eda de circuitos, pruebas y soluci\u00f3n de problemas.<\/p>\n<p class=\"tw-data-text tw-text-large tw-ta\" dir=\"ltr\" data-placeholder=\"Translation\"><span class=\"Y2IQFc\" lang=\"es\">Este Mult\u00edmetro digital de rango autom\u00e1tico (300-12) port\u00e1til, peque\u00f1o y bien dise\u00f1ado, cumple con todos los requisitos de medici\u00f3n de voltaje, corriente y resistencia de la gama LJ Create de sistemas de capacitaci\u00f3n en electr\u00f3nica. <\/span><\/p>\n<h5 class=\"tw-data-text tw-text-large tw-ta\" dir=\"ltr\" data-placeholder=\"Translation\"><span class=\"Y2IQFc\" lang=\"es\">Especificaci\u00f3n en breve: <\/span><\/h5>\n<ul>\n<li class=\"tw-data-text tw-text-large tw-ta\" dir=\"ltr\" data-placeholder=\"Translation\"><span class=\"Y2IQFc\" lang=\"es\">Tama\u00f1o de la palma <\/span><\/li>\n<li class=\"tw-data-text tw-text-large tw-ta\" dir=\"ltr\" data-placeholder=\"Translation\"><span class=\"Y2IQFc\" lang=\"es\">Rango autom\u00e1tico <\/span><\/li>\n<li class=\"tw-data-text tw-text-large tw-ta\" dir=\"ltr\" data-placeholder=\"Translation\"><span class=\"Y2IQFc\" lang=\"es\">Rangos de tensi\u00f3n CC, tensi\u00f3n CA, corriente CC y corriente CA <\/span><\/li>\n<li class=\"tw-data-text tw-text-large tw-ta\" dir=\"ltr\" data-placeholder=\"Translation\"><span class=\"Y2IQFc\" lang=\"es\">Rangos de resistencia <\/span><\/li>\n<li class=\"tw-data-text tw-text-large tw-ta\" dir=\"ltr\" data-placeholder=\"Translation\"><span class=\"Y2IQFc\" lang=\"es\">Prueba de diodo <\/span><\/li>\n<li class=\"tw-data-text tw-text-large tw-ta\" dir=\"ltr\" data-placeholder=\"Translation\"><span class=\"Y2IQFc\" lang=\"es\">Probador de continuidad<\/span><\/li>\n<li class=\"tw-data-text tw-text-large tw-ta\" dir=\"ltr\" data-placeholder=\"Translation\"><span class=\"Y2IQFc\" lang=\"es\">De pilas<\/span><\/li>\n<\/ul>\n","protected":false},"excerpt":{"rendered":"<p>Seleccionada para acompa\u00f1ar la gama LJ Create de sistemas de formaci\u00f3n en electr\u00f3nica, esta unidad se utiliza para la investigaci\u00f3n pr\u00e1ctica de teor\u00eda de circuitos, pruebas y soluci\u00f3n de problemas. Este Mult\u00edmetro digital de rango autom\u00e1tico (300-12) port\u00e1til, peque\u00f1o y bien dise\u00f1ado, cumple con todos los requisitos de medici\u00f3n de voltaje, corriente y resistencia de&hellip;<\/p>\n","protected":false},"featured_media":29416,"template":"","meta":{"_acf_changed":false,"inline_featured_image":false},"product_brand":[],"product_cat":[154,138],"product_tag":[],"class_list":{"0":"post-29429","1":"product","2":"type-product","3":"status-publish","4":"has-post-thumbnail","6":"product_cat-electronics-instrumentation-es","7":"product_cat-engineering-es","9":"first","10":"instock","11":"shipping-taxable","12":"product-type-simple"},"acf":[],"yoast_head":"<!-- This site is optimized with the Yoast SEO plugin v27.3 - https:\/\/yoast.com\/product\/yoast-seo-wordpress\/ -->\n<title>Mult\u00edmetro digital de rango autom\u00e1tico | LJ Create<\/title>\n<meta name=\"robots\" content=\"index, follow, max-snippet:-1, max-image-preview:large, max-video-preview:-1\" \/>\n<link rel=\"canonical\" href=\"https:\/\/ljcreate.com\/es\/engineering\/multimetro-digital-de-rango-automatico\/\" \/>\n<meta property=\"og:locale\" content=\"es_ES\" \/>\n<meta property=\"og:type\" content=\"article\" \/>\n<meta property=\"og:title\" content=\"Mult\u00edmetro digital de rango autom\u00e1tico | LJ Create\" \/>\n<meta property=\"og:description\" content=\"Seleccionada para acompa\u00f1ar la gama LJ Create de sistemas de formaci\u00f3n en electr\u00f3nica, esta unidad se utiliza para la investigaci\u00f3n pr\u00e1ctica de teor\u00eda de circuitos, pruebas y soluci\u00f3n de problemas. Este Mult\u00edmetro digital de rango autom\u00e1tico (300-12) port\u00e1til, peque\u00f1o y bien dise\u00f1ado, cumple con todos los requisitos de medici\u00f3n de voltaje, corriente y resistencia de&hellip;\" \/>\n<meta property=\"og:url\" content=\"https:\/\/ljcreate.com\/es\/engineering\/multimetro-digital-de-rango-automatico\/\" \/>\n<meta property=\"og:site_name\" content=\"LJ Create\" \/>\n<meta property=\"article:modified_time\" content=\"2023-07-03T15:51:27+00:00\" \/>\n<meta property=\"og:image\" content=\"https:\/\/ljcreate.com\/wp-content\/uploads\/2022\/01\/300-12.jpg\" \/>\n\t<meta property=\"og:image:width\" content=\"1080\" \/>\n\t<meta property=\"og:image:height\" content=\"529\" \/>\n\t<meta property=\"og:image:type\" content=\"image\/jpeg\" \/>\n<meta name=\"twitter:card\" content=\"summary_large_image\" \/>\n<meta name=\"twitter:label1\" content=\"Tiempo de lectura\" \/>\n\t<meta name=\"twitter:data1\" content=\"1 minuto\" \/>\n<script type=\"application\/ld+json\" class=\"yoast-schema-graph\">{\"@context\":\"https:\\\/\\\/schema.org\",\"@graph\":[{\"@type\":\"WebPage\",\"@id\":\"https:\\\/\\\/ljcreate.com\\\/es\\\/engineering\\\/multimetro-digital-de-rango-automatico\\\/\",\"url\":\"https:\\\/\\\/ljcreate.com\\\/es\\\/engineering\\\/multimetro-digital-de-rango-automatico\\\/\",\"name\":\"Mult\u00edmetro digital de rango autom\u00e1tico | LJ Create\",\"isPartOf\":{\"@id\":\"https:\\\/\\\/ljcreate.com\\\/es\\\/#website\"},\"primaryImageOfPage\":{\"@id\":\"https:\\\/\\\/ljcreate.com\\\/es\\\/engineering\\\/multimetro-digital-de-rango-automatico\\\/#primaryimage\"},\"image\":{\"@id\":\"https:\\\/\\\/ljcreate.com\\\/es\\\/engineering\\\/multimetro-digital-de-rango-automatico\\\/#primaryimage\"},\"thumbnailUrl\":\"https:\\\/\\\/ljcreate.com\\\/wp-content\\\/uploads\\\/2022\\\/01\\\/300-12.jpg\",\"datePublished\":\"2022-01-13T15:26:30+00:00\",\"dateModified\":\"2023-07-03T15:51:27+00:00\",\"breadcrumb\":{\"@id\":\"https:\\\/\\\/ljcreate.com\\\/es\\\/engineering\\\/multimetro-digital-de-rango-automatico\\\/#breadcrumb\"},\"inLanguage\":\"es\",\"potentialAction\":[{\"@type\":\"ReadAction\",\"target\":[\"https:\\\/\\\/ljcreate.com\\\/es\\\/engineering\\\/multimetro-digital-de-rango-automatico\\\/\"]}]},{\"@type\":\"ImageObject\",\"inLanguage\":\"es\",\"@id\":\"https:\\\/\\\/ljcreate.com\\\/es\\\/engineering\\\/multimetro-digital-de-rango-automatico\\\/#primaryimage\",\"url\":\"https:\\\/\\\/ljcreate.com\\\/wp-content\\\/uploads\\\/2022\\\/01\\\/300-12.jpg\",\"contentUrl\":\"https:\\\/\\\/ljcreate.com\\\/wp-content\\\/uploads\\\/2022\\\/01\\\/300-12.jpg\",\"width\":1080,\"height\":529,\"caption\":\"Autoranging Digital Multimeter\"},{\"@type\":\"BreadcrumbList\",\"@id\":\"https:\\\/\\\/ljcreate.com\\\/es\\\/engineering\\\/multimetro-digital-de-rango-automatico\\\/#breadcrumb\",\"itemListElement\":[{\"@type\":\"ListItem\",\"position\":1,\"name\":\"Home\",\"item\":\"https:\\\/\\\/ljcreate.com\\\/es\\\/\"},{\"@type\":\"ListItem\",\"position\":2,\"name\":\"Productos\",\"item\":\"https:\\\/\\\/ljcreate.com\\\/es\\\/shop\\\/\"},{\"@type\":\"ListItem\",\"position\":3,\"name\":\"Engineering\",\"item\":\"https:\\\/\\\/ljcreate.com\\\/uk\\\/product-category\\\/engineering\\\/\"},{\"@type\":\"ListItem\",\"position\":4,\"name\":\"Mult\u00edmetro digital de rango autom\u00e1tico\"}]},{\"@type\":\"WebSite\",\"@id\":\"https:\\\/\\\/ljcreate.com\\\/es\\\/#website\",\"url\":\"https:\\\/\\\/ljcreate.com\\\/es\\\/\",\"name\":\"LJ Create\",\"description\":\"Innovate, Inspire, and Engage\",\"publisher\":{\"@id\":\"https:\\\/\\\/ljcreate.com\\\/es\\\/#organization\"},\"alternateName\":\"Creative Learning (Norwich) Limited\",\"potentialAction\":[{\"@type\":\"SearchAction\",\"target\":{\"@type\":\"EntryPoint\",\"urlTemplate\":\"https:\\\/\\\/ljcreate.com\\\/es\\\/?s={search_term_string}\"},\"query-input\":{\"@type\":\"PropertyValueSpecification\",\"valueRequired\":true,\"valueName\":\"search_term_string\"}}],\"inLanguage\":\"es\"},{\"@type\":\"Organization\",\"@id\":\"https:\\\/\\\/ljcreate.com\\\/es\\\/#organization\",\"name\":\"LJ Create\",\"url\":\"https:\\\/\\\/ljcreate.com\\\/es\\\/\",\"logo\":{\"@type\":\"ImageObject\",\"inLanguage\":\"es\",\"@id\":\"https:\\\/\\\/ljcreate.com\\\/es\\\/#\\\/schema\\\/logo\\\/image\\\/\",\"url\":\"https:\\\/\\\/ljcreate.com\\\/wp-content\\\/uploads\\\/2021\\\/07\\\/logo.svg\",\"contentUrl\":\"https:\\\/\\\/ljcreate.com\\\/wp-content\\\/uploads\\\/2021\\\/07\\\/logo.svg\",\"width\":\"1024\",\"height\":\"1024\",\"caption\":\"LJ Create\"},\"image\":{\"@id\":\"https:\\\/\\\/ljcreate.com\\\/es\\\/#\\\/schema\\\/logo\\\/image\\\/\"}}]}<\/script>\n<!-- \/ Yoast SEO plugin. -->","yoast_head_json":{"title":"Mult\u00edmetro digital de rango autom\u00e1tico | LJ Create","robots":{"index":"index","follow":"follow","max-snippet":"max-snippet:-1","max-image-preview":"max-image-preview:large","max-video-preview":"max-video-preview:-1"},"canonical":"https:\/\/ljcreate.com\/es\/engineering\/multimetro-digital-de-rango-automatico\/","og_locale":"es_ES","og_type":"article","og_title":"Mult\u00edmetro digital de rango autom\u00e1tico | LJ Create","og_description":"Seleccionada para acompa\u00f1ar la gama LJ Create de sistemas de formaci\u00f3n en electr\u00f3nica, esta unidad se utiliza para la investigaci\u00f3n pr\u00e1ctica de teor\u00eda de circuitos, pruebas y soluci\u00f3n de problemas. Este Mult\u00edmetro digital de rango autom\u00e1tico (300-12) port\u00e1til, peque\u00f1o y bien dise\u00f1ado, cumple con todos los requisitos de medici\u00f3n de voltaje, corriente y resistencia de&hellip;","og_url":"https:\/\/ljcreate.com\/es\/engineering\/multimetro-digital-de-rango-automatico\/","og_site_name":"LJ Create","article_modified_time":"2023-07-03T15:51:27+00:00","og_image":[{"width":1080,"height":529,"url":"https:\/\/ljcreate.com\/wp-content\/uploads\/2022\/01\/300-12.jpg","type":"image\/jpeg"}],"twitter_card":"summary_large_image","twitter_misc":{"Tiempo de lectura":"1 minuto"},"schema":{"@context":"https:\/\/schema.org","@graph":[{"@type":"WebPage","@id":"https:\/\/ljcreate.com\/es\/engineering\/multimetro-digital-de-rango-automatico\/","url":"https:\/\/ljcreate.com\/es\/engineering\/multimetro-digital-de-rango-automatico\/","name":"Mult\u00edmetro digital de rango autom\u00e1tico | LJ Create","isPartOf":{"@id":"https:\/\/ljcreate.com\/es\/#website"},"primaryImageOfPage":{"@id":"https:\/\/ljcreate.com\/es\/engineering\/multimetro-digital-de-rango-automatico\/#primaryimage"},"image":{"@id":"https:\/\/ljcreate.com\/es\/engineering\/multimetro-digital-de-rango-automatico\/#primaryimage"},"thumbnailUrl":"https:\/\/ljcreate.com\/wp-content\/uploads\/2022\/01\/300-12.jpg","datePublished":"2022-01-13T15:26:30+00:00","dateModified":"2023-07-03T15:51:27+00:00","breadcrumb":{"@id":"https:\/\/ljcreate.com\/es\/engineering\/multimetro-digital-de-rango-automatico\/#breadcrumb"},"inLanguage":"es","potentialAction":[{"@type":"ReadAction","target":["https:\/\/ljcreate.com\/es\/engineering\/multimetro-digital-de-rango-automatico\/"]}]},{"@type":"ImageObject","inLanguage":"es","@id":"https:\/\/ljcreate.com\/es\/engineering\/multimetro-digital-de-rango-automatico\/#primaryimage","url":"https:\/\/ljcreate.com\/wp-content\/uploads\/2022\/01\/300-12.jpg","contentUrl":"https:\/\/ljcreate.com\/wp-content\/uploads\/2022\/01\/300-12.jpg","width":1080,"height":529,"caption":"Autoranging Digital Multimeter"},{"@type":"BreadcrumbList","@id":"https:\/\/ljcreate.com\/es\/engineering\/multimetro-digital-de-rango-automatico\/#breadcrumb","itemListElement":[{"@type":"ListItem","position":1,"name":"Home","item":"https:\/\/ljcreate.com\/es\/"},{"@type":"ListItem","position":2,"name":"Productos","item":"https:\/\/ljcreate.com\/es\/shop\/"},{"@type":"ListItem","position":3,"name":"Engineering","item":"https:\/\/ljcreate.com\/uk\/product-category\/engineering\/"},{"@type":"ListItem","position":4,"name":"Mult\u00edmetro digital de rango autom\u00e1tico"}]},{"@type":"WebSite","@id":"https:\/\/ljcreate.com\/es\/#website","url":"https:\/\/ljcreate.com\/es\/","name":"LJ Create","description":"Innovate, Inspire, and Engage","publisher":{"@id":"https:\/\/ljcreate.com\/es\/#organization"},"alternateName":"Creative Learning (Norwich) Limited","potentialAction":[{"@type":"SearchAction","target":{"@type":"EntryPoint","urlTemplate":"https:\/\/ljcreate.com\/es\/?s={search_term_string}"},"query-input":{"@type":"PropertyValueSpecification","valueRequired":true,"valueName":"search_term_string"}}],"inLanguage":"es"},{"@type":"Organization","@id":"https:\/\/ljcreate.com\/es\/#organization","name":"LJ Create","url":"https:\/\/ljcreate.com\/es\/","logo":{"@type":"ImageObject","inLanguage":"es","@id":"https:\/\/ljcreate.com\/es\/#\/schema\/logo\/image\/","url":"https:\/\/ljcreate.com\/wp-content\/uploads\/2021\/07\/logo.svg","contentUrl":"https:\/\/ljcreate.com\/wp-content\/uploads\/2021\/07\/logo.svg","width":"1024","height":"1024","caption":"LJ Create"},"image":{"@id":"https:\/\/ljcreate.com\/es\/#\/schema\/logo\/image\/"}}]}},"_links":{"self":[{"href":"https:\/\/ljcreate.com\/es\/wp-json\/wp\/v2\/product\/29429","targetHints":{"allow":["GET"]}}],"collection":[{"href":"https:\/\/ljcreate.com\/es\/wp-json\/wp\/v2\/product"}],"about":[{"href":"https:\/\/ljcreate.com\/es\/wp-json\/wp\/v2\/types\/product"}],"wp:featuredmedia":[{"embeddable":true,"href":"https:\/\/ljcreate.com\/es\/wp-json\/wp\/v2\/media\/29416"}],"wp:attachment":[{"href":"https:\/\/ljcreate.com\/es\/wp-json\/wp\/v2\/media?parent=29429"}],"wp:term":[{"taxonomy":"product_brand","embeddable":true,"href":"https:\/\/ljcreate.com\/es\/wp-json\/wp\/v2\/product_brand?post=29429"},{"taxonomy":"product_cat","embeddable":true,"href":"https:\/\/ljcreate.com\/es\/wp-json\/wp\/v2\/product_cat?post=29429"},{"taxonomy":"product_tag","embeddable":true,"href":"https:\/\/ljcreate.com\/es\/wp-json\/wp\/v2\/product_tag?post=29429"}],"curies":[{"name":"wp","href":"https:\/\/api.w.org\/{rel}","templated":true}]}}