{"id":29410,"date":"2022-01-13T14:41:05","date_gmt":"2022-01-13T14:41:05","guid":{"rendered":"https:\/\/ljcreate.com\/?post_type=product&#038;p=29410"},"modified":"2023-07-03T16:49:23","modified_gmt":"2023-07-03T15:49:23","slug":"multimetro-digital","status":"publish","type":"product","link":"https:\/\/ljcreate.com\/es\/engineering-es\/multimetro-digital\/","title":{"rendered":"Mult\u00edmetro digital"},"content":{"rendered":"<p>Un mult\u00edmetro digital (300-11) port\u00e1til, compacto y bien dise\u00f1ado que cumplir\u00e1 con todos los requisitos de medici\u00f3n de voltaje, corriente y resistencia de los sistemas microelectr\u00f3nicos y de microprocesador LJ.<\/p>\n<h5><strong>Caracter\u00edsticas:<\/strong><\/h5>\n<ul>\n<li>Precisi\u00f3n de 0,5%<\/li>\n<li>Pantalla de cristal l\u00edquido de 3,5 d\u00edgitos de alto contraste con punto decimal autom\u00e1tico<\/li>\n<li>Sonda de temperatura de termopar tipo K<\/li>\n<li>Indicaci\u00f3n de polaridad<\/li>\n<\/ul>\n","protected":false},"excerpt":{"rendered":"<p>Un mult\u00edmetro digital (300-11) port\u00e1til, compacto y bien dise\u00f1ado que cumplir\u00e1 con todos los requisitos de medici\u00f3n de voltaje, corriente y resistencia de los sistemas microelectr\u00f3nicos y de microprocesador LJ. Caracter\u00edsticas: Precisi\u00f3n de 0,5% Pantalla de cristal l\u00edquido de 3,5 d\u00edgitos de alto contraste con punto decimal autom\u00e1tico Sonda de temperatura de termopar tipo K&hellip;<\/p>\n","protected":false},"featured_media":29398,"template":"","meta":{"_acf_changed":false,"inline_featured_image":false},"product_brand":[],"product_cat":[154,138],"product_tag":[],"class_list":{"0":"post-29410","1":"product","2":"type-product","3":"status-publish","4":"has-post-thumbnail","6":"product_cat-electronics-instrumentation-es","7":"product_cat-engineering-es","9":"first","10":"instock","11":"shipping-taxable","12":"product-type-simple"},"acf":[],"yoast_head":"<!-- This site is optimized with the Yoast SEO plugin v27.1.1 - https:\/\/yoast.com\/product\/yoast-seo-wordpress\/ -->\n<title>Mult\u00edmetro digital | LJ Create<\/title>\n<meta name=\"robots\" content=\"index, follow, max-snippet:-1, max-image-preview:large, max-video-preview:-1\" \/>\n<link rel=\"canonical\" href=\"https:\/\/ljcreate.com\/es\/engineering-es\/multimetro-digital\/\" \/>\n<meta property=\"og:locale\" content=\"es_ES\" \/>\n<meta property=\"og:type\" content=\"article\" \/>\n<meta property=\"og:title\" content=\"Mult\u00edmetro digital | LJ Create\" \/>\n<meta property=\"og:description\" content=\"Un mult\u00edmetro digital (300-11) port\u00e1til, compacto y bien dise\u00f1ado que cumplir\u00e1 con todos los requisitos de medici\u00f3n de voltaje, corriente y resistencia de los sistemas microelectr\u00f3nicos y de microprocesador LJ. Caracter\u00edsticas: Precisi\u00f3n de 0,5% Pantalla de cristal l\u00edquido de 3,5 d\u00edgitos de alto contraste con punto decimal autom\u00e1tico Sonda de temperatura de termopar tipo K&hellip;\" \/>\n<meta property=\"og:url\" content=\"https:\/\/ljcreate.com\/es\/engineering-es\/multimetro-digital\/\" \/>\n<meta property=\"og:site_name\" content=\"LJ Create\" \/>\n<meta property=\"article:modified_time\" content=\"2023-07-03T15:49:23+00:00\" \/>\n<meta property=\"og:image\" content=\"https:\/\/ljcreate.com\/wp-content\/uploads\/2022\/01\/300-11.jpg\" \/>\n\t<meta property=\"og:image:width\" content=\"1080\" \/>\n\t<meta property=\"og:image:height\" content=\"529\" \/>\n\t<meta property=\"og:image:type\" content=\"image\/jpeg\" \/>\n<meta name=\"twitter:card\" content=\"summary_large_image\" \/>\n<meta name=\"twitter:label1\" content=\"Tiempo de lectura\" \/>\n\t<meta name=\"twitter:data1\" content=\"1 minuto\" \/>\n<script type=\"application\/ld+json\" class=\"yoast-schema-graph\">{\"@context\":\"https:\/\/schema.org\",\"@graph\":[{\"@type\":\"WebPage\",\"@id\":\"https:\/\/ljcreate.com\/es\/engineering-es\/multimetro-digital\/\",\"url\":\"https:\/\/ljcreate.com\/es\/engineering-es\/multimetro-digital\/\",\"name\":\"Mult\u00edmetro digital | LJ Create\",\"isPartOf\":{\"@id\":\"https:\/\/ljcreate.com\/es\/#website\"},\"primaryImageOfPage\":{\"@id\":\"https:\/\/ljcreate.com\/es\/engineering-es\/multimetro-digital\/#primaryimage\"},\"image\":{\"@id\":\"https:\/\/ljcreate.com\/es\/engineering-es\/multimetro-digital\/#primaryimage\"},\"thumbnailUrl\":\"https:\/\/ljcreate.com\/wp-content\/uploads\/2022\/01\/300-11.jpg\",\"datePublished\":\"2022-01-13T14:41:05+00:00\",\"dateModified\":\"2023-07-03T15:49:23+00:00\",\"breadcrumb\":{\"@id\":\"https:\/\/ljcreate.com\/es\/engineering-es\/multimetro-digital\/#breadcrumb\"},\"inLanguage\":\"es\",\"potentialAction\":[{\"@type\":\"ReadAction\",\"target\":[\"https:\/\/ljcreate.com\/es\/engineering-es\/multimetro-digital\/\"]}]},{\"@type\":\"ImageObject\",\"inLanguage\":\"es\",\"@id\":\"https:\/\/ljcreate.com\/es\/engineering-es\/multimetro-digital\/#primaryimage\",\"url\":\"https:\/\/ljcreate.com\/wp-content\/uploads\/2022\/01\/300-11.jpg\",\"contentUrl\":\"https:\/\/ljcreate.com\/wp-content\/uploads\/2022\/01\/300-11.jpg\",\"width\":1080,\"height\":529,\"caption\":\"Mult\u00edmetro digital\"},{\"@type\":\"BreadcrumbList\",\"@id\":\"https:\/\/ljcreate.com\/es\/engineering-es\/multimetro-digital\/#breadcrumb\",\"itemListElement\":[{\"@type\":\"ListItem\",\"position\":1,\"name\":\"Home\",\"item\":\"https:\/\/ljcreate.com\/es\/\"},{\"@type\":\"ListItem\",\"position\":2,\"name\":\"Productos\",\"item\":\"https:\/\/ljcreate.com\/es\/shop\/\"},{\"@type\":\"ListItem\",\"position\":3,\"name\":\"Ingenier\u00eda\",\"item\":\"https:\/\/ljcreate.com\/es\/product-category\/engineering-es\/\"},{\"@type\":\"ListItem\",\"position\":4,\"name\":\"Mult\u00edmetro digital\"}]},{\"@type\":\"WebSite\",\"@id\":\"https:\/\/ljcreate.com\/es\/#website\",\"url\":\"https:\/\/ljcreate.com\/es\/\",\"name\":\"LJ Create\",\"description\":\"Innovate, Inspire, and Engage\",\"publisher\":{\"@id\":\"https:\/\/ljcreate.com\/es\/#organization\"},\"alternateName\":\"Creative Learning (Norwich) Limited\",\"potentialAction\":[{\"@type\":\"SearchAction\",\"target\":{\"@type\":\"EntryPoint\",\"urlTemplate\":\"https:\/\/ljcreate.com\/es\/?s={search_term_string}\"},\"query-input\":{\"@type\":\"PropertyValueSpecification\",\"valueRequired\":true,\"valueName\":\"search_term_string\"}}],\"inLanguage\":\"es\"},{\"@type\":\"Organization\",\"@id\":\"https:\/\/ljcreate.com\/es\/#organization\",\"name\":\"LJ Create\",\"url\":\"https:\/\/ljcreate.com\/es\/\",\"logo\":{\"@type\":\"ImageObject\",\"inLanguage\":\"es\",\"@id\":\"https:\/\/ljcreate.com\/es\/#\/schema\/logo\/image\/\",\"url\":\"https:\/\/ljcreate.com\/wp-content\/uploads\/2021\/07\/logo.svg\",\"contentUrl\":\"https:\/\/ljcreate.com\/wp-content\/uploads\/2021\/07\/logo.svg\",\"width\":\"1024\",\"height\":\"1024\",\"caption\":\"LJ Create\"},\"image\":{\"@id\":\"https:\/\/ljcreate.com\/es\/#\/schema\/logo\/image\/\"}}]}<\/script>\n<!-- \/ Yoast SEO plugin. -->","yoast_head_json":{"title":"Mult\u00edmetro digital | LJ Create","robots":{"index":"index","follow":"follow","max-snippet":"max-snippet:-1","max-image-preview":"max-image-preview:large","max-video-preview":"max-video-preview:-1"},"canonical":"https:\/\/ljcreate.com\/es\/engineering-es\/multimetro-digital\/","og_locale":"es_ES","og_type":"article","og_title":"Mult\u00edmetro digital | LJ Create","og_description":"Un mult\u00edmetro digital (300-11) port\u00e1til, compacto y bien dise\u00f1ado que cumplir\u00e1 con todos los requisitos de medici\u00f3n de voltaje, corriente y resistencia de los sistemas microelectr\u00f3nicos y de microprocesador LJ. Caracter\u00edsticas: Precisi\u00f3n de 0,5% Pantalla de cristal l\u00edquido de 3,5 d\u00edgitos de alto contraste con punto decimal autom\u00e1tico Sonda de temperatura de termopar tipo K&hellip;","og_url":"https:\/\/ljcreate.com\/es\/engineering-es\/multimetro-digital\/","og_site_name":"LJ Create","article_modified_time":"2023-07-03T15:49:23+00:00","og_image":[{"width":1080,"height":529,"url":"https:\/\/ljcreate.com\/wp-content\/uploads\/2022\/01\/300-11.jpg","type":"image\/jpeg"}],"twitter_card":"summary_large_image","twitter_misc":{"Tiempo de lectura":"1 minuto"},"schema":{"@context":"https:\/\/schema.org","@graph":[{"@type":"WebPage","@id":"https:\/\/ljcreate.com\/es\/engineering-es\/multimetro-digital\/","url":"https:\/\/ljcreate.com\/es\/engineering-es\/multimetro-digital\/","name":"Mult\u00edmetro digital | LJ Create","isPartOf":{"@id":"https:\/\/ljcreate.com\/es\/#website"},"primaryImageOfPage":{"@id":"https:\/\/ljcreate.com\/es\/engineering-es\/multimetro-digital\/#primaryimage"},"image":{"@id":"https:\/\/ljcreate.com\/es\/engineering-es\/multimetro-digital\/#primaryimage"},"thumbnailUrl":"https:\/\/ljcreate.com\/wp-content\/uploads\/2022\/01\/300-11.jpg","datePublished":"2022-01-13T14:41:05+00:00","dateModified":"2023-07-03T15:49:23+00:00","breadcrumb":{"@id":"https:\/\/ljcreate.com\/es\/engineering-es\/multimetro-digital\/#breadcrumb"},"inLanguage":"es","potentialAction":[{"@type":"ReadAction","target":["https:\/\/ljcreate.com\/es\/engineering-es\/multimetro-digital\/"]}]},{"@type":"ImageObject","inLanguage":"es","@id":"https:\/\/ljcreate.com\/es\/engineering-es\/multimetro-digital\/#primaryimage","url":"https:\/\/ljcreate.com\/wp-content\/uploads\/2022\/01\/300-11.jpg","contentUrl":"https:\/\/ljcreate.com\/wp-content\/uploads\/2022\/01\/300-11.jpg","width":1080,"height":529,"caption":"Mult\u00edmetro digital"},{"@type":"BreadcrumbList","@id":"https:\/\/ljcreate.com\/es\/engineering-es\/multimetro-digital\/#breadcrumb","itemListElement":[{"@type":"ListItem","position":1,"name":"Home","item":"https:\/\/ljcreate.com\/es\/"},{"@type":"ListItem","position":2,"name":"Productos","item":"https:\/\/ljcreate.com\/es\/shop\/"},{"@type":"ListItem","position":3,"name":"Ingenier\u00eda","item":"https:\/\/ljcreate.com\/es\/product-category\/engineering-es\/"},{"@type":"ListItem","position":4,"name":"Mult\u00edmetro digital"}]},{"@type":"WebSite","@id":"https:\/\/ljcreate.com\/es\/#website","url":"https:\/\/ljcreate.com\/es\/","name":"LJ Create","description":"Innovate, Inspire, and Engage","publisher":{"@id":"https:\/\/ljcreate.com\/es\/#organization"},"alternateName":"Creative Learning (Norwich) Limited","potentialAction":[{"@type":"SearchAction","target":{"@type":"EntryPoint","urlTemplate":"https:\/\/ljcreate.com\/es\/?s={search_term_string}"},"query-input":{"@type":"PropertyValueSpecification","valueRequired":true,"valueName":"search_term_string"}}],"inLanguage":"es"},{"@type":"Organization","@id":"https:\/\/ljcreate.com\/es\/#organization","name":"LJ Create","url":"https:\/\/ljcreate.com\/es\/","logo":{"@type":"ImageObject","inLanguage":"es","@id":"https:\/\/ljcreate.com\/es\/#\/schema\/logo\/image\/","url":"https:\/\/ljcreate.com\/wp-content\/uploads\/2021\/07\/logo.svg","contentUrl":"https:\/\/ljcreate.com\/wp-content\/uploads\/2021\/07\/logo.svg","width":"1024","height":"1024","caption":"LJ Create"},"image":{"@id":"https:\/\/ljcreate.com\/es\/#\/schema\/logo\/image\/"}}]}},"_links":{"self":[{"href":"https:\/\/ljcreate.com\/es\/wp-json\/wp\/v2\/product\/29410","targetHints":{"allow":["GET"]}}],"collection":[{"href":"https:\/\/ljcreate.com\/es\/wp-json\/wp\/v2\/product"}],"about":[{"href":"https:\/\/ljcreate.com\/es\/wp-json\/wp\/v2\/types\/product"}],"wp:featuredmedia":[{"embeddable":true,"href":"https:\/\/ljcreate.com\/es\/wp-json\/wp\/v2\/media\/29398"}],"wp:attachment":[{"href":"https:\/\/ljcreate.com\/es\/wp-json\/wp\/v2\/media?parent=29410"}],"wp:term":[{"taxonomy":"product_brand","embeddable":true,"href":"https:\/\/ljcreate.com\/es\/wp-json\/wp\/v2\/product_brand?post=29410"},{"taxonomy":"product_cat","embeddable":true,"href":"https:\/\/ljcreate.com\/es\/wp-json\/wp\/v2\/product_cat?post=29410"},{"taxonomy":"product_tag","embeddable":true,"href":"https:\/\/ljcreate.com\/es\/wp-json\/wp\/v2\/product_tag?post=29410"}],"curies":[{"name":"wp","href":"https:\/\/api.w.org\/{rel}","templated":true}]}}