{"id":29312,"date":"2022-01-12T11:02:13","date_gmt":"2022-01-12T11:02:13","guid":{"rendered":"https:\/\/ljcreate.com\/product\/sin%20categor\u00eda\/osciloscopio-usb-3-en-1\/"},"modified":"2023-07-03T16:55:17","modified_gmt":"2023-07-03T15:55:17","slug":"osciloscopio-usb-3-en-1","status":"publish","type":"product","link":"https:\/\/ljcreate.com\/es\/osciloscopio-usb-3-en-1\/","title":{"rendered":"Osciloscopio USB 3 en 1"},"content":{"rendered":"<p>El Osciloscopio USB 3 en 1 (300-21) es un laboratorio de electr\u00f3nica completo en una unidad compacta, de bajo costo y alimentada por USB.<\/p>\n<h5>Osciloscopio de gama alta:<\/h5>\n<ul>\n<li>Buffer circular de 10,000 formas de onda<\/li>\n<li>Tasa de actualizaci\u00f3n de hasta 80 000 formas de onda por segundo<\/li>\n<li>Prueba de l\u00edmite de m\u00e1scara<\/li>\n<li>Filtrado y matem\u00e1ticas avanzadas<\/li>\n<li>Mediciones con estad\u00edsticas<\/li>\n<li>Activaci\u00f3n digital avanzada<\/li>\n<li>Mejora de la resoluci\u00f3n a 12 bits<\/li>\n<\/ul>\n<h5>Analizador de espectro:<\/h5>\n<p>La vista de espectro traza la amplitud contra la frecuencia, revelando detalles que de otro modo estar\u00edan ocultos en una vista de osciloscopio. Es ideal para encontrar ruido, diafon\u00eda o distorsi\u00f3n en las se\u00f1ales.<\/p>\n<p>Puede mostrar varias vistas de espectro junto con vistas de osciloscopio de los mismos datos. Se puede agregar a la pantalla un conjunto integral de mediciones autom\u00e1ticas en el dominio de la frecuencia, que incluyen THD, THD+N, SNR, SINAD e IMD. Se puede aplicar una prueba de l\u00edmite de m\u00e1scara a un espectro e incluso puede usar el AWG y el modo de espectro juntos para realizar un an\u00e1lisis de red escalar de barrido.<\/p>\n<h5>Generador de funciones:<\/h5>\n<p>El generador de funciones puede producir formas de onda sinusoidales, cuadradas, triangulares y de nivel de CC, y muchas m\u00e1s, mientras que AWG le permite importar formas de onda personalizadas desde archivos de datos o crearlas y modificarlas utilizando el editor gr\u00e1fico AWG integrado.<\/p>\n<p>Adem\u00e1s de los controles de nivel, compensaci\u00f3n y frecuencia, las opciones avanzadas le permiten barrer un rango de frecuencias. Combinado con el modo de espectro avanzado, con opciones que incluyen retenci\u00f3n de picos, promediado y ejes lineales\/logar\u00edtmicos, esto crea una poderosa herramienta para probar las respuestas del amplificador y el filtro.<\/p>\n","protected":false},"excerpt":{"rendered":"<p>El Osciloscopio USB 3 en 1 (300-21) es un laboratorio de electr\u00f3nica completo en una unidad compacta, de bajo costo y alimentada por USB. Osciloscopio de gama alta: Buffer circular de 10,000 formas de onda Tasa de actualizaci\u00f3n de hasta 80 000 formas de onda por segundo Prueba de l\u00edmite de m\u00e1scara Filtrado y matem\u00e1ticas&hellip;<\/p>\n","protected":false},"featured_media":29262,"template":"","meta":{"_acf_changed":false,"inline_featured_image":false},"product_brand":[],"product_cat":[154,138],"product_tag":[],"class_list":{"0":"post-29312","1":"product","2":"type-product","3":"status-publish","4":"has-post-thumbnail","6":"product_cat-electronics-instrumentation-es","7":"product_cat-engineering-es","9":"first","10":"instock","11":"shipping-taxable","12":"product-type-simple"},"acf":[],"yoast_head":"<!-- This site is optimized with the Yoast SEO plugin v27.3 - https:\/\/yoast.com\/product\/yoast-seo-wordpress\/ -->\n<title>Osciloscopio USB 3 en 1 | LJ Create<\/title>\n<meta name=\"robots\" content=\"index, follow, max-snippet:-1, max-image-preview:large, max-video-preview:-1\" \/>\n<link rel=\"canonical\" href=\"https:\/\/ljcreate.com\/es\/osciloscopio-usb-3-en-1\/\" \/>\n<meta property=\"og:locale\" content=\"es_ES\" \/>\n<meta property=\"og:type\" content=\"article\" \/>\n<meta property=\"og:title\" content=\"Osciloscopio USB 3 en 1 | LJ Create\" \/>\n<meta property=\"og:description\" content=\"El Osciloscopio USB 3 en 1 (300-21) es un laboratorio de electr\u00f3nica completo en una unidad compacta, de bajo costo y alimentada por USB. Osciloscopio de gama alta: Buffer circular de 10,000 formas de onda Tasa de actualizaci\u00f3n de hasta 80 000 formas de onda por segundo Prueba de l\u00edmite de m\u00e1scara Filtrado y matem\u00e1ticas&hellip;\" \/>\n<meta property=\"og:url\" content=\"https:\/\/ljcreate.com\/es\/osciloscopio-usb-3-en-1\/\" \/>\n<meta property=\"og:site_name\" content=\"LJ Create\" \/>\n<meta property=\"article:modified_time\" content=\"2023-07-03T15:55:17+00:00\" \/>\n<meta property=\"og:image\" content=\"https:\/\/ljcreate.com\/wp-content\/uploads\/2022\/01\/300-21.jpg\" \/>\n\t<meta property=\"og:image:width\" content=\"1080\" \/>\n\t<meta property=\"og:image:height\" content=\"529\" \/>\n\t<meta property=\"og:image:type\" content=\"image\/jpeg\" \/>\n<meta name=\"twitter:card\" content=\"summary_large_image\" \/>\n<meta name=\"twitter:label1\" content=\"Tiempo de lectura\" \/>\n\t<meta name=\"twitter:data1\" content=\"2 minutos\" \/>\n<script type=\"application\/ld+json\" class=\"yoast-schema-graph\">{\"@context\":\"https:\\\/\\\/schema.org\",\"@graph\":[{\"@type\":\"WebPage\",\"@id\":\"https:\\\/\\\/ljcreate.com\\\/es\\\/osciloscopio-usb-3-en-1\\\/\",\"url\":\"https:\\\/\\\/ljcreate.com\\\/es\\\/osciloscopio-usb-3-en-1\\\/\",\"name\":\"Osciloscopio USB 3 en 1 | LJ Create\",\"isPartOf\":{\"@id\":\"https:\\\/\\\/ljcreate.com\\\/es\\\/#website\"},\"primaryImageOfPage\":{\"@id\":\"https:\\\/\\\/ljcreate.com\\\/es\\\/osciloscopio-usb-3-en-1\\\/#primaryimage\"},\"image\":{\"@id\":\"https:\\\/\\\/ljcreate.com\\\/es\\\/osciloscopio-usb-3-en-1\\\/#primaryimage\"},\"thumbnailUrl\":\"https:\\\/\\\/ljcreate.com\\\/wp-content\\\/uploads\\\/2022\\\/01\\\/300-21.jpg\",\"datePublished\":\"2022-01-12T11:02:13+00:00\",\"dateModified\":\"2023-07-03T15:55:17+00:00\",\"breadcrumb\":{\"@id\":\"https:\\\/\\\/ljcreate.com\\\/es\\\/osciloscopio-usb-3-en-1\\\/#breadcrumb\"},\"inLanguage\":\"es\",\"potentialAction\":[{\"@type\":\"ReadAction\",\"target\":[\"https:\\\/\\\/ljcreate.com\\\/es\\\/osciloscopio-usb-3-en-1\\\/\"]}]},{\"@type\":\"ImageObject\",\"inLanguage\":\"es\",\"@id\":\"https:\\\/\\\/ljcreate.com\\\/es\\\/osciloscopio-usb-3-en-1\\\/#primaryimage\",\"url\":\"https:\\\/\\\/ljcreate.com\\\/wp-content\\\/uploads\\\/2022\\\/01\\\/300-21.jpg\",\"contentUrl\":\"https:\\\/\\\/ljcreate.com\\\/wp-content\\\/uploads\\\/2022\\\/01\\\/300-21.jpg\",\"width\":1080,\"height\":529,\"caption\":\"Osciloscopio USB 3 en 1\"},{\"@type\":\"BreadcrumbList\",\"@id\":\"https:\\\/\\\/ljcreate.com\\\/es\\\/osciloscopio-usb-3-en-1\\\/#breadcrumb\",\"itemListElement\":[{\"@type\":\"ListItem\",\"position\":1,\"name\":\"Home\",\"item\":\"https:\\\/\\\/ljcreate.com\\\/es\\\/\"},{\"@type\":\"ListItem\",\"position\":2,\"name\":\"Productos\",\"item\":\"https:\\\/\\\/ljcreate.com\\\/es\\\/shop\\\/\"},{\"@type\":\"ListItem\",\"position\":3,\"name\":\"Ingenier\u00eda\",\"item\":\"https:\\\/\\\/ljcreate.com\\\/es\\\/product-category\\\/engineering-es\\\/\"},{\"@type\":\"ListItem\",\"position\":4,\"name\":\"Osciloscopio USB 3 en 1\"}]},{\"@type\":\"WebSite\",\"@id\":\"https:\\\/\\\/ljcreate.com\\\/es\\\/#website\",\"url\":\"https:\\\/\\\/ljcreate.com\\\/es\\\/\",\"name\":\"LJ Create\",\"description\":\"Innovate, Inspire, and Engage\",\"publisher\":{\"@id\":\"https:\\\/\\\/ljcreate.com\\\/es\\\/#organization\"},\"alternateName\":\"Creative Learning (Norwich) Limited\",\"potentialAction\":[{\"@type\":\"SearchAction\",\"target\":{\"@type\":\"EntryPoint\",\"urlTemplate\":\"https:\\\/\\\/ljcreate.com\\\/es\\\/?s={search_term_string}\"},\"query-input\":{\"@type\":\"PropertyValueSpecification\",\"valueRequired\":true,\"valueName\":\"search_term_string\"}}],\"inLanguage\":\"es\"},{\"@type\":\"Organization\",\"@id\":\"https:\\\/\\\/ljcreate.com\\\/es\\\/#organization\",\"name\":\"LJ Create\",\"url\":\"https:\\\/\\\/ljcreate.com\\\/es\\\/\",\"logo\":{\"@type\":\"ImageObject\",\"inLanguage\":\"es\",\"@id\":\"https:\\\/\\\/ljcreate.com\\\/es\\\/#\\\/schema\\\/logo\\\/image\\\/\",\"url\":\"https:\\\/\\\/ljcreate.com\\\/wp-content\\\/uploads\\\/2021\\\/07\\\/logo.svg\",\"contentUrl\":\"https:\\\/\\\/ljcreate.com\\\/wp-content\\\/uploads\\\/2021\\\/07\\\/logo.svg\",\"width\":\"1024\",\"height\":\"1024\",\"caption\":\"LJ Create\"},\"image\":{\"@id\":\"https:\\\/\\\/ljcreate.com\\\/es\\\/#\\\/schema\\\/logo\\\/image\\\/\"}}]}<\/script>\n<!-- \/ Yoast SEO plugin. -->","yoast_head_json":{"title":"Osciloscopio USB 3 en 1 | LJ Create","robots":{"index":"index","follow":"follow","max-snippet":"max-snippet:-1","max-image-preview":"max-image-preview:large","max-video-preview":"max-video-preview:-1"},"canonical":"https:\/\/ljcreate.com\/es\/osciloscopio-usb-3-en-1\/","og_locale":"es_ES","og_type":"article","og_title":"Osciloscopio USB 3 en 1 | LJ Create","og_description":"El Osciloscopio USB 3 en 1 (300-21) es un laboratorio de electr\u00f3nica completo en una unidad compacta, de bajo costo y alimentada por USB. Osciloscopio de gama alta: Buffer circular de 10,000 formas de onda Tasa de actualizaci\u00f3n de hasta 80 000 formas de onda por segundo Prueba de l\u00edmite de m\u00e1scara Filtrado y matem\u00e1ticas&hellip;","og_url":"https:\/\/ljcreate.com\/es\/osciloscopio-usb-3-en-1\/","og_site_name":"LJ Create","article_modified_time":"2023-07-03T15:55:17+00:00","og_image":[{"width":1080,"height":529,"url":"https:\/\/ljcreate.com\/wp-content\/uploads\/2022\/01\/300-21.jpg","type":"image\/jpeg"}],"twitter_card":"summary_large_image","twitter_misc":{"Tiempo de lectura":"2 minutos"},"schema":{"@context":"https:\/\/schema.org","@graph":[{"@type":"WebPage","@id":"https:\/\/ljcreate.com\/es\/osciloscopio-usb-3-en-1\/","url":"https:\/\/ljcreate.com\/es\/osciloscopio-usb-3-en-1\/","name":"Osciloscopio USB 3 en 1 | LJ Create","isPartOf":{"@id":"https:\/\/ljcreate.com\/es\/#website"},"primaryImageOfPage":{"@id":"https:\/\/ljcreate.com\/es\/osciloscopio-usb-3-en-1\/#primaryimage"},"image":{"@id":"https:\/\/ljcreate.com\/es\/osciloscopio-usb-3-en-1\/#primaryimage"},"thumbnailUrl":"https:\/\/ljcreate.com\/wp-content\/uploads\/2022\/01\/300-21.jpg","datePublished":"2022-01-12T11:02:13+00:00","dateModified":"2023-07-03T15:55:17+00:00","breadcrumb":{"@id":"https:\/\/ljcreate.com\/es\/osciloscopio-usb-3-en-1\/#breadcrumb"},"inLanguage":"es","potentialAction":[{"@type":"ReadAction","target":["https:\/\/ljcreate.com\/es\/osciloscopio-usb-3-en-1\/"]}]},{"@type":"ImageObject","inLanguage":"es","@id":"https:\/\/ljcreate.com\/es\/osciloscopio-usb-3-en-1\/#primaryimage","url":"https:\/\/ljcreate.com\/wp-content\/uploads\/2022\/01\/300-21.jpg","contentUrl":"https:\/\/ljcreate.com\/wp-content\/uploads\/2022\/01\/300-21.jpg","width":1080,"height":529,"caption":"Osciloscopio USB 3 en 1"},{"@type":"BreadcrumbList","@id":"https:\/\/ljcreate.com\/es\/osciloscopio-usb-3-en-1\/#breadcrumb","itemListElement":[{"@type":"ListItem","position":1,"name":"Home","item":"https:\/\/ljcreate.com\/es\/"},{"@type":"ListItem","position":2,"name":"Productos","item":"https:\/\/ljcreate.com\/es\/shop\/"},{"@type":"ListItem","position":3,"name":"Ingenier\u00eda","item":"https:\/\/ljcreate.com\/es\/product-category\/engineering-es\/"},{"@type":"ListItem","position":4,"name":"Osciloscopio USB 3 en 1"}]},{"@type":"WebSite","@id":"https:\/\/ljcreate.com\/es\/#website","url":"https:\/\/ljcreate.com\/es\/","name":"LJ Create","description":"Innovate, Inspire, and Engage","publisher":{"@id":"https:\/\/ljcreate.com\/es\/#organization"},"alternateName":"Creative Learning (Norwich) Limited","potentialAction":[{"@type":"SearchAction","target":{"@type":"EntryPoint","urlTemplate":"https:\/\/ljcreate.com\/es\/?s={search_term_string}"},"query-input":{"@type":"PropertyValueSpecification","valueRequired":true,"valueName":"search_term_string"}}],"inLanguage":"es"},{"@type":"Organization","@id":"https:\/\/ljcreate.com\/es\/#organization","name":"LJ Create","url":"https:\/\/ljcreate.com\/es\/","logo":{"@type":"ImageObject","inLanguage":"es","@id":"https:\/\/ljcreate.com\/es\/#\/schema\/logo\/image\/","url":"https:\/\/ljcreate.com\/wp-content\/uploads\/2021\/07\/logo.svg","contentUrl":"https:\/\/ljcreate.com\/wp-content\/uploads\/2021\/07\/logo.svg","width":"1024","height":"1024","caption":"LJ Create"},"image":{"@id":"https:\/\/ljcreate.com\/es\/#\/schema\/logo\/image\/"}}]}},"_links":{"self":[{"href":"https:\/\/ljcreate.com\/es\/wp-json\/wp\/v2\/product\/29312","targetHints":{"allow":["GET"]}}],"collection":[{"href":"https:\/\/ljcreate.com\/es\/wp-json\/wp\/v2\/product"}],"about":[{"href":"https:\/\/ljcreate.com\/es\/wp-json\/wp\/v2\/types\/product"}],"wp:featuredmedia":[{"embeddable":true,"href":"https:\/\/ljcreate.com\/es\/wp-json\/wp\/v2\/media\/29262"}],"wp:attachment":[{"href":"https:\/\/ljcreate.com\/es\/wp-json\/wp\/v2\/media?parent=29312"}],"wp:term":[{"taxonomy":"product_brand","embeddable":true,"href":"https:\/\/ljcreate.com\/es\/wp-json\/wp\/v2\/product_brand?post=29312"},{"taxonomy":"product_cat","embeddable":true,"href":"https:\/\/ljcreate.com\/es\/wp-json\/wp\/v2\/product_cat?post=29312"},{"taxonomy":"product_tag","embeddable":true,"href":"https:\/\/ljcreate.com\/es\/wp-json\/wp\/v2\/product_tag?post=29312"}],"curies":[{"name":"wp","href":"https:\/\/api.w.org\/{rel}","templated":true}]}}