{"id":28925,"date":"2022-01-07T13:29:39","date_gmt":"2022-01-07T13:29:39","guid":{"rendered":"https:\/\/ljcreate.com\/?post_type=product&#038;p=28925"},"modified":"2023-07-03T16:06:58","modified_gmt":"2023-07-03T15:06:58","slug":"adquisicion-de-datos-de-sistemas-de-control","status":"publish","type":"product","link":"https:\/\/ljcreate.com\/es\/engineering\/data-acquisition-of-control-systems\/","title":{"rendered":"Adquisici\u00f3n de Datos de Sistemas de Control"},"content":{"rendered":"<h5>El Adquisici\u00f3n de Datos de Sistemas de Control (217-61) m\u00f3dulo de estudio incluye:<\/h5>\n<ul>\n<li>Unidad de picoscopio y software<\/li>\n<li>Mult\u00edmetros digitales (x2)<\/li>\n<li>Manual del plan de estudios<\/li>\n<\/ul>\n<p>Est\u00e1 dise\u00f1ado para proporcionar una extensi\u00f3n al trabajo realizado con nuestro <a href=\"https:\/\/ljcreate.com\/es\/engineering\/transducers-instrumentation-and-control-trainer\/\" target=\"_blank\" rel=\"noopener\">entrenador de transductores e instrumentaci\u00f3n 217-50<\/a>. Se proporciona un libro de trabajo para el alumno, que permite a los alumnos registrar la teor\u00eda b\u00e1sica y los resultados pr\u00e1cticos a medida que avanzan en el manual del plan de estudios. La gu\u00eda del instructor proporciona soluciones a todas las preguntas y actividades pr\u00e1cticas contenidas en el manual del plan de estudios.<\/p>\n<h5>La unidad permite que una PC act\u00fae como los siguientes instrumentos de prueba:<\/h5>\n<ul>\n<li>Osciloscopio de almacenamiento digital de doble traza<\/li>\n<li>Analizador de espectro<\/li>\n<li>Generador de se\u00f1ales<\/li>\n<\/ul>\n<p>Los datos se pueden capturar utilizando el software picoscopio y visualizar\/manipular en el software LJ Grapher.<\/p>\n<h5>El manual de laboratorio cubre los siguientes ejercicios pr\u00e1cticos:<\/h5>\n<ul>\n<li>Sistemas de control<\/li>\n<li>Sistemas T\u00e9rmicos<\/li>\n<li>Respuesta del transductor de temperatura<\/li>\n<li>Sistemas controlados por luz<\/li>\n<li>Control proporcional<\/li>\n<li>Control proporcional-integral<\/li>\n<li>Control proporcional-derivado<\/li>\n<li>Control PID<\/li>\n<li>Retroalimentaci\u00f3n de velocidad<\/li>\n<li>Sistemas de control de velocidad<\/li>\n<\/ul>\n","protected":false},"excerpt":{"rendered":"<p>El Adquisici\u00f3n de Datos de Sistemas de Control (217-61) m\u00f3dulo de estudio incluye: Unidad de picoscopio y software Mult\u00edmetros digitales (x2) Manual del plan de estudios Est\u00e1 dise\u00f1ado para proporcionar una extensi\u00f3n al trabajo realizado con nuestro entrenador de transductores e instrumentaci\u00f3n 217-50. Se proporciona un libro de trabajo para el alumno, que permite a&hellip;<\/p>\n","protected":false},"featured_media":32055,"template":"","meta":{"_acf_changed":false,"inline_featured_image":false},"product_brand":[],"product_cat":[138,140],"product_tag":[],"class_list":{"0":"post-28925","1":"product","2":"type-product","3":"status-publish","4":"has-post-thumbnail","6":"product_cat-engineering-es","7":"product_cat-control-and-instrumentation-trainers-es","9":"first","10":"instock","11":"shipping-taxable","12":"product-type-simple"},"acf":[],"yoast_head":"<!-- This site is optimized with the Yoast SEO plugin v27.3 - https:\/\/yoast.com\/product\/yoast-seo-wordpress\/ -->\n<title>Adquisici\u00f3n de Datos de Sistemas de Control | LJ Create<\/title>\n<meta name=\"robots\" content=\"index, follow, max-snippet:-1, max-image-preview:large, max-video-preview:-1\" \/>\n<link rel=\"canonical\" href=\"https:\/\/ljcreate.com\/es\/engineering\/data-acquisition-of-control-systems\/\" \/>\n<meta property=\"og:locale\" content=\"es_ES\" \/>\n<meta property=\"og:type\" content=\"article\" \/>\n<meta property=\"og:title\" content=\"Adquisici\u00f3n de Datos de Sistemas de Control | LJ Create\" \/>\n<meta property=\"og:description\" content=\"El Adquisici\u00f3n de Datos de Sistemas de Control (217-61) m\u00f3dulo de estudio incluye: Unidad de picoscopio y software Mult\u00edmetros digitales (x2) Manual del plan de estudios Est\u00e1 dise\u00f1ado para proporcionar una extensi\u00f3n al trabajo realizado con nuestro entrenador de transductores e instrumentaci\u00f3n 217-50. Se proporciona un libro de trabajo para el alumno, que permite a&hellip;\" \/>\n<meta property=\"og:url\" content=\"https:\/\/ljcreate.com\/es\/engineering\/data-acquisition-of-control-systems\/\" \/>\n<meta property=\"og:site_name\" content=\"LJ Create\" \/>\n<meta property=\"article:modified_time\" content=\"2023-07-03T15:06:58+00:00\" \/>\n<meta property=\"og:image\" content=\"https:\/\/ljcreate.com\/wp-content\/uploads\/2022\/01\/dataAcquisitionOfControlSystems.webp\" \/>\n\t<meta property=\"og:image:width\" content=\"1080\" \/>\n\t<meta property=\"og:image:height\" content=\"529\" \/>\n\t<meta property=\"og:image:type\" content=\"image\/webp\" \/>\n<meta name=\"twitter:card\" content=\"summary_large_image\" \/>\n<meta name=\"twitter:label1\" content=\"Tiempo de lectura\" \/>\n\t<meta name=\"twitter:data1\" content=\"1 minuto\" \/>\n<script type=\"application\/ld+json\" class=\"yoast-schema-graph\">{\"@context\":\"https:\\\/\\\/schema.org\",\"@graph\":[{\"@type\":\"WebPage\",\"@id\":\"https:\\\/\\\/ljcreate.com\\\/es\\\/engineering\\\/data-acquisition-of-control-systems\\\/\",\"url\":\"https:\\\/\\\/ljcreate.com\\\/es\\\/engineering\\\/data-acquisition-of-control-systems\\\/\",\"name\":\"Adquisici\u00f3n de Datos de Sistemas de Control | LJ Create\",\"isPartOf\":{\"@id\":\"https:\\\/\\\/ljcreate.com\\\/es\\\/#website\"},\"primaryImageOfPage\":{\"@id\":\"https:\\\/\\\/ljcreate.com\\\/es\\\/engineering\\\/data-acquisition-of-control-systems\\\/#primaryimage\"},\"image\":{\"@id\":\"https:\\\/\\\/ljcreate.com\\\/es\\\/engineering\\\/data-acquisition-of-control-systems\\\/#primaryimage\"},\"thumbnailUrl\":\"https:\\\/\\\/ljcreate.com\\\/wp-content\\\/uploads\\\/2022\\\/01\\\/dataAcquisitionOfControlSystems.webp\",\"datePublished\":\"2022-01-07T13:29:39+00:00\",\"dateModified\":\"2023-07-03T15:06:58+00:00\",\"breadcrumb\":{\"@id\":\"https:\\\/\\\/ljcreate.com\\\/es\\\/engineering\\\/data-acquisition-of-control-systems\\\/#breadcrumb\"},\"inLanguage\":\"es\",\"potentialAction\":[{\"@type\":\"ReadAction\",\"target\":[\"https:\\\/\\\/ljcreate.com\\\/es\\\/engineering\\\/data-acquisition-of-control-systems\\\/\"]}]},{\"@type\":\"ImageObject\",\"inLanguage\":\"es\",\"@id\":\"https:\\\/\\\/ljcreate.com\\\/es\\\/engineering\\\/data-acquisition-of-control-systems\\\/#primaryimage\",\"url\":\"https:\\\/\\\/ljcreate.com\\\/wp-content\\\/uploads\\\/2022\\\/01\\\/dataAcquisitionOfControlSystems.webp\",\"contentUrl\":\"https:\\\/\\\/ljcreate.com\\\/wp-content\\\/uploads\\\/2022\\\/01\\\/dataAcquisitionOfControlSystems.webp\",\"width\":1080,\"height\":529,\"caption\":\"Data Acquisition of Control Systems\"},{\"@type\":\"BreadcrumbList\",\"@id\":\"https:\\\/\\\/ljcreate.com\\\/es\\\/engineering\\\/data-acquisition-of-control-systems\\\/#breadcrumb\",\"itemListElement\":[{\"@type\":\"ListItem\",\"position\":1,\"name\":\"Home\",\"item\":\"https:\\\/\\\/ljcreate.com\\\/es\\\/\"},{\"@type\":\"ListItem\",\"position\":2,\"name\":\"Productos\",\"item\":\"https:\\\/\\\/ljcreate.com\\\/es\\\/shop\\\/\"},{\"@type\":\"ListItem\",\"position\":3,\"name\":\"Ingenier\u00eda\",\"item\":\"https:\\\/\\\/ljcreate.com\\\/es\\\/product-category\\\/engineering-es\\\/\"},{\"@type\":\"ListItem\",\"position\":4,\"name\":\"Adquisici\u00f3n de Datos de Sistemas de Control\"}]},{\"@type\":\"WebSite\",\"@id\":\"https:\\\/\\\/ljcreate.com\\\/es\\\/#website\",\"url\":\"https:\\\/\\\/ljcreate.com\\\/es\\\/\",\"name\":\"LJ Create\",\"description\":\"Innovate, Inspire, and Engage\",\"publisher\":{\"@id\":\"https:\\\/\\\/ljcreate.com\\\/es\\\/#organization\"},\"alternateName\":\"Creative Learning (Norwich) Limited\",\"potentialAction\":[{\"@type\":\"SearchAction\",\"target\":{\"@type\":\"EntryPoint\",\"urlTemplate\":\"https:\\\/\\\/ljcreate.com\\\/es\\\/?s={search_term_string}\"},\"query-input\":{\"@type\":\"PropertyValueSpecification\",\"valueRequired\":true,\"valueName\":\"search_term_string\"}}],\"inLanguage\":\"es\"},{\"@type\":\"Organization\",\"@id\":\"https:\\\/\\\/ljcreate.com\\\/es\\\/#organization\",\"name\":\"LJ Create\",\"url\":\"https:\\\/\\\/ljcreate.com\\\/es\\\/\",\"logo\":{\"@type\":\"ImageObject\",\"inLanguage\":\"es\",\"@id\":\"https:\\\/\\\/ljcreate.com\\\/es\\\/#\\\/schema\\\/logo\\\/image\\\/\",\"url\":\"https:\\\/\\\/ljcreate.com\\\/wp-content\\\/uploads\\\/2021\\\/07\\\/logo.svg\",\"contentUrl\":\"https:\\\/\\\/ljcreate.com\\\/wp-content\\\/uploads\\\/2021\\\/07\\\/logo.svg\",\"width\":\"1024\",\"height\":\"1024\",\"caption\":\"LJ Create\"},\"image\":{\"@id\":\"https:\\\/\\\/ljcreate.com\\\/es\\\/#\\\/schema\\\/logo\\\/image\\\/\"}}]}<\/script>\n<!-- \/ Yoast SEO plugin. -->","yoast_head_json":{"title":"Adquisici\u00f3n de Datos de Sistemas de Control | LJ Create","robots":{"index":"index","follow":"follow","max-snippet":"max-snippet:-1","max-image-preview":"max-image-preview:large","max-video-preview":"max-video-preview:-1"},"canonical":"https:\/\/ljcreate.com\/es\/engineering\/data-acquisition-of-control-systems\/","og_locale":"es_ES","og_type":"article","og_title":"Adquisici\u00f3n de Datos de Sistemas de Control | LJ Create","og_description":"El Adquisici\u00f3n de Datos de Sistemas de Control (217-61) m\u00f3dulo de estudio incluye: Unidad de picoscopio y software Mult\u00edmetros digitales (x2) Manual del plan de estudios Est\u00e1 dise\u00f1ado para proporcionar una extensi\u00f3n al trabajo realizado con nuestro entrenador de transductores e instrumentaci\u00f3n 217-50. Se proporciona un libro de trabajo para el alumno, que permite a&hellip;","og_url":"https:\/\/ljcreate.com\/es\/engineering\/data-acquisition-of-control-systems\/","og_site_name":"LJ Create","article_modified_time":"2023-07-03T15:06:58+00:00","og_image":[{"width":1080,"height":529,"url":"https:\/\/ljcreate.com\/wp-content\/uploads\/2022\/01\/dataAcquisitionOfControlSystems.webp","type":"image\/webp"}],"twitter_card":"summary_large_image","twitter_misc":{"Tiempo de lectura":"1 minuto"},"schema":{"@context":"https:\/\/schema.org","@graph":[{"@type":"WebPage","@id":"https:\/\/ljcreate.com\/es\/engineering\/data-acquisition-of-control-systems\/","url":"https:\/\/ljcreate.com\/es\/engineering\/data-acquisition-of-control-systems\/","name":"Adquisici\u00f3n de Datos de Sistemas de Control | LJ Create","isPartOf":{"@id":"https:\/\/ljcreate.com\/es\/#website"},"primaryImageOfPage":{"@id":"https:\/\/ljcreate.com\/es\/engineering\/data-acquisition-of-control-systems\/#primaryimage"},"image":{"@id":"https:\/\/ljcreate.com\/es\/engineering\/data-acquisition-of-control-systems\/#primaryimage"},"thumbnailUrl":"https:\/\/ljcreate.com\/wp-content\/uploads\/2022\/01\/dataAcquisitionOfControlSystems.webp","datePublished":"2022-01-07T13:29:39+00:00","dateModified":"2023-07-03T15:06:58+00:00","breadcrumb":{"@id":"https:\/\/ljcreate.com\/es\/engineering\/data-acquisition-of-control-systems\/#breadcrumb"},"inLanguage":"es","potentialAction":[{"@type":"ReadAction","target":["https:\/\/ljcreate.com\/es\/engineering\/data-acquisition-of-control-systems\/"]}]},{"@type":"ImageObject","inLanguage":"es","@id":"https:\/\/ljcreate.com\/es\/engineering\/data-acquisition-of-control-systems\/#primaryimage","url":"https:\/\/ljcreate.com\/wp-content\/uploads\/2022\/01\/dataAcquisitionOfControlSystems.webp","contentUrl":"https:\/\/ljcreate.com\/wp-content\/uploads\/2022\/01\/dataAcquisitionOfControlSystems.webp","width":1080,"height":529,"caption":"Data Acquisition of Control Systems"},{"@type":"BreadcrumbList","@id":"https:\/\/ljcreate.com\/es\/engineering\/data-acquisition-of-control-systems\/#breadcrumb","itemListElement":[{"@type":"ListItem","position":1,"name":"Home","item":"https:\/\/ljcreate.com\/es\/"},{"@type":"ListItem","position":2,"name":"Productos","item":"https:\/\/ljcreate.com\/es\/shop\/"},{"@type":"ListItem","position":3,"name":"Ingenier\u00eda","item":"https:\/\/ljcreate.com\/es\/product-category\/engineering-es\/"},{"@type":"ListItem","position":4,"name":"Adquisici\u00f3n de Datos de Sistemas de Control"}]},{"@type":"WebSite","@id":"https:\/\/ljcreate.com\/es\/#website","url":"https:\/\/ljcreate.com\/es\/","name":"LJ Create","description":"Innovate, Inspire, and Engage","publisher":{"@id":"https:\/\/ljcreate.com\/es\/#organization"},"alternateName":"Creative Learning (Norwich) Limited","potentialAction":[{"@type":"SearchAction","target":{"@type":"EntryPoint","urlTemplate":"https:\/\/ljcreate.com\/es\/?s={search_term_string}"},"query-input":{"@type":"PropertyValueSpecification","valueRequired":true,"valueName":"search_term_string"}}],"inLanguage":"es"},{"@type":"Organization","@id":"https:\/\/ljcreate.com\/es\/#organization","name":"LJ Create","url":"https:\/\/ljcreate.com\/es\/","logo":{"@type":"ImageObject","inLanguage":"es","@id":"https:\/\/ljcreate.com\/es\/#\/schema\/logo\/image\/","url":"https:\/\/ljcreate.com\/wp-content\/uploads\/2021\/07\/logo.svg","contentUrl":"https:\/\/ljcreate.com\/wp-content\/uploads\/2021\/07\/logo.svg","width":"1024","height":"1024","caption":"LJ Create"},"image":{"@id":"https:\/\/ljcreate.com\/es\/#\/schema\/logo\/image\/"}}]}},"_links":{"self":[{"href":"https:\/\/ljcreate.com\/es\/wp-json\/wp\/v2\/product\/28925","targetHints":{"allow":["GET"]}}],"collection":[{"href":"https:\/\/ljcreate.com\/es\/wp-json\/wp\/v2\/product"}],"about":[{"href":"https:\/\/ljcreate.com\/es\/wp-json\/wp\/v2\/types\/product"}],"wp:featuredmedia":[{"embeddable":true,"href":"https:\/\/ljcreate.com\/es\/wp-json\/wp\/v2\/media\/32055"}],"wp:attachment":[{"href":"https:\/\/ljcreate.com\/es\/wp-json\/wp\/v2\/media?parent=28925"}],"wp:term":[{"taxonomy":"product_brand","embeddable":true,"href":"https:\/\/ljcreate.com\/es\/wp-json\/wp\/v2\/product_brand?post=28925"},{"taxonomy":"product_cat","embeddable":true,"href":"https:\/\/ljcreate.com\/es\/wp-json\/wp\/v2\/product_cat?post=28925"},{"taxonomy":"product_tag","embeddable":true,"href":"https:\/\/ljcreate.com\/es\/wp-json\/wp\/v2\/product_tag?post=28925"}],"curies":[{"name":"wp","href":"https:\/\/api.w.org\/{rel}","templated":true}]}}