{"id":26938,"date":"2021-08-09T06:31:11","date_gmt":"2021-08-09T11:31:11","guid":{"rendered":"https:\/\/alpha.ljcreate.com\/product\/sin%20categor\u00eda\/working-with-stem\/"},"modified":"2023-06-26T16:29:38","modified_gmt":"2023-06-26T15:29:38","slug":"working-with-stem","status":"publish","type":"product","link":"https:\/\/ljcreate.com\/es\/elearning\/working-with-stem\/","title":{"rendered":"Trabajando con STEM"},"content":{"rendered":"<h5>Nuestra licencia Trabajando con STEM (WWS-AL) incluye m\u00e1s de 7500 lecciones individuales de Ingenier\u00eda y Tecnolog\u00eda Automotriz y proporciona acceso para toda la escuela a las siguientes \u00e1reas tem\u00e1ticas:<\/h5>\n<ul>\n<li>Automotriz<\/li>\n<li>Ingenieria<\/li>\n<li>Electr\u00f3nica<\/li>\n<li>Mecatr\u00f3nica<\/li>\n<li>Poder fluido<\/li>\n<li>Habilidades laborales y comerciales<\/li>\n<li>Fabricaci\u00f3n<\/li>\n<li>Apoyo acad\u00e9mico para matem\u00e1ticas e ingl\u00e9s &#8230; y m\u00e1s<\/li>\n<\/ul>\n<p>Esta licencia completa garantiza que sus estudiantes adquieran las habilidades adecuadas para la industria y la educaci\u00f3n superior.<br \/>\nEl paquete completo de WWS incluye todo el contenido entregado con licencias ALB2 y ENG2<\/p>\n","protected":false},"excerpt":{"rendered":"<p>Nuestra licencia Trabajando con STEM (WWS-AL) incluye m\u00e1s de 7500 lecciones individuales de Ingenier\u00eda y Tecnolog\u00eda Automotriz y proporciona acceso para toda la escuela a las siguientes \u00e1reas tem\u00e1ticas: Automotriz Ingenieria Electr\u00f3nica Mecatr\u00f3nica Poder fluido Habilidades laborales y comerciales Fabricaci\u00f3n Apoyo acad\u00e9mico para matem\u00e1ticas e ingl\u00e9s &#8230; y m\u00e1s Esta licencia completa garantiza que sus&hellip;<\/p>\n","protected":false},"featured_media":31619,"template":"","meta":{"_acf_changed":false,"inline_featured_image":false},"product_brand":[],"product_cat":[132,56,85,137,138,144],"product_tag":[],"class_list":{"0":"post-26938","1":"product","2":"type-product","3":"status-publish","4":"has-post-thumbnail","6":"product_cat-automotive-technology-es","7":"product_cat-elearning","8":"product_cat-elearning-uk","9":"product_cat-elearning-es-2","10":"product_cat-engineering-es","11":"product_cat-elearning-es-3","13":"first","14":"instock","15":"shipping-taxable","16":"product-type-simple"},"acf":[],"yoast_head":"<!-- This site is optimized with the Yoast SEO plugin v27.3 - https:\/\/yoast.com\/product\/yoast-seo-wordpress\/ -->\n<title>Curr\u00edculo de Educaci\u00f3n T\u00e9cnica y Profesional, CTE eLearning | Crear<\/title>\n<meta name=\"description\" content=\"Nuestro plan de estudios Trabajar con STEM CTE es nuestra colecci\u00f3n m\u00e1s grande y completa de cursos y bibliotecas de lecciones de alta calidad para la educaci\u00f3n profesional y t\u00e9cnica.\" \/>\n<meta name=\"robots\" content=\"index, follow, max-snippet:-1, max-image-preview:large, max-video-preview:-1\" \/>\n<link rel=\"canonical\" href=\"https:\/\/ljcreate.com\/es\/elearning\/working-with-stem\/\" \/>\n<meta property=\"og:locale\" content=\"es_ES\" \/>\n<meta property=\"og:type\" content=\"article\" \/>\n<meta property=\"og:title\" content=\"Curr\u00edculo de Educaci\u00f3n T\u00e9cnica y Profesional, CTE eLearning | Crear\" \/>\n<meta property=\"og:description\" content=\"Nuestro plan de estudios Trabajar con STEM CTE es nuestra colecci\u00f3n m\u00e1s grande y completa de cursos y bibliotecas de lecciones de alta calidad para la educaci\u00f3n profesional y t\u00e9cnica.\" \/>\n<meta property=\"og:url\" content=\"https:\/\/ljcreate.com\/es\/elearning\/working-with-stem\/\" \/>\n<meta property=\"og:site_name\" content=\"LJ Create\" \/>\n<meta property=\"article:modified_time\" content=\"2023-06-26T15:29:38+00:00\" \/>\n<meta property=\"og:image\" content=\"https:\/\/ljcreate.com\/wp-content\/uploads\/2021\/08\/workingWithStem-1.webp\" \/>\n\t<meta property=\"og:image:width\" content=\"1200\" \/>\n\t<meta property=\"og:image:height\" content=\"600\" \/>\n\t<meta property=\"og:image:type\" content=\"image\/webp\" \/>\n<meta name=\"twitter:card\" content=\"summary_large_image\" \/>\n<meta name=\"twitter:label1\" content=\"Tiempo de lectura\" \/>\n\t<meta name=\"twitter:data1\" content=\"1 minuto\" \/>\n<script type=\"application\/ld+json\" class=\"yoast-schema-graph\">{\"@context\":\"https:\\\/\\\/schema.org\",\"@graph\":[{\"@type\":\"WebPage\",\"@id\":\"https:\\\/\\\/ljcreate.com\\\/es\\\/elearning\\\/working-with-stem\\\/\",\"url\":\"https:\\\/\\\/ljcreate.com\\\/es\\\/elearning\\\/working-with-stem\\\/\",\"name\":\"Curr\u00edculo de Educaci\u00f3n T\u00e9cnica y Profesional, CTE eLearning | Crear\",\"isPartOf\":{\"@id\":\"https:\\\/\\\/ljcreate.com\\\/es\\\/#website\"},\"primaryImageOfPage\":{\"@id\":\"https:\\\/\\\/ljcreate.com\\\/es\\\/elearning\\\/working-with-stem\\\/#primaryimage\"},\"image\":{\"@id\":\"https:\\\/\\\/ljcreate.com\\\/es\\\/elearning\\\/working-with-stem\\\/#primaryimage\"},\"thumbnailUrl\":\"https:\\\/\\\/ljcreate.com\\\/wp-content\\\/uploads\\\/2021\\\/08\\\/workingWithStem-1.webp\",\"datePublished\":\"2021-08-09T11:31:11+00:00\",\"dateModified\":\"2023-06-26T15:29:38+00:00\",\"description\":\"Nuestro plan de estudios Trabajar con STEM CTE es nuestra colecci\u00f3n m\u00e1s grande y completa de cursos y bibliotecas de lecciones de alta calidad para la educaci\u00f3n profesional y t\u00e9cnica.\",\"breadcrumb\":{\"@id\":\"https:\\\/\\\/ljcreate.com\\\/es\\\/elearning\\\/working-with-stem\\\/#breadcrumb\"},\"inLanguage\":\"es\",\"potentialAction\":[{\"@type\":\"ReadAction\",\"target\":[\"https:\\\/\\\/ljcreate.com\\\/es\\\/elearning\\\/working-with-stem\\\/\"]}]},{\"@type\":\"ImageObject\",\"inLanguage\":\"es\",\"@id\":\"https:\\\/\\\/ljcreate.com\\\/es\\\/elearning\\\/working-with-stem\\\/#primaryimage\",\"url\":\"https:\\\/\\\/ljcreate.com\\\/wp-content\\\/uploads\\\/2021\\\/08\\\/workingWithStem-1.webp\",\"contentUrl\":\"https:\\\/\\\/ljcreate.com\\\/wp-content\\\/uploads\\\/2021\\\/08\\\/workingWithStem-1.webp\",\"width\":1200,\"height\":600,\"caption\":\"Engineering and Automotive eLearning Curriculum\"},{\"@type\":\"BreadcrumbList\",\"@id\":\"https:\\\/\\\/ljcreate.com\\\/es\\\/elearning\\\/working-with-stem\\\/#breadcrumb\",\"itemListElement\":[{\"@type\":\"ListItem\",\"position\":1,\"name\":\"Home\",\"item\":\"https:\\\/\\\/ljcreate.com\\\/es\\\/\"},{\"@type\":\"ListItem\",\"position\":2,\"name\":\"Productos\",\"item\":\"https:\\\/\\\/ljcreate.com\\\/es\\\/shop\\\/\"},{\"@type\":\"ListItem\",\"position\":3,\"name\":\"eLearning\",\"item\":\"https:\\\/\\\/ljcreate.com\\\/product-category\\\/elearning\\\/\"},{\"@type\":\"ListItem\",\"position\":4,\"name\":\"Trabajando con STEM\"}]},{\"@type\":\"WebSite\",\"@id\":\"https:\\\/\\\/ljcreate.com\\\/es\\\/#website\",\"url\":\"https:\\\/\\\/ljcreate.com\\\/es\\\/\",\"name\":\"LJ Create\",\"description\":\"Innovate, Inspire, and Engage\",\"publisher\":{\"@id\":\"https:\\\/\\\/ljcreate.com\\\/es\\\/#organization\"},\"alternateName\":\"Creative Learning (Norwich) Limited\",\"potentialAction\":[{\"@type\":\"SearchAction\",\"target\":{\"@type\":\"EntryPoint\",\"urlTemplate\":\"https:\\\/\\\/ljcreate.com\\\/es\\\/?s={search_term_string}\"},\"query-input\":{\"@type\":\"PropertyValueSpecification\",\"valueRequired\":true,\"valueName\":\"search_term_string\"}}],\"inLanguage\":\"es\"},{\"@type\":\"Organization\",\"@id\":\"https:\\\/\\\/ljcreate.com\\\/es\\\/#organization\",\"name\":\"LJ Create\",\"url\":\"https:\\\/\\\/ljcreate.com\\\/es\\\/\",\"logo\":{\"@type\":\"ImageObject\",\"inLanguage\":\"es\",\"@id\":\"https:\\\/\\\/ljcreate.com\\\/es\\\/#\\\/schema\\\/logo\\\/image\\\/\",\"url\":\"https:\\\/\\\/ljcreate.com\\\/wp-content\\\/uploads\\\/2021\\\/07\\\/logo.svg\",\"contentUrl\":\"https:\\\/\\\/ljcreate.com\\\/wp-content\\\/uploads\\\/2021\\\/07\\\/logo.svg\",\"width\":\"1024\",\"height\":\"1024\",\"caption\":\"LJ Create\"},\"image\":{\"@id\":\"https:\\\/\\\/ljcreate.com\\\/es\\\/#\\\/schema\\\/logo\\\/image\\\/\"}}]}<\/script>\n<!-- \/ Yoast SEO plugin. -->","yoast_head_json":{"title":"Curr\u00edculo de Educaci\u00f3n T\u00e9cnica y Profesional, CTE eLearning | Crear","description":"Nuestro plan de estudios Trabajar con STEM CTE es nuestra colecci\u00f3n m\u00e1s grande y completa de cursos y bibliotecas de lecciones de alta calidad para la educaci\u00f3n profesional y t\u00e9cnica.","robots":{"index":"index","follow":"follow","max-snippet":"max-snippet:-1","max-image-preview":"max-image-preview:large","max-video-preview":"max-video-preview:-1"},"canonical":"https:\/\/ljcreate.com\/es\/elearning\/working-with-stem\/","og_locale":"es_ES","og_type":"article","og_title":"Curr\u00edculo de Educaci\u00f3n T\u00e9cnica y Profesional, CTE eLearning | Crear","og_description":"Nuestro plan de estudios Trabajar con STEM CTE es nuestra colecci\u00f3n m\u00e1s grande y completa de cursos y bibliotecas de lecciones de alta calidad para la educaci\u00f3n profesional y t\u00e9cnica.","og_url":"https:\/\/ljcreate.com\/es\/elearning\/working-with-stem\/","og_site_name":"LJ Create","article_modified_time":"2023-06-26T15:29:38+00:00","og_image":[{"width":1200,"height":600,"url":"https:\/\/ljcreate.com\/wp-content\/uploads\/2021\/08\/workingWithStem-1.webp","type":"image\/webp"}],"twitter_card":"summary_large_image","twitter_misc":{"Tiempo de lectura":"1 minuto"},"schema":{"@context":"https:\/\/schema.org","@graph":[{"@type":"WebPage","@id":"https:\/\/ljcreate.com\/es\/elearning\/working-with-stem\/","url":"https:\/\/ljcreate.com\/es\/elearning\/working-with-stem\/","name":"Curr\u00edculo de Educaci\u00f3n T\u00e9cnica y Profesional, CTE eLearning | Crear","isPartOf":{"@id":"https:\/\/ljcreate.com\/es\/#website"},"primaryImageOfPage":{"@id":"https:\/\/ljcreate.com\/es\/elearning\/working-with-stem\/#primaryimage"},"image":{"@id":"https:\/\/ljcreate.com\/es\/elearning\/working-with-stem\/#primaryimage"},"thumbnailUrl":"https:\/\/ljcreate.com\/wp-content\/uploads\/2021\/08\/workingWithStem-1.webp","datePublished":"2021-08-09T11:31:11+00:00","dateModified":"2023-06-26T15:29:38+00:00","description":"Nuestro plan de estudios Trabajar con STEM CTE es nuestra colecci\u00f3n m\u00e1s grande y completa de cursos y bibliotecas de lecciones de alta calidad para la educaci\u00f3n profesional y t\u00e9cnica.","breadcrumb":{"@id":"https:\/\/ljcreate.com\/es\/elearning\/working-with-stem\/#breadcrumb"},"inLanguage":"es","potentialAction":[{"@type":"ReadAction","target":["https:\/\/ljcreate.com\/es\/elearning\/working-with-stem\/"]}]},{"@type":"ImageObject","inLanguage":"es","@id":"https:\/\/ljcreate.com\/es\/elearning\/working-with-stem\/#primaryimage","url":"https:\/\/ljcreate.com\/wp-content\/uploads\/2021\/08\/workingWithStem-1.webp","contentUrl":"https:\/\/ljcreate.com\/wp-content\/uploads\/2021\/08\/workingWithStem-1.webp","width":1200,"height":600,"caption":"Engineering and Automotive eLearning Curriculum"},{"@type":"BreadcrumbList","@id":"https:\/\/ljcreate.com\/es\/elearning\/working-with-stem\/#breadcrumb","itemListElement":[{"@type":"ListItem","position":1,"name":"Home","item":"https:\/\/ljcreate.com\/es\/"},{"@type":"ListItem","position":2,"name":"Productos","item":"https:\/\/ljcreate.com\/es\/shop\/"},{"@type":"ListItem","position":3,"name":"eLearning","item":"https:\/\/ljcreate.com\/product-category\/elearning\/"},{"@type":"ListItem","position":4,"name":"Trabajando con STEM"}]},{"@type":"WebSite","@id":"https:\/\/ljcreate.com\/es\/#website","url":"https:\/\/ljcreate.com\/es\/","name":"LJ Create","description":"Innovate, Inspire, and Engage","publisher":{"@id":"https:\/\/ljcreate.com\/es\/#organization"},"alternateName":"Creative Learning (Norwich) Limited","potentialAction":[{"@type":"SearchAction","target":{"@type":"EntryPoint","urlTemplate":"https:\/\/ljcreate.com\/es\/?s={search_term_string}"},"query-input":{"@type":"PropertyValueSpecification","valueRequired":true,"valueName":"search_term_string"}}],"inLanguage":"es"},{"@type":"Organization","@id":"https:\/\/ljcreate.com\/es\/#organization","name":"LJ Create","url":"https:\/\/ljcreate.com\/es\/","logo":{"@type":"ImageObject","inLanguage":"es","@id":"https:\/\/ljcreate.com\/es\/#\/schema\/logo\/image\/","url":"https:\/\/ljcreate.com\/wp-content\/uploads\/2021\/07\/logo.svg","contentUrl":"https:\/\/ljcreate.com\/wp-content\/uploads\/2021\/07\/logo.svg","width":"1024","height":"1024","caption":"LJ Create"},"image":{"@id":"https:\/\/ljcreate.com\/es\/#\/schema\/logo\/image\/"}}]}},"_links":{"self":[{"href":"https:\/\/ljcreate.com\/es\/wp-json\/wp\/v2\/product\/26938","targetHints":{"allow":["GET"]}}],"collection":[{"href":"https:\/\/ljcreate.com\/es\/wp-json\/wp\/v2\/product"}],"about":[{"href":"https:\/\/ljcreate.com\/es\/wp-json\/wp\/v2\/types\/product"}],"wp:featuredmedia":[{"embeddable":true,"href":"https:\/\/ljcreate.com\/es\/wp-json\/wp\/v2\/media\/31619"}],"wp:attachment":[{"href":"https:\/\/ljcreate.com\/es\/wp-json\/wp\/v2\/media?parent=26938"}],"wp:term":[{"taxonomy":"product_brand","embeddable":true,"href":"https:\/\/ljcreate.com\/es\/wp-json\/wp\/v2\/product_brand?post=26938"},{"taxonomy":"product_cat","embeddable":true,"href":"https:\/\/ljcreate.com\/es\/wp-json\/wp\/v2\/product_cat?post=26938"},{"taxonomy":"product_tag","embeddable":true,"href":"https:\/\/ljcreate.com\/es\/wp-json\/wp\/v2\/product_tag?post=26938"}],"curies":[{"name":"wp","href":"https:\/\/api.w.org\/{rel}","templated":true}]}}