{"id":26937,"date":"2021-08-09T06:35:50","date_gmt":"2021-08-09T11:35:50","guid":{"rendered":"https:\/\/alpha.ljcreate.com\/product\/sin%20categor\u00eda\/automotive-repair-skills\/"},"modified":"2023-06-30T13:02:11","modified_gmt":"2023-06-30T12:02:11","slug":"automotive-repair-skills","status":"publish","type":"product","link":"https:\/\/ljcreate.com\/es\/elearning\/automotive-repair-skills\/","title":{"rendered":"Habilidades de reparaci\u00f3n automotriz"},"content":{"rendered":"<p id=\"tw-target-text\" class=\"tw-data-text tw-text-large tw-ta\" dir=\"ltr\" data-placeholder=\"Translation\"><span class=\"Y2IQFc\" lang=\"es\">Todos los aspectos del autom\u00f3vil est\u00e1n cubiertos en nuestra licencia de habilidades de reparaci\u00f3n automotriz (ALB2-AL). Los temas se cubren en diferentes niveles para preparar a los estudiantes para el trabajo, sea cual sea su nivel de entrada: <\/span><\/p>\n<ul>\n<li class=\"tw-data-text tw-text-large tw-ta\" dir=\"ltr\" data-placeholder=\"Translation\"><span class=\"Y2IQFc\" lang=\"es\">Nivel uno: componentes y funcionamiento <\/span><\/li>\n<li class=\"tw-data-text tw-text-large tw-ta\" dir=\"ltr\" data-placeholder=\"Translation\"><span class=\"Y2IQFc\" lang=\"es\">Nivel dos: sistemas e interacci\u00f3n <\/span><\/li>\n<li class=\"tw-data-text tw-text-large tw-ta\" dir=\"ltr\" data-placeholder=\"Translation\"><span class=\"Y2IQFc\" lang=\"es\">Nivel tres: Habilidades de soluci\u00f3n de problemas y reparaci\u00f3n <\/span><\/li>\n<\/ul>\n<p class=\"tw-data-text tw-text-large tw-ta\" dir=\"ltr\" data-placeholder=\"Translation\"><span class=\"Y2IQFc\" lang=\"es\">Nuestro objetivo es ayudarlo a desarrollar t\u00e9cnicos calificados con una s\u00f3lida comprensi\u00f3n de la tecnolog\u00eda automotriz y las t\u00e9cnicas de detecci\u00f3n de fallas.<\/span><\/p>\n<p>Los encabezados de los temas de Habilidades de reparaci\u00f3n automotriz incluyen:<\/p>\n<ul>\n<li>Motores<\/li>\n<li>H\u00edbrido y El\u00e9ctrico<\/li>\n<li>Transmisi\u00f3n autom\u00e1tica y transeje<\/li>\n<li>Ejes y tren de transmisi\u00f3n manual<\/li>\n<li>Frenado<\/li>\n<li>Direcci\u00f3n y Suspensi\u00f3n<\/li>\n<li>Sistemas de embrague y transmisi\u00f3n<\/li>\n<li>Aire acondicionado<\/li>\n<li>Electricidad y electr\u00f3nica, incluidos los sistemas de BUS<\/li>\n<li>Rendimiento de motor<\/li>\n<li>Autocare: habilidades de empleo del concesionario<\/li>\n<\/ul>\n<h5>Adem\u00e1s del desarrollo de habilidades t\u00e9cnicas, se brinda apoyo esencial con lecciones en:<\/h5>\n<ul>\n<li>Matem\u00e1ticas<\/li>\n<li>Destreza en lenguaje ingles<\/li>\n<li>Habilidades para los negocios<\/li>\n<li>Resoluci\u00f3n de problemas en el lugar de trabajo<\/li>\n<\/ul>\n<p>En el Reino Unido y en otros lugares, dise\u00f1amos y alineamos nuestras lecciones con unidades L1 a L3 relacionadas con calificaciones de autoridades como IMI y City &amp; Guilds.<\/p>\n","protected":false},"excerpt":{"rendered":"<p>Todos los aspectos del autom\u00f3vil est\u00e1n cubiertos en nuestra licencia de habilidades de reparaci\u00f3n automotriz (ALB2-AL). Los temas se cubren en diferentes niveles para preparar a los estudiantes para el trabajo, sea cual sea su nivel de entrada: Nivel uno: componentes y funcionamiento Nivel dos: sistemas e interacci\u00f3n Nivel tres: Habilidades de soluci\u00f3n de problemas&hellip;<\/p>\n","protected":false},"featured_media":31615,"template":"","meta":{"_acf_changed":false,"inline_featured_image":false},"product_brand":[],"product_cat":[132,137],"product_tag":[],"class_list":{"0":"post-26937","1":"product","2":"type-product","3":"status-publish","4":"has-post-thumbnail","6":"product_cat-automotive-technology-es","7":"product_cat-elearning-es-2","9":"first","10":"instock","11":"shipping-taxable","12":"product-type-simple"},"acf":[],"yoast_head":"<!-- This site is optimized with the Yoast SEO plugin v27.3 - https:\/\/yoast.com\/product\/yoast-seo-wordpress\/ -->\n<title>Aprender y comprender las habilidades esenciales de reparaci\u00f3n de autom\u00f3viles | LJ Create<\/title>\n<meta name=\"description\" content=\"Nuestros programas pr\u00e1cticos alineados con NATEF llevar\u00e1n a sus estudiantes desde principiantes hasta listos para comprar con casi 4,000 lecciones detalladas en habilidades de reparaci\u00f3n automotriz.\" \/>\n<meta name=\"robots\" content=\"index, follow, max-snippet:-1, max-image-preview:large, max-video-preview:-1\" \/>\n<link rel=\"canonical\" href=\"https:\/\/ljcreate.com\/es\/elearning\/automotive-repair-skills\/\" \/>\n<meta property=\"og:locale\" content=\"es_ES\" \/>\n<meta property=\"og:type\" content=\"article\" \/>\n<meta property=\"og:title\" content=\"Aprender y comprender las habilidades esenciales de reparaci\u00f3n de autom\u00f3viles | LJ Create\" \/>\n<meta property=\"og:description\" content=\"Nuestros programas pr\u00e1cticos alineados con NATEF llevar\u00e1n a sus estudiantes desde principiantes hasta listos para comprar con casi 4,000 lecciones detalladas en habilidades de reparaci\u00f3n automotriz.\" \/>\n<meta property=\"og:url\" content=\"https:\/\/ljcreate.com\/es\/elearning\/automotive-repair-skills\/\" \/>\n<meta property=\"og:site_name\" content=\"LJ Create\" \/>\n<meta property=\"article:modified_time\" content=\"2023-06-30T12:02:11+00:00\" \/>\n<meta property=\"og:image\" content=\"https:\/\/ljcreate.com\/wp-content\/uploads\/2021\/08\/automotiveRepair-Skills.webp\" \/>\n\t<meta property=\"og:image:width\" content=\"1200\" \/>\n\t<meta property=\"og:image:height\" content=\"600\" \/>\n\t<meta property=\"og:image:type\" content=\"image\/webp\" \/>\n<meta name=\"twitter:card\" content=\"summary_large_image\" \/>\n<meta name=\"twitter:label1\" content=\"Tiempo de lectura\" \/>\n\t<meta name=\"twitter:data1\" content=\"1 minuto\" \/>\n<script type=\"application\/ld+json\" class=\"yoast-schema-graph\">{\"@context\":\"https:\\\/\\\/schema.org\",\"@graph\":[{\"@type\":\"WebPage\",\"@id\":\"https:\\\/\\\/ljcreate.com\\\/es\\\/elearning\\\/automotive-repair-skills\\\/\",\"url\":\"https:\\\/\\\/ljcreate.com\\\/es\\\/elearning\\\/automotive-repair-skills\\\/\",\"name\":\"Aprender y comprender las habilidades esenciales de reparaci\u00f3n de autom\u00f3viles | LJ Create\",\"isPartOf\":{\"@id\":\"https:\\\/\\\/ljcreate.com\\\/es\\\/#website\"},\"primaryImageOfPage\":{\"@id\":\"https:\\\/\\\/ljcreate.com\\\/es\\\/elearning\\\/automotive-repair-skills\\\/#primaryimage\"},\"image\":{\"@id\":\"https:\\\/\\\/ljcreate.com\\\/es\\\/elearning\\\/automotive-repair-skills\\\/#primaryimage\"},\"thumbnailUrl\":\"https:\\\/\\\/ljcreate.com\\\/wp-content\\\/uploads\\\/2021\\\/08\\\/automotiveRepair-Skills.webp\",\"datePublished\":\"2021-08-09T11:35:50+00:00\",\"dateModified\":\"2023-06-30T12:02:11+00:00\",\"description\":\"Nuestros programas pr\u00e1cticos alineados con NATEF llevar\u00e1n a sus estudiantes desde principiantes hasta listos para comprar con casi 4,000 lecciones detalladas en habilidades de reparaci\u00f3n automotriz.\",\"breadcrumb\":{\"@id\":\"https:\\\/\\\/ljcreate.com\\\/es\\\/elearning\\\/automotive-repair-skills\\\/#breadcrumb\"},\"inLanguage\":\"es\",\"potentialAction\":[{\"@type\":\"ReadAction\",\"target\":[\"https:\\\/\\\/ljcreate.com\\\/es\\\/elearning\\\/automotive-repair-skills\\\/\"]}]},{\"@type\":\"ImageObject\",\"inLanguage\":\"es\",\"@id\":\"https:\\\/\\\/ljcreate.com\\\/es\\\/elearning\\\/automotive-repair-skills\\\/#primaryimage\",\"url\":\"https:\\\/\\\/ljcreate.com\\\/wp-content\\\/uploads\\\/2021\\\/08\\\/automotiveRepair-Skills.webp\",\"contentUrl\":\"https:\\\/\\\/ljcreate.com\\\/wp-content\\\/uploads\\\/2021\\\/08\\\/automotiveRepair-Skills.webp\",\"width\":1200,\"height\":600,\"caption\":\"Automotive Repair Skills Online Software\"},{\"@type\":\"BreadcrumbList\",\"@id\":\"https:\\\/\\\/ljcreate.com\\\/es\\\/elearning\\\/automotive-repair-skills\\\/#breadcrumb\",\"itemListElement\":[{\"@type\":\"ListItem\",\"position\":1,\"name\":\"Home\",\"item\":\"https:\\\/\\\/ljcreate.com\\\/es\\\/\"},{\"@type\":\"ListItem\",\"position\":2,\"name\":\"Productos\",\"item\":\"https:\\\/\\\/ljcreate.com\\\/es\\\/shop\\\/\"},{\"@type\":\"ListItem\",\"position\":3,\"name\":\"eLearning\",\"item\":\"https:\\\/\\\/ljcreate.com\\\/product-category\\\/elearning\\\/\"},{\"@type\":\"ListItem\",\"position\":4,\"name\":\"Habilidades de reparaci\u00f3n automotriz\"}]},{\"@type\":\"WebSite\",\"@id\":\"https:\\\/\\\/ljcreate.com\\\/es\\\/#website\",\"url\":\"https:\\\/\\\/ljcreate.com\\\/es\\\/\",\"name\":\"LJ Create\",\"description\":\"Innovate, Inspire, and Engage\",\"publisher\":{\"@id\":\"https:\\\/\\\/ljcreate.com\\\/es\\\/#organization\"},\"alternateName\":\"Creative Learning (Norwich) Limited\",\"potentialAction\":[{\"@type\":\"SearchAction\",\"target\":{\"@type\":\"EntryPoint\",\"urlTemplate\":\"https:\\\/\\\/ljcreate.com\\\/es\\\/?s={search_term_string}\"},\"query-input\":{\"@type\":\"PropertyValueSpecification\",\"valueRequired\":true,\"valueName\":\"search_term_string\"}}],\"inLanguage\":\"es\"},{\"@type\":\"Organization\",\"@id\":\"https:\\\/\\\/ljcreate.com\\\/es\\\/#organization\",\"name\":\"LJ Create\",\"url\":\"https:\\\/\\\/ljcreate.com\\\/es\\\/\",\"logo\":{\"@type\":\"ImageObject\",\"inLanguage\":\"es\",\"@id\":\"https:\\\/\\\/ljcreate.com\\\/es\\\/#\\\/schema\\\/logo\\\/image\\\/\",\"url\":\"https:\\\/\\\/ljcreate.com\\\/wp-content\\\/uploads\\\/2021\\\/07\\\/logo.svg\",\"contentUrl\":\"https:\\\/\\\/ljcreate.com\\\/wp-content\\\/uploads\\\/2021\\\/07\\\/logo.svg\",\"width\":\"1024\",\"height\":\"1024\",\"caption\":\"LJ Create\"},\"image\":{\"@id\":\"https:\\\/\\\/ljcreate.com\\\/es\\\/#\\\/schema\\\/logo\\\/image\\\/\"}}]}<\/script>\n<!-- \/ Yoast SEO plugin. -->","yoast_head_json":{"title":"Aprender y comprender las habilidades esenciales de reparaci\u00f3n de autom\u00f3viles | LJ Create","description":"Nuestros programas pr\u00e1cticos alineados con NATEF llevar\u00e1n a sus estudiantes desde principiantes hasta listos para comprar con casi 4,000 lecciones detalladas en habilidades de reparaci\u00f3n automotriz.","robots":{"index":"index","follow":"follow","max-snippet":"max-snippet:-1","max-image-preview":"max-image-preview:large","max-video-preview":"max-video-preview:-1"},"canonical":"https:\/\/ljcreate.com\/es\/elearning\/automotive-repair-skills\/","og_locale":"es_ES","og_type":"article","og_title":"Aprender y comprender las habilidades esenciales de reparaci\u00f3n de autom\u00f3viles | LJ Create","og_description":"Nuestros programas pr\u00e1cticos alineados con NATEF llevar\u00e1n a sus estudiantes desde principiantes hasta listos para comprar con casi 4,000 lecciones detalladas en habilidades de reparaci\u00f3n automotriz.","og_url":"https:\/\/ljcreate.com\/es\/elearning\/automotive-repair-skills\/","og_site_name":"LJ Create","article_modified_time":"2023-06-30T12:02:11+00:00","og_image":[{"width":1200,"height":600,"url":"https:\/\/ljcreate.com\/wp-content\/uploads\/2021\/08\/automotiveRepair-Skills.webp","type":"image\/webp"}],"twitter_card":"summary_large_image","twitter_misc":{"Tiempo de lectura":"1 minuto"},"schema":{"@context":"https:\/\/schema.org","@graph":[{"@type":"WebPage","@id":"https:\/\/ljcreate.com\/es\/elearning\/automotive-repair-skills\/","url":"https:\/\/ljcreate.com\/es\/elearning\/automotive-repair-skills\/","name":"Aprender y comprender las habilidades esenciales de reparaci\u00f3n de autom\u00f3viles | LJ Create","isPartOf":{"@id":"https:\/\/ljcreate.com\/es\/#website"},"primaryImageOfPage":{"@id":"https:\/\/ljcreate.com\/es\/elearning\/automotive-repair-skills\/#primaryimage"},"image":{"@id":"https:\/\/ljcreate.com\/es\/elearning\/automotive-repair-skills\/#primaryimage"},"thumbnailUrl":"https:\/\/ljcreate.com\/wp-content\/uploads\/2021\/08\/automotiveRepair-Skills.webp","datePublished":"2021-08-09T11:35:50+00:00","dateModified":"2023-06-30T12:02:11+00:00","description":"Nuestros programas pr\u00e1cticos alineados con NATEF llevar\u00e1n a sus estudiantes desde principiantes hasta listos para comprar con casi 4,000 lecciones detalladas en habilidades de reparaci\u00f3n automotriz.","breadcrumb":{"@id":"https:\/\/ljcreate.com\/es\/elearning\/automotive-repair-skills\/#breadcrumb"},"inLanguage":"es","potentialAction":[{"@type":"ReadAction","target":["https:\/\/ljcreate.com\/es\/elearning\/automotive-repair-skills\/"]}]},{"@type":"ImageObject","inLanguage":"es","@id":"https:\/\/ljcreate.com\/es\/elearning\/automotive-repair-skills\/#primaryimage","url":"https:\/\/ljcreate.com\/wp-content\/uploads\/2021\/08\/automotiveRepair-Skills.webp","contentUrl":"https:\/\/ljcreate.com\/wp-content\/uploads\/2021\/08\/automotiveRepair-Skills.webp","width":1200,"height":600,"caption":"Automotive Repair Skills Online Software"},{"@type":"BreadcrumbList","@id":"https:\/\/ljcreate.com\/es\/elearning\/automotive-repair-skills\/#breadcrumb","itemListElement":[{"@type":"ListItem","position":1,"name":"Home","item":"https:\/\/ljcreate.com\/es\/"},{"@type":"ListItem","position":2,"name":"Productos","item":"https:\/\/ljcreate.com\/es\/shop\/"},{"@type":"ListItem","position":3,"name":"eLearning","item":"https:\/\/ljcreate.com\/product-category\/elearning\/"},{"@type":"ListItem","position":4,"name":"Habilidades de reparaci\u00f3n automotriz"}]},{"@type":"WebSite","@id":"https:\/\/ljcreate.com\/es\/#website","url":"https:\/\/ljcreate.com\/es\/","name":"LJ Create","description":"Innovate, Inspire, and Engage","publisher":{"@id":"https:\/\/ljcreate.com\/es\/#organization"},"alternateName":"Creative Learning (Norwich) Limited","potentialAction":[{"@type":"SearchAction","target":{"@type":"EntryPoint","urlTemplate":"https:\/\/ljcreate.com\/es\/?s={search_term_string}"},"query-input":{"@type":"PropertyValueSpecification","valueRequired":true,"valueName":"search_term_string"}}],"inLanguage":"es"},{"@type":"Organization","@id":"https:\/\/ljcreate.com\/es\/#organization","name":"LJ Create","url":"https:\/\/ljcreate.com\/es\/","logo":{"@type":"ImageObject","inLanguage":"es","@id":"https:\/\/ljcreate.com\/es\/#\/schema\/logo\/image\/","url":"https:\/\/ljcreate.com\/wp-content\/uploads\/2021\/07\/logo.svg","contentUrl":"https:\/\/ljcreate.com\/wp-content\/uploads\/2021\/07\/logo.svg","width":"1024","height":"1024","caption":"LJ Create"},"image":{"@id":"https:\/\/ljcreate.com\/es\/#\/schema\/logo\/image\/"}}]}},"_links":{"self":[{"href":"https:\/\/ljcreate.com\/es\/wp-json\/wp\/v2\/product\/26937","targetHints":{"allow":["GET"]}}],"collection":[{"href":"https:\/\/ljcreate.com\/es\/wp-json\/wp\/v2\/product"}],"about":[{"href":"https:\/\/ljcreate.com\/es\/wp-json\/wp\/v2\/types\/product"}],"wp:featuredmedia":[{"embeddable":true,"href":"https:\/\/ljcreate.com\/es\/wp-json\/wp\/v2\/media\/31615"}],"wp:attachment":[{"href":"https:\/\/ljcreate.com\/es\/wp-json\/wp\/v2\/media?parent=26937"}],"wp:term":[{"taxonomy":"product_brand","embeddable":true,"href":"https:\/\/ljcreate.com\/es\/wp-json\/wp\/v2\/product_brand?post=26937"},{"taxonomy":"product_cat","embeddable":true,"href":"https:\/\/ljcreate.com\/es\/wp-json\/wp\/v2\/product_cat?post=26937"},{"taxonomy":"product_tag","embeddable":true,"href":"https:\/\/ljcreate.com\/es\/wp-json\/wp\/v2\/product_tag?post=26937"}],"curies":[{"name":"wp","href":"https:\/\/api.w.org\/{rel}","templated":true}]}}