{"id":26936,"date":"2021-08-09T06:43:59","date_gmt":"2021-08-09T11:43:59","guid":{"rendered":"https:\/\/alpha.ljcreate.com\/product\/sin%20categor\u00eda\/lj-create-engineering\/"},"modified":"2023-06-26T17:01:24","modified_gmt":"2023-06-26T16:01:24","slug":"lj-create-engineering","status":"publish","type":"product","link":"https:\/\/ljcreate.com\/es\/elearning\/lj-create-engineering\/","title":{"rendered":"LJ Create Ingenier\u00eda"},"content":{"rendered":"<p>Ofrecemos material sobre casi todos los temas de ingenier\u00eda el\u00e9ctrica o mec\u00e1nica. Las lecciones est\u00e1n dise\u00f1adas para ofrecer habilidades laborales y conocimientos b\u00e1sicos. El paquete tambi\u00e9n incluye lecciones acad\u00e9micas esenciales para la formaci\u00f3n en ingenier\u00eda.<\/p>\n<h5><strong>Los t\u00edtulos de los temas incluyen:<\/strong><\/h5>\n<ul>\n<li>Ingenier\u00eda de materiales<\/li>\n<li>Dibujo de ingenier\u00eda<\/li>\n<li>Fluido de potencia<\/li>\n<li>Sistemas mec\u00e1nicos<\/li>\n<li>Fabricaci\u00f3n incluyendo CNC<\/li>\n<li>Ingenier\u00eda de m\u00e1quinas e instrumentos<\/li>\n<li>Inspecci\u00f3n y QM<\/li>\n<li>Controles Industriales<\/li>\n<li>El\u00e9ctrica y Electr\u00f3nica<\/li>\n<\/ul>\n<p>&nbsp;<\/p>\n<h5><strong>Adem\u00e1s del desarrollo de habilidades t\u00e9cnicas, se brinda apoyo esencial con lecciones en:<\/strong><\/h5>\n<ul>\n<li>Matem\u00e1ticas<\/li>\n<li>Destreza en lenguaje Ingl\u00e9s<\/li>\n<li>Ciencia de ingenier\u00eda<\/li>\n<li>Habilidades para los negocios<\/li>\n<li>Resoluci\u00f3n de problemas en el lugar de trabajo<\/li>\n<\/ul>\n<p>&nbsp;<\/p>\n<p><strong>En el Reino Unido<\/strong> y en otros lugares, dise\u00f1amos y homologamos nuestras lecciones con unidades L1 a L3 relacionadas con calificaciones como C&amp;G, BTEC, HND y EAL.<\/p>\n","protected":false},"excerpt":{"rendered":"<p>Ofrecemos material sobre casi todos los temas de ingenier\u00eda el\u00e9ctrica o mec\u00e1nica. Las lecciones est\u00e1n dise\u00f1adas para ofrecer habilidades laborales y conocimientos b\u00e1sicos. El paquete tambi\u00e9n incluye lecciones acad\u00e9micas esenciales para la formaci\u00f3n en ingenier\u00eda. Los t\u00edtulos de los temas incluyen: Ingenier\u00eda de materiales Dibujo de ingenier\u00eda Fluido de potencia Sistemas mec\u00e1nicos Fabricaci\u00f3n incluyendo CNC&hellip;<\/p>\n","protected":false},"featured_media":31610,"template":"","meta":{"_acf_changed":false,"inline_featured_image":false},"product_brand":[],"product_cat":[56,85,137,58,109,80,118,138,144],"product_tag":[],"class_list":{"0":"post-26936","1":"product","2":"type-product","3":"status-publish","4":"has-post-thumbnail","6":"product_cat-elearning","7":"product_cat-elearning-uk","8":"product_cat-elearning-es-2","9":"product_cat-engineering","10":"product_cat-elearning-3","11":"product_cat-engineering-uk","12":"product_cat-elearning-uk-2","13":"product_cat-engineering-es","14":"product_cat-elearning-es-3","16":"first","17":"instock","18":"shipping-taxable","19":"product-type-simple"},"acf":[],"yoast_head":"<!-- This site is optimized with the Yoast SEO plugin v27.1.1 - https:\/\/yoast.com\/product\/yoast-seo-wordpress\/ -->\n<title>Plan de estudios de Ingenier\u00eda: Electr\u00f3nica, Mec\u00e1nica y m\u00e1s | LJ Create<\/title>\n<meta name=\"description\" content=\"Nuestro plan de estudios de Ingenier\u00eda ofrece lecciones de habilidades y conocimientos en el lugar de trabajo sobre casi todos los temas en un programa de Ingenier\u00eda El\u00e9ctr\u00f3nica o Ingenier\u00eda Mec\u00e1nica.\" \/>\n<meta name=\"robots\" content=\"index, follow, max-snippet:-1, max-image-preview:large, max-video-preview:-1\" \/>\n<link rel=\"canonical\" href=\"https:\/\/ljcreate.com\/es\/elearning\/lj-create-engineering\/\" \/>\n<meta property=\"og:locale\" content=\"es_ES\" \/>\n<meta property=\"og:type\" content=\"article\" \/>\n<meta property=\"og:title\" content=\"Plan de estudios de Ingenier\u00eda: Electr\u00f3nica, Mec\u00e1nica y m\u00e1s | LJ Create\" \/>\n<meta property=\"og:description\" content=\"Nuestro plan de estudios de Ingenier\u00eda ofrece lecciones de habilidades y conocimientos en el lugar de trabajo sobre casi todos los temas en un programa de Ingenier\u00eda El\u00e9ctr\u00f3nica o Ingenier\u00eda Mec\u00e1nica.\" \/>\n<meta property=\"og:url\" content=\"https:\/\/ljcreate.com\/es\/elearning\/lj-create-engineering\/\" \/>\n<meta property=\"og:site_name\" content=\"LJ Create\" \/>\n<meta property=\"article:modified_time\" content=\"2023-06-26T16:01:24+00:00\" \/>\n<meta property=\"og:image\" content=\"https:\/\/ljcreate.com\/wp-content\/uploads\/2021\/08\/ljcreateEngineering.webp\" \/>\n\t<meta property=\"og:image:width\" content=\"1200\" \/>\n\t<meta property=\"og:image:height\" content=\"600\" \/>\n\t<meta property=\"og:image:type\" content=\"image\/webp\" \/>\n<meta name=\"twitter:card\" content=\"summary_large_image\" \/>\n<meta name=\"twitter:label1\" content=\"Tiempo de lectura\" \/>\n\t<meta name=\"twitter:data1\" content=\"1 minuto\" \/>\n<script type=\"application\/ld+json\" class=\"yoast-schema-graph\">{\"@context\":\"https:\/\/schema.org\",\"@graph\":[{\"@type\":\"WebPage\",\"@id\":\"https:\/\/ljcreate.com\/es\/elearning\/lj-create-engineering\/\",\"url\":\"https:\/\/ljcreate.com\/es\/elearning\/lj-create-engineering\/\",\"name\":\"Plan de estudios de Ingenier\u00eda: Electr\u00f3nica, Mec\u00e1nica y m\u00e1s | LJ Create\",\"isPartOf\":{\"@id\":\"https:\/\/ljcreate.com\/es\/#website\"},\"primaryImageOfPage\":{\"@id\":\"https:\/\/ljcreate.com\/es\/elearning\/lj-create-engineering\/#primaryimage\"},\"image\":{\"@id\":\"https:\/\/ljcreate.com\/es\/elearning\/lj-create-engineering\/#primaryimage\"},\"thumbnailUrl\":\"https:\/\/ljcreate.com\/wp-content\/uploads\/2021\/08\/ljcreateEngineering.webp\",\"datePublished\":\"2021-08-09T11:43:59+00:00\",\"dateModified\":\"2023-06-26T16:01:24+00:00\",\"description\":\"Nuestro plan de estudios de Ingenier\u00eda ofrece lecciones de habilidades y conocimientos en el lugar de trabajo sobre casi todos los temas en un programa de Ingenier\u00eda El\u00e9ctr\u00f3nica o Ingenier\u00eda Mec\u00e1nica.\",\"breadcrumb\":{\"@id\":\"https:\/\/ljcreate.com\/es\/elearning\/lj-create-engineering\/#breadcrumb\"},\"inLanguage\":\"es\",\"potentialAction\":[{\"@type\":\"ReadAction\",\"target\":[\"https:\/\/ljcreate.com\/es\/elearning\/lj-create-engineering\/\"]}]},{\"@type\":\"ImageObject\",\"inLanguage\":\"es\",\"@id\":\"https:\/\/ljcreate.com\/es\/elearning\/lj-create-engineering\/#primaryimage\",\"url\":\"https:\/\/ljcreate.com\/wp-content\/uploads\/2021\/08\/ljcreateEngineering.webp\",\"contentUrl\":\"https:\/\/ljcreate.com\/wp-content\/uploads\/2021\/08\/ljcreateEngineering.webp\",\"width\":1200,\"height\":600,\"caption\":\"A group of electronic devices displaying Engineering Software\"},{\"@type\":\"BreadcrumbList\",\"@id\":\"https:\/\/ljcreate.com\/es\/elearning\/lj-create-engineering\/#breadcrumb\",\"itemListElement\":[{\"@type\":\"ListItem\",\"position\":1,\"name\":\"Home\",\"item\":\"https:\/\/ljcreate.com\/es\/\"},{\"@type\":\"ListItem\",\"position\":2,\"name\":\"Productos\",\"item\":\"https:\/\/ljcreate.com\/es\/shop\/\"},{\"@type\":\"ListItem\",\"position\":3,\"name\":\"eLearning\",\"item\":\"https:\/\/ljcreate.com\/product-category\/elearning\/\"},{\"@type\":\"ListItem\",\"position\":4,\"name\":\"LJ Create Ingenier\u00eda\"}]},{\"@type\":\"WebSite\",\"@id\":\"https:\/\/ljcreate.com\/es\/#website\",\"url\":\"https:\/\/ljcreate.com\/es\/\",\"name\":\"LJ Create\",\"description\":\"Innovate, Inspire, and Engage\",\"publisher\":{\"@id\":\"https:\/\/ljcreate.com\/es\/#organization\"},\"alternateName\":\"Creative Learning (Norwich) Limited\",\"potentialAction\":[{\"@type\":\"SearchAction\",\"target\":{\"@type\":\"EntryPoint\",\"urlTemplate\":\"https:\/\/ljcreate.com\/es\/?s={search_term_string}\"},\"query-input\":{\"@type\":\"PropertyValueSpecification\",\"valueRequired\":true,\"valueName\":\"search_term_string\"}}],\"inLanguage\":\"es\"},{\"@type\":\"Organization\",\"@id\":\"https:\/\/ljcreate.com\/es\/#organization\",\"name\":\"LJ Create\",\"url\":\"https:\/\/ljcreate.com\/es\/\",\"logo\":{\"@type\":\"ImageObject\",\"inLanguage\":\"es\",\"@id\":\"https:\/\/ljcreate.com\/es\/#\/schema\/logo\/image\/\",\"url\":\"https:\/\/ljcreate.com\/wp-content\/uploads\/2021\/07\/logo.svg\",\"contentUrl\":\"https:\/\/ljcreate.com\/wp-content\/uploads\/2021\/07\/logo.svg\",\"width\":\"1024\",\"height\":\"1024\",\"caption\":\"LJ Create\"},\"image\":{\"@id\":\"https:\/\/ljcreate.com\/es\/#\/schema\/logo\/image\/\"}}]}<\/script>\n<!-- \/ Yoast SEO plugin. -->","yoast_head_json":{"title":"Plan de estudios de Ingenier\u00eda: Electr\u00f3nica, Mec\u00e1nica y m\u00e1s | LJ Create","description":"Nuestro plan de estudios de Ingenier\u00eda ofrece lecciones de habilidades y conocimientos en el lugar de trabajo sobre casi todos los temas en un programa de Ingenier\u00eda El\u00e9ctr\u00f3nica o Ingenier\u00eda Mec\u00e1nica.","robots":{"index":"index","follow":"follow","max-snippet":"max-snippet:-1","max-image-preview":"max-image-preview:large","max-video-preview":"max-video-preview:-1"},"canonical":"https:\/\/ljcreate.com\/es\/elearning\/lj-create-engineering\/","og_locale":"es_ES","og_type":"article","og_title":"Plan de estudios de Ingenier\u00eda: Electr\u00f3nica, Mec\u00e1nica y m\u00e1s | LJ Create","og_description":"Nuestro plan de estudios de Ingenier\u00eda ofrece lecciones de habilidades y conocimientos en el lugar de trabajo sobre casi todos los temas en un programa de Ingenier\u00eda El\u00e9ctr\u00f3nica o Ingenier\u00eda Mec\u00e1nica.","og_url":"https:\/\/ljcreate.com\/es\/elearning\/lj-create-engineering\/","og_site_name":"LJ Create","article_modified_time":"2023-06-26T16:01:24+00:00","og_image":[{"width":1200,"height":600,"url":"https:\/\/ljcreate.com\/wp-content\/uploads\/2021\/08\/ljcreateEngineering.webp","type":"image\/webp"}],"twitter_card":"summary_large_image","twitter_misc":{"Tiempo de lectura":"1 minuto"},"schema":{"@context":"https:\/\/schema.org","@graph":[{"@type":"WebPage","@id":"https:\/\/ljcreate.com\/es\/elearning\/lj-create-engineering\/","url":"https:\/\/ljcreate.com\/es\/elearning\/lj-create-engineering\/","name":"Plan de estudios de Ingenier\u00eda: Electr\u00f3nica, Mec\u00e1nica y m\u00e1s | LJ Create","isPartOf":{"@id":"https:\/\/ljcreate.com\/es\/#website"},"primaryImageOfPage":{"@id":"https:\/\/ljcreate.com\/es\/elearning\/lj-create-engineering\/#primaryimage"},"image":{"@id":"https:\/\/ljcreate.com\/es\/elearning\/lj-create-engineering\/#primaryimage"},"thumbnailUrl":"https:\/\/ljcreate.com\/wp-content\/uploads\/2021\/08\/ljcreateEngineering.webp","datePublished":"2021-08-09T11:43:59+00:00","dateModified":"2023-06-26T16:01:24+00:00","description":"Nuestro plan de estudios de Ingenier\u00eda ofrece lecciones de habilidades y conocimientos en el lugar de trabajo sobre casi todos los temas en un programa de Ingenier\u00eda El\u00e9ctr\u00f3nica o Ingenier\u00eda Mec\u00e1nica.","breadcrumb":{"@id":"https:\/\/ljcreate.com\/es\/elearning\/lj-create-engineering\/#breadcrumb"},"inLanguage":"es","potentialAction":[{"@type":"ReadAction","target":["https:\/\/ljcreate.com\/es\/elearning\/lj-create-engineering\/"]}]},{"@type":"ImageObject","inLanguage":"es","@id":"https:\/\/ljcreate.com\/es\/elearning\/lj-create-engineering\/#primaryimage","url":"https:\/\/ljcreate.com\/wp-content\/uploads\/2021\/08\/ljcreateEngineering.webp","contentUrl":"https:\/\/ljcreate.com\/wp-content\/uploads\/2021\/08\/ljcreateEngineering.webp","width":1200,"height":600,"caption":"A group of electronic devices displaying Engineering Software"},{"@type":"BreadcrumbList","@id":"https:\/\/ljcreate.com\/es\/elearning\/lj-create-engineering\/#breadcrumb","itemListElement":[{"@type":"ListItem","position":1,"name":"Home","item":"https:\/\/ljcreate.com\/es\/"},{"@type":"ListItem","position":2,"name":"Productos","item":"https:\/\/ljcreate.com\/es\/shop\/"},{"@type":"ListItem","position":3,"name":"eLearning","item":"https:\/\/ljcreate.com\/product-category\/elearning\/"},{"@type":"ListItem","position":4,"name":"LJ Create Ingenier\u00eda"}]},{"@type":"WebSite","@id":"https:\/\/ljcreate.com\/es\/#website","url":"https:\/\/ljcreate.com\/es\/","name":"LJ Create","description":"Innovate, Inspire, and Engage","publisher":{"@id":"https:\/\/ljcreate.com\/es\/#organization"},"alternateName":"Creative Learning (Norwich) Limited","potentialAction":[{"@type":"SearchAction","target":{"@type":"EntryPoint","urlTemplate":"https:\/\/ljcreate.com\/es\/?s={search_term_string}"},"query-input":{"@type":"PropertyValueSpecification","valueRequired":true,"valueName":"search_term_string"}}],"inLanguage":"es"},{"@type":"Organization","@id":"https:\/\/ljcreate.com\/es\/#organization","name":"LJ Create","url":"https:\/\/ljcreate.com\/es\/","logo":{"@type":"ImageObject","inLanguage":"es","@id":"https:\/\/ljcreate.com\/es\/#\/schema\/logo\/image\/","url":"https:\/\/ljcreate.com\/wp-content\/uploads\/2021\/07\/logo.svg","contentUrl":"https:\/\/ljcreate.com\/wp-content\/uploads\/2021\/07\/logo.svg","width":"1024","height":"1024","caption":"LJ Create"},"image":{"@id":"https:\/\/ljcreate.com\/es\/#\/schema\/logo\/image\/"}}]}},"_links":{"self":[{"href":"https:\/\/ljcreate.com\/es\/wp-json\/wp\/v2\/product\/26936","targetHints":{"allow":["GET"]}}],"collection":[{"href":"https:\/\/ljcreate.com\/es\/wp-json\/wp\/v2\/product"}],"about":[{"href":"https:\/\/ljcreate.com\/es\/wp-json\/wp\/v2\/types\/product"}],"wp:featuredmedia":[{"embeddable":true,"href":"https:\/\/ljcreate.com\/es\/wp-json\/wp\/v2\/media\/31610"}],"wp:attachment":[{"href":"https:\/\/ljcreate.com\/es\/wp-json\/wp\/v2\/media?parent=26936"}],"wp:term":[{"taxonomy":"product_brand","embeddable":true,"href":"https:\/\/ljcreate.com\/es\/wp-json\/wp\/v2\/product_brand?post=26936"},{"taxonomy":"product_cat","embeddable":true,"href":"https:\/\/ljcreate.com\/es\/wp-json\/wp\/v2\/product_cat?post=26936"},{"taxonomy":"product_tag","embeddable":true,"href":"https:\/\/ljcreate.com\/es\/wp-json\/wp\/v2\/product_tag?post=26936"}],"curies":[{"name":"wp","href":"https:\/\/api.w.org\/{rel}","templated":true}]}}