{"id":26932,"date":"2021-08-16T13:32:45","date_gmt":"2021-08-16T18:32:45","guid":{"rendered":"https:\/\/alpha.ljcreate.com\/product\/sin%20categor\u00eda\/sustainable-energy-production-trainer\/"},"modified":"2023-07-06T14:25:12","modified_gmt":"2023-07-06T13:25:12","slug":"sustainable-energy-production-trainer","status":"publish","type":"product","link":"https:\/\/ljcreate.com\/es\/stem-career-exploration\/sustainable-energy-production-trainer\/","title":{"rendered":"Instructor de producci\u00f3n de energ\u00eda sostenible"},"content":{"rendered":"<p>El Instructor de producci\u00f3n de energ\u00eda sostenible (100-01) consta de los siguientes demostradores:<\/p>\n<h5>Horno solar<\/h5>\n<p>Un conjunto de plato parab\u00f3lico dise\u00f1ado para concentrar la energ\u00eda del sol en un punto focal para crear calor. La configuraci\u00f3n est\u00e1ndar incluye un recept\u00e1culo para monitorear el aumento de la temperatura del agua debido al calor creado como actividad de demostraci\u00f3n.<\/p>\n<h5>Motor termoac\u00fastico<\/h5>\n<p>Este dispositivo demuestra c\u00f3mo una fuente de calor puede generar una onda estacionaria en un gas. La oscilaci\u00f3n se puede utilizar en este caso para impulsar un pist\u00f3n y un volante, que a su vez est\u00e1 conectado a un peque\u00f1o generador. La potencia se puede controlar a trav\u00e9s de los puntos de conexi\u00f3n de 2 mm. Esta unidad tambi\u00e9n se puede ubicar en el conjunto del horno solar que se puede utilizar para reemplazar el quemador como fuente de calor para demostrar una fuente de energ\u00eda totalmente sostenible.<\/p>\n<h5>Motor Stirling<\/h5>\n<p>Este modelo de sobremesa demuestra c\u00f3mo se puede utilizar la compresi\u00f3n c\u00edclica de un gas para convertir la energ\u00eda t\u00e9rmica en energ\u00eda mec\u00e1nica. La unidad incluye un recipiente de metal que se llena con agua caliente para proporcionar la fuente de calor.<\/p>\n","protected":false},"excerpt":{"rendered":"<p>El Instructor de producci\u00f3n de energ\u00eda sostenible (100-01) consta de los siguientes demostradores: Horno solar Un conjunto de plato parab\u00f3lico dise\u00f1ado para concentrar la energ\u00eda del sol en un punto focal para crear calor. La configuraci\u00f3n est\u00e1ndar incluye un recept\u00e1culo para monitorear el aumento de la temperatura del agua debido al calor creado como actividad&hellip;<\/p>\n","protected":false},"featured_media":19160,"template":"","meta":{"_acf_changed":false,"inline_featured_image":false},"product_brand":[],"product_cat":[80,120,138,142,57,95],"product_tag":[],"class_list":{"0":"post-26932","1":"product","2":"type-product","3":"status-publish","4":"has-post-thumbnail","6":"product_cat-engineering-uk","7":"product_cat-core-engineering-equipment-uk","8":"product_cat-engineering-es","9":"product_cat-equipo-de-ingenieria-central","10":"product_cat-stem-career-exploration","11":"product_cat-design-and-technology-equipment","13":"first","14":"instock","15":"shipping-taxable","16":"product-type-simple"},"acf":[],"yoast_head":"<!-- This site is optimized with the Yoast SEO plugin v27.3 - https:\/\/yoast.com\/product\/yoast-seo-wordpress\/ -->\n<title>Instructor de producci\u00f3n de energ\u00eda sostenible | LJ Create<\/title>\n<meta name=\"robots\" content=\"index, follow, max-snippet:-1, max-image-preview:large, max-video-preview:-1\" \/>\n<link rel=\"canonical\" href=\"https:\/\/ljcreate.com\/es\/stem-career-exploration\/sustainable-energy-production-trainer\/\" \/>\n<meta property=\"og:locale\" content=\"es_ES\" \/>\n<meta property=\"og:type\" content=\"article\" \/>\n<meta property=\"og:title\" content=\"Instructor de producci\u00f3n de energ\u00eda sostenible | LJ Create\" \/>\n<meta property=\"og:description\" content=\"El Instructor de producci\u00f3n de energ\u00eda sostenible (100-01) consta de los siguientes demostradores: Horno solar Un conjunto de plato parab\u00f3lico dise\u00f1ado para concentrar la energ\u00eda del sol en un punto focal para crear calor. La configuraci\u00f3n est\u00e1ndar incluye un recept\u00e1culo para monitorear el aumento de la temperatura del agua debido al calor creado como actividad&hellip;\" \/>\n<meta property=\"og:url\" content=\"https:\/\/ljcreate.com\/es\/stem-career-exploration\/sustainable-energy-production-trainer\/\" \/>\n<meta property=\"og:site_name\" content=\"LJ Create\" \/>\n<meta property=\"article:modified_time\" content=\"2023-07-06T13:25:12+00:00\" \/>\n<meta property=\"og:image\" content=\"https:\/\/ljcreate.com\/wp-content\/uploads\/2021\/08\/100-01_Main.jpg\" \/>\n\t<meta property=\"og:image:width\" content=\"1800\" \/>\n\t<meta property=\"og:image:height\" content=\"881\" \/>\n\t<meta property=\"og:image:type\" content=\"image\/jpeg\" \/>\n<meta name=\"twitter:card\" content=\"summary_large_image\" \/>\n<meta name=\"twitter:label1\" content=\"Tiempo de lectura\" \/>\n\t<meta name=\"twitter:data1\" content=\"1 minuto\" \/>\n<script type=\"application\/ld+json\" class=\"yoast-schema-graph\">{\"@context\":\"https:\\\/\\\/schema.org\",\"@graph\":[{\"@type\":\"WebPage\",\"@id\":\"https:\\\/\\\/ljcreate.com\\\/es\\\/stem-career-exploration\\\/sustainable-energy-production-trainer\\\/\",\"url\":\"https:\\\/\\\/ljcreate.com\\\/es\\\/stem-career-exploration\\\/sustainable-energy-production-trainer\\\/\",\"name\":\"Instructor de producci\u00f3n de energ\u00eda sostenible | LJ Create\",\"isPartOf\":{\"@id\":\"https:\\\/\\\/ljcreate.com\\\/es\\\/#website\"},\"primaryImageOfPage\":{\"@id\":\"https:\\\/\\\/ljcreate.com\\\/es\\\/stem-career-exploration\\\/sustainable-energy-production-trainer\\\/#primaryimage\"},\"image\":{\"@id\":\"https:\\\/\\\/ljcreate.com\\\/es\\\/stem-career-exploration\\\/sustainable-energy-production-trainer\\\/#primaryimage\"},\"thumbnailUrl\":\"https:\\\/\\\/ljcreate.com\\\/wp-content\\\/uploads\\\/2021\\\/08\\\/100-01_Main.jpg\",\"datePublished\":\"2021-08-16T18:32:45+00:00\",\"dateModified\":\"2023-07-06T13:25:12+00:00\",\"breadcrumb\":{\"@id\":\"https:\\\/\\\/ljcreate.com\\\/es\\\/stem-career-exploration\\\/sustainable-energy-production-trainer\\\/#breadcrumb\"},\"inLanguage\":\"es\",\"potentialAction\":[{\"@type\":\"ReadAction\",\"target\":[\"https:\\\/\\\/ljcreate.com\\\/es\\\/stem-career-exploration\\\/sustainable-energy-production-trainer\\\/\"]}]},{\"@type\":\"ImageObject\",\"inLanguage\":\"es\",\"@id\":\"https:\\\/\\\/ljcreate.com\\\/es\\\/stem-career-exploration\\\/sustainable-energy-production-trainer\\\/#primaryimage\",\"url\":\"https:\\\/\\\/ljcreate.com\\\/wp-content\\\/uploads\\\/2021\\\/08\\\/100-01_Main.jpg\",\"contentUrl\":\"https:\\\/\\\/ljcreate.com\\\/wp-content\\\/uploads\\\/2021\\\/08\\\/100-01_Main.jpg\",\"width\":1800,\"height\":881,\"caption\":\"Sustainable Energy Production Trainer\"},{\"@type\":\"BreadcrumbList\",\"@id\":\"https:\\\/\\\/ljcreate.com\\\/es\\\/stem-career-exploration\\\/sustainable-energy-production-trainer\\\/#breadcrumb\",\"itemListElement\":[{\"@type\":\"ListItem\",\"position\":1,\"name\":\"Home\",\"item\":\"https:\\\/\\\/ljcreate.com\\\/es\\\/\"},{\"@type\":\"ListItem\",\"position\":2,\"name\":\"Productos\",\"item\":\"https:\\\/\\\/ljcreate.com\\\/es\\\/shop\\\/\"},{\"@type\":\"ListItem\",\"position\":3,\"name\":\"STEM\\\/Career Exploration\",\"item\":\"https:\\\/\\\/ljcreate.com\\\/product-category\\\/stem-career-exploration\\\/\"},{\"@type\":\"ListItem\",\"position\":4,\"name\":\"Instructor de producci\u00f3n de energ\u00eda sostenible\"}]},{\"@type\":\"WebSite\",\"@id\":\"https:\\\/\\\/ljcreate.com\\\/es\\\/#website\",\"url\":\"https:\\\/\\\/ljcreate.com\\\/es\\\/\",\"name\":\"LJ Create\",\"description\":\"Innovate, Inspire, and Engage\",\"publisher\":{\"@id\":\"https:\\\/\\\/ljcreate.com\\\/es\\\/#organization\"},\"alternateName\":\"Creative Learning (Norwich) Limited\",\"potentialAction\":[{\"@type\":\"SearchAction\",\"target\":{\"@type\":\"EntryPoint\",\"urlTemplate\":\"https:\\\/\\\/ljcreate.com\\\/es\\\/?s={search_term_string}\"},\"query-input\":{\"@type\":\"PropertyValueSpecification\",\"valueRequired\":true,\"valueName\":\"search_term_string\"}}],\"inLanguage\":\"es\"},{\"@type\":\"Organization\",\"@id\":\"https:\\\/\\\/ljcreate.com\\\/es\\\/#organization\",\"name\":\"LJ Create\",\"url\":\"https:\\\/\\\/ljcreate.com\\\/es\\\/\",\"logo\":{\"@type\":\"ImageObject\",\"inLanguage\":\"es\",\"@id\":\"https:\\\/\\\/ljcreate.com\\\/es\\\/#\\\/schema\\\/logo\\\/image\\\/\",\"url\":\"https:\\\/\\\/ljcreate.com\\\/wp-content\\\/uploads\\\/2021\\\/07\\\/logo.svg\",\"contentUrl\":\"https:\\\/\\\/ljcreate.com\\\/wp-content\\\/uploads\\\/2021\\\/07\\\/logo.svg\",\"width\":\"1024\",\"height\":\"1024\",\"caption\":\"LJ Create\"},\"image\":{\"@id\":\"https:\\\/\\\/ljcreate.com\\\/es\\\/#\\\/schema\\\/logo\\\/image\\\/\"}}]}<\/script>\n<!-- \/ Yoast SEO plugin. -->","yoast_head_json":{"title":"Instructor de producci\u00f3n de energ\u00eda sostenible | LJ Create","robots":{"index":"index","follow":"follow","max-snippet":"max-snippet:-1","max-image-preview":"max-image-preview:large","max-video-preview":"max-video-preview:-1"},"canonical":"https:\/\/ljcreate.com\/es\/stem-career-exploration\/sustainable-energy-production-trainer\/","og_locale":"es_ES","og_type":"article","og_title":"Instructor de producci\u00f3n de energ\u00eda sostenible | LJ Create","og_description":"El Instructor de producci\u00f3n de energ\u00eda sostenible (100-01) consta de los siguientes demostradores: Horno solar Un conjunto de plato parab\u00f3lico dise\u00f1ado para concentrar la energ\u00eda del sol en un punto focal para crear calor. La configuraci\u00f3n est\u00e1ndar incluye un recept\u00e1culo para monitorear el aumento de la temperatura del agua debido al calor creado como actividad&hellip;","og_url":"https:\/\/ljcreate.com\/es\/stem-career-exploration\/sustainable-energy-production-trainer\/","og_site_name":"LJ Create","article_modified_time":"2023-07-06T13:25:12+00:00","og_image":[{"width":1800,"height":881,"url":"https:\/\/ljcreate.com\/wp-content\/uploads\/2021\/08\/100-01_Main.jpg","type":"image\/jpeg"}],"twitter_card":"summary_large_image","twitter_misc":{"Tiempo de lectura":"1 minuto"},"schema":{"@context":"https:\/\/schema.org","@graph":[{"@type":"WebPage","@id":"https:\/\/ljcreate.com\/es\/stem-career-exploration\/sustainable-energy-production-trainer\/","url":"https:\/\/ljcreate.com\/es\/stem-career-exploration\/sustainable-energy-production-trainer\/","name":"Instructor de producci\u00f3n de energ\u00eda sostenible | LJ Create","isPartOf":{"@id":"https:\/\/ljcreate.com\/es\/#website"},"primaryImageOfPage":{"@id":"https:\/\/ljcreate.com\/es\/stem-career-exploration\/sustainable-energy-production-trainer\/#primaryimage"},"image":{"@id":"https:\/\/ljcreate.com\/es\/stem-career-exploration\/sustainable-energy-production-trainer\/#primaryimage"},"thumbnailUrl":"https:\/\/ljcreate.com\/wp-content\/uploads\/2021\/08\/100-01_Main.jpg","datePublished":"2021-08-16T18:32:45+00:00","dateModified":"2023-07-06T13:25:12+00:00","breadcrumb":{"@id":"https:\/\/ljcreate.com\/es\/stem-career-exploration\/sustainable-energy-production-trainer\/#breadcrumb"},"inLanguage":"es","potentialAction":[{"@type":"ReadAction","target":["https:\/\/ljcreate.com\/es\/stem-career-exploration\/sustainable-energy-production-trainer\/"]}]},{"@type":"ImageObject","inLanguage":"es","@id":"https:\/\/ljcreate.com\/es\/stem-career-exploration\/sustainable-energy-production-trainer\/#primaryimage","url":"https:\/\/ljcreate.com\/wp-content\/uploads\/2021\/08\/100-01_Main.jpg","contentUrl":"https:\/\/ljcreate.com\/wp-content\/uploads\/2021\/08\/100-01_Main.jpg","width":1800,"height":881,"caption":"Sustainable Energy Production Trainer"},{"@type":"BreadcrumbList","@id":"https:\/\/ljcreate.com\/es\/stem-career-exploration\/sustainable-energy-production-trainer\/#breadcrumb","itemListElement":[{"@type":"ListItem","position":1,"name":"Home","item":"https:\/\/ljcreate.com\/es\/"},{"@type":"ListItem","position":2,"name":"Productos","item":"https:\/\/ljcreate.com\/es\/shop\/"},{"@type":"ListItem","position":3,"name":"STEM\/Career Exploration","item":"https:\/\/ljcreate.com\/product-category\/stem-career-exploration\/"},{"@type":"ListItem","position":4,"name":"Instructor de producci\u00f3n de energ\u00eda sostenible"}]},{"@type":"WebSite","@id":"https:\/\/ljcreate.com\/es\/#website","url":"https:\/\/ljcreate.com\/es\/","name":"LJ Create","description":"Innovate, Inspire, and Engage","publisher":{"@id":"https:\/\/ljcreate.com\/es\/#organization"},"alternateName":"Creative Learning (Norwich) Limited","potentialAction":[{"@type":"SearchAction","target":{"@type":"EntryPoint","urlTemplate":"https:\/\/ljcreate.com\/es\/?s={search_term_string}"},"query-input":{"@type":"PropertyValueSpecification","valueRequired":true,"valueName":"search_term_string"}}],"inLanguage":"es"},{"@type":"Organization","@id":"https:\/\/ljcreate.com\/es\/#organization","name":"LJ Create","url":"https:\/\/ljcreate.com\/es\/","logo":{"@type":"ImageObject","inLanguage":"es","@id":"https:\/\/ljcreate.com\/es\/#\/schema\/logo\/image\/","url":"https:\/\/ljcreate.com\/wp-content\/uploads\/2021\/07\/logo.svg","contentUrl":"https:\/\/ljcreate.com\/wp-content\/uploads\/2021\/07\/logo.svg","width":"1024","height":"1024","caption":"LJ Create"},"image":{"@id":"https:\/\/ljcreate.com\/es\/#\/schema\/logo\/image\/"}}]}},"_links":{"self":[{"href":"https:\/\/ljcreate.com\/es\/wp-json\/wp\/v2\/product\/26932","targetHints":{"allow":["GET"]}}],"collection":[{"href":"https:\/\/ljcreate.com\/es\/wp-json\/wp\/v2\/product"}],"about":[{"href":"https:\/\/ljcreate.com\/es\/wp-json\/wp\/v2\/types\/product"}],"wp:featuredmedia":[{"embeddable":true,"href":"https:\/\/ljcreate.com\/es\/wp-json\/wp\/v2\/media\/19160"}],"wp:attachment":[{"href":"https:\/\/ljcreate.com\/es\/wp-json\/wp\/v2\/media?parent=26932"}],"wp:term":[{"taxonomy":"product_brand","embeddable":true,"href":"https:\/\/ljcreate.com\/es\/wp-json\/wp\/v2\/product_brand?post=26932"},{"taxonomy":"product_cat","embeddable":true,"href":"https:\/\/ljcreate.com\/es\/wp-json\/wp\/v2\/product_cat?post=26932"},{"taxonomy":"product_tag","embeddable":true,"href":"https:\/\/ljcreate.com\/es\/wp-json\/wp\/v2\/product_tag?post=26932"}],"curies":[{"name":"wp","href":"https:\/\/api.w.org\/{rel}","templated":true}]}}