{"id":26931,"date":"2021-08-16T14:02:09","date_gmt":"2021-08-16T19:02:09","guid":{"rendered":"https:\/\/alpha.ljcreate.com\/product\/sin%20categor\u00eda\/research-and-design-teaching-set-includes-1-x-150-01-and-1-x-150-02\/"},"modified":"2025-11-10T09:23:59","modified_gmt":"2025-11-10T09:23:59","slug":"research-and-design-teaching-set","status":"publish","type":"product","link":"https:\/\/ljcreate.com\/es\/engineering\/research-and-design-teaching-set\/","title":{"rendered":"Conjunto de ense\u00f1anza de investigaci\u00f3n y dise\u00f1o"},"content":{"rendered":"<h5>Conjunto de ense\u00f1anza de investigaci\u00f3n y dise\u00f1o (150-00) &#8211; las actividades pr\u00e1cticas t\u00edpicas incluyen:<\/h5>\n<ul>\n<li>Identificar los problemas de transporte como problemas que un proyecto de investigaci\u00f3n y dise\u00f1o podr\u00eda intentar resolver.<\/li>\n<li>Extraiga informaci\u00f3n para crear una lista formal de especificaciones para un informe de dise\u00f1o.<\/li>\n<li>Investigar e investigar tecnolog\u00edas de transporte<\/li>\n<li>Utilice Internet para buscar informaci\u00f3n sobre los combustibles utilizados en los sistemas de propulsi\u00f3n.<\/li>\n<li>Utilice un laboratorio virtual para probar materiales que se utilizar\u00e1n para hacer contactos el\u00e9ctricos.<\/li>\n<li>Mide la fuerza creada por el choque de un veh\u00edculo modelo<\/li>\n<li>Dise\u00f1e un amortiguador para ser utilizado con un modelo de veh\u00edculo Maglev<\/li>\n<li>Descubra c\u00f3mo se utilizan las computadoras para controlar los<\/li>\n<li>Reducir las tarifas pagadas por los pasajeros que utilizan un sistema de transporte Maglev<\/li>\n<\/ul>\n","protected":false},"excerpt":{"rendered":"<p>Conjunto de ense\u00f1anza de investigaci\u00f3n y dise\u00f1o (150-00) &#8211; las actividades pr\u00e1cticas t\u00edpicas incluyen: Identificar los problemas de transporte como problemas que un proyecto de investigaci\u00f3n y dise\u00f1o podr\u00eda intentar resolver. Extraiga informaci\u00f3n para crear una lista formal de especificaciones para un informe de dise\u00f1o. Investigar e investigar tecnolog\u00edas de transporte Utilice Internet para buscar&hellip;<\/p>\n","protected":false},"featured_media":19200,"template":"","meta":{"_acf_changed":false,"inline_featured_image":false},"product_brand":[],"product_cat":[90],"product_tag":[],"class_list":{"0":"post-26931","1":"product","2":"type-product","3":"status-publish","4":"has-post-thumbnail","6":"product_cat-legacy","8":"first","9":"instock","10":"shipping-taxable","11":"product-type-simple"},"acf":[],"yoast_head":"<!-- This site is optimized with the Yoast SEO plugin v27.3 - https:\/\/yoast.com\/product\/yoast-seo-wordpress\/ -->\n<title>Conjunto de ense\u00f1anza de investigaci\u00f3n y dise\u00f1o | LJ Create<\/title>\n<meta name=\"robots\" content=\"index, follow, max-snippet:-1, max-image-preview:large, max-video-preview:-1\" \/>\n<link rel=\"canonical\" href=\"https:\/\/ljcreate.com\/es\/engineering\/research-and-design-teaching-set\/\" \/>\n<meta property=\"og:locale\" content=\"es_ES\" \/>\n<meta property=\"og:type\" content=\"article\" \/>\n<meta property=\"og:title\" content=\"Conjunto de ense\u00f1anza de investigaci\u00f3n y dise\u00f1o | LJ Create\" \/>\n<meta property=\"og:description\" content=\"Conjunto de ense\u00f1anza de investigaci\u00f3n y dise\u00f1o (150-00) &#8211; las actividades pr\u00e1cticas t\u00edpicas incluyen: Identificar los problemas de transporte como problemas que un proyecto de investigaci\u00f3n y dise\u00f1o podr\u00eda intentar resolver. Extraiga informaci\u00f3n para crear una lista formal de especificaciones para un informe de dise\u00f1o. Investigar e investigar tecnolog\u00edas de transporte Utilice Internet para buscar&hellip;\" \/>\n<meta property=\"og:url\" content=\"https:\/\/ljcreate.com\/es\/engineering\/research-and-design-teaching-set\/\" \/>\n<meta property=\"og:site_name\" content=\"LJ Create\" \/>\n<meta property=\"article:modified_time\" content=\"2025-11-10T09:23:59+00:00\" \/>\n<meta property=\"og:image\" content=\"https:\/\/ljcreate.com\/wp-content\/uploads\/2021\/08\/150-00_Main.jpg\" \/>\n\t<meta property=\"og:image:width\" content=\"1800\" \/>\n\t<meta property=\"og:image:height\" content=\"881\" \/>\n\t<meta property=\"og:image:type\" content=\"image\/jpeg\" \/>\n<meta name=\"twitter:card\" content=\"summary_large_image\" \/>\n<meta name=\"twitter:label1\" content=\"Tiempo de lectura\" \/>\n\t<meta name=\"twitter:data1\" content=\"1 minuto\" \/>\n<script type=\"application\/ld+json\" class=\"yoast-schema-graph\">{\"@context\":\"https:\\\/\\\/schema.org\",\"@graph\":[{\"@type\":\"WebPage\",\"@id\":\"https:\\\/\\\/ljcreate.com\\\/es\\\/engineering\\\/research-and-design-teaching-set\\\/\",\"url\":\"https:\\\/\\\/ljcreate.com\\\/es\\\/engineering\\\/research-and-design-teaching-set\\\/\",\"name\":\"Conjunto de ense\u00f1anza de investigaci\u00f3n y dise\u00f1o | LJ Create\",\"isPartOf\":{\"@id\":\"https:\\\/\\\/ljcreate.com\\\/es\\\/#website\"},\"primaryImageOfPage\":{\"@id\":\"https:\\\/\\\/ljcreate.com\\\/es\\\/engineering\\\/research-and-design-teaching-set\\\/#primaryimage\"},\"image\":{\"@id\":\"https:\\\/\\\/ljcreate.com\\\/es\\\/engineering\\\/research-and-design-teaching-set\\\/#primaryimage\"},\"thumbnailUrl\":\"https:\\\/\\\/ljcreate.com\\\/wp-content\\\/uploads\\\/2021\\\/08\\\/150-00_Main.jpg\",\"datePublished\":\"2021-08-16T19:02:09+00:00\",\"dateModified\":\"2025-11-10T09:23:59+00:00\",\"breadcrumb\":{\"@id\":\"https:\\\/\\\/ljcreate.com\\\/es\\\/engineering\\\/research-and-design-teaching-set\\\/#breadcrumb\"},\"inLanguage\":\"es\",\"potentialAction\":[{\"@type\":\"ReadAction\",\"target\":[\"https:\\\/\\\/ljcreate.com\\\/es\\\/engineering\\\/research-and-design-teaching-set\\\/\"]}]},{\"@type\":\"ImageObject\",\"inLanguage\":\"es\",\"@id\":\"https:\\\/\\\/ljcreate.com\\\/es\\\/engineering\\\/research-and-design-teaching-set\\\/#primaryimage\",\"url\":\"https:\\\/\\\/ljcreate.com\\\/wp-content\\\/uploads\\\/2021\\\/08\\\/150-00_Main.jpg\",\"contentUrl\":\"https:\\\/\\\/ljcreate.com\\\/wp-content\\\/uploads\\\/2021\\\/08\\\/150-00_Main.jpg\",\"width\":1800,\"height\":881,\"caption\":\"Research and Design Teaching Set\"},{\"@type\":\"BreadcrumbList\",\"@id\":\"https:\\\/\\\/ljcreate.com\\\/es\\\/engineering\\\/research-and-design-teaching-set\\\/#breadcrumb\",\"itemListElement\":[{\"@type\":\"ListItem\",\"position\":1,\"name\":\"Home\",\"item\":\"https:\\\/\\\/ljcreate.com\\\/es\\\/\"},{\"@type\":\"ListItem\",\"position\":2,\"name\":\"Productos\",\"item\":\"https:\\\/\\\/ljcreate.com\\\/es\\\/shop\\\/\"},{\"@type\":\"ListItem\",\"position\":3,\"name\":\"Legacy\",\"item\":\"https:\\\/\\\/ljcreate.com\\\/product-category\\\/legacy\\\/\"},{\"@type\":\"ListItem\",\"position\":4,\"name\":\"Conjunto de ense\u00f1anza de investigaci\u00f3n y dise\u00f1o\"}]},{\"@type\":\"WebSite\",\"@id\":\"https:\\\/\\\/ljcreate.com\\\/es\\\/#website\",\"url\":\"https:\\\/\\\/ljcreate.com\\\/es\\\/\",\"name\":\"LJ Create\",\"description\":\"Innovate, Inspire, and Engage\",\"publisher\":{\"@id\":\"https:\\\/\\\/ljcreate.com\\\/es\\\/#organization\"},\"alternateName\":\"Creative Learning (Norwich) Limited\",\"potentialAction\":[{\"@type\":\"SearchAction\",\"target\":{\"@type\":\"EntryPoint\",\"urlTemplate\":\"https:\\\/\\\/ljcreate.com\\\/es\\\/?s={search_term_string}\"},\"query-input\":{\"@type\":\"PropertyValueSpecification\",\"valueRequired\":true,\"valueName\":\"search_term_string\"}}],\"inLanguage\":\"es\"},{\"@type\":\"Organization\",\"@id\":\"https:\\\/\\\/ljcreate.com\\\/es\\\/#organization\",\"name\":\"LJ Create\",\"url\":\"https:\\\/\\\/ljcreate.com\\\/es\\\/\",\"logo\":{\"@type\":\"ImageObject\",\"inLanguage\":\"es\",\"@id\":\"https:\\\/\\\/ljcreate.com\\\/es\\\/#\\\/schema\\\/logo\\\/image\\\/\",\"url\":\"https:\\\/\\\/ljcreate.com\\\/wp-content\\\/uploads\\\/2021\\\/07\\\/logo.svg\",\"contentUrl\":\"https:\\\/\\\/ljcreate.com\\\/wp-content\\\/uploads\\\/2021\\\/07\\\/logo.svg\",\"width\":\"1024\",\"height\":\"1024\",\"caption\":\"LJ Create\"},\"image\":{\"@id\":\"https:\\\/\\\/ljcreate.com\\\/es\\\/#\\\/schema\\\/logo\\\/image\\\/\"}}]}<\/script>\n<!-- \/ Yoast SEO plugin. -->","yoast_head_json":{"title":"Conjunto de ense\u00f1anza de investigaci\u00f3n y dise\u00f1o | LJ Create","robots":{"index":"index","follow":"follow","max-snippet":"max-snippet:-1","max-image-preview":"max-image-preview:large","max-video-preview":"max-video-preview:-1"},"canonical":"https:\/\/ljcreate.com\/es\/engineering\/research-and-design-teaching-set\/","og_locale":"es_ES","og_type":"article","og_title":"Conjunto de ense\u00f1anza de investigaci\u00f3n y dise\u00f1o | LJ Create","og_description":"Conjunto de ense\u00f1anza de investigaci\u00f3n y dise\u00f1o (150-00) &#8211; las actividades pr\u00e1cticas t\u00edpicas incluyen: Identificar los problemas de transporte como problemas que un proyecto de investigaci\u00f3n y dise\u00f1o podr\u00eda intentar resolver. Extraiga informaci\u00f3n para crear una lista formal de especificaciones para un informe de dise\u00f1o. Investigar e investigar tecnolog\u00edas de transporte Utilice Internet para buscar&hellip;","og_url":"https:\/\/ljcreate.com\/es\/engineering\/research-and-design-teaching-set\/","og_site_name":"LJ Create","article_modified_time":"2025-11-10T09:23:59+00:00","og_image":[{"width":1800,"height":881,"url":"https:\/\/ljcreate.com\/wp-content\/uploads\/2021\/08\/150-00_Main.jpg","type":"image\/jpeg"}],"twitter_card":"summary_large_image","twitter_misc":{"Tiempo de lectura":"1 minuto"},"schema":{"@context":"https:\/\/schema.org","@graph":[{"@type":"WebPage","@id":"https:\/\/ljcreate.com\/es\/engineering\/research-and-design-teaching-set\/","url":"https:\/\/ljcreate.com\/es\/engineering\/research-and-design-teaching-set\/","name":"Conjunto de ense\u00f1anza de investigaci\u00f3n y dise\u00f1o | LJ Create","isPartOf":{"@id":"https:\/\/ljcreate.com\/es\/#website"},"primaryImageOfPage":{"@id":"https:\/\/ljcreate.com\/es\/engineering\/research-and-design-teaching-set\/#primaryimage"},"image":{"@id":"https:\/\/ljcreate.com\/es\/engineering\/research-and-design-teaching-set\/#primaryimage"},"thumbnailUrl":"https:\/\/ljcreate.com\/wp-content\/uploads\/2021\/08\/150-00_Main.jpg","datePublished":"2021-08-16T19:02:09+00:00","dateModified":"2025-11-10T09:23:59+00:00","breadcrumb":{"@id":"https:\/\/ljcreate.com\/es\/engineering\/research-and-design-teaching-set\/#breadcrumb"},"inLanguage":"es","potentialAction":[{"@type":"ReadAction","target":["https:\/\/ljcreate.com\/es\/engineering\/research-and-design-teaching-set\/"]}]},{"@type":"ImageObject","inLanguage":"es","@id":"https:\/\/ljcreate.com\/es\/engineering\/research-and-design-teaching-set\/#primaryimage","url":"https:\/\/ljcreate.com\/wp-content\/uploads\/2021\/08\/150-00_Main.jpg","contentUrl":"https:\/\/ljcreate.com\/wp-content\/uploads\/2021\/08\/150-00_Main.jpg","width":1800,"height":881,"caption":"Research and Design Teaching Set"},{"@type":"BreadcrumbList","@id":"https:\/\/ljcreate.com\/es\/engineering\/research-and-design-teaching-set\/#breadcrumb","itemListElement":[{"@type":"ListItem","position":1,"name":"Home","item":"https:\/\/ljcreate.com\/es\/"},{"@type":"ListItem","position":2,"name":"Productos","item":"https:\/\/ljcreate.com\/es\/shop\/"},{"@type":"ListItem","position":3,"name":"Legacy","item":"https:\/\/ljcreate.com\/product-category\/legacy\/"},{"@type":"ListItem","position":4,"name":"Conjunto de ense\u00f1anza de investigaci\u00f3n y dise\u00f1o"}]},{"@type":"WebSite","@id":"https:\/\/ljcreate.com\/es\/#website","url":"https:\/\/ljcreate.com\/es\/","name":"LJ Create","description":"Innovate, Inspire, and Engage","publisher":{"@id":"https:\/\/ljcreate.com\/es\/#organization"},"alternateName":"Creative Learning (Norwich) Limited","potentialAction":[{"@type":"SearchAction","target":{"@type":"EntryPoint","urlTemplate":"https:\/\/ljcreate.com\/es\/?s={search_term_string}"},"query-input":{"@type":"PropertyValueSpecification","valueRequired":true,"valueName":"search_term_string"}}],"inLanguage":"es"},{"@type":"Organization","@id":"https:\/\/ljcreate.com\/es\/#organization","name":"LJ Create","url":"https:\/\/ljcreate.com\/es\/","logo":{"@type":"ImageObject","inLanguage":"es","@id":"https:\/\/ljcreate.com\/es\/#\/schema\/logo\/image\/","url":"https:\/\/ljcreate.com\/wp-content\/uploads\/2021\/07\/logo.svg","contentUrl":"https:\/\/ljcreate.com\/wp-content\/uploads\/2021\/07\/logo.svg","width":"1024","height":"1024","caption":"LJ Create"},"image":{"@id":"https:\/\/ljcreate.com\/es\/#\/schema\/logo\/image\/"}}]}},"_links":{"self":[{"href":"https:\/\/ljcreate.com\/es\/wp-json\/wp\/v2\/product\/26931","targetHints":{"allow":["GET"]}}],"collection":[{"href":"https:\/\/ljcreate.com\/es\/wp-json\/wp\/v2\/product"}],"about":[{"href":"https:\/\/ljcreate.com\/es\/wp-json\/wp\/v2\/types\/product"}],"wp:featuredmedia":[{"embeddable":true,"href":"https:\/\/ljcreate.com\/es\/wp-json\/wp\/v2\/media\/19200"}],"wp:attachment":[{"href":"https:\/\/ljcreate.com\/es\/wp-json\/wp\/v2\/media?parent=26931"}],"wp:term":[{"taxonomy":"product_brand","embeddable":true,"href":"https:\/\/ljcreate.com\/es\/wp-json\/wp\/v2\/product_brand?post=26931"},{"taxonomy":"product_cat","embeddable":true,"href":"https:\/\/ljcreate.com\/es\/wp-json\/wp\/v2\/product_cat?post=26931"},{"taxonomy":"product_tag","embeddable":true,"href":"https:\/\/ljcreate.com\/es\/wp-json\/wp\/v2\/product_tag?post=26931"}],"curies":[{"name":"wp","href":"https:\/\/api.w.org\/{rel}","templated":true}]}}