{"id":26929,"date":"2021-08-16T13:41:51","date_gmt":"2021-08-16T18:41:51","guid":{"rendered":"https:\/\/alpha.ljcreate.com\/product\/sin%20categor\u00eda\/structures-and-materials-student-resource-pack-1-per-pair-of-students\/"},"modified":"2023-07-06T14:30:48","modified_gmt":"2023-07-06T13:30:48","slug":"structures-and-materials-student-resource-pack","status":"publish","type":"product","link":"https:\/\/ljcreate.com\/es\/engineering\/structures-and-materials-student-resource-pack\/","title":{"rendered":"Paquete de recursos para estudiantes sobre estructuras y materiales"},"content":{"rendered":"<p>Cuando se compra con el paquete de consumibles, el equipo incluido permite a los estudiantes explorar dise\u00f1os de vigas y luego realizar pruebas destructivas en ellos para analizar las propiedades de sus materiales y el rendimiento de su dise\u00f1o.<\/p>\n<h5>Paquete de recursos para estudiantes sobre estructuras y materiales (121-01) &#8211; las actividades pr\u00e1cticas t\u00edpicas incluyen:<\/h5>\n<ul>\n<li>Identificar las fuerzas que act\u00faan sobre las estructuras.<\/li>\n<li>Investigar c\u00f3mo se construyen los rascacielos<\/li>\n<li>Construir vigas modelo de madera<\/li>\n<li>Utilice un modelo de computadora para dise\u00f1ar vigas<\/li>\n<li>Explore el uso del hormig\u00f3n como material de construcci\u00f3n<\/li>\n<li>Construir una viga reforzada de Yeso de Par\u00eds<\/li>\n<li>Investigar el uso de aditivos para hormig\u00f3n<\/li>\n<\/ul>\n","protected":false},"excerpt":{"rendered":"<p>Cuando se compra con el paquete de consumibles, el equipo incluido permite a los estudiantes explorar dise\u00f1os de vigas y luego realizar pruebas destructivas en ellos para analizar las propiedades de sus materiales y el rendimiento de su dise\u00f1o. Paquete de recursos para estudiantes sobre estructuras y materiales (121-01) &#8211; las actividades pr\u00e1cticas t\u00edpicas incluyen:&hellip;<\/p>\n","protected":false},"featured_media":19174,"template":"","meta":{"_acf_changed":false,"inline_featured_image":false},"product_brand":[],"product_cat":[138,142],"product_tag":[],"class_list":{"0":"post-26929","1":"product","2":"type-product","3":"status-publish","4":"has-post-thumbnail","6":"product_cat-engineering-es","7":"product_cat-equipo-de-ingenieria-central","9":"first","10":"instock","11":"shipping-taxable","12":"product-type-simple"},"acf":[],"yoast_head":"<!-- This site is optimized with the Yoast SEO plugin v27.3 - https:\/\/yoast.com\/product\/yoast-seo-wordpress\/ -->\n<title>Paquete de recursos para estudiantes sobre estructuras y materiales | LJ Create<\/title>\n<meta name=\"robots\" content=\"index, follow, max-snippet:-1, max-image-preview:large, max-video-preview:-1\" \/>\n<link rel=\"canonical\" href=\"https:\/\/ljcreate.com\/es\/engineering\/structures-and-materials-student-resource-pack\/\" \/>\n<meta property=\"og:locale\" content=\"es_ES\" \/>\n<meta property=\"og:type\" content=\"article\" \/>\n<meta property=\"og:title\" content=\"Paquete de recursos para estudiantes sobre estructuras y materiales | LJ Create\" \/>\n<meta property=\"og:description\" content=\"Cuando se compra con el paquete de consumibles, el equipo incluido permite a los estudiantes explorar dise\u00f1os de vigas y luego realizar pruebas destructivas en ellos para analizar las propiedades de sus materiales y el rendimiento de su dise\u00f1o. Paquete de recursos para estudiantes sobre estructuras y materiales (121-01) &#8211; las actividades pr\u00e1cticas t\u00edpicas incluyen:&hellip;\" \/>\n<meta property=\"og:url\" content=\"https:\/\/ljcreate.com\/es\/engineering\/structures-and-materials-student-resource-pack\/\" \/>\n<meta property=\"og:site_name\" content=\"LJ Create\" \/>\n<meta property=\"article:modified_time\" content=\"2023-07-06T13:30:48+00:00\" \/>\n<meta property=\"og:image\" content=\"https:\/\/ljcreate.com\/wp-content\/uploads\/2021\/08\/121-01_Main.jpg\" \/>\n\t<meta property=\"og:image:width\" content=\"1559\" \/>\n\t<meta property=\"og:image:height\" content=\"769\" \/>\n\t<meta property=\"og:image:type\" content=\"image\/jpeg\" \/>\n<meta name=\"twitter:card\" content=\"summary_large_image\" \/>\n<meta name=\"twitter:label1\" content=\"Tiempo de lectura\" \/>\n\t<meta name=\"twitter:data1\" content=\"1 minuto\" \/>\n<script type=\"application\/ld+json\" class=\"yoast-schema-graph\">{\"@context\":\"https:\\\/\\\/schema.org\",\"@graph\":[{\"@type\":\"WebPage\",\"@id\":\"https:\\\/\\\/ljcreate.com\\\/es\\\/engineering\\\/structures-and-materials-student-resource-pack\\\/\",\"url\":\"https:\\\/\\\/ljcreate.com\\\/es\\\/engineering\\\/structures-and-materials-student-resource-pack\\\/\",\"name\":\"Paquete de recursos para estudiantes sobre estructuras y materiales | LJ Create\",\"isPartOf\":{\"@id\":\"https:\\\/\\\/ljcreate.com\\\/es\\\/#website\"},\"primaryImageOfPage\":{\"@id\":\"https:\\\/\\\/ljcreate.com\\\/es\\\/engineering\\\/structures-and-materials-student-resource-pack\\\/#primaryimage\"},\"image\":{\"@id\":\"https:\\\/\\\/ljcreate.com\\\/es\\\/engineering\\\/structures-and-materials-student-resource-pack\\\/#primaryimage\"},\"thumbnailUrl\":\"https:\\\/\\\/ljcreate.com\\\/wp-content\\\/uploads\\\/2021\\\/08\\\/121-01_Main.jpg\",\"datePublished\":\"2021-08-16T18:41:51+00:00\",\"dateModified\":\"2023-07-06T13:30:48+00:00\",\"breadcrumb\":{\"@id\":\"https:\\\/\\\/ljcreate.com\\\/es\\\/engineering\\\/structures-and-materials-student-resource-pack\\\/#breadcrumb\"},\"inLanguage\":\"es\",\"potentialAction\":[{\"@type\":\"ReadAction\",\"target\":[\"https:\\\/\\\/ljcreate.com\\\/es\\\/engineering\\\/structures-and-materials-student-resource-pack\\\/\"]}]},{\"@type\":\"ImageObject\",\"inLanguage\":\"es\",\"@id\":\"https:\\\/\\\/ljcreate.com\\\/es\\\/engineering\\\/structures-and-materials-student-resource-pack\\\/#primaryimage\",\"url\":\"https:\\\/\\\/ljcreate.com\\\/wp-content\\\/uploads\\\/2021\\\/08\\\/121-01_Main.jpg\",\"contentUrl\":\"https:\\\/\\\/ljcreate.com\\\/wp-content\\\/uploads\\\/2021\\\/08\\\/121-01_Main.jpg\",\"width\":1559,\"height\":769,\"caption\":\"Structures and Materials Student Resource Pack\"},{\"@type\":\"BreadcrumbList\",\"@id\":\"https:\\\/\\\/ljcreate.com\\\/es\\\/engineering\\\/structures-and-materials-student-resource-pack\\\/#breadcrumb\",\"itemListElement\":[{\"@type\":\"ListItem\",\"position\":1,\"name\":\"Home\",\"item\":\"https:\\\/\\\/ljcreate.com\\\/es\\\/\"},{\"@type\":\"ListItem\",\"position\":2,\"name\":\"Productos\",\"item\":\"https:\\\/\\\/ljcreate.com\\\/es\\\/shop\\\/\"},{\"@type\":\"ListItem\",\"position\":3,\"name\":\"Ingenier\u00eda\",\"item\":\"https:\\\/\\\/ljcreate.com\\\/es\\\/product-category\\\/engineering-es\\\/\"},{\"@type\":\"ListItem\",\"position\":4,\"name\":\"Paquete de recursos para estudiantes sobre estructuras y materiales\"}]},{\"@type\":\"WebSite\",\"@id\":\"https:\\\/\\\/ljcreate.com\\\/es\\\/#website\",\"url\":\"https:\\\/\\\/ljcreate.com\\\/es\\\/\",\"name\":\"LJ Create\",\"description\":\"Innovate, Inspire, and Engage\",\"publisher\":{\"@id\":\"https:\\\/\\\/ljcreate.com\\\/es\\\/#organization\"},\"alternateName\":\"Creative Learning (Norwich) Limited\",\"potentialAction\":[{\"@type\":\"SearchAction\",\"target\":{\"@type\":\"EntryPoint\",\"urlTemplate\":\"https:\\\/\\\/ljcreate.com\\\/es\\\/?s={search_term_string}\"},\"query-input\":{\"@type\":\"PropertyValueSpecification\",\"valueRequired\":true,\"valueName\":\"search_term_string\"}}],\"inLanguage\":\"es\"},{\"@type\":\"Organization\",\"@id\":\"https:\\\/\\\/ljcreate.com\\\/es\\\/#organization\",\"name\":\"LJ Create\",\"url\":\"https:\\\/\\\/ljcreate.com\\\/es\\\/\",\"logo\":{\"@type\":\"ImageObject\",\"inLanguage\":\"es\",\"@id\":\"https:\\\/\\\/ljcreate.com\\\/es\\\/#\\\/schema\\\/logo\\\/image\\\/\",\"url\":\"https:\\\/\\\/ljcreate.com\\\/wp-content\\\/uploads\\\/2021\\\/07\\\/logo.svg\",\"contentUrl\":\"https:\\\/\\\/ljcreate.com\\\/wp-content\\\/uploads\\\/2021\\\/07\\\/logo.svg\",\"width\":\"1024\",\"height\":\"1024\",\"caption\":\"LJ Create\"},\"image\":{\"@id\":\"https:\\\/\\\/ljcreate.com\\\/es\\\/#\\\/schema\\\/logo\\\/image\\\/\"}}]}<\/script>\n<!-- \/ Yoast SEO plugin. -->","yoast_head_json":{"title":"Paquete de recursos para estudiantes sobre estructuras y materiales | LJ Create","robots":{"index":"index","follow":"follow","max-snippet":"max-snippet:-1","max-image-preview":"max-image-preview:large","max-video-preview":"max-video-preview:-1"},"canonical":"https:\/\/ljcreate.com\/es\/engineering\/structures-and-materials-student-resource-pack\/","og_locale":"es_ES","og_type":"article","og_title":"Paquete de recursos para estudiantes sobre estructuras y materiales | LJ Create","og_description":"Cuando se compra con el paquete de consumibles, el equipo incluido permite a los estudiantes explorar dise\u00f1os de vigas y luego realizar pruebas destructivas en ellos para analizar las propiedades de sus materiales y el rendimiento de su dise\u00f1o. Paquete de recursos para estudiantes sobre estructuras y materiales (121-01) &#8211; las actividades pr\u00e1cticas t\u00edpicas incluyen:&hellip;","og_url":"https:\/\/ljcreate.com\/es\/engineering\/structures-and-materials-student-resource-pack\/","og_site_name":"LJ Create","article_modified_time":"2023-07-06T13:30:48+00:00","og_image":[{"width":1559,"height":769,"url":"https:\/\/ljcreate.com\/wp-content\/uploads\/2021\/08\/121-01_Main.jpg","type":"image\/jpeg"}],"twitter_card":"summary_large_image","twitter_misc":{"Tiempo de lectura":"1 minuto"},"schema":{"@context":"https:\/\/schema.org","@graph":[{"@type":"WebPage","@id":"https:\/\/ljcreate.com\/es\/engineering\/structures-and-materials-student-resource-pack\/","url":"https:\/\/ljcreate.com\/es\/engineering\/structures-and-materials-student-resource-pack\/","name":"Paquete de recursos para estudiantes sobre estructuras y materiales | LJ Create","isPartOf":{"@id":"https:\/\/ljcreate.com\/es\/#website"},"primaryImageOfPage":{"@id":"https:\/\/ljcreate.com\/es\/engineering\/structures-and-materials-student-resource-pack\/#primaryimage"},"image":{"@id":"https:\/\/ljcreate.com\/es\/engineering\/structures-and-materials-student-resource-pack\/#primaryimage"},"thumbnailUrl":"https:\/\/ljcreate.com\/wp-content\/uploads\/2021\/08\/121-01_Main.jpg","datePublished":"2021-08-16T18:41:51+00:00","dateModified":"2023-07-06T13:30:48+00:00","breadcrumb":{"@id":"https:\/\/ljcreate.com\/es\/engineering\/structures-and-materials-student-resource-pack\/#breadcrumb"},"inLanguage":"es","potentialAction":[{"@type":"ReadAction","target":["https:\/\/ljcreate.com\/es\/engineering\/structures-and-materials-student-resource-pack\/"]}]},{"@type":"ImageObject","inLanguage":"es","@id":"https:\/\/ljcreate.com\/es\/engineering\/structures-and-materials-student-resource-pack\/#primaryimage","url":"https:\/\/ljcreate.com\/wp-content\/uploads\/2021\/08\/121-01_Main.jpg","contentUrl":"https:\/\/ljcreate.com\/wp-content\/uploads\/2021\/08\/121-01_Main.jpg","width":1559,"height":769,"caption":"Structures and Materials Student Resource Pack"},{"@type":"BreadcrumbList","@id":"https:\/\/ljcreate.com\/es\/engineering\/structures-and-materials-student-resource-pack\/#breadcrumb","itemListElement":[{"@type":"ListItem","position":1,"name":"Home","item":"https:\/\/ljcreate.com\/es\/"},{"@type":"ListItem","position":2,"name":"Productos","item":"https:\/\/ljcreate.com\/es\/shop\/"},{"@type":"ListItem","position":3,"name":"Ingenier\u00eda","item":"https:\/\/ljcreate.com\/es\/product-category\/engineering-es\/"},{"@type":"ListItem","position":4,"name":"Paquete de recursos para estudiantes sobre estructuras y materiales"}]},{"@type":"WebSite","@id":"https:\/\/ljcreate.com\/es\/#website","url":"https:\/\/ljcreate.com\/es\/","name":"LJ Create","description":"Innovate, Inspire, and Engage","publisher":{"@id":"https:\/\/ljcreate.com\/es\/#organization"},"alternateName":"Creative Learning (Norwich) Limited","potentialAction":[{"@type":"SearchAction","target":{"@type":"EntryPoint","urlTemplate":"https:\/\/ljcreate.com\/es\/?s={search_term_string}"},"query-input":{"@type":"PropertyValueSpecification","valueRequired":true,"valueName":"search_term_string"}}],"inLanguage":"es"},{"@type":"Organization","@id":"https:\/\/ljcreate.com\/es\/#organization","name":"LJ Create","url":"https:\/\/ljcreate.com\/es\/","logo":{"@type":"ImageObject","inLanguage":"es","@id":"https:\/\/ljcreate.com\/es\/#\/schema\/logo\/image\/","url":"https:\/\/ljcreate.com\/wp-content\/uploads\/2021\/07\/logo.svg","contentUrl":"https:\/\/ljcreate.com\/wp-content\/uploads\/2021\/07\/logo.svg","width":"1024","height":"1024","caption":"LJ Create"},"image":{"@id":"https:\/\/ljcreate.com\/es\/#\/schema\/logo\/image\/"}}]}},"_links":{"self":[{"href":"https:\/\/ljcreate.com\/es\/wp-json\/wp\/v2\/product\/26929","targetHints":{"allow":["GET"]}}],"collection":[{"href":"https:\/\/ljcreate.com\/es\/wp-json\/wp\/v2\/product"}],"about":[{"href":"https:\/\/ljcreate.com\/es\/wp-json\/wp\/v2\/types\/product"}],"wp:featuredmedia":[{"embeddable":true,"href":"https:\/\/ljcreate.com\/es\/wp-json\/wp\/v2\/media\/19174"}],"wp:attachment":[{"href":"https:\/\/ljcreate.com\/es\/wp-json\/wp\/v2\/media?parent=26929"}],"wp:term":[{"taxonomy":"product_brand","embeddable":true,"href":"https:\/\/ljcreate.com\/es\/wp-json\/wp\/v2\/product_brand?post=26929"},{"taxonomy":"product_cat","embeddable":true,"href":"https:\/\/ljcreate.com\/es\/wp-json\/wp\/v2\/product_cat?post=26929"},{"taxonomy":"product_tag","embeddable":true,"href":"https:\/\/ljcreate.com\/es\/wp-json\/wp\/v2\/product_tag?post=26929"}],"curies":[{"name":"wp","href":"https:\/\/api.w.org\/{rel}","templated":true}]}}