{"id":26924,"date":"2021-08-17T05:58:34","date_gmt":"2021-08-17T10:58:34","guid":{"rendered":"https:\/\/alpha.ljcreate.com\/product\/sin%20categor\u00eda\/electronic-communications-trainer\/"},"modified":"2023-07-06T14:50:04","modified_gmt":"2023-07-06T13:50:04","slug":"electronic-communications-trainer","status":"publish","type":"product","link":"https:\/\/ljcreate.com\/es\/engineering\/electronic-communications-trainer\/","title":{"rendered":"Instructor de Comunicaciones Electr\u00f3nicas"},"content":{"rendered":"<p>El Instructor de comunicaciones electr\u00f3nicas (200-01) ofrece un recurso en el aula para investigar la tecnolog\u00eda de comunicaci\u00f3n por microondas. Los estudiantes ver\u00e1n c\u00f3mo la ciencia ha jugado un papel importante detr\u00e1s de la tecnolog\u00eda y la ingenier\u00eda de los sistemas de comunicaci\u00f3n. Las actividades se centrar\u00e1n en la transmisi\u00f3n y recepci\u00f3n de informaci\u00f3n y algunos de los problemas que enfrentan estos sistemas.<\/p>\n<h5>El entrenador de comunicaciones electr\u00f3nicas incluye:<\/h5>\n<ul>\n<li>Transmisor de microondas<\/li>\n<li>Receptor de microondas<\/li>\n<li>Placa base y fuente de alimentaci\u00f3n<\/li>\n<li>Estuche de accesorios<\/li>\n<\/ul>\n<h5>Las actividades pr\u00e1cticas t\u00edpicas incluyen:<\/h5>\n<ul>\n<li>Transmitir y recibir una se\u00f1al<\/li>\n<li>Env\u00edo de c\u00f3digo morse<\/li>\n<li>Escudos Romanos<\/li>\n<li>Conexiones de cable directo<\/li>\n<li>C\u00f3digos de marcaci\u00f3n<\/li>\n<li>M\u00e1quinas de fax<\/li>\n<li>Demostraci\u00f3n de rango de microondas<\/li>\n<li>Alcance de microondas y obstrucci\u00f3n de la l\u00ednea de visi\u00f3n<\/li>\n<li>Seguimiento de tel\u00e9fonos m\u00f3viles<\/li>\n<li>Tarifas de telefon\u00eda m\u00f3vil<\/li>\n<li>Ancho de banda de audio<\/li>\n<li>Ancho de banda de datos<\/li>\n<li>Ancho de banda e Internet<\/li>\n<li>Demostraci\u00f3n de transmisi\u00f3n<\/li>\n<li>Enlace satelital<\/li>\n<li>Elecci\u00f3n y configuraci\u00f3n de TV y radio<\/li>\n<li>Soluci\u00f3n de problemas de TV y radio<\/li>\n<li>Microondas reflectantes y deflectoras<\/li>\n<li>Conexiones para comunicaciones electr\u00f3nicas<\/li>\n<li>Terminaci\u00f3n de medios de transmisi\u00f3n<\/li>\n<li>Conmutaci\u00f3n de circuitos y paquetes<\/li>\n<li>Protecci\u00f3n de las comunicaciones<\/li>\n<li>Realizar una compra en l\u00ednea<\/li>\n<li>LAN comerciales<\/li>\n<li>Conexiones LAN externas<\/li>\n<li>Carreras en comunicaciones electr\u00f3nicas<\/li>\n<li>Costos de cable<\/li>\n<li>Enlaces de microondas<\/li>\n<li>Impacto medioambiental<\/li>\n<\/ul>\n","protected":false},"excerpt":{"rendered":"<p>El Instructor de comunicaciones electr\u00f3nicas (200-01) ofrece un recurso en el aula para investigar la tecnolog\u00eda de comunicaci\u00f3n por microondas. Los estudiantes ver\u00e1n c\u00f3mo la ciencia ha jugado un papel importante detr\u00e1s de la tecnolog\u00eda y la ingenier\u00eda de los sistemas de comunicaci\u00f3n. Las actividades se centrar\u00e1n en la transmisi\u00f3n y recepci\u00f3n de informaci\u00f3n y&hellip;<\/p>\n","protected":false},"featured_media":31956,"template":"","meta":{"_acf_changed":false,"inline_featured_image":false},"product_brand":[],"product_cat":[80,120,138,142,57,95],"product_tag":[],"class_list":{"0":"post-26924","1":"product","2":"type-product","3":"status-publish","4":"has-post-thumbnail","6":"product_cat-engineering-uk","7":"product_cat-core-engineering-equipment-uk","8":"product_cat-engineering-es","9":"product_cat-equipo-de-ingenieria-central","10":"product_cat-stem-career-exploration","11":"product_cat-design-and-technology-equipment","13":"first","14":"instock","15":"shipping-taxable","16":"product-type-simple"},"acf":[],"yoast_head":"<!-- This site is optimized with the Yoast SEO plugin v27.3 - https:\/\/yoast.com\/product\/yoast-seo-wordpress\/ -->\n<title>Instructor de Comunicaciones Electr\u00f3nicas | LJ Create<\/title>\n<meta name=\"robots\" content=\"index, follow, max-snippet:-1, max-image-preview:large, max-video-preview:-1\" \/>\n<link rel=\"canonical\" href=\"https:\/\/ljcreate.com\/es\/engineering\/electronic-communications-trainer\/\" \/>\n<meta property=\"og:locale\" content=\"es_ES\" \/>\n<meta property=\"og:type\" content=\"article\" \/>\n<meta property=\"og:title\" content=\"Instructor de Comunicaciones Electr\u00f3nicas | LJ Create\" \/>\n<meta property=\"og:description\" content=\"El Instructor de comunicaciones electr\u00f3nicas (200-01) ofrece un recurso en el aula para investigar la tecnolog\u00eda de comunicaci\u00f3n por microondas. Los estudiantes ver\u00e1n c\u00f3mo la ciencia ha jugado un papel importante detr\u00e1s de la tecnolog\u00eda y la ingenier\u00eda de los sistemas de comunicaci\u00f3n. Las actividades se centrar\u00e1n en la transmisi\u00f3n y recepci\u00f3n de informaci\u00f3n y&hellip;\" \/>\n<meta property=\"og:url\" content=\"https:\/\/ljcreate.com\/es\/engineering\/electronic-communications-trainer\/\" \/>\n<meta property=\"og:site_name\" content=\"LJ Create\" \/>\n<meta property=\"article:modified_time\" content=\"2023-07-06T13:50:04+00:00\" \/>\n<meta property=\"og:image\" content=\"https:\/\/ljcreate.com\/wp-content\/uploads\/2021\/08\/electronicCommunicationsTrainer.webp\" \/>\n\t<meta property=\"og:image:width\" content=\"1080\" \/>\n\t<meta property=\"og:image:height\" content=\"529\" \/>\n\t<meta property=\"og:image:type\" content=\"image\/webp\" \/>\n<meta name=\"twitter:card\" content=\"summary_large_image\" \/>\n<meta name=\"twitter:label1\" content=\"Tiempo de lectura\" \/>\n\t<meta name=\"twitter:data1\" content=\"1 minuto\" \/>\n<script type=\"application\/ld+json\" class=\"yoast-schema-graph\">{\"@context\":\"https:\\\/\\\/schema.org\",\"@graph\":[{\"@type\":\"WebPage\",\"@id\":\"https:\\\/\\\/ljcreate.com\\\/es\\\/engineering\\\/electronic-communications-trainer\\\/\",\"url\":\"https:\\\/\\\/ljcreate.com\\\/es\\\/engineering\\\/electronic-communications-trainer\\\/\",\"name\":\"Instructor de Comunicaciones Electr\u00f3nicas | LJ Create\",\"isPartOf\":{\"@id\":\"https:\\\/\\\/ljcreate.com\\\/es\\\/#website\"},\"primaryImageOfPage\":{\"@id\":\"https:\\\/\\\/ljcreate.com\\\/es\\\/engineering\\\/electronic-communications-trainer\\\/#primaryimage\"},\"image\":{\"@id\":\"https:\\\/\\\/ljcreate.com\\\/es\\\/engineering\\\/electronic-communications-trainer\\\/#primaryimage\"},\"thumbnailUrl\":\"https:\\\/\\\/ljcreate.com\\\/wp-content\\\/uploads\\\/2021\\\/08\\\/electronicCommunicationsTrainer.webp\",\"datePublished\":\"2021-08-17T10:58:34+00:00\",\"dateModified\":\"2023-07-06T13:50:04+00:00\",\"breadcrumb\":{\"@id\":\"https:\\\/\\\/ljcreate.com\\\/es\\\/engineering\\\/electronic-communications-trainer\\\/#breadcrumb\"},\"inLanguage\":\"es\",\"potentialAction\":[{\"@type\":\"ReadAction\",\"target\":[\"https:\\\/\\\/ljcreate.com\\\/es\\\/engineering\\\/electronic-communications-trainer\\\/\"]}]},{\"@type\":\"ImageObject\",\"inLanguage\":\"es\",\"@id\":\"https:\\\/\\\/ljcreate.com\\\/es\\\/engineering\\\/electronic-communications-trainer\\\/#primaryimage\",\"url\":\"https:\\\/\\\/ljcreate.com\\\/wp-content\\\/uploads\\\/2021\\\/08\\\/electronicCommunicationsTrainer.webp\",\"contentUrl\":\"https:\\\/\\\/ljcreate.com\\\/wp-content\\\/uploads\\\/2021\\\/08\\\/electronicCommunicationsTrainer.webp\",\"width\":1080,\"height\":529,\"caption\":\"Electronic Communications Trainer\"},{\"@type\":\"BreadcrumbList\",\"@id\":\"https:\\\/\\\/ljcreate.com\\\/es\\\/engineering\\\/electronic-communications-trainer\\\/#breadcrumb\",\"itemListElement\":[{\"@type\":\"ListItem\",\"position\":1,\"name\":\"Home\",\"item\":\"https:\\\/\\\/ljcreate.com\\\/es\\\/\"},{\"@type\":\"ListItem\",\"position\":2,\"name\":\"Productos\",\"item\":\"https:\\\/\\\/ljcreate.com\\\/es\\\/shop\\\/\"},{\"@type\":\"ListItem\",\"position\":3,\"name\":\"STEM\\\/Career Exploration\",\"item\":\"https:\\\/\\\/ljcreate.com\\\/product-category\\\/stem-career-exploration\\\/\"},{\"@type\":\"ListItem\",\"position\":4,\"name\":\"Instructor de Comunicaciones Electr\u00f3nicas\"}]},{\"@type\":\"WebSite\",\"@id\":\"https:\\\/\\\/ljcreate.com\\\/es\\\/#website\",\"url\":\"https:\\\/\\\/ljcreate.com\\\/es\\\/\",\"name\":\"LJ Create\",\"description\":\"Innovate, Inspire, and Engage\",\"publisher\":{\"@id\":\"https:\\\/\\\/ljcreate.com\\\/es\\\/#organization\"},\"alternateName\":\"Creative Learning (Norwich) Limited\",\"potentialAction\":[{\"@type\":\"SearchAction\",\"target\":{\"@type\":\"EntryPoint\",\"urlTemplate\":\"https:\\\/\\\/ljcreate.com\\\/es\\\/?s={search_term_string}\"},\"query-input\":{\"@type\":\"PropertyValueSpecification\",\"valueRequired\":true,\"valueName\":\"search_term_string\"}}],\"inLanguage\":\"es\"},{\"@type\":\"Organization\",\"@id\":\"https:\\\/\\\/ljcreate.com\\\/es\\\/#organization\",\"name\":\"LJ Create\",\"url\":\"https:\\\/\\\/ljcreate.com\\\/es\\\/\",\"logo\":{\"@type\":\"ImageObject\",\"inLanguage\":\"es\",\"@id\":\"https:\\\/\\\/ljcreate.com\\\/es\\\/#\\\/schema\\\/logo\\\/image\\\/\",\"url\":\"https:\\\/\\\/ljcreate.com\\\/wp-content\\\/uploads\\\/2021\\\/07\\\/logo.svg\",\"contentUrl\":\"https:\\\/\\\/ljcreate.com\\\/wp-content\\\/uploads\\\/2021\\\/07\\\/logo.svg\",\"width\":\"1024\",\"height\":\"1024\",\"caption\":\"LJ Create\"},\"image\":{\"@id\":\"https:\\\/\\\/ljcreate.com\\\/es\\\/#\\\/schema\\\/logo\\\/image\\\/\"}}]}<\/script>\n<!-- \/ Yoast SEO plugin. -->","yoast_head_json":{"title":"Instructor de Comunicaciones Electr\u00f3nicas | LJ Create","robots":{"index":"index","follow":"follow","max-snippet":"max-snippet:-1","max-image-preview":"max-image-preview:large","max-video-preview":"max-video-preview:-1"},"canonical":"https:\/\/ljcreate.com\/es\/engineering\/electronic-communications-trainer\/","og_locale":"es_ES","og_type":"article","og_title":"Instructor de Comunicaciones Electr\u00f3nicas | LJ Create","og_description":"El Instructor de comunicaciones electr\u00f3nicas (200-01) ofrece un recurso en el aula para investigar la tecnolog\u00eda de comunicaci\u00f3n por microondas. Los estudiantes ver\u00e1n c\u00f3mo la ciencia ha jugado un papel importante detr\u00e1s de la tecnolog\u00eda y la ingenier\u00eda de los sistemas de comunicaci\u00f3n. Las actividades se centrar\u00e1n en la transmisi\u00f3n y recepci\u00f3n de informaci\u00f3n y&hellip;","og_url":"https:\/\/ljcreate.com\/es\/engineering\/electronic-communications-trainer\/","og_site_name":"LJ Create","article_modified_time":"2023-07-06T13:50:04+00:00","og_image":[{"width":1080,"height":529,"url":"https:\/\/ljcreate.com\/wp-content\/uploads\/2021\/08\/electronicCommunicationsTrainer.webp","type":"image\/webp"}],"twitter_card":"summary_large_image","twitter_misc":{"Tiempo de lectura":"1 minuto"},"schema":{"@context":"https:\/\/schema.org","@graph":[{"@type":"WebPage","@id":"https:\/\/ljcreate.com\/es\/engineering\/electronic-communications-trainer\/","url":"https:\/\/ljcreate.com\/es\/engineering\/electronic-communications-trainer\/","name":"Instructor de Comunicaciones Electr\u00f3nicas | LJ Create","isPartOf":{"@id":"https:\/\/ljcreate.com\/es\/#website"},"primaryImageOfPage":{"@id":"https:\/\/ljcreate.com\/es\/engineering\/electronic-communications-trainer\/#primaryimage"},"image":{"@id":"https:\/\/ljcreate.com\/es\/engineering\/electronic-communications-trainer\/#primaryimage"},"thumbnailUrl":"https:\/\/ljcreate.com\/wp-content\/uploads\/2021\/08\/electronicCommunicationsTrainer.webp","datePublished":"2021-08-17T10:58:34+00:00","dateModified":"2023-07-06T13:50:04+00:00","breadcrumb":{"@id":"https:\/\/ljcreate.com\/es\/engineering\/electronic-communications-trainer\/#breadcrumb"},"inLanguage":"es","potentialAction":[{"@type":"ReadAction","target":["https:\/\/ljcreate.com\/es\/engineering\/electronic-communications-trainer\/"]}]},{"@type":"ImageObject","inLanguage":"es","@id":"https:\/\/ljcreate.com\/es\/engineering\/electronic-communications-trainer\/#primaryimage","url":"https:\/\/ljcreate.com\/wp-content\/uploads\/2021\/08\/electronicCommunicationsTrainer.webp","contentUrl":"https:\/\/ljcreate.com\/wp-content\/uploads\/2021\/08\/electronicCommunicationsTrainer.webp","width":1080,"height":529,"caption":"Electronic Communications Trainer"},{"@type":"BreadcrumbList","@id":"https:\/\/ljcreate.com\/es\/engineering\/electronic-communications-trainer\/#breadcrumb","itemListElement":[{"@type":"ListItem","position":1,"name":"Home","item":"https:\/\/ljcreate.com\/es\/"},{"@type":"ListItem","position":2,"name":"Productos","item":"https:\/\/ljcreate.com\/es\/shop\/"},{"@type":"ListItem","position":3,"name":"STEM\/Career Exploration","item":"https:\/\/ljcreate.com\/product-category\/stem-career-exploration\/"},{"@type":"ListItem","position":4,"name":"Instructor de Comunicaciones Electr\u00f3nicas"}]},{"@type":"WebSite","@id":"https:\/\/ljcreate.com\/es\/#website","url":"https:\/\/ljcreate.com\/es\/","name":"LJ Create","description":"Innovate, Inspire, and Engage","publisher":{"@id":"https:\/\/ljcreate.com\/es\/#organization"},"alternateName":"Creative Learning (Norwich) Limited","potentialAction":[{"@type":"SearchAction","target":{"@type":"EntryPoint","urlTemplate":"https:\/\/ljcreate.com\/es\/?s={search_term_string}"},"query-input":{"@type":"PropertyValueSpecification","valueRequired":true,"valueName":"search_term_string"}}],"inLanguage":"es"},{"@type":"Organization","@id":"https:\/\/ljcreate.com\/es\/#organization","name":"LJ Create","url":"https:\/\/ljcreate.com\/es\/","logo":{"@type":"ImageObject","inLanguage":"es","@id":"https:\/\/ljcreate.com\/es\/#\/schema\/logo\/image\/","url":"https:\/\/ljcreate.com\/wp-content\/uploads\/2021\/07\/logo.svg","contentUrl":"https:\/\/ljcreate.com\/wp-content\/uploads\/2021\/07\/logo.svg","width":"1024","height":"1024","caption":"LJ Create"},"image":{"@id":"https:\/\/ljcreate.com\/es\/#\/schema\/logo\/image\/"}}]}},"_links":{"self":[{"href":"https:\/\/ljcreate.com\/es\/wp-json\/wp\/v2\/product\/26924","targetHints":{"allow":["GET"]}}],"collection":[{"href":"https:\/\/ljcreate.com\/es\/wp-json\/wp\/v2\/product"}],"about":[{"href":"https:\/\/ljcreate.com\/es\/wp-json\/wp\/v2\/types\/product"}],"wp:featuredmedia":[{"embeddable":true,"href":"https:\/\/ljcreate.com\/es\/wp-json\/wp\/v2\/media\/31956"}],"wp:attachment":[{"href":"https:\/\/ljcreate.com\/es\/wp-json\/wp\/v2\/media?parent=26924"}],"wp:term":[{"taxonomy":"product_brand","embeddable":true,"href":"https:\/\/ljcreate.com\/es\/wp-json\/wp\/v2\/product_brand?post=26924"},{"taxonomy":"product_cat","embeddable":true,"href":"https:\/\/ljcreate.com\/es\/wp-json\/wp\/v2\/product_cat?post=26924"},{"taxonomy":"product_tag","embeddable":true,"href":"https:\/\/ljcreate.com\/es\/wp-json\/wp\/v2\/product_tag?post=26924"}],"curies":[{"name":"wp","href":"https:\/\/api.w.org\/{rel}","templated":true}]}}