{"id":26923,"date":"2021-08-17T06:04:53","date_gmt":"2021-08-17T11:04:53","guid":{"rendered":"https:\/\/alpha.ljcreate.com\/product\/sin%20categor\u00eda\/biomedical-technology-kit\/"},"modified":"2023-07-06T14:51:21","modified_gmt":"2023-07-06T13:51:21","slug":"biomedical-technology-kit","status":"publish","type":"product","link":"https:\/\/ljcreate.com\/es\/engineering\/biomedical-technology-kit\/","title":{"rendered":"Kit de tecnolog\u00eda biom\u00e9dica"},"content":{"rendered":"<p>El Kit de tecnolog\u00eda biom\u00e9dica (230-01) tambi\u00e9n contiene un juego de bolsas de frijoles de \u201ccontaminaci\u00f3n\u201d que se pueden usar para mostrar cu\u00e1n f\u00e1cilmente puede ocurrir la contaminaci\u00f3n cruzada y permite a los estudiantes explorar medidas preventivas. Los recursos curriculares incluidos permiten a los estudiantes estudiar los principios de saneamiento, propagaci\u00f3n de enfermedades y vacunaci\u00f3n.<\/p>\n<p>Los temas t\u00edpicos incluyen:<\/p>\n<ul>\n<li>Saneamiento<\/li>\n<li>Lavado higi\u00e9nico de manos<\/li>\n<li>Propagaci\u00f3n de la enfermedad<\/li>\n<li>Vacunaci\u00f3n<\/li>\n<li>Ingenier\u00eda gen\u00e9tica<\/li>\n<\/ul>\n","protected":false},"excerpt":{"rendered":"<p>El Kit de tecnolog\u00eda biom\u00e9dica (230-01) tambi\u00e9n contiene un juego de bolsas de frijoles de \u201ccontaminaci\u00f3n\u201d que se pueden usar para mostrar cu\u00e1n f\u00e1cilmente puede ocurrir la contaminaci\u00f3n cruzada y permite a los estudiantes explorar medidas preventivas. Los recursos curriculares incluidos permiten a los estudiantes estudiar los principios de saneamiento, propagaci\u00f3n de enfermedades y vacunaci\u00f3n.&hellip;<\/p>\n","protected":false},"featured_media":19251,"template":"","meta":{"_acf_changed":false,"inline_featured_image":false},"product_brand":[],"product_cat":[80,120,138,142,57,95],"product_tag":[],"class_list":{"0":"post-26923","1":"product","2":"type-product","3":"status-publish","4":"has-post-thumbnail","6":"product_cat-engineering-uk","7":"product_cat-core-engineering-equipment-uk","8":"product_cat-engineering-es","9":"product_cat-equipo-de-ingenieria-central","10":"product_cat-stem-career-exploration","11":"product_cat-design-and-technology-equipment","13":"first","14":"instock","15":"shipping-taxable","16":"product-type-simple"},"acf":[],"yoast_head":"<!-- This site is optimized with the Yoast SEO plugin v27.1.1 - https:\/\/yoast.com\/product\/yoast-seo-wordpress\/ -->\n<title>Kit de tecnolog\u00eda biom\u00e9dica | LJ Create<\/title>\n<meta name=\"robots\" content=\"index, follow, max-snippet:-1, max-image-preview:large, max-video-preview:-1\" \/>\n<link rel=\"canonical\" href=\"https:\/\/ljcreate.com\/es\/engineering\/biomedical-technology-kit\/\" \/>\n<meta property=\"og:locale\" content=\"es_ES\" \/>\n<meta property=\"og:type\" content=\"article\" \/>\n<meta property=\"og:title\" content=\"Kit de tecnolog\u00eda biom\u00e9dica | LJ Create\" \/>\n<meta property=\"og:description\" content=\"El Kit de tecnolog\u00eda biom\u00e9dica (230-01) tambi\u00e9n contiene un juego de bolsas de frijoles de \u201ccontaminaci\u00f3n\u201d que se pueden usar para mostrar cu\u00e1n f\u00e1cilmente puede ocurrir la contaminaci\u00f3n cruzada y permite a los estudiantes explorar medidas preventivas. Los recursos curriculares incluidos permiten a los estudiantes estudiar los principios de saneamiento, propagaci\u00f3n de enfermedades y vacunaci\u00f3n.&hellip;\" \/>\n<meta property=\"og:url\" content=\"https:\/\/ljcreate.com\/es\/engineering\/biomedical-technology-kit\/\" \/>\n<meta property=\"og:site_name\" content=\"LJ Create\" \/>\n<meta property=\"article:modified_time\" content=\"2023-07-06T13:51:21+00:00\" \/>\n<meta property=\"og:image\" content=\"https:\/\/ljcreate.com\/wp-content\/uploads\/2021\/08\/230-01_Main.jpg\" \/>\n\t<meta property=\"og:image:width\" content=\"1800\" \/>\n\t<meta property=\"og:image:height\" content=\"881\" \/>\n\t<meta property=\"og:image:type\" content=\"image\/jpeg\" \/>\n<meta name=\"twitter:card\" content=\"summary_large_image\" \/>\n<meta name=\"twitter:label1\" content=\"Tiempo de lectura\" \/>\n\t<meta name=\"twitter:data1\" content=\"1 minuto\" \/>\n<script type=\"application\/ld+json\" class=\"yoast-schema-graph\">{\"@context\":\"https:\/\/schema.org\",\"@graph\":[{\"@type\":\"WebPage\",\"@id\":\"https:\/\/ljcreate.com\/es\/engineering\/biomedical-technology-kit\/\",\"url\":\"https:\/\/ljcreate.com\/es\/engineering\/biomedical-technology-kit\/\",\"name\":\"Kit de tecnolog\u00eda biom\u00e9dica | LJ Create\",\"isPartOf\":{\"@id\":\"https:\/\/ljcreate.com\/es\/#website\"},\"primaryImageOfPage\":{\"@id\":\"https:\/\/ljcreate.com\/es\/engineering\/biomedical-technology-kit\/#primaryimage\"},\"image\":{\"@id\":\"https:\/\/ljcreate.com\/es\/engineering\/biomedical-technology-kit\/#primaryimage\"},\"thumbnailUrl\":\"https:\/\/ljcreate.com\/wp-content\/uploads\/2021\/08\/230-01_Main.jpg\",\"datePublished\":\"2021-08-17T11:04:53+00:00\",\"dateModified\":\"2023-07-06T13:51:21+00:00\",\"breadcrumb\":{\"@id\":\"https:\/\/ljcreate.com\/es\/engineering\/biomedical-technology-kit\/#breadcrumb\"},\"inLanguage\":\"es\",\"potentialAction\":[{\"@type\":\"ReadAction\",\"target\":[\"https:\/\/ljcreate.com\/es\/engineering\/biomedical-technology-kit\/\"]}]},{\"@type\":\"ImageObject\",\"inLanguage\":\"es\",\"@id\":\"https:\/\/ljcreate.com\/es\/engineering\/biomedical-technology-kit\/#primaryimage\",\"url\":\"https:\/\/ljcreate.com\/wp-content\/uploads\/2021\/08\/230-01_Main.jpg\",\"contentUrl\":\"https:\/\/ljcreate.com\/wp-content\/uploads\/2021\/08\/230-01_Main.jpg\",\"width\":1800,\"height\":881,\"caption\":\"Biomedical technology Kit\"},{\"@type\":\"BreadcrumbList\",\"@id\":\"https:\/\/ljcreate.com\/es\/engineering\/biomedical-technology-kit\/#breadcrumb\",\"itemListElement\":[{\"@type\":\"ListItem\",\"position\":1,\"name\":\"Home\",\"item\":\"https:\/\/ljcreate.com\/es\/\"},{\"@type\":\"ListItem\",\"position\":2,\"name\":\"Productos\",\"item\":\"https:\/\/ljcreate.com\/es\/shop\/\"},{\"@type\":\"ListItem\",\"position\":3,\"name\":\"STEM\/Career Exploration\",\"item\":\"https:\/\/ljcreate.com\/product-category\/stem-career-exploration\/\"},{\"@type\":\"ListItem\",\"position\":4,\"name\":\"Kit de tecnolog\u00eda biom\u00e9dica\"}]},{\"@type\":\"WebSite\",\"@id\":\"https:\/\/ljcreate.com\/es\/#website\",\"url\":\"https:\/\/ljcreate.com\/es\/\",\"name\":\"LJ Create\",\"description\":\"Innovate, Inspire, and Engage\",\"publisher\":{\"@id\":\"https:\/\/ljcreate.com\/es\/#organization\"},\"alternateName\":\"Creative Learning (Norwich) Limited\",\"potentialAction\":[{\"@type\":\"SearchAction\",\"target\":{\"@type\":\"EntryPoint\",\"urlTemplate\":\"https:\/\/ljcreate.com\/es\/?s={search_term_string}\"},\"query-input\":{\"@type\":\"PropertyValueSpecification\",\"valueRequired\":true,\"valueName\":\"search_term_string\"}}],\"inLanguage\":\"es\"},{\"@type\":\"Organization\",\"@id\":\"https:\/\/ljcreate.com\/es\/#organization\",\"name\":\"LJ Create\",\"url\":\"https:\/\/ljcreate.com\/es\/\",\"logo\":{\"@type\":\"ImageObject\",\"inLanguage\":\"es\",\"@id\":\"https:\/\/ljcreate.com\/es\/#\/schema\/logo\/image\/\",\"url\":\"https:\/\/ljcreate.com\/wp-content\/uploads\/2021\/07\/logo.svg\",\"contentUrl\":\"https:\/\/ljcreate.com\/wp-content\/uploads\/2021\/07\/logo.svg\",\"width\":\"1024\",\"height\":\"1024\",\"caption\":\"LJ Create\"},\"image\":{\"@id\":\"https:\/\/ljcreate.com\/es\/#\/schema\/logo\/image\/\"}}]}<\/script>\n<!-- \/ Yoast SEO plugin. -->","yoast_head_json":{"title":"Kit de tecnolog\u00eda biom\u00e9dica | LJ Create","robots":{"index":"index","follow":"follow","max-snippet":"max-snippet:-1","max-image-preview":"max-image-preview:large","max-video-preview":"max-video-preview:-1"},"canonical":"https:\/\/ljcreate.com\/es\/engineering\/biomedical-technology-kit\/","og_locale":"es_ES","og_type":"article","og_title":"Kit de tecnolog\u00eda biom\u00e9dica | LJ Create","og_description":"El Kit de tecnolog\u00eda biom\u00e9dica (230-01) tambi\u00e9n contiene un juego de bolsas de frijoles de \u201ccontaminaci\u00f3n\u201d que se pueden usar para mostrar cu\u00e1n f\u00e1cilmente puede ocurrir la contaminaci\u00f3n cruzada y permite a los estudiantes explorar medidas preventivas. Los recursos curriculares incluidos permiten a los estudiantes estudiar los principios de saneamiento, propagaci\u00f3n de enfermedades y vacunaci\u00f3n.&hellip;","og_url":"https:\/\/ljcreate.com\/es\/engineering\/biomedical-technology-kit\/","og_site_name":"LJ Create","article_modified_time":"2023-07-06T13:51:21+00:00","og_image":[{"width":1800,"height":881,"url":"https:\/\/ljcreate.com\/wp-content\/uploads\/2021\/08\/230-01_Main.jpg","type":"image\/jpeg"}],"twitter_card":"summary_large_image","twitter_misc":{"Tiempo de lectura":"1 minuto"},"schema":{"@context":"https:\/\/schema.org","@graph":[{"@type":"WebPage","@id":"https:\/\/ljcreate.com\/es\/engineering\/biomedical-technology-kit\/","url":"https:\/\/ljcreate.com\/es\/engineering\/biomedical-technology-kit\/","name":"Kit de tecnolog\u00eda biom\u00e9dica | LJ Create","isPartOf":{"@id":"https:\/\/ljcreate.com\/es\/#website"},"primaryImageOfPage":{"@id":"https:\/\/ljcreate.com\/es\/engineering\/biomedical-technology-kit\/#primaryimage"},"image":{"@id":"https:\/\/ljcreate.com\/es\/engineering\/biomedical-technology-kit\/#primaryimage"},"thumbnailUrl":"https:\/\/ljcreate.com\/wp-content\/uploads\/2021\/08\/230-01_Main.jpg","datePublished":"2021-08-17T11:04:53+00:00","dateModified":"2023-07-06T13:51:21+00:00","breadcrumb":{"@id":"https:\/\/ljcreate.com\/es\/engineering\/biomedical-technology-kit\/#breadcrumb"},"inLanguage":"es","potentialAction":[{"@type":"ReadAction","target":["https:\/\/ljcreate.com\/es\/engineering\/biomedical-technology-kit\/"]}]},{"@type":"ImageObject","inLanguage":"es","@id":"https:\/\/ljcreate.com\/es\/engineering\/biomedical-technology-kit\/#primaryimage","url":"https:\/\/ljcreate.com\/wp-content\/uploads\/2021\/08\/230-01_Main.jpg","contentUrl":"https:\/\/ljcreate.com\/wp-content\/uploads\/2021\/08\/230-01_Main.jpg","width":1800,"height":881,"caption":"Biomedical technology Kit"},{"@type":"BreadcrumbList","@id":"https:\/\/ljcreate.com\/es\/engineering\/biomedical-technology-kit\/#breadcrumb","itemListElement":[{"@type":"ListItem","position":1,"name":"Home","item":"https:\/\/ljcreate.com\/es\/"},{"@type":"ListItem","position":2,"name":"Productos","item":"https:\/\/ljcreate.com\/es\/shop\/"},{"@type":"ListItem","position":3,"name":"STEM\/Career Exploration","item":"https:\/\/ljcreate.com\/product-category\/stem-career-exploration\/"},{"@type":"ListItem","position":4,"name":"Kit de tecnolog\u00eda biom\u00e9dica"}]},{"@type":"WebSite","@id":"https:\/\/ljcreate.com\/es\/#website","url":"https:\/\/ljcreate.com\/es\/","name":"LJ Create","description":"Innovate, Inspire, and Engage","publisher":{"@id":"https:\/\/ljcreate.com\/es\/#organization"},"alternateName":"Creative Learning (Norwich) Limited","potentialAction":[{"@type":"SearchAction","target":{"@type":"EntryPoint","urlTemplate":"https:\/\/ljcreate.com\/es\/?s={search_term_string}"},"query-input":{"@type":"PropertyValueSpecification","valueRequired":true,"valueName":"search_term_string"}}],"inLanguage":"es"},{"@type":"Organization","@id":"https:\/\/ljcreate.com\/es\/#organization","name":"LJ Create","url":"https:\/\/ljcreate.com\/es\/","logo":{"@type":"ImageObject","inLanguage":"es","@id":"https:\/\/ljcreate.com\/es\/#\/schema\/logo\/image\/","url":"https:\/\/ljcreate.com\/wp-content\/uploads\/2021\/07\/logo.svg","contentUrl":"https:\/\/ljcreate.com\/wp-content\/uploads\/2021\/07\/logo.svg","width":"1024","height":"1024","caption":"LJ Create"},"image":{"@id":"https:\/\/ljcreate.com\/es\/#\/schema\/logo\/image\/"}}]}},"_links":{"self":[{"href":"https:\/\/ljcreate.com\/es\/wp-json\/wp\/v2\/product\/26923","targetHints":{"allow":["GET"]}}],"collection":[{"href":"https:\/\/ljcreate.com\/es\/wp-json\/wp\/v2\/product"}],"about":[{"href":"https:\/\/ljcreate.com\/es\/wp-json\/wp\/v2\/types\/product"}],"wp:featuredmedia":[{"embeddable":true,"href":"https:\/\/ljcreate.com\/es\/wp-json\/wp\/v2\/media\/19251"}],"wp:attachment":[{"href":"https:\/\/ljcreate.com\/es\/wp-json\/wp\/v2\/media?parent=26923"}],"wp:term":[{"taxonomy":"product_brand","embeddable":true,"href":"https:\/\/ljcreate.com\/es\/wp-json\/wp\/v2\/product_brand?post=26923"},{"taxonomy":"product_cat","embeddable":true,"href":"https:\/\/ljcreate.com\/es\/wp-json\/wp\/v2\/product_cat?post=26923"},{"taxonomy":"product_tag","embeddable":true,"href":"https:\/\/ljcreate.com\/es\/wp-json\/wp\/v2\/product_tag?post=26923"}],"curies":[{"name":"wp","href":"https:\/\/api.w.org\/{rel}","templated":true}]}}