{"id":26919,"date":"2021-08-17T06:41:53","date_gmt":"2021-08-17T11:41:53","guid":{"rendered":"https:\/\/alpha.ljcreate.com\/product\/sin%20categor\u00eda\/electronic-circuits-trainer\/"},"modified":"2023-07-06T14:53:48","modified_gmt":"2023-07-06T13:53:48","slug":"electronic-circuits-trainer","status":"publish","type":"product","link":"https:\/\/ljcreate.com\/es\/engineering\/electronic-circuits-trainer\/","title":{"rendered":"Entrenador de circuitos electr\u00f3nicos"},"content":{"rendered":"<h5>Entrenador de circuitos electr\u00f3nicos (450-10) &#8211; los temas y proyectos t\u00edpicos incluyen:<\/h5>\n<ul>\n<li>Circuito de l\u00e1mpara<\/li>\n<li>Probador de polaridad<\/li>\n<li>Circuito de l\u00e1mpara LED<\/li>\n<li>Circuito de luces autom\u00e1tico<\/li>\n<li>Circuito de luz autom\u00e1tico mejorado<\/li>\n<li>Timbre intermitente<\/li>\n<li>Controlador de puerta de ascensor<\/li>\n<li>Convertidor de CA a CC<\/li>\n<li>Alarma de beb\u00e9<\/li>\n<li>Controlador de cruce de carreteras<\/li>\n<\/ul>\n","protected":false},"excerpt":{"rendered":"<p>Entrenador de circuitos electr\u00f3nicos (450-10) &#8211; los temas y proyectos t\u00edpicos incluyen: Circuito de l\u00e1mpara Probador de polaridad Circuito de l\u00e1mpara LED Circuito de luces autom\u00e1tico Circuito de luz autom\u00e1tico mejorado Timbre intermitente Controlador de puerta de ascensor Convertidor de CA a CC Alarma de beb\u00e9 Controlador de cruce de carreteras<\/p>\n","protected":false},"featured_media":32149,"template":"","meta":{"_acf_changed":false,"inline_featured_image":false},"product_brand":[],"product_cat":[120,95,101,58,80,142,138,57],"product_tag":[],"class_list":{"0":"post-26919","1":"product","2":"type-product","3":"status-publish","4":"has-post-thumbnail","6":"product_cat-core-engineering-equipment-uk","7":"product_cat-design-and-technology-equipment","8":"product_cat-design-and-technology-equipment-2","9":"product_cat-engineering","10":"product_cat-engineering-uk","11":"product_cat-equipo-de-ingenieria-central","12":"product_cat-engineering-es","13":"product_cat-stem-career-exploration","15":"first","16":"instock","17":"shipping-taxable","18":"product-type-simple"},"acf":[],"yoast_head":"<!-- This site is optimized with the Yoast SEO plugin v27.3 - https:\/\/yoast.com\/product\/yoast-seo-wordpress\/ -->\n<title>Entrenador de circuitos electr\u00f3nicos | LJ Create<\/title>\n<meta name=\"robots\" content=\"index, follow, max-snippet:-1, max-image-preview:large, max-video-preview:-1\" \/>\n<link rel=\"canonical\" href=\"https:\/\/ljcreate.com\/es\/engineering\/electronic-circuits-trainer\/\" \/>\n<meta property=\"og:locale\" content=\"es_ES\" \/>\n<meta property=\"og:type\" content=\"article\" \/>\n<meta property=\"og:title\" content=\"Entrenador de circuitos electr\u00f3nicos | LJ Create\" \/>\n<meta property=\"og:description\" content=\"Entrenador de circuitos electr\u00f3nicos (450-10) &#8211; los temas y proyectos t\u00edpicos incluyen: Circuito de l\u00e1mpara Probador de polaridad Circuito de l\u00e1mpara LED Circuito de luces autom\u00e1tico Circuito de luz autom\u00e1tico mejorado Timbre intermitente Controlador de puerta de ascensor Convertidor de CA a CC Alarma de beb\u00e9 Controlador de cruce de carreteras\" \/>\n<meta property=\"og:url\" content=\"https:\/\/ljcreate.com\/es\/engineering\/electronic-circuits-trainer\/\" \/>\n<meta property=\"og:site_name\" content=\"LJ Create\" \/>\n<meta property=\"article:modified_time\" content=\"2023-07-06T13:53:48+00:00\" \/>\n<meta property=\"og:image\" content=\"https:\/\/ljcreate.com\/wp-content\/uploads\/2021\/08\/electronicCircuitsTrainer.webp\" \/>\n\t<meta property=\"og:image:width\" content=\"1080\" \/>\n\t<meta property=\"og:image:height\" content=\"529\" \/>\n\t<meta property=\"og:image:type\" content=\"image\/webp\" \/>\n<meta name=\"twitter:card\" content=\"summary_large_image\" \/>\n<meta name=\"twitter:label1\" content=\"Tiempo de lectura\" \/>\n\t<meta name=\"twitter:data1\" content=\"1 minuto\" \/>\n<script type=\"application\/ld+json\" class=\"yoast-schema-graph\">{\"@context\":\"https:\\\/\\\/schema.org\",\"@graph\":[{\"@type\":\"WebPage\",\"@id\":\"https:\\\/\\\/ljcreate.com\\\/es\\\/engineering\\\/electronic-circuits-trainer\\\/\",\"url\":\"https:\\\/\\\/ljcreate.com\\\/es\\\/engineering\\\/electronic-circuits-trainer\\\/\",\"name\":\"Entrenador de circuitos electr\u00f3nicos | LJ Create\",\"isPartOf\":{\"@id\":\"https:\\\/\\\/ljcreate.com\\\/es\\\/#website\"},\"primaryImageOfPage\":{\"@id\":\"https:\\\/\\\/ljcreate.com\\\/es\\\/engineering\\\/electronic-circuits-trainer\\\/#primaryimage\"},\"image\":{\"@id\":\"https:\\\/\\\/ljcreate.com\\\/es\\\/engineering\\\/electronic-circuits-trainer\\\/#primaryimage\"},\"thumbnailUrl\":\"https:\\\/\\\/ljcreate.com\\\/wp-content\\\/uploads\\\/2021\\\/08\\\/electronicCircuitsTrainer.webp\",\"datePublished\":\"2021-08-17T11:41:53+00:00\",\"dateModified\":\"2023-07-06T13:53:48+00:00\",\"breadcrumb\":{\"@id\":\"https:\\\/\\\/ljcreate.com\\\/es\\\/engineering\\\/electronic-circuits-trainer\\\/#breadcrumb\"},\"inLanguage\":\"es\",\"potentialAction\":[{\"@type\":\"ReadAction\",\"target\":[\"https:\\\/\\\/ljcreate.com\\\/es\\\/engineering\\\/electronic-circuits-trainer\\\/\"]}]},{\"@type\":\"ImageObject\",\"inLanguage\":\"es\",\"@id\":\"https:\\\/\\\/ljcreate.com\\\/es\\\/engineering\\\/electronic-circuits-trainer\\\/#primaryimage\",\"url\":\"https:\\\/\\\/ljcreate.com\\\/wp-content\\\/uploads\\\/2021\\\/08\\\/electronicCircuitsTrainer.webp\",\"contentUrl\":\"https:\\\/\\\/ljcreate.com\\\/wp-content\\\/uploads\\\/2021\\\/08\\\/electronicCircuitsTrainer.webp\",\"width\":1080,\"height\":529,\"caption\":\"Electronic Circuits Trainer\"},{\"@type\":\"BreadcrumbList\",\"@id\":\"https:\\\/\\\/ljcreate.com\\\/es\\\/engineering\\\/electronic-circuits-trainer\\\/#breadcrumb\",\"itemListElement\":[{\"@type\":\"ListItem\",\"position\":1,\"name\":\"Home\",\"item\":\"https:\\\/\\\/ljcreate.com\\\/es\\\/\"},{\"@type\":\"ListItem\",\"position\":2,\"name\":\"Productos\",\"item\":\"https:\\\/\\\/ljcreate.com\\\/es\\\/shop\\\/\"},{\"@type\":\"ListItem\",\"position\":3,\"name\":\"Engineering\",\"item\":\"https:\\\/\\\/ljcreate.com\\\/product-category\\\/engineering\\\/\"},{\"@type\":\"ListItem\",\"position\":4,\"name\":\"Entrenador de circuitos electr\u00f3nicos\"}]},{\"@type\":\"WebSite\",\"@id\":\"https:\\\/\\\/ljcreate.com\\\/es\\\/#website\",\"url\":\"https:\\\/\\\/ljcreate.com\\\/es\\\/\",\"name\":\"LJ Create\",\"description\":\"Innovate, Inspire, and Engage\",\"publisher\":{\"@id\":\"https:\\\/\\\/ljcreate.com\\\/es\\\/#organization\"},\"alternateName\":\"Creative Learning (Norwich) Limited\",\"potentialAction\":[{\"@type\":\"SearchAction\",\"target\":{\"@type\":\"EntryPoint\",\"urlTemplate\":\"https:\\\/\\\/ljcreate.com\\\/es\\\/?s={search_term_string}\"},\"query-input\":{\"@type\":\"PropertyValueSpecification\",\"valueRequired\":true,\"valueName\":\"search_term_string\"}}],\"inLanguage\":\"es\"},{\"@type\":\"Organization\",\"@id\":\"https:\\\/\\\/ljcreate.com\\\/es\\\/#organization\",\"name\":\"LJ Create\",\"url\":\"https:\\\/\\\/ljcreate.com\\\/es\\\/\",\"logo\":{\"@type\":\"ImageObject\",\"inLanguage\":\"es\",\"@id\":\"https:\\\/\\\/ljcreate.com\\\/es\\\/#\\\/schema\\\/logo\\\/image\\\/\",\"url\":\"https:\\\/\\\/ljcreate.com\\\/wp-content\\\/uploads\\\/2021\\\/07\\\/logo.svg\",\"contentUrl\":\"https:\\\/\\\/ljcreate.com\\\/wp-content\\\/uploads\\\/2021\\\/07\\\/logo.svg\",\"width\":\"1024\",\"height\":\"1024\",\"caption\":\"LJ Create\"},\"image\":{\"@id\":\"https:\\\/\\\/ljcreate.com\\\/es\\\/#\\\/schema\\\/logo\\\/image\\\/\"}}]}<\/script>\n<!-- \/ Yoast SEO plugin. -->","yoast_head_json":{"title":"Entrenador de circuitos electr\u00f3nicos | LJ Create","robots":{"index":"index","follow":"follow","max-snippet":"max-snippet:-1","max-image-preview":"max-image-preview:large","max-video-preview":"max-video-preview:-1"},"canonical":"https:\/\/ljcreate.com\/es\/engineering\/electronic-circuits-trainer\/","og_locale":"es_ES","og_type":"article","og_title":"Entrenador de circuitos electr\u00f3nicos | LJ Create","og_description":"Entrenador de circuitos electr\u00f3nicos (450-10) &#8211; los temas y proyectos t\u00edpicos incluyen: Circuito de l\u00e1mpara Probador de polaridad Circuito de l\u00e1mpara LED Circuito de luces autom\u00e1tico Circuito de luz autom\u00e1tico mejorado Timbre intermitente Controlador de puerta de ascensor Convertidor de CA a CC Alarma de beb\u00e9 Controlador de cruce de carreteras","og_url":"https:\/\/ljcreate.com\/es\/engineering\/electronic-circuits-trainer\/","og_site_name":"LJ Create","article_modified_time":"2023-07-06T13:53:48+00:00","og_image":[{"width":1080,"height":529,"url":"https:\/\/ljcreate.com\/wp-content\/uploads\/2021\/08\/electronicCircuitsTrainer.webp","type":"image\/webp"}],"twitter_card":"summary_large_image","twitter_misc":{"Tiempo de lectura":"1 minuto"},"schema":{"@context":"https:\/\/schema.org","@graph":[{"@type":"WebPage","@id":"https:\/\/ljcreate.com\/es\/engineering\/electronic-circuits-trainer\/","url":"https:\/\/ljcreate.com\/es\/engineering\/electronic-circuits-trainer\/","name":"Entrenador de circuitos electr\u00f3nicos | LJ Create","isPartOf":{"@id":"https:\/\/ljcreate.com\/es\/#website"},"primaryImageOfPage":{"@id":"https:\/\/ljcreate.com\/es\/engineering\/electronic-circuits-trainer\/#primaryimage"},"image":{"@id":"https:\/\/ljcreate.com\/es\/engineering\/electronic-circuits-trainer\/#primaryimage"},"thumbnailUrl":"https:\/\/ljcreate.com\/wp-content\/uploads\/2021\/08\/electronicCircuitsTrainer.webp","datePublished":"2021-08-17T11:41:53+00:00","dateModified":"2023-07-06T13:53:48+00:00","breadcrumb":{"@id":"https:\/\/ljcreate.com\/es\/engineering\/electronic-circuits-trainer\/#breadcrumb"},"inLanguage":"es","potentialAction":[{"@type":"ReadAction","target":["https:\/\/ljcreate.com\/es\/engineering\/electronic-circuits-trainer\/"]}]},{"@type":"ImageObject","inLanguage":"es","@id":"https:\/\/ljcreate.com\/es\/engineering\/electronic-circuits-trainer\/#primaryimage","url":"https:\/\/ljcreate.com\/wp-content\/uploads\/2021\/08\/electronicCircuitsTrainer.webp","contentUrl":"https:\/\/ljcreate.com\/wp-content\/uploads\/2021\/08\/electronicCircuitsTrainer.webp","width":1080,"height":529,"caption":"Electronic Circuits Trainer"},{"@type":"BreadcrumbList","@id":"https:\/\/ljcreate.com\/es\/engineering\/electronic-circuits-trainer\/#breadcrumb","itemListElement":[{"@type":"ListItem","position":1,"name":"Home","item":"https:\/\/ljcreate.com\/es\/"},{"@type":"ListItem","position":2,"name":"Productos","item":"https:\/\/ljcreate.com\/es\/shop\/"},{"@type":"ListItem","position":3,"name":"Engineering","item":"https:\/\/ljcreate.com\/product-category\/engineering\/"},{"@type":"ListItem","position":4,"name":"Entrenador de circuitos electr\u00f3nicos"}]},{"@type":"WebSite","@id":"https:\/\/ljcreate.com\/es\/#website","url":"https:\/\/ljcreate.com\/es\/","name":"LJ Create","description":"Innovate, Inspire, and Engage","publisher":{"@id":"https:\/\/ljcreate.com\/es\/#organization"},"alternateName":"Creative Learning (Norwich) Limited","potentialAction":[{"@type":"SearchAction","target":{"@type":"EntryPoint","urlTemplate":"https:\/\/ljcreate.com\/es\/?s={search_term_string}"},"query-input":{"@type":"PropertyValueSpecification","valueRequired":true,"valueName":"search_term_string"}}],"inLanguage":"es"},{"@type":"Organization","@id":"https:\/\/ljcreate.com\/es\/#organization","name":"LJ Create","url":"https:\/\/ljcreate.com\/es\/","logo":{"@type":"ImageObject","inLanguage":"es","@id":"https:\/\/ljcreate.com\/es\/#\/schema\/logo\/image\/","url":"https:\/\/ljcreate.com\/wp-content\/uploads\/2021\/07\/logo.svg","contentUrl":"https:\/\/ljcreate.com\/wp-content\/uploads\/2021\/07\/logo.svg","width":"1024","height":"1024","caption":"LJ Create"},"image":{"@id":"https:\/\/ljcreate.com\/es\/#\/schema\/logo\/image\/"}}]}},"_links":{"self":[{"href":"https:\/\/ljcreate.com\/es\/wp-json\/wp\/v2\/product\/26919","targetHints":{"allow":["GET"]}}],"collection":[{"href":"https:\/\/ljcreate.com\/es\/wp-json\/wp\/v2\/product"}],"about":[{"href":"https:\/\/ljcreate.com\/es\/wp-json\/wp\/v2\/types\/product"}],"wp:featuredmedia":[{"embeddable":true,"href":"https:\/\/ljcreate.com\/es\/wp-json\/wp\/v2\/media\/32149"}],"wp:attachment":[{"href":"https:\/\/ljcreate.com\/es\/wp-json\/wp\/v2\/media?parent=26919"}],"wp:term":[{"taxonomy":"product_brand","embeddable":true,"href":"https:\/\/ljcreate.com\/es\/wp-json\/wp\/v2\/product_brand?post=26919"},{"taxonomy":"product_cat","embeddable":true,"href":"https:\/\/ljcreate.com\/es\/wp-json\/wp\/v2\/product_cat?post=26919"},{"taxonomy":"product_tag","embeddable":true,"href":"https:\/\/ljcreate.com\/es\/wp-json\/wp\/v2\/product_tag?post=26919"}],"curies":[{"name":"wp","href":"https:\/\/api.w.org\/{rel}","templated":true}]}}