{"id":26917,"date":"2021-08-17T06:38:00","date_gmt":"2021-08-17T11:38:00","guid":{"rendered":"https:\/\/alpha.ljcreate.com\/product\/sin%20categor\u00eda\/injection-molding-trainer\/"},"modified":"2023-07-06T14:53:18","modified_gmt":"2023-07-06T13:53:18","slug":"injection-molding-trainer","status":"publish","type":"product","link":"https:\/\/ljcreate.com\/es\/engineering\/injection-molding-trainer\/","title":{"rendered":"Entrenador de moldeo por inyecci\u00f3n"},"content":{"rendered":"<p>El entrenador de moldeo por inyecci\u00f3n (350-01) ofrece un recurso en el aula para investigar las t\u00e9cnicas utilizadas para crear productos termopl\u00e1sticos. Los estudiantes inicialmente usan el entrenador para moldear una variedad de art\u00edculos, incluido un modelo de autom\u00f3vil y diferentes dise\u00f1os de manijas de las puertas.<\/p>\n<h5>El uso del entrenador junto con una impresora 3D permite a los estudiantes seguir t\u00e9cnicas r\u00e1pidas de creaci\u00f3n de prototipos y herramientas, que incluyen:<\/h5>\n<ul>\n<li>Impresi\u00f3n 3D, evaluaci\u00f3n y mejora de prototipos<\/li>\n<li>Impresi\u00f3n 3D de moldes de inyecci\u00f3n<\/li>\n<li>Moldeo por inyecci\u00f3n del producto final<\/li>\n<\/ul>\n<p>Los estudiantes aplican estas t\u00e9cnicas para desarrollar varios elementos, que incluyen una envoltura para el cable de los auriculares y un mecanismo de engranajes de varias partes.<\/p>\n<p>Los estudiantes ver\u00e1n c\u00f3mo se necesita una buena comprensi\u00f3n de la ciencia de las propiedades de los materiales para seleccionar materiales y m\u00e9todos apropiados para la producci\u00f3n. Tambi\u00e9n comprender\u00e1n c\u00f3mo se requieren las matem\u00e1ticas para desarrollar los costos de producci\u00f3n y proponer los costos de venta.<\/p>\n<p>El set incluye:<\/p>\n<ul>\n<li>Moldeador de inyecci\u00f3n y palanca<\/li>\n<li>Juego de moldes que contiene:\n<ul>\n<li>Molde de una pieza<\/li>\n<li>Molde de varias partes<\/li>\n<li>Molde &#8216;inteligente&#8217; adaptable<\/li>\n<li>Chaqueta de soporte para moldes impresos en 3D<\/li>\n<\/ul>\n<\/li>\n<li>Suministro de gr\u00e1nulos de pl\u00e1stico<\/li>\n<li>Puerta de armario modelo<\/li>\n<li>Guantes resistentes al calor<\/li>\n<li>Disco del plan de estudios<\/li>\n<\/ul>\n<h5>Algunos proyectos tambi\u00e9n pueden requerir:<\/h5>\n<ul>\n<li>Acceso de estudiantes a una impresora 3d.<\/li>\n<\/ul>\n<h5>Las actividades pr\u00e1cticas t\u00edpicas incluyen:<\/h5>\n<ul>\n<li>Molde de inyecci\u00f3n de las piezas para un modelo de coche.<\/li>\n<li>Moldea diferentes dise\u00f1os de pomos de la puerta y prueba la resistencia de cada uno<\/li>\n<li>Adapte un dise\u00f1o de molde existente para hacer un soporte para mazorcas de ma\u00edz<\/li>\n<li>Imprima en 3D una herramienta de moldeo por inyecci\u00f3n<\/li>\n<li>Adapte una herramienta de molde impresa en 3D para superar los problemas de moldeado, como el tapajuntas, el acabado de la superficie y la contracci\u00f3n.<\/li>\n<li>Explore los beneficios de agregar un \u00e1ngulo de desmoldeo a un molde<\/li>\n<li>Proyecto de dise\u00f1o: dise\u00f1o de un nuevo componente adecuado para la producci\u00f3n en masa<\/li>\n<\/ul>\n","protected":false},"excerpt":{"rendered":"<p>El entrenador de moldeo por inyecci\u00f3n (350-01) ofrece un recurso en el aula para investigar las t\u00e9cnicas utilizadas para crear productos termopl\u00e1sticos. Los estudiantes inicialmente usan el entrenador para moldear una variedad de art\u00edculos, incluido un modelo de autom\u00f3vil y diferentes dise\u00f1os de manijas de las puertas. El uso del entrenador junto con una impresora&hellip;<\/p>\n","protected":false},"featured_media":32151,"template":"","meta":{"_acf_changed":false,"inline_featured_image":false},"product_brand":[],"product_cat":[120,138,142],"product_tag":[],"class_list":{"0":"post-26917","1":"product","2":"type-product","3":"status-publish","4":"has-post-thumbnail","6":"product_cat-core-engineering-equipment-uk","7":"product_cat-engineering-es","8":"product_cat-equipo-de-ingenieria-central","10":"first","11":"instock","12":"shipping-taxable","13":"product-type-simple"},"acf":[],"yoast_head":"<!-- This site is optimized with the Yoast SEO plugin v27.3 - https:\/\/yoast.com\/product\/yoast-seo-wordpress\/ -->\n<title>Entrenador de moldeo por inyecci\u00f3n | LJ Create<\/title>\n<meta name=\"robots\" content=\"index, follow, max-snippet:-1, max-image-preview:large, max-video-preview:-1\" \/>\n<link rel=\"canonical\" href=\"https:\/\/ljcreate.com\/es\/engineering\/injection-molding-trainer\/\" \/>\n<meta property=\"og:locale\" content=\"es_ES\" \/>\n<meta property=\"og:type\" content=\"article\" \/>\n<meta property=\"og:title\" content=\"Entrenador de moldeo por inyecci\u00f3n | LJ Create\" \/>\n<meta property=\"og:description\" content=\"El entrenador de moldeo por inyecci\u00f3n (350-01) ofrece un recurso en el aula para investigar las t\u00e9cnicas utilizadas para crear productos termopl\u00e1sticos. Los estudiantes inicialmente usan el entrenador para moldear una variedad de art\u00edculos, incluido un modelo de autom\u00f3vil y diferentes dise\u00f1os de manijas de las puertas. El uso del entrenador junto con una impresora&hellip;\" \/>\n<meta property=\"og:url\" content=\"https:\/\/ljcreate.com\/es\/engineering\/injection-molding-trainer\/\" \/>\n<meta property=\"og:site_name\" content=\"LJ Create\" \/>\n<meta property=\"article:modified_time\" content=\"2023-07-06T13:53:18+00:00\" \/>\n<meta property=\"og:image\" content=\"https:\/\/ljcreate.com\/wp-content\/uploads\/2021\/08\/injectionMouldingTrainer.webp\" \/>\n\t<meta property=\"og:image:width\" content=\"1080\" \/>\n\t<meta property=\"og:image:height\" content=\"529\" \/>\n\t<meta property=\"og:image:type\" content=\"image\/webp\" \/>\n<meta name=\"twitter:card\" content=\"summary_large_image\" \/>\n<meta name=\"twitter:label1\" content=\"Tiempo de lectura\" \/>\n\t<meta name=\"twitter:data1\" content=\"2 minutos\" \/>\n<script type=\"application\/ld+json\" class=\"yoast-schema-graph\">{\"@context\":\"https:\\\/\\\/schema.org\",\"@graph\":[{\"@type\":\"WebPage\",\"@id\":\"https:\\\/\\\/ljcreate.com\\\/es\\\/engineering\\\/injection-molding-trainer\\\/\",\"url\":\"https:\\\/\\\/ljcreate.com\\\/es\\\/engineering\\\/injection-molding-trainer\\\/\",\"name\":\"Entrenador de moldeo por inyecci\u00f3n | LJ Create\",\"isPartOf\":{\"@id\":\"https:\\\/\\\/ljcreate.com\\\/es\\\/#website\"},\"primaryImageOfPage\":{\"@id\":\"https:\\\/\\\/ljcreate.com\\\/es\\\/engineering\\\/injection-molding-trainer\\\/#primaryimage\"},\"image\":{\"@id\":\"https:\\\/\\\/ljcreate.com\\\/es\\\/engineering\\\/injection-molding-trainer\\\/#primaryimage\"},\"thumbnailUrl\":\"https:\\\/\\\/ljcreate.com\\\/wp-content\\\/uploads\\\/2021\\\/08\\\/injectionMouldingTrainer.webp\",\"datePublished\":\"2021-08-17T11:38:00+00:00\",\"dateModified\":\"2023-07-06T13:53:18+00:00\",\"breadcrumb\":{\"@id\":\"https:\\\/\\\/ljcreate.com\\\/es\\\/engineering\\\/injection-molding-trainer\\\/#breadcrumb\"},\"inLanguage\":\"es\",\"potentialAction\":[{\"@type\":\"ReadAction\",\"target\":[\"https:\\\/\\\/ljcreate.com\\\/es\\\/engineering\\\/injection-molding-trainer\\\/\"]}]},{\"@type\":\"ImageObject\",\"inLanguage\":\"es\",\"@id\":\"https:\\\/\\\/ljcreate.com\\\/es\\\/engineering\\\/injection-molding-trainer\\\/#primaryimage\",\"url\":\"https:\\\/\\\/ljcreate.com\\\/wp-content\\\/uploads\\\/2021\\\/08\\\/injectionMouldingTrainer.webp\",\"contentUrl\":\"https:\\\/\\\/ljcreate.com\\\/wp-content\\\/uploads\\\/2021\\\/08\\\/injectionMouldingTrainer.webp\",\"width\":1080,\"height\":529,\"caption\":\"Injection Moulding Trainer\"},{\"@type\":\"BreadcrumbList\",\"@id\":\"https:\\\/\\\/ljcreate.com\\\/es\\\/engineering\\\/injection-molding-trainer\\\/#breadcrumb\",\"itemListElement\":[{\"@type\":\"ListItem\",\"position\":1,\"name\":\"Home\",\"item\":\"https:\\\/\\\/ljcreate.com\\\/es\\\/\"},{\"@type\":\"ListItem\",\"position\":2,\"name\":\"Productos\",\"item\":\"https:\\\/\\\/ljcreate.com\\\/es\\\/shop\\\/\"},{\"@type\":\"ListItem\",\"position\":3,\"name\":\"Engineering\",\"item\":\"https:\\\/\\\/ljcreate.com\\\/uk\\\/product-category\\\/engineering\\\/\"},{\"@type\":\"ListItem\",\"position\":4,\"name\":\"Entrenador de moldeo por inyecci\u00f3n\"}]},{\"@type\":\"WebSite\",\"@id\":\"https:\\\/\\\/ljcreate.com\\\/es\\\/#website\",\"url\":\"https:\\\/\\\/ljcreate.com\\\/es\\\/\",\"name\":\"LJ Create\",\"description\":\"Innovate, Inspire, and Engage\",\"publisher\":{\"@id\":\"https:\\\/\\\/ljcreate.com\\\/es\\\/#organization\"},\"alternateName\":\"Creative Learning (Norwich) Limited\",\"potentialAction\":[{\"@type\":\"SearchAction\",\"target\":{\"@type\":\"EntryPoint\",\"urlTemplate\":\"https:\\\/\\\/ljcreate.com\\\/es\\\/?s={search_term_string}\"},\"query-input\":{\"@type\":\"PropertyValueSpecification\",\"valueRequired\":true,\"valueName\":\"search_term_string\"}}],\"inLanguage\":\"es\"},{\"@type\":\"Organization\",\"@id\":\"https:\\\/\\\/ljcreate.com\\\/es\\\/#organization\",\"name\":\"LJ Create\",\"url\":\"https:\\\/\\\/ljcreate.com\\\/es\\\/\",\"logo\":{\"@type\":\"ImageObject\",\"inLanguage\":\"es\",\"@id\":\"https:\\\/\\\/ljcreate.com\\\/es\\\/#\\\/schema\\\/logo\\\/image\\\/\",\"url\":\"https:\\\/\\\/ljcreate.com\\\/wp-content\\\/uploads\\\/2021\\\/07\\\/logo.svg\",\"contentUrl\":\"https:\\\/\\\/ljcreate.com\\\/wp-content\\\/uploads\\\/2021\\\/07\\\/logo.svg\",\"width\":\"1024\",\"height\":\"1024\",\"caption\":\"LJ Create\"},\"image\":{\"@id\":\"https:\\\/\\\/ljcreate.com\\\/es\\\/#\\\/schema\\\/logo\\\/image\\\/\"}}]}<\/script>\n<!-- \/ Yoast SEO plugin. -->","yoast_head_json":{"title":"Entrenador de moldeo por inyecci\u00f3n | LJ Create","robots":{"index":"index","follow":"follow","max-snippet":"max-snippet:-1","max-image-preview":"max-image-preview:large","max-video-preview":"max-video-preview:-1"},"canonical":"https:\/\/ljcreate.com\/es\/engineering\/injection-molding-trainer\/","og_locale":"es_ES","og_type":"article","og_title":"Entrenador de moldeo por inyecci\u00f3n | LJ Create","og_description":"El entrenador de moldeo por inyecci\u00f3n (350-01) ofrece un recurso en el aula para investigar las t\u00e9cnicas utilizadas para crear productos termopl\u00e1sticos. Los estudiantes inicialmente usan el entrenador para moldear una variedad de art\u00edculos, incluido un modelo de autom\u00f3vil y diferentes dise\u00f1os de manijas de las puertas. El uso del entrenador junto con una impresora&hellip;","og_url":"https:\/\/ljcreate.com\/es\/engineering\/injection-molding-trainer\/","og_site_name":"LJ Create","article_modified_time":"2023-07-06T13:53:18+00:00","og_image":[{"width":1080,"height":529,"url":"https:\/\/ljcreate.com\/wp-content\/uploads\/2021\/08\/injectionMouldingTrainer.webp","type":"image\/webp"}],"twitter_card":"summary_large_image","twitter_misc":{"Tiempo de lectura":"2 minutos"},"schema":{"@context":"https:\/\/schema.org","@graph":[{"@type":"WebPage","@id":"https:\/\/ljcreate.com\/es\/engineering\/injection-molding-trainer\/","url":"https:\/\/ljcreate.com\/es\/engineering\/injection-molding-trainer\/","name":"Entrenador de moldeo por inyecci\u00f3n | LJ Create","isPartOf":{"@id":"https:\/\/ljcreate.com\/es\/#website"},"primaryImageOfPage":{"@id":"https:\/\/ljcreate.com\/es\/engineering\/injection-molding-trainer\/#primaryimage"},"image":{"@id":"https:\/\/ljcreate.com\/es\/engineering\/injection-molding-trainer\/#primaryimage"},"thumbnailUrl":"https:\/\/ljcreate.com\/wp-content\/uploads\/2021\/08\/injectionMouldingTrainer.webp","datePublished":"2021-08-17T11:38:00+00:00","dateModified":"2023-07-06T13:53:18+00:00","breadcrumb":{"@id":"https:\/\/ljcreate.com\/es\/engineering\/injection-molding-trainer\/#breadcrumb"},"inLanguage":"es","potentialAction":[{"@type":"ReadAction","target":["https:\/\/ljcreate.com\/es\/engineering\/injection-molding-trainer\/"]}]},{"@type":"ImageObject","inLanguage":"es","@id":"https:\/\/ljcreate.com\/es\/engineering\/injection-molding-trainer\/#primaryimage","url":"https:\/\/ljcreate.com\/wp-content\/uploads\/2021\/08\/injectionMouldingTrainer.webp","contentUrl":"https:\/\/ljcreate.com\/wp-content\/uploads\/2021\/08\/injectionMouldingTrainer.webp","width":1080,"height":529,"caption":"Injection Moulding Trainer"},{"@type":"BreadcrumbList","@id":"https:\/\/ljcreate.com\/es\/engineering\/injection-molding-trainer\/#breadcrumb","itemListElement":[{"@type":"ListItem","position":1,"name":"Home","item":"https:\/\/ljcreate.com\/es\/"},{"@type":"ListItem","position":2,"name":"Productos","item":"https:\/\/ljcreate.com\/es\/shop\/"},{"@type":"ListItem","position":3,"name":"Engineering","item":"https:\/\/ljcreate.com\/uk\/product-category\/engineering\/"},{"@type":"ListItem","position":4,"name":"Entrenador de moldeo por inyecci\u00f3n"}]},{"@type":"WebSite","@id":"https:\/\/ljcreate.com\/es\/#website","url":"https:\/\/ljcreate.com\/es\/","name":"LJ Create","description":"Innovate, Inspire, and Engage","publisher":{"@id":"https:\/\/ljcreate.com\/es\/#organization"},"alternateName":"Creative Learning (Norwich) Limited","potentialAction":[{"@type":"SearchAction","target":{"@type":"EntryPoint","urlTemplate":"https:\/\/ljcreate.com\/es\/?s={search_term_string}"},"query-input":{"@type":"PropertyValueSpecification","valueRequired":true,"valueName":"search_term_string"}}],"inLanguage":"es"},{"@type":"Organization","@id":"https:\/\/ljcreate.com\/es\/#organization","name":"LJ Create","url":"https:\/\/ljcreate.com\/es\/","logo":{"@type":"ImageObject","inLanguage":"es","@id":"https:\/\/ljcreate.com\/es\/#\/schema\/logo\/image\/","url":"https:\/\/ljcreate.com\/wp-content\/uploads\/2021\/07\/logo.svg","contentUrl":"https:\/\/ljcreate.com\/wp-content\/uploads\/2021\/07\/logo.svg","width":"1024","height":"1024","caption":"LJ Create"},"image":{"@id":"https:\/\/ljcreate.com\/es\/#\/schema\/logo\/image\/"}}]}},"_links":{"self":[{"href":"https:\/\/ljcreate.com\/es\/wp-json\/wp\/v2\/product\/26917","targetHints":{"allow":["GET"]}}],"collection":[{"href":"https:\/\/ljcreate.com\/es\/wp-json\/wp\/v2\/product"}],"about":[{"href":"https:\/\/ljcreate.com\/es\/wp-json\/wp\/v2\/types\/product"}],"wp:featuredmedia":[{"embeddable":true,"href":"https:\/\/ljcreate.com\/es\/wp-json\/wp\/v2\/media\/32151"}],"wp:attachment":[{"href":"https:\/\/ljcreate.com\/es\/wp-json\/wp\/v2\/media?parent=26917"}],"wp:term":[{"taxonomy":"product_brand","embeddable":true,"href":"https:\/\/ljcreate.com\/es\/wp-json\/wp\/v2\/product_brand?post=26917"},{"taxonomy":"product_cat","embeddable":true,"href":"https:\/\/ljcreate.com\/es\/wp-json\/wp\/v2\/product_cat?post=26917"},{"taxonomy":"product_tag","embeddable":true,"href":"https:\/\/ljcreate.com\/es\/wp-json\/wp\/v2\/product_tag?post=26917"}],"curies":[{"name":"wp","href":"https:\/\/api.w.org\/{rel}","templated":true}]}}