{"id":26911,"date":"2021-08-23T08:51:30","date_gmt":"2021-08-23T13:51:30","guid":{"rendered":"https:\/\/alpha.ljcreate.com\/product\/sin%20categor\u00eda\/auto-electronics-trainer\/"},"modified":"2025-10-14T16:53:48","modified_gmt":"2025-10-14T15:53:48","slug":"auto-electronics-trainer","status":"publish","type":"product","link":"https:\/\/ljcreate.com\/es\/automotive-technology\/auto-electronics-trainer\/","title":{"rendered":"Entrenador de electr\u00f3nica automotriz"},"content":{"rendered":"<p>A los estudiantes se les asignan tareas que los animan a explorar circuitos de manera pr\u00e1ctica, para ayudarlos a desarrollar su comprensi\u00f3n de los componentes, circuitos y sistemas el\u00e9ctricos. Tambi\u00e9n desarrollan habilidades de diagn\u00f3stico y detecci\u00f3n de fallas utilizando equipos de prueba reales.<\/p>\n<h5>Entrenador de electr\u00f3nica automotriz (700-10) &#8211; los temas pr\u00e1cticos cubiertos incluyen:<\/h5>\n<ul>\n<li>Circuitos y medidas simples<\/li>\n<li>Componentes de bater\u00eda, fusible, interruptor y l\u00e1mpara<\/li>\n<li>Circuitos de tierra comunes<\/li>\n<li>Diagramas de cableado<\/li>\n<li>Flujo de corriente<\/li>\n<li>Poder<\/li>\n<li>Continuidad<\/li>\n<li>Fallas de circuito<\/li>\n<li>L\u00e1mparas en serie y en paralelo<\/li>\n<li>Interruptores en serie y paralelo<\/li>\n<li>Interruptores de dos y tres posiciones<\/li>\n<li>Ley y resistencia de Ohm<\/li>\n<\/ul>\n","protected":false},"excerpt":{"rendered":"<p>A los estudiantes se les asignan tareas que los animan a explorar circuitos de manera pr\u00e1ctica, para ayudarlos a desarrollar su comprensi\u00f3n de los componentes, circuitos y sistemas el\u00e9ctricos. Tambi\u00e9n desarrollan habilidades de diagn\u00f3stico y detecci\u00f3n de fallas utilizando equipos de prueba reales. Entrenador de electr\u00f3nica automotriz (700-10) &#8211; los temas pr\u00e1cticos cubiertos incluyen: Circuitos&hellip;<\/p>\n","protected":false},"featured_media":31587,"template":"","meta":{"_acf_changed":false,"inline_featured_image":false},"product_brand":[],"product_cat":[90],"product_tag":[],"class_list":{"0":"post-26911","1":"product","2":"type-product","3":"status-publish","4":"has-post-thumbnail","6":"product_cat-legacy","8":"first","9":"instock","10":"shipping-taxable","11":"product-type-simple"},"acf":[],"yoast_head":"<!-- This site is optimized with the Yoast SEO plugin v27.3 - https:\/\/yoast.com\/product\/yoast-seo-wordpress\/ -->\n<title>Entrenador de electr\u00f3nica automotriz | LJ Create<\/title>\n<meta name=\"robots\" content=\"index, follow, max-snippet:-1, max-image-preview:large, max-video-preview:-1\" \/>\n<link rel=\"canonical\" href=\"https:\/\/ljcreate.com\/es\/automotive-technology\/auto-electronics-trainer\/\" \/>\n<meta property=\"og:locale\" content=\"es_ES\" \/>\n<meta property=\"og:type\" content=\"article\" \/>\n<meta property=\"og:title\" content=\"Entrenador de electr\u00f3nica automotriz | LJ Create\" \/>\n<meta property=\"og:description\" content=\"A los estudiantes se les asignan tareas que los animan a explorar circuitos de manera pr\u00e1ctica, para ayudarlos a desarrollar su comprensi\u00f3n de los componentes, circuitos y sistemas el\u00e9ctricos. Tambi\u00e9n desarrollan habilidades de diagn\u00f3stico y detecci\u00f3n de fallas utilizando equipos de prueba reales. Entrenador de electr\u00f3nica automotriz (700-10) &#8211; los temas pr\u00e1cticos cubiertos incluyen: Circuitos&hellip;\" \/>\n<meta property=\"og:url\" content=\"https:\/\/ljcreate.com\/es\/automotive-technology\/auto-electronics-trainer\/\" \/>\n<meta property=\"og:site_name\" content=\"LJ Create\" \/>\n<meta property=\"article:modified_time\" content=\"2025-10-14T15:53:48+00:00\" \/>\n<meta property=\"og:image\" content=\"https:\/\/ljcreate.com\/wp-content\/uploads\/2021\/08\/autoElectronicsTrainer.webp\" \/>\n\t<meta property=\"og:image:width\" content=\"1080\" \/>\n\t<meta property=\"og:image:height\" content=\"529\" \/>\n\t<meta property=\"og:image:type\" content=\"image\/webp\" \/>\n<meta name=\"twitter:card\" content=\"summary_large_image\" \/>\n<meta name=\"twitter:label1\" content=\"Tiempo de lectura\" \/>\n\t<meta name=\"twitter:data1\" content=\"1 minuto\" \/>\n<script type=\"application\/ld+json\" class=\"yoast-schema-graph\">{\"@context\":\"https:\\\/\\\/schema.org\",\"@graph\":[{\"@type\":\"WebPage\",\"@id\":\"https:\\\/\\\/ljcreate.com\\\/es\\\/automotive-technology\\\/auto-electronics-trainer\\\/\",\"url\":\"https:\\\/\\\/ljcreate.com\\\/es\\\/automotive-technology\\\/auto-electronics-trainer\\\/\",\"name\":\"Entrenador de electr\u00f3nica automotriz | LJ Create\",\"isPartOf\":{\"@id\":\"https:\\\/\\\/ljcreate.com\\\/es\\\/#website\"},\"primaryImageOfPage\":{\"@id\":\"https:\\\/\\\/ljcreate.com\\\/es\\\/automotive-technology\\\/auto-electronics-trainer\\\/#primaryimage\"},\"image\":{\"@id\":\"https:\\\/\\\/ljcreate.com\\\/es\\\/automotive-technology\\\/auto-electronics-trainer\\\/#primaryimage\"},\"thumbnailUrl\":\"https:\\\/\\\/ljcreate.com\\\/wp-content\\\/uploads\\\/2021\\\/08\\\/autoElectronicsTrainer.webp\",\"datePublished\":\"2021-08-23T13:51:30+00:00\",\"dateModified\":\"2025-10-14T15:53:48+00:00\",\"breadcrumb\":{\"@id\":\"https:\\\/\\\/ljcreate.com\\\/es\\\/automotive-technology\\\/auto-electronics-trainer\\\/#breadcrumb\"},\"inLanguage\":\"es\",\"potentialAction\":[{\"@type\":\"ReadAction\",\"target\":[\"https:\\\/\\\/ljcreate.com\\\/es\\\/automotive-technology\\\/auto-electronics-trainer\\\/\"]}]},{\"@type\":\"ImageObject\",\"inLanguage\":\"es\",\"@id\":\"https:\\\/\\\/ljcreate.com\\\/es\\\/automotive-technology\\\/auto-electronics-trainer\\\/#primaryimage\",\"url\":\"https:\\\/\\\/ljcreate.com\\\/wp-content\\\/uploads\\\/2021\\\/08\\\/autoElectronicsTrainer.webp\",\"contentUrl\":\"https:\\\/\\\/ljcreate.com\\\/wp-content\\\/uploads\\\/2021\\\/08\\\/autoElectronicsTrainer.webp\",\"width\":1080,\"height\":529,\"caption\":\"Auto Electronics Trainer\"},{\"@type\":\"BreadcrumbList\",\"@id\":\"https:\\\/\\\/ljcreate.com\\\/es\\\/automotive-technology\\\/auto-electronics-trainer\\\/#breadcrumb\",\"itemListElement\":[{\"@type\":\"ListItem\",\"position\":1,\"name\":\"Home\",\"item\":\"https:\\\/\\\/ljcreate.com\\\/es\\\/\"},{\"@type\":\"ListItem\",\"position\":2,\"name\":\"Productos\",\"item\":\"https:\\\/\\\/ljcreate.com\\\/es\\\/shop\\\/\"},{\"@type\":\"ListItem\",\"position\":3,\"name\":\"Legacy\",\"item\":\"https:\\\/\\\/ljcreate.com\\\/product-category\\\/legacy\\\/\"},{\"@type\":\"ListItem\",\"position\":4,\"name\":\"Entrenador de electr\u00f3nica automotriz\"}]},{\"@type\":\"WebSite\",\"@id\":\"https:\\\/\\\/ljcreate.com\\\/es\\\/#website\",\"url\":\"https:\\\/\\\/ljcreate.com\\\/es\\\/\",\"name\":\"LJ Create\",\"description\":\"Innovate, Inspire, and Engage\",\"publisher\":{\"@id\":\"https:\\\/\\\/ljcreate.com\\\/es\\\/#organization\"},\"alternateName\":\"Creative Learning (Norwich) Limited\",\"potentialAction\":[{\"@type\":\"SearchAction\",\"target\":{\"@type\":\"EntryPoint\",\"urlTemplate\":\"https:\\\/\\\/ljcreate.com\\\/es\\\/?s={search_term_string}\"},\"query-input\":{\"@type\":\"PropertyValueSpecification\",\"valueRequired\":true,\"valueName\":\"search_term_string\"}}],\"inLanguage\":\"es\"},{\"@type\":\"Organization\",\"@id\":\"https:\\\/\\\/ljcreate.com\\\/es\\\/#organization\",\"name\":\"LJ Create\",\"url\":\"https:\\\/\\\/ljcreate.com\\\/es\\\/\",\"logo\":{\"@type\":\"ImageObject\",\"inLanguage\":\"es\",\"@id\":\"https:\\\/\\\/ljcreate.com\\\/es\\\/#\\\/schema\\\/logo\\\/image\\\/\",\"url\":\"https:\\\/\\\/ljcreate.com\\\/wp-content\\\/uploads\\\/2021\\\/07\\\/logo.svg\",\"contentUrl\":\"https:\\\/\\\/ljcreate.com\\\/wp-content\\\/uploads\\\/2021\\\/07\\\/logo.svg\",\"width\":\"1024\",\"height\":\"1024\",\"caption\":\"LJ Create\"},\"image\":{\"@id\":\"https:\\\/\\\/ljcreate.com\\\/es\\\/#\\\/schema\\\/logo\\\/image\\\/\"}}]}<\/script>\n<!-- \/ Yoast SEO plugin. -->","yoast_head_json":{"title":"Entrenador de electr\u00f3nica automotriz | LJ Create","robots":{"index":"index","follow":"follow","max-snippet":"max-snippet:-1","max-image-preview":"max-image-preview:large","max-video-preview":"max-video-preview:-1"},"canonical":"https:\/\/ljcreate.com\/es\/automotive-technology\/auto-electronics-trainer\/","og_locale":"es_ES","og_type":"article","og_title":"Entrenador de electr\u00f3nica automotriz | LJ Create","og_description":"A los estudiantes se les asignan tareas que los animan a explorar circuitos de manera pr\u00e1ctica, para ayudarlos a desarrollar su comprensi\u00f3n de los componentes, circuitos y sistemas el\u00e9ctricos. Tambi\u00e9n desarrollan habilidades de diagn\u00f3stico y detecci\u00f3n de fallas utilizando equipos de prueba reales. Entrenador de electr\u00f3nica automotriz (700-10) &#8211; los temas pr\u00e1cticos cubiertos incluyen: Circuitos&hellip;","og_url":"https:\/\/ljcreate.com\/es\/automotive-technology\/auto-electronics-trainer\/","og_site_name":"LJ Create","article_modified_time":"2025-10-14T15:53:48+00:00","og_image":[{"width":1080,"height":529,"url":"https:\/\/ljcreate.com\/wp-content\/uploads\/2021\/08\/autoElectronicsTrainer.webp","type":"image\/webp"}],"twitter_card":"summary_large_image","twitter_misc":{"Tiempo de lectura":"1 minuto"},"schema":{"@context":"https:\/\/schema.org","@graph":[{"@type":"WebPage","@id":"https:\/\/ljcreate.com\/es\/automotive-technology\/auto-electronics-trainer\/","url":"https:\/\/ljcreate.com\/es\/automotive-technology\/auto-electronics-trainer\/","name":"Entrenador de electr\u00f3nica automotriz | LJ Create","isPartOf":{"@id":"https:\/\/ljcreate.com\/es\/#website"},"primaryImageOfPage":{"@id":"https:\/\/ljcreate.com\/es\/automotive-technology\/auto-electronics-trainer\/#primaryimage"},"image":{"@id":"https:\/\/ljcreate.com\/es\/automotive-technology\/auto-electronics-trainer\/#primaryimage"},"thumbnailUrl":"https:\/\/ljcreate.com\/wp-content\/uploads\/2021\/08\/autoElectronicsTrainer.webp","datePublished":"2021-08-23T13:51:30+00:00","dateModified":"2025-10-14T15:53:48+00:00","breadcrumb":{"@id":"https:\/\/ljcreate.com\/es\/automotive-technology\/auto-electronics-trainer\/#breadcrumb"},"inLanguage":"es","potentialAction":[{"@type":"ReadAction","target":["https:\/\/ljcreate.com\/es\/automotive-technology\/auto-electronics-trainer\/"]}]},{"@type":"ImageObject","inLanguage":"es","@id":"https:\/\/ljcreate.com\/es\/automotive-technology\/auto-electronics-trainer\/#primaryimage","url":"https:\/\/ljcreate.com\/wp-content\/uploads\/2021\/08\/autoElectronicsTrainer.webp","contentUrl":"https:\/\/ljcreate.com\/wp-content\/uploads\/2021\/08\/autoElectronicsTrainer.webp","width":1080,"height":529,"caption":"Auto Electronics Trainer"},{"@type":"BreadcrumbList","@id":"https:\/\/ljcreate.com\/es\/automotive-technology\/auto-electronics-trainer\/#breadcrumb","itemListElement":[{"@type":"ListItem","position":1,"name":"Home","item":"https:\/\/ljcreate.com\/es\/"},{"@type":"ListItem","position":2,"name":"Productos","item":"https:\/\/ljcreate.com\/es\/shop\/"},{"@type":"ListItem","position":3,"name":"Legacy","item":"https:\/\/ljcreate.com\/product-category\/legacy\/"},{"@type":"ListItem","position":4,"name":"Entrenador de electr\u00f3nica automotriz"}]},{"@type":"WebSite","@id":"https:\/\/ljcreate.com\/es\/#website","url":"https:\/\/ljcreate.com\/es\/","name":"LJ Create","description":"Innovate, Inspire, and Engage","publisher":{"@id":"https:\/\/ljcreate.com\/es\/#organization"},"alternateName":"Creative Learning (Norwich) Limited","potentialAction":[{"@type":"SearchAction","target":{"@type":"EntryPoint","urlTemplate":"https:\/\/ljcreate.com\/es\/?s={search_term_string}"},"query-input":{"@type":"PropertyValueSpecification","valueRequired":true,"valueName":"search_term_string"}}],"inLanguage":"es"},{"@type":"Organization","@id":"https:\/\/ljcreate.com\/es\/#organization","name":"LJ Create","url":"https:\/\/ljcreate.com\/es\/","logo":{"@type":"ImageObject","inLanguage":"es","@id":"https:\/\/ljcreate.com\/es\/#\/schema\/logo\/image\/","url":"https:\/\/ljcreate.com\/wp-content\/uploads\/2021\/07\/logo.svg","contentUrl":"https:\/\/ljcreate.com\/wp-content\/uploads\/2021\/07\/logo.svg","width":"1024","height":"1024","caption":"LJ Create"},"image":{"@id":"https:\/\/ljcreate.com\/es\/#\/schema\/logo\/image\/"}}]}},"_links":{"self":[{"href":"https:\/\/ljcreate.com\/es\/wp-json\/wp\/v2\/product\/26911","targetHints":{"allow":["GET"]}}],"collection":[{"href":"https:\/\/ljcreate.com\/es\/wp-json\/wp\/v2\/product"}],"about":[{"href":"https:\/\/ljcreate.com\/es\/wp-json\/wp\/v2\/types\/product"}],"wp:featuredmedia":[{"embeddable":true,"href":"https:\/\/ljcreate.com\/es\/wp-json\/wp\/v2\/media\/31587"}],"wp:attachment":[{"href":"https:\/\/ljcreate.com\/es\/wp-json\/wp\/v2\/media?parent=26911"}],"wp:term":[{"taxonomy":"product_brand","embeddable":true,"href":"https:\/\/ljcreate.com\/es\/wp-json\/wp\/v2\/product_brand?post=26911"},{"taxonomy":"product_cat","embeddable":true,"href":"https:\/\/ljcreate.com\/es\/wp-json\/wp\/v2\/product_cat?post=26911"},{"taxonomy":"product_tag","embeddable":true,"href":"https:\/\/ljcreate.com\/es\/wp-json\/wp\/v2\/product_tag?post=26911"}],"curies":[{"name":"wp","href":"https:\/\/api.w.org\/{rel}","templated":true}]}}