{"id":26910,"date":"2021-08-23T08:57:37","date_gmt":"2021-08-23T13:57:37","guid":{"rendered":"https:\/\/alpha.ljcreate.com\/product\/sin%20categor\u00eda\/modern-automotive-lighting-circuits-trainer\/"},"modified":"2023-06-30T09:14:03","modified_gmt":"2023-06-30T08:14:03","slug":"modern-automotive-lighting-circuits-trainer","status":"publish","type":"product","link":"https:\/\/ljcreate.com\/es\/automotive-technology\/modern-automotive-lighting-circuits-trainer\/","title":{"rendered":"Entrenador de circuitos de iluminaci\u00f3n automotriz moderno"},"content":{"rendered":"<h5>Entrenador de circuitos de iluminaci\u00f3n automotriz moderno (701-02) &#8211; las actividades t\u00edpicas incluyen:<\/h5>\n<ul>\n<li>Explore los sistemas CAN Bus Park, Tail y Faros<\/li>\n<li>Investigar sistemas de luces antiniebla CAN Bus<\/li>\n<li>Explore los sistemas de advertencia de peligro y se\u00f1ales de giro del bus CAN<\/li>\n<li>Explore los sistemas de luces de marcha atr\u00e1s y de parada de bus CAN<\/li>\n<li>Realice mediciones del sistema de luces traseras y estacionamiento de bus CAN<\/li>\n<li>Realizar mediciones del sistema de faros de bus CAN<\/li>\n<\/ul>\n","protected":false},"excerpt":{"rendered":"<p>Entrenador de circuitos de iluminaci\u00f3n automotriz moderno (701-02) &#8211; las actividades t\u00edpicas incluyen: Explore los sistemas CAN Bus Park, Tail y Faros Investigar sistemas de luces antiniebla CAN Bus Explore los sistemas de advertencia de peligro y se\u00f1ales de giro del bus CAN Explore los sistemas de luces de marcha atr\u00e1s y de parada de&hellip;<\/p>\n","protected":false},"featured_media":31590,"template":"","meta":{"_acf_changed":false,"inline_featured_image":false},"product_brand":[],"product_cat":[59,110,77,127,132,133],"product_tag":[],"class_list":{"0":"post-26910","1":"product","2":"type-product","3":"status-publish","4":"has-post-thumbnail","6":"product_cat-automotive-technology","7":"product_cat-automotive-autotronics-boards-and-panels-2","8":"product_cat-automotive-technology-uk","9":"product_cat-automotive-autotronics-boards-and-panels-uk","10":"product_cat-automotive-technology-es","11":"product_cat-automotive-autotronics-boards-and-panels-es","13":"first","14":"instock","15":"shipping-taxable","16":"product-type-simple"},"acf":[],"yoast_head":"<!-- This site is optimized with the Yoast SEO plugin v27.3 - https:\/\/yoast.com\/product\/yoast-seo-wordpress\/ -->\n<title>Entrenador de circuitos de iluminaci\u00f3n automotriz moderno | LJ Create<\/title>\n<meta name=\"robots\" content=\"index, follow, max-snippet:-1, max-image-preview:large, max-video-preview:-1\" \/>\n<link rel=\"canonical\" href=\"https:\/\/ljcreate.com\/es\/automotive-technology\/modern-automotive-lighting-circuits-trainer\/\" \/>\n<meta property=\"og:locale\" content=\"es_ES\" \/>\n<meta property=\"og:type\" content=\"article\" \/>\n<meta property=\"og:title\" content=\"Entrenador de circuitos de iluminaci\u00f3n automotriz moderno | LJ Create\" \/>\n<meta property=\"og:description\" content=\"Entrenador de circuitos de iluminaci\u00f3n automotriz moderno (701-02) &#8211; las actividades t\u00edpicas incluyen: Explore los sistemas CAN Bus Park, Tail y Faros Investigar sistemas de luces antiniebla CAN Bus Explore los sistemas de advertencia de peligro y se\u00f1ales de giro del bus CAN Explore los sistemas de luces de marcha atr\u00e1s y de parada de&hellip;\" \/>\n<meta property=\"og:url\" content=\"https:\/\/ljcreate.com\/es\/automotive-technology\/modern-automotive-lighting-circuits-trainer\/\" \/>\n<meta property=\"og:site_name\" content=\"LJ Create\" \/>\n<meta property=\"article:modified_time\" content=\"2023-06-30T08:14:03+00:00\" \/>\n<meta property=\"og:image\" content=\"https:\/\/ljcreate.com\/wp-content\/uploads\/2021\/08\/modernAutomotiveLightingCircuitsTrainer.webp\" \/>\n\t<meta property=\"og:image:width\" content=\"1080\" \/>\n\t<meta property=\"og:image:height\" content=\"529\" \/>\n\t<meta property=\"og:image:type\" content=\"image\/webp\" \/>\n<meta name=\"twitter:card\" content=\"summary_large_image\" \/>\n<meta name=\"twitter:label1\" content=\"Tiempo de lectura\" \/>\n\t<meta name=\"twitter:data1\" content=\"1 minuto\" \/>\n<script type=\"application\/ld+json\" class=\"yoast-schema-graph\">{\"@context\":\"https:\\\/\\\/schema.org\",\"@graph\":[{\"@type\":\"WebPage\",\"@id\":\"https:\\\/\\\/ljcreate.com\\\/es\\\/automotive-technology\\\/modern-automotive-lighting-circuits-trainer\\\/\",\"url\":\"https:\\\/\\\/ljcreate.com\\\/es\\\/automotive-technology\\\/modern-automotive-lighting-circuits-trainer\\\/\",\"name\":\"Entrenador de circuitos de iluminaci\u00f3n automotriz moderno | LJ Create\",\"isPartOf\":{\"@id\":\"https:\\\/\\\/ljcreate.com\\\/es\\\/#website\"},\"primaryImageOfPage\":{\"@id\":\"https:\\\/\\\/ljcreate.com\\\/es\\\/automotive-technology\\\/modern-automotive-lighting-circuits-trainer\\\/#primaryimage\"},\"image\":{\"@id\":\"https:\\\/\\\/ljcreate.com\\\/es\\\/automotive-technology\\\/modern-automotive-lighting-circuits-trainer\\\/#primaryimage\"},\"thumbnailUrl\":\"https:\\\/\\\/ljcreate.com\\\/wp-content\\\/uploads\\\/2021\\\/08\\\/modernAutomotiveLightingCircuitsTrainer.webp\",\"datePublished\":\"2021-08-23T13:57:37+00:00\",\"dateModified\":\"2023-06-30T08:14:03+00:00\",\"breadcrumb\":{\"@id\":\"https:\\\/\\\/ljcreate.com\\\/es\\\/automotive-technology\\\/modern-automotive-lighting-circuits-trainer\\\/#breadcrumb\"},\"inLanguage\":\"es\",\"potentialAction\":[{\"@type\":\"ReadAction\",\"target\":[\"https:\\\/\\\/ljcreate.com\\\/es\\\/automotive-technology\\\/modern-automotive-lighting-circuits-trainer\\\/\"]}]},{\"@type\":\"ImageObject\",\"inLanguage\":\"es\",\"@id\":\"https:\\\/\\\/ljcreate.com\\\/es\\\/automotive-technology\\\/modern-automotive-lighting-circuits-trainer\\\/#primaryimage\",\"url\":\"https:\\\/\\\/ljcreate.com\\\/wp-content\\\/uploads\\\/2021\\\/08\\\/modernAutomotiveLightingCircuitsTrainer.webp\",\"contentUrl\":\"https:\\\/\\\/ljcreate.com\\\/wp-content\\\/uploads\\\/2021\\\/08\\\/modernAutomotiveLightingCircuitsTrainer.webp\",\"width\":1080,\"height\":529,\"caption\":\"Modern Automotive Lighting Circuits Trainer\"},{\"@type\":\"BreadcrumbList\",\"@id\":\"https:\\\/\\\/ljcreate.com\\\/es\\\/automotive-technology\\\/modern-automotive-lighting-circuits-trainer\\\/#breadcrumb\",\"itemListElement\":[{\"@type\":\"ListItem\",\"position\":1,\"name\":\"Home\",\"item\":\"https:\\\/\\\/ljcreate.com\\\/es\\\/\"},{\"@type\":\"ListItem\",\"position\":2,\"name\":\"Productos\",\"item\":\"https:\\\/\\\/ljcreate.com\\\/es\\\/shop\\\/\"},{\"@type\":\"ListItem\",\"position\":3,\"name\":\"Automotive Technology\",\"item\":\"https:\\\/\\\/ljcreate.com\\\/product-category\\\/automotive-technology\\\/\"},{\"@type\":\"ListItem\",\"position\":4,\"name\":\"Entrenador de circuitos de iluminaci\u00f3n automotriz moderno\"}]},{\"@type\":\"WebSite\",\"@id\":\"https:\\\/\\\/ljcreate.com\\\/es\\\/#website\",\"url\":\"https:\\\/\\\/ljcreate.com\\\/es\\\/\",\"name\":\"LJ Create\",\"description\":\"Innovate, Inspire, and Engage\",\"publisher\":{\"@id\":\"https:\\\/\\\/ljcreate.com\\\/es\\\/#organization\"},\"alternateName\":\"Creative Learning (Norwich) Limited\",\"potentialAction\":[{\"@type\":\"SearchAction\",\"target\":{\"@type\":\"EntryPoint\",\"urlTemplate\":\"https:\\\/\\\/ljcreate.com\\\/es\\\/?s={search_term_string}\"},\"query-input\":{\"@type\":\"PropertyValueSpecification\",\"valueRequired\":true,\"valueName\":\"search_term_string\"}}],\"inLanguage\":\"es\"},{\"@type\":\"Organization\",\"@id\":\"https:\\\/\\\/ljcreate.com\\\/es\\\/#organization\",\"name\":\"LJ Create\",\"url\":\"https:\\\/\\\/ljcreate.com\\\/es\\\/\",\"logo\":{\"@type\":\"ImageObject\",\"inLanguage\":\"es\",\"@id\":\"https:\\\/\\\/ljcreate.com\\\/es\\\/#\\\/schema\\\/logo\\\/image\\\/\",\"url\":\"https:\\\/\\\/ljcreate.com\\\/wp-content\\\/uploads\\\/2021\\\/07\\\/logo.svg\",\"contentUrl\":\"https:\\\/\\\/ljcreate.com\\\/wp-content\\\/uploads\\\/2021\\\/07\\\/logo.svg\",\"width\":\"1024\",\"height\":\"1024\",\"caption\":\"LJ Create\"},\"image\":{\"@id\":\"https:\\\/\\\/ljcreate.com\\\/es\\\/#\\\/schema\\\/logo\\\/image\\\/\"}}]}<\/script>\n<!-- \/ Yoast SEO plugin. -->","yoast_head_json":{"title":"Entrenador de circuitos de iluminaci\u00f3n automotriz moderno | LJ Create","robots":{"index":"index","follow":"follow","max-snippet":"max-snippet:-1","max-image-preview":"max-image-preview:large","max-video-preview":"max-video-preview:-1"},"canonical":"https:\/\/ljcreate.com\/es\/automotive-technology\/modern-automotive-lighting-circuits-trainer\/","og_locale":"es_ES","og_type":"article","og_title":"Entrenador de circuitos de iluminaci\u00f3n automotriz moderno | LJ Create","og_description":"Entrenador de circuitos de iluminaci\u00f3n automotriz moderno (701-02) &#8211; las actividades t\u00edpicas incluyen: Explore los sistemas CAN Bus Park, Tail y Faros Investigar sistemas de luces antiniebla CAN Bus Explore los sistemas de advertencia de peligro y se\u00f1ales de giro del bus CAN Explore los sistemas de luces de marcha atr\u00e1s y de parada de&hellip;","og_url":"https:\/\/ljcreate.com\/es\/automotive-technology\/modern-automotive-lighting-circuits-trainer\/","og_site_name":"LJ Create","article_modified_time":"2023-06-30T08:14:03+00:00","og_image":[{"width":1080,"height":529,"url":"https:\/\/ljcreate.com\/wp-content\/uploads\/2021\/08\/modernAutomotiveLightingCircuitsTrainer.webp","type":"image\/webp"}],"twitter_card":"summary_large_image","twitter_misc":{"Tiempo de lectura":"1 minuto"},"schema":{"@context":"https:\/\/schema.org","@graph":[{"@type":"WebPage","@id":"https:\/\/ljcreate.com\/es\/automotive-technology\/modern-automotive-lighting-circuits-trainer\/","url":"https:\/\/ljcreate.com\/es\/automotive-technology\/modern-automotive-lighting-circuits-trainer\/","name":"Entrenador de circuitos de iluminaci\u00f3n automotriz moderno | LJ Create","isPartOf":{"@id":"https:\/\/ljcreate.com\/es\/#website"},"primaryImageOfPage":{"@id":"https:\/\/ljcreate.com\/es\/automotive-technology\/modern-automotive-lighting-circuits-trainer\/#primaryimage"},"image":{"@id":"https:\/\/ljcreate.com\/es\/automotive-technology\/modern-automotive-lighting-circuits-trainer\/#primaryimage"},"thumbnailUrl":"https:\/\/ljcreate.com\/wp-content\/uploads\/2021\/08\/modernAutomotiveLightingCircuitsTrainer.webp","datePublished":"2021-08-23T13:57:37+00:00","dateModified":"2023-06-30T08:14:03+00:00","breadcrumb":{"@id":"https:\/\/ljcreate.com\/es\/automotive-technology\/modern-automotive-lighting-circuits-trainer\/#breadcrumb"},"inLanguage":"es","potentialAction":[{"@type":"ReadAction","target":["https:\/\/ljcreate.com\/es\/automotive-technology\/modern-automotive-lighting-circuits-trainer\/"]}]},{"@type":"ImageObject","inLanguage":"es","@id":"https:\/\/ljcreate.com\/es\/automotive-technology\/modern-automotive-lighting-circuits-trainer\/#primaryimage","url":"https:\/\/ljcreate.com\/wp-content\/uploads\/2021\/08\/modernAutomotiveLightingCircuitsTrainer.webp","contentUrl":"https:\/\/ljcreate.com\/wp-content\/uploads\/2021\/08\/modernAutomotiveLightingCircuitsTrainer.webp","width":1080,"height":529,"caption":"Modern Automotive Lighting Circuits Trainer"},{"@type":"BreadcrumbList","@id":"https:\/\/ljcreate.com\/es\/automotive-technology\/modern-automotive-lighting-circuits-trainer\/#breadcrumb","itemListElement":[{"@type":"ListItem","position":1,"name":"Home","item":"https:\/\/ljcreate.com\/es\/"},{"@type":"ListItem","position":2,"name":"Productos","item":"https:\/\/ljcreate.com\/es\/shop\/"},{"@type":"ListItem","position":3,"name":"Automotive Technology","item":"https:\/\/ljcreate.com\/product-category\/automotive-technology\/"},{"@type":"ListItem","position":4,"name":"Entrenador de circuitos de iluminaci\u00f3n automotriz moderno"}]},{"@type":"WebSite","@id":"https:\/\/ljcreate.com\/es\/#website","url":"https:\/\/ljcreate.com\/es\/","name":"LJ Create","description":"Innovate, Inspire, and Engage","publisher":{"@id":"https:\/\/ljcreate.com\/es\/#organization"},"alternateName":"Creative Learning (Norwich) Limited","potentialAction":[{"@type":"SearchAction","target":{"@type":"EntryPoint","urlTemplate":"https:\/\/ljcreate.com\/es\/?s={search_term_string}"},"query-input":{"@type":"PropertyValueSpecification","valueRequired":true,"valueName":"search_term_string"}}],"inLanguage":"es"},{"@type":"Organization","@id":"https:\/\/ljcreate.com\/es\/#organization","name":"LJ Create","url":"https:\/\/ljcreate.com\/es\/","logo":{"@type":"ImageObject","inLanguage":"es","@id":"https:\/\/ljcreate.com\/es\/#\/schema\/logo\/image\/","url":"https:\/\/ljcreate.com\/wp-content\/uploads\/2021\/07\/logo.svg","contentUrl":"https:\/\/ljcreate.com\/wp-content\/uploads\/2021\/07\/logo.svg","width":"1024","height":"1024","caption":"LJ Create"},"image":{"@id":"https:\/\/ljcreate.com\/es\/#\/schema\/logo\/image\/"}}]}},"_links":{"self":[{"href":"https:\/\/ljcreate.com\/es\/wp-json\/wp\/v2\/product\/26910","targetHints":{"allow":["GET"]}}],"collection":[{"href":"https:\/\/ljcreate.com\/es\/wp-json\/wp\/v2\/product"}],"about":[{"href":"https:\/\/ljcreate.com\/es\/wp-json\/wp\/v2\/types\/product"}],"wp:featuredmedia":[{"embeddable":true,"href":"https:\/\/ljcreate.com\/es\/wp-json\/wp\/v2\/media\/31590"}],"wp:attachment":[{"href":"https:\/\/ljcreate.com\/es\/wp-json\/wp\/v2\/media?parent=26910"}],"wp:term":[{"taxonomy":"product_brand","embeddable":true,"href":"https:\/\/ljcreate.com\/es\/wp-json\/wp\/v2\/product_brand?post=26910"},{"taxonomy":"product_cat","embeddable":true,"href":"https:\/\/ljcreate.com\/es\/wp-json\/wp\/v2\/product_cat?post=26910"},{"taxonomy":"product_tag","embeddable":true,"href":"https:\/\/ljcreate.com\/es\/wp-json\/wp\/v2\/product_tag?post=26910"}],"curies":[{"name":"wp","href":"https:\/\/api.w.org\/{rel}","templated":true}]}}