{"id":26906,"date":"2021-08-23T09:31:49","date_gmt":"2021-08-23T14:31:49","guid":{"rendered":"https:\/\/alpha.ljcreate.com\/product\/sin%20categor\u00eda\/ignition-and-charging-systems-panel-trainer\/"},"modified":"2023-06-30T09:02:04","modified_gmt":"2023-06-30T08:02:04","slug":"ignition-and-charging-systems-panel-trainer","status":"publish","type":"product","link":"https:\/\/ljcreate.com\/es\/automotive-technology\/ignition-and-charging-systems-panel-trainer\/","title":{"rendered":"Entrenador de paneles de sistemas de encendido y carga"},"content":{"rendered":"<p>El <span class=\"fl-heading-text\">Entrenador de paneles de sistemas de encendido y carga (750-01) <\/span>proporciona una simulaci\u00f3n completa del sistema de encendido de un veh\u00edculo e incorpora un simulador de rotaci\u00f3n del motor con cig\u00fce\u00f1al, biela y pist\u00f3n. Se proporcionan sensores para la posici\u00f3n del cig\u00fce\u00f1al \/ \u00e1rbol de levas, la captaci\u00f3n de encendido del perfil y la identificaci\u00f3n del cilindro. Los LED se utilizan para simular buj\u00edas y tambi\u00e9n se proporciona una luz de sincronizaci\u00f3n especial.<\/p>\n<p>El sistema de encendido electr\u00f3nico representado en el entrenador del panel es un tipo de &#8216;chispa desperdiciada&#8217; de dos bobinas, con un solo microcontrolador que proporciona las instalaciones operativas del M\u00f3dulo de control de encendido (ICM) y el M\u00f3dulo de control del motor (ECM), como se encuentra en los modelos modernos. veh\u00edculos.<\/p>\n<h5>Las tareas pr\u00e1cticas t\u00edpicas incluyen:<\/h5>\n<ul>\n<li>Identificar los componentes y tipos del sistema de encendido.<\/li>\n<li>Identificar e investigar el funcionamiento de las buj\u00edas.<\/li>\n<li>Identificar e investigar los sistemas de encendido de los interruptores de contacto.<\/li>\n<li>Diagnosticar fallas en los sistemas de encendido de interruptores de contacto.<\/li>\n<li>Identificar e investigar los sistemas de encendido electr\u00f3nico.<\/li>\n<li>Diagnosticar fallas en sistemas de encendido electr\u00f3nico.<\/li>\n<li>Identificar los tipos y componentes del sistema de arranque y carga.<\/li>\n<\/ul>\n","protected":false},"excerpt":{"rendered":"<p>El Entrenador de paneles de sistemas de encendido y carga (750-01) proporciona una simulaci\u00f3n completa del sistema de encendido de un veh\u00edculo e incorpora un simulador de rotaci\u00f3n del motor con cig\u00fce\u00f1al, biela y pist\u00f3n. Se proporcionan sensores para la posici\u00f3n del cig\u00fce\u00f1al \/ \u00e1rbol de levas, la captaci\u00f3n de encendido del perfil y la&hellip;<\/p>\n","protected":false},"featured_media":31556,"template":"","meta":{"_acf_changed":false,"inline_featured_image":false},"product_brand":[],"product_cat":[59,110,77,127,132,133],"product_tag":[],"class_list":{"0":"post-26906","1":"product","2":"type-product","3":"status-publish","4":"has-post-thumbnail","6":"product_cat-automotive-technology","7":"product_cat-automotive-autotronics-boards-and-panels-2","8":"product_cat-automotive-technology-uk","9":"product_cat-automotive-autotronics-boards-and-panels-uk","10":"product_cat-automotive-technology-es","11":"product_cat-automotive-autotronics-boards-and-panels-es","13":"first","14":"instock","15":"shipping-taxable","16":"product-type-simple"},"acf":[],"yoast_head":"<!-- This site is optimized with the Yoast SEO plugin v27.3 - https:\/\/yoast.com\/product\/yoast-seo-wordpress\/ -->\n<title>Entrenador de paneles de sistemas de encendido y carga | LJ Create<\/title>\n<meta name=\"robots\" content=\"index, follow, max-snippet:-1, max-image-preview:large, max-video-preview:-1\" \/>\n<link rel=\"canonical\" href=\"https:\/\/ljcreate.com\/es\/automotive-technology\/ignition-and-charging-systems-panel-trainer\/\" \/>\n<meta property=\"og:locale\" content=\"es_ES\" \/>\n<meta property=\"og:type\" content=\"article\" \/>\n<meta property=\"og:title\" content=\"Entrenador de paneles de sistemas de encendido y carga | LJ Create\" \/>\n<meta property=\"og:description\" content=\"El Entrenador de paneles de sistemas de encendido y carga (750-01) proporciona una simulaci\u00f3n completa del sistema de encendido de un veh\u00edculo e incorpora un simulador de rotaci\u00f3n del motor con cig\u00fce\u00f1al, biela y pist\u00f3n. Se proporcionan sensores para la posici\u00f3n del cig\u00fce\u00f1al \/ \u00e1rbol de levas, la captaci\u00f3n de encendido del perfil y la&hellip;\" \/>\n<meta property=\"og:url\" content=\"https:\/\/ljcreate.com\/es\/automotive-technology\/ignition-and-charging-systems-panel-trainer\/\" \/>\n<meta property=\"og:site_name\" content=\"LJ Create\" \/>\n<meta property=\"article:modified_time\" content=\"2023-06-30T08:02:04+00:00\" \/>\n<meta property=\"og:image\" content=\"https:\/\/ljcreate.com\/wp-content\/uploads\/2021\/08\/iginitionSystemsPanelTrainer.webp\" \/>\n\t<meta property=\"og:image:width\" content=\"1080\" \/>\n\t<meta property=\"og:image:height\" content=\"529\" \/>\n\t<meta property=\"og:image:type\" content=\"image\/webp\" \/>\n<meta name=\"twitter:card\" content=\"summary_large_image\" \/>\n<meta name=\"twitter:label1\" content=\"Tiempo de lectura\" \/>\n\t<meta name=\"twitter:data1\" content=\"1 minuto\" \/>\n<script type=\"application\/ld+json\" class=\"yoast-schema-graph\">{\"@context\":\"https:\\\/\\\/schema.org\",\"@graph\":[{\"@type\":\"WebPage\",\"@id\":\"https:\\\/\\\/ljcreate.com\\\/es\\\/automotive-technology\\\/ignition-and-charging-systems-panel-trainer\\\/\",\"url\":\"https:\\\/\\\/ljcreate.com\\\/es\\\/automotive-technology\\\/ignition-and-charging-systems-panel-trainer\\\/\",\"name\":\"Entrenador de paneles de sistemas de encendido y carga | LJ Create\",\"isPartOf\":{\"@id\":\"https:\\\/\\\/ljcreate.com\\\/es\\\/#website\"},\"primaryImageOfPage\":{\"@id\":\"https:\\\/\\\/ljcreate.com\\\/es\\\/automotive-technology\\\/ignition-and-charging-systems-panel-trainer\\\/#primaryimage\"},\"image\":{\"@id\":\"https:\\\/\\\/ljcreate.com\\\/es\\\/automotive-technology\\\/ignition-and-charging-systems-panel-trainer\\\/#primaryimage\"},\"thumbnailUrl\":\"https:\\\/\\\/ljcreate.com\\\/wp-content\\\/uploads\\\/2021\\\/08\\\/iginitionSystemsPanelTrainer.webp\",\"datePublished\":\"2021-08-23T14:31:49+00:00\",\"dateModified\":\"2023-06-30T08:02:04+00:00\",\"breadcrumb\":{\"@id\":\"https:\\\/\\\/ljcreate.com\\\/es\\\/automotive-technology\\\/ignition-and-charging-systems-panel-trainer\\\/#breadcrumb\"},\"inLanguage\":\"es\",\"potentialAction\":[{\"@type\":\"ReadAction\",\"target\":[\"https:\\\/\\\/ljcreate.com\\\/es\\\/automotive-technology\\\/ignition-and-charging-systems-panel-trainer\\\/\"]}]},{\"@type\":\"ImageObject\",\"inLanguage\":\"es\",\"@id\":\"https:\\\/\\\/ljcreate.com\\\/es\\\/automotive-technology\\\/ignition-and-charging-systems-panel-trainer\\\/#primaryimage\",\"url\":\"https:\\\/\\\/ljcreate.com\\\/wp-content\\\/uploads\\\/2021\\\/08\\\/iginitionSystemsPanelTrainer.webp\",\"contentUrl\":\"https:\\\/\\\/ljcreate.com\\\/wp-content\\\/uploads\\\/2021\\\/08\\\/iginitionSystemsPanelTrainer.webp\",\"width\":1080,\"height\":529,\"caption\":\"Iginition Systems Panel Trainer\"},{\"@type\":\"BreadcrumbList\",\"@id\":\"https:\\\/\\\/ljcreate.com\\\/es\\\/automotive-technology\\\/ignition-and-charging-systems-panel-trainer\\\/#breadcrumb\",\"itemListElement\":[{\"@type\":\"ListItem\",\"position\":1,\"name\":\"Home\",\"item\":\"https:\\\/\\\/ljcreate.com\\\/es\\\/\"},{\"@type\":\"ListItem\",\"position\":2,\"name\":\"Productos\",\"item\":\"https:\\\/\\\/ljcreate.com\\\/es\\\/shop\\\/\"},{\"@type\":\"ListItem\",\"position\":3,\"name\":\"Automotive Technology\",\"item\":\"https:\\\/\\\/ljcreate.com\\\/uk\\\/product-category\\\/automotive-technology\\\/\"},{\"@type\":\"ListItem\",\"position\":4,\"name\":\"Entrenador de paneles de sistemas de encendido y carga\"}]},{\"@type\":\"WebSite\",\"@id\":\"https:\\\/\\\/ljcreate.com\\\/es\\\/#website\",\"url\":\"https:\\\/\\\/ljcreate.com\\\/es\\\/\",\"name\":\"LJ Create\",\"description\":\"Innovate, Inspire, and Engage\",\"publisher\":{\"@id\":\"https:\\\/\\\/ljcreate.com\\\/es\\\/#organization\"},\"alternateName\":\"Creative Learning (Norwich) Limited\",\"potentialAction\":[{\"@type\":\"SearchAction\",\"target\":{\"@type\":\"EntryPoint\",\"urlTemplate\":\"https:\\\/\\\/ljcreate.com\\\/es\\\/?s={search_term_string}\"},\"query-input\":{\"@type\":\"PropertyValueSpecification\",\"valueRequired\":true,\"valueName\":\"search_term_string\"}}],\"inLanguage\":\"es\"},{\"@type\":\"Organization\",\"@id\":\"https:\\\/\\\/ljcreate.com\\\/es\\\/#organization\",\"name\":\"LJ Create\",\"url\":\"https:\\\/\\\/ljcreate.com\\\/es\\\/\",\"logo\":{\"@type\":\"ImageObject\",\"inLanguage\":\"es\",\"@id\":\"https:\\\/\\\/ljcreate.com\\\/es\\\/#\\\/schema\\\/logo\\\/image\\\/\",\"url\":\"https:\\\/\\\/ljcreate.com\\\/wp-content\\\/uploads\\\/2021\\\/07\\\/logo.svg\",\"contentUrl\":\"https:\\\/\\\/ljcreate.com\\\/wp-content\\\/uploads\\\/2021\\\/07\\\/logo.svg\",\"width\":\"1024\",\"height\":\"1024\",\"caption\":\"LJ Create\"},\"image\":{\"@id\":\"https:\\\/\\\/ljcreate.com\\\/es\\\/#\\\/schema\\\/logo\\\/image\\\/\"}}]}<\/script>\n<!-- \/ Yoast SEO plugin. -->","yoast_head_json":{"title":"Entrenador de paneles de sistemas de encendido y carga | LJ Create","robots":{"index":"index","follow":"follow","max-snippet":"max-snippet:-1","max-image-preview":"max-image-preview:large","max-video-preview":"max-video-preview:-1"},"canonical":"https:\/\/ljcreate.com\/es\/automotive-technology\/ignition-and-charging-systems-panel-trainer\/","og_locale":"es_ES","og_type":"article","og_title":"Entrenador de paneles de sistemas de encendido y carga | LJ Create","og_description":"El Entrenador de paneles de sistemas de encendido y carga (750-01) proporciona una simulaci\u00f3n completa del sistema de encendido de un veh\u00edculo e incorpora un simulador de rotaci\u00f3n del motor con cig\u00fce\u00f1al, biela y pist\u00f3n. Se proporcionan sensores para la posici\u00f3n del cig\u00fce\u00f1al \/ \u00e1rbol de levas, la captaci\u00f3n de encendido del perfil y la&hellip;","og_url":"https:\/\/ljcreate.com\/es\/automotive-technology\/ignition-and-charging-systems-panel-trainer\/","og_site_name":"LJ Create","article_modified_time":"2023-06-30T08:02:04+00:00","og_image":[{"width":1080,"height":529,"url":"https:\/\/ljcreate.com\/wp-content\/uploads\/2021\/08\/iginitionSystemsPanelTrainer.webp","type":"image\/webp"}],"twitter_card":"summary_large_image","twitter_misc":{"Tiempo de lectura":"1 minuto"},"schema":{"@context":"https:\/\/schema.org","@graph":[{"@type":"WebPage","@id":"https:\/\/ljcreate.com\/es\/automotive-technology\/ignition-and-charging-systems-panel-trainer\/","url":"https:\/\/ljcreate.com\/es\/automotive-technology\/ignition-and-charging-systems-panel-trainer\/","name":"Entrenador de paneles de sistemas de encendido y carga | LJ Create","isPartOf":{"@id":"https:\/\/ljcreate.com\/es\/#website"},"primaryImageOfPage":{"@id":"https:\/\/ljcreate.com\/es\/automotive-technology\/ignition-and-charging-systems-panel-trainer\/#primaryimage"},"image":{"@id":"https:\/\/ljcreate.com\/es\/automotive-technology\/ignition-and-charging-systems-panel-trainer\/#primaryimage"},"thumbnailUrl":"https:\/\/ljcreate.com\/wp-content\/uploads\/2021\/08\/iginitionSystemsPanelTrainer.webp","datePublished":"2021-08-23T14:31:49+00:00","dateModified":"2023-06-30T08:02:04+00:00","breadcrumb":{"@id":"https:\/\/ljcreate.com\/es\/automotive-technology\/ignition-and-charging-systems-panel-trainer\/#breadcrumb"},"inLanguage":"es","potentialAction":[{"@type":"ReadAction","target":["https:\/\/ljcreate.com\/es\/automotive-technology\/ignition-and-charging-systems-panel-trainer\/"]}]},{"@type":"ImageObject","inLanguage":"es","@id":"https:\/\/ljcreate.com\/es\/automotive-technology\/ignition-and-charging-systems-panel-trainer\/#primaryimage","url":"https:\/\/ljcreate.com\/wp-content\/uploads\/2021\/08\/iginitionSystemsPanelTrainer.webp","contentUrl":"https:\/\/ljcreate.com\/wp-content\/uploads\/2021\/08\/iginitionSystemsPanelTrainer.webp","width":1080,"height":529,"caption":"Iginition Systems Panel Trainer"},{"@type":"BreadcrumbList","@id":"https:\/\/ljcreate.com\/es\/automotive-technology\/ignition-and-charging-systems-panel-trainer\/#breadcrumb","itemListElement":[{"@type":"ListItem","position":1,"name":"Home","item":"https:\/\/ljcreate.com\/es\/"},{"@type":"ListItem","position":2,"name":"Productos","item":"https:\/\/ljcreate.com\/es\/shop\/"},{"@type":"ListItem","position":3,"name":"Automotive Technology","item":"https:\/\/ljcreate.com\/uk\/product-category\/automotive-technology\/"},{"@type":"ListItem","position":4,"name":"Entrenador de paneles de sistemas de encendido y carga"}]},{"@type":"WebSite","@id":"https:\/\/ljcreate.com\/es\/#website","url":"https:\/\/ljcreate.com\/es\/","name":"LJ Create","description":"Innovate, Inspire, and Engage","publisher":{"@id":"https:\/\/ljcreate.com\/es\/#organization"},"alternateName":"Creative Learning (Norwich) Limited","potentialAction":[{"@type":"SearchAction","target":{"@type":"EntryPoint","urlTemplate":"https:\/\/ljcreate.com\/es\/?s={search_term_string}"},"query-input":{"@type":"PropertyValueSpecification","valueRequired":true,"valueName":"search_term_string"}}],"inLanguage":"es"},{"@type":"Organization","@id":"https:\/\/ljcreate.com\/es\/#organization","name":"LJ Create","url":"https:\/\/ljcreate.com\/es\/","logo":{"@type":"ImageObject","inLanguage":"es","@id":"https:\/\/ljcreate.com\/es\/#\/schema\/logo\/image\/","url":"https:\/\/ljcreate.com\/wp-content\/uploads\/2021\/07\/logo.svg","contentUrl":"https:\/\/ljcreate.com\/wp-content\/uploads\/2021\/07\/logo.svg","width":"1024","height":"1024","caption":"LJ Create"},"image":{"@id":"https:\/\/ljcreate.com\/es\/#\/schema\/logo\/image\/"}}]}},"_links":{"self":[{"href":"https:\/\/ljcreate.com\/es\/wp-json\/wp\/v2\/product\/26906","targetHints":{"allow":["GET"]}}],"collection":[{"href":"https:\/\/ljcreate.com\/es\/wp-json\/wp\/v2\/product"}],"about":[{"href":"https:\/\/ljcreate.com\/es\/wp-json\/wp\/v2\/types\/product"}],"wp:featuredmedia":[{"embeddable":true,"href":"https:\/\/ljcreate.com\/es\/wp-json\/wp\/v2\/media\/31556"}],"wp:attachment":[{"href":"https:\/\/ljcreate.com\/es\/wp-json\/wp\/v2\/media?parent=26906"}],"wp:term":[{"taxonomy":"product_brand","embeddable":true,"href":"https:\/\/ljcreate.com\/es\/wp-json\/wp\/v2\/product_brand?post=26906"},{"taxonomy":"product_cat","embeddable":true,"href":"https:\/\/ljcreate.com\/es\/wp-json\/wp\/v2\/product_cat?post=26906"},{"taxonomy":"product_tag","embeddable":true,"href":"https:\/\/ljcreate.com\/es\/wp-json\/wp\/v2\/product_tag?post=26906"}],"curies":[{"name":"wp","href":"https:\/\/api.w.org\/{rel}","templated":true}]}}