{"id":26904,"date":"2021-08-24T06:16:16","date_gmt":"2021-08-24T11:16:16","guid":{"rendered":"https:\/\/alpha.ljcreate.com\/product\/sin%20categor\u00eda\/sustainable-energy-production-teaching-set-24-students-includes-100-01-and-12-x-100-02\/"},"modified":"2023-07-06T14:12:56","modified_gmt":"2023-07-06T13:12:56","slug":"sustainable-energy-production-teaching-set","status":"publish","type":"product","link":"https:\/\/ljcreate.com\/es\/engineering\/sustainable-energy-production-teaching-set\/","title":{"rendered":"Conjunto de ense\u00f1anza de producci\u00f3n de energ\u00eda sostenible"},"content":{"rendered":"<p>El equipo incluido en el Conjunto de ense\u00f1anza de producci\u00f3n de energ\u00eda sostenible (100-00) convertir\u00e1 cualquier sal\u00f3n de clases en un emocionante laboratorio de energ\u00eda alternativa.<\/p>\n<h5>Las \u00e1reas tem\u00e1ticas t\u00edpicas incluyen:<\/h5>\n<ul>\n<li>Generaci\u00f3n de energ\u00eda<\/li>\n<li>Energ\u00eda solar<\/li>\n<li>Energ\u00eda e\u00f3lica<\/li>\n<li>Energ\u00eda hidroel\u00e9ctrica<\/li>\n<li>Biomasa<\/li>\n<li>Energ\u00eda geotermica<\/li>\n<li>La energ\u00eda nuclear<\/li>\n<li>Celdas de combustible<\/li>\n<li>La eficiencia de la generaci\u00f3n de energ\u00eda<\/li>\n<li>La cuadr\u00edcula<\/li>\n<\/ul>\n","protected":false},"excerpt":{"rendered":"<p>El equipo incluido en el Conjunto de ense\u00f1anza de producci\u00f3n de energ\u00eda sostenible (100-00) convertir\u00e1 cualquier sal\u00f3n de clases en un emocionante laboratorio de energ\u00eda alternativa. Las \u00e1reas tem\u00e1ticas t\u00edpicas incluyen: Generaci\u00f3n de energ\u00eda Energ\u00eda solar Energ\u00eda e\u00f3lica Energ\u00eda hidroel\u00e9ctrica Biomasa Energ\u00eda geotermica La energ\u00eda nuclear Celdas de combustible La eficiencia de la generaci\u00f3n de&hellip;<\/p>\n","protected":false},"featured_media":42243,"template":"","meta":{"_acf_changed":false,"inline_featured_image":false},"product_brand":[],"product_cat":[80,121,138,143,57,96],"product_tag":[],"class_list":{"0":"post-26904","1":"product","2":"type-product","3":"status-publish","4":"has-post-thumbnail","6":"product_cat-engineering-uk","7":"product_cat-core-engineering-equipment-class-packs-uk","8":"product_cat-engineering-es","9":"product_cat-equipo-de-ingenieria-central-paquetes-de-clase","10":"product_cat-stem-career-exploration","11":"product_cat-design-and-technology-equipment-class-packs","13":"first","14":"instock","15":"shipping-taxable","16":"product-type-simple"},"acf":[],"yoast_head":"<!-- This site is optimized with the Yoast SEO plugin v27.3 - https:\/\/yoast.com\/product\/yoast-seo-wordpress\/ -->\n<title>Conjunto de ense\u00f1anza de producci\u00f3n de energ\u00eda sostenible | LJ Create<\/title>\n<meta name=\"robots\" content=\"index, follow, max-snippet:-1, max-image-preview:large, max-video-preview:-1\" \/>\n<link rel=\"canonical\" href=\"https:\/\/ljcreate.com\/es\/engineering\/sustainable-energy-production-teaching-set\/\" \/>\n<meta property=\"og:locale\" content=\"es_ES\" \/>\n<meta property=\"og:type\" content=\"article\" \/>\n<meta property=\"og:title\" content=\"Conjunto de ense\u00f1anza de producci\u00f3n de energ\u00eda sostenible | LJ Create\" \/>\n<meta property=\"og:description\" content=\"El equipo incluido en el Conjunto de ense\u00f1anza de producci\u00f3n de energ\u00eda sostenible (100-00) convertir\u00e1 cualquier sal\u00f3n de clases en un emocionante laboratorio de energ\u00eda alternativa. Las \u00e1reas tem\u00e1ticas t\u00edpicas incluyen: Generaci\u00f3n de energ\u00eda Energ\u00eda solar Energ\u00eda e\u00f3lica Energ\u00eda hidroel\u00e9ctrica Biomasa Energ\u00eda geotermica La energ\u00eda nuclear Celdas de combustible La eficiencia de la generaci\u00f3n de&hellip;\" \/>\n<meta property=\"og:url\" content=\"https:\/\/ljcreate.com\/es\/engineering\/sustainable-energy-production-teaching-set\/\" \/>\n<meta property=\"og:site_name\" content=\"LJ Create\" \/>\n<meta property=\"article:modified_time\" content=\"2023-07-06T13:12:56+00:00\" \/>\n<meta property=\"og:image\" content=\"https:\/\/ljcreate.com\/wp-content\/uploads\/2021\/08\/100-00.webp\" \/>\n\t<meta property=\"og:image:width\" content=\"1080\" \/>\n\t<meta property=\"og:image:height\" content=\"529\" \/>\n\t<meta property=\"og:image:type\" content=\"image\/webp\" \/>\n<meta name=\"twitter:card\" content=\"summary_large_image\" \/>\n<meta name=\"twitter:label1\" content=\"Tiempo de lectura\" \/>\n\t<meta name=\"twitter:data1\" content=\"1 minuto\" \/>\n<script type=\"application\/ld+json\" class=\"yoast-schema-graph\">{\"@context\":\"https:\\\/\\\/schema.org\",\"@graph\":[{\"@type\":\"WebPage\",\"@id\":\"https:\\\/\\\/ljcreate.com\\\/es\\\/engineering\\\/sustainable-energy-production-teaching-set\\\/\",\"url\":\"https:\\\/\\\/ljcreate.com\\\/es\\\/engineering\\\/sustainable-energy-production-teaching-set\\\/\",\"name\":\"Conjunto de ense\u00f1anza de producci\u00f3n de energ\u00eda sostenible | LJ Create\",\"isPartOf\":{\"@id\":\"https:\\\/\\\/ljcreate.com\\\/es\\\/#website\"},\"primaryImageOfPage\":{\"@id\":\"https:\\\/\\\/ljcreate.com\\\/es\\\/engineering\\\/sustainable-energy-production-teaching-set\\\/#primaryimage\"},\"image\":{\"@id\":\"https:\\\/\\\/ljcreate.com\\\/es\\\/engineering\\\/sustainable-energy-production-teaching-set\\\/#primaryimage\"},\"thumbnailUrl\":\"https:\\\/\\\/ljcreate.com\\\/wp-content\\\/uploads\\\/2021\\\/08\\\/100-00.webp\",\"datePublished\":\"2021-08-24T11:16:16+00:00\",\"dateModified\":\"2023-07-06T13:12:56+00:00\",\"breadcrumb\":{\"@id\":\"https:\\\/\\\/ljcreate.com\\\/es\\\/engineering\\\/sustainable-energy-production-teaching-set\\\/#breadcrumb\"},\"inLanguage\":\"es\",\"potentialAction\":[{\"@type\":\"ReadAction\",\"target\":[\"https:\\\/\\\/ljcreate.com\\\/es\\\/engineering\\\/sustainable-energy-production-teaching-set\\\/\"]}]},{\"@type\":\"ImageObject\",\"inLanguage\":\"es\",\"@id\":\"https:\\\/\\\/ljcreate.com\\\/es\\\/engineering\\\/sustainable-energy-production-teaching-set\\\/#primaryimage\",\"url\":\"https:\\\/\\\/ljcreate.com\\\/wp-content\\\/uploads\\\/2021\\\/08\\\/100-00.webp\",\"contentUrl\":\"https:\\\/\\\/ljcreate.com\\\/wp-content\\\/uploads\\\/2021\\\/08\\\/100-00.webp\",\"width\":1080,\"height\":529,\"caption\":\"Sustainable Energy Production Teaching Set\"},{\"@type\":\"BreadcrumbList\",\"@id\":\"https:\\\/\\\/ljcreate.com\\\/es\\\/engineering\\\/sustainable-energy-production-teaching-set\\\/#breadcrumb\",\"itemListElement\":[{\"@type\":\"ListItem\",\"position\":1,\"name\":\"Home\",\"item\":\"https:\\\/\\\/ljcreate.com\\\/es\\\/\"},{\"@type\":\"ListItem\",\"position\":2,\"name\":\"Productos\",\"item\":\"https:\\\/\\\/ljcreate.com\\\/es\\\/shop\\\/\"},{\"@type\":\"ListItem\",\"position\":3,\"name\":\"STEM\\\/Career Exploration\",\"item\":\"https:\\\/\\\/ljcreate.com\\\/product-category\\\/stem-career-exploration\\\/\"},{\"@type\":\"ListItem\",\"position\":4,\"name\":\"Conjunto de ense\u00f1anza de producci\u00f3n de energ\u00eda sostenible\"}]},{\"@type\":\"WebSite\",\"@id\":\"https:\\\/\\\/ljcreate.com\\\/es\\\/#website\",\"url\":\"https:\\\/\\\/ljcreate.com\\\/es\\\/\",\"name\":\"LJ Create\",\"description\":\"Innovate, Inspire, and Engage\",\"publisher\":{\"@id\":\"https:\\\/\\\/ljcreate.com\\\/es\\\/#organization\"},\"alternateName\":\"Creative Learning (Norwich) Limited\",\"potentialAction\":[{\"@type\":\"SearchAction\",\"target\":{\"@type\":\"EntryPoint\",\"urlTemplate\":\"https:\\\/\\\/ljcreate.com\\\/es\\\/?s={search_term_string}\"},\"query-input\":{\"@type\":\"PropertyValueSpecification\",\"valueRequired\":true,\"valueName\":\"search_term_string\"}}],\"inLanguage\":\"es\"},{\"@type\":\"Organization\",\"@id\":\"https:\\\/\\\/ljcreate.com\\\/es\\\/#organization\",\"name\":\"LJ Create\",\"url\":\"https:\\\/\\\/ljcreate.com\\\/es\\\/\",\"logo\":{\"@type\":\"ImageObject\",\"inLanguage\":\"es\",\"@id\":\"https:\\\/\\\/ljcreate.com\\\/es\\\/#\\\/schema\\\/logo\\\/image\\\/\",\"url\":\"https:\\\/\\\/ljcreate.com\\\/wp-content\\\/uploads\\\/2021\\\/07\\\/logo.svg\",\"contentUrl\":\"https:\\\/\\\/ljcreate.com\\\/wp-content\\\/uploads\\\/2021\\\/07\\\/logo.svg\",\"width\":\"1024\",\"height\":\"1024\",\"caption\":\"LJ Create\"},\"image\":{\"@id\":\"https:\\\/\\\/ljcreate.com\\\/es\\\/#\\\/schema\\\/logo\\\/image\\\/\"}}]}<\/script>\n<!-- \/ Yoast SEO plugin. -->","yoast_head_json":{"title":"Conjunto de ense\u00f1anza de producci\u00f3n de energ\u00eda sostenible | LJ Create","robots":{"index":"index","follow":"follow","max-snippet":"max-snippet:-1","max-image-preview":"max-image-preview:large","max-video-preview":"max-video-preview:-1"},"canonical":"https:\/\/ljcreate.com\/es\/engineering\/sustainable-energy-production-teaching-set\/","og_locale":"es_ES","og_type":"article","og_title":"Conjunto de ense\u00f1anza de producci\u00f3n de energ\u00eda sostenible | LJ Create","og_description":"El equipo incluido en el Conjunto de ense\u00f1anza de producci\u00f3n de energ\u00eda sostenible (100-00) convertir\u00e1 cualquier sal\u00f3n de clases en un emocionante laboratorio de energ\u00eda alternativa. Las \u00e1reas tem\u00e1ticas t\u00edpicas incluyen: Generaci\u00f3n de energ\u00eda Energ\u00eda solar Energ\u00eda e\u00f3lica Energ\u00eda hidroel\u00e9ctrica Biomasa Energ\u00eda geotermica La energ\u00eda nuclear Celdas de combustible La eficiencia de la generaci\u00f3n de&hellip;","og_url":"https:\/\/ljcreate.com\/es\/engineering\/sustainable-energy-production-teaching-set\/","og_site_name":"LJ Create","article_modified_time":"2023-07-06T13:12:56+00:00","og_image":[{"width":1080,"height":529,"url":"https:\/\/ljcreate.com\/wp-content\/uploads\/2021\/08\/100-00.webp","type":"image\/webp"}],"twitter_card":"summary_large_image","twitter_misc":{"Tiempo de lectura":"1 minuto"},"schema":{"@context":"https:\/\/schema.org","@graph":[{"@type":"WebPage","@id":"https:\/\/ljcreate.com\/es\/engineering\/sustainable-energy-production-teaching-set\/","url":"https:\/\/ljcreate.com\/es\/engineering\/sustainable-energy-production-teaching-set\/","name":"Conjunto de ense\u00f1anza de producci\u00f3n de energ\u00eda sostenible | LJ Create","isPartOf":{"@id":"https:\/\/ljcreate.com\/es\/#website"},"primaryImageOfPage":{"@id":"https:\/\/ljcreate.com\/es\/engineering\/sustainable-energy-production-teaching-set\/#primaryimage"},"image":{"@id":"https:\/\/ljcreate.com\/es\/engineering\/sustainable-energy-production-teaching-set\/#primaryimage"},"thumbnailUrl":"https:\/\/ljcreate.com\/wp-content\/uploads\/2021\/08\/100-00.webp","datePublished":"2021-08-24T11:16:16+00:00","dateModified":"2023-07-06T13:12:56+00:00","breadcrumb":{"@id":"https:\/\/ljcreate.com\/es\/engineering\/sustainable-energy-production-teaching-set\/#breadcrumb"},"inLanguage":"es","potentialAction":[{"@type":"ReadAction","target":["https:\/\/ljcreate.com\/es\/engineering\/sustainable-energy-production-teaching-set\/"]}]},{"@type":"ImageObject","inLanguage":"es","@id":"https:\/\/ljcreate.com\/es\/engineering\/sustainable-energy-production-teaching-set\/#primaryimage","url":"https:\/\/ljcreate.com\/wp-content\/uploads\/2021\/08\/100-00.webp","contentUrl":"https:\/\/ljcreate.com\/wp-content\/uploads\/2021\/08\/100-00.webp","width":1080,"height":529,"caption":"Sustainable Energy Production Teaching Set"},{"@type":"BreadcrumbList","@id":"https:\/\/ljcreate.com\/es\/engineering\/sustainable-energy-production-teaching-set\/#breadcrumb","itemListElement":[{"@type":"ListItem","position":1,"name":"Home","item":"https:\/\/ljcreate.com\/es\/"},{"@type":"ListItem","position":2,"name":"Productos","item":"https:\/\/ljcreate.com\/es\/shop\/"},{"@type":"ListItem","position":3,"name":"STEM\/Career Exploration","item":"https:\/\/ljcreate.com\/product-category\/stem-career-exploration\/"},{"@type":"ListItem","position":4,"name":"Conjunto de ense\u00f1anza de producci\u00f3n de energ\u00eda sostenible"}]},{"@type":"WebSite","@id":"https:\/\/ljcreate.com\/es\/#website","url":"https:\/\/ljcreate.com\/es\/","name":"LJ Create","description":"Innovate, Inspire, and Engage","publisher":{"@id":"https:\/\/ljcreate.com\/es\/#organization"},"alternateName":"Creative Learning (Norwich) Limited","potentialAction":[{"@type":"SearchAction","target":{"@type":"EntryPoint","urlTemplate":"https:\/\/ljcreate.com\/es\/?s={search_term_string}"},"query-input":{"@type":"PropertyValueSpecification","valueRequired":true,"valueName":"search_term_string"}}],"inLanguage":"es"},{"@type":"Organization","@id":"https:\/\/ljcreate.com\/es\/#organization","name":"LJ Create","url":"https:\/\/ljcreate.com\/es\/","logo":{"@type":"ImageObject","inLanguage":"es","@id":"https:\/\/ljcreate.com\/es\/#\/schema\/logo\/image\/","url":"https:\/\/ljcreate.com\/wp-content\/uploads\/2021\/07\/logo.svg","contentUrl":"https:\/\/ljcreate.com\/wp-content\/uploads\/2021\/07\/logo.svg","width":"1024","height":"1024","caption":"LJ Create"},"image":{"@id":"https:\/\/ljcreate.com\/es\/#\/schema\/logo\/image\/"}}]}},"_links":{"self":[{"href":"https:\/\/ljcreate.com\/es\/wp-json\/wp\/v2\/product\/26904","targetHints":{"allow":["GET"]}}],"collection":[{"href":"https:\/\/ljcreate.com\/es\/wp-json\/wp\/v2\/product"}],"about":[{"href":"https:\/\/ljcreate.com\/es\/wp-json\/wp\/v2\/types\/product"}],"wp:featuredmedia":[{"embeddable":true,"href":"https:\/\/ljcreate.com\/es\/wp-json\/wp\/v2\/media\/42243"}],"wp:attachment":[{"href":"https:\/\/ljcreate.com\/es\/wp-json\/wp\/v2\/media?parent=26904"}],"wp:term":[{"taxonomy":"product_brand","embeddable":true,"href":"https:\/\/ljcreate.com\/es\/wp-json\/wp\/v2\/product_brand?post=26904"},{"taxonomy":"product_cat","embeddable":true,"href":"https:\/\/ljcreate.com\/es\/wp-json\/wp\/v2\/product_cat?post=26904"},{"taxonomy":"product_tag","embeddable":true,"href":"https:\/\/ljcreate.com\/es\/wp-json\/wp\/v2\/product_tag?post=26904"}],"curies":[{"name":"wp","href":"https:\/\/api.w.org\/{rel}","templated":true}]}}