{"id":26902,"date":"2021-08-24T06:44:09","date_gmt":"2021-08-24T11:44:09","guid":{"rendered":"https:\/\/alpha.ljcreate.com\/product\/sin%20categor\u00eda\/displays-and-accessories-systems-panel-trainer\/"},"modified":"2023-06-30T09:24:40","modified_gmt":"2023-06-30T08:24:40","slug":"displays-and-accessories-systems-panel-trainer","status":"publish","type":"product","link":"https:\/\/ljcreate.com\/es\/automotive-technology\/displays-and-accessories-systems-panel-trainer\/","title":{"rendered":"Pantallas y accesorios Entrenador de paneles de sistemas"},"content":{"rendered":"<p>El Pantallas y accesorios Entrenador de paneles de sistemas (752-01) est\u00e1 dise\u00f1ado para permitir el acceso a una variedad de puntos de prueba para los componentes el\u00e9ctricos del veh\u00edculo y explorar c\u00f3mo se relacionan con las pantallas del tablero y las luces de advertencia, as\u00ed como para proporcionar una comprensi\u00f3n del dise\u00f1o y la configuraci\u00f3n general del sistema.<\/p>\n<p>Para facilitar el desarrollo de t\u00e9cnicas de diagn\u00f3stico y habilidades de b\u00fasqueda de fallas, el panel incluye una gama de opciones de inserci\u00f3n de fallas para simular fallas t\u00edpicas del sistema del mundo real.<\/p>\n<h5>Las tareas pr\u00e1cticas t\u00edpicas incluyen:<\/h5>\n<ul>\n<li>Medici\u00f3n y visualizaci\u00f3n de la velocidad del veh\u00edculo.<\/li>\n<li>Medici\u00f3n y visualizaci\u00f3n de las RPM del motor.<\/li>\n<li>Medici\u00f3n y visualizaci\u00f3n del nivel de combustible.<\/li>\n<li>Medici\u00f3n y visualizaci\u00f3n de la presi\u00f3n del aceite.<\/li>\n<li>Medici\u00f3n y visualizaci\u00f3n de la temperatura del refrigerante.<\/li>\n<li>Sistema de advertencia de luz indicadora de direcci\u00f3n<\/li>\n<li>Sistema de advertencia de cintur\u00f3n de seguridad<\/li>\n<li>Sistema de advertencia de frenos<\/li>\n<li>Sistema de monitoreo de l\u00e1mpara<\/li>\n<li>Sistemas de bolsas de aire (SRS)<\/li>\n<li>Sistema de audio<\/li>\n<li>Limpiaparabrisas<\/li>\n<\/ul>\n","protected":false},"excerpt":{"rendered":"<p>El Pantallas y accesorios Entrenador de paneles de sistemas (752-01) est\u00e1 dise\u00f1ado para permitir el acceso a una variedad de puntos de prueba para los componentes el\u00e9ctricos del veh\u00edculo y explorar c\u00f3mo se relacionan con las pantallas del tablero y las luces de advertencia, as\u00ed como para proporcionar una comprensi\u00f3n del dise\u00f1o y la configuraci\u00f3n&hellip;<\/p>\n","protected":false},"featured_media":52809,"template":"","meta":{"_acf_changed":false,"inline_featured_image":false},"product_brand":[],"product_cat":[59,110,77,127,132,133,57,99],"product_tag":[],"class_list":{"0":"post-26902","1":"product","2":"type-product","3":"status-publish","4":"has-post-thumbnail","6":"product_cat-automotive-technology","7":"product_cat-automotive-autotronics-boards-and-panels-2","8":"product_cat-automotive-technology-uk","9":"product_cat-automotive-autotronics-boards-and-panels-uk","10":"product_cat-automotive-technology-es","11":"product_cat-automotive-autotronics-boards-and-panels-es","12":"product_cat-stem-career-exploration","13":"product_cat-automotive-autotronics-boards-and-panels","15":"first","16":"instock","17":"shipping-taxable","18":"product-type-simple"},"acf":[],"yoast_head":"<!-- This site is optimized with the Yoast SEO plugin v27.3 - https:\/\/yoast.com\/product\/yoast-seo-wordpress\/ -->\n<title>Pantallas y accesorios Entrenador de paneles de sistemas | LJ Create<\/title>\n<meta name=\"robots\" content=\"index, follow, max-snippet:-1, max-image-preview:large, max-video-preview:-1\" \/>\n<link rel=\"canonical\" href=\"https:\/\/ljcreate.com\/es\/automotive-technology\/displays-and-accessories-systems-panel-trainer\/\" \/>\n<meta property=\"og:locale\" content=\"es_ES\" \/>\n<meta property=\"og:type\" content=\"article\" \/>\n<meta property=\"og:title\" content=\"Pantallas y accesorios Entrenador de paneles de sistemas | LJ Create\" \/>\n<meta property=\"og:description\" content=\"El Pantallas y accesorios Entrenador de paneles de sistemas (752-01) est\u00e1 dise\u00f1ado para permitir el acceso a una variedad de puntos de prueba para los componentes el\u00e9ctricos del veh\u00edculo y explorar c\u00f3mo se relacionan con las pantallas del tablero y las luces de advertencia, as\u00ed como para proporcionar una comprensi\u00f3n del dise\u00f1o y la configuraci\u00f3n&hellip;\" \/>\n<meta property=\"og:url\" content=\"https:\/\/ljcreate.com\/es\/automotive-technology\/displays-and-accessories-systems-panel-trainer\/\" \/>\n<meta property=\"og:site_name\" content=\"LJ Create\" \/>\n<meta property=\"article:modified_time\" content=\"2023-06-30T08:24:40+00:00\" \/>\n<meta property=\"og:image\" content=\"https:\/\/ljcreate.com\/wp-content\/uploads\/2021\/08\/752-01.webp\" \/>\n\t<meta property=\"og:image:width\" content=\"1080\" \/>\n\t<meta property=\"og:image:height\" content=\"529\" \/>\n\t<meta property=\"og:image:type\" content=\"image\/webp\" \/>\n<meta name=\"twitter:card\" content=\"summary_large_image\" \/>\n<meta name=\"twitter:label1\" content=\"Tiempo de lectura\" \/>\n\t<meta name=\"twitter:data1\" content=\"1 minuto\" \/>\n<script type=\"application\/ld+json\" class=\"yoast-schema-graph\">{\"@context\":\"https:\\\/\\\/schema.org\",\"@graph\":[{\"@type\":\"WebPage\",\"@id\":\"https:\\\/\\\/ljcreate.com\\\/es\\\/automotive-technology\\\/displays-and-accessories-systems-panel-trainer\\\/\",\"url\":\"https:\\\/\\\/ljcreate.com\\\/es\\\/automotive-technology\\\/displays-and-accessories-systems-panel-trainer\\\/\",\"name\":\"Pantallas y accesorios Entrenador de paneles de sistemas | LJ Create\",\"isPartOf\":{\"@id\":\"https:\\\/\\\/ljcreate.com\\\/es\\\/#website\"},\"primaryImageOfPage\":{\"@id\":\"https:\\\/\\\/ljcreate.com\\\/es\\\/automotive-technology\\\/displays-and-accessories-systems-panel-trainer\\\/#primaryimage\"},\"image\":{\"@id\":\"https:\\\/\\\/ljcreate.com\\\/es\\\/automotive-technology\\\/displays-and-accessories-systems-panel-trainer\\\/#primaryimage\"},\"thumbnailUrl\":\"https:\\\/\\\/ljcreate.com\\\/wp-content\\\/uploads\\\/2021\\\/08\\\/752-01.webp\",\"datePublished\":\"2021-08-24T11:44:09+00:00\",\"dateModified\":\"2023-06-30T08:24:40+00:00\",\"breadcrumb\":{\"@id\":\"https:\\\/\\\/ljcreate.com\\\/es\\\/automotive-technology\\\/displays-and-accessories-systems-panel-trainer\\\/#breadcrumb\"},\"inLanguage\":\"es\",\"potentialAction\":[{\"@type\":\"ReadAction\",\"target\":[\"https:\\\/\\\/ljcreate.com\\\/es\\\/automotive-technology\\\/displays-and-accessories-systems-panel-trainer\\\/\"]}]},{\"@type\":\"ImageObject\",\"inLanguage\":\"es\",\"@id\":\"https:\\\/\\\/ljcreate.com\\\/es\\\/automotive-technology\\\/displays-and-accessories-systems-panel-trainer\\\/#primaryimage\",\"url\":\"https:\\\/\\\/ljcreate.com\\\/wp-content\\\/uploads\\\/2021\\\/08\\\/752-01.webp\",\"contentUrl\":\"https:\\\/\\\/ljcreate.com\\\/wp-content\\\/uploads\\\/2021\\\/08\\\/752-01.webp\",\"width\":1080,\"height\":529,\"caption\":\"Displays and Accessories Systems Panel Trainer\"},{\"@type\":\"BreadcrumbList\",\"@id\":\"https:\\\/\\\/ljcreate.com\\\/es\\\/automotive-technology\\\/displays-and-accessories-systems-panel-trainer\\\/#breadcrumb\",\"itemListElement\":[{\"@type\":\"ListItem\",\"position\":1,\"name\":\"Home\",\"item\":\"https:\\\/\\\/ljcreate.com\\\/es\\\/\"},{\"@type\":\"ListItem\",\"position\":2,\"name\":\"Productos\",\"item\":\"https:\\\/\\\/ljcreate.com\\\/es\\\/shop\\\/\"},{\"@type\":\"ListItem\",\"position\":3,\"name\":\"Automotive Technology\",\"item\":\"https:\\\/\\\/ljcreate.com\\\/uk\\\/product-category\\\/automotive-technology\\\/\"},{\"@type\":\"ListItem\",\"position\":4,\"name\":\"Pantallas y accesorios Entrenador de paneles de sistemas\"}]},{\"@type\":\"WebSite\",\"@id\":\"https:\\\/\\\/ljcreate.com\\\/es\\\/#website\",\"url\":\"https:\\\/\\\/ljcreate.com\\\/es\\\/\",\"name\":\"LJ Create\",\"description\":\"Innovate, Inspire, and Engage\",\"publisher\":{\"@id\":\"https:\\\/\\\/ljcreate.com\\\/es\\\/#organization\"},\"alternateName\":\"Creative Learning (Norwich) Limited\",\"potentialAction\":[{\"@type\":\"SearchAction\",\"target\":{\"@type\":\"EntryPoint\",\"urlTemplate\":\"https:\\\/\\\/ljcreate.com\\\/es\\\/?s={search_term_string}\"},\"query-input\":{\"@type\":\"PropertyValueSpecification\",\"valueRequired\":true,\"valueName\":\"search_term_string\"}}],\"inLanguage\":\"es\"},{\"@type\":\"Organization\",\"@id\":\"https:\\\/\\\/ljcreate.com\\\/es\\\/#organization\",\"name\":\"LJ Create\",\"url\":\"https:\\\/\\\/ljcreate.com\\\/es\\\/\",\"logo\":{\"@type\":\"ImageObject\",\"inLanguage\":\"es\",\"@id\":\"https:\\\/\\\/ljcreate.com\\\/es\\\/#\\\/schema\\\/logo\\\/image\\\/\",\"url\":\"https:\\\/\\\/ljcreate.com\\\/wp-content\\\/uploads\\\/2021\\\/07\\\/logo.svg\",\"contentUrl\":\"https:\\\/\\\/ljcreate.com\\\/wp-content\\\/uploads\\\/2021\\\/07\\\/logo.svg\",\"width\":\"1024\",\"height\":\"1024\",\"caption\":\"LJ Create\"},\"image\":{\"@id\":\"https:\\\/\\\/ljcreate.com\\\/es\\\/#\\\/schema\\\/logo\\\/image\\\/\"}}]}<\/script>\n<!-- \/ Yoast SEO plugin. -->","yoast_head_json":{"title":"Pantallas y accesorios Entrenador de paneles de sistemas | LJ Create","robots":{"index":"index","follow":"follow","max-snippet":"max-snippet:-1","max-image-preview":"max-image-preview:large","max-video-preview":"max-video-preview:-1"},"canonical":"https:\/\/ljcreate.com\/es\/automotive-technology\/displays-and-accessories-systems-panel-trainer\/","og_locale":"es_ES","og_type":"article","og_title":"Pantallas y accesorios Entrenador de paneles de sistemas | LJ Create","og_description":"El Pantallas y accesorios Entrenador de paneles de sistemas (752-01) est\u00e1 dise\u00f1ado para permitir el acceso a una variedad de puntos de prueba para los componentes el\u00e9ctricos del veh\u00edculo y explorar c\u00f3mo se relacionan con las pantallas del tablero y las luces de advertencia, as\u00ed como para proporcionar una comprensi\u00f3n del dise\u00f1o y la configuraci\u00f3n&hellip;","og_url":"https:\/\/ljcreate.com\/es\/automotive-technology\/displays-and-accessories-systems-panel-trainer\/","og_site_name":"LJ Create","article_modified_time":"2023-06-30T08:24:40+00:00","og_image":[{"width":1080,"height":529,"url":"https:\/\/ljcreate.com\/wp-content\/uploads\/2021\/08\/752-01.webp","type":"image\/webp"}],"twitter_card":"summary_large_image","twitter_misc":{"Tiempo de lectura":"1 minuto"},"schema":{"@context":"https:\/\/schema.org","@graph":[{"@type":"WebPage","@id":"https:\/\/ljcreate.com\/es\/automotive-technology\/displays-and-accessories-systems-panel-trainer\/","url":"https:\/\/ljcreate.com\/es\/automotive-technology\/displays-and-accessories-systems-panel-trainer\/","name":"Pantallas y accesorios Entrenador de paneles de sistemas | LJ Create","isPartOf":{"@id":"https:\/\/ljcreate.com\/es\/#website"},"primaryImageOfPage":{"@id":"https:\/\/ljcreate.com\/es\/automotive-technology\/displays-and-accessories-systems-panel-trainer\/#primaryimage"},"image":{"@id":"https:\/\/ljcreate.com\/es\/automotive-technology\/displays-and-accessories-systems-panel-trainer\/#primaryimage"},"thumbnailUrl":"https:\/\/ljcreate.com\/wp-content\/uploads\/2021\/08\/752-01.webp","datePublished":"2021-08-24T11:44:09+00:00","dateModified":"2023-06-30T08:24:40+00:00","breadcrumb":{"@id":"https:\/\/ljcreate.com\/es\/automotive-technology\/displays-and-accessories-systems-panel-trainer\/#breadcrumb"},"inLanguage":"es","potentialAction":[{"@type":"ReadAction","target":["https:\/\/ljcreate.com\/es\/automotive-technology\/displays-and-accessories-systems-panel-trainer\/"]}]},{"@type":"ImageObject","inLanguage":"es","@id":"https:\/\/ljcreate.com\/es\/automotive-technology\/displays-and-accessories-systems-panel-trainer\/#primaryimage","url":"https:\/\/ljcreate.com\/wp-content\/uploads\/2021\/08\/752-01.webp","contentUrl":"https:\/\/ljcreate.com\/wp-content\/uploads\/2021\/08\/752-01.webp","width":1080,"height":529,"caption":"Displays and Accessories Systems Panel Trainer"},{"@type":"BreadcrumbList","@id":"https:\/\/ljcreate.com\/es\/automotive-technology\/displays-and-accessories-systems-panel-trainer\/#breadcrumb","itemListElement":[{"@type":"ListItem","position":1,"name":"Home","item":"https:\/\/ljcreate.com\/es\/"},{"@type":"ListItem","position":2,"name":"Productos","item":"https:\/\/ljcreate.com\/es\/shop\/"},{"@type":"ListItem","position":3,"name":"Automotive Technology","item":"https:\/\/ljcreate.com\/uk\/product-category\/automotive-technology\/"},{"@type":"ListItem","position":4,"name":"Pantallas y accesorios Entrenador de paneles de sistemas"}]},{"@type":"WebSite","@id":"https:\/\/ljcreate.com\/es\/#website","url":"https:\/\/ljcreate.com\/es\/","name":"LJ Create","description":"Innovate, Inspire, and Engage","publisher":{"@id":"https:\/\/ljcreate.com\/es\/#organization"},"alternateName":"Creative Learning (Norwich) Limited","potentialAction":[{"@type":"SearchAction","target":{"@type":"EntryPoint","urlTemplate":"https:\/\/ljcreate.com\/es\/?s={search_term_string}"},"query-input":{"@type":"PropertyValueSpecification","valueRequired":true,"valueName":"search_term_string"}}],"inLanguage":"es"},{"@type":"Organization","@id":"https:\/\/ljcreate.com\/es\/#organization","name":"LJ Create","url":"https:\/\/ljcreate.com\/es\/","logo":{"@type":"ImageObject","inLanguage":"es","@id":"https:\/\/ljcreate.com\/es\/#\/schema\/logo\/image\/","url":"https:\/\/ljcreate.com\/wp-content\/uploads\/2021\/07\/logo.svg","contentUrl":"https:\/\/ljcreate.com\/wp-content\/uploads\/2021\/07\/logo.svg","width":"1024","height":"1024","caption":"LJ Create"},"image":{"@id":"https:\/\/ljcreate.com\/es\/#\/schema\/logo\/image\/"}}]}},"_links":{"self":[{"href":"https:\/\/ljcreate.com\/es\/wp-json\/wp\/v2\/product\/26902","targetHints":{"allow":["GET"]}}],"collection":[{"href":"https:\/\/ljcreate.com\/es\/wp-json\/wp\/v2\/product"}],"about":[{"href":"https:\/\/ljcreate.com\/es\/wp-json\/wp\/v2\/types\/product"}],"wp:featuredmedia":[{"embeddable":true,"href":"https:\/\/ljcreate.com\/es\/wp-json\/wp\/v2\/media\/52809"}],"wp:attachment":[{"href":"https:\/\/ljcreate.com\/es\/wp-json\/wp\/v2\/media?parent=26902"}],"wp:term":[{"taxonomy":"product_brand","embeddable":true,"href":"https:\/\/ljcreate.com\/es\/wp-json\/wp\/v2\/product_brand?post=26902"},{"taxonomy":"product_cat","embeddable":true,"href":"https:\/\/ljcreate.com\/es\/wp-json\/wp\/v2\/product_cat?post=26902"},{"taxonomy":"product_tag","embeddable":true,"href":"https:\/\/ljcreate.com\/es\/wp-json\/wp\/v2\/product_tag?post=26902"}],"curies":[{"name":"wp","href":"https:\/\/api.w.org\/{rel}","templated":true}]}}