{"id":26898,"date":"2021-08-24T06:46:57","date_gmt":"2021-08-24T11:46:57","guid":{"rendered":"https:\/\/alpha.ljcreate.com\/product\/sin%20categor\u00eda\/air-conditioning-systems-panel-trainer\/"},"modified":"2023-06-30T12:51:06","modified_gmt":"2023-06-30T11:51:06","slug":"air-conditioning-systems-panel-trainer","status":"publish","type":"product","link":"https:\/\/ljcreate.com\/es\/automotive-technology\/air-conditioning-systems-panel-trainer\/","title":{"rendered":"Entrenador de paneles de sistemas de aire acondicionado"},"content":{"rendered":"<p>El Entrenador de paneles de sistemas de aire acondicionado (754-01) est\u00e1 dise\u00f1ado para permitir el acceso a los controles del sistema de vac\u00edo, el sistema el\u00e9ctrico y la estaci\u00f3n de recarga, as\u00ed como para proporcionar una comprensi\u00f3n del dise\u00f1o y la configuraci\u00f3n general del sistema.<\/p>\n<p>Para facilitar el desarrollo de t\u00e9cnicas de diagn\u00f3stico y habilidades de b\u00fasqueda de fallas, el panel incluye una gama de opciones de inserci\u00f3n de fallas para simular fallas t\u00edpicas del sistema del mundo real.<\/p>\n<h5>El entrenador incluye las siguientes caracter\u00edsticas:<\/h5>\n<ul>\n<li>Condensador<\/li>\n<li>Tubo de orificio fijo<\/li>\n<li>Compresor<\/li>\n<li>Acumulador de succi\u00f3n<\/li>\n<li>N\u00facleo del evaporador<\/li>\n<li>V\u00e1lvula de servicio HP<\/li>\n<li>V\u00e1lvula de servicio LP<\/li>\n<li>Interruptor de presi\u00f3n de ciclo de embrague<\/li>\n<li>Interruptor de corte de presi\u00f3n de CA<\/li>\n<li>Controles del sistema de distribuci\u00f3n de aire: tablero de instrumentos<\/li>\n<li>Control del motor del ventilador<\/li>\n<li>Simulaci\u00f3n de man\u00f3metro m\u00faltiple<\/li>\n<li>Simulador de detector de fugas<\/li>\n<\/ul>\n<h5>Las tareas pr\u00e1cticas t\u00edpicas incluyen:<\/h5>\n<ul>\n<li>Identificar los principios del aire acondicionado.<\/li>\n<li>Investigar el funcionamiento del sistema FOTCC.<\/li>\n<li>Servicio de sistemas de climatizaci\u00f3n.<\/li>\n<li>Solucionar problemas de un sistema de distribuci\u00f3n de aire.<\/li>\n<li>Pruebe los componentes del flujo de aire.<\/li>\n<li>Investigar los sistemas el\u00e9ctricos de A \/ C.<\/li>\n<li>Controles el\u00e9ctricos del calentador de detecci\u00f3n de fallas.<\/li>\n<\/ul>\n","protected":false},"excerpt":{"rendered":"<p>El Entrenador de paneles de sistemas de aire acondicionado (754-01) est\u00e1 dise\u00f1ado para permitir el acceso a los controles del sistema de vac\u00edo, el sistema el\u00e9ctrico y la estaci\u00f3n de recarga, as\u00ed como para proporcionar una comprensi\u00f3n del dise\u00f1o y la configuraci\u00f3n general del sistema. Para facilitar el desarrollo de t\u00e9cnicas de diagn\u00f3stico y habilidades&hellip;<\/p>\n","protected":false},"featured_media":31584,"template":"","meta":{"_acf_changed":false,"inline_featured_image":false},"product_brand":[],"product_cat":[59,110,77,127,132,133],"product_tag":[],"class_list":{"0":"post-26898","1":"product","2":"type-product","3":"status-publish","4":"has-post-thumbnail","6":"product_cat-automotive-technology","7":"product_cat-automotive-autotronics-boards-and-panels-2","8":"product_cat-automotive-technology-uk","9":"product_cat-automotive-autotronics-boards-and-panels-uk","10":"product_cat-automotive-technology-es","11":"product_cat-automotive-autotronics-boards-and-panels-es","13":"first","14":"instock","15":"shipping-taxable","16":"product-type-simple"},"acf":[],"yoast_head":"<!-- This site is optimized with the Yoast SEO plugin v27.3 - https:\/\/yoast.com\/product\/yoast-seo-wordpress\/ -->\n<title>Entrenador de paneles de sistemas de aire acondicionado | LJ Create<\/title>\n<meta name=\"robots\" content=\"index, follow, max-snippet:-1, max-image-preview:large, max-video-preview:-1\" \/>\n<link rel=\"canonical\" href=\"https:\/\/ljcreate.com\/es\/automotive-technology\/air-conditioning-systems-panel-trainer\/\" \/>\n<meta property=\"og:locale\" content=\"es_ES\" \/>\n<meta property=\"og:type\" content=\"article\" \/>\n<meta property=\"og:title\" content=\"Entrenador de paneles de sistemas de aire acondicionado | LJ Create\" \/>\n<meta property=\"og:description\" content=\"El Entrenador de paneles de sistemas de aire acondicionado (754-01) est\u00e1 dise\u00f1ado para permitir el acceso a los controles del sistema de vac\u00edo, el sistema el\u00e9ctrico y la estaci\u00f3n de recarga, as\u00ed como para proporcionar una comprensi\u00f3n del dise\u00f1o y la configuraci\u00f3n general del sistema. Para facilitar el desarrollo de t\u00e9cnicas de diagn\u00f3stico y habilidades&hellip;\" \/>\n<meta property=\"og:url\" content=\"https:\/\/ljcreate.com\/es\/automotive-technology\/air-conditioning-systems-panel-trainer\/\" \/>\n<meta property=\"og:site_name\" content=\"LJ Create\" \/>\n<meta property=\"article:modified_time\" content=\"2023-06-30T11:51:06+00:00\" \/>\n<meta property=\"og:image\" content=\"https:\/\/ljcreate.com\/wp-content\/uploads\/2021\/08\/airConditioningPanelTrainer-2.webp\" \/>\n\t<meta property=\"og:image:width\" content=\"1080\" \/>\n\t<meta property=\"og:image:height\" content=\"529\" \/>\n\t<meta property=\"og:image:type\" content=\"image\/webp\" \/>\n<meta name=\"twitter:card\" content=\"summary_large_image\" \/>\n<meta name=\"twitter:label1\" content=\"Tiempo de lectura\" \/>\n\t<meta name=\"twitter:data1\" content=\"1 minuto\" \/>\n<script type=\"application\/ld+json\" class=\"yoast-schema-graph\">{\"@context\":\"https:\\\/\\\/schema.org\",\"@graph\":[{\"@type\":\"WebPage\",\"@id\":\"https:\\\/\\\/ljcreate.com\\\/es\\\/automotive-technology\\\/air-conditioning-systems-panel-trainer\\\/\",\"url\":\"https:\\\/\\\/ljcreate.com\\\/es\\\/automotive-technology\\\/air-conditioning-systems-panel-trainer\\\/\",\"name\":\"Entrenador de paneles de sistemas de aire acondicionado | LJ Create\",\"isPartOf\":{\"@id\":\"https:\\\/\\\/ljcreate.com\\\/es\\\/#website\"},\"primaryImageOfPage\":{\"@id\":\"https:\\\/\\\/ljcreate.com\\\/es\\\/automotive-technology\\\/air-conditioning-systems-panel-trainer\\\/#primaryimage\"},\"image\":{\"@id\":\"https:\\\/\\\/ljcreate.com\\\/es\\\/automotive-technology\\\/air-conditioning-systems-panel-trainer\\\/#primaryimage\"},\"thumbnailUrl\":\"https:\\\/\\\/ljcreate.com\\\/wp-content\\\/uploads\\\/2021\\\/08\\\/airConditioningPanelTrainer-2.webp\",\"datePublished\":\"2021-08-24T11:46:57+00:00\",\"dateModified\":\"2023-06-30T11:51:06+00:00\",\"breadcrumb\":{\"@id\":\"https:\\\/\\\/ljcreate.com\\\/es\\\/automotive-technology\\\/air-conditioning-systems-panel-trainer\\\/#breadcrumb\"},\"inLanguage\":\"es\",\"potentialAction\":[{\"@type\":\"ReadAction\",\"target\":[\"https:\\\/\\\/ljcreate.com\\\/es\\\/automotive-technology\\\/air-conditioning-systems-panel-trainer\\\/\"]}]},{\"@type\":\"ImageObject\",\"inLanguage\":\"es\",\"@id\":\"https:\\\/\\\/ljcreate.com\\\/es\\\/automotive-technology\\\/air-conditioning-systems-panel-trainer\\\/#primaryimage\",\"url\":\"https:\\\/\\\/ljcreate.com\\\/wp-content\\\/uploads\\\/2021\\\/08\\\/airConditioningPanelTrainer-2.webp\",\"contentUrl\":\"https:\\\/\\\/ljcreate.com\\\/wp-content\\\/uploads\\\/2021\\\/08\\\/airConditioningPanelTrainer-2.webp\",\"width\":1080,\"height\":529,\"caption\":\"Air Conditioning Panel Trainer\"},{\"@type\":\"BreadcrumbList\",\"@id\":\"https:\\\/\\\/ljcreate.com\\\/es\\\/automotive-technology\\\/air-conditioning-systems-panel-trainer\\\/#breadcrumb\",\"itemListElement\":[{\"@type\":\"ListItem\",\"position\":1,\"name\":\"Home\",\"item\":\"https:\\\/\\\/ljcreate.com\\\/es\\\/\"},{\"@type\":\"ListItem\",\"position\":2,\"name\":\"Productos\",\"item\":\"https:\\\/\\\/ljcreate.com\\\/es\\\/shop\\\/\"},{\"@type\":\"ListItem\",\"position\":3,\"name\":\"Automotive Technology\",\"item\":\"https:\\\/\\\/ljcreate.com\\\/product-category\\\/automotive-technology\\\/\"},{\"@type\":\"ListItem\",\"position\":4,\"name\":\"Entrenador de paneles de sistemas de aire acondicionado\"}]},{\"@type\":\"WebSite\",\"@id\":\"https:\\\/\\\/ljcreate.com\\\/es\\\/#website\",\"url\":\"https:\\\/\\\/ljcreate.com\\\/es\\\/\",\"name\":\"LJ Create\",\"description\":\"Innovate, Inspire, and Engage\",\"publisher\":{\"@id\":\"https:\\\/\\\/ljcreate.com\\\/es\\\/#organization\"},\"alternateName\":\"Creative Learning (Norwich) Limited\",\"potentialAction\":[{\"@type\":\"SearchAction\",\"target\":{\"@type\":\"EntryPoint\",\"urlTemplate\":\"https:\\\/\\\/ljcreate.com\\\/es\\\/?s={search_term_string}\"},\"query-input\":{\"@type\":\"PropertyValueSpecification\",\"valueRequired\":true,\"valueName\":\"search_term_string\"}}],\"inLanguage\":\"es\"},{\"@type\":\"Organization\",\"@id\":\"https:\\\/\\\/ljcreate.com\\\/es\\\/#organization\",\"name\":\"LJ Create\",\"url\":\"https:\\\/\\\/ljcreate.com\\\/es\\\/\",\"logo\":{\"@type\":\"ImageObject\",\"inLanguage\":\"es\",\"@id\":\"https:\\\/\\\/ljcreate.com\\\/es\\\/#\\\/schema\\\/logo\\\/image\\\/\",\"url\":\"https:\\\/\\\/ljcreate.com\\\/wp-content\\\/uploads\\\/2021\\\/07\\\/logo.svg\",\"contentUrl\":\"https:\\\/\\\/ljcreate.com\\\/wp-content\\\/uploads\\\/2021\\\/07\\\/logo.svg\",\"width\":\"1024\",\"height\":\"1024\",\"caption\":\"LJ Create\"},\"image\":{\"@id\":\"https:\\\/\\\/ljcreate.com\\\/es\\\/#\\\/schema\\\/logo\\\/image\\\/\"}}]}<\/script>\n<!-- \/ Yoast SEO plugin. -->","yoast_head_json":{"title":"Entrenador de paneles de sistemas de aire acondicionado | LJ Create","robots":{"index":"index","follow":"follow","max-snippet":"max-snippet:-1","max-image-preview":"max-image-preview:large","max-video-preview":"max-video-preview:-1"},"canonical":"https:\/\/ljcreate.com\/es\/automotive-technology\/air-conditioning-systems-panel-trainer\/","og_locale":"es_ES","og_type":"article","og_title":"Entrenador de paneles de sistemas de aire acondicionado | LJ Create","og_description":"El Entrenador de paneles de sistemas de aire acondicionado (754-01) est\u00e1 dise\u00f1ado para permitir el acceso a los controles del sistema de vac\u00edo, el sistema el\u00e9ctrico y la estaci\u00f3n de recarga, as\u00ed como para proporcionar una comprensi\u00f3n del dise\u00f1o y la configuraci\u00f3n general del sistema. Para facilitar el desarrollo de t\u00e9cnicas de diagn\u00f3stico y habilidades&hellip;","og_url":"https:\/\/ljcreate.com\/es\/automotive-technology\/air-conditioning-systems-panel-trainer\/","og_site_name":"LJ Create","article_modified_time":"2023-06-30T11:51:06+00:00","og_image":[{"width":1080,"height":529,"url":"https:\/\/ljcreate.com\/wp-content\/uploads\/2021\/08\/airConditioningPanelTrainer-2.webp","type":"image\/webp"}],"twitter_card":"summary_large_image","twitter_misc":{"Tiempo de lectura":"1 minuto"},"schema":{"@context":"https:\/\/schema.org","@graph":[{"@type":"WebPage","@id":"https:\/\/ljcreate.com\/es\/automotive-technology\/air-conditioning-systems-panel-trainer\/","url":"https:\/\/ljcreate.com\/es\/automotive-technology\/air-conditioning-systems-panel-trainer\/","name":"Entrenador de paneles de sistemas de aire acondicionado | LJ Create","isPartOf":{"@id":"https:\/\/ljcreate.com\/es\/#website"},"primaryImageOfPage":{"@id":"https:\/\/ljcreate.com\/es\/automotive-technology\/air-conditioning-systems-panel-trainer\/#primaryimage"},"image":{"@id":"https:\/\/ljcreate.com\/es\/automotive-technology\/air-conditioning-systems-panel-trainer\/#primaryimage"},"thumbnailUrl":"https:\/\/ljcreate.com\/wp-content\/uploads\/2021\/08\/airConditioningPanelTrainer-2.webp","datePublished":"2021-08-24T11:46:57+00:00","dateModified":"2023-06-30T11:51:06+00:00","breadcrumb":{"@id":"https:\/\/ljcreate.com\/es\/automotive-technology\/air-conditioning-systems-panel-trainer\/#breadcrumb"},"inLanguage":"es","potentialAction":[{"@type":"ReadAction","target":["https:\/\/ljcreate.com\/es\/automotive-technology\/air-conditioning-systems-panel-trainer\/"]}]},{"@type":"ImageObject","inLanguage":"es","@id":"https:\/\/ljcreate.com\/es\/automotive-technology\/air-conditioning-systems-panel-trainer\/#primaryimage","url":"https:\/\/ljcreate.com\/wp-content\/uploads\/2021\/08\/airConditioningPanelTrainer-2.webp","contentUrl":"https:\/\/ljcreate.com\/wp-content\/uploads\/2021\/08\/airConditioningPanelTrainer-2.webp","width":1080,"height":529,"caption":"Air Conditioning Panel Trainer"},{"@type":"BreadcrumbList","@id":"https:\/\/ljcreate.com\/es\/automotive-technology\/air-conditioning-systems-panel-trainer\/#breadcrumb","itemListElement":[{"@type":"ListItem","position":1,"name":"Home","item":"https:\/\/ljcreate.com\/es\/"},{"@type":"ListItem","position":2,"name":"Productos","item":"https:\/\/ljcreate.com\/es\/shop\/"},{"@type":"ListItem","position":3,"name":"Automotive Technology","item":"https:\/\/ljcreate.com\/product-category\/automotive-technology\/"},{"@type":"ListItem","position":4,"name":"Entrenador de paneles de sistemas de aire acondicionado"}]},{"@type":"WebSite","@id":"https:\/\/ljcreate.com\/es\/#website","url":"https:\/\/ljcreate.com\/es\/","name":"LJ Create","description":"Innovate, Inspire, and Engage","publisher":{"@id":"https:\/\/ljcreate.com\/es\/#organization"},"alternateName":"Creative Learning (Norwich) Limited","potentialAction":[{"@type":"SearchAction","target":{"@type":"EntryPoint","urlTemplate":"https:\/\/ljcreate.com\/es\/?s={search_term_string}"},"query-input":{"@type":"PropertyValueSpecification","valueRequired":true,"valueName":"search_term_string"}}],"inLanguage":"es"},{"@type":"Organization","@id":"https:\/\/ljcreate.com\/es\/#organization","name":"LJ Create","url":"https:\/\/ljcreate.com\/es\/","logo":{"@type":"ImageObject","inLanguage":"es","@id":"https:\/\/ljcreate.com\/es\/#\/schema\/logo\/image\/","url":"https:\/\/ljcreate.com\/wp-content\/uploads\/2021\/07\/logo.svg","contentUrl":"https:\/\/ljcreate.com\/wp-content\/uploads\/2021\/07\/logo.svg","width":"1024","height":"1024","caption":"LJ Create"},"image":{"@id":"https:\/\/ljcreate.com\/es\/#\/schema\/logo\/image\/"}}]}},"_links":{"self":[{"href":"https:\/\/ljcreate.com\/es\/wp-json\/wp\/v2\/product\/26898","targetHints":{"allow":["GET"]}}],"collection":[{"href":"https:\/\/ljcreate.com\/es\/wp-json\/wp\/v2\/product"}],"about":[{"href":"https:\/\/ljcreate.com\/es\/wp-json\/wp\/v2\/types\/product"}],"wp:featuredmedia":[{"embeddable":true,"href":"https:\/\/ljcreate.com\/es\/wp-json\/wp\/v2\/media\/31584"}],"wp:attachment":[{"href":"https:\/\/ljcreate.com\/es\/wp-json\/wp\/v2\/media?parent=26898"}],"wp:term":[{"taxonomy":"product_brand","embeddable":true,"href":"https:\/\/ljcreate.com\/es\/wp-json\/wp\/v2\/product_brand?post=26898"},{"taxonomy":"product_cat","embeddable":true,"href":"https:\/\/ljcreate.com\/es\/wp-json\/wp\/v2\/product_cat?post=26898"},{"taxonomy":"product_tag","embeddable":true,"href":"https:\/\/ljcreate.com\/es\/wp-json\/wp\/v2\/product_tag?post=26898"}],"curies":[{"name":"wp","href":"https:\/\/api.w.org\/{rel}","templated":true}]}}