{"id":26897,"date":"2021-08-24T06:47:19","date_gmt":"2021-08-24T11:47:19","guid":{"rendered":"https:\/\/alpha.ljcreate.com\/product\/sin%20categor\u00eda\/anti-lock-braking-systems-panel-trainer\/"},"modified":"2023-06-30T12:51:57","modified_gmt":"2023-06-30T11:51:57","slug":"anti-lock-braking-systems-panel-trainer","status":"publish","type":"product","link":"https:\/\/ljcreate.com\/es\/automotive-technology\/anti-lock-braking-systems-panel-trainer\/","title":{"rendered":"Entrenador de panel de sistemas de frenos antibloqueo"},"content":{"rendered":"<p>El Entrenador de panel de sistemas de frenos antibloqueo (755-01) est\u00e1 dise\u00f1ado para demostrar el funcionamiento del sistema el\u00e9ctrico e hidr\u00e1ulico del ABS, as\u00ed como para proporcionar la capacidad de simular cambios en las condiciones de la carretera que afectan el funcionamiento del ABS.<\/p>\n<p>Para facilitar el desarrollo de t\u00e9cnicas de diagn\u00f3stico y habilidades de b\u00fasqueda de fallas, el panel incluye una gama de opciones de inserci\u00f3n de fallas para simular fallas t\u00edpicas del sistema del mundo real.<\/p>\n<h5>Las tareas pr\u00e1cticas t\u00edpicas incluyen:<\/h5>\n<ul>\n<li>Principios de los sistemas de frenado y aceleraci\u00f3n \/ desaceleraci\u00f3n del veh\u00edculo<\/li>\n<li>Identificar las fases de funcionamiento del ABS<\/li>\n<li>Pruebe el funcionamiento de los sensores e interruptores ABS<\/li>\n<li>Conceptos de patinaje y deslizamiento de ruedas<\/li>\n<li>Efectos del deslizamiento en el frenado de las ruedas y la estabilidad del veh\u00edculo<\/li>\n<li>Conceptos b\u00e1sicos de un sistema ABS<\/li>\n<li>Funcionamiento est\u00e1tico de un sistema ABS, que cubre el aislamiento de presi\u00f3n, la descarga de presi\u00f3n, el aumento de presi\u00f3n y la presi\u00f3n normal<\/li>\n<\/ul>\n","protected":false},"excerpt":{"rendered":"<p>El Entrenador de panel de sistemas de frenos antibloqueo (755-01) est\u00e1 dise\u00f1ado para demostrar el funcionamiento del sistema el\u00e9ctrico e hidr\u00e1ulico del ABS, as\u00ed como para proporcionar la capacidad de simular cambios en las condiciones de la carretera que afectan el funcionamiento del ABS. Para facilitar el desarrollo de t\u00e9cnicas de diagn\u00f3stico y habilidades de&hellip;<\/p>\n","protected":false},"featured_media":31574,"template":"","meta":{"_acf_changed":false,"inline_featured_image":false},"product_brand":[],"product_cat":[59,110,77,127,132,133],"product_tag":[],"class_list":{"0":"post-26897","1":"product","2":"type-product","3":"status-publish","4":"has-post-thumbnail","6":"product_cat-automotive-technology","7":"product_cat-automotive-autotronics-boards-and-panels-2","8":"product_cat-automotive-technology-uk","9":"product_cat-automotive-autotronics-boards-and-panels-uk","10":"product_cat-automotive-technology-es","11":"product_cat-automotive-autotronics-boards-and-panels-es","13":"first","14":"instock","15":"shipping-taxable","16":"product-type-simple"},"acf":[],"yoast_head":"<!-- This site is optimized with the Yoast SEO plugin v27.3 - https:\/\/yoast.com\/product\/yoast-seo-wordpress\/ -->\n<title>Entrenador de panel de sistemas de frenos antibloqueo | LJ Create<\/title>\n<meta name=\"robots\" content=\"index, follow, max-snippet:-1, max-image-preview:large, max-video-preview:-1\" \/>\n<link rel=\"canonical\" href=\"https:\/\/ljcreate.com\/es\/automotive-technology\/anti-lock-braking-systems-panel-trainer\/\" \/>\n<meta property=\"og:locale\" content=\"es_ES\" \/>\n<meta property=\"og:type\" content=\"article\" \/>\n<meta property=\"og:title\" content=\"Entrenador de panel de sistemas de frenos antibloqueo | LJ Create\" \/>\n<meta property=\"og:description\" content=\"El Entrenador de panel de sistemas de frenos antibloqueo (755-01) est\u00e1 dise\u00f1ado para demostrar el funcionamiento del sistema el\u00e9ctrico e hidr\u00e1ulico del ABS, as\u00ed como para proporcionar la capacidad de simular cambios en las condiciones de la carretera que afectan el funcionamiento del ABS. Para facilitar el desarrollo de t\u00e9cnicas de diagn\u00f3stico y habilidades de&hellip;\" \/>\n<meta property=\"og:url\" content=\"https:\/\/ljcreate.com\/es\/automotive-technology\/anti-lock-braking-systems-panel-trainer\/\" \/>\n<meta property=\"og:site_name\" content=\"LJ Create\" \/>\n<meta property=\"article:modified_time\" content=\"2023-06-30T11:51:57+00:00\" \/>\n<meta property=\"og:image\" content=\"https:\/\/ljcreate.com\/wp-content\/uploads\/2021\/08\/antiLockBrakingSystemPanelTrainer.webp\" \/>\n\t<meta property=\"og:image:width\" content=\"1080\" \/>\n\t<meta property=\"og:image:height\" content=\"529\" \/>\n\t<meta property=\"og:image:type\" content=\"image\/webp\" \/>\n<meta name=\"twitter:card\" content=\"summary_large_image\" \/>\n<meta name=\"twitter:label1\" content=\"Tiempo de lectura\" \/>\n\t<meta name=\"twitter:data1\" content=\"1 minuto\" \/>\n<script type=\"application\/ld+json\" class=\"yoast-schema-graph\">{\"@context\":\"https:\\\/\\\/schema.org\",\"@graph\":[{\"@type\":\"WebPage\",\"@id\":\"https:\\\/\\\/ljcreate.com\\\/es\\\/automotive-technology\\\/anti-lock-braking-systems-panel-trainer\\\/\",\"url\":\"https:\\\/\\\/ljcreate.com\\\/es\\\/automotive-technology\\\/anti-lock-braking-systems-panel-trainer\\\/\",\"name\":\"Entrenador de panel de sistemas de frenos antibloqueo | LJ Create\",\"isPartOf\":{\"@id\":\"https:\\\/\\\/ljcreate.com\\\/es\\\/#website\"},\"primaryImageOfPage\":{\"@id\":\"https:\\\/\\\/ljcreate.com\\\/es\\\/automotive-technology\\\/anti-lock-braking-systems-panel-trainer\\\/#primaryimage\"},\"image\":{\"@id\":\"https:\\\/\\\/ljcreate.com\\\/es\\\/automotive-technology\\\/anti-lock-braking-systems-panel-trainer\\\/#primaryimage\"},\"thumbnailUrl\":\"https:\\\/\\\/ljcreate.com\\\/wp-content\\\/uploads\\\/2021\\\/08\\\/antiLockBrakingSystemPanelTrainer.webp\",\"datePublished\":\"2021-08-24T11:47:19+00:00\",\"dateModified\":\"2023-06-30T11:51:57+00:00\",\"breadcrumb\":{\"@id\":\"https:\\\/\\\/ljcreate.com\\\/es\\\/automotive-technology\\\/anti-lock-braking-systems-panel-trainer\\\/#breadcrumb\"},\"inLanguage\":\"es\",\"potentialAction\":[{\"@type\":\"ReadAction\",\"target\":[\"https:\\\/\\\/ljcreate.com\\\/es\\\/automotive-technology\\\/anti-lock-braking-systems-panel-trainer\\\/\"]}]},{\"@type\":\"ImageObject\",\"inLanguage\":\"es\",\"@id\":\"https:\\\/\\\/ljcreate.com\\\/es\\\/automotive-technology\\\/anti-lock-braking-systems-panel-trainer\\\/#primaryimage\",\"url\":\"https:\\\/\\\/ljcreate.com\\\/wp-content\\\/uploads\\\/2021\\\/08\\\/antiLockBrakingSystemPanelTrainer.webp\",\"contentUrl\":\"https:\\\/\\\/ljcreate.com\\\/wp-content\\\/uploads\\\/2021\\\/08\\\/antiLockBrakingSystemPanelTrainer.webp\",\"width\":1080,\"height\":529,\"caption\":\"Anti-Lock Braking System Panel Trainer\"},{\"@type\":\"BreadcrumbList\",\"@id\":\"https:\\\/\\\/ljcreate.com\\\/es\\\/automotive-technology\\\/anti-lock-braking-systems-panel-trainer\\\/#breadcrumb\",\"itemListElement\":[{\"@type\":\"ListItem\",\"position\":1,\"name\":\"Home\",\"item\":\"https:\\\/\\\/ljcreate.com\\\/es\\\/\"},{\"@type\":\"ListItem\",\"position\":2,\"name\":\"Productos\",\"item\":\"https:\\\/\\\/ljcreate.com\\\/es\\\/shop\\\/\"},{\"@type\":\"ListItem\",\"position\":3,\"name\":\"Automotive Technology\",\"item\":\"https:\\\/\\\/ljcreate.com\\\/uk\\\/product-category\\\/automotive-technology\\\/\"},{\"@type\":\"ListItem\",\"position\":4,\"name\":\"Entrenador de panel de sistemas de frenos antibloqueo\"}]},{\"@type\":\"WebSite\",\"@id\":\"https:\\\/\\\/ljcreate.com\\\/es\\\/#website\",\"url\":\"https:\\\/\\\/ljcreate.com\\\/es\\\/\",\"name\":\"LJ Create\",\"description\":\"Innovate, Inspire, and Engage\",\"publisher\":{\"@id\":\"https:\\\/\\\/ljcreate.com\\\/es\\\/#organization\"},\"alternateName\":\"Creative Learning (Norwich) Limited\",\"potentialAction\":[{\"@type\":\"SearchAction\",\"target\":{\"@type\":\"EntryPoint\",\"urlTemplate\":\"https:\\\/\\\/ljcreate.com\\\/es\\\/?s={search_term_string}\"},\"query-input\":{\"@type\":\"PropertyValueSpecification\",\"valueRequired\":true,\"valueName\":\"search_term_string\"}}],\"inLanguage\":\"es\"},{\"@type\":\"Organization\",\"@id\":\"https:\\\/\\\/ljcreate.com\\\/es\\\/#organization\",\"name\":\"LJ Create\",\"url\":\"https:\\\/\\\/ljcreate.com\\\/es\\\/\",\"logo\":{\"@type\":\"ImageObject\",\"inLanguage\":\"es\",\"@id\":\"https:\\\/\\\/ljcreate.com\\\/es\\\/#\\\/schema\\\/logo\\\/image\\\/\",\"url\":\"https:\\\/\\\/ljcreate.com\\\/wp-content\\\/uploads\\\/2021\\\/07\\\/logo.svg\",\"contentUrl\":\"https:\\\/\\\/ljcreate.com\\\/wp-content\\\/uploads\\\/2021\\\/07\\\/logo.svg\",\"width\":\"1024\",\"height\":\"1024\",\"caption\":\"LJ Create\"},\"image\":{\"@id\":\"https:\\\/\\\/ljcreate.com\\\/es\\\/#\\\/schema\\\/logo\\\/image\\\/\"}}]}<\/script>\n<!-- \/ Yoast SEO plugin. -->","yoast_head_json":{"title":"Entrenador de panel de sistemas de frenos antibloqueo | LJ Create","robots":{"index":"index","follow":"follow","max-snippet":"max-snippet:-1","max-image-preview":"max-image-preview:large","max-video-preview":"max-video-preview:-1"},"canonical":"https:\/\/ljcreate.com\/es\/automotive-technology\/anti-lock-braking-systems-panel-trainer\/","og_locale":"es_ES","og_type":"article","og_title":"Entrenador de panel de sistemas de frenos antibloqueo | LJ Create","og_description":"El Entrenador de panel de sistemas de frenos antibloqueo (755-01) est\u00e1 dise\u00f1ado para demostrar el funcionamiento del sistema el\u00e9ctrico e hidr\u00e1ulico del ABS, as\u00ed como para proporcionar la capacidad de simular cambios en las condiciones de la carretera que afectan el funcionamiento del ABS. Para facilitar el desarrollo de t\u00e9cnicas de diagn\u00f3stico y habilidades de&hellip;","og_url":"https:\/\/ljcreate.com\/es\/automotive-technology\/anti-lock-braking-systems-panel-trainer\/","og_site_name":"LJ Create","article_modified_time":"2023-06-30T11:51:57+00:00","og_image":[{"width":1080,"height":529,"url":"https:\/\/ljcreate.com\/wp-content\/uploads\/2021\/08\/antiLockBrakingSystemPanelTrainer.webp","type":"image\/webp"}],"twitter_card":"summary_large_image","twitter_misc":{"Tiempo de lectura":"1 minuto"},"schema":{"@context":"https:\/\/schema.org","@graph":[{"@type":"WebPage","@id":"https:\/\/ljcreate.com\/es\/automotive-technology\/anti-lock-braking-systems-panel-trainer\/","url":"https:\/\/ljcreate.com\/es\/automotive-technology\/anti-lock-braking-systems-panel-trainer\/","name":"Entrenador de panel de sistemas de frenos antibloqueo | LJ Create","isPartOf":{"@id":"https:\/\/ljcreate.com\/es\/#website"},"primaryImageOfPage":{"@id":"https:\/\/ljcreate.com\/es\/automotive-technology\/anti-lock-braking-systems-panel-trainer\/#primaryimage"},"image":{"@id":"https:\/\/ljcreate.com\/es\/automotive-technology\/anti-lock-braking-systems-panel-trainer\/#primaryimage"},"thumbnailUrl":"https:\/\/ljcreate.com\/wp-content\/uploads\/2021\/08\/antiLockBrakingSystemPanelTrainer.webp","datePublished":"2021-08-24T11:47:19+00:00","dateModified":"2023-06-30T11:51:57+00:00","breadcrumb":{"@id":"https:\/\/ljcreate.com\/es\/automotive-technology\/anti-lock-braking-systems-panel-trainer\/#breadcrumb"},"inLanguage":"es","potentialAction":[{"@type":"ReadAction","target":["https:\/\/ljcreate.com\/es\/automotive-technology\/anti-lock-braking-systems-panel-trainer\/"]}]},{"@type":"ImageObject","inLanguage":"es","@id":"https:\/\/ljcreate.com\/es\/automotive-technology\/anti-lock-braking-systems-panel-trainer\/#primaryimage","url":"https:\/\/ljcreate.com\/wp-content\/uploads\/2021\/08\/antiLockBrakingSystemPanelTrainer.webp","contentUrl":"https:\/\/ljcreate.com\/wp-content\/uploads\/2021\/08\/antiLockBrakingSystemPanelTrainer.webp","width":1080,"height":529,"caption":"Anti-Lock Braking System Panel Trainer"},{"@type":"BreadcrumbList","@id":"https:\/\/ljcreate.com\/es\/automotive-technology\/anti-lock-braking-systems-panel-trainer\/#breadcrumb","itemListElement":[{"@type":"ListItem","position":1,"name":"Home","item":"https:\/\/ljcreate.com\/es\/"},{"@type":"ListItem","position":2,"name":"Productos","item":"https:\/\/ljcreate.com\/es\/shop\/"},{"@type":"ListItem","position":3,"name":"Automotive Technology","item":"https:\/\/ljcreate.com\/uk\/product-category\/automotive-technology\/"},{"@type":"ListItem","position":4,"name":"Entrenador de panel de sistemas de frenos antibloqueo"}]},{"@type":"WebSite","@id":"https:\/\/ljcreate.com\/es\/#website","url":"https:\/\/ljcreate.com\/es\/","name":"LJ Create","description":"Innovate, Inspire, and Engage","publisher":{"@id":"https:\/\/ljcreate.com\/es\/#organization"},"alternateName":"Creative Learning (Norwich) Limited","potentialAction":[{"@type":"SearchAction","target":{"@type":"EntryPoint","urlTemplate":"https:\/\/ljcreate.com\/es\/?s={search_term_string}"},"query-input":{"@type":"PropertyValueSpecification","valueRequired":true,"valueName":"search_term_string"}}],"inLanguage":"es"},{"@type":"Organization","@id":"https:\/\/ljcreate.com\/es\/#organization","name":"LJ Create","url":"https:\/\/ljcreate.com\/es\/","logo":{"@type":"ImageObject","inLanguage":"es","@id":"https:\/\/ljcreate.com\/es\/#\/schema\/logo\/image\/","url":"https:\/\/ljcreate.com\/wp-content\/uploads\/2021\/07\/logo.svg","contentUrl":"https:\/\/ljcreate.com\/wp-content\/uploads\/2021\/07\/logo.svg","width":"1024","height":"1024","caption":"LJ Create"},"image":{"@id":"https:\/\/ljcreate.com\/es\/#\/schema\/logo\/image\/"}}]}},"_links":{"self":[{"href":"https:\/\/ljcreate.com\/es\/wp-json\/wp\/v2\/product\/26897","targetHints":{"allow":["GET"]}}],"collection":[{"href":"https:\/\/ljcreate.com\/es\/wp-json\/wp\/v2\/product"}],"about":[{"href":"https:\/\/ljcreate.com\/es\/wp-json\/wp\/v2\/types\/product"}],"wp:featuredmedia":[{"embeddable":true,"href":"https:\/\/ljcreate.com\/es\/wp-json\/wp\/v2\/media\/31574"}],"wp:attachment":[{"href":"https:\/\/ljcreate.com\/es\/wp-json\/wp\/v2\/media?parent=26897"}],"wp:term":[{"taxonomy":"product_brand","embeddable":true,"href":"https:\/\/ljcreate.com\/es\/wp-json\/wp\/v2\/product_brand?post=26897"},{"taxonomy":"product_cat","embeddable":true,"href":"https:\/\/ljcreate.com\/es\/wp-json\/wp\/v2\/product_cat?post=26897"},{"taxonomy":"product_tag","embeddable":true,"href":"https:\/\/ljcreate.com\/es\/wp-json\/wp\/v2\/product_tag?post=26897"}],"curies":[{"name":"wp","href":"https:\/\/api.w.org\/{rel}","templated":true}]}}