{"id":26895,"date":"2021-08-24T06:56:09","date_gmt":"2021-08-24T11:56:09","guid":{"rendered":"https:\/\/alpha.ljcreate.com\/product\/sin%20categor\u00eda\/hybrid-vehicle-systems-panel-trainer\/"},"modified":"2023-10-09T13:42:24","modified_gmt":"2023-10-09T12:42:24","slug":"hybrid-vehicle-systems-panel-trainer","status":"publish","type":"product","link":"https:\/\/ljcreate.com\/es\/automotive-technology\/hybrid-vehicle-systems-panel-trainer\/","title":{"rendered":"Entrenador de paneles de sistemas de veh\u00edculos h\u00edbridos"},"content":{"rendered":"<p>El Entrenador de paneles de sistemas de veh\u00edculos h\u00edbridos (756-01) tambi\u00e9n incluye puntos de prueba a un nivel de voltaje seguro para permitir la investigaci\u00f3n de circuitos el\u00e9ctricos.<\/p>\n<p>Para facilitar el desarrollo de t\u00e9cnicas de diagn\u00f3stico y detecci\u00f3n de fallas, el Entrenador de Panel de Sistemas de Veh\u00edculos H\u00edbridos incluye una variedad de opciones de inserci\u00f3n de fallas para simular fallas t\u00edpicas del sistema en el mundo real.<\/p>\n<h5>Las tareas pr\u00e1cticas t\u00edpicas incluyen:<\/h5>\n<ul>\n<li>Sistemas serie, paralelo y serie-paralelo<\/li>\n<li>Sistemas de frenos h\u00edbridos<\/li>\n<li>Motor electrico<\/li>\n<li>Dispositivos de almacenamiento<\/li>\n<li>Motores h\u00edbridos<\/li>\n<li>Cables, conectores, dispositivos de protecci\u00f3n y controladores<\/li>\n<li>M\u00f3dulos de control de potencia<\/li>\n<li>La seguridad<\/li>\n<li>Mantenimiento y reparaci\u00f3n de rutina<\/li>\n<\/ul>\n<h5>VIDEO DEL PRODUCTO<\/h5>\n<p>Obtenga m\u00e1s informaci\u00f3n sobre nuestro entrenador de paneles de sistemas de veh\u00edculos h\u00edbridos<\/p>\n<div style=\"padding: 56.25% 0 0 0; position: relative;\"><iframe style=\"position: absolute; top: 0; left: 0; width: 100%; height: 100%;\" data-src=\"https:\/\/player.vimeo.com\/video\/159373429?h=3c0176a1b9&amp;color=f15c23&amp;title=0&amp;byline=0\" frameborder=\"0\" allowfullscreen=\"allowfullscreen\" src=\"data:image\/svg+xml;base64,PHN2ZyB3aWR0aD0iMSIgaGVpZ2h0PSIxIiB4bWxucz0iaHR0cDovL3d3dy53My5vcmcvMjAwMC9zdmciPjwvc3ZnPg==\" class=\"lazyload\" data-load-mode=\"1\"><\/iframe><\/div>\n<p><script src=\"https:\/\/player.vimeo.com\/api\/player.js\"><\/script><\/p>\n<hr \/>\n<p><strong>\u00bfEncontraste lo que buscabas?<\/strong><br \/>\nEche un vistazo a nuestra gama completa de <a href=\"https:\/\/ljcreate.com\/automotive-technology\/training-resource\/\" target=\"_blank\" rel=\"noopener\">recursos de capacitaci\u00f3n automotriz<\/a><\/p>\n","protected":false},"excerpt":{"rendered":"<p>El Entrenador de paneles de sistemas de veh\u00edculos h\u00edbridos (756-01) tambi\u00e9n incluye puntos de prueba a un nivel de voltaje seguro para permitir la investigaci\u00f3n de circuitos el\u00e9ctricos. Para facilitar el desarrollo de t\u00e9cnicas de diagn\u00f3stico y detecci\u00f3n de fallas, el Entrenador de Panel de Sistemas de Veh\u00edculos H\u00edbridos incluye una variedad de opciones de&hellip;<\/p>\n","protected":false},"featured_media":31495,"template":"","meta":{"_acf_changed":false,"inline_featured_image":false},"product_brand":[],"product_cat":[166,132,133],"product_tag":[],"class_list":{"0":"post-26895","1":"product","2":"type-product","3":"status-publish","4":"has-post-thumbnail","6":"product_cat-entrenadores-de-vehiculos-hibridos-y-electricos","7":"product_cat-automotive-technology-es","8":"product_cat-automotive-autotronics-boards-and-panels-es","10":"first","11":"instock","12":"shipping-taxable","13":"product-type-simple"},"acf":[],"yoast_head":"<!-- This site is optimized with the Yoast SEO plugin v27.3 - https:\/\/yoast.com\/product\/yoast-seo-wordpress\/ -->\n<title>Entrenador de paneles de sistemas de veh\u00edculos h\u00edbridos | LJ Create<\/title>\n<meta name=\"description\" content=\"El entrenador de panel de sistemas de veh\u00edculos h\u00edbridos permite a los estudiantes demostrar, investigar y encontrar fallas en una simulaci\u00f3n del sistema el\u00e9ctrico de un veh\u00edculo h\u00edbrido.\" \/>\n<meta name=\"robots\" content=\"index, follow, max-snippet:-1, max-image-preview:large, max-video-preview:-1\" \/>\n<link rel=\"canonical\" href=\"https:\/\/ljcreate.com\/es\/automotive-technology\/hybrid-vehicle-systems-panel-trainer\/\" \/>\n<meta property=\"og:locale\" content=\"es_ES\" \/>\n<meta property=\"og:type\" content=\"article\" \/>\n<meta property=\"og:title\" content=\"Entrenador de paneles de sistemas de veh\u00edculos h\u00edbridos | LJ Create\" \/>\n<meta property=\"og:description\" content=\"El entrenador de panel de sistemas de veh\u00edculos h\u00edbridos permite a los estudiantes demostrar, investigar y encontrar fallas en una simulaci\u00f3n del sistema el\u00e9ctrico de un veh\u00edculo h\u00edbrido.\" \/>\n<meta property=\"og:url\" content=\"https:\/\/ljcreate.com\/es\/automotive-technology\/hybrid-vehicle-systems-panel-trainer\/\" \/>\n<meta property=\"og:site_name\" content=\"LJ Create\" \/>\n<meta property=\"article:modified_time\" content=\"2023-10-09T12:42:24+00:00\" \/>\n<meta property=\"og:image\" content=\"https:\/\/ljcreate.com\/wp-content\/uploads\/2021\/08\/hybridVehiclePanelTrainer.webp\" \/>\n\t<meta property=\"og:image:width\" content=\"1080\" \/>\n\t<meta property=\"og:image:height\" content=\"529\" \/>\n\t<meta property=\"og:image:type\" content=\"image\/webp\" \/>\n<meta name=\"twitter:card\" content=\"summary_large_image\" \/>\n<meta name=\"twitter:label1\" content=\"Tiempo de lectura\" \/>\n\t<meta name=\"twitter:data1\" content=\"1 minuto\" \/>\n<script type=\"application\/ld+json\" class=\"yoast-schema-graph\">{\"@context\":\"https:\\\/\\\/schema.org\",\"@graph\":[{\"@type\":\"WebPage\",\"@id\":\"https:\\\/\\\/ljcreate.com\\\/es\\\/automotive-technology\\\/hybrid-vehicle-systems-panel-trainer\\\/\",\"url\":\"https:\\\/\\\/ljcreate.com\\\/es\\\/automotive-technology\\\/hybrid-vehicle-systems-panel-trainer\\\/\",\"name\":\"Entrenador de paneles de sistemas de veh\u00edculos h\u00edbridos | LJ Create\",\"isPartOf\":{\"@id\":\"https:\\\/\\\/ljcreate.com\\\/es\\\/#website\"},\"primaryImageOfPage\":{\"@id\":\"https:\\\/\\\/ljcreate.com\\\/es\\\/automotive-technology\\\/hybrid-vehicle-systems-panel-trainer\\\/#primaryimage\"},\"image\":{\"@id\":\"https:\\\/\\\/ljcreate.com\\\/es\\\/automotive-technology\\\/hybrid-vehicle-systems-panel-trainer\\\/#primaryimage\"},\"thumbnailUrl\":\"https:\\\/\\\/ljcreate.com\\\/wp-content\\\/uploads\\\/2021\\\/08\\\/hybridVehiclePanelTrainer.webp\",\"datePublished\":\"2021-08-24T11:56:09+00:00\",\"dateModified\":\"2023-10-09T12:42:24+00:00\",\"description\":\"El entrenador de panel de sistemas de veh\u00edculos h\u00edbridos permite a los estudiantes demostrar, investigar y encontrar fallas en una simulaci\u00f3n del sistema el\u00e9ctrico de un veh\u00edculo h\u00edbrido.\",\"breadcrumb\":{\"@id\":\"https:\\\/\\\/ljcreate.com\\\/es\\\/automotive-technology\\\/hybrid-vehicle-systems-panel-trainer\\\/#breadcrumb\"},\"inLanguage\":\"es\",\"potentialAction\":[{\"@type\":\"ReadAction\",\"target\":[\"https:\\\/\\\/ljcreate.com\\\/es\\\/automotive-technology\\\/hybrid-vehicle-systems-panel-trainer\\\/\"]}]},{\"@type\":\"ImageObject\",\"inLanguage\":\"es\",\"@id\":\"https:\\\/\\\/ljcreate.com\\\/es\\\/automotive-technology\\\/hybrid-vehicle-systems-panel-trainer\\\/#primaryimage\",\"url\":\"https:\\\/\\\/ljcreate.com\\\/wp-content\\\/uploads\\\/2021\\\/08\\\/hybridVehiclePanelTrainer.webp\",\"contentUrl\":\"https:\\\/\\\/ljcreate.com\\\/wp-content\\\/uploads\\\/2021\\\/08\\\/hybridVehiclePanelTrainer.webp\",\"width\":1080,\"height\":529,\"caption\":\"Hybrid Vehicle Panel Trainer\"},{\"@type\":\"BreadcrumbList\",\"@id\":\"https:\\\/\\\/ljcreate.com\\\/es\\\/automotive-technology\\\/hybrid-vehicle-systems-panel-trainer\\\/#breadcrumb\",\"itemListElement\":[{\"@type\":\"ListItem\",\"position\":1,\"name\":\"Home\",\"item\":\"https:\\\/\\\/ljcreate.com\\\/es\\\/\"},{\"@type\":\"ListItem\",\"position\":2,\"name\":\"Productos\",\"item\":\"https:\\\/\\\/ljcreate.com\\\/es\\\/shop\\\/\"},{\"@type\":\"ListItem\",\"position\":3,\"name\":\"Automotive Technology\",\"item\":\"https:\\\/\\\/ljcreate.com\\\/uk\\\/product-category\\\/automotive-technology\\\/\"},{\"@type\":\"ListItem\",\"position\":4,\"name\":\"Entrenador de paneles de sistemas de veh\u00edculos h\u00edbridos\"}]},{\"@type\":\"WebSite\",\"@id\":\"https:\\\/\\\/ljcreate.com\\\/es\\\/#website\",\"url\":\"https:\\\/\\\/ljcreate.com\\\/es\\\/\",\"name\":\"LJ Create\",\"description\":\"Innovate, Inspire, and Engage\",\"publisher\":{\"@id\":\"https:\\\/\\\/ljcreate.com\\\/es\\\/#organization\"},\"alternateName\":\"Creative Learning (Norwich) Limited\",\"potentialAction\":[{\"@type\":\"SearchAction\",\"target\":{\"@type\":\"EntryPoint\",\"urlTemplate\":\"https:\\\/\\\/ljcreate.com\\\/es\\\/?s={search_term_string}\"},\"query-input\":{\"@type\":\"PropertyValueSpecification\",\"valueRequired\":true,\"valueName\":\"search_term_string\"}}],\"inLanguage\":\"es\"},{\"@type\":\"Organization\",\"@id\":\"https:\\\/\\\/ljcreate.com\\\/es\\\/#organization\",\"name\":\"LJ Create\",\"url\":\"https:\\\/\\\/ljcreate.com\\\/es\\\/\",\"logo\":{\"@type\":\"ImageObject\",\"inLanguage\":\"es\",\"@id\":\"https:\\\/\\\/ljcreate.com\\\/es\\\/#\\\/schema\\\/logo\\\/image\\\/\",\"url\":\"https:\\\/\\\/ljcreate.com\\\/wp-content\\\/uploads\\\/2021\\\/07\\\/logo.svg\",\"contentUrl\":\"https:\\\/\\\/ljcreate.com\\\/wp-content\\\/uploads\\\/2021\\\/07\\\/logo.svg\",\"width\":\"1024\",\"height\":\"1024\",\"caption\":\"LJ Create\"},\"image\":{\"@id\":\"https:\\\/\\\/ljcreate.com\\\/es\\\/#\\\/schema\\\/logo\\\/image\\\/\"}}]}<\/script>\n<!-- \/ Yoast SEO plugin. -->","yoast_head_json":{"title":"Entrenador de paneles de sistemas de veh\u00edculos h\u00edbridos | LJ Create","description":"El entrenador de panel de sistemas de veh\u00edculos h\u00edbridos permite a los estudiantes demostrar, investigar y encontrar fallas en una simulaci\u00f3n del sistema el\u00e9ctrico de un veh\u00edculo h\u00edbrido.","robots":{"index":"index","follow":"follow","max-snippet":"max-snippet:-1","max-image-preview":"max-image-preview:large","max-video-preview":"max-video-preview:-1"},"canonical":"https:\/\/ljcreate.com\/es\/automotive-technology\/hybrid-vehicle-systems-panel-trainer\/","og_locale":"es_ES","og_type":"article","og_title":"Entrenador de paneles de sistemas de veh\u00edculos h\u00edbridos | LJ Create","og_description":"El entrenador de panel de sistemas de veh\u00edculos h\u00edbridos permite a los estudiantes demostrar, investigar y encontrar fallas en una simulaci\u00f3n del sistema el\u00e9ctrico de un veh\u00edculo h\u00edbrido.","og_url":"https:\/\/ljcreate.com\/es\/automotive-technology\/hybrid-vehicle-systems-panel-trainer\/","og_site_name":"LJ Create","article_modified_time":"2023-10-09T12:42:24+00:00","og_image":[{"width":1080,"height":529,"url":"https:\/\/ljcreate.com\/wp-content\/uploads\/2021\/08\/hybridVehiclePanelTrainer.webp","type":"image\/webp"}],"twitter_card":"summary_large_image","twitter_misc":{"Tiempo de lectura":"1 minuto"},"schema":{"@context":"https:\/\/schema.org","@graph":[{"@type":"WebPage","@id":"https:\/\/ljcreate.com\/es\/automotive-technology\/hybrid-vehicle-systems-panel-trainer\/","url":"https:\/\/ljcreate.com\/es\/automotive-technology\/hybrid-vehicle-systems-panel-trainer\/","name":"Entrenador de paneles de sistemas de veh\u00edculos h\u00edbridos | LJ Create","isPartOf":{"@id":"https:\/\/ljcreate.com\/es\/#website"},"primaryImageOfPage":{"@id":"https:\/\/ljcreate.com\/es\/automotive-technology\/hybrid-vehicle-systems-panel-trainer\/#primaryimage"},"image":{"@id":"https:\/\/ljcreate.com\/es\/automotive-technology\/hybrid-vehicle-systems-panel-trainer\/#primaryimage"},"thumbnailUrl":"https:\/\/ljcreate.com\/wp-content\/uploads\/2021\/08\/hybridVehiclePanelTrainer.webp","datePublished":"2021-08-24T11:56:09+00:00","dateModified":"2023-10-09T12:42:24+00:00","description":"El entrenador de panel de sistemas de veh\u00edculos h\u00edbridos permite a los estudiantes demostrar, investigar y encontrar fallas en una simulaci\u00f3n del sistema el\u00e9ctrico de un veh\u00edculo h\u00edbrido.","breadcrumb":{"@id":"https:\/\/ljcreate.com\/es\/automotive-technology\/hybrid-vehicle-systems-panel-trainer\/#breadcrumb"},"inLanguage":"es","potentialAction":[{"@type":"ReadAction","target":["https:\/\/ljcreate.com\/es\/automotive-technology\/hybrid-vehicle-systems-panel-trainer\/"]}]},{"@type":"ImageObject","inLanguage":"es","@id":"https:\/\/ljcreate.com\/es\/automotive-technology\/hybrid-vehicle-systems-panel-trainer\/#primaryimage","url":"https:\/\/ljcreate.com\/wp-content\/uploads\/2021\/08\/hybridVehiclePanelTrainer.webp","contentUrl":"https:\/\/ljcreate.com\/wp-content\/uploads\/2021\/08\/hybridVehiclePanelTrainer.webp","width":1080,"height":529,"caption":"Hybrid Vehicle Panel Trainer"},{"@type":"BreadcrumbList","@id":"https:\/\/ljcreate.com\/es\/automotive-technology\/hybrid-vehicle-systems-panel-trainer\/#breadcrumb","itemListElement":[{"@type":"ListItem","position":1,"name":"Home","item":"https:\/\/ljcreate.com\/es\/"},{"@type":"ListItem","position":2,"name":"Productos","item":"https:\/\/ljcreate.com\/es\/shop\/"},{"@type":"ListItem","position":3,"name":"Automotive Technology","item":"https:\/\/ljcreate.com\/uk\/product-category\/automotive-technology\/"},{"@type":"ListItem","position":4,"name":"Entrenador de paneles de sistemas de veh\u00edculos h\u00edbridos"}]},{"@type":"WebSite","@id":"https:\/\/ljcreate.com\/es\/#website","url":"https:\/\/ljcreate.com\/es\/","name":"LJ Create","description":"Innovate, Inspire, and Engage","publisher":{"@id":"https:\/\/ljcreate.com\/es\/#organization"},"alternateName":"Creative Learning (Norwich) Limited","potentialAction":[{"@type":"SearchAction","target":{"@type":"EntryPoint","urlTemplate":"https:\/\/ljcreate.com\/es\/?s={search_term_string}"},"query-input":{"@type":"PropertyValueSpecification","valueRequired":true,"valueName":"search_term_string"}}],"inLanguage":"es"},{"@type":"Organization","@id":"https:\/\/ljcreate.com\/es\/#organization","name":"LJ Create","url":"https:\/\/ljcreate.com\/es\/","logo":{"@type":"ImageObject","inLanguage":"es","@id":"https:\/\/ljcreate.com\/es\/#\/schema\/logo\/image\/","url":"https:\/\/ljcreate.com\/wp-content\/uploads\/2021\/07\/logo.svg","contentUrl":"https:\/\/ljcreate.com\/wp-content\/uploads\/2021\/07\/logo.svg","width":"1024","height":"1024","caption":"LJ Create"},"image":{"@id":"https:\/\/ljcreate.com\/es\/#\/schema\/logo\/image\/"}}]}},"_links":{"self":[{"href":"https:\/\/ljcreate.com\/es\/wp-json\/wp\/v2\/product\/26895","targetHints":{"allow":["GET"]}}],"collection":[{"href":"https:\/\/ljcreate.com\/es\/wp-json\/wp\/v2\/product"}],"about":[{"href":"https:\/\/ljcreate.com\/es\/wp-json\/wp\/v2\/types\/product"}],"wp:featuredmedia":[{"embeddable":true,"href":"https:\/\/ljcreate.com\/es\/wp-json\/wp\/v2\/media\/31495"}],"wp:attachment":[{"href":"https:\/\/ljcreate.com\/es\/wp-json\/wp\/v2\/media?parent=26895"}],"wp:term":[{"taxonomy":"product_brand","embeddable":true,"href":"https:\/\/ljcreate.com\/es\/wp-json\/wp\/v2\/product_brand?post=26895"},{"taxonomy":"product_cat","embeddable":true,"href":"https:\/\/ljcreate.com\/es\/wp-json\/wp\/v2\/product_cat?post=26895"},{"taxonomy":"product_tag","embeddable":true,"href":"https:\/\/ljcreate.com\/es\/wp-json\/wp\/v2\/product_tag?post=26895"}],"curies":[{"name":"wp","href":"https:\/\/api.w.org\/{rel}","templated":true}]}}