{"id":26890,"date":"2021-08-24T06:58:49","date_gmt":"2021-08-24T11:58:49","guid":{"rendered":"https:\/\/alpha.ljcreate.com\/product\/sin%20categor\u00eda\/electronic-circuits-trainer-teaching-set-24-students-includes-12-x-450-02-4-x-450-05-and-1-x-450-10-03-and-04\/"},"modified":"2023-07-06T14:18:43","modified_gmt":"2023-07-06T13:18:43","slug":"electronic-circuits-trainer-teaching-set","status":"publish","type":"product","link":"https:\/\/ljcreate.com\/es\/engineering\/electronic-circuits-trainer-teaching-set\/","title":{"rendered":"Conjunto de ense\u00f1anza de entrenador de circuitos electr\u00f3nicos"},"content":{"rendered":"<p>El equipo incluido en el Conjunto de ense\u00f1anza de entrenador de circuitos electr\u00f3nicos (450-00) convertir\u00e1 r\u00e1pidamente cualquier aula en un laboratorio de electr\u00f3nica.<\/p>\n<h5>Las actividades pr\u00e1cticas t\u00edpicas incluyen:<\/h5>\n<ul>\n<li>Identificaci\u00f3n de componentes<\/li>\n<li>Construcci\u00f3n de circuitos en una variedad de sistemas de creaci\u00f3n de prototipos<\/li>\n<li>Funci\u00f3n del subsistema, funci\u00f3n del componente y operaci\u00f3n del circuito<\/li>\n<li>Leer s\u00edmbolos de componentes e interpretar diagramas de circuitos<\/li>\n<li>Se\u00f1ales DC y AC<\/li>\n<li>Sistemas anal\u00f3gicos y digitales<\/li>\n<li>Uso de equipo de prueba<\/li>\n<li>Prueba de circuito y b\u00fasqueda de fallas<\/li>\n<\/ul>\n","protected":false},"excerpt":{"rendered":"<p>El equipo incluido en el Conjunto de ense\u00f1anza de entrenador de circuitos electr\u00f3nicos (450-00) convertir\u00e1 r\u00e1pidamente cualquier aula en un laboratorio de electr\u00f3nica. Las actividades pr\u00e1cticas t\u00edpicas incluyen: Identificaci\u00f3n de componentes Construcci\u00f3n de circuitos en una variedad de sistemas de creaci\u00f3n de prototipos Funci\u00f3n del subsistema, funci\u00f3n del componente y operaci\u00f3n del circuito Leer s\u00edmbolos&hellip;<\/p>\n","protected":false},"featured_media":29176,"template":"","meta":{"_acf_changed":false,"inline_featured_image":false},"product_brand":[],"product_cat":[138,143,57,96],"product_tag":[],"class_list":{"0":"post-26890","1":"product","2":"type-product","3":"status-publish","4":"has-post-thumbnail","6":"product_cat-engineering-es","7":"product_cat-equipo-de-ingenieria-central-paquetes-de-clase","8":"product_cat-stem-career-exploration","9":"product_cat-design-and-technology-equipment-class-packs","11":"first","12":"instock","13":"shipping-taxable","14":"product-type-simple"},"acf":[],"yoast_head":"<!-- This site is optimized with the Yoast SEO plugin v27.3 - https:\/\/yoast.com\/product\/yoast-seo-wordpress\/ -->\n<title>Conjunto de ense\u00f1anza de entrenador de circuitos electr\u00f3nicos | LJ Create<\/title>\n<meta name=\"robots\" content=\"index, follow, max-snippet:-1, max-image-preview:large, max-video-preview:-1\" \/>\n<link rel=\"canonical\" href=\"https:\/\/ljcreate.com\/es\/engineering\/electronic-circuits-trainer-teaching-set\/\" \/>\n<meta property=\"og:locale\" content=\"es_ES\" \/>\n<meta property=\"og:type\" content=\"article\" \/>\n<meta property=\"og:title\" content=\"Conjunto de ense\u00f1anza de entrenador de circuitos electr\u00f3nicos | LJ Create\" \/>\n<meta property=\"og:description\" content=\"El equipo incluido en el Conjunto de ense\u00f1anza de entrenador de circuitos electr\u00f3nicos (450-00) convertir\u00e1 r\u00e1pidamente cualquier aula en un laboratorio de electr\u00f3nica. Las actividades pr\u00e1cticas t\u00edpicas incluyen: Identificaci\u00f3n de componentes Construcci\u00f3n de circuitos en una variedad de sistemas de creaci\u00f3n de prototipos Funci\u00f3n del subsistema, funci\u00f3n del componente y operaci\u00f3n del circuito Leer s\u00edmbolos&hellip;\" \/>\n<meta property=\"og:url\" content=\"https:\/\/ljcreate.com\/es\/engineering\/electronic-circuits-trainer-teaching-set\/\" \/>\n<meta property=\"og:site_name\" content=\"LJ Create\" \/>\n<meta property=\"article:modified_time\" content=\"2023-07-06T13:18:43+00:00\" \/>\n<meta property=\"og:image\" content=\"https:\/\/ljcreate.com\/wp-content\/uploads\/2021\/08\/450-00_Main-2.jpg\" \/>\n\t<meta property=\"og:image:width\" content=\"1800\" \/>\n\t<meta property=\"og:image:height\" content=\"881\" \/>\n\t<meta property=\"og:image:type\" content=\"image\/jpeg\" \/>\n<meta name=\"twitter:card\" content=\"summary_large_image\" \/>\n<meta name=\"twitter:label1\" content=\"Tiempo de lectura\" \/>\n\t<meta name=\"twitter:data1\" content=\"1 minuto\" \/>\n<script type=\"application\/ld+json\" class=\"yoast-schema-graph\">{\"@context\":\"https:\\\/\\\/schema.org\",\"@graph\":[{\"@type\":\"WebPage\",\"@id\":\"https:\\\/\\\/ljcreate.com\\\/es\\\/engineering\\\/electronic-circuits-trainer-teaching-set\\\/\",\"url\":\"https:\\\/\\\/ljcreate.com\\\/es\\\/engineering\\\/electronic-circuits-trainer-teaching-set\\\/\",\"name\":\"Conjunto de ense\u00f1anza de entrenador de circuitos electr\u00f3nicos | LJ Create\",\"isPartOf\":{\"@id\":\"https:\\\/\\\/ljcreate.com\\\/es\\\/#website\"},\"primaryImageOfPage\":{\"@id\":\"https:\\\/\\\/ljcreate.com\\\/es\\\/engineering\\\/electronic-circuits-trainer-teaching-set\\\/#primaryimage\"},\"image\":{\"@id\":\"https:\\\/\\\/ljcreate.com\\\/es\\\/engineering\\\/electronic-circuits-trainer-teaching-set\\\/#primaryimage\"},\"thumbnailUrl\":\"https:\\\/\\\/ljcreate.com\\\/wp-content\\\/uploads\\\/2021\\\/08\\\/450-00_Main-2.jpg\",\"datePublished\":\"2021-08-24T11:58:49+00:00\",\"dateModified\":\"2023-07-06T13:18:43+00:00\",\"breadcrumb\":{\"@id\":\"https:\\\/\\\/ljcreate.com\\\/es\\\/engineering\\\/electronic-circuits-trainer-teaching-set\\\/#breadcrumb\"},\"inLanguage\":\"es\",\"potentialAction\":[{\"@type\":\"ReadAction\",\"target\":[\"https:\\\/\\\/ljcreate.com\\\/es\\\/engineering\\\/electronic-circuits-trainer-teaching-set\\\/\"]}]},{\"@type\":\"ImageObject\",\"inLanguage\":\"es\",\"@id\":\"https:\\\/\\\/ljcreate.com\\\/es\\\/engineering\\\/electronic-circuits-trainer-teaching-set\\\/#primaryimage\",\"url\":\"https:\\\/\\\/ljcreate.com\\\/wp-content\\\/uploads\\\/2021\\\/08\\\/450-00_Main-2.jpg\",\"contentUrl\":\"https:\\\/\\\/ljcreate.com\\\/wp-content\\\/uploads\\\/2021\\\/08\\\/450-00_Main-2.jpg\",\"width\":1800,\"height\":881,\"caption\":\"Conjunto de ense\u00f1anza de entrenador de circuitos electr\u00f3nicos\"},{\"@type\":\"BreadcrumbList\",\"@id\":\"https:\\\/\\\/ljcreate.com\\\/es\\\/engineering\\\/electronic-circuits-trainer-teaching-set\\\/#breadcrumb\",\"itemListElement\":[{\"@type\":\"ListItem\",\"position\":1,\"name\":\"Home\",\"item\":\"https:\\\/\\\/ljcreate.com\\\/es\\\/\"},{\"@type\":\"ListItem\",\"position\":2,\"name\":\"Productos\",\"item\":\"https:\\\/\\\/ljcreate.com\\\/es\\\/shop\\\/\"},{\"@type\":\"ListItem\",\"position\":3,\"name\":\"STEM\\\/Career Exploration\",\"item\":\"https:\\\/\\\/ljcreate.com\\\/product-category\\\/stem-career-exploration\\\/\"},{\"@type\":\"ListItem\",\"position\":4,\"name\":\"Conjunto de ense\u00f1anza de entrenador de circuitos electr\u00f3nicos\"}]},{\"@type\":\"WebSite\",\"@id\":\"https:\\\/\\\/ljcreate.com\\\/es\\\/#website\",\"url\":\"https:\\\/\\\/ljcreate.com\\\/es\\\/\",\"name\":\"LJ Create\",\"description\":\"Innovate, Inspire, and Engage\",\"publisher\":{\"@id\":\"https:\\\/\\\/ljcreate.com\\\/es\\\/#organization\"},\"alternateName\":\"Creative Learning (Norwich) Limited\",\"potentialAction\":[{\"@type\":\"SearchAction\",\"target\":{\"@type\":\"EntryPoint\",\"urlTemplate\":\"https:\\\/\\\/ljcreate.com\\\/es\\\/?s={search_term_string}\"},\"query-input\":{\"@type\":\"PropertyValueSpecification\",\"valueRequired\":true,\"valueName\":\"search_term_string\"}}],\"inLanguage\":\"es\"},{\"@type\":\"Organization\",\"@id\":\"https:\\\/\\\/ljcreate.com\\\/es\\\/#organization\",\"name\":\"LJ Create\",\"url\":\"https:\\\/\\\/ljcreate.com\\\/es\\\/\",\"logo\":{\"@type\":\"ImageObject\",\"inLanguage\":\"es\",\"@id\":\"https:\\\/\\\/ljcreate.com\\\/es\\\/#\\\/schema\\\/logo\\\/image\\\/\",\"url\":\"https:\\\/\\\/ljcreate.com\\\/wp-content\\\/uploads\\\/2021\\\/07\\\/logo.svg\",\"contentUrl\":\"https:\\\/\\\/ljcreate.com\\\/wp-content\\\/uploads\\\/2021\\\/07\\\/logo.svg\",\"width\":\"1024\",\"height\":\"1024\",\"caption\":\"LJ Create\"},\"image\":{\"@id\":\"https:\\\/\\\/ljcreate.com\\\/es\\\/#\\\/schema\\\/logo\\\/image\\\/\"}}]}<\/script>\n<!-- \/ Yoast SEO plugin. -->","yoast_head_json":{"title":"Conjunto de ense\u00f1anza de entrenador de circuitos electr\u00f3nicos | LJ Create","robots":{"index":"index","follow":"follow","max-snippet":"max-snippet:-1","max-image-preview":"max-image-preview:large","max-video-preview":"max-video-preview:-1"},"canonical":"https:\/\/ljcreate.com\/es\/engineering\/electronic-circuits-trainer-teaching-set\/","og_locale":"es_ES","og_type":"article","og_title":"Conjunto de ense\u00f1anza de entrenador de circuitos electr\u00f3nicos | LJ Create","og_description":"El equipo incluido en el Conjunto de ense\u00f1anza de entrenador de circuitos electr\u00f3nicos (450-00) convertir\u00e1 r\u00e1pidamente cualquier aula en un laboratorio de electr\u00f3nica. Las actividades pr\u00e1cticas t\u00edpicas incluyen: Identificaci\u00f3n de componentes Construcci\u00f3n de circuitos en una variedad de sistemas de creaci\u00f3n de prototipos Funci\u00f3n del subsistema, funci\u00f3n del componente y operaci\u00f3n del circuito Leer s\u00edmbolos&hellip;","og_url":"https:\/\/ljcreate.com\/es\/engineering\/electronic-circuits-trainer-teaching-set\/","og_site_name":"LJ Create","article_modified_time":"2023-07-06T13:18:43+00:00","og_image":[{"width":1800,"height":881,"url":"https:\/\/ljcreate.com\/wp-content\/uploads\/2021\/08\/450-00_Main-2.jpg","type":"image\/jpeg"}],"twitter_card":"summary_large_image","twitter_misc":{"Tiempo de lectura":"1 minuto"},"schema":{"@context":"https:\/\/schema.org","@graph":[{"@type":"WebPage","@id":"https:\/\/ljcreate.com\/es\/engineering\/electronic-circuits-trainer-teaching-set\/","url":"https:\/\/ljcreate.com\/es\/engineering\/electronic-circuits-trainer-teaching-set\/","name":"Conjunto de ense\u00f1anza de entrenador de circuitos electr\u00f3nicos | LJ Create","isPartOf":{"@id":"https:\/\/ljcreate.com\/es\/#website"},"primaryImageOfPage":{"@id":"https:\/\/ljcreate.com\/es\/engineering\/electronic-circuits-trainer-teaching-set\/#primaryimage"},"image":{"@id":"https:\/\/ljcreate.com\/es\/engineering\/electronic-circuits-trainer-teaching-set\/#primaryimage"},"thumbnailUrl":"https:\/\/ljcreate.com\/wp-content\/uploads\/2021\/08\/450-00_Main-2.jpg","datePublished":"2021-08-24T11:58:49+00:00","dateModified":"2023-07-06T13:18:43+00:00","breadcrumb":{"@id":"https:\/\/ljcreate.com\/es\/engineering\/electronic-circuits-trainer-teaching-set\/#breadcrumb"},"inLanguage":"es","potentialAction":[{"@type":"ReadAction","target":["https:\/\/ljcreate.com\/es\/engineering\/electronic-circuits-trainer-teaching-set\/"]}]},{"@type":"ImageObject","inLanguage":"es","@id":"https:\/\/ljcreate.com\/es\/engineering\/electronic-circuits-trainer-teaching-set\/#primaryimage","url":"https:\/\/ljcreate.com\/wp-content\/uploads\/2021\/08\/450-00_Main-2.jpg","contentUrl":"https:\/\/ljcreate.com\/wp-content\/uploads\/2021\/08\/450-00_Main-2.jpg","width":1800,"height":881,"caption":"Conjunto de ense\u00f1anza de entrenador de circuitos electr\u00f3nicos"},{"@type":"BreadcrumbList","@id":"https:\/\/ljcreate.com\/es\/engineering\/electronic-circuits-trainer-teaching-set\/#breadcrumb","itemListElement":[{"@type":"ListItem","position":1,"name":"Home","item":"https:\/\/ljcreate.com\/es\/"},{"@type":"ListItem","position":2,"name":"Productos","item":"https:\/\/ljcreate.com\/es\/shop\/"},{"@type":"ListItem","position":3,"name":"STEM\/Career Exploration","item":"https:\/\/ljcreate.com\/product-category\/stem-career-exploration\/"},{"@type":"ListItem","position":4,"name":"Conjunto de ense\u00f1anza de entrenador de circuitos electr\u00f3nicos"}]},{"@type":"WebSite","@id":"https:\/\/ljcreate.com\/es\/#website","url":"https:\/\/ljcreate.com\/es\/","name":"LJ Create","description":"Innovate, Inspire, and Engage","publisher":{"@id":"https:\/\/ljcreate.com\/es\/#organization"},"alternateName":"Creative Learning (Norwich) Limited","potentialAction":[{"@type":"SearchAction","target":{"@type":"EntryPoint","urlTemplate":"https:\/\/ljcreate.com\/es\/?s={search_term_string}"},"query-input":{"@type":"PropertyValueSpecification","valueRequired":true,"valueName":"search_term_string"}}],"inLanguage":"es"},{"@type":"Organization","@id":"https:\/\/ljcreate.com\/es\/#organization","name":"LJ Create","url":"https:\/\/ljcreate.com\/es\/","logo":{"@type":"ImageObject","inLanguage":"es","@id":"https:\/\/ljcreate.com\/es\/#\/schema\/logo\/image\/","url":"https:\/\/ljcreate.com\/wp-content\/uploads\/2021\/07\/logo.svg","contentUrl":"https:\/\/ljcreate.com\/wp-content\/uploads\/2021\/07\/logo.svg","width":"1024","height":"1024","caption":"LJ Create"},"image":{"@id":"https:\/\/ljcreate.com\/es\/#\/schema\/logo\/image\/"}}]}},"_links":{"self":[{"href":"https:\/\/ljcreate.com\/es\/wp-json\/wp\/v2\/product\/26890","targetHints":{"allow":["GET"]}}],"collection":[{"href":"https:\/\/ljcreate.com\/es\/wp-json\/wp\/v2\/product"}],"about":[{"href":"https:\/\/ljcreate.com\/es\/wp-json\/wp\/v2\/types\/product"}],"wp:featuredmedia":[{"embeddable":true,"href":"https:\/\/ljcreate.com\/es\/wp-json\/wp\/v2\/media\/29176"}],"wp:attachment":[{"href":"https:\/\/ljcreate.com\/es\/wp-json\/wp\/v2\/media?parent=26890"}],"wp:term":[{"taxonomy":"product_brand","embeddable":true,"href":"https:\/\/ljcreate.com\/es\/wp-json\/wp\/v2\/product_brand?post=26890"},{"taxonomy":"product_cat","embeddable":true,"href":"https:\/\/ljcreate.com\/es\/wp-json\/wp\/v2\/product_cat?post=26890"},{"taxonomy":"product_tag","embeddable":true,"href":"https:\/\/ljcreate.com\/es\/wp-json\/wp\/v2\/product_tag?post=26890"}],"curies":[{"name":"wp","href":"https:\/\/api.w.org\/{rel}","templated":true}]}}