{"id":26881,"date":"2021-08-24T07:24:57","date_gmt":"2021-08-24T12:24:57","guid":{"rendered":"https:\/\/alpha.ljcreate.com\/product\/sin%20categor\u00eda\/steering-and-suspension-system-trainer\/"},"modified":"2023-07-07T13:21:57","modified_gmt":"2023-07-07T12:21:57","slug":"steering-and-suspension-system-trainer","status":"publish","type":"product","link":"https:\/\/ljcreate.com\/es\/automotive-technology\/steering-and-suspension-system-trainer\/","title":{"rendered":"Entrenador de sistemas de direcci\u00f3n y suspensi\u00f3n"},"content":{"rendered":"<p>El Entrenador de sistemas de direcci\u00f3n y suspensi\u00f3n (764-01) incluye todos los componentes individuales del sistema presentados en un marco de acero m\u00f3vil para que cada componente pueda identificarse claramente.<\/p>\n<p>El sistema comprende conjuntos de ruedas delanteras, montantes MacPherson y conjuntos de muelles helicoidales, ruedas de carretera y cremallera de direcci\u00f3n asistida.<\/p>\n<h5>El formador ofrece las siguientes demostraciones pr\u00e1cticas:<\/h5>\n<ul>\n<li>Presentar el entrenador del sistema de direcci\u00f3n y suspensi\u00f3n<\/li>\n<li>Desarmar, inspeccionar y volver a montar el engranaje de direcci\u00f3n de pi\u00f1\u00f3n y cremallera<\/li>\n<li>Inspeccione y reemplace los extremos de la barra de direcci\u00f3n interior y las polainas del engranaje de direcci\u00f3n de pi\u00f1\u00f3n y cremallera manual o el\u00e9ctrico<\/li>\n<li>Inspeccione los niveles y el estado del l\u00edquido de la direcci\u00f3n asistida.<\/li>\n<li>Diagnosticar fugas de l\u00edquido de direcci\u00f3n asistida<\/li>\n<li>Retire, inspeccione y reemplace la bomba de direcci\u00f3n asistida, los soportes, los sellos, la correa de la bomba, la polea de la bomba y la correa de la bomba<\/li>\n<li>Inspeccione, reemplace y ajuste los extremos de la barra de la cadena, los manguitos de la barra de la cadena y las abrazaderas<\/li>\n<li>Retire, inspeccione e instale horquillas superiores e inferiores, casquillos, ejes y parachoques de rebote<\/li>\n<li>Retire, inspeccione e instale los conjuntos de portador de cubo<\/li>\n<li>Inspeccione, retire y reemplace los amortiguadores<\/li>\n<\/ul>\n","protected":false},"excerpt":{"rendered":"<p>El Entrenador de sistemas de direcci\u00f3n y suspensi\u00f3n (764-01) incluye todos los componentes individuales del sistema presentados en un marco de acero m\u00f3vil para que cada componente pueda identificarse claramente. El sistema comprende conjuntos de ruedas delanteras, montantes MacPherson y conjuntos de muelles helicoidales, ruedas de carretera y cremallera de direcci\u00f3n asistida. El formador ofrece&hellip;<\/p>\n","protected":false},"featured_media":58397,"template":"","meta":{"_acf_changed":false,"inline_featured_image":false},"product_brand":[],"product_cat":[59,111,77,128,132,135],"product_tag":[],"class_list":{"0":"post-26881","1":"product","2":"type-product","3":"status-publish","4":"has-post-thumbnail","6":"product_cat-automotive-technology","7":"product_cat-automotive-system-and-component-rigs","8":"product_cat-automotive-technology-uk","9":"product_cat-automotive-system-and-component-rigs-uk","10":"product_cat-automotive-technology-es","11":"product_cat-automotive-system-and-component-rigs-es","13":"first","14":"instock","15":"shipping-taxable","16":"product-type-simple"},"acf":[],"yoast_head":"<!-- This site is optimized with the Yoast SEO plugin v27.3 - https:\/\/yoast.com\/product\/yoast-seo-wordpress\/ -->\n<title>Entrenador de sistemas de direcci\u00f3n y suspensi\u00f3n | LJ Create<\/title>\n<meta name=\"robots\" content=\"index, follow, max-snippet:-1, max-image-preview:large, max-video-preview:-1\" \/>\n<link rel=\"canonical\" href=\"https:\/\/ljcreate.com\/es\/automotive-technology\/steering-and-suspension-system-trainer\/\" \/>\n<meta property=\"og:locale\" content=\"es_ES\" \/>\n<meta property=\"og:type\" content=\"article\" \/>\n<meta property=\"og:title\" content=\"Entrenador de sistemas de direcci\u00f3n y suspensi\u00f3n | LJ Create\" \/>\n<meta property=\"og:description\" content=\"El Entrenador de sistemas de direcci\u00f3n y suspensi\u00f3n (764-01) incluye todos los componentes individuales del sistema presentados en un marco de acero m\u00f3vil para que cada componente pueda identificarse claramente. El sistema comprende conjuntos de ruedas delanteras, montantes MacPherson y conjuntos de muelles helicoidales, ruedas de carretera y cremallera de direcci\u00f3n asistida. El formador ofrece&hellip;\" \/>\n<meta property=\"og:url\" content=\"https:\/\/ljcreate.com\/es\/automotive-technology\/steering-and-suspension-system-trainer\/\" \/>\n<meta property=\"og:site_name\" content=\"LJ Create\" \/>\n<meta property=\"article:modified_time\" content=\"2023-07-07T12:21:57+00:00\" \/>\n<meta property=\"og:image\" content=\"https:\/\/ljcreate.com\/wp-content\/uploads\/2021\/08\/steeringAndSuspensionSystemTrainer.webp\" \/>\n\t<meta property=\"og:image:width\" content=\"1080\" \/>\n\t<meta property=\"og:image:height\" content=\"529\" \/>\n\t<meta property=\"og:image:type\" content=\"image\/webp\" \/>\n<meta name=\"twitter:card\" content=\"summary_large_image\" \/>\n<meta name=\"twitter:label1\" content=\"Tiempo de lectura\" \/>\n\t<meta name=\"twitter:data1\" content=\"1 minuto\" \/>\n<script type=\"application\/ld+json\" class=\"yoast-schema-graph\">{\"@context\":\"https:\\\/\\\/schema.org\",\"@graph\":[{\"@type\":\"WebPage\",\"@id\":\"https:\\\/\\\/ljcreate.com\\\/es\\\/automotive-technology\\\/steering-and-suspension-system-trainer\\\/\",\"url\":\"https:\\\/\\\/ljcreate.com\\\/es\\\/automotive-technology\\\/steering-and-suspension-system-trainer\\\/\",\"name\":\"Entrenador de sistemas de direcci\u00f3n y suspensi\u00f3n | LJ Create\",\"isPartOf\":{\"@id\":\"https:\\\/\\\/ljcreate.com\\\/es\\\/#website\"},\"primaryImageOfPage\":{\"@id\":\"https:\\\/\\\/ljcreate.com\\\/es\\\/automotive-technology\\\/steering-and-suspension-system-trainer\\\/#primaryimage\"},\"image\":{\"@id\":\"https:\\\/\\\/ljcreate.com\\\/es\\\/automotive-technology\\\/steering-and-suspension-system-trainer\\\/#primaryimage\"},\"thumbnailUrl\":\"https:\\\/\\\/ljcreate.com\\\/wp-content\\\/uploads\\\/2021\\\/08\\\/steeringAndSuspensionSystemTrainer.webp\",\"datePublished\":\"2021-08-24T12:24:57+00:00\",\"dateModified\":\"2023-07-07T12:21:57+00:00\",\"breadcrumb\":{\"@id\":\"https:\\\/\\\/ljcreate.com\\\/es\\\/automotive-technology\\\/steering-and-suspension-system-trainer\\\/#breadcrumb\"},\"inLanguage\":\"es\",\"potentialAction\":[{\"@type\":\"ReadAction\",\"target\":[\"https:\\\/\\\/ljcreate.com\\\/es\\\/automotive-technology\\\/steering-and-suspension-system-trainer\\\/\"]}]},{\"@type\":\"ImageObject\",\"inLanguage\":\"es\",\"@id\":\"https:\\\/\\\/ljcreate.com\\\/es\\\/automotive-technology\\\/steering-and-suspension-system-trainer\\\/#primaryimage\",\"url\":\"https:\\\/\\\/ljcreate.com\\\/wp-content\\\/uploads\\\/2021\\\/08\\\/steeringAndSuspensionSystemTrainer.webp\",\"contentUrl\":\"https:\\\/\\\/ljcreate.com\\\/wp-content\\\/uploads\\\/2021\\\/08\\\/steeringAndSuspensionSystemTrainer.webp\",\"width\":1080,\"height\":529,\"caption\":\"Steering and Suspension System Trainer\"},{\"@type\":\"BreadcrumbList\",\"@id\":\"https:\\\/\\\/ljcreate.com\\\/es\\\/automotive-technology\\\/steering-and-suspension-system-trainer\\\/#breadcrumb\",\"itemListElement\":[{\"@type\":\"ListItem\",\"position\":1,\"name\":\"Home\",\"item\":\"https:\\\/\\\/ljcreate.com\\\/es\\\/\"},{\"@type\":\"ListItem\",\"position\":2,\"name\":\"Productos\",\"item\":\"https:\\\/\\\/ljcreate.com\\\/es\\\/shop\\\/\"},{\"@type\":\"ListItem\",\"position\":3,\"name\":\"Automotive Technology\",\"item\":\"https:\\\/\\\/ljcreate.com\\\/uk\\\/product-category\\\/automotive-technology\\\/\"},{\"@type\":\"ListItem\",\"position\":4,\"name\":\"Entrenador de sistemas de direcci\u00f3n y suspensi\u00f3n\"}]},{\"@type\":\"WebSite\",\"@id\":\"https:\\\/\\\/ljcreate.com\\\/es\\\/#website\",\"url\":\"https:\\\/\\\/ljcreate.com\\\/es\\\/\",\"name\":\"LJ Create\",\"description\":\"Innovate, Inspire, and Engage\",\"publisher\":{\"@id\":\"https:\\\/\\\/ljcreate.com\\\/es\\\/#organization\"},\"alternateName\":\"Creative Learning (Norwich) Limited\",\"potentialAction\":[{\"@type\":\"SearchAction\",\"target\":{\"@type\":\"EntryPoint\",\"urlTemplate\":\"https:\\\/\\\/ljcreate.com\\\/es\\\/?s={search_term_string}\"},\"query-input\":{\"@type\":\"PropertyValueSpecification\",\"valueRequired\":true,\"valueName\":\"search_term_string\"}}],\"inLanguage\":\"es\"},{\"@type\":\"Organization\",\"@id\":\"https:\\\/\\\/ljcreate.com\\\/es\\\/#organization\",\"name\":\"LJ Create\",\"url\":\"https:\\\/\\\/ljcreate.com\\\/es\\\/\",\"logo\":{\"@type\":\"ImageObject\",\"inLanguage\":\"es\",\"@id\":\"https:\\\/\\\/ljcreate.com\\\/es\\\/#\\\/schema\\\/logo\\\/image\\\/\",\"url\":\"https:\\\/\\\/ljcreate.com\\\/wp-content\\\/uploads\\\/2021\\\/07\\\/logo.svg\",\"contentUrl\":\"https:\\\/\\\/ljcreate.com\\\/wp-content\\\/uploads\\\/2021\\\/07\\\/logo.svg\",\"width\":\"1024\",\"height\":\"1024\",\"caption\":\"LJ Create\"},\"image\":{\"@id\":\"https:\\\/\\\/ljcreate.com\\\/es\\\/#\\\/schema\\\/logo\\\/image\\\/\"}}]}<\/script>\n<!-- \/ Yoast SEO plugin. -->","yoast_head_json":{"title":"Entrenador de sistemas de direcci\u00f3n y suspensi\u00f3n | LJ Create","robots":{"index":"index","follow":"follow","max-snippet":"max-snippet:-1","max-image-preview":"max-image-preview:large","max-video-preview":"max-video-preview:-1"},"canonical":"https:\/\/ljcreate.com\/es\/automotive-technology\/steering-and-suspension-system-trainer\/","og_locale":"es_ES","og_type":"article","og_title":"Entrenador de sistemas de direcci\u00f3n y suspensi\u00f3n | LJ Create","og_description":"El Entrenador de sistemas de direcci\u00f3n y suspensi\u00f3n (764-01) incluye todos los componentes individuales del sistema presentados en un marco de acero m\u00f3vil para que cada componente pueda identificarse claramente. El sistema comprende conjuntos de ruedas delanteras, montantes MacPherson y conjuntos de muelles helicoidales, ruedas de carretera y cremallera de direcci\u00f3n asistida. El formador ofrece&hellip;","og_url":"https:\/\/ljcreate.com\/es\/automotive-technology\/steering-and-suspension-system-trainer\/","og_site_name":"LJ Create","article_modified_time":"2023-07-07T12:21:57+00:00","og_image":[{"width":1080,"height":529,"url":"https:\/\/ljcreate.com\/wp-content\/uploads\/2021\/08\/steeringAndSuspensionSystemTrainer.webp","type":"image\/webp"}],"twitter_card":"summary_large_image","twitter_misc":{"Tiempo de lectura":"1 minuto"},"schema":{"@context":"https:\/\/schema.org","@graph":[{"@type":"WebPage","@id":"https:\/\/ljcreate.com\/es\/automotive-technology\/steering-and-suspension-system-trainer\/","url":"https:\/\/ljcreate.com\/es\/automotive-technology\/steering-and-suspension-system-trainer\/","name":"Entrenador de sistemas de direcci\u00f3n y suspensi\u00f3n | LJ Create","isPartOf":{"@id":"https:\/\/ljcreate.com\/es\/#website"},"primaryImageOfPage":{"@id":"https:\/\/ljcreate.com\/es\/automotive-technology\/steering-and-suspension-system-trainer\/#primaryimage"},"image":{"@id":"https:\/\/ljcreate.com\/es\/automotive-technology\/steering-and-suspension-system-trainer\/#primaryimage"},"thumbnailUrl":"https:\/\/ljcreate.com\/wp-content\/uploads\/2021\/08\/steeringAndSuspensionSystemTrainer.webp","datePublished":"2021-08-24T12:24:57+00:00","dateModified":"2023-07-07T12:21:57+00:00","breadcrumb":{"@id":"https:\/\/ljcreate.com\/es\/automotive-technology\/steering-and-suspension-system-trainer\/#breadcrumb"},"inLanguage":"es","potentialAction":[{"@type":"ReadAction","target":["https:\/\/ljcreate.com\/es\/automotive-technology\/steering-and-suspension-system-trainer\/"]}]},{"@type":"ImageObject","inLanguage":"es","@id":"https:\/\/ljcreate.com\/es\/automotive-technology\/steering-and-suspension-system-trainer\/#primaryimage","url":"https:\/\/ljcreate.com\/wp-content\/uploads\/2021\/08\/steeringAndSuspensionSystemTrainer.webp","contentUrl":"https:\/\/ljcreate.com\/wp-content\/uploads\/2021\/08\/steeringAndSuspensionSystemTrainer.webp","width":1080,"height":529,"caption":"Steering and Suspension System Trainer"},{"@type":"BreadcrumbList","@id":"https:\/\/ljcreate.com\/es\/automotive-technology\/steering-and-suspension-system-trainer\/#breadcrumb","itemListElement":[{"@type":"ListItem","position":1,"name":"Home","item":"https:\/\/ljcreate.com\/es\/"},{"@type":"ListItem","position":2,"name":"Productos","item":"https:\/\/ljcreate.com\/es\/shop\/"},{"@type":"ListItem","position":3,"name":"Automotive Technology","item":"https:\/\/ljcreate.com\/uk\/product-category\/automotive-technology\/"},{"@type":"ListItem","position":4,"name":"Entrenador de sistemas de direcci\u00f3n y suspensi\u00f3n"}]},{"@type":"WebSite","@id":"https:\/\/ljcreate.com\/es\/#website","url":"https:\/\/ljcreate.com\/es\/","name":"LJ Create","description":"Innovate, Inspire, and Engage","publisher":{"@id":"https:\/\/ljcreate.com\/es\/#organization"},"alternateName":"Creative Learning (Norwich) Limited","potentialAction":[{"@type":"SearchAction","target":{"@type":"EntryPoint","urlTemplate":"https:\/\/ljcreate.com\/es\/?s={search_term_string}"},"query-input":{"@type":"PropertyValueSpecification","valueRequired":true,"valueName":"search_term_string"}}],"inLanguage":"es"},{"@type":"Organization","@id":"https:\/\/ljcreate.com\/es\/#organization","name":"LJ Create","url":"https:\/\/ljcreate.com\/es\/","logo":{"@type":"ImageObject","inLanguage":"es","@id":"https:\/\/ljcreate.com\/es\/#\/schema\/logo\/image\/","url":"https:\/\/ljcreate.com\/wp-content\/uploads\/2021\/07\/logo.svg","contentUrl":"https:\/\/ljcreate.com\/wp-content\/uploads\/2021\/07\/logo.svg","width":"1024","height":"1024","caption":"LJ Create"},"image":{"@id":"https:\/\/ljcreate.com\/es\/#\/schema\/logo\/image\/"}}]}},"_links":{"self":[{"href":"https:\/\/ljcreate.com\/es\/wp-json\/wp\/v2\/product\/26881","targetHints":{"allow":["GET"]}}],"collection":[{"href":"https:\/\/ljcreate.com\/es\/wp-json\/wp\/v2\/product"}],"about":[{"href":"https:\/\/ljcreate.com\/es\/wp-json\/wp\/v2\/types\/product"}],"wp:featuredmedia":[{"embeddable":true,"href":"https:\/\/ljcreate.com\/es\/wp-json\/wp\/v2\/media\/58397"}],"wp:attachment":[{"href":"https:\/\/ljcreate.com\/es\/wp-json\/wp\/v2\/media?parent=26881"}],"wp:term":[{"taxonomy":"product_brand","embeddable":true,"href":"https:\/\/ljcreate.com\/es\/wp-json\/wp\/v2\/product_brand?post=26881"},{"taxonomy":"product_cat","embeddable":true,"href":"https:\/\/ljcreate.com\/es\/wp-json\/wp\/v2\/product_cat?post=26881"},{"taxonomy":"product_tag","embeddable":true,"href":"https:\/\/ljcreate.com\/es\/wp-json\/wp\/v2\/product_tag?post=26881"}],"curies":[{"name":"wp","href":"https:\/\/api.w.org\/{rel}","templated":true}]}}