{"id":26880,"date":"2021-08-24T07:30:22","date_gmt":"2021-08-24T12:30:22","guid":{"rendered":"https:\/\/alpha.ljcreate.com\/product\/sin%20categor\u00eda\/steering-and-suspension-system-trainer-electric\/"},"modified":"2023-07-07T13:22:32","modified_gmt":"2023-07-07T12:22:32","slug":"steering-and-suspension-system-trainer-electric","status":"publish","type":"product","link":"https:\/\/ljcreate.com\/es\/automotive-technology\/steering-and-suspension-system-trainer-electric\/","title":{"rendered":"Entrenador del sistema de direcci\u00f3n y suspensi\u00f3n (el\u00e9ctrico)"},"content":{"rendered":"<p>El Entrenador del sistema de direcci\u00f3n y suspensi\u00f3n &#8211; el\u00e9ctrico (764-02) incluye todos los componentes individuales del sistema presentados en un marco de acero m\u00f3vil para que cada componente pueda identificarse claramente.<\/p>\n<p>El sistema se completa con subchasis, barra de torsi\u00f3n, horquillas, conjunto de buje delantero, columna de direcci\u00f3n, volante, cremallera de direcci\u00f3n asistida el\u00e9ctrica y ECU.<\/p>\n<p>Un panel de inserci\u00f3n de fallas permite insertar fallas espec\u00edficas en el cableado del entrenador sin da\u00f1ar el circuito.<\/p>\n","protected":false},"excerpt":{"rendered":"<p>El Entrenador del sistema de direcci\u00f3n y suspensi\u00f3n &#8211; el\u00e9ctrico (764-02) incluye todos los componentes individuales del sistema presentados en un marco de acero m\u00f3vil para que cada componente pueda identificarse claramente. El sistema se completa con subchasis, barra de torsi\u00f3n, horquillas, conjunto de buje delantero, columna de direcci\u00f3n, volante, cremallera de direcci\u00f3n asistida el\u00e9ctrica&hellip;<\/p>\n","protected":false},"featured_media":19929,"template":"","meta":{"_acf_changed":false,"inline_featured_image":false},"product_brand":[],"product_cat":[59,111,77,128,132,135],"product_tag":[],"class_list":{"0":"post-26880","1":"product","2":"type-product","3":"status-publish","4":"has-post-thumbnail","6":"product_cat-automotive-technology","7":"product_cat-automotive-system-and-component-rigs","8":"product_cat-automotive-technology-uk","9":"product_cat-automotive-system-and-component-rigs-uk","10":"product_cat-automotive-technology-es","11":"product_cat-automotive-system-and-component-rigs-es","13":"first","14":"instock","15":"shipping-taxable","16":"product-type-simple"},"acf":[],"yoast_head":"<!-- This site is optimized with the Yoast SEO plugin v27.3 - https:\/\/yoast.com\/product\/yoast-seo-wordpress\/ -->\n<title>Entrenador del sistema de direcci\u00f3n y suspensi\u00f3n (el\u00e9ctrico) | LJ Create<\/title>\n<meta name=\"robots\" content=\"index, follow, max-snippet:-1, max-image-preview:large, max-video-preview:-1\" \/>\n<link rel=\"canonical\" href=\"https:\/\/ljcreate.com\/es\/automotive-technology\/steering-and-suspension-system-trainer-electric\/\" \/>\n<meta property=\"og:locale\" content=\"es_ES\" \/>\n<meta property=\"og:type\" content=\"article\" \/>\n<meta property=\"og:title\" content=\"Entrenador del sistema de direcci\u00f3n y suspensi\u00f3n (el\u00e9ctrico) | LJ Create\" \/>\n<meta property=\"og:description\" content=\"El Entrenador del sistema de direcci\u00f3n y suspensi\u00f3n &#8211; el\u00e9ctrico (764-02) incluye todos los componentes individuales del sistema presentados en un marco de acero m\u00f3vil para que cada componente pueda identificarse claramente. El sistema se completa con subchasis, barra de torsi\u00f3n, horquillas, conjunto de buje delantero, columna de direcci\u00f3n, volante, cremallera de direcci\u00f3n asistida el\u00e9ctrica&hellip;\" \/>\n<meta property=\"og:url\" content=\"https:\/\/ljcreate.com\/es\/automotive-technology\/steering-and-suspension-system-trainer-electric\/\" \/>\n<meta property=\"og:site_name\" content=\"LJ Create\" \/>\n<meta property=\"article:modified_time\" content=\"2023-07-07T12:22:32+00:00\" \/>\n<meta property=\"og:image\" content=\"https:\/\/ljcreate.com\/wp-content\/uploads\/2021\/08\/764-02_Main.jpg\" \/>\n\t<meta property=\"og:image:width\" content=\"1800\" \/>\n\t<meta property=\"og:image:height\" content=\"881\" \/>\n\t<meta property=\"og:image:type\" content=\"image\/jpeg\" \/>\n<meta name=\"twitter:card\" content=\"summary_large_image\" \/>\n<meta name=\"twitter:label1\" content=\"Tiempo de lectura\" \/>\n\t<meta name=\"twitter:data1\" content=\"1 minuto\" \/>\n<script type=\"application\/ld+json\" class=\"yoast-schema-graph\">{\"@context\":\"https:\\\/\\\/schema.org\",\"@graph\":[{\"@type\":\"WebPage\",\"@id\":\"https:\\\/\\\/ljcreate.com\\\/es\\\/automotive-technology\\\/steering-and-suspension-system-trainer-electric\\\/\",\"url\":\"https:\\\/\\\/ljcreate.com\\\/es\\\/automotive-technology\\\/steering-and-suspension-system-trainer-electric\\\/\",\"name\":\"Entrenador del sistema de direcci\u00f3n y suspensi\u00f3n (el\u00e9ctrico) | LJ Create\",\"isPartOf\":{\"@id\":\"https:\\\/\\\/ljcreate.com\\\/es\\\/#website\"},\"primaryImageOfPage\":{\"@id\":\"https:\\\/\\\/ljcreate.com\\\/es\\\/automotive-technology\\\/steering-and-suspension-system-trainer-electric\\\/#primaryimage\"},\"image\":{\"@id\":\"https:\\\/\\\/ljcreate.com\\\/es\\\/automotive-technology\\\/steering-and-suspension-system-trainer-electric\\\/#primaryimage\"},\"thumbnailUrl\":\"https:\\\/\\\/ljcreate.com\\\/wp-content\\\/uploads\\\/2021\\\/08\\\/764-02_Main.jpg\",\"datePublished\":\"2021-08-24T12:30:22+00:00\",\"dateModified\":\"2023-07-07T12:22:32+00:00\",\"breadcrumb\":{\"@id\":\"https:\\\/\\\/ljcreate.com\\\/es\\\/automotive-technology\\\/steering-and-suspension-system-trainer-electric\\\/#breadcrumb\"},\"inLanguage\":\"es\",\"potentialAction\":[{\"@type\":\"ReadAction\",\"target\":[\"https:\\\/\\\/ljcreate.com\\\/es\\\/automotive-technology\\\/steering-and-suspension-system-trainer-electric\\\/\"]}]},{\"@type\":\"ImageObject\",\"inLanguage\":\"es\",\"@id\":\"https:\\\/\\\/ljcreate.com\\\/es\\\/automotive-technology\\\/steering-and-suspension-system-trainer-electric\\\/#primaryimage\",\"url\":\"https:\\\/\\\/ljcreate.com\\\/wp-content\\\/uploads\\\/2021\\\/08\\\/764-02_Main.jpg\",\"contentUrl\":\"https:\\\/\\\/ljcreate.com\\\/wp-content\\\/uploads\\\/2021\\\/08\\\/764-02_Main.jpg\",\"width\":1800,\"height\":881,\"caption\":\"764-02\"},{\"@type\":\"BreadcrumbList\",\"@id\":\"https:\\\/\\\/ljcreate.com\\\/es\\\/automotive-technology\\\/steering-and-suspension-system-trainer-electric\\\/#breadcrumb\",\"itemListElement\":[{\"@type\":\"ListItem\",\"position\":1,\"name\":\"Home\",\"item\":\"https:\\\/\\\/ljcreate.com\\\/es\\\/\"},{\"@type\":\"ListItem\",\"position\":2,\"name\":\"Productos\",\"item\":\"https:\\\/\\\/ljcreate.com\\\/es\\\/shop\\\/\"},{\"@type\":\"ListItem\",\"position\":3,\"name\":\"Automotive Technology\",\"item\":\"https:\\\/\\\/ljcreate.com\\\/uk\\\/product-category\\\/automotive-technology\\\/\"},{\"@type\":\"ListItem\",\"position\":4,\"name\":\"Entrenador del sistema de direcci\u00f3n y suspensi\u00f3n (el\u00e9ctrico)\"}]},{\"@type\":\"WebSite\",\"@id\":\"https:\\\/\\\/ljcreate.com\\\/es\\\/#website\",\"url\":\"https:\\\/\\\/ljcreate.com\\\/es\\\/\",\"name\":\"LJ Create\",\"description\":\"Innovate, Inspire, and Engage\",\"publisher\":{\"@id\":\"https:\\\/\\\/ljcreate.com\\\/es\\\/#organization\"},\"alternateName\":\"Creative Learning (Norwich) Limited\",\"potentialAction\":[{\"@type\":\"SearchAction\",\"target\":{\"@type\":\"EntryPoint\",\"urlTemplate\":\"https:\\\/\\\/ljcreate.com\\\/es\\\/?s={search_term_string}\"},\"query-input\":{\"@type\":\"PropertyValueSpecification\",\"valueRequired\":true,\"valueName\":\"search_term_string\"}}],\"inLanguage\":\"es\"},{\"@type\":\"Organization\",\"@id\":\"https:\\\/\\\/ljcreate.com\\\/es\\\/#organization\",\"name\":\"LJ Create\",\"url\":\"https:\\\/\\\/ljcreate.com\\\/es\\\/\",\"logo\":{\"@type\":\"ImageObject\",\"inLanguage\":\"es\",\"@id\":\"https:\\\/\\\/ljcreate.com\\\/es\\\/#\\\/schema\\\/logo\\\/image\\\/\",\"url\":\"https:\\\/\\\/ljcreate.com\\\/wp-content\\\/uploads\\\/2021\\\/07\\\/logo.svg\",\"contentUrl\":\"https:\\\/\\\/ljcreate.com\\\/wp-content\\\/uploads\\\/2021\\\/07\\\/logo.svg\",\"width\":\"1024\",\"height\":\"1024\",\"caption\":\"LJ Create\"},\"image\":{\"@id\":\"https:\\\/\\\/ljcreate.com\\\/es\\\/#\\\/schema\\\/logo\\\/image\\\/\"}}]}<\/script>\n<!-- \/ Yoast SEO plugin. -->","yoast_head_json":{"title":"Entrenador del sistema de direcci\u00f3n y suspensi\u00f3n (el\u00e9ctrico) | LJ Create","robots":{"index":"index","follow":"follow","max-snippet":"max-snippet:-1","max-image-preview":"max-image-preview:large","max-video-preview":"max-video-preview:-1"},"canonical":"https:\/\/ljcreate.com\/es\/automotive-technology\/steering-and-suspension-system-trainer-electric\/","og_locale":"es_ES","og_type":"article","og_title":"Entrenador del sistema de direcci\u00f3n y suspensi\u00f3n (el\u00e9ctrico) | LJ Create","og_description":"El Entrenador del sistema de direcci\u00f3n y suspensi\u00f3n &#8211; el\u00e9ctrico (764-02) incluye todos los componentes individuales del sistema presentados en un marco de acero m\u00f3vil para que cada componente pueda identificarse claramente. El sistema se completa con subchasis, barra de torsi\u00f3n, horquillas, conjunto de buje delantero, columna de direcci\u00f3n, volante, cremallera de direcci\u00f3n asistida el\u00e9ctrica&hellip;","og_url":"https:\/\/ljcreate.com\/es\/automotive-technology\/steering-and-suspension-system-trainer-electric\/","og_site_name":"LJ Create","article_modified_time":"2023-07-07T12:22:32+00:00","og_image":[{"width":1800,"height":881,"url":"https:\/\/ljcreate.com\/wp-content\/uploads\/2021\/08\/764-02_Main.jpg","type":"image\/jpeg"}],"twitter_card":"summary_large_image","twitter_misc":{"Tiempo de lectura":"1 minuto"},"schema":{"@context":"https:\/\/schema.org","@graph":[{"@type":"WebPage","@id":"https:\/\/ljcreate.com\/es\/automotive-technology\/steering-and-suspension-system-trainer-electric\/","url":"https:\/\/ljcreate.com\/es\/automotive-technology\/steering-and-suspension-system-trainer-electric\/","name":"Entrenador del sistema de direcci\u00f3n y suspensi\u00f3n (el\u00e9ctrico) | LJ Create","isPartOf":{"@id":"https:\/\/ljcreate.com\/es\/#website"},"primaryImageOfPage":{"@id":"https:\/\/ljcreate.com\/es\/automotive-technology\/steering-and-suspension-system-trainer-electric\/#primaryimage"},"image":{"@id":"https:\/\/ljcreate.com\/es\/automotive-technology\/steering-and-suspension-system-trainer-electric\/#primaryimage"},"thumbnailUrl":"https:\/\/ljcreate.com\/wp-content\/uploads\/2021\/08\/764-02_Main.jpg","datePublished":"2021-08-24T12:30:22+00:00","dateModified":"2023-07-07T12:22:32+00:00","breadcrumb":{"@id":"https:\/\/ljcreate.com\/es\/automotive-technology\/steering-and-suspension-system-trainer-electric\/#breadcrumb"},"inLanguage":"es","potentialAction":[{"@type":"ReadAction","target":["https:\/\/ljcreate.com\/es\/automotive-technology\/steering-and-suspension-system-trainer-electric\/"]}]},{"@type":"ImageObject","inLanguage":"es","@id":"https:\/\/ljcreate.com\/es\/automotive-technology\/steering-and-suspension-system-trainer-electric\/#primaryimage","url":"https:\/\/ljcreate.com\/wp-content\/uploads\/2021\/08\/764-02_Main.jpg","contentUrl":"https:\/\/ljcreate.com\/wp-content\/uploads\/2021\/08\/764-02_Main.jpg","width":1800,"height":881,"caption":"764-02"},{"@type":"BreadcrumbList","@id":"https:\/\/ljcreate.com\/es\/automotive-technology\/steering-and-suspension-system-trainer-electric\/#breadcrumb","itemListElement":[{"@type":"ListItem","position":1,"name":"Home","item":"https:\/\/ljcreate.com\/es\/"},{"@type":"ListItem","position":2,"name":"Productos","item":"https:\/\/ljcreate.com\/es\/shop\/"},{"@type":"ListItem","position":3,"name":"Automotive Technology","item":"https:\/\/ljcreate.com\/uk\/product-category\/automotive-technology\/"},{"@type":"ListItem","position":4,"name":"Entrenador del sistema de direcci\u00f3n y suspensi\u00f3n (el\u00e9ctrico)"}]},{"@type":"WebSite","@id":"https:\/\/ljcreate.com\/es\/#website","url":"https:\/\/ljcreate.com\/es\/","name":"LJ Create","description":"Innovate, Inspire, and Engage","publisher":{"@id":"https:\/\/ljcreate.com\/es\/#organization"},"alternateName":"Creative Learning (Norwich) Limited","potentialAction":[{"@type":"SearchAction","target":{"@type":"EntryPoint","urlTemplate":"https:\/\/ljcreate.com\/es\/?s={search_term_string}"},"query-input":{"@type":"PropertyValueSpecification","valueRequired":true,"valueName":"search_term_string"}}],"inLanguage":"es"},{"@type":"Organization","@id":"https:\/\/ljcreate.com\/es\/#organization","name":"LJ Create","url":"https:\/\/ljcreate.com\/es\/","logo":{"@type":"ImageObject","inLanguage":"es","@id":"https:\/\/ljcreate.com\/es\/#\/schema\/logo\/image\/","url":"https:\/\/ljcreate.com\/wp-content\/uploads\/2021\/07\/logo.svg","contentUrl":"https:\/\/ljcreate.com\/wp-content\/uploads\/2021\/07\/logo.svg","width":"1024","height":"1024","caption":"LJ Create"},"image":{"@id":"https:\/\/ljcreate.com\/es\/#\/schema\/logo\/image\/"}}]}},"_links":{"self":[{"href":"https:\/\/ljcreate.com\/es\/wp-json\/wp\/v2\/product\/26880","targetHints":{"allow":["GET"]}}],"collection":[{"href":"https:\/\/ljcreate.com\/es\/wp-json\/wp\/v2\/product"}],"about":[{"href":"https:\/\/ljcreate.com\/es\/wp-json\/wp\/v2\/types\/product"}],"wp:featuredmedia":[{"embeddable":true,"href":"https:\/\/ljcreate.com\/es\/wp-json\/wp\/v2\/media\/19929"}],"wp:attachment":[{"href":"https:\/\/ljcreate.com\/es\/wp-json\/wp\/v2\/media?parent=26880"}],"wp:term":[{"taxonomy":"product_brand","embeddable":true,"href":"https:\/\/ljcreate.com\/es\/wp-json\/wp\/v2\/product_brand?post=26880"},{"taxonomy":"product_cat","embeddable":true,"href":"https:\/\/ljcreate.com\/es\/wp-json\/wp\/v2\/product_cat?post=26880"},{"taxonomy":"product_tag","embeddable":true,"href":"https:\/\/ljcreate.com\/es\/wp-json\/wp\/v2\/product_tag?post=26880"}],"curies":[{"name":"wp","href":"https:\/\/api.w.org\/{rel}","templated":true}]}}