{"id":26879,"date":"2021-08-24T07:31:11","date_gmt":"2021-08-24T12:31:11","guid":{"rendered":"https:\/\/alpha.ljcreate.com\/?post_type=product&#038;p=26879"},"modified":"2025-07-09T13:05:53","modified_gmt":"2025-07-09T12:05:53","slug":"electric-power-steering-trainer","status":"publish","type":"product","link":"https:\/\/ljcreate.com\/es\/automotive-technology\/electric-power-steering-trainer\/","title":{"rendered":"Entrenador de direcci\u00f3n asistida el\u00e9ctrica"},"content":{"rendered":"<p>La Entrenador de direcci\u00f3n asistida el\u00e9ctrica (764-03) permite a los estudiantes ver los beneficios de la direcci\u00f3n asistida el\u00e9ctrica al comparar la fuerza de rotaci\u00f3n entregada al sistema de pi\u00f1\u00f3n y cremallera con la proporcionada por el volante.<\/p>\n<p>Se incluyen fallas conmutadas para las actividades de resoluci\u00f3n de problemas de los estudiantes. Un conector de enlace de datos OBDII incorporado permite acceder a los c\u00f3digos de falla usando una herramienta de escaneo.<\/p>\n<p>Dise\u00f1ado para demostraciones grupales o de toda la clase, el entrenador est\u00e1 montado en un marco de acero aut\u00f3nomo y est\u00e1 equipado con ruedas para facilitar el movimiento.<\/p>\n<p>Este recurso se suministra con un manual que contiene tareas y actividades pr\u00e1cticas.<\/p>\n<p>El entrenador se puede utilizar junto con nuestro software opcional basado en la nube, que ofrece presentaciones te\u00f3ricas interactivas en l\u00ednea, investigaciones y evaluaciones que cubren una amplia gama de \u00e1reas tem\u00e1ticas de apoyo a la automoci\u00f3n.<\/p>\n<h5>Caracter\u00edsticas:<\/h5>\n<ul>\n<li>El dise\u00f1o de planta abierta permite a los estudiantes sostener el eje del volante y el eje del motor de la direcci\u00f3n asistida para comparar las fuerzas producidas<\/li>\n<li>Los estudiantes pueden medir la corriente consumida por el sistema de asistencia el\u00e9ctrica.<\/li>\n<li>Funciona con una bater\u00eda de autom\u00f3vil de 12 V o una fuente de alimentaci\u00f3n<\/li>\n<li>Incluye m\u00f3dulo de control, motor de direcci\u00f3n asistida y conector de enlace de datos OBDII<\/li>\n<li>La unidad de inserci\u00f3n de fallas proporciona cuatro fallas conmutadas para las actividades de resoluci\u00f3n de problemas de los estudiantes<\/li>\n<\/ul>\n<h5>Elementos incluidos:<\/h5>\n<ul>\n<li>Entrenador<\/li>\n<li>Manual de actividades pr\u00e1cticas<\/li>\n<\/ul>\n<h5>Informaci\u00f3n general:<\/h5>\n<p>Dimensiones del entrenador (W x D x H):<br \/>\n1000 x 750 x 1600 mm \/ 40 x 30 x 63 pulgadas<br \/>\nVolumen empaquetado: Aproximadamente 2.4m3 \/ 85ft3<br \/>\nPeso con embalaje: Aproximadamente 150 kg \/ 331 lb<\/p>\n","protected":false},"excerpt":{"rendered":"<p>La Entrenador de direcci\u00f3n asistida el\u00e9ctrica (764-03) permite a los estudiantes ver los beneficios de la direcci\u00f3n asistida el\u00e9ctrica al comparar la fuerza de rotaci\u00f3n entregada al sistema de pi\u00f1\u00f3n y cremallera con la proporcionada por el volante. Se incluyen fallas conmutadas para las actividades de resoluci\u00f3n de problemas de los estudiantes. Un conector de&hellip;<\/p>\n","protected":false},"featured_media":56033,"template":"","meta":{"_acf_changed":false,"inline_featured_image":false},"product_brand":[],"product_cat":[90],"product_tag":[],"class_list":{"0":"post-26879","1":"product","2":"type-product","3":"status-publish","4":"has-post-thumbnail","6":"product_cat-legacy","8":"first","9":"instock","10":"shipping-taxable","11":"product-type-simple"},"acf":[],"yoast_head":"<!-- This site is optimized with the Yoast SEO plugin v27.3 - https:\/\/yoast.com\/product\/yoast-seo-wordpress\/ -->\n<title>Entrenador de direcci\u00f3n asistida el\u00e9ctrica | LJ Create<\/title>\n<meta name=\"robots\" content=\"index, follow, max-snippet:-1, max-image-preview:large, max-video-preview:-1\" \/>\n<link rel=\"canonical\" href=\"https:\/\/ljcreate.com\/es\/automotive-technology\/electric-power-steering-trainer\/\" \/>\n<meta property=\"og:locale\" content=\"es_ES\" \/>\n<meta property=\"og:type\" content=\"article\" \/>\n<meta property=\"og:title\" content=\"Entrenador de direcci\u00f3n asistida el\u00e9ctrica | LJ Create\" \/>\n<meta property=\"og:description\" content=\"La Entrenador de direcci\u00f3n asistida el\u00e9ctrica (764-03) permite a los estudiantes ver los beneficios de la direcci\u00f3n asistida el\u00e9ctrica al comparar la fuerza de rotaci\u00f3n entregada al sistema de pi\u00f1\u00f3n y cremallera con la proporcionada por el volante. Se incluyen fallas conmutadas para las actividades de resoluci\u00f3n de problemas de los estudiantes. Un conector de&hellip;\" \/>\n<meta property=\"og:url\" content=\"https:\/\/ljcreate.com\/es\/automotive-technology\/electric-power-steering-trainer\/\" \/>\n<meta property=\"og:site_name\" content=\"LJ Create\" \/>\n<meta property=\"article:modified_time\" content=\"2025-07-09T12:05:53+00:00\" \/>\n<meta property=\"og:image\" content=\"https:\/\/ljcreate.com\/wp-content\/uploads\/2021\/08\/electricPowerSteeringTrainer.webp\" \/>\n\t<meta property=\"og:image:width\" content=\"1080\" \/>\n\t<meta property=\"og:image:height\" content=\"529\" \/>\n\t<meta property=\"og:image:type\" content=\"image\/webp\" \/>\n<meta name=\"twitter:card\" content=\"summary_large_image\" \/>\n<meta name=\"twitter:label1\" content=\"Tiempo de lectura\" \/>\n\t<meta name=\"twitter:data1\" content=\"2 minutos\" \/>\n<script type=\"application\/ld+json\" class=\"yoast-schema-graph\">{\"@context\":\"https:\\\/\\\/schema.org\",\"@graph\":[{\"@type\":\"WebPage\",\"@id\":\"https:\\\/\\\/ljcreate.com\\\/es\\\/automotive-technology\\\/electric-power-steering-trainer\\\/\",\"url\":\"https:\\\/\\\/ljcreate.com\\\/es\\\/automotive-technology\\\/electric-power-steering-trainer\\\/\",\"name\":\"Entrenador de direcci\u00f3n asistida el\u00e9ctrica | LJ Create\",\"isPartOf\":{\"@id\":\"https:\\\/\\\/ljcreate.com\\\/es\\\/#website\"},\"primaryImageOfPage\":{\"@id\":\"https:\\\/\\\/ljcreate.com\\\/es\\\/automotive-technology\\\/electric-power-steering-trainer\\\/#primaryimage\"},\"image\":{\"@id\":\"https:\\\/\\\/ljcreate.com\\\/es\\\/automotive-technology\\\/electric-power-steering-trainer\\\/#primaryimage\"},\"thumbnailUrl\":\"https:\\\/\\\/ljcreate.com\\\/wp-content\\\/uploads\\\/2021\\\/08\\\/electricPowerSteeringTrainer.webp\",\"datePublished\":\"2021-08-24T12:31:11+00:00\",\"dateModified\":\"2025-07-09T12:05:53+00:00\",\"breadcrumb\":{\"@id\":\"https:\\\/\\\/ljcreate.com\\\/es\\\/automotive-technology\\\/electric-power-steering-trainer\\\/#breadcrumb\"},\"inLanguage\":\"es\",\"potentialAction\":[{\"@type\":\"ReadAction\",\"target\":[\"https:\\\/\\\/ljcreate.com\\\/es\\\/automotive-technology\\\/electric-power-steering-trainer\\\/\"]}]},{\"@type\":\"ImageObject\",\"inLanguage\":\"es\",\"@id\":\"https:\\\/\\\/ljcreate.com\\\/es\\\/automotive-technology\\\/electric-power-steering-trainer\\\/#primaryimage\",\"url\":\"https:\\\/\\\/ljcreate.com\\\/wp-content\\\/uploads\\\/2021\\\/08\\\/electricPowerSteeringTrainer.webp\",\"contentUrl\":\"https:\\\/\\\/ljcreate.com\\\/wp-content\\\/uploads\\\/2021\\\/08\\\/electricPowerSteeringTrainer.webp\",\"width\":1080,\"height\":529,\"caption\":\"Electric Power Steering Trainer\"},{\"@type\":\"BreadcrumbList\",\"@id\":\"https:\\\/\\\/ljcreate.com\\\/es\\\/automotive-technology\\\/electric-power-steering-trainer\\\/#breadcrumb\",\"itemListElement\":[{\"@type\":\"ListItem\",\"position\":1,\"name\":\"Home\",\"item\":\"https:\\\/\\\/ljcreate.com\\\/es\\\/\"},{\"@type\":\"ListItem\",\"position\":2,\"name\":\"Productos\",\"item\":\"https:\\\/\\\/ljcreate.com\\\/es\\\/shop\\\/\"},{\"@type\":\"ListItem\",\"position\":3,\"name\":\"Legacy\",\"item\":\"https:\\\/\\\/ljcreate.com\\\/product-category\\\/legacy\\\/\"},{\"@type\":\"ListItem\",\"position\":4,\"name\":\"Entrenador de direcci\u00f3n asistida el\u00e9ctrica\"}]},{\"@type\":\"WebSite\",\"@id\":\"https:\\\/\\\/ljcreate.com\\\/es\\\/#website\",\"url\":\"https:\\\/\\\/ljcreate.com\\\/es\\\/\",\"name\":\"LJ Create\",\"description\":\"Innovate, Inspire, and Engage\",\"publisher\":{\"@id\":\"https:\\\/\\\/ljcreate.com\\\/es\\\/#organization\"},\"alternateName\":\"Creative Learning (Norwich) Limited\",\"potentialAction\":[{\"@type\":\"SearchAction\",\"target\":{\"@type\":\"EntryPoint\",\"urlTemplate\":\"https:\\\/\\\/ljcreate.com\\\/es\\\/?s={search_term_string}\"},\"query-input\":{\"@type\":\"PropertyValueSpecification\",\"valueRequired\":true,\"valueName\":\"search_term_string\"}}],\"inLanguage\":\"es\"},{\"@type\":\"Organization\",\"@id\":\"https:\\\/\\\/ljcreate.com\\\/es\\\/#organization\",\"name\":\"LJ Create\",\"url\":\"https:\\\/\\\/ljcreate.com\\\/es\\\/\",\"logo\":{\"@type\":\"ImageObject\",\"inLanguage\":\"es\",\"@id\":\"https:\\\/\\\/ljcreate.com\\\/es\\\/#\\\/schema\\\/logo\\\/image\\\/\",\"url\":\"https:\\\/\\\/ljcreate.com\\\/wp-content\\\/uploads\\\/2021\\\/07\\\/logo.svg\",\"contentUrl\":\"https:\\\/\\\/ljcreate.com\\\/wp-content\\\/uploads\\\/2021\\\/07\\\/logo.svg\",\"width\":\"1024\",\"height\":\"1024\",\"caption\":\"LJ Create\"},\"image\":{\"@id\":\"https:\\\/\\\/ljcreate.com\\\/es\\\/#\\\/schema\\\/logo\\\/image\\\/\"}}]}<\/script>\n<!-- \/ Yoast SEO plugin. -->","yoast_head_json":{"title":"Entrenador de direcci\u00f3n asistida el\u00e9ctrica | LJ Create","robots":{"index":"index","follow":"follow","max-snippet":"max-snippet:-1","max-image-preview":"max-image-preview:large","max-video-preview":"max-video-preview:-1"},"canonical":"https:\/\/ljcreate.com\/es\/automotive-technology\/electric-power-steering-trainer\/","og_locale":"es_ES","og_type":"article","og_title":"Entrenador de direcci\u00f3n asistida el\u00e9ctrica | LJ Create","og_description":"La Entrenador de direcci\u00f3n asistida el\u00e9ctrica (764-03) permite a los estudiantes ver los beneficios de la direcci\u00f3n asistida el\u00e9ctrica al comparar la fuerza de rotaci\u00f3n entregada al sistema de pi\u00f1\u00f3n y cremallera con la proporcionada por el volante. Se incluyen fallas conmutadas para las actividades de resoluci\u00f3n de problemas de los estudiantes. Un conector de&hellip;","og_url":"https:\/\/ljcreate.com\/es\/automotive-technology\/electric-power-steering-trainer\/","og_site_name":"LJ Create","article_modified_time":"2025-07-09T12:05:53+00:00","og_image":[{"width":1080,"height":529,"url":"https:\/\/ljcreate.com\/wp-content\/uploads\/2021\/08\/electricPowerSteeringTrainer.webp","type":"image\/webp"}],"twitter_card":"summary_large_image","twitter_misc":{"Tiempo de lectura":"2 minutos"},"schema":{"@context":"https:\/\/schema.org","@graph":[{"@type":"WebPage","@id":"https:\/\/ljcreate.com\/es\/automotive-technology\/electric-power-steering-trainer\/","url":"https:\/\/ljcreate.com\/es\/automotive-technology\/electric-power-steering-trainer\/","name":"Entrenador de direcci\u00f3n asistida el\u00e9ctrica | LJ Create","isPartOf":{"@id":"https:\/\/ljcreate.com\/es\/#website"},"primaryImageOfPage":{"@id":"https:\/\/ljcreate.com\/es\/automotive-technology\/electric-power-steering-trainer\/#primaryimage"},"image":{"@id":"https:\/\/ljcreate.com\/es\/automotive-technology\/electric-power-steering-trainer\/#primaryimage"},"thumbnailUrl":"https:\/\/ljcreate.com\/wp-content\/uploads\/2021\/08\/electricPowerSteeringTrainer.webp","datePublished":"2021-08-24T12:31:11+00:00","dateModified":"2025-07-09T12:05:53+00:00","breadcrumb":{"@id":"https:\/\/ljcreate.com\/es\/automotive-technology\/electric-power-steering-trainer\/#breadcrumb"},"inLanguage":"es","potentialAction":[{"@type":"ReadAction","target":["https:\/\/ljcreate.com\/es\/automotive-technology\/electric-power-steering-trainer\/"]}]},{"@type":"ImageObject","inLanguage":"es","@id":"https:\/\/ljcreate.com\/es\/automotive-technology\/electric-power-steering-trainer\/#primaryimage","url":"https:\/\/ljcreate.com\/wp-content\/uploads\/2021\/08\/electricPowerSteeringTrainer.webp","contentUrl":"https:\/\/ljcreate.com\/wp-content\/uploads\/2021\/08\/electricPowerSteeringTrainer.webp","width":1080,"height":529,"caption":"Electric Power Steering Trainer"},{"@type":"BreadcrumbList","@id":"https:\/\/ljcreate.com\/es\/automotive-technology\/electric-power-steering-trainer\/#breadcrumb","itemListElement":[{"@type":"ListItem","position":1,"name":"Home","item":"https:\/\/ljcreate.com\/es\/"},{"@type":"ListItem","position":2,"name":"Productos","item":"https:\/\/ljcreate.com\/es\/shop\/"},{"@type":"ListItem","position":3,"name":"Legacy","item":"https:\/\/ljcreate.com\/product-category\/legacy\/"},{"@type":"ListItem","position":4,"name":"Entrenador de direcci\u00f3n asistida el\u00e9ctrica"}]},{"@type":"WebSite","@id":"https:\/\/ljcreate.com\/es\/#website","url":"https:\/\/ljcreate.com\/es\/","name":"LJ Create","description":"Innovate, Inspire, and Engage","publisher":{"@id":"https:\/\/ljcreate.com\/es\/#organization"},"alternateName":"Creative Learning (Norwich) Limited","potentialAction":[{"@type":"SearchAction","target":{"@type":"EntryPoint","urlTemplate":"https:\/\/ljcreate.com\/es\/?s={search_term_string}"},"query-input":{"@type":"PropertyValueSpecification","valueRequired":true,"valueName":"search_term_string"}}],"inLanguage":"es"},{"@type":"Organization","@id":"https:\/\/ljcreate.com\/es\/#organization","name":"LJ Create","url":"https:\/\/ljcreate.com\/es\/","logo":{"@type":"ImageObject","inLanguage":"es","@id":"https:\/\/ljcreate.com\/es\/#\/schema\/logo\/image\/","url":"https:\/\/ljcreate.com\/wp-content\/uploads\/2021\/07\/logo.svg","contentUrl":"https:\/\/ljcreate.com\/wp-content\/uploads\/2021\/07\/logo.svg","width":"1024","height":"1024","caption":"LJ Create"},"image":{"@id":"https:\/\/ljcreate.com\/es\/#\/schema\/logo\/image\/"}}]}},"_links":{"self":[{"href":"https:\/\/ljcreate.com\/es\/wp-json\/wp\/v2\/product\/26879","targetHints":{"allow":["GET"]}}],"collection":[{"href":"https:\/\/ljcreate.com\/es\/wp-json\/wp\/v2\/product"}],"about":[{"href":"https:\/\/ljcreate.com\/es\/wp-json\/wp\/v2\/types\/product"}],"wp:featuredmedia":[{"embeddable":true,"href":"https:\/\/ljcreate.com\/es\/wp-json\/wp\/v2\/media\/56033"}],"wp:attachment":[{"href":"https:\/\/ljcreate.com\/es\/wp-json\/wp\/v2\/media?parent=26879"}],"wp:term":[{"taxonomy":"product_brand","embeddable":true,"href":"https:\/\/ljcreate.com\/es\/wp-json\/wp\/v2\/product_brand?post=26879"},{"taxonomy":"product_cat","embeddable":true,"href":"https:\/\/ljcreate.com\/es\/wp-json\/wp\/v2\/product_cat?post=26879"},{"taxonomy":"product_tag","embeddable":true,"href":"https:\/\/ljcreate.com\/es\/wp-json\/wp\/v2\/product_tag?post=26879"}],"curies":[{"name":"wp","href":"https:\/\/api.w.org\/{rel}","templated":true}]}}