{"id":26877,"date":"2021-08-24T07:57:28","date_gmt":"2021-08-24T12:57:28","guid":{"rendered":"https:\/\/alpha.ljcreate.com\/product\/sin%20categor\u00eda\/air-conditioning-system-trainer\/"},"modified":"2023-07-07T13:24:25","modified_gmt":"2023-07-07T12:24:25","slug":"air-conditioning-system-trainer","status":"publish","type":"product","link":"https:\/\/ljcreate.com\/es\/automotive-technology\/air-conditioning-system-trainer\/","title":{"rendered":"Entrenador de sistemas de aire acondicionado"},"content":{"rendered":"<p>La Entrenador de sistemas de aire acondicionado (766-01) cuenta con un sistema de control en el tablero de instrumentos y tiene un motor el\u00e9ctrico monof\u00e1sico que impulsa el compresor de aire acondicionado. Se colocan mirillas especiales en las tuber\u00edas de alta y baja presi\u00f3n para permitir que el estudiante vea los dos estados del refrigerante. Es posible utilizar la unidad con una estaci\u00f3n de recarga est\u00e1ndar industrial, lo que permite al estudiante dar servicio a todo el sistema de aire acondicionado.<\/p>\n<h5>Las tareas pr\u00e1cticas t\u00edpicas incluyen:<\/h5>\n<ul>\n<li>Familiarizaci\u00f3n del entrenador de aire acondicionado<\/li>\n<li>Identificar los componentes y el funcionamiento del aire acondicionado<\/li>\n<li>Investigar el funcionamiento del entrenador de aire acondicionado<\/li>\n<li>Identificar tipos de refrigerantes<\/li>\n<li>Realizar una prueba de rendimiento del sistema de A \/ C<\/li>\n<li>Verificar el correcto funcionamiento y mantenimiento del equipo de manipulaci\u00f3n de refrigerante.<\/li>\n<li>Identificar y recuperar el refrigerante del sistema de A \/ C<\/li>\n<li>Evacuar y cargar el sistema de A \/ C<\/li>\n<\/ul>\n","protected":false},"excerpt":{"rendered":"<p>La Entrenador de sistemas de aire acondicionado (766-01) cuenta con un sistema de control en el tablero de instrumentos y tiene un motor el\u00e9ctrico monof\u00e1sico que impulsa el compresor de aire acondicionado. Se colocan mirillas especiales en las tuber\u00edas de alta y baja presi\u00f3n para permitir que el estudiante vea los dos estados del refrigerante.&hellip;<\/p>\n","protected":false},"featured_media":58403,"template":"","meta":{"_acf_changed":false,"inline_featured_image":false},"product_brand":[],"product_cat":[59,111,77,128,132,135],"product_tag":[],"class_list":{"0":"post-26877","1":"product","2":"type-product","3":"status-publish","4":"has-post-thumbnail","6":"product_cat-automotive-technology","7":"product_cat-automotive-system-and-component-rigs","8":"product_cat-automotive-technology-uk","9":"product_cat-automotive-system-and-component-rigs-uk","10":"product_cat-automotive-technology-es","11":"product_cat-automotive-system-and-component-rigs-es","13":"first","14":"instock","15":"shipping-taxable","16":"product-type-simple"},"acf":[],"yoast_head":"<!-- This site is optimized with the Yoast SEO plugin v27.1.1 - https:\/\/yoast.com\/product\/yoast-seo-wordpress\/ -->\n<title>Entrenador de sistemas de aire acondicionado | LJ Create<\/title>\n<meta name=\"robots\" content=\"index, follow, max-snippet:-1, max-image-preview:large, max-video-preview:-1\" \/>\n<link rel=\"canonical\" href=\"https:\/\/ljcreate.com\/es\/automotive-technology\/air-conditioning-system-trainer\/\" \/>\n<meta property=\"og:locale\" content=\"es_ES\" \/>\n<meta property=\"og:type\" content=\"article\" \/>\n<meta property=\"og:title\" content=\"Entrenador de sistemas de aire acondicionado | LJ Create\" \/>\n<meta property=\"og:description\" content=\"La Entrenador de sistemas de aire acondicionado (766-01) cuenta con un sistema de control en el tablero de instrumentos y tiene un motor el\u00e9ctrico monof\u00e1sico que impulsa el compresor de aire acondicionado. Se colocan mirillas especiales en las tuber\u00edas de alta y baja presi\u00f3n para permitir que el estudiante vea los dos estados del refrigerante.&hellip;\" \/>\n<meta property=\"og:url\" content=\"https:\/\/ljcreate.com\/es\/automotive-technology\/air-conditioning-system-trainer\/\" \/>\n<meta property=\"og:site_name\" content=\"LJ Create\" \/>\n<meta property=\"article:modified_time\" content=\"2023-07-07T12:24:25+00:00\" \/>\n<meta property=\"og:image\" content=\"https:\/\/ljcreate.com\/wp-content\/uploads\/2021\/08\/airConditioningSystemTrainer.webp\" \/>\n\t<meta property=\"og:image:width\" content=\"1080\" \/>\n\t<meta property=\"og:image:height\" content=\"529\" \/>\n\t<meta property=\"og:image:type\" content=\"image\/webp\" \/>\n<meta name=\"twitter:card\" content=\"summary_large_image\" \/>\n<meta name=\"twitter:label1\" content=\"Tiempo de lectura\" \/>\n\t<meta name=\"twitter:data1\" content=\"1 minuto\" \/>\n<script type=\"application\/ld+json\" class=\"yoast-schema-graph\">{\"@context\":\"https:\/\/schema.org\",\"@graph\":[{\"@type\":\"WebPage\",\"@id\":\"https:\/\/ljcreate.com\/es\/automotive-technology\/air-conditioning-system-trainer\/\",\"url\":\"https:\/\/ljcreate.com\/es\/automotive-technology\/air-conditioning-system-trainer\/\",\"name\":\"Entrenador de sistemas de aire acondicionado | LJ Create\",\"isPartOf\":{\"@id\":\"https:\/\/ljcreate.com\/es\/#website\"},\"primaryImageOfPage\":{\"@id\":\"https:\/\/ljcreate.com\/es\/automotive-technology\/air-conditioning-system-trainer\/#primaryimage\"},\"image\":{\"@id\":\"https:\/\/ljcreate.com\/es\/automotive-technology\/air-conditioning-system-trainer\/#primaryimage\"},\"thumbnailUrl\":\"https:\/\/ljcreate.com\/wp-content\/uploads\/2021\/08\/airConditioningSystemTrainer.webp\",\"datePublished\":\"2021-08-24T12:57:28+00:00\",\"dateModified\":\"2023-07-07T12:24:25+00:00\",\"breadcrumb\":{\"@id\":\"https:\/\/ljcreate.com\/es\/automotive-technology\/air-conditioning-system-trainer\/#breadcrumb\"},\"inLanguage\":\"es\",\"potentialAction\":[{\"@type\":\"ReadAction\",\"target\":[\"https:\/\/ljcreate.com\/es\/automotive-technology\/air-conditioning-system-trainer\/\"]}]},{\"@type\":\"ImageObject\",\"inLanguage\":\"es\",\"@id\":\"https:\/\/ljcreate.com\/es\/automotive-technology\/air-conditioning-system-trainer\/#primaryimage\",\"url\":\"https:\/\/ljcreate.com\/wp-content\/uploads\/2021\/08\/airConditioningSystemTrainer.webp\",\"contentUrl\":\"https:\/\/ljcreate.com\/wp-content\/uploads\/2021\/08\/airConditioningSystemTrainer.webp\",\"width\":1080,\"height\":529,\"caption\":\"Air-Conditioning System Trainer\"},{\"@type\":\"BreadcrumbList\",\"@id\":\"https:\/\/ljcreate.com\/es\/automotive-technology\/air-conditioning-system-trainer\/#breadcrumb\",\"itemListElement\":[{\"@type\":\"ListItem\",\"position\":1,\"name\":\"Home\",\"item\":\"https:\/\/ljcreate.com\/es\/\"},{\"@type\":\"ListItem\",\"position\":2,\"name\":\"Productos\",\"item\":\"https:\/\/ljcreate.com\/es\/shop\/\"},{\"@type\":\"ListItem\",\"position\":3,\"name\":\"Automotive Technology\",\"item\":\"https:\/\/ljcreate.com\/product-category\/automotive-technology\/\"},{\"@type\":\"ListItem\",\"position\":4,\"name\":\"Entrenador de sistemas de aire acondicionado\"}]},{\"@type\":\"WebSite\",\"@id\":\"https:\/\/ljcreate.com\/es\/#website\",\"url\":\"https:\/\/ljcreate.com\/es\/\",\"name\":\"LJ Create\",\"description\":\"Innovate, Inspire, and Engage\",\"publisher\":{\"@id\":\"https:\/\/ljcreate.com\/es\/#organization\"},\"alternateName\":\"Creative Learning (Norwich) Limited\",\"potentialAction\":[{\"@type\":\"SearchAction\",\"target\":{\"@type\":\"EntryPoint\",\"urlTemplate\":\"https:\/\/ljcreate.com\/es\/?s={search_term_string}\"},\"query-input\":{\"@type\":\"PropertyValueSpecification\",\"valueRequired\":true,\"valueName\":\"search_term_string\"}}],\"inLanguage\":\"es\"},{\"@type\":\"Organization\",\"@id\":\"https:\/\/ljcreate.com\/es\/#organization\",\"name\":\"LJ Create\",\"url\":\"https:\/\/ljcreate.com\/es\/\",\"logo\":{\"@type\":\"ImageObject\",\"inLanguage\":\"es\",\"@id\":\"https:\/\/ljcreate.com\/es\/#\/schema\/logo\/image\/\",\"url\":\"https:\/\/ljcreate.com\/wp-content\/uploads\/2021\/07\/logo.svg\",\"contentUrl\":\"https:\/\/ljcreate.com\/wp-content\/uploads\/2021\/07\/logo.svg\",\"width\":\"1024\",\"height\":\"1024\",\"caption\":\"LJ Create\"},\"image\":{\"@id\":\"https:\/\/ljcreate.com\/es\/#\/schema\/logo\/image\/\"}}]}<\/script>\n<!-- \/ Yoast SEO plugin. -->","yoast_head_json":{"title":"Entrenador de sistemas de aire acondicionado | LJ Create","robots":{"index":"index","follow":"follow","max-snippet":"max-snippet:-1","max-image-preview":"max-image-preview:large","max-video-preview":"max-video-preview:-1"},"canonical":"https:\/\/ljcreate.com\/es\/automotive-technology\/air-conditioning-system-trainer\/","og_locale":"es_ES","og_type":"article","og_title":"Entrenador de sistemas de aire acondicionado | LJ Create","og_description":"La Entrenador de sistemas de aire acondicionado (766-01) cuenta con un sistema de control en el tablero de instrumentos y tiene un motor el\u00e9ctrico monof\u00e1sico que impulsa el compresor de aire acondicionado. Se colocan mirillas especiales en las tuber\u00edas de alta y baja presi\u00f3n para permitir que el estudiante vea los dos estados del refrigerante.&hellip;","og_url":"https:\/\/ljcreate.com\/es\/automotive-technology\/air-conditioning-system-trainer\/","og_site_name":"LJ Create","article_modified_time":"2023-07-07T12:24:25+00:00","og_image":[{"width":1080,"height":529,"url":"https:\/\/ljcreate.com\/wp-content\/uploads\/2021\/08\/airConditioningSystemTrainer.webp","type":"image\/webp"}],"twitter_card":"summary_large_image","twitter_misc":{"Tiempo de lectura":"1 minuto"},"schema":{"@context":"https:\/\/schema.org","@graph":[{"@type":"WebPage","@id":"https:\/\/ljcreate.com\/es\/automotive-technology\/air-conditioning-system-trainer\/","url":"https:\/\/ljcreate.com\/es\/automotive-technology\/air-conditioning-system-trainer\/","name":"Entrenador de sistemas de aire acondicionado | LJ Create","isPartOf":{"@id":"https:\/\/ljcreate.com\/es\/#website"},"primaryImageOfPage":{"@id":"https:\/\/ljcreate.com\/es\/automotive-technology\/air-conditioning-system-trainer\/#primaryimage"},"image":{"@id":"https:\/\/ljcreate.com\/es\/automotive-technology\/air-conditioning-system-trainer\/#primaryimage"},"thumbnailUrl":"https:\/\/ljcreate.com\/wp-content\/uploads\/2021\/08\/airConditioningSystemTrainer.webp","datePublished":"2021-08-24T12:57:28+00:00","dateModified":"2023-07-07T12:24:25+00:00","breadcrumb":{"@id":"https:\/\/ljcreate.com\/es\/automotive-technology\/air-conditioning-system-trainer\/#breadcrumb"},"inLanguage":"es","potentialAction":[{"@type":"ReadAction","target":["https:\/\/ljcreate.com\/es\/automotive-technology\/air-conditioning-system-trainer\/"]}]},{"@type":"ImageObject","inLanguage":"es","@id":"https:\/\/ljcreate.com\/es\/automotive-technology\/air-conditioning-system-trainer\/#primaryimage","url":"https:\/\/ljcreate.com\/wp-content\/uploads\/2021\/08\/airConditioningSystemTrainer.webp","contentUrl":"https:\/\/ljcreate.com\/wp-content\/uploads\/2021\/08\/airConditioningSystemTrainer.webp","width":1080,"height":529,"caption":"Air-Conditioning System Trainer"},{"@type":"BreadcrumbList","@id":"https:\/\/ljcreate.com\/es\/automotive-technology\/air-conditioning-system-trainer\/#breadcrumb","itemListElement":[{"@type":"ListItem","position":1,"name":"Home","item":"https:\/\/ljcreate.com\/es\/"},{"@type":"ListItem","position":2,"name":"Productos","item":"https:\/\/ljcreate.com\/es\/shop\/"},{"@type":"ListItem","position":3,"name":"Automotive Technology","item":"https:\/\/ljcreate.com\/product-category\/automotive-technology\/"},{"@type":"ListItem","position":4,"name":"Entrenador de sistemas de aire acondicionado"}]},{"@type":"WebSite","@id":"https:\/\/ljcreate.com\/es\/#website","url":"https:\/\/ljcreate.com\/es\/","name":"LJ Create","description":"Innovate, Inspire, and Engage","publisher":{"@id":"https:\/\/ljcreate.com\/es\/#organization"},"alternateName":"Creative Learning (Norwich) Limited","potentialAction":[{"@type":"SearchAction","target":{"@type":"EntryPoint","urlTemplate":"https:\/\/ljcreate.com\/es\/?s={search_term_string}"},"query-input":{"@type":"PropertyValueSpecification","valueRequired":true,"valueName":"search_term_string"}}],"inLanguage":"es"},{"@type":"Organization","@id":"https:\/\/ljcreate.com\/es\/#organization","name":"LJ Create","url":"https:\/\/ljcreate.com\/es\/","logo":{"@type":"ImageObject","inLanguage":"es","@id":"https:\/\/ljcreate.com\/es\/#\/schema\/logo\/image\/","url":"https:\/\/ljcreate.com\/wp-content\/uploads\/2021\/07\/logo.svg","contentUrl":"https:\/\/ljcreate.com\/wp-content\/uploads\/2021\/07\/logo.svg","width":"1024","height":"1024","caption":"LJ Create"},"image":{"@id":"https:\/\/ljcreate.com\/es\/#\/schema\/logo\/image\/"}}]}},"_links":{"self":[{"href":"https:\/\/ljcreate.com\/es\/wp-json\/wp\/v2\/product\/26877","targetHints":{"allow":["GET"]}}],"collection":[{"href":"https:\/\/ljcreate.com\/es\/wp-json\/wp\/v2\/product"}],"about":[{"href":"https:\/\/ljcreate.com\/es\/wp-json\/wp\/v2\/types\/product"}],"wp:featuredmedia":[{"embeddable":true,"href":"https:\/\/ljcreate.com\/es\/wp-json\/wp\/v2\/media\/58403"}],"wp:attachment":[{"href":"https:\/\/ljcreate.com\/es\/wp-json\/wp\/v2\/media?parent=26877"}],"wp:term":[{"taxonomy":"product_brand","embeddable":true,"href":"https:\/\/ljcreate.com\/es\/wp-json\/wp\/v2\/product_brand?post=26877"},{"taxonomy":"product_cat","embeddable":true,"href":"https:\/\/ljcreate.com\/es\/wp-json\/wp\/v2\/product_cat?post=26877"},{"taxonomy":"product_tag","embeddable":true,"href":"https:\/\/ljcreate.com\/es\/wp-json\/wp\/v2\/product_tag?post=26877"}],"curies":[{"name":"wp","href":"https:\/\/api.w.org\/{rel}","templated":true}]}}