{"id":26875,"date":"2021-08-24T08:09:09","date_gmt":"2021-08-24T13:09:09","guid":{"rendered":"https:\/\/alpha.ljcreate.com\/product\/sin%20categor\u00eda\/electronic-fuel-injection-system-wet-trainer\/"},"modified":"2023-07-07T13:25:32","modified_gmt":"2023-07-07T12:25:32","slug":"electronic-fuel-injection-system-wet-trainer","status":"publish","type":"product","link":"https:\/\/ljcreate.com\/es\/automotive-technology\/electronic-fuel-injection-system-wet-trainer\/","title":{"rendered":"Entrenador del sistema de inyecci\u00f3n electr\u00f3nica de combustible (h\u00famedo)"},"content":{"rendered":"<p>El Entrenador del sistema de inyecci\u00f3n electr\u00f3nica de combustible &#8211; h\u00famedo (767-02) comprende todos los elementos que controlan la relaci\u00f3n aire-combustible y la sincronizaci\u00f3n del encendido, junto con la ECU y todos los sensores asociados al sistema de control. La variaci\u00f3n de la velocidad del motor permitir\u00e1 la medici\u00f3n de par\u00e1metros dentro del sistema que dependen de la velocidad. Esto se logra cambiando la velocidad de rotaci\u00f3n del motor el\u00e9ctrico que impulsa la unidad.<\/p>\n<p>Se trata de un sistema de funcionamiento en mojado e incorpora un dep\u00f3sito de combustible. El sistema tambi\u00e9n incluye una gama de fallas conmutables para capacitaci\u00f3n en diagn\u00f3stico.<\/p>\n<h5>El formador ofrece las siguientes demostraciones pr\u00e1cticas:<\/h5>\n<ul>\n<li>Fundamentos del sistema de gesti\u00f3n del motor<\/li>\n<li>La unidad de control electr\u00f3nico (ECU)<\/li>\n<li>Circuitos y componentes de sensores<\/li>\n<li>Circuitos y componentes de sensores: diagn\u00f3stico de fallas<\/li>\n<li>Circuitos y componentes del actuador<\/li>\n<li>Circuitos y componentes del actuador: diagn\u00f3stico de fallas<\/li>\n<li>Sistemas de control de temperatura del aire de admisi\u00f3n<\/li>\n<li>Sistemas de combustible presurizado<\/li>\n<li>Componentes de inyecci\u00f3n de combustible<\/li>\n<li>Patrones de pulverizaci\u00f3n del inyector de combustible<\/li>\n<li>Autodiagn\u00f3stico y c\u00f3digos de aver\u00eda<\/li>\n<\/ul>\n","protected":false},"excerpt":{"rendered":"<p>El Entrenador del sistema de inyecci\u00f3n electr\u00f3nica de combustible &#8211; h\u00famedo (767-02) comprende todos los elementos que controlan la relaci\u00f3n aire-combustible y la sincronizaci\u00f3n del encendido, junto con la ECU y todos los sensores asociados al sistema de control. La variaci\u00f3n de la velocidad del motor permitir\u00e1 la medici\u00f3n de par\u00e1metros dentro del sistema que&hellip;<\/p>\n","protected":false},"featured_media":58409,"template":"","meta":{"_acf_changed":false,"inline_featured_image":false},"product_brand":[],"product_cat":[59,111,77,128,132,135],"product_tag":[],"class_list":{"0":"post-26875","1":"product","2":"type-product","3":"status-publish","4":"has-post-thumbnail","6":"product_cat-automotive-technology","7":"product_cat-automotive-system-and-component-rigs","8":"product_cat-automotive-technology-uk","9":"product_cat-automotive-system-and-component-rigs-uk","10":"product_cat-automotive-technology-es","11":"product_cat-automotive-system-and-component-rigs-es","13":"first","14":"instock","15":"shipping-taxable","16":"product-type-simple"},"acf":[],"yoast_head":"<!-- This site is optimized with the Yoast SEO plugin v27.1.1 - https:\/\/yoast.com\/product\/yoast-seo-wordpress\/ -->\n<title>Entrenador del sistema de inyecci\u00f3n electr\u00f3nica de combustible (h\u00famedo) | LJ Create<\/title>\n<meta name=\"robots\" content=\"index, follow, max-snippet:-1, max-image-preview:large, max-video-preview:-1\" \/>\n<link rel=\"canonical\" href=\"https:\/\/ljcreate.com\/es\/automotive-technology\/electronic-fuel-injection-system-wet-trainer\/\" \/>\n<meta property=\"og:locale\" content=\"es_ES\" \/>\n<meta property=\"og:type\" content=\"article\" \/>\n<meta property=\"og:title\" content=\"Entrenador del sistema de inyecci\u00f3n electr\u00f3nica de combustible (h\u00famedo) | LJ Create\" \/>\n<meta property=\"og:description\" content=\"El Entrenador del sistema de inyecci\u00f3n electr\u00f3nica de combustible &#8211; h\u00famedo (767-02) comprende todos los elementos que controlan la relaci\u00f3n aire-combustible y la sincronizaci\u00f3n del encendido, junto con la ECU y todos los sensores asociados al sistema de control. La variaci\u00f3n de la velocidad del motor permitir\u00e1 la medici\u00f3n de par\u00e1metros dentro del sistema que&hellip;\" \/>\n<meta property=\"og:url\" content=\"https:\/\/ljcreate.com\/es\/automotive-technology\/electronic-fuel-injection-system-wet-trainer\/\" \/>\n<meta property=\"og:site_name\" content=\"LJ Create\" \/>\n<meta property=\"article:modified_time\" content=\"2023-07-07T12:25:32+00:00\" \/>\n<meta property=\"og:image\" content=\"https:\/\/ljcreate.com\/wp-content\/uploads\/2021\/08\/electronicFuelInjectionSystemWetTrainer.webp\" \/>\n\t<meta property=\"og:image:width\" content=\"1080\" \/>\n\t<meta property=\"og:image:height\" content=\"529\" \/>\n\t<meta property=\"og:image:type\" content=\"image\/webp\" \/>\n<meta name=\"twitter:card\" content=\"summary_large_image\" \/>\n<meta name=\"twitter:label1\" content=\"Tiempo de lectura\" \/>\n\t<meta name=\"twitter:data1\" content=\"1 minuto\" \/>\n<script type=\"application\/ld+json\" class=\"yoast-schema-graph\">{\"@context\":\"https:\/\/schema.org\",\"@graph\":[{\"@type\":\"WebPage\",\"@id\":\"https:\/\/ljcreate.com\/es\/automotive-technology\/electronic-fuel-injection-system-wet-trainer\/\",\"url\":\"https:\/\/ljcreate.com\/es\/automotive-technology\/electronic-fuel-injection-system-wet-trainer\/\",\"name\":\"Entrenador del sistema de inyecci\u00f3n electr\u00f3nica de combustible (h\u00famedo) | LJ Create\",\"isPartOf\":{\"@id\":\"https:\/\/ljcreate.com\/es\/#website\"},\"primaryImageOfPage\":{\"@id\":\"https:\/\/ljcreate.com\/es\/automotive-technology\/electronic-fuel-injection-system-wet-trainer\/#primaryimage\"},\"image\":{\"@id\":\"https:\/\/ljcreate.com\/es\/automotive-technology\/electronic-fuel-injection-system-wet-trainer\/#primaryimage\"},\"thumbnailUrl\":\"https:\/\/ljcreate.com\/wp-content\/uploads\/2021\/08\/electronicFuelInjectionSystemWetTrainer.webp\",\"datePublished\":\"2021-08-24T13:09:09+00:00\",\"dateModified\":\"2023-07-07T12:25:32+00:00\",\"breadcrumb\":{\"@id\":\"https:\/\/ljcreate.com\/es\/automotive-technology\/electronic-fuel-injection-system-wet-trainer\/#breadcrumb\"},\"inLanguage\":\"es\",\"potentialAction\":[{\"@type\":\"ReadAction\",\"target\":[\"https:\/\/ljcreate.com\/es\/automotive-technology\/electronic-fuel-injection-system-wet-trainer\/\"]}]},{\"@type\":\"ImageObject\",\"inLanguage\":\"es\",\"@id\":\"https:\/\/ljcreate.com\/es\/automotive-technology\/electronic-fuel-injection-system-wet-trainer\/#primaryimage\",\"url\":\"https:\/\/ljcreate.com\/wp-content\/uploads\/2021\/08\/electronicFuelInjectionSystemWetTrainer.webp\",\"contentUrl\":\"https:\/\/ljcreate.com\/wp-content\/uploads\/2021\/08\/electronicFuelInjectionSystemWetTrainer.webp\",\"width\":1080,\"height\":529,\"caption\":\"Electronic Fuel Injection System (Wet) Trainer\"},{\"@type\":\"BreadcrumbList\",\"@id\":\"https:\/\/ljcreate.com\/es\/automotive-technology\/electronic-fuel-injection-system-wet-trainer\/#breadcrumb\",\"itemListElement\":[{\"@type\":\"ListItem\",\"position\":1,\"name\":\"Home\",\"item\":\"https:\/\/ljcreate.com\/es\/\"},{\"@type\":\"ListItem\",\"position\":2,\"name\":\"Productos\",\"item\":\"https:\/\/ljcreate.com\/es\/shop\/\"},{\"@type\":\"ListItem\",\"position\":3,\"name\":\"Automotive Technology\",\"item\":\"https:\/\/ljcreate.com\/product-category\/automotive-technology\/\"},{\"@type\":\"ListItem\",\"position\":4,\"name\":\"Entrenador del sistema de inyecci\u00f3n electr\u00f3nica de combustible (h\u00famedo)\"}]},{\"@type\":\"WebSite\",\"@id\":\"https:\/\/ljcreate.com\/es\/#website\",\"url\":\"https:\/\/ljcreate.com\/es\/\",\"name\":\"LJ Create\",\"description\":\"Innovate, Inspire, and Engage\",\"publisher\":{\"@id\":\"https:\/\/ljcreate.com\/es\/#organization\"},\"alternateName\":\"Creative Learning (Norwich) Limited\",\"potentialAction\":[{\"@type\":\"SearchAction\",\"target\":{\"@type\":\"EntryPoint\",\"urlTemplate\":\"https:\/\/ljcreate.com\/es\/?s={search_term_string}\"},\"query-input\":{\"@type\":\"PropertyValueSpecification\",\"valueRequired\":true,\"valueName\":\"search_term_string\"}}],\"inLanguage\":\"es\"},{\"@type\":\"Organization\",\"@id\":\"https:\/\/ljcreate.com\/es\/#organization\",\"name\":\"LJ Create\",\"url\":\"https:\/\/ljcreate.com\/es\/\",\"logo\":{\"@type\":\"ImageObject\",\"inLanguage\":\"es\",\"@id\":\"https:\/\/ljcreate.com\/es\/#\/schema\/logo\/image\/\",\"url\":\"https:\/\/ljcreate.com\/wp-content\/uploads\/2021\/07\/logo.svg\",\"contentUrl\":\"https:\/\/ljcreate.com\/wp-content\/uploads\/2021\/07\/logo.svg\",\"width\":\"1024\",\"height\":\"1024\",\"caption\":\"LJ Create\"},\"image\":{\"@id\":\"https:\/\/ljcreate.com\/es\/#\/schema\/logo\/image\/\"}}]}<\/script>\n<!-- \/ Yoast SEO plugin. -->","yoast_head_json":{"title":"Entrenador del sistema de inyecci\u00f3n electr\u00f3nica de combustible (h\u00famedo) | LJ Create","robots":{"index":"index","follow":"follow","max-snippet":"max-snippet:-1","max-image-preview":"max-image-preview:large","max-video-preview":"max-video-preview:-1"},"canonical":"https:\/\/ljcreate.com\/es\/automotive-technology\/electronic-fuel-injection-system-wet-trainer\/","og_locale":"es_ES","og_type":"article","og_title":"Entrenador del sistema de inyecci\u00f3n electr\u00f3nica de combustible (h\u00famedo) | LJ Create","og_description":"El Entrenador del sistema de inyecci\u00f3n electr\u00f3nica de combustible &#8211; h\u00famedo (767-02) comprende todos los elementos que controlan la relaci\u00f3n aire-combustible y la sincronizaci\u00f3n del encendido, junto con la ECU y todos los sensores asociados al sistema de control. La variaci\u00f3n de la velocidad del motor permitir\u00e1 la medici\u00f3n de par\u00e1metros dentro del sistema que&hellip;","og_url":"https:\/\/ljcreate.com\/es\/automotive-technology\/electronic-fuel-injection-system-wet-trainer\/","og_site_name":"LJ Create","article_modified_time":"2023-07-07T12:25:32+00:00","og_image":[{"width":1080,"height":529,"url":"https:\/\/ljcreate.com\/wp-content\/uploads\/2021\/08\/electronicFuelInjectionSystemWetTrainer.webp","type":"image\/webp"}],"twitter_card":"summary_large_image","twitter_misc":{"Tiempo de lectura":"1 minuto"},"schema":{"@context":"https:\/\/schema.org","@graph":[{"@type":"WebPage","@id":"https:\/\/ljcreate.com\/es\/automotive-technology\/electronic-fuel-injection-system-wet-trainer\/","url":"https:\/\/ljcreate.com\/es\/automotive-technology\/electronic-fuel-injection-system-wet-trainer\/","name":"Entrenador del sistema de inyecci\u00f3n electr\u00f3nica de combustible (h\u00famedo) | LJ Create","isPartOf":{"@id":"https:\/\/ljcreate.com\/es\/#website"},"primaryImageOfPage":{"@id":"https:\/\/ljcreate.com\/es\/automotive-technology\/electronic-fuel-injection-system-wet-trainer\/#primaryimage"},"image":{"@id":"https:\/\/ljcreate.com\/es\/automotive-technology\/electronic-fuel-injection-system-wet-trainer\/#primaryimage"},"thumbnailUrl":"https:\/\/ljcreate.com\/wp-content\/uploads\/2021\/08\/electronicFuelInjectionSystemWetTrainer.webp","datePublished":"2021-08-24T13:09:09+00:00","dateModified":"2023-07-07T12:25:32+00:00","breadcrumb":{"@id":"https:\/\/ljcreate.com\/es\/automotive-technology\/electronic-fuel-injection-system-wet-trainer\/#breadcrumb"},"inLanguage":"es","potentialAction":[{"@type":"ReadAction","target":["https:\/\/ljcreate.com\/es\/automotive-technology\/electronic-fuel-injection-system-wet-trainer\/"]}]},{"@type":"ImageObject","inLanguage":"es","@id":"https:\/\/ljcreate.com\/es\/automotive-technology\/electronic-fuel-injection-system-wet-trainer\/#primaryimage","url":"https:\/\/ljcreate.com\/wp-content\/uploads\/2021\/08\/electronicFuelInjectionSystemWetTrainer.webp","contentUrl":"https:\/\/ljcreate.com\/wp-content\/uploads\/2021\/08\/electronicFuelInjectionSystemWetTrainer.webp","width":1080,"height":529,"caption":"Electronic Fuel Injection System (Wet) Trainer"},{"@type":"BreadcrumbList","@id":"https:\/\/ljcreate.com\/es\/automotive-technology\/electronic-fuel-injection-system-wet-trainer\/#breadcrumb","itemListElement":[{"@type":"ListItem","position":1,"name":"Home","item":"https:\/\/ljcreate.com\/es\/"},{"@type":"ListItem","position":2,"name":"Productos","item":"https:\/\/ljcreate.com\/es\/shop\/"},{"@type":"ListItem","position":3,"name":"Automotive Technology","item":"https:\/\/ljcreate.com\/product-category\/automotive-technology\/"},{"@type":"ListItem","position":4,"name":"Entrenador del sistema de inyecci\u00f3n electr\u00f3nica de combustible (h\u00famedo)"}]},{"@type":"WebSite","@id":"https:\/\/ljcreate.com\/es\/#website","url":"https:\/\/ljcreate.com\/es\/","name":"LJ Create","description":"Innovate, Inspire, and Engage","publisher":{"@id":"https:\/\/ljcreate.com\/es\/#organization"},"alternateName":"Creative Learning (Norwich) Limited","potentialAction":[{"@type":"SearchAction","target":{"@type":"EntryPoint","urlTemplate":"https:\/\/ljcreate.com\/es\/?s={search_term_string}"},"query-input":{"@type":"PropertyValueSpecification","valueRequired":true,"valueName":"search_term_string"}}],"inLanguage":"es"},{"@type":"Organization","@id":"https:\/\/ljcreate.com\/es\/#organization","name":"LJ Create","url":"https:\/\/ljcreate.com\/es\/","logo":{"@type":"ImageObject","inLanguage":"es","@id":"https:\/\/ljcreate.com\/es\/#\/schema\/logo\/image\/","url":"https:\/\/ljcreate.com\/wp-content\/uploads\/2021\/07\/logo.svg","contentUrl":"https:\/\/ljcreate.com\/wp-content\/uploads\/2021\/07\/logo.svg","width":"1024","height":"1024","caption":"LJ Create"},"image":{"@id":"https:\/\/ljcreate.com\/es\/#\/schema\/logo\/image\/"}}]}},"_links":{"self":[{"href":"https:\/\/ljcreate.com\/es\/wp-json\/wp\/v2\/product\/26875","targetHints":{"allow":["GET"]}}],"collection":[{"href":"https:\/\/ljcreate.com\/es\/wp-json\/wp\/v2\/product"}],"about":[{"href":"https:\/\/ljcreate.com\/es\/wp-json\/wp\/v2\/types\/product"}],"wp:featuredmedia":[{"embeddable":true,"href":"https:\/\/ljcreate.com\/es\/wp-json\/wp\/v2\/media\/58409"}],"wp:attachment":[{"href":"https:\/\/ljcreate.com\/es\/wp-json\/wp\/v2\/media?parent=26875"}],"wp:term":[{"taxonomy":"product_brand","embeddable":true,"href":"https:\/\/ljcreate.com\/es\/wp-json\/wp\/v2\/product_brand?post=26875"},{"taxonomy":"product_cat","embeddable":true,"href":"https:\/\/ljcreate.com\/es\/wp-json\/wp\/v2\/product_cat?post=26875"},{"taxonomy":"product_tag","embeddable":true,"href":"https:\/\/ljcreate.com\/es\/wp-json\/wp\/v2\/product_tag?post=26875"}],"curies":[{"name":"wp","href":"https:\/\/api.w.org\/{rel}","templated":true}]}}