{"id":26872,"date":"2021-08-24T08:19:22","date_gmt":"2021-08-24T13:19:22","guid":{"rendered":"https:\/\/alpha.ljcreate.com\/product\/sin%20categor\u00eda\/vehicle-electrical-system-trainer\/"},"modified":"2023-07-07T13:27:00","modified_gmt":"2023-07-07T12:27:00","slug":"vehicle-electrical-system-trainer","status":"publish","type":"product","link":"https:\/\/ljcreate.com\/es\/automotive-technology\/vehicle-electrical-system-trainer\/","title":{"rendered":"Entrenador de sistemas el\u00e9ctricos de veh\u00edculos"},"content":{"rendered":"<p>El entrenador del sistema el\u00e9ctrico del veh\u00edculo (770-01) permite observar el funcionamiento completo de los faros, las luces laterales, las luces de freno, los indicadores y el alternador a trav\u00e9s de un controlador de velocidad.<\/p>\n<h5>Se incluyen los siguientes circuitos y sistemas del veh\u00edculo:<\/h5>\n<ul>\n<li>A partir de<\/li>\n<li>Cargando<\/li>\n<li>Encendido<\/li>\n<li>Encendiendo<\/li>\n<\/ul>\n","protected":false},"excerpt":{"rendered":"<p>El entrenador del sistema el\u00e9ctrico del veh\u00edculo (770-01) permite observar el funcionamiento completo de los faros, las luces laterales, las luces de freno, los indicadores y el alternador a trav\u00e9s de un controlador de velocidad. Se incluyen los siguientes circuitos y sistemas del veh\u00edculo: A partir de Cargando Encendido Encendiendo<\/p>\n","protected":false},"featured_media":58415,"template":"","meta":{"_acf_changed":false,"inline_featured_image":false},"product_brand":[],"product_cat":[59,111,77,128,132,135],"product_tag":[],"class_list":{"0":"post-26872","1":"product","2":"type-product","3":"status-publish","4":"has-post-thumbnail","6":"product_cat-automotive-technology","7":"product_cat-automotive-system-and-component-rigs","8":"product_cat-automotive-technology-uk","9":"product_cat-automotive-system-and-component-rigs-uk","10":"product_cat-automotive-technology-es","11":"product_cat-automotive-system-and-component-rigs-es","13":"first","14":"instock","15":"shipping-taxable","16":"product-type-simple"},"acf":[],"yoast_head":"<!-- This site is optimized with the Yoast SEO plugin v27.1.1 - https:\/\/yoast.com\/product\/yoast-seo-wordpress\/ -->\n<title>Entrenador de sistemas el\u00e9ctricos de veh\u00edculos | LJ Create<\/title>\n<meta name=\"robots\" content=\"index, follow, max-snippet:-1, max-image-preview:large, max-video-preview:-1\" \/>\n<link rel=\"canonical\" href=\"https:\/\/ljcreate.com\/es\/automotive-technology\/vehicle-electrical-system-trainer\/\" \/>\n<meta property=\"og:locale\" content=\"es_ES\" \/>\n<meta property=\"og:type\" content=\"article\" \/>\n<meta property=\"og:title\" content=\"Entrenador de sistemas el\u00e9ctricos de veh\u00edculos | LJ Create\" \/>\n<meta property=\"og:description\" content=\"El entrenador del sistema el\u00e9ctrico del veh\u00edculo (770-01) permite observar el funcionamiento completo de los faros, las luces laterales, las luces de freno, los indicadores y el alternador a trav\u00e9s de un controlador de velocidad. Se incluyen los siguientes circuitos y sistemas del veh\u00edculo: A partir de Cargando Encendido Encendiendo\" \/>\n<meta property=\"og:url\" content=\"https:\/\/ljcreate.com\/es\/automotive-technology\/vehicle-electrical-system-trainer\/\" \/>\n<meta property=\"og:site_name\" content=\"LJ Create\" \/>\n<meta property=\"article:modified_time\" content=\"2023-07-07T12:27:00+00:00\" \/>\n<meta property=\"og:image\" content=\"https:\/\/ljcreate.com\/wp-content\/uploads\/2021\/08\/vehicleElectricalSystemTrainer.webp\" \/>\n\t<meta property=\"og:image:width\" content=\"1080\" \/>\n\t<meta property=\"og:image:height\" content=\"529\" \/>\n\t<meta property=\"og:image:type\" content=\"image\/webp\" \/>\n<meta name=\"twitter:card\" content=\"summary_large_image\" \/>\n<meta name=\"twitter:label1\" content=\"Tiempo de lectura\" \/>\n\t<meta name=\"twitter:data1\" content=\"1 minuto\" \/>\n<script type=\"application\/ld+json\" class=\"yoast-schema-graph\">{\"@context\":\"https:\/\/schema.org\",\"@graph\":[{\"@type\":\"WebPage\",\"@id\":\"https:\/\/ljcreate.com\/es\/automotive-technology\/vehicle-electrical-system-trainer\/\",\"url\":\"https:\/\/ljcreate.com\/es\/automotive-technology\/vehicle-electrical-system-trainer\/\",\"name\":\"Entrenador de sistemas el\u00e9ctricos de veh\u00edculos | LJ Create\",\"isPartOf\":{\"@id\":\"https:\/\/ljcreate.com\/es\/#website\"},\"primaryImageOfPage\":{\"@id\":\"https:\/\/ljcreate.com\/es\/automotive-technology\/vehicle-electrical-system-trainer\/#primaryimage\"},\"image\":{\"@id\":\"https:\/\/ljcreate.com\/es\/automotive-technology\/vehicle-electrical-system-trainer\/#primaryimage\"},\"thumbnailUrl\":\"https:\/\/ljcreate.com\/wp-content\/uploads\/2021\/08\/vehicleElectricalSystemTrainer.webp\",\"datePublished\":\"2021-08-24T13:19:22+00:00\",\"dateModified\":\"2023-07-07T12:27:00+00:00\",\"breadcrumb\":{\"@id\":\"https:\/\/ljcreate.com\/es\/automotive-technology\/vehicle-electrical-system-trainer\/#breadcrumb\"},\"inLanguage\":\"es\",\"potentialAction\":[{\"@type\":\"ReadAction\",\"target\":[\"https:\/\/ljcreate.com\/es\/automotive-technology\/vehicle-electrical-system-trainer\/\"]}]},{\"@type\":\"ImageObject\",\"inLanguage\":\"es\",\"@id\":\"https:\/\/ljcreate.com\/es\/automotive-technology\/vehicle-electrical-system-trainer\/#primaryimage\",\"url\":\"https:\/\/ljcreate.com\/wp-content\/uploads\/2021\/08\/vehicleElectricalSystemTrainer.webp\",\"contentUrl\":\"https:\/\/ljcreate.com\/wp-content\/uploads\/2021\/08\/vehicleElectricalSystemTrainer.webp\",\"width\":1080,\"height\":529,\"caption\":\"Vehicle Electrical System Trainer\"},{\"@type\":\"BreadcrumbList\",\"@id\":\"https:\/\/ljcreate.com\/es\/automotive-technology\/vehicle-electrical-system-trainer\/#breadcrumb\",\"itemListElement\":[{\"@type\":\"ListItem\",\"position\":1,\"name\":\"Home\",\"item\":\"https:\/\/ljcreate.com\/es\/\"},{\"@type\":\"ListItem\",\"position\":2,\"name\":\"Productos\",\"item\":\"https:\/\/ljcreate.com\/es\/shop\/\"},{\"@type\":\"ListItem\",\"position\":3,\"name\":\"Automotive Technology\",\"item\":\"https:\/\/ljcreate.com\/product-category\/automotive-technology\/\"},{\"@type\":\"ListItem\",\"position\":4,\"name\":\"Entrenador de sistemas el\u00e9ctricos de veh\u00edculos\"}]},{\"@type\":\"WebSite\",\"@id\":\"https:\/\/ljcreate.com\/es\/#website\",\"url\":\"https:\/\/ljcreate.com\/es\/\",\"name\":\"LJ Create\",\"description\":\"Innovate, Inspire, and Engage\",\"publisher\":{\"@id\":\"https:\/\/ljcreate.com\/es\/#organization\"},\"alternateName\":\"Creative Learning (Norwich) Limited\",\"potentialAction\":[{\"@type\":\"SearchAction\",\"target\":{\"@type\":\"EntryPoint\",\"urlTemplate\":\"https:\/\/ljcreate.com\/es\/?s={search_term_string}\"},\"query-input\":{\"@type\":\"PropertyValueSpecification\",\"valueRequired\":true,\"valueName\":\"search_term_string\"}}],\"inLanguage\":\"es\"},{\"@type\":\"Organization\",\"@id\":\"https:\/\/ljcreate.com\/es\/#organization\",\"name\":\"LJ Create\",\"url\":\"https:\/\/ljcreate.com\/es\/\",\"logo\":{\"@type\":\"ImageObject\",\"inLanguage\":\"es\",\"@id\":\"https:\/\/ljcreate.com\/es\/#\/schema\/logo\/image\/\",\"url\":\"https:\/\/ljcreate.com\/wp-content\/uploads\/2021\/07\/logo.svg\",\"contentUrl\":\"https:\/\/ljcreate.com\/wp-content\/uploads\/2021\/07\/logo.svg\",\"width\":\"1024\",\"height\":\"1024\",\"caption\":\"LJ Create\"},\"image\":{\"@id\":\"https:\/\/ljcreate.com\/es\/#\/schema\/logo\/image\/\"}}]}<\/script>\n<!-- \/ Yoast SEO plugin. -->","yoast_head_json":{"title":"Entrenador de sistemas el\u00e9ctricos de veh\u00edculos | LJ Create","robots":{"index":"index","follow":"follow","max-snippet":"max-snippet:-1","max-image-preview":"max-image-preview:large","max-video-preview":"max-video-preview:-1"},"canonical":"https:\/\/ljcreate.com\/es\/automotive-technology\/vehicle-electrical-system-trainer\/","og_locale":"es_ES","og_type":"article","og_title":"Entrenador de sistemas el\u00e9ctricos de veh\u00edculos | LJ Create","og_description":"El entrenador del sistema el\u00e9ctrico del veh\u00edculo (770-01) permite observar el funcionamiento completo de los faros, las luces laterales, las luces de freno, los indicadores y el alternador a trav\u00e9s de un controlador de velocidad. Se incluyen los siguientes circuitos y sistemas del veh\u00edculo: A partir de Cargando Encendido Encendiendo","og_url":"https:\/\/ljcreate.com\/es\/automotive-technology\/vehicle-electrical-system-trainer\/","og_site_name":"LJ Create","article_modified_time":"2023-07-07T12:27:00+00:00","og_image":[{"width":1080,"height":529,"url":"https:\/\/ljcreate.com\/wp-content\/uploads\/2021\/08\/vehicleElectricalSystemTrainer.webp","type":"image\/webp"}],"twitter_card":"summary_large_image","twitter_misc":{"Tiempo de lectura":"1 minuto"},"schema":{"@context":"https:\/\/schema.org","@graph":[{"@type":"WebPage","@id":"https:\/\/ljcreate.com\/es\/automotive-technology\/vehicle-electrical-system-trainer\/","url":"https:\/\/ljcreate.com\/es\/automotive-technology\/vehicle-electrical-system-trainer\/","name":"Entrenador de sistemas el\u00e9ctricos de veh\u00edculos | LJ Create","isPartOf":{"@id":"https:\/\/ljcreate.com\/es\/#website"},"primaryImageOfPage":{"@id":"https:\/\/ljcreate.com\/es\/automotive-technology\/vehicle-electrical-system-trainer\/#primaryimage"},"image":{"@id":"https:\/\/ljcreate.com\/es\/automotive-technology\/vehicle-electrical-system-trainer\/#primaryimage"},"thumbnailUrl":"https:\/\/ljcreate.com\/wp-content\/uploads\/2021\/08\/vehicleElectricalSystemTrainer.webp","datePublished":"2021-08-24T13:19:22+00:00","dateModified":"2023-07-07T12:27:00+00:00","breadcrumb":{"@id":"https:\/\/ljcreate.com\/es\/automotive-technology\/vehicle-electrical-system-trainer\/#breadcrumb"},"inLanguage":"es","potentialAction":[{"@type":"ReadAction","target":["https:\/\/ljcreate.com\/es\/automotive-technology\/vehicle-electrical-system-trainer\/"]}]},{"@type":"ImageObject","inLanguage":"es","@id":"https:\/\/ljcreate.com\/es\/automotive-technology\/vehicle-electrical-system-trainer\/#primaryimage","url":"https:\/\/ljcreate.com\/wp-content\/uploads\/2021\/08\/vehicleElectricalSystemTrainer.webp","contentUrl":"https:\/\/ljcreate.com\/wp-content\/uploads\/2021\/08\/vehicleElectricalSystemTrainer.webp","width":1080,"height":529,"caption":"Vehicle Electrical System Trainer"},{"@type":"BreadcrumbList","@id":"https:\/\/ljcreate.com\/es\/automotive-technology\/vehicle-electrical-system-trainer\/#breadcrumb","itemListElement":[{"@type":"ListItem","position":1,"name":"Home","item":"https:\/\/ljcreate.com\/es\/"},{"@type":"ListItem","position":2,"name":"Productos","item":"https:\/\/ljcreate.com\/es\/shop\/"},{"@type":"ListItem","position":3,"name":"Automotive Technology","item":"https:\/\/ljcreate.com\/product-category\/automotive-technology\/"},{"@type":"ListItem","position":4,"name":"Entrenador de sistemas el\u00e9ctricos de veh\u00edculos"}]},{"@type":"WebSite","@id":"https:\/\/ljcreate.com\/es\/#website","url":"https:\/\/ljcreate.com\/es\/","name":"LJ Create","description":"Innovate, Inspire, and Engage","publisher":{"@id":"https:\/\/ljcreate.com\/es\/#organization"},"alternateName":"Creative Learning (Norwich) Limited","potentialAction":[{"@type":"SearchAction","target":{"@type":"EntryPoint","urlTemplate":"https:\/\/ljcreate.com\/es\/?s={search_term_string}"},"query-input":{"@type":"PropertyValueSpecification","valueRequired":true,"valueName":"search_term_string"}}],"inLanguage":"es"},{"@type":"Organization","@id":"https:\/\/ljcreate.com\/es\/#organization","name":"LJ Create","url":"https:\/\/ljcreate.com\/es\/","logo":{"@type":"ImageObject","inLanguage":"es","@id":"https:\/\/ljcreate.com\/es\/#\/schema\/logo\/image\/","url":"https:\/\/ljcreate.com\/wp-content\/uploads\/2021\/07\/logo.svg","contentUrl":"https:\/\/ljcreate.com\/wp-content\/uploads\/2021\/07\/logo.svg","width":"1024","height":"1024","caption":"LJ Create"},"image":{"@id":"https:\/\/ljcreate.com\/es\/#\/schema\/logo\/image\/"}}]}},"_links":{"self":[{"href":"https:\/\/ljcreate.com\/es\/wp-json\/wp\/v2\/product\/26872","targetHints":{"allow":["GET"]}}],"collection":[{"href":"https:\/\/ljcreate.com\/es\/wp-json\/wp\/v2\/product"}],"about":[{"href":"https:\/\/ljcreate.com\/es\/wp-json\/wp\/v2\/types\/product"}],"wp:featuredmedia":[{"embeddable":true,"href":"https:\/\/ljcreate.com\/es\/wp-json\/wp\/v2\/media\/58415"}],"wp:attachment":[{"href":"https:\/\/ljcreate.com\/es\/wp-json\/wp\/v2\/media?parent=26872"}],"wp:term":[{"taxonomy":"product_brand","embeddable":true,"href":"https:\/\/ljcreate.com\/es\/wp-json\/wp\/v2\/product_brand?post=26872"},{"taxonomy":"product_cat","embeddable":true,"href":"https:\/\/ljcreate.com\/es\/wp-json\/wp\/v2\/product_cat?post=26872"},{"taxonomy":"product_tag","embeddable":true,"href":"https:\/\/ljcreate.com\/es\/wp-json\/wp\/v2\/product_tag?post=26872"}],"curies":[{"name":"wp","href":"https:\/\/api.w.org\/{rel}","templated":true}]}}