{"id":26871,"date":"2021-08-24T08:24:00","date_gmt":"2021-08-24T13:24:00","guid":{"rendered":"https:\/\/alpha.ljcreate.com\/product\/sin%20categor\u00eda\/hdi-common-rail-fuel-injection-system-trainer-includes-fault-insertion\/"},"modified":"2023-07-07T13:30:08","modified_gmt":"2023-07-07T12:30:08","slug":"hdi-common-rail-fuel-injection-system-trainer","status":"publish","type":"product","link":"https:\/\/ljcreate.com\/es\/automotive-technology\/hdi-common-rail-fuel-injection-system-trainer\/","title":{"rendered":"Entrenador de sistema de inyecci\u00f3n de combustible Common Rail HDI"},"content":{"rendered":"<p>El Entrenador de sistema de inyecci\u00f3n de combustible Common Rail HDI (771-01) comprende todos los elementos que controlan la relaci\u00f3n aire-combustible, los inyectores, la ECU y todos los sensores asociados con el sistema de control. La variaci\u00f3n de la velocidad del motor permite la medici\u00f3n de par\u00e1metros dentro del sistema que dependen de la velocidad. Esto se logra cambiando la velocidad de rotaci\u00f3n del motor el\u00e9ctrico que impulsa la unidad.<\/p>\n<p>Este es un sistema de funcionamiento en seco que utiliza indicadores electr\u00f3nicos para demostrar el funcionamiento del inyector. El sistema tambi\u00e9n incluye una gama de fallas conmutables para capacitaci\u00f3n en diagn\u00f3stico.<\/p>\n","protected":false},"excerpt":{"rendered":"<p>El Entrenador de sistema de inyecci\u00f3n de combustible Common Rail HDI (771-01) comprende todos los elementos que controlan la relaci\u00f3n aire-combustible, los inyectores, la ECU y todos los sensores asociados con el sistema de control. La variaci\u00f3n de la velocidad del motor permite la medici\u00f3n de par\u00e1metros dentro del sistema que dependen de la velocidad.&hellip;<\/p>\n","protected":false},"featured_media":58430,"template":"","meta":{"_acf_changed":false,"inline_featured_image":false},"product_brand":[],"product_cat":[132,135],"product_tag":[],"class_list":{"0":"post-26871","1":"product","2":"type-product","3":"status-publish","4":"has-post-thumbnail","6":"product_cat-automotive-technology-es","7":"product_cat-automotive-system-and-component-rigs-es","9":"first","10":"instock","11":"shipping-taxable","12":"product-type-simple"},"acf":[],"yoast_head":"<!-- This site is optimized with the Yoast SEO plugin v27.1.1 - https:\/\/yoast.com\/product\/yoast-seo-wordpress\/ -->\n<title>Entrenador de sistema de inyecci\u00f3n de combustible Common Rail HDI | LJ Create<\/title>\n<meta name=\"robots\" content=\"index, follow, max-snippet:-1, max-image-preview:large, max-video-preview:-1\" \/>\n<link rel=\"canonical\" href=\"https:\/\/ljcreate.com\/es\/automotive-technology\/hdi-common-rail-fuel-injection-system-trainer\/\" \/>\n<meta property=\"og:locale\" content=\"es_ES\" \/>\n<meta property=\"og:type\" content=\"article\" \/>\n<meta property=\"og:title\" content=\"Entrenador de sistema de inyecci\u00f3n de combustible Common Rail HDI | LJ Create\" \/>\n<meta property=\"og:description\" content=\"El Entrenador de sistema de inyecci\u00f3n de combustible Common Rail HDI (771-01) comprende todos los elementos que controlan la relaci\u00f3n aire-combustible, los inyectores, la ECU y todos los sensores asociados con el sistema de control. La variaci\u00f3n de la velocidad del motor permite la medici\u00f3n de par\u00e1metros dentro del sistema que dependen de la velocidad.&hellip;\" \/>\n<meta property=\"og:url\" content=\"https:\/\/ljcreate.com\/es\/automotive-technology\/hdi-common-rail-fuel-injection-system-trainer\/\" \/>\n<meta property=\"og:site_name\" content=\"LJ Create\" \/>\n<meta property=\"article:modified_time\" content=\"2023-07-07T12:30:08+00:00\" \/>\n<meta property=\"og:image\" content=\"https:\/\/ljcreate.com\/wp-content\/uploads\/2021\/08\/hdiCommonRailFuelInjectionSystemTrainer.webp\" \/>\n\t<meta property=\"og:image:width\" content=\"1080\" \/>\n\t<meta property=\"og:image:height\" content=\"529\" \/>\n\t<meta property=\"og:image:type\" content=\"image\/webp\" \/>\n<meta name=\"twitter:card\" content=\"summary_large_image\" \/>\n<meta name=\"twitter:label1\" content=\"Tiempo de lectura\" \/>\n\t<meta name=\"twitter:data1\" content=\"1 minuto\" \/>\n<script type=\"application\/ld+json\" class=\"yoast-schema-graph\">{\"@context\":\"https:\/\/schema.org\",\"@graph\":[{\"@type\":\"WebPage\",\"@id\":\"https:\/\/ljcreate.com\/es\/automotive-technology\/hdi-common-rail-fuel-injection-system-trainer\/\",\"url\":\"https:\/\/ljcreate.com\/es\/automotive-technology\/hdi-common-rail-fuel-injection-system-trainer\/\",\"name\":\"Entrenador de sistema de inyecci\u00f3n de combustible Common Rail HDI | LJ Create\",\"isPartOf\":{\"@id\":\"https:\/\/ljcreate.com\/es\/#website\"},\"primaryImageOfPage\":{\"@id\":\"https:\/\/ljcreate.com\/es\/automotive-technology\/hdi-common-rail-fuel-injection-system-trainer\/#primaryimage\"},\"image\":{\"@id\":\"https:\/\/ljcreate.com\/es\/automotive-technology\/hdi-common-rail-fuel-injection-system-trainer\/#primaryimage\"},\"thumbnailUrl\":\"https:\/\/ljcreate.com\/wp-content\/uploads\/2021\/08\/hdiCommonRailFuelInjectionSystemTrainer.webp\",\"datePublished\":\"2021-08-24T13:24:00+00:00\",\"dateModified\":\"2023-07-07T12:30:08+00:00\",\"breadcrumb\":{\"@id\":\"https:\/\/ljcreate.com\/es\/automotive-technology\/hdi-common-rail-fuel-injection-system-trainer\/#breadcrumb\"},\"inLanguage\":\"es\",\"potentialAction\":[{\"@type\":\"ReadAction\",\"target\":[\"https:\/\/ljcreate.com\/es\/automotive-technology\/hdi-common-rail-fuel-injection-system-trainer\/\"]}]},{\"@type\":\"ImageObject\",\"inLanguage\":\"es\",\"@id\":\"https:\/\/ljcreate.com\/es\/automotive-technology\/hdi-common-rail-fuel-injection-system-trainer\/#primaryimage\",\"url\":\"https:\/\/ljcreate.com\/wp-content\/uploads\/2021\/08\/hdiCommonRailFuelInjectionSystemTrainer.webp\",\"contentUrl\":\"https:\/\/ljcreate.com\/wp-content\/uploads\/2021\/08\/hdiCommonRailFuelInjectionSystemTrainer.webp\",\"width\":1080,\"height\":529,\"caption\":\"HDI Common Rail Fuel Injection System Trainer\"},{\"@type\":\"BreadcrumbList\",\"@id\":\"https:\/\/ljcreate.com\/es\/automotive-technology\/hdi-common-rail-fuel-injection-system-trainer\/#breadcrumb\",\"itemListElement\":[{\"@type\":\"ListItem\",\"position\":1,\"name\":\"Home\",\"item\":\"https:\/\/ljcreate.com\/es\/\"},{\"@type\":\"ListItem\",\"position\":2,\"name\":\"Productos\",\"item\":\"https:\/\/ljcreate.com\/es\/shop\/\"},{\"@type\":\"ListItem\",\"position\":3,\"name\":\"Tecnolog\u00eda automotriz\",\"item\":\"https:\/\/ljcreate.com\/es\/product-category\/automotive-technology-es\/\"},{\"@type\":\"ListItem\",\"position\":4,\"name\":\"Entrenador de sistema de inyecci\u00f3n de combustible Common Rail HDI\"}]},{\"@type\":\"WebSite\",\"@id\":\"https:\/\/ljcreate.com\/es\/#website\",\"url\":\"https:\/\/ljcreate.com\/es\/\",\"name\":\"LJ Create\",\"description\":\"Innovate, Inspire, and Engage\",\"publisher\":{\"@id\":\"https:\/\/ljcreate.com\/es\/#organization\"},\"alternateName\":\"Creative Learning (Norwich) Limited\",\"potentialAction\":[{\"@type\":\"SearchAction\",\"target\":{\"@type\":\"EntryPoint\",\"urlTemplate\":\"https:\/\/ljcreate.com\/es\/?s={search_term_string}\"},\"query-input\":{\"@type\":\"PropertyValueSpecification\",\"valueRequired\":true,\"valueName\":\"search_term_string\"}}],\"inLanguage\":\"es\"},{\"@type\":\"Organization\",\"@id\":\"https:\/\/ljcreate.com\/es\/#organization\",\"name\":\"LJ Create\",\"url\":\"https:\/\/ljcreate.com\/es\/\",\"logo\":{\"@type\":\"ImageObject\",\"inLanguage\":\"es\",\"@id\":\"https:\/\/ljcreate.com\/es\/#\/schema\/logo\/image\/\",\"url\":\"https:\/\/ljcreate.com\/wp-content\/uploads\/2021\/07\/logo.svg\",\"contentUrl\":\"https:\/\/ljcreate.com\/wp-content\/uploads\/2021\/07\/logo.svg\",\"width\":\"1024\",\"height\":\"1024\",\"caption\":\"LJ Create\"},\"image\":{\"@id\":\"https:\/\/ljcreate.com\/es\/#\/schema\/logo\/image\/\"}}]}<\/script>\n<!-- \/ Yoast SEO plugin. -->","yoast_head_json":{"title":"Entrenador de sistema de inyecci\u00f3n de combustible Common Rail HDI | LJ Create","robots":{"index":"index","follow":"follow","max-snippet":"max-snippet:-1","max-image-preview":"max-image-preview:large","max-video-preview":"max-video-preview:-1"},"canonical":"https:\/\/ljcreate.com\/es\/automotive-technology\/hdi-common-rail-fuel-injection-system-trainer\/","og_locale":"es_ES","og_type":"article","og_title":"Entrenador de sistema de inyecci\u00f3n de combustible Common Rail HDI | LJ Create","og_description":"El Entrenador de sistema de inyecci\u00f3n de combustible Common Rail HDI (771-01) comprende todos los elementos que controlan la relaci\u00f3n aire-combustible, los inyectores, la ECU y todos los sensores asociados con el sistema de control. La variaci\u00f3n de la velocidad del motor permite la medici\u00f3n de par\u00e1metros dentro del sistema que dependen de la velocidad.&hellip;","og_url":"https:\/\/ljcreate.com\/es\/automotive-technology\/hdi-common-rail-fuel-injection-system-trainer\/","og_site_name":"LJ Create","article_modified_time":"2023-07-07T12:30:08+00:00","og_image":[{"width":1080,"height":529,"url":"https:\/\/ljcreate.com\/wp-content\/uploads\/2021\/08\/hdiCommonRailFuelInjectionSystemTrainer.webp","type":"image\/webp"}],"twitter_card":"summary_large_image","twitter_misc":{"Tiempo de lectura":"1 minuto"},"schema":{"@context":"https:\/\/schema.org","@graph":[{"@type":"WebPage","@id":"https:\/\/ljcreate.com\/es\/automotive-technology\/hdi-common-rail-fuel-injection-system-trainer\/","url":"https:\/\/ljcreate.com\/es\/automotive-technology\/hdi-common-rail-fuel-injection-system-trainer\/","name":"Entrenador de sistema de inyecci\u00f3n de combustible Common Rail HDI | LJ Create","isPartOf":{"@id":"https:\/\/ljcreate.com\/es\/#website"},"primaryImageOfPage":{"@id":"https:\/\/ljcreate.com\/es\/automotive-technology\/hdi-common-rail-fuel-injection-system-trainer\/#primaryimage"},"image":{"@id":"https:\/\/ljcreate.com\/es\/automotive-technology\/hdi-common-rail-fuel-injection-system-trainer\/#primaryimage"},"thumbnailUrl":"https:\/\/ljcreate.com\/wp-content\/uploads\/2021\/08\/hdiCommonRailFuelInjectionSystemTrainer.webp","datePublished":"2021-08-24T13:24:00+00:00","dateModified":"2023-07-07T12:30:08+00:00","breadcrumb":{"@id":"https:\/\/ljcreate.com\/es\/automotive-technology\/hdi-common-rail-fuel-injection-system-trainer\/#breadcrumb"},"inLanguage":"es","potentialAction":[{"@type":"ReadAction","target":["https:\/\/ljcreate.com\/es\/automotive-technology\/hdi-common-rail-fuel-injection-system-trainer\/"]}]},{"@type":"ImageObject","inLanguage":"es","@id":"https:\/\/ljcreate.com\/es\/automotive-technology\/hdi-common-rail-fuel-injection-system-trainer\/#primaryimage","url":"https:\/\/ljcreate.com\/wp-content\/uploads\/2021\/08\/hdiCommonRailFuelInjectionSystemTrainer.webp","contentUrl":"https:\/\/ljcreate.com\/wp-content\/uploads\/2021\/08\/hdiCommonRailFuelInjectionSystemTrainer.webp","width":1080,"height":529,"caption":"HDI Common Rail Fuel Injection System Trainer"},{"@type":"BreadcrumbList","@id":"https:\/\/ljcreate.com\/es\/automotive-technology\/hdi-common-rail-fuel-injection-system-trainer\/#breadcrumb","itemListElement":[{"@type":"ListItem","position":1,"name":"Home","item":"https:\/\/ljcreate.com\/es\/"},{"@type":"ListItem","position":2,"name":"Productos","item":"https:\/\/ljcreate.com\/es\/shop\/"},{"@type":"ListItem","position":3,"name":"Tecnolog\u00eda automotriz","item":"https:\/\/ljcreate.com\/es\/product-category\/automotive-technology-es\/"},{"@type":"ListItem","position":4,"name":"Entrenador de sistema de inyecci\u00f3n de combustible Common Rail HDI"}]},{"@type":"WebSite","@id":"https:\/\/ljcreate.com\/es\/#website","url":"https:\/\/ljcreate.com\/es\/","name":"LJ Create","description":"Innovate, Inspire, and Engage","publisher":{"@id":"https:\/\/ljcreate.com\/es\/#organization"},"alternateName":"Creative Learning (Norwich) Limited","potentialAction":[{"@type":"SearchAction","target":{"@type":"EntryPoint","urlTemplate":"https:\/\/ljcreate.com\/es\/?s={search_term_string}"},"query-input":{"@type":"PropertyValueSpecification","valueRequired":true,"valueName":"search_term_string"}}],"inLanguage":"es"},{"@type":"Organization","@id":"https:\/\/ljcreate.com\/es\/#organization","name":"LJ Create","url":"https:\/\/ljcreate.com\/es\/","logo":{"@type":"ImageObject","inLanguage":"es","@id":"https:\/\/ljcreate.com\/es\/#\/schema\/logo\/image\/","url":"https:\/\/ljcreate.com\/wp-content\/uploads\/2021\/07\/logo.svg","contentUrl":"https:\/\/ljcreate.com\/wp-content\/uploads\/2021\/07\/logo.svg","width":"1024","height":"1024","caption":"LJ Create"},"image":{"@id":"https:\/\/ljcreate.com\/es\/#\/schema\/logo\/image\/"}}]}},"_links":{"self":[{"href":"https:\/\/ljcreate.com\/es\/wp-json\/wp\/v2\/product\/26871","targetHints":{"allow":["GET"]}}],"collection":[{"href":"https:\/\/ljcreate.com\/es\/wp-json\/wp\/v2\/product"}],"about":[{"href":"https:\/\/ljcreate.com\/es\/wp-json\/wp\/v2\/types\/product"}],"wp:featuredmedia":[{"embeddable":true,"href":"https:\/\/ljcreate.com\/es\/wp-json\/wp\/v2\/media\/58430"}],"wp:attachment":[{"href":"https:\/\/ljcreate.com\/es\/wp-json\/wp\/v2\/media?parent=26871"}],"wp:term":[{"taxonomy":"product_brand","embeddable":true,"href":"https:\/\/ljcreate.com\/es\/wp-json\/wp\/v2\/product_brand?post=26871"},{"taxonomy":"product_cat","embeddable":true,"href":"https:\/\/ljcreate.com\/es\/wp-json\/wp\/v2\/product_cat?post=26871"},{"taxonomy":"product_tag","embeddable":true,"href":"https:\/\/ljcreate.com\/es\/wp-json\/wp\/v2\/product_tag?post=26871"}],"curies":[{"name":"wp","href":"https:\/\/api.w.org\/{rel}","templated":true}]}}