{"id":26868,"date":"2021-08-24T08:38:34","date_gmt":"2021-08-24T13:38:34","guid":{"rendered":"https:\/\/alpha.ljcreate.com\/product\/sin%20categor\u00eda\/industrial-control-teaching-set-includes-290-01-and-290-02-si\/"},"modified":"2023-06-30T14:09:38","modified_gmt":"2023-06-30T13:09:38","slug":"industrial-control-teaching-set-siemens","status":"publish","type":"product","link":"https:\/\/ljcreate.com\/es\/engineering\/industrial-control-teaching-set-siemens\/","title":{"rendered":"Conjunto de ense\u00f1anza de control industrial (Siemens)"},"content":{"rendered":"<p class=\"fl-heading\"><span class=\"fl-heading-text\">Con el Conjunto de ense\u00f1anza de control industrial &#8211; Siemens (290-00\/SI) n<\/span><span class=\"Y2IQFc\" lang=\"es\">osotros t<\/span>ambi\u00e9n incluimos nuestra exclusiva simulaci\u00f3n de software del Instructor de control industrial en el paquete, para ayudar a introducir los conceptos b\u00e1sicos de los PLC y la l\u00f3gica de escalera a un nivel fundamental. Esto permite a toda la clase realizar tareas y actividades de control de PLC simuladas al mismo tiempo. Con este software, grupos de estudiantes crean programas de l\u00f3gica de escalera para controlar dispositivos en el entrenador usando un editor de control l\u00f3gico programable (PLC) basado en gr\u00e1ficos. Estos programas se pueden utilizar para controlar el hardware o el simulador. Usado en este modo, solo se requiere una conexi\u00f3n USB simple para permitir que el software de l\u00f3gica de escalera controle la unidad de hardware. A medida que los estudiantes avanzan en el contenido de aprendizaje, desarrollan habilidades de programaci\u00f3n m\u00e1s complejas y ascienden un nivel para utilizar el PLC Siemens S71200 y el software de programaci\u00f3n Step 7 asociado.<\/p>\n<h5>Los sensores y dispositivos actuadores incluyen:<\/h5>\n<ul>\n<li>Motor de cinta transportadora (control de velocidad y direccional)<\/li>\n<li>2 sensores de rayos infrarrojos<\/li>\n<li>3 v\u00e1lvulas electroneum\u00e1ticas<\/li>\n<li>3 cilindros neum\u00e1ticos de simple efecto<\/li>\n<li>3 sensores de posici\u00f3n de cilindros neum\u00e1ticos<\/li>\n<li>Entrada anal\u00f3gica para control de velocidad del transportador<\/li>\n<li>2 luces indicadoras de estado<\/li>\n<li>2 botones de inicio \/ parada<\/li>\n<li>7 interruptores de entrada de control manual<\/li>\n<li>4 fallas conmutadas<\/li>\n<\/ul>\n<h5>Las \u00e1reas tem\u00e1ticas incluyen:<\/h5>\n<ul>\n<li>Introducci\u00f3n al control industrial y la fabricaci\u00f3n<\/li>\n<li>Controladores industriales<\/li>\n<li>Humano versus m\u00e1quina<\/li>\n<li>L\u00f3gica (Y, O y NO)<\/li>\n<li>Tablas de verdad y l\u00f3gica de pasos<\/li>\n<li>Actuadores de enclavamiento<\/li>\n<li>Contando piezas<\/li>\n<li>Eventos de tiempo<\/li>\n<li>Ancho de la pieza de medici\u00f3n<\/li>\n<li>Resoluci\u00f3n de problemas: clasificaci\u00f3n de piezas<\/li>\n<li>Uso de un PLC est\u00e1ndar de la industria de Siemens para realizar tareas de control avanzadas<\/li>\n<li>Control de la velocidad y la direcci\u00f3n de una cinta transportadora impulsada por un motor de CC<\/li>\n<li>Entradas y salidas de control anal\u00f3gicas<\/li>\n<li>Adaptar un programa de l\u00f3gica de escalera para indicar el ancho de una pieza en un transportador<\/li>\n<li>Creaci\u00f3n de un programa que clasificar\u00e1 autom\u00e1ticamente las piezas seg\u00fan su ancho.<\/li>\n<li>Depurar y ejecutar programas de control en un PLC Siemens remoto<\/li>\n<li>Soluci\u00f3n de problemas de un sistema de control industrial<\/li>\n<li>Uso del software de programaci\u00f3n remota Siemens Step 7<\/li>\n<li>Descarga de programas de control a un PLC Siemens remoto<\/li>\n<\/ul>\n<h5>Elementos incluidos:<\/h5>\n<ul>\n<li>Instructor de control industrial (290-01)<\/li>\n<li>Compresor de aire manual<\/li>\n<li>1 x PLC Siemens y 1 x Licencia de software Step 7 (290-02 \/ SI)<\/li>\n<li>Fuente de alimentaci\u00f3n, cable USB y cable de comunicaci\u00f3n Ethernet<\/li>\n<li>Disco del plan de estudios<\/li>\n<\/ul>\n<h5>VIDEO DEL PRODUCTO<\/h5>\n<p>Obtenga m\u00e1s informaci\u00f3n sobre nuestro conjunto did\u00e1ctico de control industrial<\/p>\n<div style=\"padding: 56.25% 0 0 0; position: relative;\"><iframe style=\"position: absolute; top: 0; left: 0; width: 100%; height: 100%;\" data-src=\"https:\/\/player.vimeo.com\/video\/317455465?h=fc770ee6b1&amp;color=f15c23&amp;title=0&amp;byline=0&amp;portrait=0\" frameborder=\"0\" allowfullscreen=\"allowfullscreen\" src=\"data:image\/svg+xml;base64,PHN2ZyB3aWR0aD0iMSIgaGVpZ2h0PSIxIiB4bWxucz0iaHR0cDovL3d3dy53My5vcmcvMjAwMC9zdmciPjwvc3ZnPg==\" class=\"lazyload\" data-load-mode=\"1\"><\/iframe><\/div>\n<p><script src=\"https:\/\/player.vimeo.com\/api\/player.js\"><\/script><\/p>\n","protected":false},"excerpt":{"rendered":"<p>Con el Conjunto de ense\u00f1anza de control industrial &#8211; Siemens (290-00\/SI) nosotros tambi\u00e9n incluimos nuestra exclusiva simulaci\u00f3n de software del Instructor de control industrial en el paquete, para ayudar a introducir los conceptos b\u00e1sicos de los PLC y la l\u00f3gica de escalera a un nivel fundamental. Esto permite a toda la clase realizar tareas y&hellip;<\/p>\n","protected":false},"featured_media":31547,"template":"","meta":{"_acf_changed":false,"inline_featured_image":false},"product_brand":[],"product_cat":[58,104,80,122,138,145,57,98],"product_tag":[],"class_list":{"0":"post-26868","1":"product","2":"type-product","3":"status-publish","4":"has-post-thumbnail","6":"product_cat-engineering","7":"product_cat-industrial-control-systems-trainers-2","8":"product_cat-engineering-uk","9":"product_cat-industrial-control-systems-trainers-uk","10":"product_cat-engineering-es","11":"product_cat-industrial-control-systems-trainers-es","12":"product_cat-stem-career-exploration","13":"product_cat-industrial-control-systems-trainers","15":"first","16":"instock","17":"shipping-taxable","18":"product-type-simple"},"acf":[],"yoast_head":"<!-- This site is optimized with the Yoast SEO plugin v27.3 - https:\/\/yoast.com\/product\/yoast-seo-wordpress\/ -->\n<title>Conjunto de ense\u00f1anza de control industrial (Siemens) | LJ Create<\/title>\n<meta name=\"robots\" content=\"index, follow, max-snippet:-1, max-image-preview:large, max-video-preview:-1\" \/>\n<link rel=\"canonical\" href=\"https:\/\/ljcreate.com\/es\/engineering\/industrial-control-teaching-set-siemens\/\" \/>\n<meta property=\"og:locale\" content=\"es_ES\" \/>\n<meta property=\"og:type\" content=\"article\" \/>\n<meta property=\"og:title\" content=\"Conjunto de ense\u00f1anza de control industrial (Siemens) | LJ Create\" \/>\n<meta property=\"og:description\" content=\"Con el Conjunto de ense\u00f1anza de control industrial &#8211; Siemens (290-00\/SI) nosotros tambi\u00e9n incluimos nuestra exclusiva simulaci\u00f3n de software del Instructor de control industrial en el paquete, para ayudar a introducir los conceptos b\u00e1sicos de los PLC y la l\u00f3gica de escalera a un nivel fundamental. Esto permite a toda la clase realizar tareas y&hellip;\" \/>\n<meta property=\"og:url\" content=\"https:\/\/ljcreate.com\/es\/engineering\/industrial-control-teaching-set-siemens\/\" \/>\n<meta property=\"og:site_name\" content=\"LJ Create\" \/>\n<meta property=\"article:modified_time\" content=\"2023-06-30T13:09:38+00:00\" \/>\n<meta property=\"og:image\" content=\"https:\/\/ljcreate.com\/wp-content\/uploads\/2021\/08\/industrialControlTeachingSet.webp\" \/>\n\t<meta property=\"og:image:width\" content=\"1080\" \/>\n\t<meta property=\"og:image:height\" content=\"529\" \/>\n\t<meta property=\"og:image:type\" content=\"image\/webp\" \/>\n<meta name=\"twitter:card\" content=\"summary_large_image\" \/>\n<meta name=\"twitter:label1\" content=\"Tiempo de lectura\" \/>\n\t<meta name=\"twitter:data1\" content=\"2 minutos\" \/>\n<script type=\"application\/ld+json\" class=\"yoast-schema-graph\">{\"@context\":\"https:\\\/\\\/schema.org\",\"@graph\":[{\"@type\":\"WebPage\",\"@id\":\"https:\\\/\\\/ljcreate.com\\\/es\\\/engineering\\\/industrial-control-teaching-set-siemens\\\/\",\"url\":\"https:\\\/\\\/ljcreate.com\\\/es\\\/engineering\\\/industrial-control-teaching-set-siemens\\\/\",\"name\":\"Conjunto de ense\u00f1anza de control industrial (Siemens) | LJ Create\",\"isPartOf\":{\"@id\":\"https:\\\/\\\/ljcreate.com\\\/es\\\/#website\"},\"primaryImageOfPage\":{\"@id\":\"https:\\\/\\\/ljcreate.com\\\/es\\\/engineering\\\/industrial-control-teaching-set-siemens\\\/#primaryimage\"},\"image\":{\"@id\":\"https:\\\/\\\/ljcreate.com\\\/es\\\/engineering\\\/industrial-control-teaching-set-siemens\\\/#primaryimage\"},\"thumbnailUrl\":\"https:\\\/\\\/ljcreate.com\\\/wp-content\\\/uploads\\\/2021\\\/08\\\/industrialControlTeachingSet.webp\",\"datePublished\":\"2021-08-24T13:38:34+00:00\",\"dateModified\":\"2023-06-30T13:09:38+00:00\",\"breadcrumb\":{\"@id\":\"https:\\\/\\\/ljcreate.com\\\/es\\\/engineering\\\/industrial-control-teaching-set-siemens\\\/#breadcrumb\"},\"inLanguage\":\"es\",\"potentialAction\":[{\"@type\":\"ReadAction\",\"target\":[\"https:\\\/\\\/ljcreate.com\\\/es\\\/engineering\\\/industrial-control-teaching-set-siemens\\\/\"]}]},{\"@type\":\"ImageObject\",\"inLanguage\":\"es\",\"@id\":\"https:\\\/\\\/ljcreate.com\\\/es\\\/engineering\\\/industrial-control-teaching-set-siemens\\\/#primaryimage\",\"url\":\"https:\\\/\\\/ljcreate.com\\\/wp-content\\\/uploads\\\/2021\\\/08\\\/industrialControlTeachingSet.webp\",\"contentUrl\":\"https:\\\/\\\/ljcreate.com\\\/wp-content\\\/uploads\\\/2021\\\/08\\\/industrialControlTeachingSet.webp\",\"width\":1080,\"height\":529,\"caption\":\"Industrial Control Teaching Set\"},{\"@type\":\"BreadcrumbList\",\"@id\":\"https:\\\/\\\/ljcreate.com\\\/es\\\/engineering\\\/industrial-control-teaching-set-siemens\\\/#breadcrumb\",\"itemListElement\":[{\"@type\":\"ListItem\",\"position\":1,\"name\":\"Home\",\"item\":\"https:\\\/\\\/ljcreate.com\\\/es\\\/\"},{\"@type\":\"ListItem\",\"position\":2,\"name\":\"Productos\",\"item\":\"https:\\\/\\\/ljcreate.com\\\/es\\\/shop\\\/\"},{\"@type\":\"ListItem\",\"position\":3,\"name\":\"Engineering\",\"item\":\"https:\\\/\\\/ljcreate.com\\\/uk\\\/product-category\\\/engineering\\\/\"},{\"@type\":\"ListItem\",\"position\":4,\"name\":\"Conjunto de ense\u00f1anza de control industrial (Siemens)\"}]},{\"@type\":\"WebSite\",\"@id\":\"https:\\\/\\\/ljcreate.com\\\/es\\\/#website\",\"url\":\"https:\\\/\\\/ljcreate.com\\\/es\\\/\",\"name\":\"LJ Create\",\"description\":\"Innovate, Inspire, and Engage\",\"publisher\":{\"@id\":\"https:\\\/\\\/ljcreate.com\\\/es\\\/#organization\"},\"alternateName\":\"Creative Learning (Norwich) Limited\",\"potentialAction\":[{\"@type\":\"SearchAction\",\"target\":{\"@type\":\"EntryPoint\",\"urlTemplate\":\"https:\\\/\\\/ljcreate.com\\\/es\\\/?s={search_term_string}\"},\"query-input\":{\"@type\":\"PropertyValueSpecification\",\"valueRequired\":true,\"valueName\":\"search_term_string\"}}],\"inLanguage\":\"es\"},{\"@type\":\"Organization\",\"@id\":\"https:\\\/\\\/ljcreate.com\\\/es\\\/#organization\",\"name\":\"LJ Create\",\"url\":\"https:\\\/\\\/ljcreate.com\\\/es\\\/\",\"logo\":{\"@type\":\"ImageObject\",\"inLanguage\":\"es\",\"@id\":\"https:\\\/\\\/ljcreate.com\\\/es\\\/#\\\/schema\\\/logo\\\/image\\\/\",\"url\":\"https:\\\/\\\/ljcreate.com\\\/wp-content\\\/uploads\\\/2021\\\/07\\\/logo.svg\",\"contentUrl\":\"https:\\\/\\\/ljcreate.com\\\/wp-content\\\/uploads\\\/2021\\\/07\\\/logo.svg\",\"width\":\"1024\",\"height\":\"1024\",\"caption\":\"LJ Create\"},\"image\":{\"@id\":\"https:\\\/\\\/ljcreate.com\\\/es\\\/#\\\/schema\\\/logo\\\/image\\\/\"}}]}<\/script>\n<!-- \/ Yoast SEO plugin. -->","yoast_head_json":{"title":"Conjunto de ense\u00f1anza de control industrial (Siemens) | LJ Create","robots":{"index":"index","follow":"follow","max-snippet":"max-snippet:-1","max-image-preview":"max-image-preview:large","max-video-preview":"max-video-preview:-1"},"canonical":"https:\/\/ljcreate.com\/es\/engineering\/industrial-control-teaching-set-siemens\/","og_locale":"es_ES","og_type":"article","og_title":"Conjunto de ense\u00f1anza de control industrial (Siemens) | LJ Create","og_description":"Con el Conjunto de ense\u00f1anza de control industrial &#8211; Siemens (290-00\/SI) nosotros tambi\u00e9n incluimos nuestra exclusiva simulaci\u00f3n de software del Instructor de control industrial en el paquete, para ayudar a introducir los conceptos b\u00e1sicos de los PLC y la l\u00f3gica de escalera a un nivel fundamental. Esto permite a toda la clase realizar tareas y&hellip;","og_url":"https:\/\/ljcreate.com\/es\/engineering\/industrial-control-teaching-set-siemens\/","og_site_name":"LJ Create","article_modified_time":"2023-06-30T13:09:38+00:00","og_image":[{"width":1080,"height":529,"url":"https:\/\/ljcreate.com\/wp-content\/uploads\/2021\/08\/industrialControlTeachingSet.webp","type":"image\/webp"}],"twitter_card":"summary_large_image","twitter_misc":{"Tiempo de lectura":"2 minutos"},"schema":{"@context":"https:\/\/schema.org","@graph":[{"@type":"WebPage","@id":"https:\/\/ljcreate.com\/es\/engineering\/industrial-control-teaching-set-siemens\/","url":"https:\/\/ljcreate.com\/es\/engineering\/industrial-control-teaching-set-siemens\/","name":"Conjunto de ense\u00f1anza de control industrial (Siemens) | LJ Create","isPartOf":{"@id":"https:\/\/ljcreate.com\/es\/#website"},"primaryImageOfPage":{"@id":"https:\/\/ljcreate.com\/es\/engineering\/industrial-control-teaching-set-siemens\/#primaryimage"},"image":{"@id":"https:\/\/ljcreate.com\/es\/engineering\/industrial-control-teaching-set-siemens\/#primaryimage"},"thumbnailUrl":"https:\/\/ljcreate.com\/wp-content\/uploads\/2021\/08\/industrialControlTeachingSet.webp","datePublished":"2021-08-24T13:38:34+00:00","dateModified":"2023-06-30T13:09:38+00:00","breadcrumb":{"@id":"https:\/\/ljcreate.com\/es\/engineering\/industrial-control-teaching-set-siemens\/#breadcrumb"},"inLanguage":"es","potentialAction":[{"@type":"ReadAction","target":["https:\/\/ljcreate.com\/es\/engineering\/industrial-control-teaching-set-siemens\/"]}]},{"@type":"ImageObject","inLanguage":"es","@id":"https:\/\/ljcreate.com\/es\/engineering\/industrial-control-teaching-set-siemens\/#primaryimage","url":"https:\/\/ljcreate.com\/wp-content\/uploads\/2021\/08\/industrialControlTeachingSet.webp","contentUrl":"https:\/\/ljcreate.com\/wp-content\/uploads\/2021\/08\/industrialControlTeachingSet.webp","width":1080,"height":529,"caption":"Industrial Control Teaching Set"},{"@type":"BreadcrumbList","@id":"https:\/\/ljcreate.com\/es\/engineering\/industrial-control-teaching-set-siemens\/#breadcrumb","itemListElement":[{"@type":"ListItem","position":1,"name":"Home","item":"https:\/\/ljcreate.com\/es\/"},{"@type":"ListItem","position":2,"name":"Productos","item":"https:\/\/ljcreate.com\/es\/shop\/"},{"@type":"ListItem","position":3,"name":"Engineering","item":"https:\/\/ljcreate.com\/uk\/product-category\/engineering\/"},{"@type":"ListItem","position":4,"name":"Conjunto de ense\u00f1anza de control industrial (Siemens)"}]},{"@type":"WebSite","@id":"https:\/\/ljcreate.com\/es\/#website","url":"https:\/\/ljcreate.com\/es\/","name":"LJ Create","description":"Innovate, Inspire, and Engage","publisher":{"@id":"https:\/\/ljcreate.com\/es\/#organization"},"alternateName":"Creative Learning (Norwich) Limited","potentialAction":[{"@type":"SearchAction","target":{"@type":"EntryPoint","urlTemplate":"https:\/\/ljcreate.com\/es\/?s={search_term_string}"},"query-input":{"@type":"PropertyValueSpecification","valueRequired":true,"valueName":"search_term_string"}}],"inLanguage":"es"},{"@type":"Organization","@id":"https:\/\/ljcreate.com\/es\/#organization","name":"LJ Create","url":"https:\/\/ljcreate.com\/es\/","logo":{"@type":"ImageObject","inLanguage":"es","@id":"https:\/\/ljcreate.com\/es\/#\/schema\/logo\/image\/","url":"https:\/\/ljcreate.com\/wp-content\/uploads\/2021\/07\/logo.svg","contentUrl":"https:\/\/ljcreate.com\/wp-content\/uploads\/2021\/07\/logo.svg","width":"1024","height":"1024","caption":"LJ Create"},"image":{"@id":"https:\/\/ljcreate.com\/es\/#\/schema\/logo\/image\/"}}]}},"_links":{"self":[{"href":"https:\/\/ljcreate.com\/es\/wp-json\/wp\/v2\/product\/26868","targetHints":{"allow":["GET"]}}],"collection":[{"href":"https:\/\/ljcreate.com\/es\/wp-json\/wp\/v2\/product"}],"about":[{"href":"https:\/\/ljcreate.com\/es\/wp-json\/wp\/v2\/types\/product"}],"wp:featuredmedia":[{"embeddable":true,"href":"https:\/\/ljcreate.com\/es\/wp-json\/wp\/v2\/media\/31547"}],"wp:attachment":[{"href":"https:\/\/ljcreate.com\/es\/wp-json\/wp\/v2\/media?parent=26868"}],"wp:term":[{"taxonomy":"product_brand","embeddable":true,"href":"https:\/\/ljcreate.com\/es\/wp-json\/wp\/v2\/product_brand?post=26868"},{"taxonomy":"product_cat","embeddable":true,"href":"https:\/\/ljcreate.com\/es\/wp-json\/wp\/v2\/product_cat?post=26868"},{"taxonomy":"product_tag","embeddable":true,"href":"https:\/\/ljcreate.com\/es\/wp-json\/wp\/v2\/product_tag?post=26868"}],"curies":[{"name":"wp","href":"https:\/\/api.w.org\/{rel}","templated":true}]}}